{"id":10867,"date":"2018-01-06T11:25:37","date_gmt":"2018-01-06T09:25:37","guid":{"rendered":"https:\/\/www.amper-aufsperrdienst.de\/schluesseldienst-muenchen-partnachplatz\/"},"modified":"2026-01-28T03:57:28","modified_gmt":"2026-01-28T01:57:28","slug":"locksmith-munich-partnachplatz","status":"publish","type":"page","link":"https:\/\/www.amper-aufsperrdienst.de\/en\/locksmith-munich-partnachplatz\/","title":{"rendered":"Locksmith Munich Partnachplatz"},"content":{"rendered":"<p><img loading=\"lazy\" decoding=\"async\" class=\"alignleft\" style=\"margin-bottom: 5px !important;\" src=\"https:\/\/www.amper-aufsperrdienst.de\/wp-content\/uploads\/2021\/03\/schluesseldienst-muenchen-partnachplatz-festpreis-ab-52-siegel.jpg\" alt=\"Amper Locksmith Opening Service muenchen-partnachplatz with fixed price from 52,- EUR\" width=\"250\" height=\"250\" \/><\/p>\n<p>Is your apartment located at or near Sendlinger Partnachplatz, but you just can&#8217;t unlock the apartment door because you&#8217;re missing your key? Did you just take a short walk in Westpark when you lost your key and now can&#8217;t get into your apartment? Or did you leave your key ring somewhere at work, or even in a hotel room abroad?<\/p>\n<p>Something like this can certainly happen. But panicking is definitely not the solution here! Instead, call the experienced and competent Amper Locksmith Service, who can help you with a non-destructive door opening at a fixed price. Our emergency number is available at all times and free of charge. Our average response time is usually no longer than about 30 minutes.<\/p>\n          <!-- tarif -->\n<h2><b><span style=\"vertical-align: inherit;\"><span style=\"vertical-align: inherit;\">Our binding fixed prices start from \u20ac52.<\/span><\/span><\/b><\/h2>\n<p>Amper Locksmith Service is a fair locksmith service with transparent fixed prices:<\/p>\n<div class=\"table-title\">\n\tPRICE LIST  UNLOCK\n<\/div>\n<!-- Table part-->\n<table class=\"table\">\n  <thead class=\"header\">\n\t  <tr>\n     \t <th scope=\"col\">Time<\/th>\n     \t <th scope=\"col\">8 - 18<\/th>\n     \t <th scope=\"col\">18 - 22<\/th>\n     \t <th scope=\"col\">22 - 8<\/th>\n\t<\/tr>\n  <\/thead>\n  <tbody>\n     \t  <tr class=\"weekdays\">\n     \t  \t  <td class=\"tag\" data-label=\"Time\">Mo - Fr<\/td>\n     \t  \t  <td class=\"hrs tag\" data-label=\"8 - 18\">52,- \u20ac<\/td>\n     \t  \t  <td class=\"tag space\" data-label=\"18 - 22\">82,- \u20ac<\/td>\n     \t  \t  <td data-label=\"22 - 8\">95,- \u20ac<\/td>\n     \t  <\/tr>\n     <tr class=\"weekends\">\n     \t  \t  <td class=\"tag\" data-label=\"Time\">Sa<\/td>\n     \t  \t  <td class=\"tag\" data-label=\"8 - 18\">95,- \u20ac<\/td>\n     \t  \t  <td class=\"tag\" data-label=\"18 - 22\">95,- \u20ac<\/td>\n     \t  \t  <td data-label=\"22 - 8\">125,- \u20ac<\/td>\n     \t  <\/tr>\n     <tr class=\"holidays\">\n     \t  \t  <td class=\"tag\" data-label=\"Time\">So & holiday<\/td>\n     \t  \t  <td class=\"tag\" data-label=\"8 - 18\">125,- \u20ac<\/td>\n     \t  \t  <td class=\"tag\" data-label=\"18 - 22\">125,-\u20ac<\/td>\n     \t  \t  <td data-label=\"22 - 8\">125,-\u20ac<\/td>\n     \t  <\/tr>\n     <\/tbody>\n<\/table>\n<!-- Table Description-->\n<div class=\"table-description\">\n\t<em>Please call to inquire about travel costs.<\/em>\n<\/div>\n<!-- Wordings below -->\n<div class=\"wordings\">\n<p>The prices listed in this table are binding for unlocking a door that has slammed shut or been pulled shut (without self-locking mechanisms). Please feel free to contact us if you would like a price quote for other locksmith services. We will gladly provide you with a transparent, fixed-price offer.<\/p>\n<\/div>\n\n<!-- END Wordings -->\n\n\n\n<div class=\"ansprech\">\n<p>Emergency locksmith Munich Partnachplatz with friendly locksmiths<\/p>\n<h3 class=\"phone mobilesOnly\"><a href=\"tel:+498000131131\">0800 \/ 0 131 131<\/a><\/h3>\n<h3 class=\"phone desktopOnly\">0800 \/ 0 131 131<\/h3>\n<p>Always on duty, free number &amp; fair fixed price<\/p>\n<\/div>\n<h2>The Partnachplatz in the Munich district of Sendling-Westpark<\/h2>\n<p>Partnachplatz is located in the beautiful Munich district of Sendling-Westpark and is named after the Partnach. Directly beneath Partnachplatz is a subway station. The important U6 subway line stops at this station.<\/p>\n<p>The main streets at Partnachplatz, which has numerous shops, markets, and grocery stores, are called Albert-Ro\u00dfhaupter-Stra\u00dfe, Baderseestra\u00dfe, Partnachstra\u00dfe, Sachsenkamstra\u00dfe, and Zillertalstra\u00dfe.<\/p>\n<h2>Locksmith Munich Partnachplatz: fair emergency service with fixed price<\/h2>\n<p>Are you currently looking for a locksmith for the Sendlinger Partnachplatz or for Albert-Ro\u00dfhaupter-Stra\u00dfe, Baderseestra\u00dfe, Partnachstra\u00dfe, Sachsenkamstra\u00dfe, or Zillertalstra\u00dfe? In this case, Amper Locksmith Service is the right partner for you, as it specializes in damage-free door openings at a fixed price. Call us anytime for free and let us provide you with a fair fixed-price offer. Unlike many other &#8216;locksmiths,&#8217; our prices are fixed! After the door has been opened, there are no hidden costs \u2013 guaranteed!<\/p>\n<h2>Damage-free unlocking with professional tools<\/h2>\n<p>It is important to us to always be very precise, focused, and careful at work in order to carry out a damage-free door unlocking. Our locksmiths are all very friendly and competent. Of course, they use only the best professional locksmith tools when opening doors. Only with the right instruments and a lot of know-how can one manage to achieve almost entirely damage-free door openings. In over 99% of door openings, the Amper unlocking service is able to leave no damage to the door or the lock cylinder!<\/p>\n<h2>Also here for you on Sundays and public holidays!<\/h2>\n<p>You locked yourself out at Partnachplatz, and it was on a Sunday or holiday? That\u2019s not too big of a problem! Because the Amper Unlocking Service is a genuine emergency service that knows neither opening hours nor waiting lists. As soon as you hire us, we will get to you as quickly as possible\u2014whether on weekdays, weekends, or holidays! We are simply always there for you when you need a damage-free door unlocking at a fixed, guaranteed price!<\/p>\n<p>Do you want to hire a fast, experienced, and competent locksmith in Munich Partnachplatz for a professional door opening at a fixed price? Feel free to call us! We are available for you around the clock!<\/p>\n<div class=\"ansprech\">\n<p>Emergency locksmith Munich Partnachplatz with friendly locksmiths<\/p>\n<h3 class=\"phone mobilesOnly\"><a href=\"tel:+498000131131\">0800 \/ 0 131 131<\/a><\/h3>\n<h3 class=\"phone desktopOnly\">0800 \/ 0 131 131<\/h3>\n<p>Always on duty, free number &amp; fair fixed price<\/p>\n<\/div>\n","protected":false},"excerpt":{"rendered":"<p>Is your apartment located at or near Sendlinger Partnachplatz, but you just can&#8217;t unlock the apartment door because you&#8217;re missing your key? Did you just take a short walk in Westpark when you lost your key and now can&#8217;t get into your apartment? Or did you leave your key ring somewhere at work, or even [&hellip;]<\/p>\n","protected":false},"author":2,"featured_media":0,"parent":0,"menu_order":0,"comment_status":"closed","ping_status":"closed","template":"","meta":{"footnotes":"","_links_to":"","_links_to_target":""},"class_list":["post-10867","page","type-page","status-publish","hentry"],"yoast_head":"<!-- This site is optimized with the Yoast SEO plugin v27.4 - https:\/\/yoast.com\/product\/yoast-seo-wordpress\/ -->\n<title>Locksmith Munich Partnachplatz: fixed price from 52 EUR<\/title>\n<meta name=\"description\" content=\"Experienced locksmith in Munich Partnachplatz, 3rd generation family business: fast door opening without damage. Fixed price guarantee. Free number. 24-hour emergency service!\" \/>\n<meta name=\"robots\" content=\"index, follow, max-snippet:-1, max-image-preview:large, max-video-preview:-1\" \/>\n<link rel=\"canonical\" href=\"https:\/\/www.amper-aufsperrdienst.de\/en\/locksmith-munich-partnachplatz\/\" \/>\n<meta property=\"og:locale\" content=\"en_US\" \/>\n<meta property=\"og:type\" content=\"article\" \/>\n<meta property=\"og:title\" content=\"Locksmith Munich Partnachplatz: fixed price from 52 EUR\" \/>\n<meta property=\"og:description\" content=\"Experienced locksmith in Munich Partnachplatz, 3rd generation family business: fast door opening without damage. Fixed price guarantee. Free number. 24-hour emergency service!\" \/>\n<meta property=\"og:url\" content=\"https:\/\/www.amper-aufsperrdienst.de\/en\/locksmith-munich-partnachplatz\/\" \/>\n<meta property=\"og:site_name\" content=\"Locksmith for Munich, Dachau and F\u00fcrstenfeldbruck\" \/>\n<meta property=\"article:modified_time\" content=\"2026-01-28T01:57:28+00:00\" \/>\n<meta property=\"og:image\" content=\"https:\/\/www.amper-aufsperrdienst.de\/wp-content\/uploads\/2021\/03\/schluesseldienst-muenchen-partnachplatz-festpreis-ab-52-siegel.jpg\" \/>\n<meta name=\"twitter:label1\" content=\"Est. reading time\" \/>\n\t<meta name=\"twitter:data1\" content=\"4 minutes\" \/>\n<script type=\"application\/ld+json\" class=\"yoast-schema-graph\">{\"@context\":\"https:\\\/\\\/schema.org\",\"@graph\":[{\"@type\":\"WebPage\",\"@id\":\"https:\\\/\\\/www.amper-aufsperrdienst.de\\\/en\\\/locksmith-munich-partnachplatz\\\/\",\"url\":\"https:\\\/\\\/www.amper-aufsperrdienst.de\\\/en\\\/locksmith-munich-partnachplatz\\\/\",\"name\":\"Locksmith Munich Partnachplatz: fixed price from 52 EUR\",\"isPartOf\":{\"@id\":\"https:\\\/\\\/www.amper-aufsperrdienst.de\\\/en\\\/#website\"},\"primaryImageOfPage\":{\"@id\":\"https:\\\/\\\/www.amper-aufsperrdienst.de\\\/en\\\/locksmith-munich-partnachplatz\\\/#primaryimage\"},\"image\":{\"@id\":\"https:\\\/\\\/www.amper-aufsperrdienst.de\\\/en\\\/locksmith-munich-partnachplatz\\\/#primaryimage\"},\"thumbnailUrl\":\"https:\\\/\\\/www.amper-aufsperrdienst.de\\\/wp-content\\\/uploads\\\/2021\\\/03\\\/schluesseldienst-muenchen-partnachplatz-festpreis-ab-52-siegel.jpg\",\"datePublished\":\"2018-01-06T09:25:37+00:00\",\"dateModified\":\"2026-01-28T01:57:28+00:00\",\"description\":\"Experienced locksmith in Munich Partnachplatz, 3rd generation family business: fast door opening without damage. Fixed price guarantee. Free number. 24-hour emergency service!\",\"breadcrumb\":{\"@id\":\"https:\\\/\\\/www.amper-aufsperrdienst.de\\\/en\\\/locksmith-munich-partnachplatz\\\/#breadcrumb\"},\"inLanguage\":\"en-US\",\"potentialAction\":[{\"@type\":\"ReadAction\",\"target\":[\"https:\\\/\\\/www.amper-aufsperrdienst.de\\\/en\\\/locksmith-munich-partnachplatz\\\/\"]}]},{\"@type\":\"ImageObject\",\"inLanguage\":\"en-US\",\"@id\":\"https:\\\/\\\/www.amper-aufsperrdienst.de\\\/en\\\/locksmith-munich-partnachplatz\\\/#primaryimage\",\"url\":\"https:\\\/\\\/www.amper-aufsperrdienst.de\\\/wp-content\\\/uploads\\\/2021\\\/03\\\/schluesseldienst-muenchen-partnachplatz-festpreis-ab-52-siegel.jpg\",\"contentUrl\":\"https:\\\/\\\/www.amper-aufsperrdienst.de\\\/wp-content\\\/uploads\\\/2021\\\/03\\\/schluesseldienst-muenchen-partnachplatz-festpreis-ab-52-siegel.jpg\"},{\"@type\":\"BreadcrumbList\",\"@id\":\"https:\\\/\\\/www.amper-aufsperrdienst.de\\\/en\\\/locksmith-munich-partnachplatz\\\/#breadcrumb\",\"itemListElement\":[{\"@type\":\"ListItem\",\"position\":1,\"name\":\"Home\",\"item\":\"https:\\\/\\\/www.amper-aufsperrdienst.de\\\/en\\\/\"},{\"@type\":\"ListItem\",\"position\":2,\"name\":\"Locksmith Munich Partnachplatz\"}]},{\"@type\":\"WebSite\",\"@id\":\"https:\\\/\\\/www.amper-aufsperrdienst.de\\\/en\\\/#website\",\"url\":\"https:\\\/\\\/www.amper-aufsperrdienst.de\\\/en\\\/\",\"name\":\"Locksmith for Munich, Dachau and F\u00fcrstenfeldbruck\",\"description\":\"Amper Aufsperrdienst\",\"potentialAction\":[{\"@type\":\"SearchAction\",\"target\":{\"@type\":\"EntryPoint\",\"urlTemplate\":\"https:\\\/\\\/www.amper-aufsperrdienst.de\\\/en\\\/?s={search_term_string}\"},\"query-input\":{\"@type\":\"PropertyValueSpecification\",\"valueRequired\":true,\"valueName\":\"search_term_string\"}}],\"inLanguage\":\"en-US\"}]}<\/script>\n<!-- \/ Yoast SEO plugin. -->","yoast_head_json":{"title":"Locksmith Munich Partnachplatz: fixed price from 52 EUR","description":"Experienced locksmith in Munich Partnachplatz, 3rd generation family business: fast door opening without damage. Fixed price guarantee. Free number. 24-hour emergency service!","robots":{"index":"index","follow":"follow","max-snippet":"max-snippet:-1","max-image-preview":"max-image-preview:large","max-video-preview":"max-video-preview:-1"},"canonical":"https:\/\/www.amper-aufsperrdienst.de\/en\/locksmith-munich-partnachplatz\/","og_locale":"en_US","og_type":"article","og_title":"Locksmith Munich Partnachplatz: fixed price from 52 EUR","og_description":"Experienced locksmith in Munich Partnachplatz, 3rd generation family business: fast door opening without damage. Fixed price guarantee. Free number. 24-hour emergency service!","og_url":"https:\/\/www.amper-aufsperrdienst.de\/en\/locksmith-munich-partnachplatz\/","og_site_name":"Locksmith for Munich, Dachau and F\u00fcrstenfeldbruck","article_modified_time":"2026-01-28T01:57:28+00:00","og_image":[{"url":"https:\/\/www.amper-aufsperrdienst.de\/wp-content\/uploads\/2021\/03\/schluesseldienst-muenchen-partnachplatz-festpreis-ab-52-siegel.jpg","type":"","width":"","height":""}],"twitter_misc":{"Est. reading time":"4 minutes"},"schema":{"@context":"https:\/\/schema.org","@graph":[{"@type":"WebPage","@id":"https:\/\/www.amper-aufsperrdienst.de\/en\/locksmith-munich-partnachplatz\/","url":"https:\/\/www.amper-aufsperrdienst.de\/en\/locksmith-munich-partnachplatz\/","name":"Locksmith Munich Partnachplatz: fixed price from 52 EUR","isPartOf":{"@id":"https:\/\/www.amper-aufsperrdienst.de\/en\/#website"},"primaryImageOfPage":{"@id":"https:\/\/www.amper-aufsperrdienst.de\/en\/locksmith-munich-partnachplatz\/#primaryimage"},"image":{"@id":"https:\/\/www.amper-aufsperrdienst.de\/en\/locksmith-munich-partnachplatz\/#primaryimage"},"thumbnailUrl":"https:\/\/www.amper-aufsperrdienst.de\/wp-content\/uploads\/2021\/03\/schluesseldienst-muenchen-partnachplatz-festpreis-ab-52-siegel.jpg","datePublished":"2018-01-06T09:25:37+00:00","dateModified":"2026-01-28T01:57:28+00:00","description":"Experienced locksmith in Munich Partnachplatz, 3rd generation family business: fast door opening without damage. Fixed price guarantee. Free number. 24-hour emergency service!","breadcrumb":{"@id":"https:\/\/www.amper-aufsperrdienst.de\/en\/locksmith-munich-partnachplatz\/#breadcrumb"},"inLanguage":"en-US","potentialAction":[{"@type":"ReadAction","target":["https:\/\/www.amper-aufsperrdienst.de\/en\/locksmith-munich-partnachplatz\/"]}]},{"@type":"ImageObject","inLanguage":"en-US","@id":"https:\/\/www.amper-aufsperrdienst.de\/en\/locksmith-munich-partnachplatz\/#primaryimage","url":"https:\/\/www.amper-aufsperrdienst.de\/wp-content\/uploads\/2021\/03\/schluesseldienst-muenchen-partnachplatz-festpreis-ab-52-siegel.jpg","contentUrl":"https:\/\/www.amper-aufsperrdienst.de\/wp-content\/uploads\/2021\/03\/schluesseldienst-muenchen-partnachplatz-festpreis-ab-52-siegel.jpg"},{"@type":"BreadcrumbList","@id":"https:\/\/www.amper-aufsperrdienst.de\/en\/locksmith-munich-partnachplatz\/#breadcrumb","itemListElement":[{"@type":"ListItem","position":1,"name":"Home","item":"https:\/\/www.amper-aufsperrdienst.de\/en\/"},{"@type":"ListItem","position":2,"name":"Locksmith Munich Partnachplatz"}]},{"@type":"WebSite","@id":"https:\/\/www.amper-aufsperrdienst.de\/en\/#website","url":"https:\/\/www.amper-aufsperrdienst.de\/en\/","name":"Locksmith for Munich, Dachau and F\u00fcrstenfeldbruck","description":"Amper Aufsperrdienst","potentialAction":[{"@type":"SearchAction","target":{"@type":"EntryPoint","urlTemplate":"https:\/\/www.amper-aufsperrdienst.de\/en\/?s={search_term_string}"},"query-input":{"@type":"PropertyValueSpecification","valueRequired":true,"valueName":"search_term_string"}}],"inLanguage":"en-US"}]}},"_links":{"self":[{"href":"https:\/\/www.amper-aufsperrdienst.de\/en\/wp-json\/wp\/v2\/pages\/10867","targetHints":{"allow":["GET"]}}],"collection":[{"href":"https:\/\/www.amper-aufsperrdienst.de\/en\/wp-json\/wp\/v2\/pages"}],"about":[{"href":"https:\/\/www.amper-aufsperrdienst.de\/en\/wp-json\/wp\/v2\/types\/page"}],"author":[{"embeddable":true,"href":"https:\/\/www.amper-aufsperrdienst.de\/en\/wp-json\/wp\/v2\/users\/2"}],"replies":[{"embeddable":true,"href":"https:\/\/www.amper-aufsperrdienst.de\/en\/wp-json\/wp\/v2\/comments?post=10867"}],"version-history":[{"count":2,"href":"https:\/\/www.amper-aufsperrdienst.de\/en\/wp-json\/wp\/v2\/pages\/10867\/revisions"}],"predecessor-version":[{"id":13933,"href":"https:\/\/www.amper-aufsperrdienst.de\/en\/wp-json\/wp\/v2\/pages\/10867\/revisions\/13933"}],"wp:attachment":[{"href":"https:\/\/www.amper-aufsperrdienst.de\/en\/wp-json\/wp\/v2\/media?parent=10867"}],"curies":[{"name":"wp","href":"https:\/\/api.w.org\/{rel}","templated":true}]}}