{"id":10872,"date":"2018-02-28T12:38:19","date_gmt":"2018-02-28T10:38:19","guid":{"rendered":"https:\/\/www.amper-aufsperrdienst.de\/schluesseldienst-muenchen-pfanzeltplatz\/"},"modified":"2026-01-28T03:58:42","modified_gmt":"2026-01-28T01:58:42","slug":"locksmith-munich-pfanzeltplatz","status":"publish","type":"page","link":"https:\/\/www.amper-aufsperrdienst.de\/en\/locksmith-munich-pfanzeltplatz\/","title":{"rendered":"Locksmith Munich Pfanzeltplatz"},"content":{"rendered":"<p><img loading=\"lazy\" decoding=\"async\" class=\"alignleft\" style=\"margin-bottom: 5px !important;\" src=\"https:\/\/www.amper-aufsperrdienst.de\/wp-content\/uploads\/2021\/03\/schluesseldienst-muenchen-pfanzeltplatz-festpreis-ab-52-siegel.jpg\" alt=\"Amper Locksmith Opening Service muenchen-pfanzeltplatz with fixed price from 52,- EUR\" width=\"250\" height=\"250\" \/><\/p>\n<p>Everyday life often means a lot of stress. It&#8217;s no wonder, then, that many people across Germany lock themselves out day after day. Are you one of them? Then our locksmith service Munich Pfanzeltplatz is exactly what you need right now. Our unlocking service is available every day of the year \u2013 around the clock. After you call us for free, we will be at your location in about 30 minutes and open your door without damage and at a fixed price.\/p&gt;<\/p>\n          <!-- tarif -->\n<h2><b><span style=\"vertical-align: inherit;\"><span style=\"vertical-align: inherit;\">Our binding fixed prices start from \u20ac52.<\/span><\/span><\/b><\/h2>\n<p>Amper Locksmith Service is a fair locksmith service with transparent fixed prices:<\/p>\n<div class=\"table-title\">\n\tPRICE LIST  UNLOCK\n<\/div>\n<!-- Table part-->\n<table class=\"table\">\n  <thead class=\"header\">\n\t  <tr>\n     \t <th scope=\"col\">Time<\/th>\n     \t <th scope=\"col\">8 - 18<\/th>\n     \t <th scope=\"col\">18 - 22<\/th>\n     \t <th scope=\"col\">22 - 8<\/th>\n\t<\/tr>\n  <\/thead>\n  <tbody>\n     \t  <tr class=\"weekdays\">\n     \t  \t  <td class=\"tag\" data-label=\"Time\">Mo - Fr<\/td>\n     \t  \t  <td class=\"hrs tag\" data-label=\"8 - 18\">52,- \u20ac<\/td>\n     \t  \t  <td class=\"tag space\" data-label=\"18 - 22\">82,- \u20ac<\/td>\n     \t  \t  <td data-label=\"22 - 8\">95,- \u20ac<\/td>\n     \t  <\/tr>\n     <tr class=\"weekends\">\n     \t  \t  <td class=\"tag\" data-label=\"Time\">Sa<\/td>\n     \t  \t  <td class=\"tag\" data-label=\"8 - 18\">95,- \u20ac<\/td>\n     \t  \t  <td class=\"tag\" data-label=\"18 - 22\">95,- \u20ac<\/td>\n     \t  \t  <td data-label=\"22 - 8\">125,- \u20ac<\/td>\n     \t  <\/tr>\n     <tr class=\"holidays\">\n     \t  \t  <td class=\"tag\" data-label=\"Time\">So & holiday<\/td>\n     \t  \t  <td class=\"tag\" data-label=\"8 - 18\">125,- \u20ac<\/td>\n     \t  \t  <td class=\"tag\" data-label=\"18 - 22\">125,-\u20ac<\/td>\n     \t  \t  <td data-label=\"22 - 8\">125,-\u20ac<\/td>\n     \t  <\/tr>\n     <\/tbody>\n<\/table>\n<!-- Table Description-->\n<div class=\"table-description\">\n\t<em>Please call to inquire about travel costs.<\/em>\n<\/div>\n<!-- Wordings below -->\n<div class=\"wordings\">\n<p>The prices listed in this table are binding for unlocking a door that has slammed shut or been pulled shut (without self-locking mechanisms). Please feel free to contact us if you would like a price quote for other locksmith services. We will gladly provide you with a transparent, fixed-price offer.<\/p>\n<\/div>\n\n<!-- END Wordings -->\n\n\n\n<div class=\"ansprech\">Honest locksmith Munich Pfanzeltplatz with fair fixed prices<br \/>\n<h3 class=\"phone mobilesOnly\"><a href=\"tel:+498000131131\">0800 \/ 0 131 131<\/a><\/h3><h3 class=\"phone desktopOnly\"><a href=\"tel:+498000131131\">0800 \/ 0 131 131<\/a><\/h3>Available every day of the year, around the clock. Free 24-hour emergency number<\/div>\n<h2>Safe and fast door opening around the clock<\/h2>\n<p>When you lock yourself out, you certainly don&#8217;t plan for it. For this reason, it makes no sense for Mario Pichelmaier&#8217;s team to set fixed business hours. After all, we want to be able to provide you with a quick door opening whenever you actually find yourself locked out. As your emergency locksmith service, we are therefore available around the clock \u2013 even on weekends or holidays.<\/p>\n<h2>Locksmith Munich Pfanzeltplatz with fair fixed prices<\/h2>\n<p>The locksmith service in Munich Pfanzeltplatz, led by the team of Mario Pichelmaier, also works with fair flat rates. Therefore, call us for free and tell us about your situation to learn about our flat rates. This way, you won&#8217;t be surprised by excessively high costs in the end and can avoid falling into a cost trap.<\/p>\n<h2>Damage-free openings with special tools<\/h2>\n<p>The Amper Unlocking Service is known as a locksmith service with many years of experience. The team led by Mario Pichelmaier uses only specialized tools for every door opening. This is the reason why we can achieve a success rate of over 99% for closed doors. However, we not only provide quick door openings for you but also offer numerous services in the field of security technology. In this way, we can enhance your safety. Whether professional locks or security analysis: with our help, burglars won\u2019t stand a chance at your place.<\/p>\n<h2>The Pfanzeltplatz in the Munich district of Ramersdorf-Perlach<\/h2>\n<p>Pfanzeltplatz is the former village center of Perlach. Today, Perlach is part of the Munich district of Ramersdorf-Perlach. The square is surrounded by Ottobrunner Stra\u00dfe, Hoch\u00e4ckerstra\u00dfe, and Hofmarkstra\u00dfe. The square itself is still under ensemble protection, and some of the buildings surrounding the square are also listed as historical monuments. The square is named after Martin Pfanzelt, who lived from 1825 to 1912 and served as the priest in Perlach from 1869 to 1912. Every Saturday, an organic market takes place on the square.<\/p>\n<p>The Pfanzeltplatz is traversed by the Hachinger Bach. In the immediate vicinity of the square are also the Catholic parish church of St. Michael, an elementary school, the war memorial, the history fountain, a pub, and a butcher&#8217;s shop. In 1989 and 1990, the square was redesigned. As part of this redesign, all traffic was moved to the other, left side of the stream. This way, pedestrians now have the right side to themselves.<\/p>\n<div class=\"ansprech\">Honest locksmith Munich Pfanzeltplatz with fair fixed prices<br \/>\n<h3 class=\"phone mobilesOnly\"><a href=\"tel:+498000131131\">0800 \/ 0 131 131<\/a><\/h3><h3 class=\"phone desktopOnly\"><a href=\"tel:+498000131131\">0800 \/ 0 131 131<\/a><\/h3>Available every day of the year, around the clock. Free 24-hour emergency number<\/div>\n","protected":false},"excerpt":{"rendered":"<p>Everyday life often means a lot of stress. It&#8217;s no wonder, then, that many people across Germany lock themselves out day after day. Are you one of them? Then our locksmith service Munich Pfanzeltplatz is exactly what you need right now. Our unlocking service is available every day of the year \u2013 around the clock. [&hellip;]<\/p>\n","protected":false},"author":2,"featured_media":0,"parent":0,"menu_order":0,"comment_status":"closed","ping_status":"closed","template":"","meta":{"footnotes":"","_links_to":"","_links_to_target":""},"class_list":["post-10872","page","type-page","status-publish","hentry"],"yoast_head":"<!-- This site is optimized with the Yoast SEO plugin v27.4 - https:\/\/yoast.com\/product\/yoast-seo-wordpress\/ -->\n<title>Locksmith Munich Pfanzeltplatz: fixed price from \u20ac52<\/title>\n<meta name=\"description\" content=\"Experienced and professional locksmith service in Munich Pfanzeltplatz with friendly staff, extensive experience, fixed-price guarantee, and 24\/7 emergency service: Call us anytime for free and hire us for damage-free door opening at a transparent fixed price! We are happy to help you!\" \/>\n<meta name=\"robots\" content=\"index, follow, max-snippet:-1, max-image-preview:large, max-video-preview:-1\" \/>\n<link rel=\"canonical\" href=\"https:\/\/www.amper-aufsperrdienst.de\/en\/locksmith-munich-pfanzeltplatz\/\" \/>\n<meta property=\"og:locale\" content=\"en_US\" \/>\n<meta property=\"og:type\" content=\"article\" \/>\n<meta property=\"og:title\" content=\"Locksmith Munich Pfanzeltplatz: fixed price from \u20ac52\" \/>\n<meta property=\"og:description\" content=\"Experienced and professional locksmith service in Munich Pfanzeltplatz with friendly staff, extensive experience, fixed-price guarantee, and 24\/7 emergency service: Call us anytime for free and hire us for damage-free door opening at a transparent fixed price! We are happy to help you!\" \/>\n<meta property=\"og:url\" content=\"https:\/\/www.amper-aufsperrdienst.de\/en\/locksmith-munich-pfanzeltplatz\/\" \/>\n<meta property=\"og:site_name\" content=\"Locksmith for Munich, Dachau and F\u00fcrstenfeldbruck\" \/>\n<meta property=\"article:modified_time\" content=\"2026-01-28T01:58:42+00:00\" \/>\n<meta property=\"og:image\" content=\"https:\/\/www.amper-aufsperrdienst.de\/wp-content\/uploads\/2021\/03\/schluesseldienst-muenchen-pfanzeltplatz-festpreis-ab-52-siegel.jpg\" \/>\n<meta name=\"twitter:label1\" content=\"Est. reading time\" \/>\n\t<meta name=\"twitter:data1\" content=\"4 minutes\" \/>\n<script type=\"application\/ld+json\" class=\"yoast-schema-graph\">{\"@context\":\"https:\\\/\\\/schema.org\",\"@graph\":[{\"@type\":\"WebPage\",\"@id\":\"https:\\\/\\\/www.amper-aufsperrdienst.de\\\/en\\\/locksmith-munich-pfanzeltplatz\\\/\",\"url\":\"https:\\\/\\\/www.amper-aufsperrdienst.de\\\/en\\\/locksmith-munich-pfanzeltplatz\\\/\",\"name\":\"Locksmith Munich Pfanzeltplatz: fixed price from \u20ac52\",\"isPartOf\":{\"@id\":\"https:\\\/\\\/www.amper-aufsperrdienst.de\\\/en\\\/#website\"},\"primaryImageOfPage\":{\"@id\":\"https:\\\/\\\/www.amper-aufsperrdienst.de\\\/en\\\/locksmith-munich-pfanzeltplatz\\\/#primaryimage\"},\"image\":{\"@id\":\"https:\\\/\\\/www.amper-aufsperrdienst.de\\\/en\\\/locksmith-munich-pfanzeltplatz\\\/#primaryimage\"},\"thumbnailUrl\":\"https:\\\/\\\/www.amper-aufsperrdienst.de\\\/wp-content\\\/uploads\\\/2021\\\/03\\\/schluesseldienst-muenchen-pfanzeltplatz-festpreis-ab-52-siegel.jpg\",\"datePublished\":\"2018-02-28T10:38:19+00:00\",\"dateModified\":\"2026-01-28T01:58:42+00:00\",\"description\":\"Experienced and professional locksmith service in Munich Pfanzeltplatz with friendly staff, extensive experience, fixed-price guarantee, and 24\\\/7 emergency service: Call us anytime for free and hire us for damage-free door opening at a transparent fixed price! We are happy to help you!\",\"breadcrumb\":{\"@id\":\"https:\\\/\\\/www.amper-aufsperrdienst.de\\\/en\\\/locksmith-munich-pfanzeltplatz\\\/#breadcrumb\"},\"inLanguage\":\"en-US\",\"potentialAction\":[{\"@type\":\"ReadAction\",\"target\":[\"https:\\\/\\\/www.amper-aufsperrdienst.de\\\/en\\\/locksmith-munich-pfanzeltplatz\\\/\"]}]},{\"@type\":\"ImageObject\",\"inLanguage\":\"en-US\",\"@id\":\"https:\\\/\\\/www.amper-aufsperrdienst.de\\\/en\\\/locksmith-munich-pfanzeltplatz\\\/#primaryimage\",\"url\":\"https:\\\/\\\/www.amper-aufsperrdienst.de\\\/wp-content\\\/uploads\\\/2021\\\/03\\\/schluesseldienst-muenchen-pfanzeltplatz-festpreis-ab-52-siegel.jpg\",\"contentUrl\":\"https:\\\/\\\/www.amper-aufsperrdienst.de\\\/wp-content\\\/uploads\\\/2021\\\/03\\\/schluesseldienst-muenchen-pfanzeltplatz-festpreis-ab-52-siegel.jpg\"},{\"@type\":\"BreadcrumbList\",\"@id\":\"https:\\\/\\\/www.amper-aufsperrdienst.de\\\/en\\\/locksmith-munich-pfanzeltplatz\\\/#breadcrumb\",\"itemListElement\":[{\"@type\":\"ListItem\",\"position\":1,\"name\":\"Home\",\"item\":\"https:\\\/\\\/www.amper-aufsperrdienst.de\\\/en\\\/\"},{\"@type\":\"ListItem\",\"position\":2,\"name\":\"Locksmith Munich Pfanzeltplatz\"}]},{\"@type\":\"WebSite\",\"@id\":\"https:\\\/\\\/www.amper-aufsperrdienst.de\\\/en\\\/#website\",\"url\":\"https:\\\/\\\/www.amper-aufsperrdienst.de\\\/en\\\/\",\"name\":\"Locksmith for Munich, Dachau and F\u00fcrstenfeldbruck\",\"description\":\"Amper Aufsperrdienst\",\"potentialAction\":[{\"@type\":\"SearchAction\",\"target\":{\"@type\":\"EntryPoint\",\"urlTemplate\":\"https:\\\/\\\/www.amper-aufsperrdienst.de\\\/en\\\/?s={search_term_string}\"},\"query-input\":{\"@type\":\"PropertyValueSpecification\",\"valueRequired\":true,\"valueName\":\"search_term_string\"}}],\"inLanguage\":\"en-US\"}]}<\/script>\n<!-- \/ Yoast SEO plugin. -->","yoast_head_json":{"title":"Locksmith Munich Pfanzeltplatz: fixed price from \u20ac52","description":"Experienced and professional locksmith service in Munich Pfanzeltplatz with friendly staff, extensive experience, fixed-price guarantee, and 24\/7 emergency service: Call us anytime for free and hire us for damage-free door opening at a transparent fixed price! We are happy to help you!","robots":{"index":"index","follow":"follow","max-snippet":"max-snippet:-1","max-image-preview":"max-image-preview:large","max-video-preview":"max-video-preview:-1"},"canonical":"https:\/\/www.amper-aufsperrdienst.de\/en\/locksmith-munich-pfanzeltplatz\/","og_locale":"en_US","og_type":"article","og_title":"Locksmith Munich Pfanzeltplatz: fixed price from \u20ac52","og_description":"Experienced and professional locksmith service in Munich Pfanzeltplatz with friendly staff, extensive experience, fixed-price guarantee, and 24\/7 emergency service: Call us anytime for free and hire us for damage-free door opening at a transparent fixed price! We are happy to help you!","og_url":"https:\/\/www.amper-aufsperrdienst.de\/en\/locksmith-munich-pfanzeltplatz\/","og_site_name":"Locksmith for Munich, Dachau and F\u00fcrstenfeldbruck","article_modified_time":"2026-01-28T01:58:42+00:00","og_image":[{"url":"https:\/\/www.amper-aufsperrdienst.de\/wp-content\/uploads\/2021\/03\/schluesseldienst-muenchen-pfanzeltplatz-festpreis-ab-52-siegel.jpg","type":"","width":"","height":""}],"twitter_misc":{"Est. reading time":"4 minutes"},"schema":{"@context":"https:\/\/schema.org","@graph":[{"@type":"WebPage","@id":"https:\/\/www.amper-aufsperrdienst.de\/en\/locksmith-munich-pfanzeltplatz\/","url":"https:\/\/www.amper-aufsperrdienst.de\/en\/locksmith-munich-pfanzeltplatz\/","name":"Locksmith Munich Pfanzeltplatz: fixed price from \u20ac52","isPartOf":{"@id":"https:\/\/www.amper-aufsperrdienst.de\/en\/#website"},"primaryImageOfPage":{"@id":"https:\/\/www.amper-aufsperrdienst.de\/en\/locksmith-munich-pfanzeltplatz\/#primaryimage"},"image":{"@id":"https:\/\/www.amper-aufsperrdienst.de\/en\/locksmith-munich-pfanzeltplatz\/#primaryimage"},"thumbnailUrl":"https:\/\/www.amper-aufsperrdienst.de\/wp-content\/uploads\/2021\/03\/schluesseldienst-muenchen-pfanzeltplatz-festpreis-ab-52-siegel.jpg","datePublished":"2018-02-28T10:38:19+00:00","dateModified":"2026-01-28T01:58:42+00:00","description":"Experienced and professional locksmith service in Munich Pfanzeltplatz with friendly staff, extensive experience, fixed-price guarantee, and 24\/7 emergency service: Call us anytime for free and hire us for damage-free door opening at a transparent fixed price! We are happy to help you!","breadcrumb":{"@id":"https:\/\/www.amper-aufsperrdienst.de\/en\/locksmith-munich-pfanzeltplatz\/#breadcrumb"},"inLanguage":"en-US","potentialAction":[{"@type":"ReadAction","target":["https:\/\/www.amper-aufsperrdienst.de\/en\/locksmith-munich-pfanzeltplatz\/"]}]},{"@type":"ImageObject","inLanguage":"en-US","@id":"https:\/\/www.amper-aufsperrdienst.de\/en\/locksmith-munich-pfanzeltplatz\/#primaryimage","url":"https:\/\/www.amper-aufsperrdienst.de\/wp-content\/uploads\/2021\/03\/schluesseldienst-muenchen-pfanzeltplatz-festpreis-ab-52-siegel.jpg","contentUrl":"https:\/\/www.amper-aufsperrdienst.de\/wp-content\/uploads\/2021\/03\/schluesseldienst-muenchen-pfanzeltplatz-festpreis-ab-52-siegel.jpg"},{"@type":"BreadcrumbList","@id":"https:\/\/www.amper-aufsperrdienst.de\/en\/locksmith-munich-pfanzeltplatz\/#breadcrumb","itemListElement":[{"@type":"ListItem","position":1,"name":"Home","item":"https:\/\/www.amper-aufsperrdienst.de\/en\/"},{"@type":"ListItem","position":2,"name":"Locksmith Munich Pfanzeltplatz"}]},{"@type":"WebSite","@id":"https:\/\/www.amper-aufsperrdienst.de\/en\/#website","url":"https:\/\/www.amper-aufsperrdienst.de\/en\/","name":"Locksmith for Munich, Dachau and F\u00fcrstenfeldbruck","description":"Amper Aufsperrdienst","potentialAction":[{"@type":"SearchAction","target":{"@type":"EntryPoint","urlTemplate":"https:\/\/www.amper-aufsperrdienst.de\/en\/?s={search_term_string}"},"query-input":{"@type":"PropertyValueSpecification","valueRequired":true,"valueName":"search_term_string"}}],"inLanguage":"en-US"}]}},"_links":{"self":[{"href":"https:\/\/www.amper-aufsperrdienst.de\/en\/wp-json\/wp\/v2\/pages\/10872","targetHints":{"allow":["GET"]}}],"collection":[{"href":"https:\/\/www.amper-aufsperrdienst.de\/en\/wp-json\/wp\/v2\/pages"}],"about":[{"href":"https:\/\/www.amper-aufsperrdienst.de\/en\/wp-json\/wp\/v2\/types\/page"}],"author":[{"embeddable":true,"href":"https:\/\/www.amper-aufsperrdienst.de\/en\/wp-json\/wp\/v2\/users\/2"}],"replies":[{"embeddable":true,"href":"https:\/\/www.amper-aufsperrdienst.de\/en\/wp-json\/wp\/v2\/comments?post=10872"}],"version-history":[{"count":2,"href":"https:\/\/www.amper-aufsperrdienst.de\/en\/wp-json\/wp\/v2\/pages\/10872\/revisions"}],"predecessor-version":[{"id":13849,"href":"https:\/\/www.amper-aufsperrdienst.de\/en\/wp-json\/wp\/v2\/pages\/10872\/revisions\/13849"}],"wp:attachment":[{"href":"https:\/\/www.amper-aufsperrdienst.de\/en\/wp-json\/wp\/v2\/media?parent=10872"}],"curies":[{"name":"wp","href":"https:\/\/api.w.org\/{rel}","templated":true}]}}