{"id":10908,"date":"2018-02-28T12:50:16","date_gmt":"2018-02-28T10:50:16","guid":{"rendered":"https:\/\/www.amper-aufsperrdienst.de\/schluesseldienst-muenchen-piusplatz\/"},"modified":"2026-01-28T04:00:32","modified_gmt":"2026-01-28T02:00:32","slug":"locksmith-munich-piusplatz","status":"publish","type":"page","link":"https:\/\/www.amper-aufsperrdienst.de\/en\/locksmith-munich-piusplatz\/","title":{"rendered":"Locksmith Munich Piusplatz"},"content":{"rendered":"<p><img loading=\"lazy\" decoding=\"async\" class=\"alignleft\" style=\"margin-bottom: 5px !important;\" src=\"https:\/\/www.amper-aufsperrdienst.de\/wp-content\/uploads\/2021\/03\/schluesseldienst-muenchen-piusplatz-festpreis-ab-52-siegel.jpg\" alt=\"Amper Locksmith Opening Service muenchen-piusplatz with fixed price from 52,- EUR\" width=\"250\" height=\"250\" \/><\/p>\n<p>You just wanted to quickly go shopping, the door slams shut, but the key is still inside the apartment? Many people across Germany face this situation every day. All the better, however, that there is our reliable, honest, and fast locksmith service in Munich Piusplatz, which can professionally assist you in this situation and be at your location in about 30 minutes. Our emergency number is free of charge and reachable 24\/7 throughout the year. In addition, our fixed prices are fairly calculated and binding!<\/p>\n          <!-- tarif -->\n<h2><b><span style=\"vertical-align: inherit;\"><span style=\"vertical-align: inherit;\">Our binding fixed prices start from \u20ac52.<\/span><\/span><\/b><\/h2>\n<p>Amper Locksmith Service is a fair locksmith service with transparent fixed prices:<\/p>\n<div class=\"table-title\">\n\tPRICE LIST  UNLOCK\n<\/div>\n<!-- Table part-->\n<table class=\"table\">\n  <thead class=\"header\">\n\t  <tr>\n     \t <th scope=\"col\">Time<\/th>\n     \t <th scope=\"col\">8 - 18<\/th>\n     \t <th scope=\"col\">18 - 22<\/th>\n     \t <th scope=\"col\">22 - 8<\/th>\n\t<\/tr>\n  <\/thead>\n  <tbody>\n     \t  <tr class=\"weekdays\">\n     \t  \t  <td class=\"tag\" data-label=\"Time\">Mo - Fr<\/td>\n     \t  \t  <td class=\"hrs tag\" data-label=\"8 - 18\">52,- \u20ac<\/td>\n     \t  \t  <td class=\"tag space\" data-label=\"18 - 22\">82,- \u20ac<\/td>\n     \t  \t  <td data-label=\"22 - 8\">95,- \u20ac<\/td>\n     \t  <\/tr>\n     <tr class=\"weekends\">\n     \t  \t  <td class=\"tag\" data-label=\"Time\">Sa<\/td>\n     \t  \t  <td class=\"tag\" data-label=\"8 - 18\">95,- \u20ac<\/td>\n     \t  \t  <td class=\"tag\" data-label=\"18 - 22\">95,- \u20ac<\/td>\n     \t  \t  <td data-label=\"22 - 8\">125,- \u20ac<\/td>\n     \t  <\/tr>\n     <tr class=\"holidays\">\n     \t  \t  <td class=\"tag\" data-label=\"Time\">So & holiday<\/td>\n     \t  \t  <td class=\"tag\" data-label=\"8 - 18\">125,- \u20ac<\/td>\n     \t  \t  <td class=\"tag\" data-label=\"18 - 22\">125,-\u20ac<\/td>\n     \t  \t  <td data-label=\"22 - 8\">125,-\u20ac<\/td>\n     \t  <\/tr>\n     <\/tbody>\n<\/table>\n<!-- Table Description-->\n<div class=\"table-description\">\n\t<em>Please call to inquire about travel costs.<\/em>\n<\/div>\n<!-- Wordings below -->\n<div class=\"wordings\">\n<p>The prices listed in this table are binding for unlocking a door that has slammed shut or been pulled shut (without self-locking mechanisms). Please feel free to contact us if you would like a price quote for other locksmith services. We will gladly provide you with a transparent, fixed-price offer.<\/p>\n<\/div>\n\n<!-- END Wordings -->\n\n\n\n<div class=\"ansprech\">Experienced locksmith service Munich Piusplatz already in its 3rd generation<br \/>\n<h3 class=\"phone mobilesOnly\"><a href=\"tel:+498000131131\">0800 \/ 0 131 131<\/a><\/h3><h3 class=\"phone desktopOnly\"><a href=\"tel:+498000131131\">0800 \/ 0 131 131<\/a><\/h3>Always available for free, even on Sundays and public holidays; damage-free door opening at a fixed price<\/div>\n<h2>Fast door opening 365 days a year<\/h2>\n<p>Of course, such an accident does not depend on the time of day, the day, or the weather, but happens out of the blue. It is therefore a real emergency in which the unlocking service must act as quickly as possible. If you also need a rapid door opening, you have come to the right place. We are available not only on weekdays but also on weekends and any public holiday. You can reach Mario Pichelmaier&#8217;s team via the toll-free number. If you explain your situation to us over the phone, we will inform you directly about our fair fixed prices. This way, you will not be surprised by excessive costs but will know exactly what expenses to expect. This transparency is self-evident for us.<\/p>\n<h2>Piusplatz in the Munich district of Berg am Laim<\/h2>\n<p>Piusplatz, a public green space, is located in the Munich district of Berg am Laim. Both Aschheimer Stra\u00dfe and A\u00dflinger Stra\u00dfe, as well as Heufelder Stra\u00dfe, Birkkarspitzstra\u00dfe, and Lalidererstra\u00dfe, surround the square, which takes its name from the St. Pius Church located nearby. Many of the houses surrounding the square date back to the 1930s, 1940s, and 1950s.<\/p>\n<p>From April 2011 to August 2012, Piusplatz was redesigned because it belongs to a redevelopment area. During the redesign, new recreational areas were mainly created on the square. In the future, the square is also intended to be integrated into a green strip. This green strip will then connect the East Park with the future &#8216;Werksviertel&#8217;.<\/p>\n<h2>Munich Piusplatz Locksmith: Reliability, Experience, and Professionalism<\/h2>\n<p>Not only Mario Pichelmaier himself, but his entire team impresses with professionalism and experience. Our locksmith service in Munich Piusplatz has been operating for three generations and is a guarantee for fast door opening at a fair fixed price. Do you also need a professional unlocking service? Then you are absolutely in the right place with Mario Pichelmaier and his team.<\/p>\n<p>With our specialized tools, we not only open your door professionally, quickly, and without any damage, but also provide additional services in the field of security technology for you. Our locksmith service in Munich Piusplatz installs professional locks on your windows and doors or carries out a comprehensive security analysis. We are happy to advise you in detail and answer all your questions.<\/p>\n<div class=\"ansprech\">Experienced locksmith service Munich Piusplatz already in its 3rd generation<br \/>\n<h3 class=\"phone mobilesOnly\"><a href=\"tel:+498000131131\">0800 \/ 0 131 131<\/a><\/h3><h3 class=\"phone desktopOnly\"><a href=\"tel:+498000131131\">0800 \/ 0 131 131<\/a><\/h3>Always available for free, even on Sundays and public holidays; damage-free door opening at a fixed price<\/div>\n","protected":false},"excerpt":{"rendered":"<p>You just wanted to quickly go shopping, the door slams shut, but the key is still inside the apartment? Many people across Germany face this situation every day. All the better, however, that there is our reliable, honest, and fast locksmith service in Munich Piusplatz, which can professionally assist you in this situation and be [&hellip;]<\/p>\n","protected":false},"author":2,"featured_media":0,"parent":0,"menu_order":0,"comment_status":"closed","ping_status":"closed","template":"","meta":{"footnotes":"","_links_to":"","_links_to_target":""},"class_list":["post-10908","page","type-page","status-publish","hentry"],"yoast_head":"<!-- This site is optimized with the Yoast SEO plugin v27.4 - https:\/\/yoast.com\/product\/yoast-seo-wordpress\/ -->\n<title>Locksmith Munich Piusplatz: fixed price from 52 EUR<\/title>\n<meta name=\"description\" content=\"Honest and experienced locksmith service Munich Piusplatz in the third generation: fixed price guarantee, free emergency number, friendly locksmith, and 24\/7 availability. Damage-free door opening in about 30 minutes with top professional tools! Also available around the clock on Sundays and public holidays!\" \/>\n<meta name=\"robots\" content=\"index, follow, max-snippet:-1, max-image-preview:large, max-video-preview:-1\" \/>\n<link rel=\"canonical\" href=\"https:\/\/www.amper-aufsperrdienst.de\/en\/locksmith-munich-piusplatz\/\" \/>\n<meta property=\"og:locale\" content=\"en_US\" \/>\n<meta property=\"og:type\" content=\"article\" \/>\n<meta property=\"og:title\" content=\"Locksmith Munich Piusplatz: fixed price from 52 EUR\" \/>\n<meta property=\"og:description\" content=\"Honest and experienced locksmith service Munich Piusplatz in the third generation: fixed price guarantee, free emergency number, friendly locksmith, and 24\/7 availability. Damage-free door opening in about 30 minutes with top professional tools! Also available around the clock on Sundays and public holidays!\" \/>\n<meta property=\"og:url\" content=\"https:\/\/www.amper-aufsperrdienst.de\/en\/locksmith-munich-piusplatz\/\" \/>\n<meta property=\"og:site_name\" content=\"Locksmith for Munich, Dachau and F\u00fcrstenfeldbruck\" \/>\n<meta property=\"article:modified_time\" content=\"2026-01-28T02:00:32+00:00\" \/>\n<meta property=\"og:image\" content=\"https:\/\/www.amper-aufsperrdienst.de\/wp-content\/uploads\/2021\/03\/schluesseldienst-muenchen-piusplatz-festpreis-ab-52-siegel.jpg\" \/>\n<meta name=\"twitter:label1\" content=\"Est. reading time\" \/>\n\t<meta name=\"twitter:data1\" content=\"4 minutes\" \/>\n<script type=\"application\/ld+json\" class=\"yoast-schema-graph\">{\"@context\":\"https:\\\/\\\/schema.org\",\"@graph\":[{\"@type\":\"WebPage\",\"@id\":\"https:\\\/\\\/www.amper-aufsperrdienst.de\\\/en\\\/locksmith-munich-piusplatz\\\/\",\"url\":\"https:\\\/\\\/www.amper-aufsperrdienst.de\\\/en\\\/locksmith-munich-piusplatz\\\/\",\"name\":\"Locksmith Munich Piusplatz: fixed price from 52 EUR\",\"isPartOf\":{\"@id\":\"https:\\\/\\\/www.amper-aufsperrdienst.de\\\/en\\\/#website\"},\"primaryImageOfPage\":{\"@id\":\"https:\\\/\\\/www.amper-aufsperrdienst.de\\\/en\\\/locksmith-munich-piusplatz\\\/#primaryimage\"},\"image\":{\"@id\":\"https:\\\/\\\/www.amper-aufsperrdienst.de\\\/en\\\/locksmith-munich-piusplatz\\\/#primaryimage\"},\"thumbnailUrl\":\"https:\\\/\\\/www.amper-aufsperrdienst.de\\\/wp-content\\\/uploads\\\/2021\\\/03\\\/schluesseldienst-muenchen-piusplatz-festpreis-ab-52-siegel.jpg\",\"datePublished\":\"2018-02-28T10:50:16+00:00\",\"dateModified\":\"2026-01-28T02:00:32+00:00\",\"description\":\"Honest and experienced locksmith service Munich Piusplatz in the third generation: fixed price guarantee, free emergency number, friendly locksmith, and 24\\\/7 availability. Damage-free door opening in about 30 minutes with top professional tools! Also available around the clock on Sundays and public holidays!\",\"breadcrumb\":{\"@id\":\"https:\\\/\\\/www.amper-aufsperrdienst.de\\\/en\\\/locksmith-munich-piusplatz\\\/#breadcrumb\"},\"inLanguage\":\"en-US\",\"potentialAction\":[{\"@type\":\"ReadAction\",\"target\":[\"https:\\\/\\\/www.amper-aufsperrdienst.de\\\/en\\\/locksmith-munich-piusplatz\\\/\"]}]},{\"@type\":\"ImageObject\",\"inLanguage\":\"en-US\",\"@id\":\"https:\\\/\\\/www.amper-aufsperrdienst.de\\\/en\\\/locksmith-munich-piusplatz\\\/#primaryimage\",\"url\":\"https:\\\/\\\/www.amper-aufsperrdienst.de\\\/wp-content\\\/uploads\\\/2021\\\/03\\\/schluesseldienst-muenchen-piusplatz-festpreis-ab-52-siegel.jpg\",\"contentUrl\":\"https:\\\/\\\/www.amper-aufsperrdienst.de\\\/wp-content\\\/uploads\\\/2021\\\/03\\\/schluesseldienst-muenchen-piusplatz-festpreis-ab-52-siegel.jpg\"},{\"@type\":\"BreadcrumbList\",\"@id\":\"https:\\\/\\\/www.amper-aufsperrdienst.de\\\/en\\\/locksmith-munich-piusplatz\\\/#breadcrumb\",\"itemListElement\":[{\"@type\":\"ListItem\",\"position\":1,\"name\":\"Home\",\"item\":\"https:\\\/\\\/www.amper-aufsperrdienst.de\\\/en\\\/\"},{\"@type\":\"ListItem\",\"position\":2,\"name\":\"Locksmith Munich Piusplatz\"}]},{\"@type\":\"WebSite\",\"@id\":\"https:\\\/\\\/www.amper-aufsperrdienst.de\\\/en\\\/#website\",\"url\":\"https:\\\/\\\/www.amper-aufsperrdienst.de\\\/en\\\/\",\"name\":\"Locksmith for Munich, Dachau and F\u00fcrstenfeldbruck\",\"description\":\"Amper Aufsperrdienst\",\"potentialAction\":[{\"@type\":\"SearchAction\",\"target\":{\"@type\":\"EntryPoint\",\"urlTemplate\":\"https:\\\/\\\/www.amper-aufsperrdienst.de\\\/en\\\/?s={search_term_string}\"},\"query-input\":{\"@type\":\"PropertyValueSpecification\",\"valueRequired\":true,\"valueName\":\"search_term_string\"}}],\"inLanguage\":\"en-US\"}]}<\/script>\n<!-- \/ Yoast SEO plugin. -->","yoast_head_json":{"title":"Locksmith Munich Piusplatz: fixed price from 52 EUR","description":"Honest and experienced locksmith service Munich Piusplatz in the third generation: fixed price guarantee, free emergency number, friendly locksmith, and 24\/7 availability. Damage-free door opening in about 30 minutes with top professional tools! Also available around the clock on Sundays and public holidays!","robots":{"index":"index","follow":"follow","max-snippet":"max-snippet:-1","max-image-preview":"max-image-preview:large","max-video-preview":"max-video-preview:-1"},"canonical":"https:\/\/www.amper-aufsperrdienst.de\/en\/locksmith-munich-piusplatz\/","og_locale":"en_US","og_type":"article","og_title":"Locksmith Munich Piusplatz: fixed price from 52 EUR","og_description":"Honest and experienced locksmith service Munich Piusplatz in the third generation: fixed price guarantee, free emergency number, friendly locksmith, and 24\/7 availability. Damage-free door opening in about 30 minutes with top professional tools! Also available around the clock on Sundays and public holidays!","og_url":"https:\/\/www.amper-aufsperrdienst.de\/en\/locksmith-munich-piusplatz\/","og_site_name":"Locksmith for Munich, Dachau and F\u00fcrstenfeldbruck","article_modified_time":"2026-01-28T02:00:32+00:00","og_image":[{"url":"https:\/\/www.amper-aufsperrdienst.de\/wp-content\/uploads\/2021\/03\/schluesseldienst-muenchen-piusplatz-festpreis-ab-52-siegel.jpg","type":"","width":"","height":""}],"twitter_misc":{"Est. reading time":"4 minutes"},"schema":{"@context":"https:\/\/schema.org","@graph":[{"@type":"WebPage","@id":"https:\/\/www.amper-aufsperrdienst.de\/en\/locksmith-munich-piusplatz\/","url":"https:\/\/www.amper-aufsperrdienst.de\/en\/locksmith-munich-piusplatz\/","name":"Locksmith Munich Piusplatz: fixed price from 52 EUR","isPartOf":{"@id":"https:\/\/www.amper-aufsperrdienst.de\/en\/#website"},"primaryImageOfPage":{"@id":"https:\/\/www.amper-aufsperrdienst.de\/en\/locksmith-munich-piusplatz\/#primaryimage"},"image":{"@id":"https:\/\/www.amper-aufsperrdienst.de\/en\/locksmith-munich-piusplatz\/#primaryimage"},"thumbnailUrl":"https:\/\/www.amper-aufsperrdienst.de\/wp-content\/uploads\/2021\/03\/schluesseldienst-muenchen-piusplatz-festpreis-ab-52-siegel.jpg","datePublished":"2018-02-28T10:50:16+00:00","dateModified":"2026-01-28T02:00:32+00:00","description":"Honest and experienced locksmith service Munich Piusplatz in the third generation: fixed price guarantee, free emergency number, friendly locksmith, and 24\/7 availability. Damage-free door opening in about 30 minutes with top professional tools! Also available around the clock on Sundays and public holidays!","breadcrumb":{"@id":"https:\/\/www.amper-aufsperrdienst.de\/en\/locksmith-munich-piusplatz\/#breadcrumb"},"inLanguage":"en-US","potentialAction":[{"@type":"ReadAction","target":["https:\/\/www.amper-aufsperrdienst.de\/en\/locksmith-munich-piusplatz\/"]}]},{"@type":"ImageObject","inLanguage":"en-US","@id":"https:\/\/www.amper-aufsperrdienst.de\/en\/locksmith-munich-piusplatz\/#primaryimage","url":"https:\/\/www.amper-aufsperrdienst.de\/wp-content\/uploads\/2021\/03\/schluesseldienst-muenchen-piusplatz-festpreis-ab-52-siegel.jpg","contentUrl":"https:\/\/www.amper-aufsperrdienst.de\/wp-content\/uploads\/2021\/03\/schluesseldienst-muenchen-piusplatz-festpreis-ab-52-siegel.jpg"},{"@type":"BreadcrumbList","@id":"https:\/\/www.amper-aufsperrdienst.de\/en\/locksmith-munich-piusplatz\/#breadcrumb","itemListElement":[{"@type":"ListItem","position":1,"name":"Home","item":"https:\/\/www.amper-aufsperrdienst.de\/en\/"},{"@type":"ListItem","position":2,"name":"Locksmith Munich Piusplatz"}]},{"@type":"WebSite","@id":"https:\/\/www.amper-aufsperrdienst.de\/en\/#website","url":"https:\/\/www.amper-aufsperrdienst.de\/en\/","name":"Locksmith for Munich, Dachau and F\u00fcrstenfeldbruck","description":"Amper Aufsperrdienst","potentialAction":[{"@type":"SearchAction","target":{"@type":"EntryPoint","urlTemplate":"https:\/\/www.amper-aufsperrdienst.de\/en\/?s={search_term_string}"},"query-input":{"@type":"PropertyValueSpecification","valueRequired":true,"valueName":"search_term_string"}}],"inLanguage":"en-US"}]}},"_links":{"self":[{"href":"https:\/\/www.amper-aufsperrdienst.de\/en\/wp-json\/wp\/v2\/pages\/10908","targetHints":{"allow":["GET"]}}],"collection":[{"href":"https:\/\/www.amper-aufsperrdienst.de\/en\/wp-json\/wp\/v2\/pages"}],"about":[{"href":"https:\/\/www.amper-aufsperrdienst.de\/en\/wp-json\/wp\/v2\/types\/page"}],"author":[{"embeddable":true,"href":"https:\/\/www.amper-aufsperrdienst.de\/en\/wp-json\/wp\/v2\/users\/2"}],"replies":[{"embeddable":true,"href":"https:\/\/www.amper-aufsperrdienst.de\/en\/wp-json\/wp\/v2\/comments?post=10908"}],"version-history":[{"count":1,"href":"https:\/\/www.amper-aufsperrdienst.de\/en\/wp-json\/wp\/v2\/pages\/10908\/revisions"}],"predecessor-version":[{"id":13875,"href":"https:\/\/www.amper-aufsperrdienst.de\/en\/wp-json\/wp\/v2\/pages\/10908\/revisions\/13875"}],"wp:attachment":[{"href":"https:\/\/www.amper-aufsperrdienst.de\/en\/wp-json\/wp\/v2\/media?parent=10908"}],"curies":[{"name":"wp","href":"https:\/\/api.w.org\/{rel}","templated":true}]}}