{"id":10921,"date":"2018-03-01T03:21:32","date_gmt":"2018-03-01T01:21:32","guid":{"rendered":"https:\/\/www.amper-aufsperrdienst.de\/schluesseldienst-muenchen-platz-der-freiheit\/"},"modified":"2026-01-28T04:01:23","modified_gmt":"2026-01-28T02:01:23","slug":"locksmith-munich-platz-der-freiheit","status":"publish","type":"page","link":"https:\/\/www.amper-aufsperrdienst.de\/en\/locksmith-munich-platz-der-freiheit\/","title":{"rendered":"Locksmith Munich Platz der Freiheit"},"content":{"rendered":"<p><img loading=\"lazy\" decoding=\"async\" class=\"alignleft\" style=\"margin-bottom: 5px !important;\" src=\"https:\/\/www.amper-aufsperrdienst.de\/wp-content\/uploads\/2021\/03\/schluesseldienst-muenchen-platz-der-freiheit-festpreis-ab-52-siegel.jpg\" alt=\"Amper Locksmith Opening Service muenchen-platz-der-freiheit with fixed price from 52,- EUR\" width=\"250\" height=\"250\" \/>You just weren\u2019t paying attention for a moment, and the door has already shut behind you? Then you\u2019re in the same situation as countless people all over Germany. If you\u2019ve locked yourself out, this is nothing unusual. What you need in such a moment is a professional locksmith service that ensures a quick door opening without any damage. Only this way can you get back into your home as quickly as possible. Luckily, there is our locksmith service in Munich at Platz der Freiheit. Mario Pichelmaier\u2019s team can be with you in about 30 minutes and operates at a fair and transparent fixed price. And not just on regular weekdays, but also on weekends or public holidays!<\/p>\n          <!-- tarif -->\n<h2><b><span style=\"vertical-align: inherit;\"><span style=\"vertical-align: inherit;\">Our binding fixed prices start from \u20ac52.<\/span><\/span><\/b><\/h2>\n<p>Amper Locksmith Service is a fair locksmith service with transparent fixed prices:<\/p>\n<div class=\"table-title\">\n\tPRICE LIST  UNLOCK\n<\/div>\n<!-- Table part-->\n<table class=\"table\">\n  <thead class=\"header\">\n\t  <tr>\n     \t <th scope=\"col\">Time<\/th>\n     \t <th scope=\"col\">8 - 18<\/th>\n     \t <th scope=\"col\">18 - 22<\/th>\n     \t <th scope=\"col\">22 - 8<\/th>\n\t<\/tr>\n  <\/thead>\n  <tbody>\n     \t  <tr class=\"weekdays\">\n     \t  \t  <td class=\"tag\" data-label=\"Time\">Mo - Fr<\/td>\n     \t  \t  <td class=\"hrs tag\" data-label=\"8 - 18\">52,- \u20ac<\/td>\n     \t  \t  <td class=\"tag space\" data-label=\"18 - 22\">82,- \u20ac<\/td>\n     \t  \t  <td data-label=\"22 - 8\">95,- \u20ac<\/td>\n     \t  <\/tr>\n     <tr class=\"weekends\">\n     \t  \t  <td class=\"tag\" data-label=\"Time\">Sa<\/td>\n     \t  \t  <td class=\"tag\" data-label=\"8 - 18\">95,- \u20ac<\/td>\n     \t  \t  <td class=\"tag\" data-label=\"18 - 22\">95,- \u20ac<\/td>\n     \t  \t  <td data-label=\"22 - 8\">125,- \u20ac<\/td>\n     \t  <\/tr>\n     <tr class=\"holidays\">\n     \t  \t  <td class=\"tag\" data-label=\"Time\">So & holiday<\/td>\n     \t  \t  <td class=\"tag\" data-label=\"8 - 18\">125,- \u20ac<\/td>\n     \t  \t  <td class=\"tag\" data-label=\"18 - 22\">125,-\u20ac<\/td>\n     \t  \t  <td data-label=\"22 - 8\">125,-\u20ac<\/td>\n     \t  <\/tr>\n     <\/tbody>\n<\/table>\n<!-- Table Description-->\n<div class=\"table-description\">\n\t<em>Please call to inquire about travel costs.<\/em>\n<\/div>\n<!-- Wordings below -->\n<div class=\"wordings\">\n<p>The prices listed in this table are binding for unlocking a door that has slammed shut or been pulled shut (without self-locking mechanisms). Please feel free to contact us if you would like a price quote for other locksmith services. We will gladly provide you with a transparent, fixed-price offer.<\/p>\n<\/div>\n\n<!-- END Wordings -->\n\n\n\n<div class=\"ansprech\">Locksmith Munich Platz der Freiheit with Fixed Price Guarantee<br \/>\n<h3 class=\"phone mobilesOnly\"><a href=\"tel:+498000131131\">0800 \/ 0 131 131<\/a><\/h3><h3 class=\"phone desktopOnly\"><a href=\"tel:+498000131131\">0800 \/ 0 131 131<\/a><\/h3>Non-destructive door openings even at night, on Sundays or holidays! Free emergency call!<\/div>\n<h2>Freedom Square in the Munich district of Neuhausen<\/h2>\n<p>The Platz der Freiheit, a square in the Neuhausen district, is located at the intersection where Landshuter Allee and Leonrodstra\u00dfe meet. Ysenburgstra\u00dfe and Volkartstra\u00dfe are also in the immediate vicinity of the square. Originally, the square was known as Hindenburgplatz. In 1946, however, it was renamed Platz der Freiheit. This name was meant to commemorate the victims of National Socialism. For this reason, 40 years after the end of the war, a memorial stone made of granite was erected on the square, designed by Karl Oppenrieder.<\/p>\n<p>In addition, the artist Wolfram P. Kastner planned to erect another monument on the square. He put this plan into action. In July 2016, the artwork was installed, consisting of portraits, names, and life stories of people who fought against the Nazi regime. This monument is expected to remain on the square until 2019.<\/p>\n<h2>Competence has a name: Amper Emergency Locksmith Service<\/h2>\n<p>Johann Pichelmaier, the grandfather of Mario Pichelmaier, founded a professional locksmith service many years ago and also invented an important specialized tool. Today, our locksmith service in Munich\u2019s Platz der Freiheit, now active in its third generation, achieves a completely damage-free opening in 99% of cases. Especially when your door is simply closed but not locked, we can guarantee a quick door opening. Our professional and experienced staff also ensure that your security can be improved. Modern security technology, which we are happy to install and set up for you, makes this possible.<\/p>\n<h2>Munich Locksmith Freedom Square: available around the clock<\/h2>\n<p>Days off or a break? This doesn\u2019t exist at our fair and reliable locksmith service in Munich Platz der Freiheit, because as an emergency locksmith we do not have fixed business hours. You never have to wait long for a quick door opening. Even on weekends or holidays, we are with you in about 30 minutes. The unlocking service works with fair fixed prices, which you can find out about over the phone. This way, you\u2019re guaranteed never to fall into a cost trap again.<\/p>\n<div class=\"ansprech\">Locksmith Munich Platz der Freiheit with Fixed Price Guarantee<br \/>\n<h3 class=\"phone mobilesOnly\"><a href=\"tel:+498000131131\">0800 \/ 0 131 131<\/a><\/h3><h3 class=\"phone desktopOnly\"><a href=\"tel:+498000131131\">0800 \/ 0 131 131<\/a><\/h3>Non-destructive door openings even at night, on Sundays or holidays! Free emergency call!<\/div>\n","protected":false},"excerpt":{"rendered":"<p>You just weren\u2019t paying attention for a moment, and the door has already shut behind you? Then you\u2019re in the same situation as countless people all over Germany. If you\u2019ve locked yourself out, this is nothing unusual. What you need in such a moment is a professional locksmith service that ensures a quick door opening [&hellip;]<\/p>\n","protected":false},"author":2,"featured_media":0,"parent":0,"menu_order":0,"comment_status":"closed","ping_status":"closed","template":"","meta":{"footnotes":"","_links_to":"","_links_to_target":""},"class_list":["post-10921","page","type-page","status-publish","hentry"],"yoast_head":"<!-- This site is optimized with the Yoast SEO plugin v27.4 - https:\/\/yoast.com\/product\/yoast-seo-wordpress\/ -->\n<title>Locksmith Munich Place of Freedom: fixed price from 52 EUR<\/title>\n<meta name=\"description\" content=\"Professional locksmith service Munich Platz der Freiheit for damage-free door opening in about 30 minutes: fixed price guarantee, highly trained staff, free emergency phone number, and 24\/7 availability. Contact us for free, whether it&#039;s a weekday, weekend, or holiday! We are always ready to help!\" \/>\n<meta name=\"robots\" content=\"index, follow, max-snippet:-1, max-image-preview:large, max-video-preview:-1\" \/>\n<link rel=\"canonical\" href=\"https:\/\/www.amper-aufsperrdienst.de\/en\/locksmith-munich-platz-der-freiheit\/\" \/>\n<meta property=\"og:locale\" content=\"en_US\" \/>\n<meta property=\"og:type\" content=\"article\" \/>\n<meta property=\"og:title\" content=\"Locksmith Munich Place of Freedom: fixed price from 52 EUR\" \/>\n<meta property=\"og:description\" content=\"Professional locksmith service Munich Platz der Freiheit for damage-free door opening in about 30 minutes: fixed price guarantee, highly trained staff, free emergency phone number, and 24\/7 availability. Contact us for free, whether it&#039;s a weekday, weekend, or holiday! We are always ready to help!\" \/>\n<meta property=\"og:url\" content=\"https:\/\/www.amper-aufsperrdienst.de\/en\/locksmith-munich-platz-der-freiheit\/\" \/>\n<meta property=\"og:site_name\" content=\"Locksmith for Munich, Dachau and F\u00fcrstenfeldbruck\" \/>\n<meta property=\"article:modified_time\" content=\"2026-01-28T02:01:23+00:00\" \/>\n<meta property=\"og:image\" content=\"https:\/\/www.amper-aufsperrdienst.de\/wp-content\/uploads\/2021\/03\/schluesseldienst-muenchen-platz-der-freiheit-festpreis-ab-52-siegel.jpg\" \/>\n<meta name=\"twitter:label1\" content=\"Est. reading time\" \/>\n\t<meta name=\"twitter:data1\" content=\"4 minutes\" \/>\n<script type=\"application\/ld+json\" class=\"yoast-schema-graph\">{\"@context\":\"https:\\\/\\\/schema.org\",\"@graph\":[{\"@type\":\"WebPage\",\"@id\":\"https:\\\/\\\/www.amper-aufsperrdienst.de\\\/en\\\/locksmith-munich-platz-der-freiheit\\\/\",\"url\":\"https:\\\/\\\/www.amper-aufsperrdienst.de\\\/en\\\/locksmith-munich-platz-der-freiheit\\\/\",\"name\":\"Locksmith Munich Place of Freedom: fixed price from 52 EUR\",\"isPartOf\":{\"@id\":\"https:\\\/\\\/www.amper-aufsperrdienst.de\\\/en\\\/#website\"},\"primaryImageOfPage\":{\"@id\":\"https:\\\/\\\/www.amper-aufsperrdienst.de\\\/en\\\/locksmith-munich-platz-der-freiheit\\\/#primaryimage\"},\"image\":{\"@id\":\"https:\\\/\\\/www.amper-aufsperrdienst.de\\\/en\\\/locksmith-munich-platz-der-freiheit\\\/#primaryimage\"},\"thumbnailUrl\":\"https:\\\/\\\/www.amper-aufsperrdienst.de\\\/wp-content\\\/uploads\\\/2021\\\/03\\\/schluesseldienst-muenchen-platz-der-freiheit-festpreis-ab-52-siegel.jpg\",\"datePublished\":\"2018-03-01T01:21:32+00:00\",\"dateModified\":\"2026-01-28T02:01:23+00:00\",\"description\":\"Professional locksmith service Munich Platz der Freiheit for damage-free door opening in about 30 minutes: fixed price guarantee, highly trained staff, free emergency phone number, and 24\\\/7 availability. Contact us for free, whether it's a weekday, weekend, or holiday! We are always ready to help!\",\"breadcrumb\":{\"@id\":\"https:\\\/\\\/www.amper-aufsperrdienst.de\\\/en\\\/locksmith-munich-platz-der-freiheit\\\/#breadcrumb\"},\"inLanguage\":\"en-US\",\"potentialAction\":[{\"@type\":\"ReadAction\",\"target\":[\"https:\\\/\\\/www.amper-aufsperrdienst.de\\\/en\\\/locksmith-munich-platz-der-freiheit\\\/\"]}]},{\"@type\":\"ImageObject\",\"inLanguage\":\"en-US\",\"@id\":\"https:\\\/\\\/www.amper-aufsperrdienst.de\\\/en\\\/locksmith-munich-platz-der-freiheit\\\/#primaryimage\",\"url\":\"https:\\\/\\\/www.amper-aufsperrdienst.de\\\/wp-content\\\/uploads\\\/2021\\\/03\\\/schluesseldienst-muenchen-platz-der-freiheit-festpreis-ab-52-siegel.jpg\",\"contentUrl\":\"https:\\\/\\\/www.amper-aufsperrdienst.de\\\/wp-content\\\/uploads\\\/2021\\\/03\\\/schluesseldienst-muenchen-platz-der-freiheit-festpreis-ab-52-siegel.jpg\"},{\"@type\":\"BreadcrumbList\",\"@id\":\"https:\\\/\\\/www.amper-aufsperrdienst.de\\\/en\\\/locksmith-munich-platz-der-freiheit\\\/#breadcrumb\",\"itemListElement\":[{\"@type\":\"ListItem\",\"position\":1,\"name\":\"Home\",\"item\":\"https:\\\/\\\/www.amper-aufsperrdienst.de\\\/en\\\/\"},{\"@type\":\"ListItem\",\"position\":2,\"name\":\"Locksmith Munich Platz der Freiheit\"}]},{\"@type\":\"WebSite\",\"@id\":\"https:\\\/\\\/www.amper-aufsperrdienst.de\\\/en\\\/#website\",\"url\":\"https:\\\/\\\/www.amper-aufsperrdienst.de\\\/en\\\/\",\"name\":\"Locksmith for Munich, Dachau and F\u00fcrstenfeldbruck\",\"description\":\"Amper Aufsperrdienst\",\"potentialAction\":[{\"@type\":\"SearchAction\",\"target\":{\"@type\":\"EntryPoint\",\"urlTemplate\":\"https:\\\/\\\/www.amper-aufsperrdienst.de\\\/en\\\/?s={search_term_string}\"},\"query-input\":{\"@type\":\"PropertyValueSpecification\",\"valueRequired\":true,\"valueName\":\"search_term_string\"}}],\"inLanguage\":\"en-US\"}]}<\/script>\n<!-- \/ Yoast SEO plugin. -->","yoast_head_json":{"title":"Locksmith Munich Place of Freedom: fixed price from 52 EUR","description":"Professional locksmith service Munich Platz der Freiheit for damage-free door opening in about 30 minutes: fixed price guarantee, highly trained staff, free emergency phone number, and 24\/7 availability. Contact us for free, whether it's a weekday, weekend, or holiday! We are always ready to help!","robots":{"index":"index","follow":"follow","max-snippet":"max-snippet:-1","max-image-preview":"max-image-preview:large","max-video-preview":"max-video-preview:-1"},"canonical":"https:\/\/www.amper-aufsperrdienst.de\/en\/locksmith-munich-platz-der-freiheit\/","og_locale":"en_US","og_type":"article","og_title":"Locksmith Munich Place of Freedom: fixed price from 52 EUR","og_description":"Professional locksmith service Munich Platz der Freiheit for damage-free door opening in about 30 minutes: fixed price guarantee, highly trained staff, free emergency phone number, and 24\/7 availability. Contact us for free, whether it's a weekday, weekend, or holiday! We are always ready to help!","og_url":"https:\/\/www.amper-aufsperrdienst.de\/en\/locksmith-munich-platz-der-freiheit\/","og_site_name":"Locksmith for Munich, Dachau and F\u00fcrstenfeldbruck","article_modified_time":"2026-01-28T02:01:23+00:00","og_image":[{"url":"https:\/\/www.amper-aufsperrdienst.de\/wp-content\/uploads\/2021\/03\/schluesseldienst-muenchen-platz-der-freiheit-festpreis-ab-52-siegel.jpg","type":"","width":"","height":""}],"twitter_misc":{"Est. reading time":"4 minutes"},"schema":{"@context":"https:\/\/schema.org","@graph":[{"@type":"WebPage","@id":"https:\/\/www.amper-aufsperrdienst.de\/en\/locksmith-munich-platz-der-freiheit\/","url":"https:\/\/www.amper-aufsperrdienst.de\/en\/locksmith-munich-platz-der-freiheit\/","name":"Locksmith Munich Place of Freedom: fixed price from 52 EUR","isPartOf":{"@id":"https:\/\/www.amper-aufsperrdienst.de\/en\/#website"},"primaryImageOfPage":{"@id":"https:\/\/www.amper-aufsperrdienst.de\/en\/locksmith-munich-platz-der-freiheit\/#primaryimage"},"image":{"@id":"https:\/\/www.amper-aufsperrdienst.de\/en\/locksmith-munich-platz-der-freiheit\/#primaryimage"},"thumbnailUrl":"https:\/\/www.amper-aufsperrdienst.de\/wp-content\/uploads\/2021\/03\/schluesseldienst-muenchen-platz-der-freiheit-festpreis-ab-52-siegel.jpg","datePublished":"2018-03-01T01:21:32+00:00","dateModified":"2026-01-28T02:01:23+00:00","description":"Professional locksmith service Munich Platz der Freiheit for damage-free door opening in about 30 minutes: fixed price guarantee, highly trained staff, free emergency phone number, and 24\/7 availability. Contact us for free, whether it's a weekday, weekend, or holiday! We are always ready to help!","breadcrumb":{"@id":"https:\/\/www.amper-aufsperrdienst.de\/en\/locksmith-munich-platz-der-freiheit\/#breadcrumb"},"inLanguage":"en-US","potentialAction":[{"@type":"ReadAction","target":["https:\/\/www.amper-aufsperrdienst.de\/en\/locksmith-munich-platz-der-freiheit\/"]}]},{"@type":"ImageObject","inLanguage":"en-US","@id":"https:\/\/www.amper-aufsperrdienst.de\/en\/locksmith-munich-platz-der-freiheit\/#primaryimage","url":"https:\/\/www.amper-aufsperrdienst.de\/wp-content\/uploads\/2021\/03\/schluesseldienst-muenchen-platz-der-freiheit-festpreis-ab-52-siegel.jpg","contentUrl":"https:\/\/www.amper-aufsperrdienst.de\/wp-content\/uploads\/2021\/03\/schluesseldienst-muenchen-platz-der-freiheit-festpreis-ab-52-siegel.jpg"},{"@type":"BreadcrumbList","@id":"https:\/\/www.amper-aufsperrdienst.de\/en\/locksmith-munich-platz-der-freiheit\/#breadcrumb","itemListElement":[{"@type":"ListItem","position":1,"name":"Home","item":"https:\/\/www.amper-aufsperrdienst.de\/en\/"},{"@type":"ListItem","position":2,"name":"Locksmith Munich Platz der Freiheit"}]},{"@type":"WebSite","@id":"https:\/\/www.amper-aufsperrdienst.de\/en\/#website","url":"https:\/\/www.amper-aufsperrdienst.de\/en\/","name":"Locksmith for Munich, Dachau and F\u00fcrstenfeldbruck","description":"Amper Aufsperrdienst","potentialAction":[{"@type":"SearchAction","target":{"@type":"EntryPoint","urlTemplate":"https:\/\/www.amper-aufsperrdienst.de\/en\/?s={search_term_string}"},"query-input":{"@type":"PropertyValueSpecification","valueRequired":true,"valueName":"search_term_string"}}],"inLanguage":"en-US"}]}},"_links":{"self":[{"href":"https:\/\/www.amper-aufsperrdienst.de\/en\/wp-json\/wp\/v2\/pages\/10921","targetHints":{"allow":["GET"]}}],"collection":[{"href":"https:\/\/www.amper-aufsperrdienst.de\/en\/wp-json\/wp\/v2\/pages"}],"about":[{"href":"https:\/\/www.amper-aufsperrdienst.de\/en\/wp-json\/wp\/v2\/types\/page"}],"author":[{"embeddable":true,"href":"https:\/\/www.amper-aufsperrdienst.de\/en\/wp-json\/wp\/v2\/users\/2"}],"replies":[{"embeddable":true,"href":"https:\/\/www.amper-aufsperrdienst.de\/en\/wp-json\/wp\/v2\/comments?post=10921"}],"version-history":[{"count":1,"href":"https:\/\/www.amper-aufsperrdienst.de\/en\/wp-json\/wp\/v2\/pages\/10921\/revisions"}],"predecessor-version":[{"id":13884,"href":"https:\/\/www.amper-aufsperrdienst.de\/en\/wp-json\/wp\/v2\/pages\/10921\/revisions\/13884"}],"wp:attachment":[{"href":"https:\/\/www.amper-aufsperrdienst.de\/en\/wp-json\/wp\/v2\/media?parent=10921"}],"curies":[{"name":"wp","href":"https:\/\/api.w.org\/{rel}","templated":true}]}}