{"id":10947,"date":"2018-07-02T12:05:11","date_gmt":"2018-07-02T10:05:11","guid":{"rendered":"https:\/\/www.amper-aufsperrdienst.de\/schluesseldienst-muenchen-priel\/"},"modified":"2026-01-28T04:21:27","modified_gmt":"2026-01-28T02:21:27","slug":"locksmith-munich-priel","status":"publish","type":"page","link":"https:\/\/www.amper-aufsperrdienst.de\/en\/locksmith-munich-priel\/","title":{"rendered":"Locksmith Munich Priel"},"content":{"rendered":"<p><img loading=\"lazy\" decoding=\"async\" class=\"alignleft\" style=\"margin-bottom: 5px !important;\" src=\"https:\/\/www.amper-aufsperrdienst.de\/wp-content\/uploads\/2021\/03\/schluesseldienst-muenchen-priel-festpreis-ab-52-siegel.jpg\" alt=\"Amper Locksmith Opening Service muenchen-priel with fixed price from 52,- EUR\" width=\"250\" height=\"250\" \/><\/p>\n<p>Do you live in the Priel district of Munich but can&#8217;t enter your own home right now because you&#8217;ve misplaced your key? That can certainly happen! Don&#8217;t despair and rather call the experienced experts at Amper Unlocking Service. As a locksmith service in Munich Priel, we have been serving our customers for three generations, unlocking doors without causing damage. Grandfather, father, and now son have always relied on the highest precision, professionalism, and transparency. Our fixed prices come with a guarantee, so you don&#8217;t have to worry about falling into a cost trap. We are also happy to be at your service on Sundays or public holidays \u2013 around the clock! Just call us for free!<\/p>\n          <!-- tarif -->\n<h2><b><span style=\"vertical-align: inherit;\"><span style=\"vertical-align: inherit;\">Our binding fixed prices start from \u20ac52.<\/span><\/span><\/b><\/h2>\n<p>Amper Locksmith Service is a fair locksmith service with transparent fixed prices:<\/p>\n<div class=\"table-title\">\n\tPRICE LIST  UNLOCK\n<\/div>\n<!-- Table part-->\n<table class=\"table\">\n  <thead class=\"header\">\n\t  <tr>\n     \t <th scope=\"col\">Time<\/th>\n     \t <th scope=\"col\">8 - 18<\/th>\n     \t <th scope=\"col\">18 - 22<\/th>\n     \t <th scope=\"col\">22 - 8<\/th>\n\t<\/tr>\n  <\/thead>\n  <tbody>\n     \t  <tr class=\"weekdays\">\n     \t  \t  <td class=\"tag\" data-label=\"Time\">Mo - Fr<\/td>\n     \t  \t  <td class=\"hrs tag\" data-label=\"8 - 18\">52,- \u20ac<\/td>\n     \t  \t  <td class=\"tag space\" data-label=\"18 - 22\">82,- \u20ac<\/td>\n     \t  \t  <td data-label=\"22 - 8\">95,- \u20ac<\/td>\n     \t  <\/tr>\n     <tr class=\"weekends\">\n     \t  \t  <td class=\"tag\" data-label=\"Time\">Sa<\/td>\n     \t  \t  <td class=\"tag\" data-label=\"8 - 18\">95,- \u20ac<\/td>\n     \t  \t  <td class=\"tag\" data-label=\"18 - 22\">95,- \u20ac<\/td>\n     \t  \t  <td data-label=\"22 - 8\">125,- \u20ac<\/td>\n     \t  <\/tr>\n     <tr class=\"holidays\">\n     \t  \t  <td class=\"tag\" data-label=\"Time\">So & holiday<\/td>\n     \t  \t  <td class=\"tag\" data-label=\"8 - 18\">125,- \u20ac<\/td>\n     \t  \t  <td class=\"tag\" data-label=\"18 - 22\">125,-\u20ac<\/td>\n     \t  \t  <td data-label=\"22 - 8\">125,-\u20ac<\/td>\n     \t  <\/tr>\n     <\/tbody>\n<\/table>\n<!-- Table Description-->\n<div class=\"table-description\">\n\t<em>Please call to inquire about travel costs.<\/em>\n<\/div>\n<!-- Wordings below -->\n<div class=\"wordings\">\n<p>The prices listed in this table are binding for unlocking a door that has slammed shut or been pulled shut (without self-locking mechanisms). Please feel free to contact us if you would like a price quote for other locksmith services. We will gladly provide you with a transparent, fixed-price offer.<\/p>\n<\/div>\n\n<!-- END Wordings -->\n\n\n\n<div class=\"ansprech\">Friendly locksmith Munich Priel with fixed-price guarantee<br \/>\n<h3 class=\"phone mobilesOnly\"><a href=\"tel:+498000131131\">0800 \/ 0 131 131<\/a><\/h3><h3 class=\"phone desktopOnly\"><a href=\"tel:+498000131131\">0800 \/ 0 131 131<\/a><\/h3>Completely non-destructive door opening in just about half an hour! Call now for free!<\/div>\n<h2>Priel in the Munich district of Bogenhausen<\/h2>\n<p>The Munich neighborhood of Priel can be found in the beautiful district of Bogenhausen, not far from the upscale Herzogpark, on the Isar riverbank. The area is also distinguished by a charming villa colony called &#8216;Am Priel-Hof.&#8217; Also well-known is the garden city Bogenhausen Priel, which primarily consists of beautiful houses for families.<\/p>\n<p>In the east of Priel, right on the edge of the district, there is a small allotment garden around the so-called Schl\u00f6sselgarten. In Priel itself, there is the Bogenhausen Clinic as well as the &#8216;H\u00fcgelhaus on Titurelstra\u00dfe&#8217;.<\/p>\n<p>The name of the neighborhood is derived from the Old High German term &#8220;bruil.&#8221; This term refers to a meadow covered with numerous bushes. However, the term &#8220;bruil&#8221; was also used to mean &#8220;game preserve.&#8221;<\/p>\n<p>Historians assume that the name of the district refers to an old royal court, specifically the royal court of F\u00f6hring.<\/p>\n<h2>Locksmith Munich Priel: professional door opening without damage<\/h2>\n<p>Do you need a professional, damage-free door opening in the Munich Priel area as quickly as possible? Our experienced locksmiths can be at your location in about 30 minutes to help you! Just call us anytime for free and describe your emergency situation. We will then gladly provide you with a fixed price upon request and head out immediately after commissioning. Our staff are very well trained and know what they are doing. Of course, they also bring the best locksmith tools to ensure a nearly guaranteed damage-free opening. In over 99% of our cases, we manage to achieve a non-destructive door opening! See for yourself our craftsmanship and expertise!<\/p>\n<h2>Quickly at your place, even on holidays!<\/h2>\n<p>Are you fearing the worst because you&#8217;ve locked yourself out on a holiday and at night of all times? Rest assured! Our 24\/7 emergency service is happy to come to you on Sundays and holidays to carry out a damage-free door opening at a guaranteed and fair fixed price. Our 24-hour emergency number is free and always reachable\u2014no matter when, no matter the weather! Because even the worst weather can&#8217;t stop us from helping you!<\/p>\n<p>Contact our reliable, honest, and customer-oriented locksmith Munich Priel if you find yourself standing in front of a locked or slammed-shut door! Our experts are happy to assist you in your time of need!<\/p>\n<div class=\"ansprech\">Friendly locksmith Munich Priel with fixed-price guarantee<br \/>\n<h3 class=\"phone mobilesOnly\"><a href=\"tel:+498000131131\">0800 \/ 0 131 131<\/a><\/h3><h3 class=\"phone desktopOnly\"><a href=\"tel:+498000131131\">0800 \/ 0 131 131<\/a><\/h3>Completely non-destructive door opening in just about half an hour! Call now for free!<\/div>\n","protected":false},"excerpt":{"rendered":"<p>Do you live in the Priel district of Munich but can&#8217;t enter your own home right now because you&#8217;ve misplaced your key? That can certainly happen! Don&#8217;t despair and rather call the experienced experts at Amper Unlocking Service. As a locksmith service in Munich Priel, we have been serving our customers for three generations, unlocking [&hellip;]<\/p>\n","protected":false},"author":2,"featured_media":0,"parent":0,"menu_order":0,"comment_status":"closed","ping_status":"closed","template":"","meta":{"footnotes":"","_links_to":"","_links_to_target":""},"class_list":["post-10947","page","type-page","status-publish","hentry"],"yoast_head":"<!-- This site is optimized with the Yoast SEO plugin v27.4 - https:\/\/yoast.com\/product\/yoast-seo-wordpress\/ -->\n<title>Locksmith Munich Priel: from 52,- EUR fixed price<\/title>\n<meta name=\"description\" content=\"Friendly and fast locksmith service Munich Priel with decades of experience, competent locksmiths, fixed price guarantee, and a free phone number: non-destructive door opening with the best locksmith tools. We are also happy to be there for you on Sundays and public holidays!\" \/>\n<meta name=\"robots\" content=\"index, follow, max-snippet:-1, max-image-preview:large, max-video-preview:-1\" \/>\n<link rel=\"canonical\" href=\"https:\/\/www.amper-aufsperrdienst.de\/en\/locksmith-munich-priel\/\" \/>\n<meta property=\"og:locale\" content=\"en_US\" \/>\n<meta property=\"og:type\" content=\"article\" \/>\n<meta property=\"og:title\" content=\"Locksmith Munich Priel: from 52,- EUR fixed price\" \/>\n<meta property=\"og:description\" content=\"Friendly and fast locksmith service Munich Priel with decades of experience, competent locksmiths, fixed price guarantee, and a free phone number: non-destructive door opening with the best locksmith tools. We are also happy to be there for you on Sundays and public holidays!\" \/>\n<meta property=\"og:url\" content=\"https:\/\/www.amper-aufsperrdienst.de\/en\/locksmith-munich-priel\/\" \/>\n<meta property=\"og:site_name\" content=\"Locksmith for Munich, Dachau and F\u00fcrstenfeldbruck\" \/>\n<meta property=\"article:modified_time\" content=\"2026-01-28T02:21:27+00:00\" \/>\n<meta property=\"og:image\" content=\"https:\/\/www.amper-aufsperrdienst.de\/wp-content\/uploads\/2021\/03\/schluesseldienst-muenchen-priel-festpreis-ab-52-siegel.jpg\" \/>\n<meta name=\"twitter:label1\" content=\"Est. reading time\" \/>\n\t<meta name=\"twitter:data1\" content=\"4 minutes\" \/>\n<script type=\"application\/ld+json\" class=\"yoast-schema-graph\">{\"@context\":\"https:\\\/\\\/schema.org\",\"@graph\":[{\"@type\":\"WebPage\",\"@id\":\"https:\\\/\\\/www.amper-aufsperrdienst.de\\\/en\\\/locksmith-munich-priel\\\/\",\"url\":\"https:\\\/\\\/www.amper-aufsperrdienst.de\\\/en\\\/locksmith-munich-priel\\\/\",\"name\":\"Locksmith Munich Priel: from 52,- EUR fixed price\",\"isPartOf\":{\"@id\":\"https:\\\/\\\/www.amper-aufsperrdienst.de\\\/en\\\/#website\"},\"primaryImageOfPage\":{\"@id\":\"https:\\\/\\\/www.amper-aufsperrdienst.de\\\/en\\\/locksmith-munich-priel\\\/#primaryimage\"},\"image\":{\"@id\":\"https:\\\/\\\/www.amper-aufsperrdienst.de\\\/en\\\/locksmith-munich-priel\\\/#primaryimage\"},\"thumbnailUrl\":\"https:\\\/\\\/www.amper-aufsperrdienst.de\\\/wp-content\\\/uploads\\\/2021\\\/03\\\/schluesseldienst-muenchen-priel-festpreis-ab-52-siegel.jpg\",\"datePublished\":\"2018-07-02T10:05:11+00:00\",\"dateModified\":\"2026-01-28T02:21:27+00:00\",\"description\":\"Friendly and fast locksmith service Munich Priel with decades of experience, competent locksmiths, fixed price guarantee, and a free phone number: non-destructive door opening with the best locksmith tools. We are also happy to be there for you on Sundays and public holidays!\",\"breadcrumb\":{\"@id\":\"https:\\\/\\\/www.amper-aufsperrdienst.de\\\/en\\\/locksmith-munich-priel\\\/#breadcrumb\"},\"inLanguage\":\"en-US\",\"potentialAction\":[{\"@type\":\"ReadAction\",\"target\":[\"https:\\\/\\\/www.amper-aufsperrdienst.de\\\/en\\\/locksmith-munich-priel\\\/\"]}]},{\"@type\":\"ImageObject\",\"inLanguage\":\"en-US\",\"@id\":\"https:\\\/\\\/www.amper-aufsperrdienst.de\\\/en\\\/locksmith-munich-priel\\\/#primaryimage\",\"url\":\"https:\\\/\\\/www.amper-aufsperrdienst.de\\\/wp-content\\\/uploads\\\/2021\\\/03\\\/schluesseldienst-muenchen-priel-festpreis-ab-52-siegel.jpg\",\"contentUrl\":\"https:\\\/\\\/www.amper-aufsperrdienst.de\\\/wp-content\\\/uploads\\\/2021\\\/03\\\/schluesseldienst-muenchen-priel-festpreis-ab-52-siegel.jpg\"},{\"@type\":\"BreadcrumbList\",\"@id\":\"https:\\\/\\\/www.amper-aufsperrdienst.de\\\/en\\\/locksmith-munich-priel\\\/#breadcrumb\",\"itemListElement\":[{\"@type\":\"ListItem\",\"position\":1,\"name\":\"Home\",\"item\":\"https:\\\/\\\/www.amper-aufsperrdienst.de\\\/en\\\/\"},{\"@type\":\"ListItem\",\"position\":2,\"name\":\"Locksmith Munich Priel\"}]},{\"@type\":\"WebSite\",\"@id\":\"https:\\\/\\\/www.amper-aufsperrdienst.de\\\/en\\\/#website\",\"url\":\"https:\\\/\\\/www.amper-aufsperrdienst.de\\\/en\\\/\",\"name\":\"Locksmith for Munich, Dachau and F\u00fcrstenfeldbruck\",\"description\":\"Amper Aufsperrdienst\",\"potentialAction\":[{\"@type\":\"SearchAction\",\"target\":{\"@type\":\"EntryPoint\",\"urlTemplate\":\"https:\\\/\\\/www.amper-aufsperrdienst.de\\\/en\\\/?s={search_term_string}\"},\"query-input\":{\"@type\":\"PropertyValueSpecification\",\"valueRequired\":true,\"valueName\":\"search_term_string\"}}],\"inLanguage\":\"en-US\"}]}<\/script>\n<!-- \/ Yoast SEO plugin. -->","yoast_head_json":{"title":"Locksmith Munich Priel: from 52,- EUR fixed price","description":"Friendly and fast locksmith service Munich Priel with decades of experience, competent locksmiths, fixed price guarantee, and a free phone number: non-destructive door opening with the best locksmith tools. We are also happy to be there for you on Sundays and public holidays!","robots":{"index":"index","follow":"follow","max-snippet":"max-snippet:-1","max-image-preview":"max-image-preview:large","max-video-preview":"max-video-preview:-1"},"canonical":"https:\/\/www.amper-aufsperrdienst.de\/en\/locksmith-munich-priel\/","og_locale":"en_US","og_type":"article","og_title":"Locksmith Munich Priel: from 52,- EUR fixed price","og_description":"Friendly and fast locksmith service Munich Priel with decades of experience, competent locksmiths, fixed price guarantee, and a free phone number: non-destructive door opening with the best locksmith tools. We are also happy to be there for you on Sundays and public holidays!","og_url":"https:\/\/www.amper-aufsperrdienst.de\/en\/locksmith-munich-priel\/","og_site_name":"Locksmith for Munich, Dachau and F\u00fcrstenfeldbruck","article_modified_time":"2026-01-28T02:21:27+00:00","og_image":[{"url":"https:\/\/www.amper-aufsperrdienst.de\/wp-content\/uploads\/2021\/03\/schluesseldienst-muenchen-priel-festpreis-ab-52-siegel.jpg","type":"","width":"","height":""}],"twitter_misc":{"Est. reading time":"4 minutes"},"schema":{"@context":"https:\/\/schema.org","@graph":[{"@type":"WebPage","@id":"https:\/\/www.amper-aufsperrdienst.de\/en\/locksmith-munich-priel\/","url":"https:\/\/www.amper-aufsperrdienst.de\/en\/locksmith-munich-priel\/","name":"Locksmith Munich Priel: from 52,- EUR fixed price","isPartOf":{"@id":"https:\/\/www.amper-aufsperrdienst.de\/en\/#website"},"primaryImageOfPage":{"@id":"https:\/\/www.amper-aufsperrdienst.de\/en\/locksmith-munich-priel\/#primaryimage"},"image":{"@id":"https:\/\/www.amper-aufsperrdienst.de\/en\/locksmith-munich-priel\/#primaryimage"},"thumbnailUrl":"https:\/\/www.amper-aufsperrdienst.de\/wp-content\/uploads\/2021\/03\/schluesseldienst-muenchen-priel-festpreis-ab-52-siegel.jpg","datePublished":"2018-07-02T10:05:11+00:00","dateModified":"2026-01-28T02:21:27+00:00","description":"Friendly and fast locksmith service Munich Priel with decades of experience, competent locksmiths, fixed price guarantee, and a free phone number: non-destructive door opening with the best locksmith tools. We are also happy to be there for you on Sundays and public holidays!","breadcrumb":{"@id":"https:\/\/www.amper-aufsperrdienst.de\/en\/locksmith-munich-priel\/#breadcrumb"},"inLanguage":"en-US","potentialAction":[{"@type":"ReadAction","target":["https:\/\/www.amper-aufsperrdienst.de\/en\/locksmith-munich-priel\/"]}]},{"@type":"ImageObject","inLanguage":"en-US","@id":"https:\/\/www.amper-aufsperrdienst.de\/en\/locksmith-munich-priel\/#primaryimage","url":"https:\/\/www.amper-aufsperrdienst.de\/wp-content\/uploads\/2021\/03\/schluesseldienst-muenchen-priel-festpreis-ab-52-siegel.jpg","contentUrl":"https:\/\/www.amper-aufsperrdienst.de\/wp-content\/uploads\/2021\/03\/schluesseldienst-muenchen-priel-festpreis-ab-52-siegel.jpg"},{"@type":"BreadcrumbList","@id":"https:\/\/www.amper-aufsperrdienst.de\/en\/locksmith-munich-priel\/#breadcrumb","itemListElement":[{"@type":"ListItem","position":1,"name":"Home","item":"https:\/\/www.amper-aufsperrdienst.de\/en\/"},{"@type":"ListItem","position":2,"name":"Locksmith Munich Priel"}]},{"@type":"WebSite","@id":"https:\/\/www.amper-aufsperrdienst.de\/en\/#website","url":"https:\/\/www.amper-aufsperrdienst.de\/en\/","name":"Locksmith for Munich, Dachau and F\u00fcrstenfeldbruck","description":"Amper Aufsperrdienst","potentialAction":[{"@type":"SearchAction","target":{"@type":"EntryPoint","urlTemplate":"https:\/\/www.amper-aufsperrdienst.de\/en\/?s={search_term_string}"},"query-input":{"@type":"PropertyValueSpecification","valueRequired":true,"valueName":"search_term_string"}}],"inLanguage":"en-US"}]}},"_links":{"self":[{"href":"https:\/\/www.amper-aufsperrdienst.de\/en\/wp-json\/wp\/v2\/pages\/10947","targetHints":{"allow":["GET"]}}],"collection":[{"href":"https:\/\/www.amper-aufsperrdienst.de\/en\/wp-json\/wp\/v2\/pages"}],"about":[{"href":"https:\/\/www.amper-aufsperrdienst.de\/en\/wp-json\/wp\/v2\/types\/page"}],"author":[{"embeddable":true,"href":"https:\/\/www.amper-aufsperrdienst.de\/en\/wp-json\/wp\/v2\/users\/2"}],"replies":[{"embeddable":true,"href":"https:\/\/www.amper-aufsperrdienst.de\/en\/wp-json\/wp\/v2\/comments?post=10947"}],"version-history":[{"count":1,"href":"https:\/\/www.amper-aufsperrdienst.de\/en\/wp-json\/wp\/v2\/pages\/10947\/revisions"}],"predecessor-version":[{"id":13897,"href":"https:\/\/www.amper-aufsperrdienst.de\/en\/wp-json\/wp\/v2\/pages\/10947\/revisions\/13897"}],"wp:attachment":[{"href":"https:\/\/www.amper-aufsperrdienst.de\/en\/wp-json\/wp\/v2\/media?parent=10947"}],"curies":[{"name":"wp","href":"https:\/\/api.w.org\/{rel}","templated":true}]}}