{"id":10971,"date":"2017-12-26T21:45:53","date_gmt":"2017-12-26T19:45:53","guid":{"rendered":"https:\/\/www.amper-aufsperrdienst.de\/schluesseldienst-muenchen-prinzregentenplatz\/"},"modified":"2026-01-28T04:22:18","modified_gmt":"2026-01-28T02:22:18","slug":"locksmith-munich-prinzregentenplatz","status":"publish","type":"page","link":"https:\/\/www.amper-aufsperrdienst.de\/en\/locksmith-munich-prinzregentenplatz\/","title":{"rendered":"Locksmith Munich Prinzregentenplatz"},"content":{"rendered":"<p><img loading=\"lazy\" decoding=\"async\" class=\"alignleft\" style=\"margin-bottom: 5px !important;\" src=\"https:\/\/www.amper-aufsperrdienst.de\/wp-content\/uploads\/2021\/03\/schluesseldienst-muenchen-prinzregentenplatz-festpreis-ab-52-siegel.jpg\" alt=\"Amper Locksmith Opening Service muenchen-prinzregentenplatz with fixed price from 52,- EUR\" width=\"250\" height=\"250\" \/><\/p>\n<p>You are looking forward to your well-deserved after-work relaxation, have parked your car in the garage, and now want to unlock the front door, and just at that moment, your key breaks off. It had to happen sooner or later \u2013 the lock had been faulty for quite some time, but now it&#8217;s too late.<\/p>\n<p>Every day, hundreds of citizens in Germany lock themselves out because their front door simply closes, the key has been left somewhere, or it just breaks. In these moments, you are more than happy to be able to rely on a trustworthy and customer-oriented locksmith service like the popular Amper \u00d6ffnungsdienst.<\/p>\n          <!-- tarif -->\n<h2><b><span style=\"vertical-align: inherit;\"><span style=\"vertical-align: inherit;\">Our binding fixed prices start from \u20ac52.<\/span><\/span><\/b><\/h2>\n<p>Amper Locksmith Service is a fair locksmith service with transparent fixed prices:<\/p>\n<div class=\"table-title\">\n\tPRICE LIST  UNLOCK\n<\/div>\n<!-- Table part-->\n<table class=\"table\">\n  <thead class=\"header\">\n\t  <tr>\n     \t <th scope=\"col\">Time<\/th>\n     \t <th scope=\"col\">8 - 18<\/th>\n     \t <th scope=\"col\">18 - 22<\/th>\n     \t <th scope=\"col\">22 - 8<\/th>\n\t<\/tr>\n  <\/thead>\n  <tbody>\n     \t  <tr class=\"weekdays\">\n     \t  \t  <td class=\"tag\" data-label=\"Time\">Mo - Fr<\/td>\n     \t  \t  <td class=\"hrs tag\" data-label=\"8 - 18\">52,- \u20ac<\/td>\n     \t  \t  <td class=\"tag space\" data-label=\"18 - 22\">82,- \u20ac<\/td>\n     \t  \t  <td data-label=\"22 - 8\">95,- \u20ac<\/td>\n     \t  <\/tr>\n     <tr class=\"weekends\">\n     \t  \t  <td class=\"tag\" data-label=\"Time\">Sa<\/td>\n     \t  \t  <td class=\"tag\" data-label=\"8 - 18\">95,- \u20ac<\/td>\n     \t  \t  <td class=\"tag\" data-label=\"18 - 22\">95,- \u20ac<\/td>\n     \t  \t  <td data-label=\"22 - 8\">125,- \u20ac<\/td>\n     \t  <\/tr>\n     <tr class=\"holidays\">\n     \t  \t  <td class=\"tag\" data-label=\"Time\">So & holiday<\/td>\n     \t  \t  <td class=\"tag\" data-label=\"8 - 18\">125,- \u20ac<\/td>\n     \t  \t  <td class=\"tag\" data-label=\"18 - 22\">125,-\u20ac<\/td>\n     \t  \t  <td data-label=\"22 - 8\">125,-\u20ac<\/td>\n     \t  <\/tr>\n     <\/tbody>\n<\/table>\n<!-- Table Description-->\n<div class=\"table-description\">\n\t<em>Please call to inquire about travel costs.<\/em>\n<\/div>\n<!-- Wordings below -->\n<div class=\"wordings\">\n<p>The prices listed in this table are binding for unlocking a door that has slammed shut or been pulled shut (without self-locking mechanisms). Please feel free to contact us if you would like a price quote for other locksmith services. We will gladly provide you with a transparent, fixed-price offer.<\/p>\n<\/div>\n\n<!-- END Wordings -->\n\n\n\n<div class=\"ansprech\">Professional locksmith Munich Prinzregentenplatz with fixed price guarantee<br \/>\n<h3 class=\"phone mobilesOnly\"><a href=\"tel:+498000131131\">0800 \/ 0 131 131<\/a><\/h3><h3 class=\"phone desktopOnly\"><a href=\"tel:+498000131131\">0800 \/ 0 131 131<\/a><\/h3>Available for you day and night, even on holidays, 24\/7!<\/div>\n<h2>Fast door opening at Prinzregentenplatz, around the clock at a fixed price<\/h2>\n<p>The experts around company owner Mario Pichelmaier are usually at your place at Prinzregentenplatz in just about 30 minutes. This means our locksmith service is not only faster than the police are allowed to be, but also offers you a service that is available 24\/7\u2014whether you lock yourself out on regular weekdays, weekends, or public holidays.<\/p>\n<p>And the very best part is: You can call us completely free of charge, as we provide a toll-free 0800 number. That seems pretty unbeatable &#8211; but wait! We can actually top that, because we also offer a fixed-price guarantee! Just ask us for a price when you call, and after a brief description of the situation, we are able to give you a fixed price. At Amper Lockout Service, the customer is truly still treated like a king.<\/p>\n<h2>Prinzregentenplatz in Munich<\/h2>\n<p>By the way, our prices apply not only at Prinzregentenplatz but also in many other parts of Bogenhausen and the surrounding area. Named after Prince Regent Luitpold, Prinzregentenplatz features beautiful buildings from the Gr\u00fcnderzeit, a fountain, the Richard Wagner monument, and the lovely Prinzregententheater. By the way, Adolf Hitler&#8217;s private apartment was also located at Prinzregentenplatz 16, which is now a police station.<\/p>\n<p>The most important surrounding streets, in addition to Prinzregentenstra\u00dfe, include Grillparzerstra\u00dfe, Possartstra\u00dfe, Lucile-Grahn-Stra\u00dfe, Nigerstra\u00dfe, Zumpestra\u00dfe, Lamontstra\u00dfe, Kopernikusstra\u00dfe, Keplerstra\u00dfe, M\u00fchlbaurstra\u00dfe, Zaubzerstra\u00dfe, Wilhelm-Tell-Stra\u00dfe, and Stuckstra\u00dfe. Thanks to the U-Bahn station of the same name, Prinzregentenplatz is excellently connected to public transport.<\/p>\n<h2>With more security against burglars<\/h2>\n<p>Do you feel that your area has become less safe? Have you even heard about burglaries in your neighborhood? Then it might be time to have a security analysis carried out in your own apartment or house. The team around Mario Pichelmaier can reliably help here as well, and our experts will carry out the necessary installation of security measures with the required experience. Just give us a call for free, and we will come to you!<\/p>\n<div class=\"ansprech\">Experts in security technology and door openings Munich Prinzregentenplatz with fixed price guarantee<br \/>\n<h3 class=\"phone mobilesOnly\"><a href=\"tel:+498000131131\">0800 \/ 0 131 131<\/a><\/h3><h3 class=\"phone desktopOnly\"><a href=\"tel:+498000131131\">0800 \/ 0 131 131<\/a><\/h3>The locksmith is also available for you at night and on holidays!<\/div>\n","protected":false},"excerpt":{"rendered":"<p>You are looking forward to your well-deserved after-work relaxation, have parked your car in the garage, and now want to unlock the front door, and just at that moment, your key breaks off. It had to happen sooner or later \u2013 the lock had been faulty for quite some time, but now it&#8217;s too late. [&hellip;]<\/p>\n","protected":false},"author":2,"featured_media":0,"parent":0,"menu_order":0,"comment_status":"closed","ping_status":"closed","template":"","meta":{"footnotes":"","_links_to":"","_links_to_target":""},"class_list":["post-10971","page","type-page","status-publish","hentry"],"yoast_head":"<!-- This site is optimized with the Yoast SEO plugin v27.4 - https:\/\/yoast.com\/product\/yoast-seo-wordpress\/ -->\n<title>Locksmith Munich Prinzregentenplatz: fixed price from 52 EUR<\/title>\n<meta name=\"description\" content=\"Competent locksmith service Munich Prinzregentenplatz with free emergency call, fast 24-hour service &amp; fixed price guarantee: door opening without damage!\" \/>\n<meta name=\"robots\" content=\"index, follow, max-snippet:-1, max-image-preview:large, max-video-preview:-1\" \/>\n<link rel=\"canonical\" href=\"https:\/\/www.amper-aufsperrdienst.de\/en\/locksmith-munich-prinzregentenplatz\/\" \/>\n<meta property=\"og:locale\" content=\"en_US\" \/>\n<meta property=\"og:type\" content=\"article\" \/>\n<meta property=\"og:title\" content=\"Locksmith Munich Prinzregentenplatz: fixed price from 52 EUR\" \/>\n<meta property=\"og:description\" content=\"Competent locksmith service Munich Prinzregentenplatz with free emergency call, fast 24-hour service &amp; fixed price guarantee: door opening without damage!\" \/>\n<meta property=\"og:url\" content=\"https:\/\/www.amper-aufsperrdienst.de\/en\/locksmith-munich-prinzregentenplatz\/\" \/>\n<meta property=\"og:site_name\" content=\"Locksmith for Munich, Dachau and F\u00fcrstenfeldbruck\" \/>\n<meta property=\"article:modified_time\" content=\"2026-01-28T02:22:18+00:00\" \/>\n<meta property=\"og:image\" content=\"https:\/\/www.amper-aufsperrdienst.de\/wp-content\/uploads\/2021\/03\/schluesseldienst-muenchen-prinzregentenplatz-festpreis-ab-52-siegel.jpg\" \/>\n<meta name=\"twitter:label1\" content=\"Est. reading time\" \/>\n\t<meta name=\"twitter:data1\" content=\"3 minutes\" \/>\n<script type=\"application\/ld+json\" class=\"yoast-schema-graph\">{\"@context\":\"https:\\\/\\\/schema.org\",\"@graph\":[{\"@type\":\"WebPage\",\"@id\":\"https:\\\/\\\/www.amper-aufsperrdienst.de\\\/en\\\/locksmith-munich-prinzregentenplatz\\\/\",\"url\":\"https:\\\/\\\/www.amper-aufsperrdienst.de\\\/en\\\/locksmith-munich-prinzregentenplatz\\\/\",\"name\":\"Locksmith Munich Prinzregentenplatz: fixed price from 52 EUR\",\"isPartOf\":{\"@id\":\"https:\\\/\\\/www.amper-aufsperrdienst.de\\\/en\\\/#website\"},\"primaryImageOfPage\":{\"@id\":\"https:\\\/\\\/www.amper-aufsperrdienst.de\\\/en\\\/locksmith-munich-prinzregentenplatz\\\/#primaryimage\"},\"image\":{\"@id\":\"https:\\\/\\\/www.amper-aufsperrdienst.de\\\/en\\\/locksmith-munich-prinzregentenplatz\\\/#primaryimage\"},\"thumbnailUrl\":\"https:\\\/\\\/www.amper-aufsperrdienst.de\\\/wp-content\\\/uploads\\\/2021\\\/03\\\/schluesseldienst-muenchen-prinzregentenplatz-festpreis-ab-52-siegel.jpg\",\"datePublished\":\"2017-12-26T19:45:53+00:00\",\"dateModified\":\"2026-01-28T02:22:18+00:00\",\"description\":\"Competent locksmith service Munich Prinzregentenplatz with free emergency call, fast 24-hour service & fixed price guarantee: door opening without damage!\",\"breadcrumb\":{\"@id\":\"https:\\\/\\\/www.amper-aufsperrdienst.de\\\/en\\\/locksmith-munich-prinzregentenplatz\\\/#breadcrumb\"},\"inLanguage\":\"en-US\",\"potentialAction\":[{\"@type\":\"ReadAction\",\"target\":[\"https:\\\/\\\/www.amper-aufsperrdienst.de\\\/en\\\/locksmith-munich-prinzregentenplatz\\\/\"]}]},{\"@type\":\"ImageObject\",\"inLanguage\":\"en-US\",\"@id\":\"https:\\\/\\\/www.amper-aufsperrdienst.de\\\/en\\\/locksmith-munich-prinzregentenplatz\\\/#primaryimage\",\"url\":\"https:\\\/\\\/www.amper-aufsperrdienst.de\\\/wp-content\\\/uploads\\\/2021\\\/03\\\/schluesseldienst-muenchen-prinzregentenplatz-festpreis-ab-52-siegel.jpg\",\"contentUrl\":\"https:\\\/\\\/www.amper-aufsperrdienst.de\\\/wp-content\\\/uploads\\\/2021\\\/03\\\/schluesseldienst-muenchen-prinzregentenplatz-festpreis-ab-52-siegel.jpg\"},{\"@type\":\"BreadcrumbList\",\"@id\":\"https:\\\/\\\/www.amper-aufsperrdienst.de\\\/en\\\/locksmith-munich-prinzregentenplatz\\\/#breadcrumb\",\"itemListElement\":[{\"@type\":\"ListItem\",\"position\":1,\"name\":\"Home\",\"item\":\"https:\\\/\\\/www.amper-aufsperrdienst.de\\\/en\\\/\"},{\"@type\":\"ListItem\",\"position\":2,\"name\":\"Locksmith Munich Prinzregentenplatz\"}]},{\"@type\":\"WebSite\",\"@id\":\"https:\\\/\\\/www.amper-aufsperrdienst.de\\\/en\\\/#website\",\"url\":\"https:\\\/\\\/www.amper-aufsperrdienst.de\\\/en\\\/\",\"name\":\"Locksmith for Munich, Dachau and F\u00fcrstenfeldbruck\",\"description\":\"Amper Aufsperrdienst\",\"potentialAction\":[{\"@type\":\"SearchAction\",\"target\":{\"@type\":\"EntryPoint\",\"urlTemplate\":\"https:\\\/\\\/www.amper-aufsperrdienst.de\\\/en\\\/?s={search_term_string}\"},\"query-input\":{\"@type\":\"PropertyValueSpecification\",\"valueRequired\":true,\"valueName\":\"search_term_string\"}}],\"inLanguage\":\"en-US\"}]}<\/script>\n<!-- \/ Yoast SEO plugin. -->","yoast_head_json":{"title":"Locksmith Munich Prinzregentenplatz: fixed price from 52 EUR","description":"Competent locksmith service Munich Prinzregentenplatz with free emergency call, fast 24-hour service & fixed price guarantee: door opening without damage!","robots":{"index":"index","follow":"follow","max-snippet":"max-snippet:-1","max-image-preview":"max-image-preview:large","max-video-preview":"max-video-preview:-1"},"canonical":"https:\/\/www.amper-aufsperrdienst.de\/en\/locksmith-munich-prinzregentenplatz\/","og_locale":"en_US","og_type":"article","og_title":"Locksmith Munich Prinzregentenplatz: fixed price from 52 EUR","og_description":"Competent locksmith service Munich Prinzregentenplatz with free emergency call, fast 24-hour service & fixed price guarantee: door opening without damage!","og_url":"https:\/\/www.amper-aufsperrdienst.de\/en\/locksmith-munich-prinzregentenplatz\/","og_site_name":"Locksmith for Munich, Dachau and F\u00fcrstenfeldbruck","article_modified_time":"2026-01-28T02:22:18+00:00","og_image":[{"url":"https:\/\/www.amper-aufsperrdienst.de\/wp-content\/uploads\/2021\/03\/schluesseldienst-muenchen-prinzregentenplatz-festpreis-ab-52-siegel.jpg","type":"","width":"","height":""}],"twitter_misc":{"Est. reading time":"3 minutes"},"schema":{"@context":"https:\/\/schema.org","@graph":[{"@type":"WebPage","@id":"https:\/\/www.amper-aufsperrdienst.de\/en\/locksmith-munich-prinzregentenplatz\/","url":"https:\/\/www.amper-aufsperrdienst.de\/en\/locksmith-munich-prinzregentenplatz\/","name":"Locksmith Munich Prinzregentenplatz: fixed price from 52 EUR","isPartOf":{"@id":"https:\/\/www.amper-aufsperrdienst.de\/en\/#website"},"primaryImageOfPage":{"@id":"https:\/\/www.amper-aufsperrdienst.de\/en\/locksmith-munich-prinzregentenplatz\/#primaryimage"},"image":{"@id":"https:\/\/www.amper-aufsperrdienst.de\/en\/locksmith-munich-prinzregentenplatz\/#primaryimage"},"thumbnailUrl":"https:\/\/www.amper-aufsperrdienst.de\/wp-content\/uploads\/2021\/03\/schluesseldienst-muenchen-prinzregentenplatz-festpreis-ab-52-siegel.jpg","datePublished":"2017-12-26T19:45:53+00:00","dateModified":"2026-01-28T02:22:18+00:00","description":"Competent locksmith service Munich Prinzregentenplatz with free emergency call, fast 24-hour service & fixed price guarantee: door opening without damage!","breadcrumb":{"@id":"https:\/\/www.amper-aufsperrdienst.de\/en\/locksmith-munich-prinzregentenplatz\/#breadcrumb"},"inLanguage":"en-US","potentialAction":[{"@type":"ReadAction","target":["https:\/\/www.amper-aufsperrdienst.de\/en\/locksmith-munich-prinzregentenplatz\/"]}]},{"@type":"ImageObject","inLanguage":"en-US","@id":"https:\/\/www.amper-aufsperrdienst.de\/en\/locksmith-munich-prinzregentenplatz\/#primaryimage","url":"https:\/\/www.amper-aufsperrdienst.de\/wp-content\/uploads\/2021\/03\/schluesseldienst-muenchen-prinzregentenplatz-festpreis-ab-52-siegel.jpg","contentUrl":"https:\/\/www.amper-aufsperrdienst.de\/wp-content\/uploads\/2021\/03\/schluesseldienst-muenchen-prinzregentenplatz-festpreis-ab-52-siegel.jpg"},{"@type":"BreadcrumbList","@id":"https:\/\/www.amper-aufsperrdienst.de\/en\/locksmith-munich-prinzregentenplatz\/#breadcrumb","itemListElement":[{"@type":"ListItem","position":1,"name":"Home","item":"https:\/\/www.amper-aufsperrdienst.de\/en\/"},{"@type":"ListItem","position":2,"name":"Locksmith Munich Prinzregentenplatz"}]},{"@type":"WebSite","@id":"https:\/\/www.amper-aufsperrdienst.de\/en\/#website","url":"https:\/\/www.amper-aufsperrdienst.de\/en\/","name":"Locksmith for Munich, Dachau and F\u00fcrstenfeldbruck","description":"Amper Aufsperrdienst","potentialAction":[{"@type":"SearchAction","target":{"@type":"EntryPoint","urlTemplate":"https:\/\/www.amper-aufsperrdienst.de\/en\/?s={search_term_string}"},"query-input":{"@type":"PropertyValueSpecification","valueRequired":true,"valueName":"search_term_string"}}],"inLanguage":"en-US"}]}},"_links":{"self":[{"href":"https:\/\/www.amper-aufsperrdienst.de\/en\/wp-json\/wp\/v2\/pages\/10971","targetHints":{"allow":["GET"]}}],"collection":[{"href":"https:\/\/www.amper-aufsperrdienst.de\/en\/wp-json\/wp\/v2\/pages"}],"about":[{"href":"https:\/\/www.amper-aufsperrdienst.de\/en\/wp-json\/wp\/v2\/types\/page"}],"author":[{"embeddable":true,"href":"https:\/\/www.amper-aufsperrdienst.de\/en\/wp-json\/wp\/v2\/users\/2"}],"replies":[{"embeddable":true,"href":"https:\/\/www.amper-aufsperrdienst.de\/en\/wp-json\/wp\/v2\/comments?post=10971"}],"version-history":[{"count":1,"href":"https:\/\/www.amper-aufsperrdienst.de\/en\/wp-json\/wp\/v2\/pages\/10971\/revisions"}],"predecessor-version":[{"id":13904,"href":"https:\/\/www.amper-aufsperrdienst.de\/en\/wp-json\/wp\/v2\/pages\/10971\/revisions\/13904"}],"wp:attachment":[{"href":"https:\/\/www.amper-aufsperrdienst.de\/en\/wp-json\/wp\/v2\/media?parent=10971"}],"curies":[{"name":"wp","href":"https:\/\/api.w.org\/{rel}","templated":true}]}}