{"id":10989,"date":"2018-02-28T13:26:45","date_gmt":"2018-02-28T11:26:45","guid":{"rendered":"https:\/\/www.amper-aufsperrdienst.de\/schluesseldienst-muenchen-professor-huber-platz\/"},"modified":"2026-01-28T04:23:12","modified_gmt":"2026-01-28T02:23:12","slug":"locksmith-munich-professor-huber-platz","status":"publish","type":"page","link":"https:\/\/www.amper-aufsperrdienst.de\/en\/locksmith-munich-professor-huber-platz\/","title":{"rendered":"Locksmith Munich Professor-Huber-Platz"},"content":{"rendered":"<p><img loading=\"lazy\" decoding=\"async\" class=\"alignleft\" style=\"margin-bottom: 5px !important;\" src=\"https:\/\/www.amper-aufsperrdienst.de\/wp-content\/uploads\/2021\/03\/schluesseldienst-muenchen-professor-huber-platz-festpreis-ab-52-siegel.jpg\" alt=\"Amper Locksmith Service - Munich Professor-Huber-Platz with fixed price from \u20ac52\" width=\"250\" height=\"250\"><\/p>\n<p>Do you live at Professor-Huber-Platz in Munich, but can&#8217;t find your key and, as a result, can&#8217;t get into your apartment? Don&#8217;t panic, because our Munich Professor-Huber-Platz locksmith service will be at your place in about 30 minutes and will unlock your closed or locked door again at a fair fixed price. With us, you get a damage-free door opening so you can enter your apartment as quickly as possible. By the way, as a genuine emergency locksmith service, we are also available for you at any time on Sundays and public holidays!<\/p>\n          <!-- tarif -->\n<h2><b><span style=\"vertical-align: inherit;\"><span style=\"vertical-align: inherit;\">Our binding fixed prices start from \u20ac52.<\/span><\/span><\/b><\/h2>\n<p>Amper Locksmith Service is a fair locksmith service with transparent fixed prices:<\/p>\n<div class=\"table-title\">\n\tPRICE LIST  UNLOCK\n<\/div>\n<!-- Table part-->\n<table class=\"table\">\n  <thead class=\"header\">\n\t  <tr>\n     \t <th scope=\"col\">Time<\/th>\n     \t <th scope=\"col\">8 - 18<\/th>\n     \t <th scope=\"col\">18 - 22<\/th>\n     \t <th scope=\"col\">22 - 8<\/th>\n\t<\/tr>\n  <\/thead>\n  <tbody>\n     \t  <tr class=\"weekdays\">\n     \t  \t  <td class=\"tag\" data-label=\"Time\">Mo - Fr<\/td>\n     \t  \t  <td class=\"hrs tag\" data-label=\"8 - 18\">52,- \u20ac<\/td>\n     \t  \t  <td class=\"tag space\" data-label=\"18 - 22\">82,- \u20ac<\/td>\n     \t  \t  <td data-label=\"22 - 8\">95,- \u20ac<\/td>\n     \t  <\/tr>\n     <tr class=\"weekends\">\n     \t  \t  <td class=\"tag\" data-label=\"Time\">Sa<\/td>\n     \t  \t  <td class=\"tag\" data-label=\"8 - 18\">95,- \u20ac<\/td>\n     \t  \t  <td class=\"tag\" data-label=\"18 - 22\">95,- \u20ac<\/td>\n     \t  \t  <td data-label=\"22 - 8\">125,- \u20ac<\/td>\n     \t  <\/tr>\n     <tr class=\"holidays\">\n     \t  \t  <td class=\"tag\" data-label=\"Time\">So & holiday<\/td>\n     \t  \t  <td class=\"tag\" data-label=\"8 - 18\">125,- \u20ac<\/td>\n     \t  \t  <td class=\"tag\" data-label=\"18 - 22\">125,-\u20ac<\/td>\n     \t  \t  <td data-label=\"22 - 8\">125,-\u20ac<\/td>\n     \t  <\/tr>\n     <\/tbody>\n<\/table>\n<!-- Table Description-->\n<div class=\"table-description\">\n\t<em>Please call to inquire about travel costs.<\/em>\n<\/div>\n<!-- Wordings below -->\n<div class=\"wordings\">\n<p>The prices listed in this table are binding for unlocking a door that has slammed shut or been pulled shut (without self-locking mechanisms). Please feel free to contact us if you would like a price quote for other locksmith services. We will gladly provide you with a transparent, fixed-price offer.<\/p>\n<\/div>\n\n<!-- END Wordings -->\n\n\n\n<div class=\"ansprech\">Competent locksmith service Munich Professor-Huber-Platz already in its 3rd generation<br \/><h3 class=\"phone mobilesOnly\"><a href=\"tel:+498000131131\">0800 \/ 0 131 131<\/a><\/h3><h3 class=\"phone desktopOnly\"><a href=\"tel:+498000131131\">0800 \/ 0 131 131<\/a><\/h3>Available free of charge at any time, including Sundays and holidays; non-destructive door opening at a fixed, binding price<\/div>\n<h2>Genuine traditional company with a lot of experience<\/h2>\n<p>Whether we can assist you with a non-damaging lockout or with a service in the field of security technology: The team led by company owner Mario Pichelmaier is here for you. As a traditional company, we not only look back on a long history but above all on many years of experience, which we put to use every single day. Since we use only professional specialized tools for a quick door opening, we can guarantee you a success rate of over 99% for doors that are simply closed. Our expertise also makes it possible for Mario Pichelmaier&#8217;s team to install professional locks or carry out a thorough security analysis. Are you interested and would like to get advice? Contact our Munich locksmith service at Professor-Huber-Platz today. <\/p>\n<h2>Professor-Huber-Platz in Munich&#8217;s Maxvorstadt<\/h2>\n<p>Professor-Huber-Platz, located in Munich&#8217;s Maxvorstadt, is surrounded by Adalbertstra\u00dfe, Ludwigstra\u00dfe, Amalienstra\u00dfe, and Schellingstra\u00dfe. Along Ludwigstra\u00dfe, the square is home to the LMU, that is, many buildings of the Ludwig Maximilian University, as well as the Georgianum. The Georgianum is an art collection located in the Catholic seminary, but it is only open to the public by appointment.   <\/p>\n<p>On the square, you can also find the Eastern Basin Fountain. The model for this fountain is located on the western half of St. Peter&#8217;s Square in Rome. For this reason, the Basin Fountain is also referred to as the Roman Fountain. The fountain basin is hexagonal and made of granite, while the basins are made of bronze-cast iron.<\/p>\n<h2>Quick Door Opening: Available Around the Clock as an Emergency Locksmith<\/h2>\n<p>Have you ever experienced the following situation: you accidentally locked yourself out on a weekend or holiday, and all the locksmiths are closed and therefore cannot help you? With the team led by Mario Pichelmaier, such situations are a thing of the past, because we always carry out door openings without causing damage. This means that you can reach us via our toll-free number not only on weekdays but also on holidays or weekends.<\/p>\n<h2>Locksmith Munich Professor-Huber-Platz with fair fixed prices<\/h2>\n<p>For every call-out, we have our specialized tools with us so that we can help you immediately. Of course, our locksmith Munich Professor-Huber-Platz does not charge absurdly high markups or extra fees. We rely on trust and transparency and therefore provide you with our fairly calculated fixed prices directly over the phone, which of course also apply on-site.<\/p>\n<div class=\"ansprech\">Competent locksmith Munich Professor-Huber-Platz already in the 3rd generation<br \/>\n<h3 class=\"phone mobilesOnly\"><a href=\"tel:+498000131131\">0800 \/ 0 131 131<\/a><\/h3><h3 class=\"phone desktopOnly\"><a href=\"tel:+498000131131\">0800 \/ 0 131 131<\/a><\/h3>Available free of charge at any time, even on Sundays and public holidays; non-destructive door opening at a fixed, binding price<\/div>\n","protected":false},"excerpt":{"rendered":"<p>Do you live at Professor-Huber-Platz in Munich, but can&#8217;t find your key and, as a result, can&#8217;t get into your apartment? Don&#8217;t panic, because our Munich Professor-Huber-Platz locksmith service will be at your place in about 30 minutes and will unlock your closed or locked door again at a fair fixed price. With us, you [&hellip;]<\/p>\n","protected":false},"author":2,"featured_media":0,"parent":0,"menu_order":0,"comment_status":"closed","ping_status":"closed","template":"","meta":{"footnotes":"","_links_to":"","_links_to_target":""},"class_list":["post-10989","page","type-page","status-publish","hentry"],"yoast_head":"<!-- This site is optimized with the Yoast SEO plugin v27.4 - https:\/\/yoast.com\/product\/yoast-seo-wordpress\/ -->\n<title>Locksmith Munich Professor-Huber-Platz: fixed price from 52 EUR<\/title>\n<meta name=\"description\" content=\"Experienced and fast locksmith service Munich Professor-Huber-Platz with reliable staff, 24-hour emergency service, and free number: non-destructive door opening with special tools. At your place in about 30 minutes. Also available on Sundays or public holidays at any time, free of charge. Friendly locksmiths.\" \/>\n<meta name=\"robots\" content=\"index, follow, max-snippet:-1, max-image-preview:large, max-video-preview:-1\" \/>\n<link rel=\"canonical\" href=\"https:\/\/www.amper-aufsperrdienst.de\/en\/locksmith-munich-professor-huber-platz\/\" \/>\n<meta property=\"og:locale\" content=\"en_US\" \/>\n<meta property=\"og:type\" content=\"article\" \/>\n<meta property=\"og:title\" content=\"Locksmith Munich Professor-Huber-Platz: fixed price from 52 EUR\" \/>\n<meta property=\"og:description\" content=\"Experienced and fast locksmith service Munich Professor-Huber-Platz with reliable staff, 24-hour emergency service, and free number: non-destructive door opening with special tools. At your place in about 30 minutes. Also available on Sundays or public holidays at any time, free of charge. Friendly locksmiths.\" \/>\n<meta property=\"og:url\" content=\"https:\/\/www.amper-aufsperrdienst.de\/en\/locksmith-munich-professor-huber-platz\/\" \/>\n<meta property=\"og:site_name\" content=\"Locksmith for Munich, Dachau and F\u00fcrstenfeldbruck\" \/>\n<meta property=\"article:modified_time\" content=\"2026-01-28T02:23:12+00:00\" \/>\n<meta property=\"og:image\" content=\"https:\/\/www.amper-aufsperrdienst.de\/wp-content\/uploads\/2021\/03\/schluesseldienst-muenchen-professor-huber-platz-festpreis-ab-52-siegel.jpg\" \/>\n<meta name=\"twitter:label1\" content=\"Est. reading time\" \/>\n\t<meta name=\"twitter:data1\" content=\"4 minutes\" \/>\n<script type=\"application\/ld+json\" class=\"yoast-schema-graph\">{\"@context\":\"https:\\\/\\\/schema.org\",\"@graph\":[{\"@type\":\"WebPage\",\"@id\":\"https:\\\/\\\/www.amper-aufsperrdienst.de\\\/en\\\/locksmith-munich-professor-huber-platz\\\/\",\"url\":\"https:\\\/\\\/www.amper-aufsperrdienst.de\\\/en\\\/locksmith-munich-professor-huber-platz\\\/\",\"name\":\"Locksmith Munich Professor-Huber-Platz: fixed price from 52 EUR\",\"isPartOf\":{\"@id\":\"https:\\\/\\\/www.amper-aufsperrdienst.de\\\/en\\\/#website\"},\"primaryImageOfPage\":{\"@id\":\"https:\\\/\\\/www.amper-aufsperrdienst.de\\\/en\\\/locksmith-munich-professor-huber-platz\\\/#primaryimage\"},\"image\":{\"@id\":\"https:\\\/\\\/www.amper-aufsperrdienst.de\\\/en\\\/locksmith-munich-professor-huber-platz\\\/#primaryimage\"},\"thumbnailUrl\":\"https:\\\/\\\/www.amper-aufsperrdienst.de\\\/wp-content\\\/uploads\\\/2021\\\/03\\\/schluesseldienst-muenchen-professor-huber-platz-festpreis-ab-52-siegel.jpg\",\"datePublished\":\"2018-02-28T11:26:45+00:00\",\"dateModified\":\"2026-01-28T02:23:12+00:00\",\"description\":\"Experienced and fast locksmith service Munich Professor-Huber-Platz with reliable staff, 24-hour emergency service, and free number: non-destructive door opening with special tools. At your place in about 30 minutes. Also available on Sundays or public holidays at any time, free of charge. Friendly locksmiths.\",\"breadcrumb\":{\"@id\":\"https:\\\/\\\/www.amper-aufsperrdienst.de\\\/en\\\/locksmith-munich-professor-huber-platz\\\/#breadcrumb\"},\"inLanguage\":\"en-US\",\"potentialAction\":[{\"@type\":\"ReadAction\",\"target\":[\"https:\\\/\\\/www.amper-aufsperrdienst.de\\\/en\\\/locksmith-munich-professor-huber-platz\\\/\"]}]},{\"@type\":\"ImageObject\",\"inLanguage\":\"en-US\",\"@id\":\"https:\\\/\\\/www.amper-aufsperrdienst.de\\\/en\\\/locksmith-munich-professor-huber-platz\\\/#primaryimage\",\"url\":\"https:\\\/\\\/www.amper-aufsperrdienst.de\\\/wp-content\\\/uploads\\\/2021\\\/03\\\/schluesseldienst-muenchen-professor-huber-platz-festpreis-ab-52-siegel.jpg\",\"contentUrl\":\"https:\\\/\\\/www.amper-aufsperrdienst.de\\\/wp-content\\\/uploads\\\/2021\\\/03\\\/schluesseldienst-muenchen-professor-huber-platz-festpreis-ab-52-siegel.jpg\"},{\"@type\":\"BreadcrumbList\",\"@id\":\"https:\\\/\\\/www.amper-aufsperrdienst.de\\\/en\\\/locksmith-munich-professor-huber-platz\\\/#breadcrumb\",\"itemListElement\":[{\"@type\":\"ListItem\",\"position\":1,\"name\":\"Home\",\"item\":\"https:\\\/\\\/www.amper-aufsperrdienst.de\\\/en\\\/\"},{\"@type\":\"ListItem\",\"position\":2,\"name\":\"Locksmith Munich Professor-Huber-Platz\"}]},{\"@type\":\"WebSite\",\"@id\":\"https:\\\/\\\/www.amper-aufsperrdienst.de\\\/en\\\/#website\",\"url\":\"https:\\\/\\\/www.amper-aufsperrdienst.de\\\/en\\\/\",\"name\":\"Locksmith for Munich, Dachau and F\u00fcrstenfeldbruck\",\"description\":\"Amper Aufsperrdienst\",\"potentialAction\":[{\"@type\":\"SearchAction\",\"target\":{\"@type\":\"EntryPoint\",\"urlTemplate\":\"https:\\\/\\\/www.amper-aufsperrdienst.de\\\/en\\\/?s={search_term_string}\"},\"query-input\":{\"@type\":\"PropertyValueSpecification\",\"valueRequired\":true,\"valueName\":\"search_term_string\"}}],\"inLanguage\":\"en-US\"}]}<\/script>\n<!-- \/ Yoast SEO plugin. -->","yoast_head_json":{"title":"Locksmith Munich Professor-Huber-Platz: fixed price from 52 EUR","description":"Experienced and fast locksmith service Munich Professor-Huber-Platz with reliable staff, 24-hour emergency service, and free number: non-destructive door opening with special tools. At your place in about 30 minutes. Also available on Sundays or public holidays at any time, free of charge. Friendly locksmiths.","robots":{"index":"index","follow":"follow","max-snippet":"max-snippet:-1","max-image-preview":"max-image-preview:large","max-video-preview":"max-video-preview:-1"},"canonical":"https:\/\/www.amper-aufsperrdienst.de\/en\/locksmith-munich-professor-huber-platz\/","og_locale":"en_US","og_type":"article","og_title":"Locksmith Munich Professor-Huber-Platz: fixed price from 52 EUR","og_description":"Experienced and fast locksmith service Munich Professor-Huber-Platz with reliable staff, 24-hour emergency service, and free number: non-destructive door opening with special tools. At your place in about 30 minutes. Also available on Sundays or public holidays at any time, free of charge. Friendly locksmiths.","og_url":"https:\/\/www.amper-aufsperrdienst.de\/en\/locksmith-munich-professor-huber-platz\/","og_site_name":"Locksmith for Munich, Dachau and F\u00fcrstenfeldbruck","article_modified_time":"2026-01-28T02:23:12+00:00","og_image":[{"url":"https:\/\/www.amper-aufsperrdienst.de\/wp-content\/uploads\/2021\/03\/schluesseldienst-muenchen-professor-huber-platz-festpreis-ab-52-siegel.jpg","type":"","width":"","height":""}],"twitter_misc":{"Est. reading time":"4 minutes"},"schema":{"@context":"https:\/\/schema.org","@graph":[{"@type":"WebPage","@id":"https:\/\/www.amper-aufsperrdienst.de\/en\/locksmith-munich-professor-huber-platz\/","url":"https:\/\/www.amper-aufsperrdienst.de\/en\/locksmith-munich-professor-huber-platz\/","name":"Locksmith Munich Professor-Huber-Platz: fixed price from 52 EUR","isPartOf":{"@id":"https:\/\/www.amper-aufsperrdienst.de\/en\/#website"},"primaryImageOfPage":{"@id":"https:\/\/www.amper-aufsperrdienst.de\/en\/locksmith-munich-professor-huber-platz\/#primaryimage"},"image":{"@id":"https:\/\/www.amper-aufsperrdienst.de\/en\/locksmith-munich-professor-huber-platz\/#primaryimage"},"thumbnailUrl":"https:\/\/www.amper-aufsperrdienst.de\/wp-content\/uploads\/2021\/03\/schluesseldienst-muenchen-professor-huber-platz-festpreis-ab-52-siegel.jpg","datePublished":"2018-02-28T11:26:45+00:00","dateModified":"2026-01-28T02:23:12+00:00","description":"Experienced and fast locksmith service Munich Professor-Huber-Platz with reliable staff, 24-hour emergency service, and free number: non-destructive door opening with special tools. At your place in about 30 minutes. Also available on Sundays or public holidays at any time, free of charge. Friendly locksmiths.","breadcrumb":{"@id":"https:\/\/www.amper-aufsperrdienst.de\/en\/locksmith-munich-professor-huber-platz\/#breadcrumb"},"inLanguage":"en-US","potentialAction":[{"@type":"ReadAction","target":["https:\/\/www.amper-aufsperrdienst.de\/en\/locksmith-munich-professor-huber-platz\/"]}]},{"@type":"ImageObject","inLanguage":"en-US","@id":"https:\/\/www.amper-aufsperrdienst.de\/en\/locksmith-munich-professor-huber-platz\/#primaryimage","url":"https:\/\/www.amper-aufsperrdienst.de\/wp-content\/uploads\/2021\/03\/schluesseldienst-muenchen-professor-huber-platz-festpreis-ab-52-siegel.jpg","contentUrl":"https:\/\/www.amper-aufsperrdienst.de\/wp-content\/uploads\/2021\/03\/schluesseldienst-muenchen-professor-huber-platz-festpreis-ab-52-siegel.jpg"},{"@type":"BreadcrumbList","@id":"https:\/\/www.amper-aufsperrdienst.de\/en\/locksmith-munich-professor-huber-platz\/#breadcrumb","itemListElement":[{"@type":"ListItem","position":1,"name":"Home","item":"https:\/\/www.amper-aufsperrdienst.de\/en\/"},{"@type":"ListItem","position":2,"name":"Locksmith Munich Professor-Huber-Platz"}]},{"@type":"WebSite","@id":"https:\/\/www.amper-aufsperrdienst.de\/en\/#website","url":"https:\/\/www.amper-aufsperrdienst.de\/en\/","name":"Locksmith for Munich, Dachau and F\u00fcrstenfeldbruck","description":"Amper Aufsperrdienst","potentialAction":[{"@type":"SearchAction","target":{"@type":"EntryPoint","urlTemplate":"https:\/\/www.amper-aufsperrdienst.de\/en\/?s={search_term_string}"},"query-input":{"@type":"PropertyValueSpecification","valueRequired":true,"valueName":"search_term_string"}}],"inLanguage":"en-US"}]}},"_links":{"self":[{"href":"https:\/\/www.amper-aufsperrdienst.de\/en\/wp-json\/wp\/v2\/pages\/10989","targetHints":{"allow":["GET"]}}],"collection":[{"href":"https:\/\/www.amper-aufsperrdienst.de\/en\/wp-json\/wp\/v2\/pages"}],"about":[{"href":"https:\/\/www.amper-aufsperrdienst.de\/en\/wp-json\/wp\/v2\/types\/page"}],"author":[{"embeddable":true,"href":"https:\/\/www.amper-aufsperrdienst.de\/en\/wp-json\/wp\/v2\/users\/2"}],"replies":[{"embeddable":true,"href":"https:\/\/www.amper-aufsperrdienst.de\/en\/wp-json\/wp\/v2\/comments?post=10989"}],"version-history":[{"count":1,"href":"https:\/\/www.amper-aufsperrdienst.de\/en\/wp-json\/wp\/v2\/pages\/10989\/revisions"}],"predecessor-version":[{"id":11011,"href":"https:\/\/www.amper-aufsperrdienst.de\/en\/wp-json\/wp\/v2\/pages\/10989\/revisions\/11011"}],"wp:attachment":[{"href":"https:\/\/www.amper-aufsperrdienst.de\/en\/wp-json\/wp\/v2\/media?parent=10989"}],"curies":[{"name":"wp","href":"https:\/\/api.w.org\/{rel}","templated":true}]}}