{"id":11017,"date":"2018-03-01T04:32:46","date_gmt":"2018-03-01T02:32:46","guid":{"rendered":"https:\/\/www.amper-aufsperrdienst.de\/schlusseldienst-munchen-promenadeplatz\/"},"modified":"2026-01-28T04:24:37","modified_gmt":"2026-01-28T02:24:37","slug":"locksmith-munich-promenadeplatz","status":"publish","type":"page","link":"https:\/\/www.amper-aufsperrdienst.de\/en\/locksmith-munich-promenadeplatz\/","title":{"rendered":"Locksmith Munich Promenadeplatz"},"content":{"rendered":"<p><img loading=\"lazy\" decoding=\"async\" class=\"alignleft\" style=\"margin-bottom: 5px !important;\" src=\"https:\/\/www.amper-aufsperrdienst.de\/wp-content\/uploads\/2021\/03\/schluesseldienst-muenchen-promenadeplatz-festpreis-ab-52-siegel.jpg\" alt=\"Amper Locksmith Opening Service muenchen-promenadeplatz with fixed price from 52,- EUR\" width=\"250\" height=\"250\" \/><\/p>\n<p>It happens to many people every day: They stand in front of their locked front door and have no way to get into their apartment because they have locked themselves out. No question, this happens faster than you might think. What you need at that moment is a professional and reliable locksmith service that carries out a quick door opening at a fair fixed price. If you also need a non-damaging door unlocking, the team around Mario Pichelmaier is exactly right for you.<\/p>\n          <!-- tarif -->\n<h2><b><span style=\"vertical-align: inherit;\"><span style=\"vertical-align: inherit;\">Our binding fixed prices start from \u20ac52.<\/span><\/span><\/b><\/h2>\n<p>Amper Locksmith Service is a fair locksmith service with transparent fixed prices:<\/p>\n<div class=\"table-title\">\n\tPRICE LIST  UNLOCK\n<\/div>\n<!-- Table part-->\n<table class=\"table\">\n  <thead class=\"header\">\n\t  <tr>\n     \t <th scope=\"col\">Time<\/th>\n     \t <th scope=\"col\">8 - 18<\/th>\n     \t <th scope=\"col\">18 - 22<\/th>\n     \t <th scope=\"col\">22 - 8<\/th>\n\t<\/tr>\n  <\/thead>\n  <tbody>\n     \t  <tr class=\"weekdays\">\n     \t  \t  <td class=\"tag\" data-label=\"Time\">Mo - Fr<\/td>\n     \t  \t  <td class=\"hrs tag\" data-label=\"8 - 18\">52,- \u20ac<\/td>\n     \t  \t  <td class=\"tag space\" data-label=\"18 - 22\">82,- \u20ac<\/td>\n     \t  \t  <td data-label=\"22 - 8\">95,- \u20ac<\/td>\n     \t  <\/tr>\n     <tr class=\"weekends\">\n     \t  \t  <td class=\"tag\" data-label=\"Time\">Sa<\/td>\n     \t  \t  <td class=\"tag\" data-label=\"8 - 18\">95,- \u20ac<\/td>\n     \t  \t  <td class=\"tag\" data-label=\"18 - 22\">95,- \u20ac<\/td>\n     \t  \t  <td data-label=\"22 - 8\">125,- \u20ac<\/td>\n     \t  <\/tr>\n     <tr class=\"holidays\">\n     \t  \t  <td class=\"tag\" data-label=\"Time\">So & holiday<\/td>\n     \t  \t  <td class=\"tag\" data-label=\"8 - 18\">125,- \u20ac<\/td>\n     \t  \t  <td class=\"tag\" data-label=\"18 - 22\">125,-\u20ac<\/td>\n     \t  \t  <td data-label=\"22 - 8\">125,-\u20ac<\/td>\n     \t  <\/tr>\n     <\/tbody>\n<\/table>\n<!-- Table Description-->\n<div class=\"table-description\">\n\t<em>Please call to inquire about travel costs.<\/em>\n<\/div>\n<!-- Wordings below -->\n<div class=\"wordings\">\n<p>The prices listed in this table are binding for unlocking a door that has slammed shut or been pulled shut (without self-locking mechanisms). Please feel free to contact us if you would like a price quote for other locksmith services. We will gladly provide you with a transparent, fixed-price offer.<\/p>\n<\/div>\n\n<!-- END Wordings -->\n\n\n\n<div class=\"ansprech\">Locksmith Munich Promenadeplatz with very experienced locksmiths<br \/><h3 class=\"phone mobilesOnly\"><a href=\"tel:+498000131131\">0800 \/ 0 131 131<\/a><\/h3><h3 class=\"phone desktopOnly\"><a href=\"tel:+498000131131\">0800 \/ 0 131 131<\/a><\/h3>Free 24-hour emergency number &amp; fair fixed prices<\/div>\n<h2>Promenadeplatz in downtown Munich<\/h2>\n<p>Promenadeplatz is located in downtown Munich and is surrounded by Karmeliterstra\u00dfe, Pacellistra\u00dfe, and Hartmannstra\u00dfe. This square is where Bavarian history meets high society. Since 2009, countless Michael Jackson fans have also been making a pilgrimage to this place year after year. Promenadeplatz is clearly dominated by the famous Hotel Bayerischer Hof, where prominent guests come and go daily. The Munich social scene also regularly meets there.<\/p>\n<p>In the center of the square, there is a green area with five monuments. These include the monument to Elector Max Emanuel, the Lorenz-Westenrieder statue, the monument to Willibald Gluck, the Orlando di Lasso statue, and the monument to Maximilian Joseph, Count of Monteglas. Since Michael Jackson&#8217;s death, the di Lasso statue has become a popular pilgrimage site for the musician&#8217;s followers and fans. Numerous posters, candles, and bouquets of flowers commemorate the King of Pop.<\/p>\n<h2>Locksmith Munich Promenadeplatz: Always here for you!<\/h2>\n<p>Unfortunately, there are still many mailbox companies that essentially rip off unsuspecting citizens in distress. We are aware of this problem and therefore want to deliberately distance ourselves from such shady companies. Unlike these companies, we do not charge outrageous surcharges or additional costs, but work exclusively with fixed prices, which of course also apply on site. We will inform you of these prices over the phone as soon as you have explained your situation to us.<\/p>\n<p>Our experienced and competent locksmith service in Munich Promenadeplatz not only impresses with its fair fixed prices and damage-free door openings, but above all with its flexibility. You can reach the experienced team led by Mario Pichelmaier for quick door openings around the clock. As an emergency locksmith service, we do not have fixed business hours. For this reason, we are even available on weekends and public holidays \u2013 and that 24\/7.<\/p>\n<h2>We are your experienced traditional company!<\/h2>\n<p>Mario Pichelmaier inherited his expertise from his grandfather Johann Pichelmaier. We are happy to share our many years of experience with you so that you can benefit from it. We not only carry out quick door openings, but we also work primarily in a damage-free and professional manner. Our professional and traditional locksmith service in Munich Promenadeplatz also enhances your security. This is made possible by installing modern security technology that keeps burglars away from your house or apartment. This way, you can finally feel safe again.<\/p>\n<div class=\"ansprech\">Locksmith Service Munich Promenadeplatz with highly experienced locksmiths<br \/><h3 class=\"phone mobilesOnly\"><a href=\"tel:+498000131131\">0800 \/ 0 131 131<\/a><\/h3><h3 class=\"phone desktopOnly\"><a href=\"tel:+498000131131\">0800 \/ 0 131 131<\/a><\/h3>Free 24-hour emergency number &amp; fair fixed prices<\/div>\n\n\n<p><\/p>\n","protected":false},"excerpt":{"rendered":"<p>It happens to many people every day: They stand in front of their locked front door and have no way to get into their apartment because they have locked themselves out. No question, this happens faster than you might think. What you need at that moment is a professional and reliable locksmith service that carries [&hellip;]<\/p>\n","protected":false},"author":2,"featured_media":0,"parent":0,"menu_order":0,"comment_status":"closed","ping_status":"closed","template":"","meta":{"footnotes":"","_links_to":"","_links_to_target":""},"class_list":["post-11017","page","type-page","status-publish","hentry"],"yoast_head":"<!-- This site is optimized with the Yoast SEO plugin v27.4 - https:\/\/yoast.com\/product\/yoast-seo-wordpress\/ -->\n<title>Locksmith Munich Promenadeplatz: fixed price from 52 EUR<\/title>\n<meta name=\"description\" content=\"Friendly and competent locksmith service at Munich&#039;s Promenadeplatz in its third generation: very experienced staff, transparent fixed prices, fast 24-hour service, and a free emergency hotline. Damage-free door opening in just about 30 minutes. Available for you on weekends and public holidays as well!\" \/>\n<meta name=\"robots\" content=\"index, follow, max-snippet:-1, max-image-preview:large, max-video-preview:-1\" \/>\n<link rel=\"canonical\" href=\"https:\/\/www.amper-aufsperrdienst.de\/en\/locksmith-munich-promenadeplatz\/\" \/>\n<meta property=\"og:locale\" content=\"en_US\" \/>\n<meta property=\"og:type\" content=\"article\" \/>\n<meta property=\"og:title\" content=\"Locksmith Munich Promenadeplatz: fixed price from 52 EUR\" \/>\n<meta property=\"og:description\" content=\"Friendly and competent locksmith service at Munich&#039;s Promenadeplatz in its third generation: very experienced staff, transparent fixed prices, fast 24-hour service, and a free emergency hotline. Damage-free door opening in just about 30 minutes. Available for you on weekends and public holidays as well!\" \/>\n<meta property=\"og:url\" content=\"https:\/\/www.amper-aufsperrdienst.de\/en\/locksmith-munich-promenadeplatz\/\" \/>\n<meta property=\"og:site_name\" content=\"Locksmith for Munich, Dachau and F\u00fcrstenfeldbruck\" \/>\n<meta property=\"article:modified_time\" content=\"2026-01-28T02:24:37+00:00\" \/>\n<meta property=\"og:image\" content=\"https:\/\/www.amper-aufsperrdienst.de\/wp-content\/uploads\/2021\/03\/schluesseldienst-muenchen-promenadeplatz-festpreis-ab-52-siegel.jpg\" \/>\n<meta name=\"twitter:label1\" content=\"Est. reading time\" \/>\n\t<meta name=\"twitter:data1\" content=\"4 minutes\" \/>\n<script type=\"application\/ld+json\" class=\"yoast-schema-graph\">{\"@context\":\"https:\\\/\\\/schema.org\",\"@graph\":[{\"@type\":\"WebPage\",\"@id\":\"https:\\\/\\\/www.amper-aufsperrdienst.de\\\/en\\\/locksmith-munich-promenadeplatz\\\/\",\"url\":\"https:\\\/\\\/www.amper-aufsperrdienst.de\\\/en\\\/locksmith-munich-promenadeplatz\\\/\",\"name\":\"Locksmith Munich Promenadeplatz: fixed price from 52 EUR\",\"isPartOf\":{\"@id\":\"https:\\\/\\\/www.amper-aufsperrdienst.de\\\/en\\\/#website\"},\"primaryImageOfPage\":{\"@id\":\"https:\\\/\\\/www.amper-aufsperrdienst.de\\\/en\\\/locksmith-munich-promenadeplatz\\\/#primaryimage\"},\"image\":{\"@id\":\"https:\\\/\\\/www.amper-aufsperrdienst.de\\\/en\\\/locksmith-munich-promenadeplatz\\\/#primaryimage\"},\"thumbnailUrl\":\"https:\\\/\\\/www.amper-aufsperrdienst.de\\\/wp-content\\\/uploads\\\/2021\\\/03\\\/schluesseldienst-muenchen-promenadeplatz-festpreis-ab-52-siegel.jpg\",\"datePublished\":\"2018-03-01T02:32:46+00:00\",\"dateModified\":\"2026-01-28T02:24:37+00:00\",\"description\":\"Friendly and competent locksmith service at Munich's Promenadeplatz in its third generation: very experienced staff, transparent fixed prices, fast 24-hour service, and a free emergency hotline. Damage-free door opening in just about 30 minutes. Available for you on weekends and public holidays as well!\",\"breadcrumb\":{\"@id\":\"https:\\\/\\\/www.amper-aufsperrdienst.de\\\/en\\\/locksmith-munich-promenadeplatz\\\/#breadcrumb\"},\"inLanguage\":\"en-US\",\"potentialAction\":[{\"@type\":\"ReadAction\",\"target\":[\"https:\\\/\\\/www.amper-aufsperrdienst.de\\\/en\\\/locksmith-munich-promenadeplatz\\\/\"]}]},{\"@type\":\"ImageObject\",\"inLanguage\":\"en-US\",\"@id\":\"https:\\\/\\\/www.amper-aufsperrdienst.de\\\/en\\\/locksmith-munich-promenadeplatz\\\/#primaryimage\",\"url\":\"https:\\\/\\\/www.amper-aufsperrdienst.de\\\/wp-content\\\/uploads\\\/2021\\\/03\\\/schluesseldienst-muenchen-promenadeplatz-festpreis-ab-52-siegel.jpg\",\"contentUrl\":\"https:\\\/\\\/www.amper-aufsperrdienst.de\\\/wp-content\\\/uploads\\\/2021\\\/03\\\/schluesseldienst-muenchen-promenadeplatz-festpreis-ab-52-siegel.jpg\"},{\"@type\":\"BreadcrumbList\",\"@id\":\"https:\\\/\\\/www.amper-aufsperrdienst.de\\\/en\\\/locksmith-munich-promenadeplatz\\\/#breadcrumb\",\"itemListElement\":[{\"@type\":\"ListItem\",\"position\":1,\"name\":\"Home\",\"item\":\"https:\\\/\\\/www.amper-aufsperrdienst.de\\\/en\\\/\"},{\"@type\":\"ListItem\",\"position\":2,\"name\":\"Locksmith Munich Promenadeplatz\"}]},{\"@type\":\"WebSite\",\"@id\":\"https:\\\/\\\/www.amper-aufsperrdienst.de\\\/en\\\/#website\",\"url\":\"https:\\\/\\\/www.amper-aufsperrdienst.de\\\/en\\\/\",\"name\":\"Locksmith for Munich, Dachau and F\u00fcrstenfeldbruck\",\"description\":\"Amper Aufsperrdienst\",\"potentialAction\":[{\"@type\":\"SearchAction\",\"target\":{\"@type\":\"EntryPoint\",\"urlTemplate\":\"https:\\\/\\\/www.amper-aufsperrdienst.de\\\/en\\\/?s={search_term_string}\"},\"query-input\":{\"@type\":\"PropertyValueSpecification\",\"valueRequired\":true,\"valueName\":\"search_term_string\"}}],\"inLanguage\":\"en-US\"}]}<\/script>\n<!-- \/ Yoast SEO plugin. -->","yoast_head_json":{"title":"Locksmith Munich Promenadeplatz: fixed price from 52 EUR","description":"Friendly and competent locksmith service at Munich's Promenadeplatz in its third generation: very experienced staff, transparent fixed prices, fast 24-hour service, and a free emergency hotline. Damage-free door opening in just about 30 minutes. Available for you on weekends and public holidays as well!","robots":{"index":"index","follow":"follow","max-snippet":"max-snippet:-1","max-image-preview":"max-image-preview:large","max-video-preview":"max-video-preview:-1"},"canonical":"https:\/\/www.amper-aufsperrdienst.de\/en\/locksmith-munich-promenadeplatz\/","og_locale":"en_US","og_type":"article","og_title":"Locksmith Munich Promenadeplatz: fixed price from 52 EUR","og_description":"Friendly and competent locksmith service at Munich's Promenadeplatz in its third generation: very experienced staff, transparent fixed prices, fast 24-hour service, and a free emergency hotline. Damage-free door opening in just about 30 minutes. Available for you on weekends and public holidays as well!","og_url":"https:\/\/www.amper-aufsperrdienst.de\/en\/locksmith-munich-promenadeplatz\/","og_site_name":"Locksmith for Munich, Dachau and F\u00fcrstenfeldbruck","article_modified_time":"2026-01-28T02:24:37+00:00","og_image":[{"url":"https:\/\/www.amper-aufsperrdienst.de\/wp-content\/uploads\/2021\/03\/schluesseldienst-muenchen-promenadeplatz-festpreis-ab-52-siegel.jpg","type":"","width":"","height":""}],"twitter_misc":{"Est. reading time":"4 minutes"},"schema":{"@context":"https:\/\/schema.org","@graph":[{"@type":"WebPage","@id":"https:\/\/www.amper-aufsperrdienst.de\/en\/locksmith-munich-promenadeplatz\/","url":"https:\/\/www.amper-aufsperrdienst.de\/en\/locksmith-munich-promenadeplatz\/","name":"Locksmith Munich Promenadeplatz: fixed price from 52 EUR","isPartOf":{"@id":"https:\/\/www.amper-aufsperrdienst.de\/en\/#website"},"primaryImageOfPage":{"@id":"https:\/\/www.amper-aufsperrdienst.de\/en\/locksmith-munich-promenadeplatz\/#primaryimage"},"image":{"@id":"https:\/\/www.amper-aufsperrdienst.de\/en\/locksmith-munich-promenadeplatz\/#primaryimage"},"thumbnailUrl":"https:\/\/www.amper-aufsperrdienst.de\/wp-content\/uploads\/2021\/03\/schluesseldienst-muenchen-promenadeplatz-festpreis-ab-52-siegel.jpg","datePublished":"2018-03-01T02:32:46+00:00","dateModified":"2026-01-28T02:24:37+00:00","description":"Friendly and competent locksmith service at Munich's Promenadeplatz in its third generation: very experienced staff, transparent fixed prices, fast 24-hour service, and a free emergency hotline. Damage-free door opening in just about 30 minutes. Available for you on weekends and public holidays as well!","breadcrumb":{"@id":"https:\/\/www.amper-aufsperrdienst.de\/en\/locksmith-munich-promenadeplatz\/#breadcrumb"},"inLanguage":"en-US","potentialAction":[{"@type":"ReadAction","target":["https:\/\/www.amper-aufsperrdienst.de\/en\/locksmith-munich-promenadeplatz\/"]}]},{"@type":"ImageObject","inLanguage":"en-US","@id":"https:\/\/www.amper-aufsperrdienst.de\/en\/locksmith-munich-promenadeplatz\/#primaryimage","url":"https:\/\/www.amper-aufsperrdienst.de\/wp-content\/uploads\/2021\/03\/schluesseldienst-muenchen-promenadeplatz-festpreis-ab-52-siegel.jpg","contentUrl":"https:\/\/www.amper-aufsperrdienst.de\/wp-content\/uploads\/2021\/03\/schluesseldienst-muenchen-promenadeplatz-festpreis-ab-52-siegel.jpg"},{"@type":"BreadcrumbList","@id":"https:\/\/www.amper-aufsperrdienst.de\/en\/locksmith-munich-promenadeplatz\/#breadcrumb","itemListElement":[{"@type":"ListItem","position":1,"name":"Home","item":"https:\/\/www.amper-aufsperrdienst.de\/en\/"},{"@type":"ListItem","position":2,"name":"Locksmith Munich Promenadeplatz"}]},{"@type":"WebSite","@id":"https:\/\/www.amper-aufsperrdienst.de\/en\/#website","url":"https:\/\/www.amper-aufsperrdienst.de\/en\/","name":"Locksmith for Munich, Dachau and F\u00fcrstenfeldbruck","description":"Amper Aufsperrdienst","potentialAction":[{"@type":"SearchAction","target":{"@type":"EntryPoint","urlTemplate":"https:\/\/www.amper-aufsperrdienst.de\/en\/?s={search_term_string}"},"query-input":{"@type":"PropertyValueSpecification","valueRequired":true,"valueName":"search_term_string"}}],"inLanguage":"en-US"}]}},"_links":{"self":[{"href":"https:\/\/www.amper-aufsperrdienst.de\/en\/wp-json\/wp\/v2\/pages\/11017","targetHints":{"allow":["GET"]}}],"collection":[{"href":"https:\/\/www.amper-aufsperrdienst.de\/en\/wp-json\/wp\/v2\/pages"}],"about":[{"href":"https:\/\/www.amper-aufsperrdienst.de\/en\/wp-json\/wp\/v2\/types\/page"}],"author":[{"embeddable":true,"href":"https:\/\/www.amper-aufsperrdienst.de\/en\/wp-json\/wp\/v2\/users\/2"}],"replies":[{"embeddable":true,"href":"https:\/\/www.amper-aufsperrdienst.de\/en\/wp-json\/wp\/v2\/comments?post=11017"}],"version-history":[{"count":2,"href":"https:\/\/www.amper-aufsperrdienst.de\/en\/wp-json\/wp\/v2\/pages\/11017\/revisions"}],"predecessor-version":[{"id":14222,"href":"https:\/\/www.amper-aufsperrdienst.de\/en\/wp-json\/wp\/v2\/pages\/11017\/revisions\/14222"}],"wp:attachment":[{"href":"https:\/\/www.amper-aufsperrdienst.de\/en\/wp-json\/wp\/v2\/media?parent=11017"}],"curies":[{"name":"wp","href":"https:\/\/api.w.org\/{rel}","templated":true}]}}