{"id":11033,"date":"2018-03-01T02:40:18","date_gmt":"2018-03-01T00:40:18","guid":{"rendered":"https:\/\/www.amper-aufsperrdienst.de\/schluesseldienst-muenchen-puendterplatz\/"},"modified":"2026-01-28T04:25:23","modified_gmt":"2026-01-28T02:25:23","slug":"locksmith-munich-pundterplatz","status":"publish","type":"page","link":"https:\/\/www.amper-aufsperrdienst.de\/en\/locksmith-munich-pundterplatz\/","title":{"rendered":"Locksmith Munich P\u00fcndterplatz"},"content":{"rendered":"<p><img loading=\"lazy\" decoding=\"async\" class=\"alignleft\" style=\"margin-bottom: 5px !important;\" src=\"https:\/\/www.amper-aufsperrdienst.de\/wp-content\/uploads\/2021\/03\/schluesseldienst-muenchen-puendterplatz-festpreis-ab-52-siegel.jpg\" alt=\"Amper Locksmith Service - Munich Puendterplatz with fixed price from 52 EUR\" width=\"250\" height=\"250\" \/>Have you locked yourself out and are now standing in front of your locked front door? In this case, you need a locksmith service that is not only fast but also professional and works at a fair fixed price.The team led by Mario Pichelmaier is your expert here. We carry out door unlocking without causing any damage and, of course, won\u2019t keep you waiting long. Within about 30 minutes, our reliable and professional staff will be on-site to provide the necessary service. Whether it\u2019s a weekday, weekend, or holiday! We work 24\/7 so that you can always receive professional help when faced with a locked or closed door.<\/p>\n          <!-- tarif -->\n<h2><b><span style=\"vertical-align: inherit;\"><span style=\"vertical-align: inherit;\">Our binding fixed prices start from \u20ac52.<\/span><\/span><\/b><\/h2>\n<p>Amper Locksmith Service is a fair locksmith service with transparent fixed prices:<\/p>\n<div class=\"table-title\">\n\tPRICE LIST  UNLOCK\n<\/div>\n<!-- Table part-->\n<table class=\"table\">\n  <thead class=\"header\">\n\t  <tr>\n     \t <th scope=\"col\">Time<\/th>\n     \t <th scope=\"col\">8 - 18<\/th>\n     \t <th scope=\"col\">18 - 22<\/th>\n     \t <th scope=\"col\">22 - 8<\/th>\n\t<\/tr>\n  <\/thead>\n  <tbody>\n     \t  <tr class=\"weekdays\">\n     \t  \t  <td class=\"tag\" data-label=\"Time\">Mo - Fr<\/td>\n     \t  \t  <td class=\"hrs tag\" data-label=\"8 - 18\">52,- \u20ac<\/td>\n     \t  \t  <td class=\"tag space\" data-label=\"18 - 22\">82,- \u20ac<\/td>\n     \t  \t  <td data-label=\"22 - 8\">95,- \u20ac<\/td>\n     \t  <\/tr>\n     <tr class=\"weekends\">\n     \t  \t  <td class=\"tag\" data-label=\"Time\">Sa<\/td>\n     \t  \t  <td class=\"tag\" data-label=\"8 - 18\">95,- \u20ac<\/td>\n     \t  \t  <td class=\"tag\" data-label=\"18 - 22\">95,- \u20ac<\/td>\n     \t  \t  <td data-label=\"22 - 8\">125,- \u20ac<\/td>\n     \t  <\/tr>\n     <tr class=\"holidays\">\n     \t  \t  <td class=\"tag\" data-label=\"Time\">So & holiday<\/td>\n     \t  \t  <td class=\"tag\" data-label=\"8 - 18\">125,- \u20ac<\/td>\n     \t  \t  <td class=\"tag\" data-label=\"18 - 22\">125,-\u20ac<\/td>\n     \t  \t  <td data-label=\"22 - 8\">125,-\u20ac<\/td>\n     \t  <\/tr>\n     <\/tbody>\n<\/table>\n<!-- Table Description-->\n<div class=\"table-description\">\n\t<em>Please call to inquire about travel costs.<\/em>\n<\/div>\n<!-- Wordings below -->\n<div class=\"wordings\">\n<p>The prices listed in this table are binding for unlocking a door that has slammed shut or been pulled shut (without self-locking mechanisms). Please feel free to contact us if you would like a price quote for other locksmith services. We will gladly provide you with a transparent, fixed-price offer.<\/p>\n<\/div>\n\n<!-- END Wordings -->\n\n\n\n<div class=\"ansprech\">Traditional locksmith service Munich P\u00fcndterplatz with a lot of experience<br \/>\n<h3 class=\"phone mobilesOnly\"><a href=\"tel:+498000131131\">0800 \/ 0 131 131<\/a><\/h3><h3 class=\"phone desktopOnly\"><a href=\"tel:+498000131131\">0800 \/ 0 131 131<\/a><\/h3>Emergency locksmith service with 24-hour hotline and fixed price guarantee<\/div>\n<h2>P\u00fcndterplatz in the Munich district of Schwabing<\/h2>\n<p>P\u00fcndterplatz is located in the Munich district of Schwabing and is directly surrounded by Clemensstra\u00dfe, Herzogstra\u00dfe, R\u00f6merstra\u00dfe, and Ansprengerstra\u00dfe. The square was basically named after two men. On one hand, after the government councilor Emil P\u00fcndter, who was the head of the Munich district office, and on the other hand, after Ernst P\u00fcndter, the actor. However, Rambaldi already listed the square in his street name book of 1894. For this reason, the namesake of the square can only have been the government councilor.<\/p>\n<p>From 1916, the building at P\u00fcndterplatz 5 served as the office of the Bavarian Firefighters Association. After briefly also housing the Bavarian State Association for Fire and Disaster Protection, the building has once again been the headquarters of the State Firefighters Association since 2008.<\/p>\n<h2>Locksmith Munich P\u00fcndterplatz: Professionalism and Reliability<\/h2>\n<p>To achieve a professional door opening, the approach plays a major role. Our locksmith service in Munich P\u00fcndterplatz is exceptionally familiar with all kinds of locks due to many years of experience. As a true traditional company now successfully operating in its third generation, we can achieve a success rate of over 99% for doors that have been shut. Even in more complicated cases, we can usually provide a damage-free unlocking with our special tools.<\/p>\n<p>You can always rely on our locksmith service. Would you like to make your house or apartment more secure? The team led by Mario Pichelmaier is happy to install professional cylinder locks or take other measures so that burglars no longer stand a chance at your place.<\/p>\n<h2>Available Around the Clock<\/h2>\n<p>If you find yourself in front of your locked front door, it needs to be quick. Within about 30 minutes, our friendly and experienced staff will be on site and carry out a damage-free door opening. Since we are an emergency locksmith service, we do not have fixed business hours. This means you can reach us free of charge around the clock &#8211; even on holidays or weekends.<\/p>\n<p>If you inform us, the Munich P\u00fcndterplatz locksmith service, of your situation over the phone, we can already provide you with our fixed prices as a professional and fair unlocking service. In this way, we deliberately distinguish ourselves from many sham companies that take advantage of people&#8217;s emergencies. For a damage-free door unlocking, we do not charge exorbitant extra fees or surcharges.<\/p>\n<div class=\"ansprech\">Traditional Munich P\u00fcndterplatz locksmith service with a lot of experience<br \/>\n<h3 class=\"phone mobilesOnly\"><a href=\"tel:+498000131131\">0800 \/ 0 131 131<\/a><\/h3><h3 class=\"phone desktopOnly\"><a href=\"tel:+498000131131\">0800 \/ 0 131 131<\/a><\/h3>Emergency locksmith service with 24-hour hotline and fixed-price guarantee<\/div>\n","protected":false},"excerpt":{"rendered":"<p>Have you locked yourself out and are now standing in front of your locked front door? In this case, you need a locksmith service that is not only fast but also professional and works at a fair fixed price.The team led by Mario Pichelmaier is your expert here. We carry out door unlocking without causing [&hellip;]<\/p>\n","protected":false},"author":2,"featured_media":0,"parent":0,"menu_order":0,"comment_status":"closed","ping_status":"closed","template":"","meta":{"footnotes":"","_links_to":"","_links_to_target":""},"class_list":["post-11033","page","type-page","status-publish","hentry"],"yoast_head":"<!-- This site is optimized with the Yoast SEO plugin v27.4 - https:\/\/yoast.com\/product\/yoast-seo-wordpress\/ -->\n<title>Locksmith Munich P\u00fcndterplatz: fixed price from \u20ac52<\/title>\n<meta name=\"description\" content=\"Friendly and professional locksmith service Munich P\u00fcndterplatz with fixed price guarantee, free emergency number, 24-hour emergency service, and skilled locksmiths: damage-free door opening in just about 30 minutes! We are there for you not only on weekdays but also on weekends or holidays! Around the clock!\" \/>\n<meta name=\"robots\" content=\"index, follow, max-snippet:-1, max-image-preview:large, max-video-preview:-1\" \/>\n<link rel=\"canonical\" href=\"https:\/\/www.amper-aufsperrdienst.de\/en\/locksmith-munich-pundterplatz\/\" \/>\n<meta property=\"og:locale\" content=\"en_US\" \/>\n<meta property=\"og:type\" content=\"article\" \/>\n<meta property=\"og:title\" content=\"Locksmith Munich P\u00fcndterplatz: fixed price from \u20ac52\" \/>\n<meta property=\"og:description\" content=\"Friendly and professional locksmith service Munich P\u00fcndterplatz with fixed price guarantee, free emergency number, 24-hour emergency service, and skilled locksmiths: damage-free door opening in just about 30 minutes! We are there for you not only on weekdays but also on weekends or holidays! Around the clock!\" \/>\n<meta property=\"og:url\" content=\"https:\/\/www.amper-aufsperrdienst.de\/en\/locksmith-munich-pundterplatz\/\" \/>\n<meta property=\"og:site_name\" content=\"Locksmith for Munich, Dachau and F\u00fcrstenfeldbruck\" \/>\n<meta property=\"article:modified_time\" content=\"2026-01-28T02:25:23+00:00\" \/>\n<meta property=\"og:image\" content=\"https:\/\/www.amper-aufsperrdienst.de\/wp-content\/uploads\/2021\/03\/schluesseldienst-muenchen-puendterplatz-festpreis-ab-52-siegel.jpg\" \/>\n<meta name=\"twitter:label1\" content=\"Est. reading time\" \/>\n\t<meta name=\"twitter:data1\" content=\"4 minutes\" \/>\n<script type=\"application\/ld+json\" class=\"yoast-schema-graph\">{\"@context\":\"https:\\\/\\\/schema.org\",\"@graph\":[{\"@type\":\"WebPage\",\"@id\":\"https:\\\/\\\/www.amper-aufsperrdienst.de\\\/en\\\/locksmith-munich-pundterplatz\\\/\",\"url\":\"https:\\\/\\\/www.amper-aufsperrdienst.de\\\/en\\\/locksmith-munich-pundterplatz\\\/\",\"name\":\"Locksmith Munich P\u00fcndterplatz: fixed price from \u20ac52\",\"isPartOf\":{\"@id\":\"https:\\\/\\\/www.amper-aufsperrdienst.de\\\/en\\\/#website\"},\"primaryImageOfPage\":{\"@id\":\"https:\\\/\\\/www.amper-aufsperrdienst.de\\\/en\\\/locksmith-munich-pundterplatz\\\/#primaryimage\"},\"image\":{\"@id\":\"https:\\\/\\\/www.amper-aufsperrdienst.de\\\/en\\\/locksmith-munich-pundterplatz\\\/#primaryimage\"},\"thumbnailUrl\":\"https:\\\/\\\/www.amper-aufsperrdienst.de\\\/wp-content\\\/uploads\\\/2021\\\/03\\\/schluesseldienst-muenchen-puendterplatz-festpreis-ab-52-siegel.jpg\",\"datePublished\":\"2018-03-01T00:40:18+00:00\",\"dateModified\":\"2026-01-28T02:25:23+00:00\",\"description\":\"Friendly and professional locksmith service Munich P\u00fcndterplatz with fixed price guarantee, free emergency number, 24-hour emergency service, and skilled locksmiths: damage-free door opening in just about 30 minutes! We are there for you not only on weekdays but also on weekends or holidays! Around the clock!\",\"breadcrumb\":{\"@id\":\"https:\\\/\\\/www.amper-aufsperrdienst.de\\\/en\\\/locksmith-munich-pundterplatz\\\/#breadcrumb\"},\"inLanguage\":\"en-US\",\"potentialAction\":[{\"@type\":\"ReadAction\",\"target\":[\"https:\\\/\\\/www.amper-aufsperrdienst.de\\\/en\\\/locksmith-munich-pundterplatz\\\/\"]}]},{\"@type\":\"ImageObject\",\"inLanguage\":\"en-US\",\"@id\":\"https:\\\/\\\/www.amper-aufsperrdienst.de\\\/en\\\/locksmith-munich-pundterplatz\\\/#primaryimage\",\"url\":\"https:\\\/\\\/www.amper-aufsperrdienst.de\\\/wp-content\\\/uploads\\\/2021\\\/03\\\/schluesseldienst-muenchen-puendterplatz-festpreis-ab-52-siegel.jpg\",\"contentUrl\":\"https:\\\/\\\/www.amper-aufsperrdienst.de\\\/wp-content\\\/uploads\\\/2021\\\/03\\\/schluesseldienst-muenchen-puendterplatz-festpreis-ab-52-siegel.jpg\"},{\"@type\":\"BreadcrumbList\",\"@id\":\"https:\\\/\\\/www.amper-aufsperrdienst.de\\\/en\\\/locksmith-munich-pundterplatz\\\/#breadcrumb\",\"itemListElement\":[{\"@type\":\"ListItem\",\"position\":1,\"name\":\"Home\",\"item\":\"https:\\\/\\\/www.amper-aufsperrdienst.de\\\/en\\\/\"},{\"@type\":\"ListItem\",\"position\":2,\"name\":\"Locksmith Munich P\u00fcndterplatz\"}]},{\"@type\":\"WebSite\",\"@id\":\"https:\\\/\\\/www.amper-aufsperrdienst.de\\\/en\\\/#website\",\"url\":\"https:\\\/\\\/www.amper-aufsperrdienst.de\\\/en\\\/\",\"name\":\"Locksmith for Munich, Dachau and F\u00fcrstenfeldbruck\",\"description\":\"Amper Aufsperrdienst\",\"potentialAction\":[{\"@type\":\"SearchAction\",\"target\":{\"@type\":\"EntryPoint\",\"urlTemplate\":\"https:\\\/\\\/www.amper-aufsperrdienst.de\\\/en\\\/?s={search_term_string}\"},\"query-input\":{\"@type\":\"PropertyValueSpecification\",\"valueRequired\":true,\"valueName\":\"search_term_string\"}}],\"inLanguage\":\"en-US\"}]}<\/script>\n<!-- \/ Yoast SEO plugin. -->","yoast_head_json":{"title":"Locksmith Munich P\u00fcndterplatz: fixed price from \u20ac52","description":"Friendly and professional locksmith service Munich P\u00fcndterplatz with fixed price guarantee, free emergency number, 24-hour emergency service, and skilled locksmiths: damage-free door opening in just about 30 minutes! We are there for you not only on weekdays but also on weekends or holidays! Around the clock!","robots":{"index":"index","follow":"follow","max-snippet":"max-snippet:-1","max-image-preview":"max-image-preview:large","max-video-preview":"max-video-preview:-1"},"canonical":"https:\/\/www.amper-aufsperrdienst.de\/en\/locksmith-munich-pundterplatz\/","og_locale":"en_US","og_type":"article","og_title":"Locksmith Munich P\u00fcndterplatz: fixed price from \u20ac52","og_description":"Friendly and professional locksmith service Munich P\u00fcndterplatz with fixed price guarantee, free emergency number, 24-hour emergency service, and skilled locksmiths: damage-free door opening in just about 30 minutes! We are there for you not only on weekdays but also on weekends or holidays! Around the clock!","og_url":"https:\/\/www.amper-aufsperrdienst.de\/en\/locksmith-munich-pundterplatz\/","og_site_name":"Locksmith for Munich, Dachau and F\u00fcrstenfeldbruck","article_modified_time":"2026-01-28T02:25:23+00:00","og_image":[{"url":"https:\/\/www.amper-aufsperrdienst.de\/wp-content\/uploads\/2021\/03\/schluesseldienst-muenchen-puendterplatz-festpreis-ab-52-siegel.jpg","type":"","width":"","height":""}],"twitter_misc":{"Est. reading time":"4 minutes"},"schema":{"@context":"https:\/\/schema.org","@graph":[{"@type":"WebPage","@id":"https:\/\/www.amper-aufsperrdienst.de\/en\/locksmith-munich-pundterplatz\/","url":"https:\/\/www.amper-aufsperrdienst.de\/en\/locksmith-munich-pundterplatz\/","name":"Locksmith Munich P\u00fcndterplatz: fixed price from \u20ac52","isPartOf":{"@id":"https:\/\/www.amper-aufsperrdienst.de\/en\/#website"},"primaryImageOfPage":{"@id":"https:\/\/www.amper-aufsperrdienst.de\/en\/locksmith-munich-pundterplatz\/#primaryimage"},"image":{"@id":"https:\/\/www.amper-aufsperrdienst.de\/en\/locksmith-munich-pundterplatz\/#primaryimage"},"thumbnailUrl":"https:\/\/www.amper-aufsperrdienst.de\/wp-content\/uploads\/2021\/03\/schluesseldienst-muenchen-puendterplatz-festpreis-ab-52-siegel.jpg","datePublished":"2018-03-01T00:40:18+00:00","dateModified":"2026-01-28T02:25:23+00:00","description":"Friendly and professional locksmith service Munich P\u00fcndterplatz with fixed price guarantee, free emergency number, 24-hour emergency service, and skilled locksmiths: damage-free door opening in just about 30 minutes! We are there for you not only on weekdays but also on weekends or holidays! Around the clock!","breadcrumb":{"@id":"https:\/\/www.amper-aufsperrdienst.de\/en\/locksmith-munich-pundterplatz\/#breadcrumb"},"inLanguage":"en-US","potentialAction":[{"@type":"ReadAction","target":["https:\/\/www.amper-aufsperrdienst.de\/en\/locksmith-munich-pundterplatz\/"]}]},{"@type":"ImageObject","inLanguage":"en-US","@id":"https:\/\/www.amper-aufsperrdienst.de\/en\/locksmith-munich-pundterplatz\/#primaryimage","url":"https:\/\/www.amper-aufsperrdienst.de\/wp-content\/uploads\/2021\/03\/schluesseldienst-muenchen-puendterplatz-festpreis-ab-52-siegel.jpg","contentUrl":"https:\/\/www.amper-aufsperrdienst.de\/wp-content\/uploads\/2021\/03\/schluesseldienst-muenchen-puendterplatz-festpreis-ab-52-siegel.jpg"},{"@type":"BreadcrumbList","@id":"https:\/\/www.amper-aufsperrdienst.de\/en\/locksmith-munich-pundterplatz\/#breadcrumb","itemListElement":[{"@type":"ListItem","position":1,"name":"Home","item":"https:\/\/www.amper-aufsperrdienst.de\/en\/"},{"@type":"ListItem","position":2,"name":"Locksmith Munich P\u00fcndterplatz"}]},{"@type":"WebSite","@id":"https:\/\/www.amper-aufsperrdienst.de\/en\/#website","url":"https:\/\/www.amper-aufsperrdienst.de\/en\/","name":"Locksmith for Munich, Dachau and F\u00fcrstenfeldbruck","description":"Amper Aufsperrdienst","potentialAction":[{"@type":"SearchAction","target":{"@type":"EntryPoint","urlTemplate":"https:\/\/www.amper-aufsperrdienst.de\/en\/?s={search_term_string}"},"query-input":{"@type":"PropertyValueSpecification","valueRequired":true,"valueName":"search_term_string"}}],"inLanguage":"en-US"}]}},"_links":{"self":[{"href":"https:\/\/www.amper-aufsperrdienst.de\/en\/wp-json\/wp\/v2\/pages\/11033","targetHints":{"allow":["GET"]}}],"collection":[{"href":"https:\/\/www.amper-aufsperrdienst.de\/en\/wp-json\/wp\/v2\/pages"}],"about":[{"href":"https:\/\/www.amper-aufsperrdienst.de\/en\/wp-json\/wp\/v2\/types\/page"}],"author":[{"embeddable":true,"href":"https:\/\/www.amper-aufsperrdienst.de\/en\/wp-json\/wp\/v2\/users\/2"}],"replies":[{"embeddable":true,"href":"https:\/\/www.amper-aufsperrdienst.de\/en\/wp-json\/wp\/v2\/comments?post=11033"}],"version-history":[{"count":2,"href":"https:\/\/www.amper-aufsperrdienst.de\/en\/wp-json\/wp\/v2\/pages\/11033\/revisions"}],"predecessor-version":[{"id":11060,"href":"https:\/\/www.amper-aufsperrdienst.de\/en\/wp-json\/wp\/v2\/pages\/11033\/revisions\/11060"}],"wp:attachment":[{"href":"https:\/\/www.amper-aufsperrdienst.de\/en\/wp-json\/wp\/v2\/media?parent=11033"}],"curies":[{"name":"wp","href":"https:\/\/api.w.org\/{rel}","templated":true}]}}