{"id":11045,"date":"2017-12-05T03:45:37","date_gmt":"2017-12-05T01:45:37","guid":{"rendered":"https:\/\/www.amper-aufsperrdienst.de\/locksmith-walls\/"},"modified":"2026-01-27T10:23:20","modified_gmt":"2026-01-27T08:23:20","slug":"locksmith-mauern","status":"publish","type":"page","link":"https:\/\/www.amper-aufsperrdienst.de\/en\/locksmith-mauern\/","title":{"rendered":"Locksmith Mauern"},"content":{"rendered":"<p><img loading=\"lazy\" decoding=\"async\" class=\"alignleft\" style=\"margin-bottom: 5px !important;\" src=\"https:\/\/www.amper-aufsperrdienst.de\/wp-content\/uploads\/2021\/03\/schluesseldienst-mauern-festpreis-ab-52-siegel.jpg\" alt=\"Amper locksmith service - masonry work with a fixed price starting from \u20ac52.\" width=\"250\" height=\"250\" \/><\/p>\n<p>The situation is incredibly frustrating, almost maddening: You only stepped out briefly to run a small errand when the wind suddenly slammed your front door shut? You&#8217;re locked out and now desperately need help? In such cases, simply call Amper Locksmith Service. Our 24-hour emergency hotline is free and available even on Sundays and public holidays. As locksmiths in Mauern, we&#8217;ve been serving the community for three generations and unlock all types of front doors for a fixed price, without causing any damage. Experience our excellent service for yourself! Many other customers have already done so and kindly given us a positive review.<\/p>\n          <!-- tarif -->\n<h2><b><span style=\"vertical-align: inherit;\"><span style=\"vertical-align: inherit;\">Our binding fixed prices start from \u20ac52.<\/span><\/span><\/b><\/h2>\n<p>Amper Locksmith Service is a fair locksmith service with transparent fixed prices:<\/p>\n<div class=\"table-title\">\n\tPRICE LIST  UNLOCK\n<\/div>\n<!-- Table part-->\n<table class=\"table\">\n  <thead class=\"header\">\n\t  <tr>\n     \t <th scope=\"col\">Time<\/th>\n     \t <th scope=\"col\">8 - 18<\/th>\n     \t <th scope=\"col\">18 - 22<\/th>\n     \t <th scope=\"col\">22 - 8<\/th>\n\t<\/tr>\n  <\/thead>\n  <tbody>\n     \t  <tr class=\"weekdays\">\n     \t  \t  <td class=\"tag\" data-label=\"Time\">Mo - Fr<\/td>\n     \t  \t  <td class=\"hrs tag\" data-label=\"8 - 18\">52,- \u20ac<\/td>\n     \t  \t  <td class=\"tag space\" data-label=\"18 - 22\">82,- \u20ac<\/td>\n     \t  \t  <td data-label=\"22 - 8\">95,- \u20ac<\/td>\n     \t  <\/tr>\n     <tr class=\"weekends\">\n     \t  \t  <td class=\"tag\" data-label=\"Time\">Sa<\/td>\n     \t  \t  <td class=\"tag\" data-label=\"8 - 18\">95,- \u20ac<\/td>\n     \t  \t  <td class=\"tag\" data-label=\"18 - 22\">95,- \u20ac<\/td>\n     \t  \t  <td data-label=\"22 - 8\">125,- \u20ac<\/td>\n     \t  <\/tr>\n     <tr class=\"holidays\">\n     \t  \t  <td class=\"tag\" data-label=\"Time\">So & holiday<\/td>\n     \t  \t  <td class=\"tag\" data-label=\"8 - 18\">125,- \u20ac<\/td>\n     \t  \t  <td class=\"tag\" data-label=\"18 - 22\">125,-\u20ac<\/td>\n     \t  \t  <td data-label=\"22 - 8\">125,-\u20ac<\/td>\n     \t  <\/tr>\n     <\/tbody>\n<\/table>\n<!-- Table Description-->\n<div class=\"table-description\">\n\t<em>Please call to inquire about travel costs.<\/em>\n<\/div>\n<!-- Wordings below -->\n<div class=\"wordings\">\n<p>The prices listed in this table are binding for unlocking a door that has slammed shut or been pulled shut (without self-locking mechanisms). Please feel free to contact us if you would like a price quote for other locksmith services. We will gladly provide you with a transparent, fixed-price offer.<\/p>\n<\/div>\n\n<!-- END Wordings -->\n\n\n\n<div class=\"ansprech\">Friendly locksmith service in Mauern with free 24-hour emergency hotline<br \/>\n<h3 class=\"phone mobilesOnly\"><a href=\"tel:+498000131131\">0800 \/ 0 131 131<\/a><\/h3><h3 class=\"phone desktopOnly\"><a href=\"tel:+498000131131\">0800 \/ 0 131 131<\/a><\/h3>Transparent fixed prices &amp; friendly staff!<\/div>\n<h2>The municipality of Mauern in the district of Freising<\/h2>\n<p>The municipality of Mauern, which is also the seat of the Mauern administrative community, lies between Nandlstadt and Moosburg an der Isar. Around 3,000 inhabitants live here in an area of \u200b\u200b24.14 square kilometers. The postal code is 85419, and the telephone area code is 08764.<\/p>\n<p>The municipality of Mauern lies in the northeast of the Upper Bavarian district of Freising and is often referred to as the &#8220;Gateway to the Hallertau&#8221;. It consists of the following villages: Alpersdorf, Bergm\u00fchle, Besenried, Beselm\u00fchle, D\u00fcrnseiboldsdorf, Enghausen, Freundsbach, Gandorf, Geiting, Grub, Hanslm\u00fchle, Hartshausen, Hintermeier, H\u00f6rgersdorf, Hufnagelreuth, Kleidorf, Kronwinkl, Mauern, M\u00f6nchsberg, Niederndorf, Nu\u00dfberg, Oberndorf, Riedlm\u00fchle, Schwarzersdorf, Sixthaselbach, Scheckenhofen, Schwarzberg, Thal, Vordermeier, Waldruh, Wildenreuth, W\u00f6lflm\u00fchle and Wollersdorf.<\/p>\n<p>The settlement of Mauern was first mentioned in a document in the year 899.<\/p>\n<h2>Locksmith Mauern: 24-hour service with a fair fixed price<\/h2>\n<p>Are you looking for an experienced, fast, and affordable locksmith service in the municipality of Mauern or one of the aforementioned districts, available 24\/7 and offering fair fixed prices? The experts at Amper Locksmith Service are happy to help you unlock your locked or jammed front door for a guaranteed fixed price. We stand by what we tell you over the phone. Prices will not be increased afterward. Guaranteed!<\/p>\n<h2>Non-destructive door opening in walls<\/h2>\n<p>We place great emphasis on the highest level of professionalism when unlocking doors and strive to open every door for you without causing any damage. Our locksmiths are all highly trained and possess extensive expertise. They also always carry top-of-the-line professional tools, specifically designed for locksmiths, which greatly facilitate the non-destructive opening of doors. This allows the expert Amper Locksmith Service to achieve a success rate of over 99%, avoiding damage to the door or lock. Experience our expertise for yourself as a third-generation locksmith service and benefit from our valuable know-how.<\/p>\n<p>Do you need a locksmith for your door in Mauern who can come to you as quickly as possible to open it without damage for a fixed price? Feel free to contact us! We are available 24\/7, even on Sundays and public holidays. We are committed to fairness, transparency, and the highest level of customer satisfaction. Of course, we are very pleased with our many 5-star reviews from our customers!<\/p>\n<div class=\"ansprech\">Friendly locksmith service in Mauern with free 24-hour emergency hotline<br \/>\n<h3 class=\"phone mobilesOnly\"><a href=\"tel:+498000131131\">0800 \/ 0 131 131<\/a><\/h3><h3 class=\"phone desktopOnly\"><a href=\"tel:+498000131131\">0800 \/ 0 131 131<\/a><\/h3> Transparent fixed prices &amp; friendly staff!<\/div>\n","protected":false},"excerpt":{"rendered":"<p>The situation is incredibly frustrating, almost maddening: You only stepped out briefly to run a small errand when the wind suddenly slammed your front door shut? You&#8217;re locked out and now desperately need help? In such cases, simply call Amper Locksmith Service. Our 24-hour emergency hotline is free and available even on Sundays and public [&hellip;]<\/p>\n","protected":false},"author":2,"featured_media":11004,"parent":0,"menu_order":0,"comment_status":"closed","ping_status":"closed","template":"","meta":{"footnotes":"","_links_to":"","_links_to_target":""},"class_list":["post-11045","page","type-page","status-publish","has-post-thumbnail","hentry"],"yoast_head":"<!-- This site is optimized with the Yoast SEO plugin v27.4 - https:\/\/yoast.com\/product\/yoast-seo-wordpress\/ -->\n<title>Locksmith Mauern: from \u20ac52,- fixed price<\/title>\n<meta name=\"description\" content=\"Fair locksmith service in Mauern with transparent fixed prices: non-destructive unlocking with special tools, even on holidays. 24-hour service &amp; free emergency call!\" \/>\n<meta name=\"robots\" content=\"index, follow, max-snippet:-1, max-image-preview:large, max-video-preview:-1\" \/>\n<link rel=\"canonical\" href=\"https:\/\/www.amper-aufsperrdienst.de\/en\/locksmith-mauern\/\" \/>\n<meta property=\"og:locale\" content=\"en_US\" \/>\n<meta property=\"og:type\" content=\"article\" \/>\n<meta property=\"og:title\" content=\"Locksmith Mauern: from \u20ac52,- fixed price\" \/>\n<meta property=\"og:description\" content=\"Fair locksmith service in Mauern with transparent fixed prices: non-destructive unlocking with special tools, even on holidays. 24-hour service &amp; free emergency call!\" \/>\n<meta property=\"og:url\" content=\"https:\/\/www.amper-aufsperrdienst.de\/en\/locksmith-mauern\/\" \/>\n<meta property=\"og:site_name\" content=\"Locksmith for Munich, Dachau and F\u00fcrstenfeldbruck\" \/>\n<meta property=\"article:modified_time\" content=\"2026-01-27T08:23:20+00:00\" \/>\n<meta property=\"og:image\" content=\"https:\/\/www.amper-aufsperrdienst.de\/wp-content\/uploads\/2014\/12\/header-freising.jpg\" \/>\n\t<meta property=\"og:image:width\" content=\"960\" \/>\n\t<meta property=\"og:image:height\" content=\"360\" \/>\n\t<meta property=\"og:image:type\" content=\"image\/jpeg\" \/>\n<meta name=\"twitter:label1\" content=\"Est. reading time\" \/>\n\t<meta name=\"twitter:data1\" content=\"4 minutes\" \/>\n<script type=\"application\/ld+json\" class=\"yoast-schema-graph\">{\"@context\":\"https:\\\/\\\/schema.org\",\"@graph\":[{\"@type\":\"WebPage\",\"@id\":\"https:\\\/\\\/www.amper-aufsperrdienst.de\\\/en\\\/locksmith-mauern\\\/\",\"url\":\"https:\\\/\\\/www.amper-aufsperrdienst.de\\\/en\\\/locksmith-mauern\\\/\",\"name\":\"Locksmith Mauern: from \u20ac52,- fixed price\",\"isPartOf\":{\"@id\":\"https:\\\/\\\/www.amper-aufsperrdienst.de\\\/en\\\/#website\"},\"primaryImageOfPage\":{\"@id\":\"https:\\\/\\\/www.amper-aufsperrdienst.de\\\/en\\\/locksmith-mauern\\\/#primaryimage\"},\"image\":{\"@id\":\"https:\\\/\\\/www.amper-aufsperrdienst.de\\\/en\\\/locksmith-mauern\\\/#primaryimage\"},\"thumbnailUrl\":\"https:\\\/\\\/www.amper-aufsperrdienst.de\\\/wp-content\\\/uploads\\\/2014\\\/12\\\/header-freising.jpg\",\"datePublished\":\"2017-12-05T01:45:37+00:00\",\"dateModified\":\"2026-01-27T08:23:20+00:00\",\"description\":\"Fair locksmith service in Mauern with transparent fixed prices: non-destructive unlocking with special tools, even on holidays. 24-hour service & free emergency call!\",\"breadcrumb\":{\"@id\":\"https:\\\/\\\/www.amper-aufsperrdienst.de\\\/en\\\/locksmith-mauern\\\/#breadcrumb\"},\"inLanguage\":\"en-US\",\"potentialAction\":[{\"@type\":\"ReadAction\",\"target\":[\"https:\\\/\\\/www.amper-aufsperrdienst.de\\\/en\\\/locksmith-mauern\\\/\"]}]},{\"@type\":\"ImageObject\",\"inLanguage\":\"en-US\",\"@id\":\"https:\\\/\\\/www.amper-aufsperrdienst.de\\\/en\\\/locksmith-mauern\\\/#primaryimage\",\"url\":\"https:\\\/\\\/www.amper-aufsperrdienst.de\\\/wp-content\\\/uploads\\\/2014\\\/12\\\/header-freising.jpg\",\"contentUrl\":\"https:\\\/\\\/www.amper-aufsperrdienst.de\\\/wp-content\\\/uploads\\\/2014\\\/12\\\/header-freising.jpg\",\"width\":960,\"height\":360},{\"@type\":\"BreadcrumbList\",\"@id\":\"https:\\\/\\\/www.amper-aufsperrdienst.de\\\/en\\\/locksmith-mauern\\\/#breadcrumb\",\"itemListElement\":[{\"@type\":\"ListItem\",\"position\":1,\"name\":\"Home\",\"item\":\"https:\\\/\\\/www.amper-aufsperrdienst.de\\\/en\\\/\"},{\"@type\":\"ListItem\",\"position\":2,\"name\":\"Locksmith Mauern\"}]},{\"@type\":\"WebSite\",\"@id\":\"https:\\\/\\\/www.amper-aufsperrdienst.de\\\/en\\\/#website\",\"url\":\"https:\\\/\\\/www.amper-aufsperrdienst.de\\\/en\\\/\",\"name\":\"Locksmith for Munich, Dachau and F\u00fcrstenfeldbruck\",\"description\":\"Amper Aufsperrdienst\",\"potentialAction\":[{\"@type\":\"SearchAction\",\"target\":{\"@type\":\"EntryPoint\",\"urlTemplate\":\"https:\\\/\\\/www.amper-aufsperrdienst.de\\\/en\\\/?s={search_term_string}\"},\"query-input\":{\"@type\":\"PropertyValueSpecification\",\"valueRequired\":true,\"valueName\":\"search_term_string\"}}],\"inLanguage\":\"en-US\"}]}<\/script>\n<!-- \/ Yoast SEO plugin. -->","yoast_head_json":{"title":"Locksmith Mauern: from \u20ac52,- fixed price","description":"Fair locksmith service in Mauern with transparent fixed prices: non-destructive unlocking with special tools, even on holidays. 24-hour service & free emergency call!","robots":{"index":"index","follow":"follow","max-snippet":"max-snippet:-1","max-image-preview":"max-image-preview:large","max-video-preview":"max-video-preview:-1"},"canonical":"https:\/\/www.amper-aufsperrdienst.de\/en\/locksmith-mauern\/","og_locale":"en_US","og_type":"article","og_title":"Locksmith Mauern: from \u20ac52,- fixed price","og_description":"Fair locksmith service in Mauern with transparent fixed prices: non-destructive unlocking with special tools, even on holidays. 24-hour service & free emergency call!","og_url":"https:\/\/www.amper-aufsperrdienst.de\/en\/locksmith-mauern\/","og_site_name":"Locksmith for Munich, Dachau and F\u00fcrstenfeldbruck","article_modified_time":"2026-01-27T08:23:20+00:00","og_image":[{"width":960,"height":360,"url":"https:\/\/www.amper-aufsperrdienst.de\/wp-content\/uploads\/2014\/12\/header-freising.jpg","type":"image\/jpeg"}],"twitter_misc":{"Est. reading time":"4 minutes"},"schema":{"@context":"https:\/\/schema.org","@graph":[{"@type":"WebPage","@id":"https:\/\/www.amper-aufsperrdienst.de\/en\/locksmith-mauern\/","url":"https:\/\/www.amper-aufsperrdienst.de\/en\/locksmith-mauern\/","name":"Locksmith Mauern: from \u20ac52,- fixed price","isPartOf":{"@id":"https:\/\/www.amper-aufsperrdienst.de\/en\/#website"},"primaryImageOfPage":{"@id":"https:\/\/www.amper-aufsperrdienst.de\/en\/locksmith-mauern\/#primaryimage"},"image":{"@id":"https:\/\/www.amper-aufsperrdienst.de\/en\/locksmith-mauern\/#primaryimage"},"thumbnailUrl":"https:\/\/www.amper-aufsperrdienst.de\/wp-content\/uploads\/2014\/12\/header-freising.jpg","datePublished":"2017-12-05T01:45:37+00:00","dateModified":"2026-01-27T08:23:20+00:00","description":"Fair locksmith service in Mauern with transparent fixed prices: non-destructive unlocking with special tools, even on holidays. 24-hour service & free emergency call!","breadcrumb":{"@id":"https:\/\/www.amper-aufsperrdienst.de\/en\/locksmith-mauern\/#breadcrumb"},"inLanguage":"en-US","potentialAction":[{"@type":"ReadAction","target":["https:\/\/www.amper-aufsperrdienst.de\/en\/locksmith-mauern\/"]}]},{"@type":"ImageObject","inLanguage":"en-US","@id":"https:\/\/www.amper-aufsperrdienst.de\/en\/locksmith-mauern\/#primaryimage","url":"https:\/\/www.amper-aufsperrdienst.de\/wp-content\/uploads\/2014\/12\/header-freising.jpg","contentUrl":"https:\/\/www.amper-aufsperrdienst.de\/wp-content\/uploads\/2014\/12\/header-freising.jpg","width":960,"height":360},{"@type":"BreadcrumbList","@id":"https:\/\/www.amper-aufsperrdienst.de\/en\/locksmith-mauern\/#breadcrumb","itemListElement":[{"@type":"ListItem","position":1,"name":"Home","item":"https:\/\/www.amper-aufsperrdienst.de\/en\/"},{"@type":"ListItem","position":2,"name":"Locksmith Mauern"}]},{"@type":"WebSite","@id":"https:\/\/www.amper-aufsperrdienst.de\/en\/#website","url":"https:\/\/www.amper-aufsperrdienst.de\/en\/","name":"Locksmith for Munich, Dachau and F\u00fcrstenfeldbruck","description":"Amper Aufsperrdienst","potentialAction":[{"@type":"SearchAction","target":{"@type":"EntryPoint","urlTemplate":"https:\/\/www.amper-aufsperrdienst.de\/en\/?s={search_term_string}"},"query-input":{"@type":"PropertyValueSpecification","valueRequired":true,"valueName":"search_term_string"}}],"inLanguage":"en-US"}]}},"_links":{"self":[{"href":"https:\/\/www.amper-aufsperrdienst.de\/en\/wp-json\/wp\/v2\/pages\/11045","targetHints":{"allow":["GET"]}}],"collection":[{"href":"https:\/\/www.amper-aufsperrdienst.de\/en\/wp-json\/wp\/v2\/pages"}],"about":[{"href":"https:\/\/www.amper-aufsperrdienst.de\/en\/wp-json\/wp\/v2\/types\/page"}],"author":[{"embeddable":true,"href":"https:\/\/www.amper-aufsperrdienst.de\/en\/wp-json\/wp\/v2\/users\/2"}],"replies":[{"embeddable":true,"href":"https:\/\/www.amper-aufsperrdienst.de\/en\/wp-json\/wp\/v2\/comments?post=11045"}],"version-history":[{"count":2,"href":"https:\/\/www.amper-aufsperrdienst.de\/en\/wp-json\/wp\/v2\/pages\/11045\/revisions"}],"predecessor-version":[{"id":14587,"href":"https:\/\/www.amper-aufsperrdienst.de\/en\/wp-json\/wp\/v2\/pages\/11045\/revisions\/14587"}],"wp:featuredmedia":[{"embeddable":true,"href":"https:\/\/www.amper-aufsperrdienst.de\/en\/wp-json\/wp\/v2\/media\/11004"}],"wp:attachment":[{"href":"https:\/\/www.amper-aufsperrdienst.de\/en\/wp-json\/wp\/v2\/media?parent=11045"}],"curies":[{"name":"wp","href":"https:\/\/api.w.org\/{rel}","templated":true}]}}