{"id":11052,"date":"2018-07-11T05:07:17","date_gmt":"2018-07-11T03:07:17","guid":{"rendered":"https:\/\/www.amper-aufsperrdienst.de\/schluesseldienst-muenchen-villenkolonie-pasing-ii\/"},"modified":"2026-01-20T10:35:46","modified_gmt":"2026-01-20T08:35:46","slug":"locksmith-munich-villa-colony-pasing-ii","status":"publish","type":"page","link":"https:\/\/www.amper-aufsperrdienst.de\/en\/locksmith-munich-villa-colony-pasing-ii\/","title":{"rendered":"Locksmith Munich Villa Colony Pasing II"},"content":{"rendered":"<p><img loading=\"lazy\" decoding=\"async\" class=\"alignleft\" style=\"margin-bottom: 5px !important;\" src=\"https:\/\/www.amper-aufsperrdienst.de\/wp-content\/uploads\/2021\/03\/schluesseldienst-muenchen-villenkolonie-pasing-ii-festpreis-ab-52-siegel.jpg\" alt=\"Locksmith in Munich with a fixed price starting from \u20ac52.\" width=\"250\" height=\"250\" \/>If you find yourself locked out in the Pasing II villa district, we are happy to be your expert for damage-free door opening. As a locksmith service in Munich&#8217;s Pasing II villa district, we are a third-generation family business, so we have the necessary experience to unlock doors quickly and without damage. We also have a 24-hour emergency hotline, which you can reach even on weekends and holidays. Furthermore, our fixed prices are fairly calculated and truly fixed. You don&#8217;t have to worry about hidden extra costs with us. We don&#8217;t operate like many disreputable &#8220;locksmiths&#8221; who are only after your money. Feel free to read our many positive reviews that we have received from our customers over the years!<\/p>\n          <!-- tarif -->\n<h2><b><span style=\"vertical-align: inherit;\"><span style=\"vertical-align: inherit;\">Our binding fixed prices start from \u20ac52.<\/span><\/span><\/b><\/h2>\n<p>Amper Locksmith Service is a fair locksmith service with transparent fixed prices:<\/p>\n<div class=\"table-title\">\n\tPRICE LIST  UNLOCK\n<\/div>\n<!-- Table part-->\n<table class=\"table\">\n  <thead class=\"header\">\n\t  <tr>\n     \t <th scope=\"col\">Time<\/th>\n     \t <th scope=\"col\">8 - 18<\/th>\n     \t <th scope=\"col\">18 - 22<\/th>\n     \t <th scope=\"col\">22 - 8<\/th>\n\t<\/tr>\n  <\/thead>\n  <tbody>\n     \t  <tr class=\"weekdays\">\n     \t  \t  <td class=\"tag\" data-label=\"Time\">Mo - Fr<\/td>\n     \t  \t  <td class=\"hrs tag\" data-label=\"8 - 18\">52,- \u20ac<\/td>\n     \t  \t  <td class=\"tag space\" data-label=\"18 - 22\">82,- \u20ac<\/td>\n     \t  \t  <td data-label=\"22 - 8\">95,- \u20ac<\/td>\n     \t  <\/tr>\n     <tr class=\"weekends\">\n     \t  \t  <td class=\"tag\" data-label=\"Time\">Sa<\/td>\n     \t  \t  <td class=\"tag\" data-label=\"8 - 18\">95,- \u20ac<\/td>\n     \t  \t  <td class=\"tag\" data-label=\"18 - 22\">95,- \u20ac<\/td>\n     \t  \t  <td data-label=\"22 - 8\">125,- \u20ac<\/td>\n     \t  <\/tr>\n     <tr class=\"holidays\">\n     \t  \t  <td class=\"tag\" data-label=\"Time\">So & holiday<\/td>\n     \t  \t  <td class=\"tag\" data-label=\"8 - 18\">125,- \u20ac<\/td>\n     \t  \t  <td class=\"tag\" data-label=\"18 - 22\">125,-\u20ac<\/td>\n     \t  \t  <td data-label=\"22 - 8\">125,-\u20ac<\/td>\n     \t  <\/tr>\n     <\/tbody>\n<\/table>\n<!-- Table Description-->\n<div class=\"table-description\">\n\t<em>Please call to inquire about travel costs.<\/em>\n<\/div>\n<!-- Wordings below -->\n<div class=\"wordings\">\n<p>The prices listed in this table are binding for unlocking a door that has slammed shut or been pulled shut (without self-locking mechanisms). Please feel free to contact us if you would like a price quote for other locksmith services. We will gladly provide you with a transparent, fixed-price offer.<\/p>\n<\/div>\n\n<!-- END Wordings -->\n\n\n\n<div class=\"ansprech\">Locksmith in Munich&#8217;s Pasing II villa district with competent staff and top-quality professional tools<br \/>\n<h3 class=\"phone mobilesOnly\"><a href=\"tel:+498000131131\">0800 \/ 0 131 131<\/a><\/h3><h3 class=\"phone desktopOnly\"><a href=\"tel:+498000131131\">0800 \/ 0 131 131<\/a><\/h3>Fixed price guarantee, 24-hour service &amp; free emergency call<\/div>\n<h2>The Pasing II villa colony in the Pasing district of Munich<\/h2>\n<p>After the construction of the Pasing I villa colony proved a great success, the architect August Exter decided to create a second colony. However, this project was doomed to failure, forcing August Exter to gradually close his construction company. Ultimately, the Pasing II villa colony was built by the Neu-Westend AG land development company, although some still believe it was Exter himself.<\/p>\n<p>By 1900, 90 houses had already been built, but there was a period of stagnation afterward, which is why further houses weren&#8217;t built until the late 1920s. There was plenty of demand for the houses at that time. This is also the case today, as Munich-Pasing is becoming increasingly popular as a residential area.<\/p>\n<p>Just like the Pasing I villa colony, the Pasing II villa colony boasts numerous listed buildings and houses.<\/p>\n<p>The railway tracks run south of the settlement. To the west, the settlement extends to the W\u00fcrm River, and to the east to Bergsonstrasse.<\/p>\n<p>The following streets are located in the Pasing II villa district: Alte Allee, Apfelallee, Barystra\u00dfe, Hofmillerstra\u00dfe, L\u00fctzowstra\u00dfe, Mark-Twain-Stra\u00dfe, Marschnerstra\u00dfe, Pippinger Stra\u00dfe, Rembrandtstra\u00dfe, and Rubensstra\u00dfe.<\/p>\n<h2>Locksmith Munich Pasing II villa district: professional and reliable<\/h2>\n<p>Have you lost your key and now need a professional and reliable locksmith in Munich&#8217;s Pasing II villa district? Amper Locksmith Service is happy to help you with the best specialized tools and extensive expertise. In over 99% of our call-outs, we are able to open doors completely without causing expensive damage. Even more complex lockouts involving professional-grade doors with special cylinders can usually be opened without damage. See for yourself!<\/p>\n<h2>Available around the clock and with a fixed-price guarantee<\/h2>\n<p>Furthermore, we are available around the clock free of charge and are happy to work with a fixed-price guarantee. Other &#8220;companies&#8221; may rip you off and cheat you, but customer satisfaction is very important to us. We therefore rely on a fair and transparent approach that is completely understandable for our customers. There are no hidden costs!<\/p>\n<div class=\"ansprech\">Locksmith in Munich&#8217;s Pasing II villa district with competent staff and top-quality professional tools<br \/>\n<h3 class=\"phone mobilesOnly\"><a href=\"tel:+498000131131\">0800 \/ 0 131 131<\/a><\/h3><h3 class=\"phone desktopOnly\"><a href=\"tel:+498000131131\">0800 \/ 0 131 131<\/a><\/h3>Fixed price guarantee, 24-hour service &amp; free emergency call<\/div>\n","protected":false},"excerpt":{"rendered":"<p>If you find yourself locked out in the Pasing II villa district, we are happy to be your expert for damage-free door opening. As a locksmith service in Munich&#8217;s Pasing II villa district, we are a third-generation family business, so we have the necessary experience to unlock doors quickly and without damage. We also have [&hellip;]<\/p>\n","protected":false},"author":2,"featured_media":0,"parent":0,"menu_order":0,"comment_status":"closed","ping_status":"closed","template":"","meta":{"footnotes":"","_links_to":"","_links_to_target":""},"class_list":["post-11052","page","type-page","status-publish","hentry"],"yoast_head":"<!-- This site is optimized with the Yoast SEO plugin v27.4 - https:\/\/yoast.com\/product\/yoast-seo-wordpress\/ -->\n<title>Locksmith Munich Villa Colony Pasing II: from \u20ac52,- fixed price (binding)<\/title>\n<meta name=\"description\" content=\"Trustworthy and fair locksmith service in Munich&#039;s Pasing II villa district with highly trained staff, 24-hour emergency service, free phone number and fixed price guarantee: professional door opening with specialized tools in only about 30 minutes. Available free of charge even on weekends and public holidays!\" \/>\n<meta name=\"robots\" content=\"index, follow, max-snippet:-1, max-image-preview:large, max-video-preview:-1\" \/>\n<link rel=\"canonical\" href=\"https:\/\/www.amper-aufsperrdienst.de\/en\/locksmith-munich-villa-colony-pasing-ii\/\" \/>\n<meta property=\"og:locale\" content=\"en_US\" \/>\n<meta property=\"og:type\" content=\"article\" \/>\n<meta property=\"og:title\" content=\"Locksmith Munich Villa Colony Pasing II: from \u20ac52,- fixed price (binding)\" \/>\n<meta property=\"og:description\" content=\"Trustworthy and fair locksmith service in Munich&#039;s Pasing II villa district with highly trained staff, 24-hour emergency service, free phone number and fixed price guarantee: professional door opening with specialized tools in only about 30 minutes. Available free of charge even on weekends and public holidays!\" \/>\n<meta property=\"og:url\" content=\"https:\/\/www.amper-aufsperrdienst.de\/en\/locksmith-munich-villa-colony-pasing-ii\/\" \/>\n<meta property=\"og:site_name\" content=\"Locksmith for Munich, Dachau and F\u00fcrstenfeldbruck\" \/>\n<meta property=\"article:modified_time\" content=\"2026-01-20T08:35:46+00:00\" \/>\n<meta property=\"og:image\" content=\"https:\/\/www.amper-aufsperrdienst.de\/wp-content\/uploads\/2021\/03\/schluesseldienst-muenchen-villenkolonie-pasing-ii-festpreis-ab-52-siegel.jpg\" \/>\n<meta name=\"twitter:label1\" content=\"Est. reading time\" \/>\n\t<meta name=\"twitter:data1\" content=\"4 minutes\" \/>\n<script type=\"application\/ld+json\" class=\"yoast-schema-graph\">{\"@context\":\"https:\\\/\\\/schema.org\",\"@graph\":[{\"@type\":\"WebPage\",\"@id\":\"https:\\\/\\\/www.amper-aufsperrdienst.de\\\/en\\\/locksmith-munich-villa-colony-pasing-ii\\\/\",\"url\":\"https:\\\/\\\/www.amper-aufsperrdienst.de\\\/en\\\/locksmith-munich-villa-colony-pasing-ii\\\/\",\"name\":\"Locksmith Munich Villa Colony Pasing II: from \u20ac52,- fixed price (binding)\",\"isPartOf\":{\"@id\":\"https:\\\/\\\/www.amper-aufsperrdienst.de\\\/en\\\/#website\"},\"primaryImageOfPage\":{\"@id\":\"https:\\\/\\\/www.amper-aufsperrdienst.de\\\/en\\\/locksmith-munich-villa-colony-pasing-ii\\\/#primaryimage\"},\"image\":{\"@id\":\"https:\\\/\\\/www.amper-aufsperrdienst.de\\\/en\\\/locksmith-munich-villa-colony-pasing-ii\\\/#primaryimage\"},\"thumbnailUrl\":\"https:\\\/\\\/www.amper-aufsperrdienst.de\\\/wp-content\\\/uploads\\\/2021\\\/03\\\/schluesseldienst-muenchen-villenkolonie-pasing-ii-festpreis-ab-52-siegel.jpg\",\"datePublished\":\"2018-07-11T03:07:17+00:00\",\"dateModified\":\"2026-01-20T08:35:46+00:00\",\"description\":\"Trustworthy and fair locksmith service in Munich's Pasing II villa district with highly trained staff, 24-hour emergency service, free phone number and fixed price guarantee: professional door opening with specialized tools in only about 30 minutes. Available free of charge even on weekends and public holidays!\",\"breadcrumb\":{\"@id\":\"https:\\\/\\\/www.amper-aufsperrdienst.de\\\/en\\\/locksmith-munich-villa-colony-pasing-ii\\\/#breadcrumb\"},\"inLanguage\":\"en-US\",\"potentialAction\":[{\"@type\":\"ReadAction\",\"target\":[\"https:\\\/\\\/www.amper-aufsperrdienst.de\\\/en\\\/locksmith-munich-villa-colony-pasing-ii\\\/\"]}]},{\"@type\":\"ImageObject\",\"inLanguage\":\"en-US\",\"@id\":\"https:\\\/\\\/www.amper-aufsperrdienst.de\\\/en\\\/locksmith-munich-villa-colony-pasing-ii\\\/#primaryimage\",\"url\":\"https:\\\/\\\/www.amper-aufsperrdienst.de\\\/wp-content\\\/uploads\\\/2021\\\/03\\\/schluesseldienst-muenchen-villenkolonie-pasing-ii-festpreis-ab-52-siegel.jpg\",\"contentUrl\":\"https:\\\/\\\/www.amper-aufsperrdienst.de\\\/wp-content\\\/uploads\\\/2021\\\/03\\\/schluesseldienst-muenchen-villenkolonie-pasing-ii-festpreis-ab-52-siegel.jpg\"},{\"@type\":\"BreadcrumbList\",\"@id\":\"https:\\\/\\\/www.amper-aufsperrdienst.de\\\/en\\\/locksmith-munich-villa-colony-pasing-ii\\\/#breadcrumb\",\"itemListElement\":[{\"@type\":\"ListItem\",\"position\":1,\"name\":\"Home\",\"item\":\"https:\\\/\\\/www.amper-aufsperrdienst.de\\\/en\\\/\"},{\"@type\":\"ListItem\",\"position\":2,\"name\":\"Locksmith Munich Villa Colony Pasing II\"}]},{\"@type\":\"WebSite\",\"@id\":\"https:\\\/\\\/www.amper-aufsperrdienst.de\\\/en\\\/#website\",\"url\":\"https:\\\/\\\/www.amper-aufsperrdienst.de\\\/en\\\/\",\"name\":\"Locksmith for Munich, Dachau and F\u00fcrstenfeldbruck\",\"description\":\"Amper Aufsperrdienst\",\"potentialAction\":[{\"@type\":\"SearchAction\",\"target\":{\"@type\":\"EntryPoint\",\"urlTemplate\":\"https:\\\/\\\/www.amper-aufsperrdienst.de\\\/en\\\/?s={search_term_string}\"},\"query-input\":{\"@type\":\"PropertyValueSpecification\",\"valueRequired\":true,\"valueName\":\"search_term_string\"}}],\"inLanguage\":\"en-US\"}]}<\/script>\n<!-- \/ Yoast SEO plugin. -->","yoast_head_json":{"title":"Locksmith Munich Villa Colony Pasing II: from \u20ac52,- fixed price (binding)","description":"Trustworthy and fair locksmith service in Munich's Pasing II villa district with highly trained staff, 24-hour emergency service, free phone number and fixed price guarantee: professional door opening with specialized tools in only about 30 minutes. Available free of charge even on weekends and public holidays!","robots":{"index":"index","follow":"follow","max-snippet":"max-snippet:-1","max-image-preview":"max-image-preview:large","max-video-preview":"max-video-preview:-1"},"canonical":"https:\/\/www.amper-aufsperrdienst.de\/en\/locksmith-munich-villa-colony-pasing-ii\/","og_locale":"en_US","og_type":"article","og_title":"Locksmith Munich Villa Colony Pasing II: from \u20ac52,- fixed price (binding)","og_description":"Trustworthy and fair locksmith service in Munich's Pasing II villa district with highly trained staff, 24-hour emergency service, free phone number and fixed price guarantee: professional door opening with specialized tools in only about 30 minutes. Available free of charge even on weekends and public holidays!","og_url":"https:\/\/www.amper-aufsperrdienst.de\/en\/locksmith-munich-villa-colony-pasing-ii\/","og_site_name":"Locksmith for Munich, Dachau and F\u00fcrstenfeldbruck","article_modified_time":"2026-01-20T08:35:46+00:00","og_image":[{"url":"https:\/\/www.amper-aufsperrdienst.de\/wp-content\/uploads\/2021\/03\/schluesseldienst-muenchen-villenkolonie-pasing-ii-festpreis-ab-52-siegel.jpg","type":"","width":"","height":""}],"twitter_misc":{"Est. reading time":"4 minutes"},"schema":{"@context":"https:\/\/schema.org","@graph":[{"@type":"WebPage","@id":"https:\/\/www.amper-aufsperrdienst.de\/en\/locksmith-munich-villa-colony-pasing-ii\/","url":"https:\/\/www.amper-aufsperrdienst.de\/en\/locksmith-munich-villa-colony-pasing-ii\/","name":"Locksmith Munich Villa Colony Pasing II: from \u20ac52,- fixed price (binding)","isPartOf":{"@id":"https:\/\/www.amper-aufsperrdienst.de\/en\/#website"},"primaryImageOfPage":{"@id":"https:\/\/www.amper-aufsperrdienst.de\/en\/locksmith-munich-villa-colony-pasing-ii\/#primaryimage"},"image":{"@id":"https:\/\/www.amper-aufsperrdienst.de\/en\/locksmith-munich-villa-colony-pasing-ii\/#primaryimage"},"thumbnailUrl":"https:\/\/www.amper-aufsperrdienst.de\/wp-content\/uploads\/2021\/03\/schluesseldienst-muenchen-villenkolonie-pasing-ii-festpreis-ab-52-siegel.jpg","datePublished":"2018-07-11T03:07:17+00:00","dateModified":"2026-01-20T08:35:46+00:00","description":"Trustworthy and fair locksmith service in Munich's Pasing II villa district with highly trained staff, 24-hour emergency service, free phone number and fixed price guarantee: professional door opening with specialized tools in only about 30 minutes. Available free of charge even on weekends and public holidays!","breadcrumb":{"@id":"https:\/\/www.amper-aufsperrdienst.de\/en\/locksmith-munich-villa-colony-pasing-ii\/#breadcrumb"},"inLanguage":"en-US","potentialAction":[{"@type":"ReadAction","target":["https:\/\/www.amper-aufsperrdienst.de\/en\/locksmith-munich-villa-colony-pasing-ii\/"]}]},{"@type":"ImageObject","inLanguage":"en-US","@id":"https:\/\/www.amper-aufsperrdienst.de\/en\/locksmith-munich-villa-colony-pasing-ii\/#primaryimage","url":"https:\/\/www.amper-aufsperrdienst.de\/wp-content\/uploads\/2021\/03\/schluesseldienst-muenchen-villenkolonie-pasing-ii-festpreis-ab-52-siegel.jpg","contentUrl":"https:\/\/www.amper-aufsperrdienst.de\/wp-content\/uploads\/2021\/03\/schluesseldienst-muenchen-villenkolonie-pasing-ii-festpreis-ab-52-siegel.jpg"},{"@type":"BreadcrumbList","@id":"https:\/\/www.amper-aufsperrdienst.de\/en\/locksmith-munich-villa-colony-pasing-ii\/#breadcrumb","itemListElement":[{"@type":"ListItem","position":1,"name":"Home","item":"https:\/\/www.amper-aufsperrdienst.de\/en\/"},{"@type":"ListItem","position":2,"name":"Locksmith Munich Villa Colony Pasing II"}]},{"@type":"WebSite","@id":"https:\/\/www.amper-aufsperrdienst.de\/en\/#website","url":"https:\/\/www.amper-aufsperrdienst.de\/en\/","name":"Locksmith for Munich, Dachau and F\u00fcrstenfeldbruck","description":"Amper Aufsperrdienst","potentialAction":[{"@type":"SearchAction","target":{"@type":"EntryPoint","urlTemplate":"https:\/\/www.amper-aufsperrdienst.de\/en\/?s={search_term_string}"},"query-input":{"@type":"PropertyValueSpecification","valueRequired":true,"valueName":"search_term_string"}}],"inLanguage":"en-US"}]}},"_links":{"self":[{"href":"https:\/\/www.amper-aufsperrdienst.de\/en\/wp-json\/wp\/v2\/pages\/11052","targetHints":{"allow":["GET"]}}],"collection":[{"href":"https:\/\/www.amper-aufsperrdienst.de\/en\/wp-json\/wp\/v2\/pages"}],"about":[{"href":"https:\/\/www.amper-aufsperrdienst.de\/en\/wp-json\/wp\/v2\/types\/page"}],"author":[{"embeddable":true,"href":"https:\/\/www.amper-aufsperrdienst.de\/en\/wp-json\/wp\/v2\/users\/2"}],"replies":[{"embeddable":true,"href":"https:\/\/www.amper-aufsperrdienst.de\/en\/wp-json\/wp\/v2\/comments?post=11052"}],"version-history":[{"count":2,"href":"https:\/\/www.amper-aufsperrdienst.de\/en\/wp-json\/wp\/v2\/pages\/11052\/revisions"}],"predecessor-version":[{"id":11072,"href":"https:\/\/www.amper-aufsperrdienst.de\/en\/wp-json\/wp\/v2\/pages\/11052\/revisions\/11072"}],"wp:attachment":[{"href":"https:\/\/www.amper-aufsperrdienst.de\/en\/wp-json\/wp\/v2\/media?parent=11052"}],"curies":[{"name":"wp","href":"https:\/\/api.w.org\/{rel}","templated":true}]}}