{"id":11102,"date":"2017-10-19T06:51:29","date_gmt":"2017-10-19T04:51:29","guid":{"rendered":"https:\/\/www.amper-aufsperrdienst.de\/locksmith-oberschleissheim\/"},"modified":"2026-01-28T08:42:36","modified_gmt":"2026-01-28T06:42:36","slug":"locksmith-oberschleissheim","status":"publish","type":"page","link":"https:\/\/www.amper-aufsperrdienst.de\/en\/locksmith-oberschleissheim\/","title":{"rendered":"Locksmith Oberschlei\u00dfheim"},"content":{"rendered":"<p><img loading=\"lazy\" decoding=\"async\" class=\"alignleft\" style=\"margin-bottom: 5px !important;\" src=\"https:\/\/www.amper-aufsperrdienst.de\/wp-content\/uploads\/2021\/03\/schluesseldienst-muenchen-oberschleissheim-festpreis-ab-52-siegel-Recovered.jpg\" alt=\"Amper Locksmith Opening Service muenchen-oberschleissheim with fixed price from 52,- EUR\" width=\"250\" height=\"250\"><\/p>\n<p>Have you locked yourself out of your apartment in Oberschlei\u00dfheim? Did you just want to take the dog out for a quick walk when the door closed behind you and you realized you didn&#8217;t have your key? These things happen. But there&#8217;s no need to despair. Amper Locksmith Service is happy to help. As experienced locksmiths in Oberschlei\u00dfheim, we&#8217;ve been opening doors without damage for three generations! Call us anytime for a free, no-obligation quote. If you like it, you can hire us right away. We&#8217;ll then set off and are usually at your location in about 30 minutes.       <\/p>\n          <!-- tarif -->\n<h2><b><span style=\"vertical-align: inherit;\"><span style=\"vertical-align: inherit;\">Our binding fixed prices start from \u20ac52.<\/span><\/span><\/b><\/h2>\n<p>Amper Locksmith Service is a fair locksmith service with transparent fixed prices:<\/p>\n<div class=\"table-title\">\n\tPRICE LIST  UNLOCK\n<\/div>\n<!-- Table part-->\n<table class=\"table\">\n  <thead class=\"header\">\n\t  <tr>\n     \t <th scope=\"col\">Time<\/th>\n     \t <th scope=\"col\">8 - 18<\/th>\n     \t <th scope=\"col\">18 - 22<\/th>\n     \t <th scope=\"col\">22 - 8<\/th>\n\t<\/tr>\n  <\/thead>\n  <tbody>\n     \t  <tr class=\"weekdays\">\n     \t  \t  <td class=\"tag\" data-label=\"Time\">Mo - Fr<\/td>\n     \t  \t  <td class=\"hrs tag\" data-label=\"8 - 18\">52,- \u20ac<\/td>\n     \t  \t  <td class=\"tag space\" data-label=\"18 - 22\">82,- \u20ac<\/td>\n     \t  \t  <td data-label=\"22 - 8\">95,- \u20ac<\/td>\n     \t  <\/tr>\n     <tr class=\"weekends\">\n     \t  \t  <td class=\"tag\" data-label=\"Time\">Sa<\/td>\n     \t  \t  <td class=\"tag\" data-label=\"8 - 18\">95,- \u20ac<\/td>\n     \t  \t  <td class=\"tag\" data-label=\"18 - 22\">95,- \u20ac<\/td>\n     \t  \t  <td data-label=\"22 - 8\">125,- \u20ac<\/td>\n     \t  <\/tr>\n     <tr class=\"holidays\">\n     \t  \t  <td class=\"tag\" data-label=\"Time\">So & holiday<\/td>\n     \t  \t  <td class=\"tag\" data-label=\"8 - 18\">125,- \u20ac<\/td>\n     \t  \t  <td class=\"tag\" data-label=\"18 - 22\">125,-\u20ac<\/td>\n     \t  \t  <td data-label=\"22 - 8\">125,-\u20ac<\/td>\n     \t  <\/tr>\n     <\/tbody>\n<\/table>\n<!-- Table Description-->\n<div class=\"table-description\">\n\t<em>Please call to inquire about travel costs.<\/em>\n<\/div>\n<!-- Wordings below -->\n<div class=\"wordings\">\n<p>The prices listed in this table are binding for unlocking a door that has slammed shut or been pulled shut (without self-locking mechanisms). Please feel free to contact us if you would like a price quote for other locksmith services. We will gladly provide you with a transparent, fixed-price offer.<\/p>\n<\/div>\n\n<!-- END Wordings -->\n\n\n\n<div class=\"ansprech\">Competent locksmith service in Oberschlei\u00dfheim with affordable fixed prices<\/p>\n<p><h3 class=\"phone mobilesOnly\"><a href=\"tel:+498000131131\">0800 \/ 0 131 131<\/a><\/h3><h3 class=\"phone desktopOnly\"><a href=\"tel:+498000131131\">0800 \/ 0 131 131<\/a><\/h3>Available 24\/7, free of charge<\/p><\/div>\n<h2>The municipality of Oberschlei\u00dfheim in the district of Munich<\/h2>\n<p>North of the Bavarian capital, Munich, lies the municipality of Oberschlei\u00dfheim, home to approximately 11,600 people. This municipality is known beyond the region for its three impressive castles and an airport that is over 100 years old. Oberschlei\u00dfheim borders not only Munich, but also Unterschlei\u00dfheim, Dachau, and Garching.<\/p>\n<p>The municipality of Oberschlei\u00dfheim comprises a total of nine districts. These are called Badersfeld, Hochmutting, Kreuzstra\u00dfe, Lustheim, Oberschlei\u00dfheim, Mallertshofen, Mittenheim and Neuherberg.<\/p>\n<p>The place was first mentioned in a document in 785. Its name at that time was &#8220;Sliusheim&#8221;. <\/p>\n<h2>Locksmith Oberschlei\u00dfheim: Professional Door Opening at a Fixed Price<\/h2>\n<p>Have you locked yourself out in Oberschlei\u00dfheim or one of the districts mentioned above and now need fast assistance from a professional emergency locksmith? Call the competent Amper Locksmith Service immediately and free of charge. We are happy to offer a fixed price. The prices we quote over the phone are fixed and will not be increased after the door has been opened. We don&#8217;t use tricks and certainly won&#8217;t add exorbitant extra charges at the end!<\/p>\n<h2>Non-destructive Locking in Oberschlei\u00dfheim<\/h2>\n<p>Customer satisfaction is our top priority! That&#8217;s why we not only ensure transparent and fair procedures, but also precise door opening without damage. Our employees are experts in their field and highly skilled in their work. They are all equipped with the best professional tools. This allows us to achieve a damage-free result in over 99% of our lockouts \u2013 a top-tier achievement that only true experts can attain.<\/p>\n<h2>Genuine emergency locksmith service with 24\/7 availability<\/h2>\n<p>A major advantage of Amper Locksmith Service is that it&#8217;s available around the clock for its customers. We are a genuine emergency service and will come to you immediately after you call. You can reach us anytime, free of charge, on our 0800 number. With us, you won&#8217;t be connected to a call center, but rather directly to one of our experts, ensuring you receive the best possible advice when you contact us. After all, who could better assess your situation than someone who truly understands the subject?    <\/p>\n<p>Do you urgently need a fast, reliable, and affordable locksmith in Oberschlei\u00dfheim who can open your doors quickly and without damage for a fixed price? We are happy to help and offer you the best service!<\/p>\n<div class=\"ansprech\">Competent locksmith service in Oberschlei\u00dfheim with affordable fixed prices<\/p>\n<p><h3 class=\"phone mobilesOnly\"><a href=\"tel:+498000131131\">0800 \/ 0 131 131<\/a><\/h3><h3 class=\"phone desktopOnly\"><a href=\"tel:+498000131131\">0800 \/ 0 131 131<\/a><\/h3>Available 24\/7, free of charge<\/p><\/div>\n<h2>Locksmith Oberschlei\u00dfheim: Special tools in professional hands<\/h2>\n<p>We not only open your door in a flash if you&#8217;ve accidentally locked yourself out or perhaps forgotten your key, but we also take care of all other work related to doors and locks. Has your key perhaps broken off and is now stuck in the lock, and nothing works anymore? Then simply call the Oberschlei\u00dfheim locksmith service. Our highly trained staff will set off immediately. In most cases, we&#8217;ll be at your door in no more than half an hour and tackle the problem!    <\/p>\n<p>We work exclusively with the very latest technology available to locksmiths. Our team are true professionals in the use of their specialized tools, ensuring that no door remains locked for long. In addition, we naturally repair locks or replace defective ones entirely. Sometimes, the lock cylinder is simply damaged, and with skill and expertise, the problem can be solved. Whatever the issue with your door lock \u2013 the professionals at Amper Locksmith Service are guaranteed to be able to fix it.  <\/p>\n<h2>Protection against burglars? Ask the experts at Oberschlei\u00dfheim Locksmith Service<\/h2>\n<p>Comprehensive advice on burglary prevention is one of the services offered by a professional and customer-friendly locksmith. Unfortunately, it&#8217;s becoming increasingly important to effectively protect your home from intruders. Our highly trained experts will be happy to provide you with detailed information on the various ways you can sustainably secure your home against break-ins. Simply give us a call! We&#8217;ll install state-of-the-art security locks for you as quickly as possible!    <\/p>\n<p>Amper Locksmith Service Serving Public Authorities and Offices<\/p>\n<p>We are professional locksmiths, now in our third generation, serving Munich and the surrounding area. Mario Pichelmaier and his team are called upon whenever a reliable and skilled locksmith is needed. And not only by private clients, but increasingly by public institutions as well.  <\/p>\n<p>The justice system, police, offices, and authorities constantly need professionals to assist them in their operations. Often, officers literally find themselves locked out and unable to carry out their duties. Amper Locksmith Service then steps in, quickly and easily opening the doors in question for the officers.<\/p>\n<h2>Locksmith Oberschlei\u00dfheim: No waiting times and a genuine fixed-price guarantee<\/h2>\n<p>Unfortunately, many amateurs try their hand at being locksmiths. The result is often shoddy workmanship and exorbitant, even outrageous, prices. It&#8217;s no wonder that many customers are dissatisfied and the locksmith industry is getting a bad reputation. The Oberschlei\u00dfheim Locksmith Service is taking a stand against this. We want to show that there is another way and that honest locksmiths still value their craft.    <\/p>\n<p>Customer satisfaction is our top priority. That&#8217;s why we strive every day to ensure complete customer satisfaction. This includes being available 24\/7. With us, there are no waiting times. We set off immediately upon receiving your call to be on-site as quickly as possible. We complete our work quickly, efficiently, and conscientiously. And above all, we charge fair and binding fixed prices! With Amper Locksmith Service, you absolutely don&#8217;t have to worry about dubious surcharges, exorbitant call-out fees, or additional charges after the fact. You will only pay the fixed price agreed upon before work begins. That&#8217;s a tradesman&#8217;s honor!<\/p>\n","protected":false},"excerpt":{"rendered":"<p>Have you locked yourself out of your apartment in Oberschlei\u00dfheim? Did you just want to take the dog out for a quick walk when the door closed behind you and you realized you didn&#8217;t have your key? These things happen. But there&#8217;s no need to despair. Amper Locksmith Service is happy to help. As experienced [&hellip;]<\/p>\n","protected":false},"author":2,"featured_media":0,"parent":0,"menu_order":0,"comment_status":"closed","ping_status":"closed","template":"","meta":{"footnotes":"","_links_to":"","_links_to_target":""},"class_list":["post-11102","page","type-page","status-publish","hentry"],"yoast_head":"<!-- This site is optimized with the Yoast SEO plugin v27.4 - https:\/\/yoast.com\/product\/yoast-seo-wordpress\/ -->\n<title>Experienced locksmith service in Oberhaching for non-destructive door opening at a fixed price: Locksmith in its 3rd generation, 24-hour service &amp; free emergency hotline<\/title>\n<meta name=\"description\" content=\"Long-established, third-generation locksmith service in Oberschlei\u00dfheim: Fixed price guarantee, 24-hour emergency service &amp; free phone number. On-site in approximately 30 minutes!\" \/>\n<meta name=\"robots\" content=\"index, follow, max-snippet:-1, max-image-preview:large, max-video-preview:-1\" \/>\n<link rel=\"canonical\" href=\"https:\/\/www.amper-aufsperrdienst.de\/en\/locksmith-oberschleissheim\/\" \/>\n<meta property=\"og:locale\" content=\"en_US\" \/>\n<meta property=\"og:type\" content=\"article\" \/>\n<meta property=\"og:title\" content=\"Experienced locksmith service in Oberhaching for non-destructive door opening at a fixed price: Locksmith in its 3rd generation, 24-hour service &amp; free emergency hotline\" \/>\n<meta property=\"og:description\" content=\"Long-established, third-generation locksmith service in Oberschlei\u00dfheim: Fixed price guarantee, 24-hour emergency service &amp; free phone number. On-site in approximately 30 minutes!\" \/>\n<meta property=\"og:url\" content=\"https:\/\/www.amper-aufsperrdienst.de\/en\/locksmith-oberschleissheim\/\" \/>\n<meta property=\"og:site_name\" content=\"Locksmith for Munich, Dachau and F\u00fcrstenfeldbruck\" \/>\n<meta property=\"article:modified_time\" content=\"2026-01-28T06:42:36+00:00\" \/>\n<meta property=\"og:image\" content=\"https:\/\/www.amper-aufsperrdienst.de\/wp-content\/uploads\/2021\/03\/schluesseldienst-muenchen-oberschleissheim-festpreis-ab-52-siegel-Recovered.jpg\" \/>\n<meta name=\"twitter:label1\" content=\"Est. reading time\" \/>\n\t<meta name=\"twitter:data1\" content=\"7 minutes\" \/>\n<script type=\"application\/ld+json\" class=\"yoast-schema-graph\">{\"@context\":\"https:\\\/\\\/schema.org\",\"@graph\":[{\"@type\":\"WebPage\",\"@id\":\"https:\\\/\\\/www.amper-aufsperrdienst.de\\\/en\\\/locksmith-oberschleissheim\\\/\",\"url\":\"https:\\\/\\\/www.amper-aufsperrdienst.de\\\/en\\\/locksmith-oberschleissheim\\\/\",\"name\":\"Experienced locksmith service in Oberhaching for non-destructive door opening at a fixed price: Locksmith in its 3rd generation, 24-hour service & free emergency hotline\",\"isPartOf\":{\"@id\":\"https:\\\/\\\/www.amper-aufsperrdienst.de\\\/en\\\/#website\"},\"primaryImageOfPage\":{\"@id\":\"https:\\\/\\\/www.amper-aufsperrdienst.de\\\/en\\\/locksmith-oberschleissheim\\\/#primaryimage\"},\"image\":{\"@id\":\"https:\\\/\\\/www.amper-aufsperrdienst.de\\\/en\\\/locksmith-oberschleissheim\\\/#primaryimage\"},\"thumbnailUrl\":\"https:\\\/\\\/www.amper-aufsperrdienst.de\\\/wp-content\\\/uploads\\\/2021\\\/03\\\/schluesseldienst-muenchen-oberschleissheim-festpreis-ab-52-siegel-Recovered.jpg\",\"datePublished\":\"2017-10-19T04:51:29+00:00\",\"dateModified\":\"2026-01-28T06:42:36+00:00\",\"description\":\"Long-established, third-generation locksmith service in Oberschlei\u00dfheim: Fixed price guarantee, 24-hour emergency service & free phone number. On-site in approximately 30 minutes!\",\"breadcrumb\":{\"@id\":\"https:\\\/\\\/www.amper-aufsperrdienst.de\\\/en\\\/locksmith-oberschleissheim\\\/#breadcrumb\"},\"inLanguage\":\"en-US\",\"potentialAction\":[{\"@type\":\"ReadAction\",\"target\":[\"https:\\\/\\\/www.amper-aufsperrdienst.de\\\/en\\\/locksmith-oberschleissheim\\\/\"]}]},{\"@type\":\"ImageObject\",\"inLanguage\":\"en-US\",\"@id\":\"https:\\\/\\\/www.amper-aufsperrdienst.de\\\/en\\\/locksmith-oberschleissheim\\\/#primaryimage\",\"url\":\"https:\\\/\\\/www.amper-aufsperrdienst.de\\\/wp-content\\\/uploads\\\/2021\\\/03\\\/schluesseldienst-muenchen-oberschleissheim-festpreis-ab-52-siegel-Recovered.jpg\",\"contentUrl\":\"https:\\\/\\\/www.amper-aufsperrdienst.de\\\/wp-content\\\/uploads\\\/2021\\\/03\\\/schluesseldienst-muenchen-oberschleissheim-festpreis-ab-52-siegel-Recovered.jpg\"},{\"@type\":\"BreadcrumbList\",\"@id\":\"https:\\\/\\\/www.amper-aufsperrdienst.de\\\/en\\\/locksmith-oberschleissheim\\\/#breadcrumb\",\"itemListElement\":[{\"@type\":\"ListItem\",\"position\":1,\"name\":\"Home\",\"item\":\"https:\\\/\\\/www.amper-aufsperrdienst.de\\\/en\\\/\"},{\"@type\":\"ListItem\",\"position\":2,\"name\":\"Locksmith Oberschlei\u00dfheim\"}]},{\"@type\":\"WebSite\",\"@id\":\"https:\\\/\\\/www.amper-aufsperrdienst.de\\\/en\\\/#website\",\"url\":\"https:\\\/\\\/www.amper-aufsperrdienst.de\\\/en\\\/\",\"name\":\"Locksmith for Munich, Dachau and F\u00fcrstenfeldbruck\",\"description\":\"Amper Aufsperrdienst\",\"potentialAction\":[{\"@type\":\"SearchAction\",\"target\":{\"@type\":\"EntryPoint\",\"urlTemplate\":\"https:\\\/\\\/www.amper-aufsperrdienst.de\\\/en\\\/?s={search_term_string}\"},\"query-input\":{\"@type\":\"PropertyValueSpecification\",\"valueRequired\":true,\"valueName\":\"search_term_string\"}}],\"inLanguage\":\"en-US\"}]}<\/script>\n<!-- \/ Yoast SEO plugin. -->","yoast_head_json":{"title":"Experienced locksmith service in Oberhaching for non-destructive door opening at a fixed price: Locksmith in its 3rd generation, 24-hour service & free emergency hotline","description":"Long-established, third-generation locksmith service in Oberschlei\u00dfheim: Fixed price guarantee, 24-hour emergency service & free phone number. On-site in approximately 30 minutes!","robots":{"index":"index","follow":"follow","max-snippet":"max-snippet:-1","max-image-preview":"max-image-preview:large","max-video-preview":"max-video-preview:-1"},"canonical":"https:\/\/www.amper-aufsperrdienst.de\/en\/locksmith-oberschleissheim\/","og_locale":"en_US","og_type":"article","og_title":"Experienced locksmith service in Oberhaching for non-destructive door opening at a fixed price: Locksmith in its 3rd generation, 24-hour service & free emergency hotline","og_description":"Long-established, third-generation locksmith service in Oberschlei\u00dfheim: Fixed price guarantee, 24-hour emergency service & free phone number. On-site in approximately 30 minutes!","og_url":"https:\/\/www.amper-aufsperrdienst.de\/en\/locksmith-oberschleissheim\/","og_site_name":"Locksmith for Munich, Dachau and F\u00fcrstenfeldbruck","article_modified_time":"2026-01-28T06:42:36+00:00","og_image":[{"url":"https:\/\/www.amper-aufsperrdienst.de\/wp-content\/uploads\/2021\/03\/schluesseldienst-muenchen-oberschleissheim-festpreis-ab-52-siegel-Recovered.jpg","type":"","width":"","height":""}],"twitter_misc":{"Est. reading time":"7 minutes"},"schema":{"@context":"https:\/\/schema.org","@graph":[{"@type":"WebPage","@id":"https:\/\/www.amper-aufsperrdienst.de\/en\/locksmith-oberschleissheim\/","url":"https:\/\/www.amper-aufsperrdienst.de\/en\/locksmith-oberschleissheim\/","name":"Experienced locksmith service in Oberhaching for non-destructive door opening at a fixed price: Locksmith in its 3rd generation, 24-hour service & free emergency hotline","isPartOf":{"@id":"https:\/\/www.amper-aufsperrdienst.de\/en\/#website"},"primaryImageOfPage":{"@id":"https:\/\/www.amper-aufsperrdienst.de\/en\/locksmith-oberschleissheim\/#primaryimage"},"image":{"@id":"https:\/\/www.amper-aufsperrdienst.de\/en\/locksmith-oberschleissheim\/#primaryimage"},"thumbnailUrl":"https:\/\/www.amper-aufsperrdienst.de\/wp-content\/uploads\/2021\/03\/schluesseldienst-muenchen-oberschleissheim-festpreis-ab-52-siegel-Recovered.jpg","datePublished":"2017-10-19T04:51:29+00:00","dateModified":"2026-01-28T06:42:36+00:00","description":"Long-established, third-generation locksmith service in Oberschlei\u00dfheim: Fixed price guarantee, 24-hour emergency service & free phone number. On-site in approximately 30 minutes!","breadcrumb":{"@id":"https:\/\/www.amper-aufsperrdienst.de\/en\/locksmith-oberschleissheim\/#breadcrumb"},"inLanguage":"en-US","potentialAction":[{"@type":"ReadAction","target":["https:\/\/www.amper-aufsperrdienst.de\/en\/locksmith-oberschleissheim\/"]}]},{"@type":"ImageObject","inLanguage":"en-US","@id":"https:\/\/www.amper-aufsperrdienst.de\/en\/locksmith-oberschleissheim\/#primaryimage","url":"https:\/\/www.amper-aufsperrdienst.de\/wp-content\/uploads\/2021\/03\/schluesseldienst-muenchen-oberschleissheim-festpreis-ab-52-siegel-Recovered.jpg","contentUrl":"https:\/\/www.amper-aufsperrdienst.de\/wp-content\/uploads\/2021\/03\/schluesseldienst-muenchen-oberschleissheim-festpreis-ab-52-siegel-Recovered.jpg"},{"@type":"BreadcrumbList","@id":"https:\/\/www.amper-aufsperrdienst.de\/en\/locksmith-oberschleissheim\/#breadcrumb","itemListElement":[{"@type":"ListItem","position":1,"name":"Home","item":"https:\/\/www.amper-aufsperrdienst.de\/en\/"},{"@type":"ListItem","position":2,"name":"Locksmith Oberschlei\u00dfheim"}]},{"@type":"WebSite","@id":"https:\/\/www.amper-aufsperrdienst.de\/en\/#website","url":"https:\/\/www.amper-aufsperrdienst.de\/en\/","name":"Locksmith for Munich, Dachau and F\u00fcrstenfeldbruck","description":"Amper Aufsperrdienst","potentialAction":[{"@type":"SearchAction","target":{"@type":"EntryPoint","urlTemplate":"https:\/\/www.amper-aufsperrdienst.de\/en\/?s={search_term_string}"},"query-input":{"@type":"PropertyValueSpecification","valueRequired":true,"valueName":"search_term_string"}}],"inLanguage":"en-US"}]}},"_links":{"self":[{"href":"https:\/\/www.amper-aufsperrdienst.de\/en\/wp-json\/wp\/v2\/pages\/11102","targetHints":{"allow":["GET"]}}],"collection":[{"href":"https:\/\/www.amper-aufsperrdienst.de\/en\/wp-json\/wp\/v2\/pages"}],"about":[{"href":"https:\/\/www.amper-aufsperrdienst.de\/en\/wp-json\/wp\/v2\/types\/page"}],"author":[{"embeddable":true,"href":"https:\/\/www.amper-aufsperrdienst.de\/en\/wp-json\/wp\/v2\/users\/2"}],"replies":[{"embeddable":true,"href":"https:\/\/www.amper-aufsperrdienst.de\/en\/wp-json\/wp\/v2\/comments?post=11102"}],"version-history":[{"count":1,"href":"https:\/\/www.amper-aufsperrdienst.de\/en\/wp-json\/wp\/v2\/pages\/11102\/revisions"}],"predecessor-version":[{"id":11113,"href":"https:\/\/www.amper-aufsperrdienst.de\/en\/wp-json\/wp\/v2\/pages\/11102\/revisions\/11113"}],"wp:attachment":[{"href":"https:\/\/www.amper-aufsperrdienst.de\/en\/wp-json\/wp\/v2\/media?parent=11102"}],"curies":[{"name":"wp","href":"https:\/\/api.w.org\/{rel}","templated":true}]}}