{"id":11112,"date":"2018-03-01T03:48:14","date_gmt":"2018-03-01T01:48:14","guid":{"rendered":"https:\/\/www.amper-aufsperrdienst.de\/schluesseldienst-muenchen-rosenkavalierplatz\/"},"modified":"2026-01-28T04:29:37","modified_gmt":"2026-01-28T02:29:37","slug":"locksmith-munich-rosenkavalierplatz","status":"publish","type":"page","link":"https:\/\/www.amper-aufsperrdienst.de\/en\/locksmith-munich-rosenkavalierplatz\/","title":{"rendered":"Locksmith Munich Rosenkavalierplatz"},"content":{"rendered":"<p><img loading=\"lazy\" decoding=\"async\" class=\"alignleft\" style=\"margin-bottom: 5px !important;\" src=\"https:\/\/www.amper-aufsperrdienst.de\/wp-content\/uploads\/2021\/03\/schluesseldienst-muenchen-rosenkavalierplatz-festpreis-ab-52-siegel.jpg\" alt=\"Amper Locksmith Opening Service muenchen-rosenkavalierplatz with fixed price from 52,- EUR\" width=\"250\" height=\"250\" \/>Getting locked out is already frustrating enough. Even more frustrating, however, is having to wait for hours for a locksmith who charges you exorbitant prices after opening the door. With our locksmith service at Munich Rosenkavalierplatz, this cannot happen, because we provide a professional and fast door unlocking without any damage and are at your location in about 30 minutes. The team led by Mario Pichelmaier is also available around the clock at fair fixed prices. Just give us a free call \u2013 no matter what day or time it is!<\/p>\n          <!-- tarif -->\n<h2><b><span style=\"vertical-align: inherit;\"><span style=\"vertical-align: inherit;\">Our binding fixed prices start from \u20ac52.<\/span><\/span><\/b><\/h2>\n<p>Amper Locksmith Service is a fair locksmith service with transparent fixed prices:<\/p>\n<div class=\"table-title\">\n\tPRICE LIST  UNLOCK\n<\/div>\n<!-- Table part-->\n<table class=\"table\">\n  <thead class=\"header\">\n\t  <tr>\n     \t <th scope=\"col\">Time<\/th>\n     \t <th scope=\"col\">8 - 18<\/th>\n     \t <th scope=\"col\">18 - 22<\/th>\n     \t <th scope=\"col\">22 - 8<\/th>\n\t<\/tr>\n  <\/thead>\n  <tbody>\n     \t  <tr class=\"weekdays\">\n     \t  \t  <td class=\"tag\" data-label=\"Time\">Mo - Fr<\/td>\n     \t  \t  <td class=\"hrs tag\" data-label=\"8 - 18\">52,- \u20ac<\/td>\n     \t  \t  <td class=\"tag space\" data-label=\"18 - 22\">82,- \u20ac<\/td>\n     \t  \t  <td data-label=\"22 - 8\">95,- \u20ac<\/td>\n     \t  <\/tr>\n     <tr class=\"weekends\">\n     \t  \t  <td class=\"tag\" data-label=\"Time\">Sa<\/td>\n     \t  \t  <td class=\"tag\" data-label=\"8 - 18\">95,- \u20ac<\/td>\n     \t  \t  <td class=\"tag\" data-label=\"18 - 22\">95,- \u20ac<\/td>\n     \t  \t  <td data-label=\"22 - 8\">125,- \u20ac<\/td>\n     \t  <\/tr>\n     <tr class=\"holidays\">\n     \t  \t  <td class=\"tag\" data-label=\"Time\">So & holiday<\/td>\n     \t  \t  <td class=\"tag\" data-label=\"8 - 18\">125,- \u20ac<\/td>\n     \t  \t  <td class=\"tag\" data-label=\"18 - 22\">125,-\u20ac<\/td>\n     \t  \t  <td data-label=\"22 - 8\">125,-\u20ac<\/td>\n     \t  <\/tr>\n     <\/tbody>\n<\/table>\n<!-- Table Description-->\n<div class=\"table-description\">\n\t<em>Please call to inquire about travel costs.<\/em>\n<\/div>\n<!-- Wordings below -->\n<div class=\"wordings\">\n<p>The prices listed in this table are binding for unlocking a door that has slammed shut or been pulled shut (without self-locking mechanisms). Please feel free to contact us if you would like a price quote for other locksmith services. We will gladly provide you with a transparent, fixed-price offer.<\/p>\n<\/div>\n\n<!-- END Wordings -->\n\n\n\n<div class=\"ansprech\">Locksmith Munich Rosenkavalierplatz with fixed price guarantee<br \/><h3 class=\"phone mobilesOnly\"><a href=\"tel:+498000131131\">0800 \/ 0 131 131<\/a><\/h3><h3 class=\"phone desktopOnly\"><a href=\"tel:+498000131131\">0800 \/ 0 131 131<\/a><\/h3>24-hour emergency service with friendly staff and free emergency number<\/div>\n<h2>Locksmith Munich Rosenkavalierplatz: Finally no more long waiting times!<\/h2>\n<p>If you lock yourself out, it usually costs you not only a lot of nerves but also a lot of time. Our locksmith service, on the other hand, is available as an emergency key service not only on weekdays during normal business hours, but whenever you need help. After all, such an accident doesn\u2019t follow normal business hours. Whether on a weekday, on holidays like Christmas or Easter, or on the weekend: you can rely on our honest and fast locksmith service in Munich Rosenkavalierplatz around the clock.<\/p>\n<p>With us, you can always get a door unlocking without any damage at fair and affordable flat rates. You can explain your situation to our professional and friendly staff via our free phone number. Afterwards, we can provide you with our flat rates directly. This way, you will know from the start what costs to expect. In this way, we consciously distinguish ourselves from fake companies that do not work professionally but rather exploit the emergencies of other citizens.<\/p>\n<h2>Rosenkavalierplatz in the Bogenhausen district of Munich<\/h2>\n<p>Rosenkavalierplatz, located in the Bogenhausen district, is surrounded by Elektrastra\u00dfe, Arabellastra\u00dfe, and Englschalkinger Stra\u00dfe. It is also in close proximity to the well-known Arabellapark. From 1966 onwards, this park quickly developed into the district&#8217;s center and continues to impress with its mix of offices, residential areas, leisure facilities, and convention centers.<br \/><br \/>Rosenkavalierplatz, on the other hand, is relatively small, but it appeals to locals and tourists alike with its many trees and benches, which provide a shady spot to relax, especially in the summer.<\/p>\n<h2>The team around Mario Pichelmaier: Benefit from our experience<\/h2>\n<p>Mario Pichelmaier and his experienced team have been working successfully together for many years. For this reason, we are very familiar with all types of locks and can provide you with a damage-free door opening. If your door is merely closed, we can even unlock it in over 99% of cases. Even more complicated doors and locks often pose no problem for us. As a traditional locksmith service, we use only special tools for every job. Do you want to finally feel safe again in your apartment or house after a break-in? Our locksmith service at Munich Rosenkavalierplatz increases your security with modern security technology. Whether it\u2019s professional locks or a comprehensive security assessment, our experienced staff will provide thorough advice and find the right security system for you.<\/p>\n<div class=\"ansprech\">Locksmith Munich Rosenkavalierplatz with fixed price guarantee<br \/><h3 class=\"phone mobilesOnly\"><a href=\"tel:+498000131131\">0800 \/ 0 131 131<\/a><\/h3><h3 class=\"phone desktopOnly\"><a href=\"tel:+498000131131\">0800 \/ 0 131 131<\/a><\/h3>24-hour emergency service with friendly staff and free emergency number<\/div>\n\n\n<p><\/p>\n","protected":false},"excerpt":{"rendered":"<p>Getting locked out is already frustrating enough. Even more frustrating, however, is having to wait for hours for a locksmith who charges you exorbitant prices after opening the door. With our locksmith service at Munich Rosenkavalierplatz, this cannot happen, because we provide a professional and fast door unlocking without any damage and are at your [&hellip;]<\/p>\n","protected":false},"author":2,"featured_media":0,"parent":0,"menu_order":0,"comment_status":"closed","ping_status":"closed","template":"","meta":{"footnotes":"","_links_to":"","_links_to_target":""},"class_list":["post-11112","page","type-page","status-publish","hentry"],"yoast_head":"<!-- This site is optimized with the Yoast SEO plugin v27.4 - https:\/\/yoast.com\/product\/yoast-seo-wordpress\/ -->\n<title>Locksmith Munich Rosenkavalierplatz: fixed price from 52 EUR<\/title>\n<meta name=\"description\" content=\"Reliable and friendly locksmith service Munich Rosenkavalierplatz: for damage-free door opening at a fair flat rate: free emergency number, skilled locksmiths, and round-the-clock readiness! We are also there for you at night, on weekends, and on public holidays! Use of specialized tools\" \/>\n<meta name=\"robots\" content=\"index, follow, max-snippet:-1, max-image-preview:large, max-video-preview:-1\" \/>\n<link rel=\"canonical\" href=\"https:\/\/www.amper-aufsperrdienst.de\/en\/locksmith-munich-rosenkavalierplatz\/\" \/>\n<meta property=\"og:locale\" content=\"en_US\" \/>\n<meta property=\"og:type\" content=\"article\" \/>\n<meta property=\"og:title\" content=\"Locksmith Munich Rosenkavalierplatz: fixed price from 52 EUR\" \/>\n<meta property=\"og:description\" content=\"Reliable and friendly locksmith service Munich Rosenkavalierplatz: for damage-free door opening at a fair flat rate: free emergency number, skilled locksmiths, and round-the-clock readiness! We are also there for you at night, on weekends, and on public holidays! Use of specialized tools\" \/>\n<meta property=\"og:url\" content=\"https:\/\/www.amper-aufsperrdienst.de\/en\/locksmith-munich-rosenkavalierplatz\/\" \/>\n<meta property=\"og:site_name\" content=\"Locksmith for Munich, Dachau and F\u00fcrstenfeldbruck\" \/>\n<meta property=\"article:modified_time\" content=\"2026-01-28T02:29:37+00:00\" \/>\n<meta property=\"og:image\" content=\"https:\/\/www.amper-aufsperrdienst.de\/wp-content\/uploads\/2021\/03\/schluesseldienst-muenchen-rosenkavalierplatz-festpreis-ab-52-siegel.jpg\" \/>\n<meta name=\"twitter:label1\" content=\"Est. reading time\" \/>\n\t<meta name=\"twitter:data1\" content=\"4 minutes\" \/>\n<script type=\"application\/ld+json\" class=\"yoast-schema-graph\">{\"@context\":\"https:\\\/\\\/schema.org\",\"@graph\":[{\"@type\":\"WebPage\",\"@id\":\"https:\\\/\\\/www.amper-aufsperrdienst.de\\\/en\\\/locksmith-munich-rosenkavalierplatz\\\/\",\"url\":\"https:\\\/\\\/www.amper-aufsperrdienst.de\\\/en\\\/locksmith-munich-rosenkavalierplatz\\\/\",\"name\":\"Locksmith Munich Rosenkavalierplatz: fixed price from 52 EUR\",\"isPartOf\":{\"@id\":\"https:\\\/\\\/www.amper-aufsperrdienst.de\\\/en\\\/#website\"},\"primaryImageOfPage\":{\"@id\":\"https:\\\/\\\/www.amper-aufsperrdienst.de\\\/en\\\/locksmith-munich-rosenkavalierplatz\\\/#primaryimage\"},\"image\":{\"@id\":\"https:\\\/\\\/www.amper-aufsperrdienst.de\\\/en\\\/locksmith-munich-rosenkavalierplatz\\\/#primaryimage\"},\"thumbnailUrl\":\"https:\\\/\\\/www.amper-aufsperrdienst.de\\\/wp-content\\\/uploads\\\/2021\\\/03\\\/schluesseldienst-muenchen-rosenkavalierplatz-festpreis-ab-52-siegel.jpg\",\"datePublished\":\"2018-03-01T01:48:14+00:00\",\"dateModified\":\"2026-01-28T02:29:37+00:00\",\"description\":\"Reliable and friendly locksmith service Munich Rosenkavalierplatz: for damage-free door opening at a fair flat rate: free emergency number, skilled locksmiths, and round-the-clock readiness! We are also there for you at night, on weekends, and on public holidays! Use of specialized tools\",\"breadcrumb\":{\"@id\":\"https:\\\/\\\/www.amper-aufsperrdienst.de\\\/en\\\/locksmith-munich-rosenkavalierplatz\\\/#breadcrumb\"},\"inLanguage\":\"en-US\",\"potentialAction\":[{\"@type\":\"ReadAction\",\"target\":[\"https:\\\/\\\/www.amper-aufsperrdienst.de\\\/en\\\/locksmith-munich-rosenkavalierplatz\\\/\"]}]},{\"@type\":\"ImageObject\",\"inLanguage\":\"en-US\",\"@id\":\"https:\\\/\\\/www.amper-aufsperrdienst.de\\\/en\\\/locksmith-munich-rosenkavalierplatz\\\/#primaryimage\",\"url\":\"https:\\\/\\\/www.amper-aufsperrdienst.de\\\/wp-content\\\/uploads\\\/2021\\\/03\\\/schluesseldienst-muenchen-rosenkavalierplatz-festpreis-ab-52-siegel.jpg\",\"contentUrl\":\"https:\\\/\\\/www.amper-aufsperrdienst.de\\\/wp-content\\\/uploads\\\/2021\\\/03\\\/schluesseldienst-muenchen-rosenkavalierplatz-festpreis-ab-52-siegel.jpg\"},{\"@type\":\"BreadcrumbList\",\"@id\":\"https:\\\/\\\/www.amper-aufsperrdienst.de\\\/en\\\/locksmith-munich-rosenkavalierplatz\\\/#breadcrumb\",\"itemListElement\":[{\"@type\":\"ListItem\",\"position\":1,\"name\":\"Home\",\"item\":\"https:\\\/\\\/www.amper-aufsperrdienst.de\\\/en\\\/\"},{\"@type\":\"ListItem\",\"position\":2,\"name\":\"Locksmith Munich Rosenkavalierplatz\"}]},{\"@type\":\"WebSite\",\"@id\":\"https:\\\/\\\/www.amper-aufsperrdienst.de\\\/en\\\/#website\",\"url\":\"https:\\\/\\\/www.amper-aufsperrdienst.de\\\/en\\\/\",\"name\":\"Locksmith for Munich, Dachau and F\u00fcrstenfeldbruck\",\"description\":\"Amper Aufsperrdienst\",\"potentialAction\":[{\"@type\":\"SearchAction\",\"target\":{\"@type\":\"EntryPoint\",\"urlTemplate\":\"https:\\\/\\\/www.amper-aufsperrdienst.de\\\/en\\\/?s={search_term_string}\"},\"query-input\":{\"@type\":\"PropertyValueSpecification\",\"valueRequired\":true,\"valueName\":\"search_term_string\"}}],\"inLanguage\":\"en-US\"}]}<\/script>\n<!-- \/ Yoast SEO plugin. -->","yoast_head_json":{"title":"Locksmith Munich Rosenkavalierplatz: fixed price from 52 EUR","description":"Reliable and friendly locksmith service Munich Rosenkavalierplatz: for damage-free door opening at a fair flat rate: free emergency number, skilled locksmiths, and round-the-clock readiness! We are also there for you at night, on weekends, and on public holidays! Use of specialized tools","robots":{"index":"index","follow":"follow","max-snippet":"max-snippet:-1","max-image-preview":"max-image-preview:large","max-video-preview":"max-video-preview:-1"},"canonical":"https:\/\/www.amper-aufsperrdienst.de\/en\/locksmith-munich-rosenkavalierplatz\/","og_locale":"en_US","og_type":"article","og_title":"Locksmith Munich Rosenkavalierplatz: fixed price from 52 EUR","og_description":"Reliable and friendly locksmith service Munich Rosenkavalierplatz: for damage-free door opening at a fair flat rate: free emergency number, skilled locksmiths, and round-the-clock readiness! We are also there for you at night, on weekends, and on public holidays! Use of specialized tools","og_url":"https:\/\/www.amper-aufsperrdienst.de\/en\/locksmith-munich-rosenkavalierplatz\/","og_site_name":"Locksmith for Munich, Dachau and F\u00fcrstenfeldbruck","article_modified_time":"2026-01-28T02:29:37+00:00","og_image":[{"url":"https:\/\/www.amper-aufsperrdienst.de\/wp-content\/uploads\/2021\/03\/schluesseldienst-muenchen-rosenkavalierplatz-festpreis-ab-52-siegel.jpg","type":"","width":"","height":""}],"twitter_misc":{"Est. reading time":"4 minutes"},"schema":{"@context":"https:\/\/schema.org","@graph":[{"@type":"WebPage","@id":"https:\/\/www.amper-aufsperrdienst.de\/en\/locksmith-munich-rosenkavalierplatz\/","url":"https:\/\/www.amper-aufsperrdienst.de\/en\/locksmith-munich-rosenkavalierplatz\/","name":"Locksmith Munich Rosenkavalierplatz: fixed price from 52 EUR","isPartOf":{"@id":"https:\/\/www.amper-aufsperrdienst.de\/en\/#website"},"primaryImageOfPage":{"@id":"https:\/\/www.amper-aufsperrdienst.de\/en\/locksmith-munich-rosenkavalierplatz\/#primaryimage"},"image":{"@id":"https:\/\/www.amper-aufsperrdienst.de\/en\/locksmith-munich-rosenkavalierplatz\/#primaryimage"},"thumbnailUrl":"https:\/\/www.amper-aufsperrdienst.de\/wp-content\/uploads\/2021\/03\/schluesseldienst-muenchen-rosenkavalierplatz-festpreis-ab-52-siegel.jpg","datePublished":"2018-03-01T01:48:14+00:00","dateModified":"2026-01-28T02:29:37+00:00","description":"Reliable and friendly locksmith service Munich Rosenkavalierplatz: for damage-free door opening at a fair flat rate: free emergency number, skilled locksmiths, and round-the-clock readiness! We are also there for you at night, on weekends, and on public holidays! Use of specialized tools","breadcrumb":{"@id":"https:\/\/www.amper-aufsperrdienst.de\/en\/locksmith-munich-rosenkavalierplatz\/#breadcrumb"},"inLanguage":"en-US","potentialAction":[{"@type":"ReadAction","target":["https:\/\/www.amper-aufsperrdienst.de\/en\/locksmith-munich-rosenkavalierplatz\/"]}]},{"@type":"ImageObject","inLanguage":"en-US","@id":"https:\/\/www.amper-aufsperrdienst.de\/en\/locksmith-munich-rosenkavalierplatz\/#primaryimage","url":"https:\/\/www.amper-aufsperrdienst.de\/wp-content\/uploads\/2021\/03\/schluesseldienst-muenchen-rosenkavalierplatz-festpreis-ab-52-siegel.jpg","contentUrl":"https:\/\/www.amper-aufsperrdienst.de\/wp-content\/uploads\/2021\/03\/schluesseldienst-muenchen-rosenkavalierplatz-festpreis-ab-52-siegel.jpg"},{"@type":"BreadcrumbList","@id":"https:\/\/www.amper-aufsperrdienst.de\/en\/locksmith-munich-rosenkavalierplatz\/#breadcrumb","itemListElement":[{"@type":"ListItem","position":1,"name":"Home","item":"https:\/\/www.amper-aufsperrdienst.de\/en\/"},{"@type":"ListItem","position":2,"name":"Locksmith Munich Rosenkavalierplatz"}]},{"@type":"WebSite","@id":"https:\/\/www.amper-aufsperrdienst.de\/en\/#website","url":"https:\/\/www.amper-aufsperrdienst.de\/en\/","name":"Locksmith for Munich, Dachau and F\u00fcrstenfeldbruck","description":"Amper Aufsperrdienst","potentialAction":[{"@type":"SearchAction","target":{"@type":"EntryPoint","urlTemplate":"https:\/\/www.amper-aufsperrdienst.de\/en\/?s={search_term_string}"},"query-input":{"@type":"PropertyValueSpecification","valueRequired":true,"valueName":"search_term_string"}}],"inLanguage":"en-US"}]}},"_links":{"self":[{"href":"https:\/\/www.amper-aufsperrdienst.de\/en\/wp-json\/wp\/v2\/pages\/11112","targetHints":{"allow":["GET"]}}],"collection":[{"href":"https:\/\/www.amper-aufsperrdienst.de\/en\/wp-json\/wp\/v2\/pages"}],"about":[{"href":"https:\/\/www.amper-aufsperrdienst.de\/en\/wp-json\/wp\/v2\/types\/page"}],"author":[{"embeddable":true,"href":"https:\/\/www.amper-aufsperrdienst.de\/en\/wp-json\/wp\/v2\/users\/2"}],"replies":[{"embeddable":true,"href":"https:\/\/www.amper-aufsperrdienst.de\/en\/wp-json\/wp\/v2\/comments?post=11112"}],"version-history":[{"count":1,"href":"https:\/\/www.amper-aufsperrdienst.de\/en\/wp-json\/wp\/v2\/pages\/11112\/revisions"}],"predecessor-version":[{"id":11126,"href":"https:\/\/www.amper-aufsperrdienst.de\/en\/wp-json\/wp\/v2\/pages\/11112\/revisions\/11126"}],"wp:attachment":[{"href":"https:\/\/www.amper-aufsperrdienst.de\/en\/wp-json\/wp\/v2\/media?parent=11112"}],"curies":[{"name":"wp","href":"https:\/\/api.w.org\/{rel}","templated":true}]}}