{"id":11134,"date":"2018-07-19T06:10:27","date_gmt":"2018-07-19T04:10:27","guid":{"rendered":"https:\/\/www.amper-aufsperrdienst.de\/schluesseldienst-muenchen-villenkolonie-prinz-ludwigs-hoehe\/"},"modified":"2026-01-27T07:33:51","modified_gmt":"2026-01-27T05:33:51","slug":"locksmith-munich-villa-colony-prinz-ludwigs-hoehe","status":"publish","type":"page","link":"https:\/\/www.amper-aufsperrdienst.de\/en\/locksmith-munich-villa-colony-prinz-ludwigs-hoehe\/","title":{"rendered":"Locksmith Munich villa colony Prinz-Ludwigs-H\u00f6he"},"content":{"rendered":"<p><img loading=\"lazy\" decoding=\"async\" class=\"alignleft\" style=\"margin-bottom: 5px !important;\" src=\"https:\/\/www.amper-aufsperrdienst.de\/wp-content\/uploads\/2021\/03\/schluesseldienst-muenchen-villenkolonie-prinz-ludwigs-hoehe-festpreis-ab-52-siegel.jpg\" alt=\"Locksmith in Munich with a fixed price starting from \u20ac52.\" width=\"250\" height=\"250\" \/><\/p>\n<p>Have you locked yourself out of your villa in the Prinz-Ludwigs-H\u00f6he residential area and are now at a loss? Did you just pop out to pick up some delicacies at K\u00e4fer&#8217;s when the door suddenly slammed shut and you realized you&#8217;d forgotten your key? Or did you leave your key in your hotel room in South Africa, leaving you locked out of your own home shortly after your vacation?<\/p>\n<p>Don&#8217;t despair, and please don&#8217;t even think about forcing open your expensive villa door. Instead, contact the experienced and reliable experts at Amper Locksmith Service free of charge. Once you&#8217;ve contacted us, we&#8217;ll set off immediately to get you out of your predicament as quickly as possible. We can usually open your door without damage in just 30 minutes for a transparent fixed price. Naturally, we only use the best professional tools for our work. With experience, expertise, the right tools, and precision, we achieve completely damage-free door opening in over 99% of our call-outs. See for yourself!<\/p>\n          <!-- tarif -->\n<h2><b><span style=\"vertical-align: inherit;\"><span style=\"vertical-align: inherit;\">Our binding fixed prices start from \u20ac52.<\/span><\/span><\/b><\/h2>\n<p>Amper Locksmith Service is a fair locksmith service with transparent fixed prices:<\/p>\n<div class=\"table-title\">\n\tPRICE LIST  UNLOCK\n<\/div>\n<!-- Table part-->\n<table class=\"table\">\n  <thead class=\"header\">\n\t  <tr>\n     \t <th scope=\"col\">Time<\/th>\n     \t <th scope=\"col\">8 - 18<\/th>\n     \t <th scope=\"col\">18 - 22<\/th>\n     \t <th scope=\"col\">22 - 8<\/th>\n\t<\/tr>\n  <\/thead>\n  <tbody>\n     \t  <tr class=\"weekdays\">\n     \t  \t  <td class=\"tag\" data-label=\"Time\">Mo - Fr<\/td>\n     \t  \t  <td class=\"hrs tag\" data-label=\"8 - 18\">52,- \u20ac<\/td>\n     \t  \t  <td class=\"tag space\" data-label=\"18 - 22\">82,- \u20ac<\/td>\n     \t  \t  <td data-label=\"22 - 8\">95,- \u20ac<\/td>\n     \t  <\/tr>\n     <tr class=\"weekends\">\n     \t  \t  <td class=\"tag\" data-label=\"Time\">Sa<\/td>\n     \t  \t  <td class=\"tag\" data-label=\"8 - 18\">95,- \u20ac<\/td>\n     \t  \t  <td class=\"tag\" data-label=\"18 - 22\">95,- \u20ac<\/td>\n     \t  \t  <td data-label=\"22 - 8\">125,- \u20ac<\/td>\n     \t  <\/tr>\n     <tr class=\"holidays\">\n     \t  \t  <td class=\"tag\" data-label=\"Time\">So & holiday<\/td>\n     \t  \t  <td class=\"tag\" data-label=\"8 - 18\">125,- \u20ac<\/td>\n     \t  \t  <td class=\"tag\" data-label=\"18 - 22\">125,-\u20ac<\/td>\n     \t  \t  <td data-label=\"22 - 8\">125,-\u20ac<\/td>\n     \t  <\/tr>\n     <\/tbody>\n<\/table>\n<!-- Table Description-->\n<div class=\"table-description\">\n\t<em>Please call to inquire about travel costs.<\/em>\n<\/div>\n<!-- Wordings below -->\n<div class=\"wordings\">\n<p>The prices listed in this table are binding for unlocking a door that has slammed shut or been pulled shut (without self-locking mechanisms). Please feel free to contact us if you would like a price quote for other locksmith services. We will gladly provide you with a transparent, fixed-price offer.<\/p>\n<\/div>\n\n<!-- END Wordings -->\n\n\n\n<div class=\"ansprech\">Competent locksmith service in Munich&#8217;s Prinz-Ludwigs-H\u00f6he villa district for damage-free door opening in just about 30 minutes<br \/>\n<h3 class=\"phone mobilesOnly\"><a href=\"tel:+498000131131\">0800 \/ 0 131 131<\/a><\/h3><h3 class=\"phone desktopOnly\"><a href=\"tel:+498000131131\">0800 \/ 0 131 131<\/a><\/h3>Fixed price guarantee, experienced locksmiths, and 24\/7 service<\/div>\n<h2>The Prinz-Ludwigs-H\u00f6he villa district in Munich&#8217;s Solln district<\/h2>\n<p>The Prinz-Ludwigs-H\u00f6he villa district is located in the south of the Bavarian capital, in the districts of Solln and Thalkirchen. To the east, the district is bordered by the Isar riverbank, to the south by the Gro\u00dfhesseloher Bridge, and to the west by Wolfratshauser Stra\u00dfe. Josephinenstra\u00dfe forms the northern boundary.<\/p>\n<p>The Prinz-Ludwigs-H\u00f6he villa district takes its name from the &#8220;Waldrestauration Prinz Ludwigsh\u00f6he&#8221; (Prince Ludwigsh\u00f6he Forest Restaurant). This referred to a country inn surrounded by a forest and situated directly on the high banks of the Isar River. &#8220;Prince Ludwig&#8221; here refers to the son of Prince Regent Luitpold, who later became King Ludwig III.<\/p>\n<h2>Locksmith Munich Villa Colony Prinz-Ludwigs-H\u00f6he: Fast unlocking with specialized tools<\/h2>\n<p>Do you urgently need an experienced locksmith in the Prinz-Ludwigs-H\u00f6he villa colony who can help you with a non-destructive door opening in just about 30 minutes? Please call us and describe your situation. Our free emergency hotline is available 24\/7, even on Sundays and public holidays. After you receive our guaranteed fixed price and have given us the go-ahead, we will set off immediately to help you out of your emergency.<\/p>\n<p>As a professional locksmith service in the Prinz-Ludwigs-H\u00f6he villa colony in Munich, we have been serving our customers for three generations and are committed to the highest level of customer satisfaction, fairness, and the most professional approach possible. At the heart of everything we do is fast and competent assistance in the form of non-destructive door opening in just about 30 minutes. Feel free to contact us if you would like to hire a true expert with extensive know-how and experience! We are happy to assist you!<\/p>\n<div class=\"ansprech\">Competent locksmith service in Munich&#8217;s Prinz-Ludwigs-H\u00f6he villa district for damage-free door opening in just 30 minutes<br \/>\n<h3 class=\"phone mobilesOnly\"><a href=\"tel:+498000131131\">0800 \/ 0 131 131<\/a><\/h3><h3 class=\"phone desktopOnly\"><a href=\"tel:+498000131131\">0800 \/ 0 131 131<\/a><\/h3>Fixed price guarantee, experienced locksmiths, and 24\/7 service<\/div>\n","protected":false},"excerpt":{"rendered":"<p>Have you locked yourself out of your villa in the Prinz-Ludwigs-H\u00f6he residential area and are now at a loss? Did you just pop out to pick up some delicacies at K\u00e4fer&#8217;s when the door suddenly slammed shut and you realized you&#8217;d forgotten your key? Or did you leave your key in your hotel room in [&hellip;]<\/p>\n","protected":false},"author":2,"featured_media":0,"parent":0,"menu_order":0,"comment_status":"closed","ping_status":"closed","template":"","meta":{"footnotes":"","_links_to":"","_links_to_target":""},"class_list":["post-11134","page","type-page","status-publish","hentry"],"yoast_head":"<!-- This site is optimized with the Yoast SEO plugin v27.4 - https:\/\/yoast.com\/product\/yoast-seo-wordpress\/ -->\n<title>Locksmith Munich villa district Prinz-Ludwigs-H\u00f6he: from \u20ac52,- fixed price (binding)<\/title>\n<meta name=\"description\" content=\"Experienced, reliable, and trustworthy locksmith service in Munich&#039;s Prinz-Ludwigs-H\u00f6he villa district for fast, non-destructive door unlocking in approximately 30 minutes: guaranteed fixed price, use of top-of-the-line specialized tools, toll-free number, and friendly staff. Genuine 24\/7 emergency service, always available for you.\" \/>\n<meta name=\"robots\" content=\"index, follow, max-snippet:-1, max-image-preview:large, max-video-preview:-1\" \/>\n<link rel=\"canonical\" href=\"https:\/\/www.amper-aufsperrdienst.de\/en\/locksmith-munich-villa-colony-prinz-ludwigs-hoehe\/\" \/>\n<meta property=\"og:locale\" content=\"en_US\" \/>\n<meta property=\"og:type\" content=\"article\" \/>\n<meta property=\"og:title\" content=\"Locksmith Munich villa district Prinz-Ludwigs-H\u00f6he: from \u20ac52,- fixed price (binding)\" \/>\n<meta property=\"og:description\" content=\"Experienced, reliable, and trustworthy locksmith service in Munich&#039;s Prinz-Ludwigs-H\u00f6he villa district for fast, non-destructive door unlocking in approximately 30 minutes: guaranteed fixed price, use of top-of-the-line specialized tools, toll-free number, and friendly staff. Genuine 24\/7 emergency service, always available for you.\" \/>\n<meta property=\"og:url\" content=\"https:\/\/www.amper-aufsperrdienst.de\/en\/locksmith-munich-villa-colony-prinz-ludwigs-hoehe\/\" \/>\n<meta property=\"og:site_name\" content=\"Locksmith for Munich, Dachau and F\u00fcrstenfeldbruck\" \/>\n<meta property=\"article:modified_time\" content=\"2026-01-27T05:33:51+00:00\" \/>\n<meta property=\"og:image\" content=\"https:\/\/www.amper-aufsperrdienst.de\/wp-content\/uploads\/2021\/03\/schluesseldienst-muenchen-villenkolonie-prinz-ludwigs-hoehe-festpreis-ab-52-siegel.jpg\" \/>\n<meta name=\"twitter:label1\" content=\"Est. reading time\" \/>\n\t<meta name=\"twitter:data1\" content=\"3 minutes\" \/>\n<script type=\"application\/ld+json\" class=\"yoast-schema-graph\">{\"@context\":\"https:\\\/\\\/schema.org\",\"@graph\":[{\"@type\":\"WebPage\",\"@id\":\"https:\\\/\\\/www.amper-aufsperrdienst.de\\\/en\\\/locksmith-munich-villa-colony-prinz-ludwigs-hoehe\\\/\",\"url\":\"https:\\\/\\\/www.amper-aufsperrdienst.de\\\/en\\\/locksmith-munich-villa-colony-prinz-ludwigs-hoehe\\\/\",\"name\":\"Locksmith Munich villa district Prinz-Ludwigs-H\u00f6he: from \u20ac52,- fixed price (binding)\",\"isPartOf\":{\"@id\":\"https:\\\/\\\/www.amper-aufsperrdienst.de\\\/en\\\/#website\"},\"primaryImageOfPage\":{\"@id\":\"https:\\\/\\\/www.amper-aufsperrdienst.de\\\/en\\\/locksmith-munich-villa-colony-prinz-ludwigs-hoehe\\\/#primaryimage\"},\"image\":{\"@id\":\"https:\\\/\\\/www.amper-aufsperrdienst.de\\\/en\\\/locksmith-munich-villa-colony-prinz-ludwigs-hoehe\\\/#primaryimage\"},\"thumbnailUrl\":\"https:\\\/\\\/www.amper-aufsperrdienst.de\\\/wp-content\\\/uploads\\\/2021\\\/03\\\/schluesseldienst-muenchen-villenkolonie-prinz-ludwigs-hoehe-festpreis-ab-52-siegel.jpg\",\"datePublished\":\"2018-07-19T04:10:27+00:00\",\"dateModified\":\"2026-01-27T05:33:51+00:00\",\"description\":\"Experienced, reliable, and trustworthy locksmith service in Munich's Prinz-Ludwigs-H\u00f6he villa district for fast, non-destructive door unlocking in approximately 30 minutes: guaranteed fixed price, use of top-of-the-line specialized tools, toll-free number, and friendly staff. Genuine 24\\\/7 emergency service, always available for you.\",\"breadcrumb\":{\"@id\":\"https:\\\/\\\/www.amper-aufsperrdienst.de\\\/en\\\/locksmith-munich-villa-colony-prinz-ludwigs-hoehe\\\/#breadcrumb\"},\"inLanguage\":\"en-US\",\"potentialAction\":[{\"@type\":\"ReadAction\",\"target\":[\"https:\\\/\\\/www.amper-aufsperrdienst.de\\\/en\\\/locksmith-munich-villa-colony-prinz-ludwigs-hoehe\\\/\"]}]},{\"@type\":\"ImageObject\",\"inLanguage\":\"en-US\",\"@id\":\"https:\\\/\\\/www.amper-aufsperrdienst.de\\\/en\\\/locksmith-munich-villa-colony-prinz-ludwigs-hoehe\\\/#primaryimage\",\"url\":\"https:\\\/\\\/www.amper-aufsperrdienst.de\\\/wp-content\\\/uploads\\\/2021\\\/03\\\/schluesseldienst-muenchen-villenkolonie-prinz-ludwigs-hoehe-festpreis-ab-52-siegel.jpg\",\"contentUrl\":\"https:\\\/\\\/www.amper-aufsperrdienst.de\\\/wp-content\\\/uploads\\\/2021\\\/03\\\/schluesseldienst-muenchen-villenkolonie-prinz-ludwigs-hoehe-festpreis-ab-52-siegel.jpg\"},{\"@type\":\"BreadcrumbList\",\"@id\":\"https:\\\/\\\/www.amper-aufsperrdienst.de\\\/en\\\/locksmith-munich-villa-colony-prinz-ludwigs-hoehe\\\/#breadcrumb\",\"itemListElement\":[{\"@type\":\"ListItem\",\"position\":1,\"name\":\"Home\",\"item\":\"https:\\\/\\\/www.amper-aufsperrdienst.de\\\/en\\\/\"},{\"@type\":\"ListItem\",\"position\":2,\"name\":\"Locksmith Munich villa colony Prinz-Ludwigs-H\u00f6he\"}]},{\"@type\":\"WebSite\",\"@id\":\"https:\\\/\\\/www.amper-aufsperrdienst.de\\\/en\\\/#website\",\"url\":\"https:\\\/\\\/www.amper-aufsperrdienst.de\\\/en\\\/\",\"name\":\"Locksmith for Munich, Dachau and F\u00fcrstenfeldbruck\",\"description\":\"Amper Aufsperrdienst\",\"potentialAction\":[{\"@type\":\"SearchAction\",\"target\":{\"@type\":\"EntryPoint\",\"urlTemplate\":\"https:\\\/\\\/www.amper-aufsperrdienst.de\\\/en\\\/?s={search_term_string}\"},\"query-input\":{\"@type\":\"PropertyValueSpecification\",\"valueRequired\":true,\"valueName\":\"search_term_string\"}}],\"inLanguage\":\"en-US\"}]}<\/script>\n<!-- \/ Yoast SEO plugin. -->","yoast_head_json":{"title":"Locksmith Munich villa district Prinz-Ludwigs-H\u00f6he: from \u20ac52,- fixed price (binding)","description":"Experienced, reliable, and trustworthy locksmith service in Munich's Prinz-Ludwigs-H\u00f6he villa district for fast, non-destructive door unlocking in approximately 30 minutes: guaranteed fixed price, use of top-of-the-line specialized tools, toll-free number, and friendly staff. Genuine 24\/7 emergency service, always available for you.","robots":{"index":"index","follow":"follow","max-snippet":"max-snippet:-1","max-image-preview":"max-image-preview:large","max-video-preview":"max-video-preview:-1"},"canonical":"https:\/\/www.amper-aufsperrdienst.de\/en\/locksmith-munich-villa-colony-prinz-ludwigs-hoehe\/","og_locale":"en_US","og_type":"article","og_title":"Locksmith Munich villa district Prinz-Ludwigs-H\u00f6he: from \u20ac52,- fixed price (binding)","og_description":"Experienced, reliable, and trustworthy locksmith service in Munich's Prinz-Ludwigs-H\u00f6he villa district for fast, non-destructive door unlocking in approximately 30 minutes: guaranteed fixed price, use of top-of-the-line specialized tools, toll-free number, and friendly staff. Genuine 24\/7 emergency service, always available for you.","og_url":"https:\/\/www.amper-aufsperrdienst.de\/en\/locksmith-munich-villa-colony-prinz-ludwigs-hoehe\/","og_site_name":"Locksmith for Munich, Dachau and F\u00fcrstenfeldbruck","article_modified_time":"2026-01-27T05:33:51+00:00","og_image":[{"url":"https:\/\/www.amper-aufsperrdienst.de\/wp-content\/uploads\/2021\/03\/schluesseldienst-muenchen-villenkolonie-prinz-ludwigs-hoehe-festpreis-ab-52-siegel.jpg","type":"","width":"","height":""}],"twitter_misc":{"Est. reading time":"3 minutes"},"schema":{"@context":"https:\/\/schema.org","@graph":[{"@type":"WebPage","@id":"https:\/\/www.amper-aufsperrdienst.de\/en\/locksmith-munich-villa-colony-prinz-ludwigs-hoehe\/","url":"https:\/\/www.amper-aufsperrdienst.de\/en\/locksmith-munich-villa-colony-prinz-ludwigs-hoehe\/","name":"Locksmith Munich villa district Prinz-Ludwigs-H\u00f6he: from \u20ac52,- fixed price (binding)","isPartOf":{"@id":"https:\/\/www.amper-aufsperrdienst.de\/en\/#website"},"primaryImageOfPage":{"@id":"https:\/\/www.amper-aufsperrdienst.de\/en\/locksmith-munich-villa-colony-prinz-ludwigs-hoehe\/#primaryimage"},"image":{"@id":"https:\/\/www.amper-aufsperrdienst.de\/en\/locksmith-munich-villa-colony-prinz-ludwigs-hoehe\/#primaryimage"},"thumbnailUrl":"https:\/\/www.amper-aufsperrdienst.de\/wp-content\/uploads\/2021\/03\/schluesseldienst-muenchen-villenkolonie-prinz-ludwigs-hoehe-festpreis-ab-52-siegel.jpg","datePublished":"2018-07-19T04:10:27+00:00","dateModified":"2026-01-27T05:33:51+00:00","description":"Experienced, reliable, and trustworthy locksmith service in Munich's Prinz-Ludwigs-H\u00f6he villa district for fast, non-destructive door unlocking in approximately 30 minutes: guaranteed fixed price, use of top-of-the-line specialized tools, toll-free number, and friendly staff. Genuine 24\/7 emergency service, always available for you.","breadcrumb":{"@id":"https:\/\/www.amper-aufsperrdienst.de\/en\/locksmith-munich-villa-colony-prinz-ludwigs-hoehe\/#breadcrumb"},"inLanguage":"en-US","potentialAction":[{"@type":"ReadAction","target":["https:\/\/www.amper-aufsperrdienst.de\/en\/locksmith-munich-villa-colony-prinz-ludwigs-hoehe\/"]}]},{"@type":"ImageObject","inLanguage":"en-US","@id":"https:\/\/www.amper-aufsperrdienst.de\/en\/locksmith-munich-villa-colony-prinz-ludwigs-hoehe\/#primaryimage","url":"https:\/\/www.amper-aufsperrdienst.de\/wp-content\/uploads\/2021\/03\/schluesseldienst-muenchen-villenkolonie-prinz-ludwigs-hoehe-festpreis-ab-52-siegel.jpg","contentUrl":"https:\/\/www.amper-aufsperrdienst.de\/wp-content\/uploads\/2021\/03\/schluesseldienst-muenchen-villenkolonie-prinz-ludwigs-hoehe-festpreis-ab-52-siegel.jpg"},{"@type":"BreadcrumbList","@id":"https:\/\/www.amper-aufsperrdienst.de\/en\/locksmith-munich-villa-colony-prinz-ludwigs-hoehe\/#breadcrumb","itemListElement":[{"@type":"ListItem","position":1,"name":"Home","item":"https:\/\/www.amper-aufsperrdienst.de\/en\/"},{"@type":"ListItem","position":2,"name":"Locksmith Munich villa colony Prinz-Ludwigs-H\u00f6he"}]},{"@type":"WebSite","@id":"https:\/\/www.amper-aufsperrdienst.de\/en\/#website","url":"https:\/\/www.amper-aufsperrdienst.de\/en\/","name":"Locksmith for Munich, Dachau and F\u00fcrstenfeldbruck","description":"Amper Aufsperrdienst","potentialAction":[{"@type":"SearchAction","target":{"@type":"EntryPoint","urlTemplate":"https:\/\/www.amper-aufsperrdienst.de\/en\/?s={search_term_string}"},"query-input":{"@type":"PropertyValueSpecification","valueRequired":true,"valueName":"search_term_string"}}],"inLanguage":"en-US"}]}},"_links":{"self":[{"href":"https:\/\/www.amper-aufsperrdienst.de\/en\/wp-json\/wp\/v2\/pages\/11134","targetHints":{"allow":["GET"]}}],"collection":[{"href":"https:\/\/www.amper-aufsperrdienst.de\/en\/wp-json\/wp\/v2\/pages"}],"about":[{"href":"https:\/\/www.amper-aufsperrdienst.de\/en\/wp-json\/wp\/v2\/types\/page"}],"author":[{"embeddable":true,"href":"https:\/\/www.amper-aufsperrdienst.de\/en\/wp-json\/wp\/v2\/users\/2"}],"replies":[{"embeddable":true,"href":"https:\/\/www.amper-aufsperrdienst.de\/en\/wp-json\/wp\/v2\/comments?post=11134"}],"version-history":[{"count":2,"href":"https:\/\/www.amper-aufsperrdienst.de\/en\/wp-json\/wp\/v2\/pages\/11134\/revisions"}],"predecessor-version":[{"id":11151,"href":"https:\/\/www.amper-aufsperrdienst.de\/en\/wp-json\/wp\/v2\/pages\/11134\/revisions\/11151"}],"wp:attachment":[{"href":"https:\/\/www.amper-aufsperrdienst.de\/en\/wp-json\/wp\/v2\/media?parent=11134"}],"curies":[{"name":"wp","href":"https:\/\/api.w.org\/{rel}","templated":true}]}}