{"id":11216,"date":"2017-12-28T16:01:36","date_gmt":"2017-12-28T14:01:36","guid":{"rendered":"https:\/\/www.amper-aufsperrdienst.de\/schluesseldienst-muenchen-stiglmaierplatz\/"},"modified":"2026-01-27T07:51:45","modified_gmt":"2026-01-27T05:51:45","slug":"locksmith-munich-stiglmaierplatz","status":"publish","type":"page","link":"https:\/\/www.amper-aufsperrdienst.de\/en\/locksmith-munich-stiglmaierplatz\/","title":{"rendered":"Locksmith Munich Stiglmaierplatz"},"content":{"rendered":"<p><img loading=\"lazy\" decoding=\"async\" class=\"alignleft\" style=\"margin-bottom: 5px !important;\" src=\"https:\/\/www.amper-aufsperrdienst.de\/wp-content\/uploads\/2021\/03\/schluesseldienst-muenchen-stiglmaierplatz-festpreis-ab-52-siegel.jpg\" alt=\"Locksmith in Munich with a fixed price starting from \u20ac52.\" width=\"250\" height=\"250\" \/><\/p>\n<p>You can hardly believe it yourself, but you simply can&#8217;t get into your apartment on Stiglmaierplatz. You&#8217;ve locked yourself out; the key is nowhere to be found, or perhaps even broken off because the lock has been jammed for ages. Now you&#8217;re in a real bind \u2013 or are you? Amper Locksmith Service can help, and at fair prices, too!<\/p>\n<h2>Fast door openings at Stiglmaierplatz for a fixed price<\/h2>\n<p>Mario Pichelmaier&#8217;s team is a locksmith service in Munich&#8217;s Stiglmaierplatz district, where customers are the top priority. Our locksmiths not only arrive quickly at Stiglmaierplatz and the surrounding area, but also offer their services at a fixed price.<\/p>\n          <!-- tarif -->\n<h2><b><span style=\"vertical-align: inherit;\"><span style=\"vertical-align: inherit;\">Our binding fixed prices start from \u20ac52.<\/span><\/span><\/b><\/h2>\n<p>Amper Locksmith Service is a fair locksmith service with transparent fixed prices:<\/p>\n<div class=\"table-title\">\n\tPRICE LIST  UNLOCK\n<\/div>\n<!-- Table part-->\n<table class=\"table\">\n  <thead class=\"header\">\n\t  <tr>\n     \t <th scope=\"col\">Time<\/th>\n     \t <th scope=\"col\">8 - 18<\/th>\n     \t <th scope=\"col\">18 - 22<\/th>\n     \t <th scope=\"col\">22 - 8<\/th>\n\t<\/tr>\n  <\/thead>\n  <tbody>\n     \t  <tr class=\"weekdays\">\n     \t  \t  <td class=\"tag\" data-label=\"Time\">Mo - Fr<\/td>\n     \t  \t  <td class=\"hrs tag\" data-label=\"8 - 18\">52,- \u20ac<\/td>\n     \t  \t  <td class=\"tag space\" data-label=\"18 - 22\">82,- \u20ac<\/td>\n     \t  \t  <td data-label=\"22 - 8\">95,- \u20ac<\/td>\n     \t  <\/tr>\n     <tr class=\"weekends\">\n     \t  \t  <td class=\"tag\" data-label=\"Time\">Sa<\/td>\n     \t  \t  <td class=\"tag\" data-label=\"8 - 18\">95,- \u20ac<\/td>\n     \t  \t  <td class=\"tag\" data-label=\"18 - 22\">95,- \u20ac<\/td>\n     \t  \t  <td data-label=\"22 - 8\">125,- \u20ac<\/td>\n     \t  <\/tr>\n     <tr class=\"holidays\">\n     \t  \t  <td class=\"tag\" data-label=\"Time\">So & holiday<\/td>\n     \t  \t  <td class=\"tag\" data-label=\"8 - 18\">125,- \u20ac<\/td>\n     \t  \t  <td class=\"tag\" data-label=\"18 - 22\">125,-\u20ac<\/td>\n     \t  \t  <td data-label=\"22 - 8\">125,-\u20ac<\/td>\n     \t  <\/tr>\n     <\/tbody>\n<\/table>\n<!-- Table Description-->\n<div class=\"table-description\">\n\t<em>Please call to inquire about travel costs.<\/em>\n<\/div>\n<!-- Wordings below -->\n<div class=\"wordings\">\n<p>The prices listed in this table are binding for unlocking a door that has slammed shut or been pulled shut (without self-locking mechanisms). Please feel free to contact us if you would like a price quote for other locksmith services. We will gladly provide you with a transparent, fixed-price offer.<\/p>\n<\/div>\n\n<!-- END Wordings -->\n\n\n\n<div class=\"ansprech\">Locksmith Munich Stiglmaierplatz with toll-free number<br \/>\n<h3 class=\"phone mobilesOnly\"><a href=\"tel:+498000131131\">0800 \/ 0 131 131<\/a><\/h3><h3 class=\"phone desktopOnly\"><a href=\"tel:+498000131131\">0800 \/ 0 131 131<\/a><\/h3>Always available for non-destructive door unlocking at a fixed price<\/div>\n<p>Simply describe your situation to us on the phone, and we will give you a fixed price that will stand. There are no additional travel costs or dubious surcharges. Recently, questionable practices by so-called locksmiths, who operate with hidden costs and ultimately demand astronomical sums, have been exposed in the media.<\/p>\n<p>Not so with Amper Locksmith Service! Transparency and customer focus are paramount to us, and we can look back on hundreds of satisfied customers who give us excellent ratings.<\/p>\n<h2>Stiglmaierplatz in Munich<\/h2>\n<p>We not only help at Stiglmaierplatz, but also throughout the Maxvorstadt district, in Munich and the surrounding area. The square itself was named after Johann Baptist Stiglmaier and was previously called Kronprinzenplatz and later Ludwigplatz. It is well connected to public transportation via tram lines as well as subway lines 1 and 7.<\/p>\n<p>Among the most important streets in the area are Nymphenburger Stra\u00dfe, Seidlstra\u00dfe, Dachauer Stra\u00dfe, Brienner Stra\u00dfe, Sandstra\u00dfe, Marsstra\u00dfe, Karlstra\u00dfe, Rottmannstra\u00dfe, Gabelsberger Stra\u00dfe, Linprunstra\u00dfe, Erzgie\u00dfereistra\u00dfe, and Kreittmayrstra\u00dfe. Originally, Stiglmaierplatz was located on a street that led from Karlsplatz, or what was then called Neuhauser Tor, to Schlei\u00dfheim.<\/p>\n<h2>Locksmith Munich Stiglmaierplatz: Professionals with Special Tools<\/h2>\n<p>Whether you&#8217;re locked out at Stiglmaierplatz or in the surrounding area, our locksmiths will come to you and, of course, bring their specialized tools. These are essential, as opening your door without damage would otherwise be much more difficult.<\/p>\n<p>Our success rate for doors that are simply latched is almost 100%, a feat only true professionals can achieve. Amateurs could potentially cause significant damage by attempting to drill the lock. We are experts in even the most complex and modern locks, a fact that greatly benefits our customers.<\/p>\n<p>Furthermore, we are also knowledgeable about security technology. If you would like to further protect your apartment or house against burglaries, we would be happy to advise you on appropriate and effective measures.<\/p>\n<div class=\"ansprech\">Locksmith Munich Stiglmaierplatz with free phone number<br \/>\n<h3 class=\"phone mobilesOnly\"><a href=\"tel:+498000131131\">0800 \/ 0 131 131<\/a><\/h3><h3 class=\"phone desktopOnly\"><a href=\"tel:+498000131131\">0800 \/ 0 131 131<\/a><\/h3>Always available for non-destructive door unlocking at a fixed price<\/div>\n","protected":false},"excerpt":{"rendered":"<p>You can hardly believe it yourself, but you simply can&#8217;t get into your apartment on Stiglmaierplatz. You&#8217;ve locked yourself out; the key is nowhere to be found, or perhaps even broken off because the lock has been jammed for ages. Now you&#8217;re in a real bind \u2013 or are you? Amper Locksmith Service can help, [&hellip;]<\/p>\n","protected":false},"author":2,"featured_media":0,"parent":0,"menu_order":0,"comment_status":"closed","ping_status":"closed","template":"","meta":{"footnotes":"","_links_to":"","_links_to_target":""},"class_list":["post-11216","page","type-page","status-publish","hentry"],"yoast_head":"<!-- This site is optimized with the Yoast SEO plugin v27.4 - https:\/\/yoast.com\/product\/yoast-seo-wordpress\/ -->\n<title>Locksmith Munich Stiglmaierplatz: from \u20ac52,- fixed price<\/title>\n<meta name=\"description\" content=\"Locksmith in Munich Stiglmaierplatz with 24\/7 service, freephone number &amp; fixed price: affordable, fast, professional. Damage-free unlocking.\" \/>\n<meta name=\"robots\" content=\"index, follow, max-snippet:-1, max-image-preview:large, max-video-preview:-1\" \/>\n<link rel=\"canonical\" href=\"https:\/\/www.amper-aufsperrdienst.de\/en\/locksmith-munich-stiglmaierplatz\/\" \/>\n<meta property=\"og:locale\" content=\"en_US\" \/>\n<meta property=\"og:type\" content=\"article\" \/>\n<meta property=\"og:title\" content=\"Locksmith Munich Stiglmaierplatz: from \u20ac52,- fixed price\" \/>\n<meta property=\"og:description\" content=\"Locksmith in Munich Stiglmaierplatz with 24\/7 service, freephone number &amp; fixed price: affordable, fast, professional. Damage-free unlocking.\" \/>\n<meta property=\"og:url\" content=\"https:\/\/www.amper-aufsperrdienst.de\/en\/locksmith-munich-stiglmaierplatz\/\" \/>\n<meta property=\"og:site_name\" content=\"Locksmith for Munich, Dachau and F\u00fcrstenfeldbruck\" \/>\n<meta property=\"article:modified_time\" content=\"2026-01-27T05:51:45+00:00\" \/>\n<meta property=\"og:image\" content=\"https:\/\/www.amper-aufsperrdienst.de\/wp-content\/uploads\/2021\/03\/schluesseldienst-muenchen-stiglmaierplatz-festpreis-ab-52-siegel.jpg\" \/>\n<meta name=\"twitter:label1\" content=\"Est. reading time\" \/>\n\t<meta name=\"twitter:data1\" content=\"3 minutes\" \/>\n<script type=\"application\/ld+json\" class=\"yoast-schema-graph\">{\"@context\":\"https:\\\/\\\/schema.org\",\"@graph\":[{\"@type\":\"WebPage\",\"@id\":\"https:\\\/\\\/www.amper-aufsperrdienst.de\\\/en\\\/locksmith-munich-stiglmaierplatz\\\/\",\"url\":\"https:\\\/\\\/www.amper-aufsperrdienst.de\\\/en\\\/locksmith-munich-stiglmaierplatz\\\/\",\"name\":\"Locksmith Munich Stiglmaierplatz: from \u20ac52,- fixed price\",\"isPartOf\":{\"@id\":\"https:\\\/\\\/www.amper-aufsperrdienst.de\\\/en\\\/#website\"},\"primaryImageOfPage\":{\"@id\":\"https:\\\/\\\/www.amper-aufsperrdienst.de\\\/en\\\/locksmith-munich-stiglmaierplatz\\\/#primaryimage\"},\"image\":{\"@id\":\"https:\\\/\\\/www.amper-aufsperrdienst.de\\\/en\\\/locksmith-munich-stiglmaierplatz\\\/#primaryimage\"},\"thumbnailUrl\":\"https:\\\/\\\/www.amper-aufsperrdienst.de\\\/wp-content\\\/uploads\\\/2021\\\/03\\\/schluesseldienst-muenchen-stiglmaierplatz-festpreis-ab-52-siegel.jpg\",\"datePublished\":\"2017-12-28T14:01:36+00:00\",\"dateModified\":\"2026-01-27T05:51:45+00:00\",\"description\":\"Locksmith in Munich Stiglmaierplatz with 24\\\/7 service, freephone number & fixed price: affordable, fast, professional. Damage-free unlocking.\",\"breadcrumb\":{\"@id\":\"https:\\\/\\\/www.amper-aufsperrdienst.de\\\/en\\\/locksmith-munich-stiglmaierplatz\\\/#breadcrumb\"},\"inLanguage\":\"en-US\",\"potentialAction\":[{\"@type\":\"ReadAction\",\"target\":[\"https:\\\/\\\/www.amper-aufsperrdienst.de\\\/en\\\/locksmith-munich-stiglmaierplatz\\\/\"]}]},{\"@type\":\"ImageObject\",\"inLanguage\":\"en-US\",\"@id\":\"https:\\\/\\\/www.amper-aufsperrdienst.de\\\/en\\\/locksmith-munich-stiglmaierplatz\\\/#primaryimage\",\"url\":\"https:\\\/\\\/www.amper-aufsperrdienst.de\\\/wp-content\\\/uploads\\\/2021\\\/03\\\/schluesseldienst-muenchen-stiglmaierplatz-festpreis-ab-52-siegel.jpg\",\"contentUrl\":\"https:\\\/\\\/www.amper-aufsperrdienst.de\\\/wp-content\\\/uploads\\\/2021\\\/03\\\/schluesseldienst-muenchen-stiglmaierplatz-festpreis-ab-52-siegel.jpg\"},{\"@type\":\"BreadcrumbList\",\"@id\":\"https:\\\/\\\/www.amper-aufsperrdienst.de\\\/en\\\/locksmith-munich-stiglmaierplatz\\\/#breadcrumb\",\"itemListElement\":[{\"@type\":\"ListItem\",\"position\":1,\"name\":\"Home\",\"item\":\"https:\\\/\\\/www.amper-aufsperrdienst.de\\\/en\\\/\"},{\"@type\":\"ListItem\",\"position\":2,\"name\":\"Locksmith Munich Stiglmaierplatz\"}]},{\"@type\":\"WebSite\",\"@id\":\"https:\\\/\\\/www.amper-aufsperrdienst.de\\\/en\\\/#website\",\"url\":\"https:\\\/\\\/www.amper-aufsperrdienst.de\\\/en\\\/\",\"name\":\"Locksmith for Munich, Dachau and F\u00fcrstenfeldbruck\",\"description\":\"Amper Aufsperrdienst\",\"potentialAction\":[{\"@type\":\"SearchAction\",\"target\":{\"@type\":\"EntryPoint\",\"urlTemplate\":\"https:\\\/\\\/www.amper-aufsperrdienst.de\\\/en\\\/?s={search_term_string}\"},\"query-input\":{\"@type\":\"PropertyValueSpecification\",\"valueRequired\":true,\"valueName\":\"search_term_string\"}}],\"inLanguage\":\"en-US\"}]}<\/script>\n<!-- \/ Yoast SEO plugin. -->","yoast_head_json":{"title":"Locksmith Munich Stiglmaierplatz: from \u20ac52,- fixed price","description":"Locksmith in Munich Stiglmaierplatz with 24\/7 service, freephone number & fixed price: affordable, fast, professional. Damage-free unlocking.","robots":{"index":"index","follow":"follow","max-snippet":"max-snippet:-1","max-image-preview":"max-image-preview:large","max-video-preview":"max-video-preview:-1"},"canonical":"https:\/\/www.amper-aufsperrdienst.de\/en\/locksmith-munich-stiglmaierplatz\/","og_locale":"en_US","og_type":"article","og_title":"Locksmith Munich Stiglmaierplatz: from \u20ac52,- fixed price","og_description":"Locksmith in Munich Stiglmaierplatz with 24\/7 service, freephone number & fixed price: affordable, fast, professional. Damage-free unlocking.","og_url":"https:\/\/www.amper-aufsperrdienst.de\/en\/locksmith-munich-stiglmaierplatz\/","og_site_name":"Locksmith for Munich, Dachau and F\u00fcrstenfeldbruck","article_modified_time":"2026-01-27T05:51:45+00:00","og_image":[{"url":"https:\/\/www.amper-aufsperrdienst.de\/wp-content\/uploads\/2021\/03\/schluesseldienst-muenchen-stiglmaierplatz-festpreis-ab-52-siegel.jpg","type":"","width":"","height":""}],"twitter_misc":{"Est. reading time":"3 minutes"},"schema":{"@context":"https:\/\/schema.org","@graph":[{"@type":"WebPage","@id":"https:\/\/www.amper-aufsperrdienst.de\/en\/locksmith-munich-stiglmaierplatz\/","url":"https:\/\/www.amper-aufsperrdienst.de\/en\/locksmith-munich-stiglmaierplatz\/","name":"Locksmith Munich Stiglmaierplatz: from \u20ac52,- fixed price","isPartOf":{"@id":"https:\/\/www.amper-aufsperrdienst.de\/en\/#website"},"primaryImageOfPage":{"@id":"https:\/\/www.amper-aufsperrdienst.de\/en\/locksmith-munich-stiglmaierplatz\/#primaryimage"},"image":{"@id":"https:\/\/www.amper-aufsperrdienst.de\/en\/locksmith-munich-stiglmaierplatz\/#primaryimage"},"thumbnailUrl":"https:\/\/www.amper-aufsperrdienst.de\/wp-content\/uploads\/2021\/03\/schluesseldienst-muenchen-stiglmaierplatz-festpreis-ab-52-siegel.jpg","datePublished":"2017-12-28T14:01:36+00:00","dateModified":"2026-01-27T05:51:45+00:00","description":"Locksmith in Munich Stiglmaierplatz with 24\/7 service, freephone number & fixed price: affordable, fast, professional. Damage-free unlocking.","breadcrumb":{"@id":"https:\/\/www.amper-aufsperrdienst.de\/en\/locksmith-munich-stiglmaierplatz\/#breadcrumb"},"inLanguage":"en-US","potentialAction":[{"@type":"ReadAction","target":["https:\/\/www.amper-aufsperrdienst.de\/en\/locksmith-munich-stiglmaierplatz\/"]}]},{"@type":"ImageObject","inLanguage":"en-US","@id":"https:\/\/www.amper-aufsperrdienst.de\/en\/locksmith-munich-stiglmaierplatz\/#primaryimage","url":"https:\/\/www.amper-aufsperrdienst.de\/wp-content\/uploads\/2021\/03\/schluesseldienst-muenchen-stiglmaierplatz-festpreis-ab-52-siegel.jpg","contentUrl":"https:\/\/www.amper-aufsperrdienst.de\/wp-content\/uploads\/2021\/03\/schluesseldienst-muenchen-stiglmaierplatz-festpreis-ab-52-siegel.jpg"},{"@type":"BreadcrumbList","@id":"https:\/\/www.amper-aufsperrdienst.de\/en\/locksmith-munich-stiglmaierplatz\/#breadcrumb","itemListElement":[{"@type":"ListItem","position":1,"name":"Home","item":"https:\/\/www.amper-aufsperrdienst.de\/en\/"},{"@type":"ListItem","position":2,"name":"Locksmith Munich Stiglmaierplatz"}]},{"@type":"WebSite","@id":"https:\/\/www.amper-aufsperrdienst.de\/en\/#website","url":"https:\/\/www.amper-aufsperrdienst.de\/en\/","name":"Locksmith for Munich, Dachau and F\u00fcrstenfeldbruck","description":"Amper Aufsperrdienst","potentialAction":[{"@type":"SearchAction","target":{"@type":"EntryPoint","urlTemplate":"https:\/\/www.amper-aufsperrdienst.de\/en\/?s={search_term_string}"},"query-input":{"@type":"PropertyValueSpecification","valueRequired":true,"valueName":"search_term_string"}}],"inLanguage":"en-US"}]}},"_links":{"self":[{"href":"https:\/\/www.amper-aufsperrdienst.de\/en\/wp-json\/wp\/v2\/pages\/11216","targetHints":{"allow":["GET"]}}],"collection":[{"href":"https:\/\/www.amper-aufsperrdienst.de\/en\/wp-json\/wp\/v2\/pages"}],"about":[{"href":"https:\/\/www.amper-aufsperrdienst.de\/en\/wp-json\/wp\/v2\/types\/page"}],"author":[{"embeddable":true,"href":"https:\/\/www.amper-aufsperrdienst.de\/en\/wp-json\/wp\/v2\/users\/2"}],"replies":[{"embeddable":true,"href":"https:\/\/www.amper-aufsperrdienst.de\/en\/wp-json\/wp\/v2\/comments?post=11216"}],"version-history":[{"count":2,"href":"https:\/\/www.amper-aufsperrdienst.de\/en\/wp-json\/wp\/v2\/pages\/11216\/revisions"}],"predecessor-version":[{"id":11225,"href":"https:\/\/www.amper-aufsperrdienst.de\/en\/wp-json\/wp\/v2\/pages\/11216\/revisions\/11225"}],"wp:attachment":[{"href":"https:\/\/www.amper-aufsperrdienst.de\/en\/wp-json\/wp\/v2\/media?parent=11216"}],"curies":[{"name":"wp","href":"https:\/\/api.w.org\/{rel}","templated":true}]}}