{"id":11276,"date":"2018-03-01T04:46:59","date_gmt":"2018-03-01T02:46:59","guid":{"rendered":"https:\/\/www.amper-aufsperrdienst.de\/schluesseldienst-muenchen-sebastiansplatz\/"},"modified":"2026-01-28T04:35:19","modified_gmt":"2026-01-28T02:35:19","slug":"locksmith-munich-sebastiansplatz","status":"publish","type":"page","link":"https:\/\/www.amper-aufsperrdienst.de\/en\/locksmith-munich-sebastiansplatz\/","title":{"rendered":"Locksmith Munich Sebastiansplatz"},"content":{"rendered":"<p><img loading=\"lazy\" decoding=\"async\" class=\"alignleft\" style=\"margin-bottom: 5px !important;\" src=\"https:\/\/www.amper-aufsperrdienst.de\/wp-content\/uploads\/2021\/03\/schluesseldienst-muenchen-sebastiansplatz-festpreis-ab-52-siegel.jpg\" alt=\"Amper Locksmith Opening Service muenchen-sebastiansplatz with fixed price from 52,- EUR\" width=\"250\" height=\"250\" \/>What should you do if you\u2019ve locked yourself out at Sebastiansplatz? That\u2019s right: Our Munich Sebastiansplatz locksmith is already on the way and can unlock your door without causing any damage. Just one call, and our experienced and friendly staff are already on their way to you. The professional team led by Mario Pichelmaier knows exactly what to do and is highly familiar with every type of lock. On top of that, the unlocking service is usually at your location within about 30 minutes and works at a fixed price. Available even on Sundays and public holidays!<\/p>\n          <!-- tarif -->\n<h2><b><span style=\"vertical-align: inherit;\"><span style=\"vertical-align: inherit;\">Our binding fixed prices start from \u20ac52.<\/span><\/span><\/b><\/h2>\n<p>Amper Locksmith Service is a fair locksmith service with transparent fixed prices:<\/p>\n<div class=\"table-title\">\n\tPRICE LIST  UNLOCK\n<\/div>\n<!-- Table part-->\n<table class=\"table\">\n  <thead class=\"header\">\n\t  <tr>\n     \t <th scope=\"col\">Time<\/th>\n     \t <th scope=\"col\">8 - 18<\/th>\n     \t <th scope=\"col\">18 - 22<\/th>\n     \t <th scope=\"col\">22 - 8<\/th>\n\t<\/tr>\n  <\/thead>\n  <tbody>\n     \t  <tr class=\"weekdays\">\n     \t  \t  <td class=\"tag\" data-label=\"Time\">Mo - Fr<\/td>\n     \t  \t  <td class=\"hrs tag\" data-label=\"8 - 18\">52,- \u20ac<\/td>\n     \t  \t  <td class=\"tag space\" data-label=\"18 - 22\">82,- \u20ac<\/td>\n     \t  \t  <td data-label=\"22 - 8\">95,- \u20ac<\/td>\n     \t  <\/tr>\n     <tr class=\"weekends\">\n     \t  \t  <td class=\"tag\" data-label=\"Time\">Sa<\/td>\n     \t  \t  <td class=\"tag\" data-label=\"8 - 18\">95,- \u20ac<\/td>\n     \t  \t  <td class=\"tag\" data-label=\"18 - 22\">95,- \u20ac<\/td>\n     \t  \t  <td data-label=\"22 - 8\">125,- \u20ac<\/td>\n     \t  <\/tr>\n     <tr class=\"holidays\">\n     \t  \t  <td class=\"tag\" data-label=\"Time\">So & holiday<\/td>\n     \t  \t  <td class=\"tag\" data-label=\"8 - 18\">125,- \u20ac<\/td>\n     \t  \t  <td class=\"tag\" data-label=\"18 - 22\">125,-\u20ac<\/td>\n     \t  \t  <td data-label=\"22 - 8\">125,-\u20ac<\/td>\n     \t  <\/tr>\n     <\/tbody>\n<\/table>\n<!-- Table Description-->\n<div class=\"table-description\">\n\t<em>Please call to inquire about travel costs.<\/em>\n<\/div>\n<!-- Wordings below -->\n<div class=\"wordings\">\n<p>The prices listed in this table are binding for unlocking a door that has slammed shut or been pulled shut (without self-locking mechanisms). Please feel free to contact us if you would like a price quote for other locksmith services. We will gladly provide you with a transparent, fixed-price offer.<\/p>\n<\/div>\n\n<!-- END Wordings -->\n\n\n\n<div class=\"ansprech\">Locksmith Munich Sebastiansplatz with free 24-hour emergency number<br \/>\n<h3 class=\"phone mobilesOnly\"><a href=\"tel:+498000131131\">0800 \/ 0 131 131<\/a><\/h3><h3 class=\"phone desktopOnly\"><a href=\"tel:+498000131131\">0800 \/ 0 131 131<\/a><\/h3>Friendly locksmiths with a lot of expertise, door opening without damage at a fixed, binding price<\/div>\n<h2>Tradition and Experience: Professional Door Unlocking Without Damage<\/h2>\n<p>Our reliable and competent locksmith service Munich Sebastiansplatz is a traditional locksmith that has been successfully run by company owner Mario Pichelmaier now in the third generation. Mario Pichelmaier himself was born into the expertise. With our experienced team, we have been working in the industry for many years and know every lock perfectly.<\/p>\n<p>If your door has simply closed, we can unlock it without damage in over 99% of cases, as we use only specialized tools. As a locksmith service, we are also available for security technology. Whether it&#8217;s a comprehensive security analysis or the installation of various security measures, we are sure to find the perfect system for you.<\/p>\n<h2>Sebastiansplatz in Munich&#8217;s Old Town<\/h2>\n<p>Sebastiansplatz is located in Munich&#8217;s old town and is surrounded by Pr\u00e4lat-Zistl-Stra\u00dfe, Blumenstra\u00dfe, and Sankt-Jakobs-Platz. Not only the square itself, but also the historic soap maker houses contribute to the very harmonious and idyllic appearance. For this reason, the square is extremely popular. In addition, there are small shops and a wide variety of dining options in the immediate vicinity. The square is not far from the Viktualienmarkt, making it a popular meeting point for tourists and locals alike.<\/p>\n<p>Sebastiansplatz also impresses with its pavement, which features the so-called &#8220;bishop&#8217;s hats&#8221; that are rarely seen elsewhere in Munich. This means that the cobblestones are laid diagonally. Northwest of the square is the Munich City Museum, and southeast of the square is the Schrannenhalle.<\/p>\n<h2>Locksmith Munich Sebastiansplatz: Available Around the Clock<\/h2>\n<p>With our locksmith service, you no longer have to make any compromises, because you don\u2019t have to adjust to us. We simply adjust to you. This means that we don\u2019t have fixed business hours. In this way, you can reach us at our toll-free number whenever you urgently need help. Whether on weekends, weekdays, or holidays like Christmas or Easter: Our Munich Sebastiansplatz locksmith service is there for you immediately.<\/p>\n<p>Unlike many fake or mailbox companies, we do not charge outrageous additional fees or surcharges for our work. We work with fixed costs, giving you transparency and trust in us.<\/p>\n<div class=\"ansprech\">Locksmith Munich Sebastiansplatz with free 24-hour emergency number<br \/>\n<h3 class=\"phone mobilesOnly\"><a href=\"tel:+498000131131\">0800 \/ 0 131 131<\/a><\/h3><h3 class=\"phone desktopOnly\"><a href=\"tel:+498000131131\">0800 \/ 0 131 131<\/a><\/h3>Friendly locksmiths with a lot of expertise, damage-free door opening at a fixed prices<\/div>\n","protected":false},"excerpt":{"rendered":"<p>What should you do if you\u2019ve locked yourself out at Sebastiansplatz? That\u2019s right: Our Munich Sebastiansplatz locksmith is already on the way and can unlock your door without causing any damage. Just one call, and our experienced and friendly staff are already on their way to you. The professional team led by Mario Pichelmaier knows [&hellip;]<\/p>\n","protected":false},"author":2,"featured_media":0,"parent":0,"menu_order":0,"comment_status":"closed","ping_status":"closed","template":"","meta":{"footnotes":"","_links_to":"","_links_to_target":""},"class_list":["post-11276","page","type-page","status-publish","hentry"],"yoast_head":"<!-- This site is optimized with the Yoast SEO plugin v27.4 - https:\/\/yoast.com\/product\/yoast-seo-wordpress\/ -->\n<title>Locksmith Munich Sebastiansplatz: fixed price from \u20ac52<\/title>\n<meta name=\"description\" content=\"Locksmith Munich Sebastiansplatz with friendly staff, specialized locksmith tools, fixed price guarantee, and 24-hour emergency number: damage-free door opening in just about 30 minutes! We are also available around the clock on Sundays and public holidays! With us, there are no hidden costs! Guaranteed!\" \/>\n<meta name=\"robots\" content=\"index, follow, max-snippet:-1, max-image-preview:large, max-video-preview:-1\" \/>\n<link rel=\"canonical\" href=\"https:\/\/www.amper-aufsperrdienst.de\/en\/locksmith-munich-sebastiansplatz\/\" \/>\n<meta property=\"og:locale\" content=\"en_US\" \/>\n<meta property=\"og:type\" content=\"article\" \/>\n<meta property=\"og:title\" content=\"Locksmith Munich Sebastiansplatz: fixed price from \u20ac52\" \/>\n<meta property=\"og:description\" content=\"Locksmith Munich Sebastiansplatz with friendly staff, specialized locksmith tools, fixed price guarantee, and 24-hour emergency number: damage-free door opening in just about 30 minutes! We are also available around the clock on Sundays and public holidays! With us, there are no hidden costs! Guaranteed!\" \/>\n<meta property=\"og:url\" content=\"https:\/\/www.amper-aufsperrdienst.de\/en\/locksmith-munich-sebastiansplatz\/\" \/>\n<meta property=\"og:site_name\" content=\"Locksmith for Munich, Dachau and F\u00fcrstenfeldbruck\" \/>\n<meta property=\"article:modified_time\" content=\"2026-01-28T02:35:19+00:00\" \/>\n<meta property=\"og:image\" content=\"https:\/\/www.amper-aufsperrdienst.de\/wp-content\/uploads\/2021\/03\/schluesseldienst-muenchen-sebastiansplatz-festpreis-ab-52-siegel.jpg\" \/>\n<meta name=\"twitter:label1\" content=\"Est. reading time\" \/>\n\t<meta name=\"twitter:data1\" content=\"3 minutes\" \/>\n<script type=\"application\/ld+json\" class=\"yoast-schema-graph\">{\"@context\":\"https:\\\/\\\/schema.org\",\"@graph\":[{\"@type\":\"WebPage\",\"@id\":\"https:\\\/\\\/www.amper-aufsperrdienst.de\\\/en\\\/locksmith-munich-sebastiansplatz\\\/\",\"url\":\"https:\\\/\\\/www.amper-aufsperrdienst.de\\\/en\\\/locksmith-munich-sebastiansplatz\\\/\",\"name\":\"Locksmith Munich Sebastiansplatz: fixed price from \u20ac52\",\"isPartOf\":{\"@id\":\"https:\\\/\\\/www.amper-aufsperrdienst.de\\\/en\\\/#website\"},\"primaryImageOfPage\":{\"@id\":\"https:\\\/\\\/www.amper-aufsperrdienst.de\\\/en\\\/locksmith-munich-sebastiansplatz\\\/#primaryimage\"},\"image\":{\"@id\":\"https:\\\/\\\/www.amper-aufsperrdienst.de\\\/en\\\/locksmith-munich-sebastiansplatz\\\/#primaryimage\"},\"thumbnailUrl\":\"https:\\\/\\\/www.amper-aufsperrdienst.de\\\/wp-content\\\/uploads\\\/2021\\\/03\\\/schluesseldienst-muenchen-sebastiansplatz-festpreis-ab-52-siegel.jpg\",\"datePublished\":\"2018-03-01T02:46:59+00:00\",\"dateModified\":\"2026-01-28T02:35:19+00:00\",\"description\":\"Locksmith Munich Sebastiansplatz with friendly staff, specialized locksmith tools, fixed price guarantee, and 24-hour emergency number: damage-free door opening in just about 30 minutes! We are also available around the clock on Sundays and public holidays! With us, there are no hidden costs! Guaranteed!\",\"breadcrumb\":{\"@id\":\"https:\\\/\\\/www.amper-aufsperrdienst.de\\\/en\\\/locksmith-munich-sebastiansplatz\\\/#breadcrumb\"},\"inLanguage\":\"en-US\",\"potentialAction\":[{\"@type\":\"ReadAction\",\"target\":[\"https:\\\/\\\/www.amper-aufsperrdienst.de\\\/en\\\/locksmith-munich-sebastiansplatz\\\/\"]}]},{\"@type\":\"ImageObject\",\"inLanguage\":\"en-US\",\"@id\":\"https:\\\/\\\/www.amper-aufsperrdienst.de\\\/en\\\/locksmith-munich-sebastiansplatz\\\/#primaryimage\",\"url\":\"https:\\\/\\\/www.amper-aufsperrdienst.de\\\/wp-content\\\/uploads\\\/2021\\\/03\\\/schluesseldienst-muenchen-sebastiansplatz-festpreis-ab-52-siegel.jpg\",\"contentUrl\":\"https:\\\/\\\/www.amper-aufsperrdienst.de\\\/wp-content\\\/uploads\\\/2021\\\/03\\\/schluesseldienst-muenchen-sebastiansplatz-festpreis-ab-52-siegel.jpg\"},{\"@type\":\"BreadcrumbList\",\"@id\":\"https:\\\/\\\/www.amper-aufsperrdienst.de\\\/en\\\/locksmith-munich-sebastiansplatz\\\/#breadcrumb\",\"itemListElement\":[{\"@type\":\"ListItem\",\"position\":1,\"name\":\"Home\",\"item\":\"https:\\\/\\\/www.amper-aufsperrdienst.de\\\/en\\\/\"},{\"@type\":\"ListItem\",\"position\":2,\"name\":\"Locksmith Munich Sebastiansplatz\"}]},{\"@type\":\"WebSite\",\"@id\":\"https:\\\/\\\/www.amper-aufsperrdienst.de\\\/en\\\/#website\",\"url\":\"https:\\\/\\\/www.amper-aufsperrdienst.de\\\/en\\\/\",\"name\":\"Locksmith for Munich, Dachau and F\u00fcrstenfeldbruck\",\"description\":\"Amper Aufsperrdienst\",\"potentialAction\":[{\"@type\":\"SearchAction\",\"target\":{\"@type\":\"EntryPoint\",\"urlTemplate\":\"https:\\\/\\\/www.amper-aufsperrdienst.de\\\/en\\\/?s={search_term_string}\"},\"query-input\":{\"@type\":\"PropertyValueSpecification\",\"valueRequired\":true,\"valueName\":\"search_term_string\"}}],\"inLanguage\":\"en-US\"}]}<\/script>\n<!-- \/ Yoast SEO plugin. -->","yoast_head_json":{"title":"Locksmith Munich Sebastiansplatz: fixed price from \u20ac52","description":"Locksmith Munich Sebastiansplatz with friendly staff, specialized locksmith tools, fixed price guarantee, and 24-hour emergency number: damage-free door opening in just about 30 minutes! We are also available around the clock on Sundays and public holidays! With us, there are no hidden costs! Guaranteed!","robots":{"index":"index","follow":"follow","max-snippet":"max-snippet:-1","max-image-preview":"max-image-preview:large","max-video-preview":"max-video-preview:-1"},"canonical":"https:\/\/www.amper-aufsperrdienst.de\/en\/locksmith-munich-sebastiansplatz\/","og_locale":"en_US","og_type":"article","og_title":"Locksmith Munich Sebastiansplatz: fixed price from \u20ac52","og_description":"Locksmith Munich Sebastiansplatz with friendly staff, specialized locksmith tools, fixed price guarantee, and 24-hour emergency number: damage-free door opening in just about 30 minutes! We are also available around the clock on Sundays and public holidays! With us, there are no hidden costs! Guaranteed!","og_url":"https:\/\/www.amper-aufsperrdienst.de\/en\/locksmith-munich-sebastiansplatz\/","og_site_name":"Locksmith for Munich, Dachau and F\u00fcrstenfeldbruck","article_modified_time":"2026-01-28T02:35:19+00:00","og_image":[{"url":"https:\/\/www.amper-aufsperrdienst.de\/wp-content\/uploads\/2021\/03\/schluesseldienst-muenchen-sebastiansplatz-festpreis-ab-52-siegel.jpg","type":"","width":"","height":""}],"twitter_misc":{"Est. reading time":"3 minutes"},"schema":{"@context":"https:\/\/schema.org","@graph":[{"@type":"WebPage","@id":"https:\/\/www.amper-aufsperrdienst.de\/en\/locksmith-munich-sebastiansplatz\/","url":"https:\/\/www.amper-aufsperrdienst.de\/en\/locksmith-munich-sebastiansplatz\/","name":"Locksmith Munich Sebastiansplatz: fixed price from \u20ac52","isPartOf":{"@id":"https:\/\/www.amper-aufsperrdienst.de\/en\/#website"},"primaryImageOfPage":{"@id":"https:\/\/www.amper-aufsperrdienst.de\/en\/locksmith-munich-sebastiansplatz\/#primaryimage"},"image":{"@id":"https:\/\/www.amper-aufsperrdienst.de\/en\/locksmith-munich-sebastiansplatz\/#primaryimage"},"thumbnailUrl":"https:\/\/www.amper-aufsperrdienst.de\/wp-content\/uploads\/2021\/03\/schluesseldienst-muenchen-sebastiansplatz-festpreis-ab-52-siegel.jpg","datePublished":"2018-03-01T02:46:59+00:00","dateModified":"2026-01-28T02:35:19+00:00","description":"Locksmith Munich Sebastiansplatz with friendly staff, specialized locksmith tools, fixed price guarantee, and 24-hour emergency number: damage-free door opening in just about 30 minutes! We are also available around the clock on Sundays and public holidays! With us, there are no hidden costs! Guaranteed!","breadcrumb":{"@id":"https:\/\/www.amper-aufsperrdienst.de\/en\/locksmith-munich-sebastiansplatz\/#breadcrumb"},"inLanguage":"en-US","potentialAction":[{"@type":"ReadAction","target":["https:\/\/www.amper-aufsperrdienst.de\/en\/locksmith-munich-sebastiansplatz\/"]}]},{"@type":"ImageObject","inLanguage":"en-US","@id":"https:\/\/www.amper-aufsperrdienst.de\/en\/locksmith-munich-sebastiansplatz\/#primaryimage","url":"https:\/\/www.amper-aufsperrdienst.de\/wp-content\/uploads\/2021\/03\/schluesseldienst-muenchen-sebastiansplatz-festpreis-ab-52-siegel.jpg","contentUrl":"https:\/\/www.amper-aufsperrdienst.de\/wp-content\/uploads\/2021\/03\/schluesseldienst-muenchen-sebastiansplatz-festpreis-ab-52-siegel.jpg"},{"@type":"BreadcrumbList","@id":"https:\/\/www.amper-aufsperrdienst.de\/en\/locksmith-munich-sebastiansplatz\/#breadcrumb","itemListElement":[{"@type":"ListItem","position":1,"name":"Home","item":"https:\/\/www.amper-aufsperrdienst.de\/en\/"},{"@type":"ListItem","position":2,"name":"Locksmith Munich Sebastiansplatz"}]},{"@type":"WebSite","@id":"https:\/\/www.amper-aufsperrdienst.de\/en\/#website","url":"https:\/\/www.amper-aufsperrdienst.de\/en\/","name":"Locksmith for Munich, Dachau and F\u00fcrstenfeldbruck","description":"Amper Aufsperrdienst","potentialAction":[{"@type":"SearchAction","target":{"@type":"EntryPoint","urlTemplate":"https:\/\/www.amper-aufsperrdienst.de\/en\/?s={search_term_string}"},"query-input":{"@type":"PropertyValueSpecification","valueRequired":true,"valueName":"search_term_string"}}],"inLanguage":"en-US"}]}},"_links":{"self":[{"href":"https:\/\/www.amper-aufsperrdienst.de\/en\/wp-json\/wp\/v2\/pages\/11276","targetHints":{"allow":["GET"]}}],"collection":[{"href":"https:\/\/www.amper-aufsperrdienst.de\/en\/wp-json\/wp\/v2\/pages"}],"about":[{"href":"https:\/\/www.amper-aufsperrdienst.de\/en\/wp-json\/wp\/v2\/types\/page"}],"author":[{"embeddable":true,"href":"https:\/\/www.amper-aufsperrdienst.de\/en\/wp-json\/wp\/v2\/users\/2"}],"replies":[{"embeddable":true,"href":"https:\/\/www.amper-aufsperrdienst.de\/en\/wp-json\/wp\/v2\/comments?post=11276"}],"version-history":[{"count":3,"href":"https:\/\/www.amper-aufsperrdienst.de\/en\/wp-json\/wp\/v2\/pages\/11276\/revisions"}],"predecessor-version":[{"id":14257,"href":"https:\/\/www.amper-aufsperrdienst.de\/en\/wp-json\/wp\/v2\/pages\/11276\/revisions\/14257"}],"wp:attachment":[{"href":"https:\/\/www.amper-aufsperrdienst.de\/en\/wp-json\/wp\/v2\/media?parent=11276"}],"curies":[{"name":"wp","href":"https:\/\/api.w.org\/{rel}","templated":true}]}}