{"id":11282,"date":"2017-12-27T19:58:33","date_gmt":"2017-12-27T17:58:33","guid":{"rendered":"https:\/\/www.amper-aufsperrdienst.de\/schluesseldienst-muenchen-sendlinger-tor\/"},"modified":"2026-01-29T09:25:13","modified_gmt":"2026-01-29T07:25:13","slug":"locksmith-munich-sendlinger-tor","status":"publish","type":"page","link":"https:\/\/www.amper-aufsperrdienst.de\/en\/locksmith-munich-sendlinger-tor\/","title":{"rendered":"Locksmith Munich Sendlinger Tor"},"content":{"rendered":"<p><img loading=\"lazy\" decoding=\"async\" class=\"alignleft\" style=\"margin-bottom: 5px !important;\" src=\"https:\/\/www.amper-aufsperrdienst.de\/wp-content\/uploads\/2021\/03\/schluesseldienst-muenchen-sendlinger-tor-festpreis-ab-52-siegel.jpg\" alt=\"Amper Locksmith Opening Service muenchen-sendlinger-tor with fixed price from 52,- EUR\" width=\"250\" height=\"250\" \/>Today is simply not your day! In your rush, you apparently left your house key somewhere, or did you not even take it with you when you left the house? Either way &#8211; you just can&#8217;t get into your own apartment at Sendlinger Tor and are about to force the door open. But wait!<\/p>\n<p>Take a deep breath, because help is so close: the Amper Locksmith Service is just a phone call away and usually reaches you in about 30 minutes. As a very experienced locksmith, we know what matters and can unlock almost all doors without causing damage.<\/p>\n<h2>Door opening at Sendlinger Tor: quick and at a fixed price<\/h2>\n<p>We are not only fast, but we also offer something that sets us apart from some of our competitors: We provide our service at fixed prices\u2014just explain your situation in detail over the phone, and our expert can give you a fixed price that will actually apply.<\/p>\n          <!-- tarif -->\n<h2><b><span style=\"vertical-align: inherit;\"><span style=\"vertical-align: inherit;\">Our binding fixed prices start from \u20ac52.<\/span><\/span><\/b><\/h2>\n<p>Amper Locksmith Service is a fair locksmith service with transparent fixed prices:<\/p>\n<div class=\"table-title\">\n\tPRICE LIST  UNLOCK\n<\/div>\n<!-- Table part-->\n<table class=\"table\">\n  <thead class=\"header\">\n\t  <tr>\n     \t <th scope=\"col\">Time<\/th>\n     \t <th scope=\"col\">8 - 18<\/th>\n     \t <th scope=\"col\">18 - 22<\/th>\n     \t <th scope=\"col\">22 - 8<\/th>\n\t<\/tr>\n  <\/thead>\n  <tbody>\n     \t  <tr class=\"weekdays\">\n     \t  \t  <td class=\"tag\" data-label=\"Time\">Mo - Fr<\/td>\n     \t  \t  <td class=\"hrs tag\" data-label=\"8 - 18\">52,- \u20ac<\/td>\n     \t  \t  <td class=\"tag space\" data-label=\"18 - 22\">82,- \u20ac<\/td>\n     \t  \t  <td data-label=\"22 - 8\">95,- \u20ac<\/td>\n     \t  <\/tr>\n     <tr class=\"weekends\">\n     \t  \t  <td class=\"tag\" data-label=\"Time\">Sa<\/td>\n     \t  \t  <td class=\"tag\" data-label=\"8 - 18\">95,- \u20ac<\/td>\n     \t  \t  <td class=\"tag\" data-label=\"18 - 22\">95,- \u20ac<\/td>\n     \t  \t  <td data-label=\"22 - 8\">125,- \u20ac<\/td>\n     \t  <\/tr>\n     <tr class=\"holidays\">\n     \t  \t  <td class=\"tag\" data-label=\"Time\">So & holiday<\/td>\n     \t  \t  <td class=\"tag\" data-label=\"8 - 18\">125,- \u20ac<\/td>\n     \t  \t  <td class=\"tag\" data-label=\"18 - 22\">125,-\u20ac<\/td>\n     \t  \t  <td data-label=\"22 - 8\">125,-\u20ac<\/td>\n     \t  <\/tr>\n     <\/tbody>\n<\/table>\n<!-- Table Description-->\n<div class=\"table-description\">\n\t<em>Please call to inquire about travel costs.<\/em>\n<\/div>\n<!-- Wordings below -->\n<div class=\"wordings\">\n<p>The prices listed in this table are binding for unlocking a door that has slammed shut or been pulled shut (without self-locking mechanisms). Please feel free to contact us if you would like a price quote for other locksmith services. We will gladly provide you with a transparent, fixed-price offer.<\/p>\n<\/div>\n\n<!-- END Wordings -->\n\n\n\n<div class=\"ansprech\">Locksmith Munich Sendlinger Tor with free 24-hour emergency number<br \/>\n<h3 class=\"phone mobilesOnly\"><a href=\"tel:+498000131131\">0800 \/ 0 131 131<\/a><\/h3><h3 class=\"phone desktopOnly\"><a href=\"tel:+498000131131\">0800 \/ 0 131 131<\/a><\/h3>Fair fixed prices for damage-free door opening<\/div>\n<p>Of course, we always bring our specialized tools with us in order to carry out a damage-free door opening. In more than 99% of cases involving doors that have been closed, we are able to succeed. We have such a high success rate precisely because we have been dealing with this topic for many years and can draw on a wealth of experience.<\/p>\n<p>Johann Pichelmaier, an ancestor of the current company owner Mario Pichelmaier, was one of the pioneers among locksmith service providers: not only did he invent one of the specialized tools, but he also used it successfully. With us, you are in good, experienced hands!<\/p>\n<h2>The Sendlinger Tor in Munich<\/h2>\n<p>The southern city gate is one of the most popular meeting points in Munich&#8217;s historic old town and at the same time the namesake for Sendlinger Tor Square. The origins of the gate date back to the 13th century, making it one of the oldest relics overall. A part of the old city wall can still be found here today, and during World War II, Sendlinger Tor was barely damaged, so it is very well preserved.<\/p>\n<p>The main streets in the surrounding area are Lindwurmstra\u00dfe, Sonnenstra\u00dfe, Blumenstra\u00dfe, Wallstra\u00dfe, Oberanger, Ro\u00dfmarkt, An der Hauptfeuerwache, M\u00fcllerstra\u00dfe, Fliegenstra\u00dfe, Thalkirchner Stra\u00dfe, Augsburger Stra\u00dfe, Nu\u00dfbaumstra\u00dfe, Landwehrstra\u00dfe, Herzog-Wilhelm-Stra\u00dfe, and Kreuzstra\u00dfe.<\/p>\n<h2>Modern security technology against burglars<\/h2>\n<p>Have you noticed an increase in break-ins in your area around Sendlinger Tor? Let our experts check if there are security gaps in your windows and doors. We are familiar with the latest professional locks, conduct relevant security analyses, and of course, also install devices to significantly improve safety in your own home.<\/p>\n<p>Just give us a call at our free 0800 number &#8211; we are happy to help!<\/p>\n<div class=\"ansprech\">Locksmith Munich Sendlinger Tor with free 24-hour emergency number<br \/>\n<h3 class=\"phone mobilesOnly\"><a href=\"tel:+498000131131\">0800 \/ 0 131 131<\/a><\/h3><h3 class=\"phone desktopOnly\"><a href=\"tel:+498000131131\">0800 \/ 0 131 131<\/a><\/h3>Fair fixed prices for damage-free door opening<\/div>\n","protected":false},"excerpt":{"rendered":"<p>Today is simply not your day! In your rush, you apparently left your house key somewhere, or did you not even take it with you when you left the house? Either way &#8211; you just can&#8217;t get into your own apartment at Sendlinger Tor and are about to force the door open. But wait! Take [&hellip;]<\/p>\n","protected":false},"author":2,"featured_media":0,"parent":0,"menu_order":0,"comment_status":"closed","ping_status":"closed","template":"","meta":{"footnotes":"","_links_to":"","_links_to_target":""},"class_list":["post-11282","page","type-page","status-publish","hentry"],"yoast_head":"<!-- This site is optimized with the Yoast SEO plugin v27.4 - https:\/\/yoast.com\/product\/yoast-seo-wordpress\/ -->\n<title>Locksmith Munich Sendlinger Tor Square: fixed price from \u20ac52<\/title>\n<meta name=\"description\" content=\"Locksmith Sendlinger Tor Square, Munich: Door locked? Our technician will be at your place in 30 minutes. We open doors without damage, at a fixed price.\" \/>\n<meta name=\"robots\" content=\"index, follow, max-snippet:-1, max-image-preview:large, max-video-preview:-1\" \/>\n<link rel=\"canonical\" href=\"https:\/\/www.amper-aufsperrdienst.de\/en\/locksmith-munich-sendlinger-tor\/\" \/>\n<meta property=\"og:locale\" content=\"en_US\" \/>\n<meta property=\"og:type\" content=\"article\" \/>\n<meta property=\"og:title\" content=\"Locksmith Munich Sendlinger Tor Square: fixed price from \u20ac52\" \/>\n<meta property=\"og:description\" content=\"Locksmith Sendlinger Tor Square, Munich: Door locked? Our technician will be at your place in 30 minutes. We open doors without damage, at a fixed price.\" \/>\n<meta property=\"og:url\" content=\"https:\/\/www.amper-aufsperrdienst.de\/en\/locksmith-munich-sendlinger-tor\/\" \/>\n<meta property=\"og:site_name\" content=\"Locksmith for Munich, Dachau and F\u00fcrstenfeldbruck\" \/>\n<meta property=\"article:modified_time\" content=\"2026-01-29T07:25:13+00:00\" \/>\n<meta property=\"og:image\" content=\"https:\/\/www.amper-aufsperrdienst.de\/wp-content\/uploads\/2021\/03\/schluesseldienst-muenchen-sendlinger-tor-festpreis-ab-52-siegel.jpg\" \/>\n<script type=\"application\/ld+json\" class=\"yoast-schema-graph\">{\"@context\":\"https:\\\/\\\/schema.org\",\"@graph\":[{\"@type\":\"WebPage\",\"@id\":\"https:\\\/\\\/www.amper-aufsperrdienst.de\\\/en\\\/locksmith-munich-sendlinger-tor\\\/\",\"url\":\"https:\\\/\\\/www.amper-aufsperrdienst.de\\\/en\\\/locksmith-munich-sendlinger-tor\\\/\",\"name\":\"Locksmith Munich Sendlinger Tor Square: fixed price from \u20ac52\",\"isPartOf\":{\"@id\":\"https:\\\/\\\/www.amper-aufsperrdienst.de\\\/en\\\/#website\"},\"primaryImageOfPage\":{\"@id\":\"https:\\\/\\\/www.amper-aufsperrdienst.de\\\/en\\\/locksmith-munich-sendlinger-tor\\\/#primaryimage\"},\"image\":{\"@id\":\"https:\\\/\\\/www.amper-aufsperrdienst.de\\\/en\\\/locksmith-munich-sendlinger-tor\\\/#primaryimage\"},\"thumbnailUrl\":\"https:\\\/\\\/www.amper-aufsperrdienst.de\\\/wp-content\\\/uploads\\\/2021\\\/03\\\/schluesseldienst-muenchen-sendlinger-tor-festpreis-ab-52-siegel.jpg\",\"datePublished\":\"2017-12-27T17:58:33+00:00\",\"dateModified\":\"2026-01-29T07:25:13+00:00\",\"description\":\"Locksmith Sendlinger Tor Square, Munich: Door locked? Our technician will be at your place in 30 minutes. We open doors without damage, at a fixed price.\",\"breadcrumb\":{\"@id\":\"https:\\\/\\\/www.amper-aufsperrdienst.de\\\/en\\\/locksmith-munich-sendlinger-tor\\\/#breadcrumb\"},\"inLanguage\":\"en-US\",\"potentialAction\":[{\"@type\":\"ReadAction\",\"target\":[\"https:\\\/\\\/www.amper-aufsperrdienst.de\\\/en\\\/locksmith-munich-sendlinger-tor\\\/\"]}]},{\"@type\":\"ImageObject\",\"inLanguage\":\"en-US\",\"@id\":\"https:\\\/\\\/www.amper-aufsperrdienst.de\\\/en\\\/locksmith-munich-sendlinger-tor\\\/#primaryimage\",\"url\":\"https:\\\/\\\/www.amper-aufsperrdienst.de\\\/wp-content\\\/uploads\\\/2021\\\/03\\\/schluesseldienst-muenchen-sendlinger-tor-festpreis-ab-52-siegel.jpg\",\"contentUrl\":\"https:\\\/\\\/www.amper-aufsperrdienst.de\\\/wp-content\\\/uploads\\\/2021\\\/03\\\/schluesseldienst-muenchen-sendlinger-tor-festpreis-ab-52-siegel.jpg\"},{\"@type\":\"BreadcrumbList\",\"@id\":\"https:\\\/\\\/www.amper-aufsperrdienst.de\\\/en\\\/locksmith-munich-sendlinger-tor\\\/#breadcrumb\",\"itemListElement\":[{\"@type\":\"ListItem\",\"position\":1,\"name\":\"Home\",\"item\":\"https:\\\/\\\/www.amper-aufsperrdienst.de\\\/en\\\/\"},{\"@type\":\"ListItem\",\"position\":2,\"name\":\"Locksmith Munich Sendlinger Tor\"}]},{\"@type\":\"WebSite\",\"@id\":\"https:\\\/\\\/www.amper-aufsperrdienst.de\\\/en\\\/#website\",\"url\":\"https:\\\/\\\/www.amper-aufsperrdienst.de\\\/en\\\/\",\"name\":\"Locksmith for Munich, Dachau and F\u00fcrstenfeldbruck\",\"description\":\"Amper Aufsperrdienst\",\"potentialAction\":[{\"@type\":\"SearchAction\",\"target\":{\"@type\":\"EntryPoint\",\"urlTemplate\":\"https:\\\/\\\/www.amper-aufsperrdienst.de\\\/en\\\/?s={search_term_string}\"},\"query-input\":{\"@type\":\"PropertyValueSpecification\",\"valueRequired\":true,\"valueName\":\"search_term_string\"}}],\"inLanguage\":\"en-US\"}]}<\/script>\n<!-- \/ Yoast SEO plugin. -->","yoast_head_json":{"title":"Locksmith Munich Sendlinger Tor Square: fixed price from \u20ac52","description":"Locksmith Sendlinger Tor Square, Munich: Door locked? Our technician will be at your place in 30 minutes. We open doors without damage, at a fixed price.","robots":{"index":"index","follow":"follow","max-snippet":"max-snippet:-1","max-image-preview":"max-image-preview:large","max-video-preview":"max-video-preview:-1"},"canonical":"https:\/\/www.amper-aufsperrdienst.de\/en\/locksmith-munich-sendlinger-tor\/","og_locale":"en_US","og_type":"article","og_title":"Locksmith Munich Sendlinger Tor Square: fixed price from \u20ac52","og_description":"Locksmith Sendlinger Tor Square, Munich: Door locked? Our technician will be at your place in 30 minutes. We open doors without damage, at a fixed price.","og_url":"https:\/\/www.amper-aufsperrdienst.de\/en\/locksmith-munich-sendlinger-tor\/","og_site_name":"Locksmith for Munich, Dachau and F\u00fcrstenfeldbruck","article_modified_time":"2026-01-29T07:25:13+00:00","og_image":[{"url":"https:\/\/www.amper-aufsperrdienst.de\/wp-content\/uploads\/2021\/03\/schluesseldienst-muenchen-sendlinger-tor-festpreis-ab-52-siegel.jpg","type":"","width":"","height":""}],"schema":{"@context":"https:\/\/schema.org","@graph":[{"@type":"WebPage","@id":"https:\/\/www.amper-aufsperrdienst.de\/en\/locksmith-munich-sendlinger-tor\/","url":"https:\/\/www.amper-aufsperrdienst.de\/en\/locksmith-munich-sendlinger-tor\/","name":"Locksmith Munich Sendlinger Tor Square: fixed price from \u20ac52","isPartOf":{"@id":"https:\/\/www.amper-aufsperrdienst.de\/en\/#website"},"primaryImageOfPage":{"@id":"https:\/\/www.amper-aufsperrdienst.de\/en\/locksmith-munich-sendlinger-tor\/#primaryimage"},"image":{"@id":"https:\/\/www.amper-aufsperrdienst.de\/en\/locksmith-munich-sendlinger-tor\/#primaryimage"},"thumbnailUrl":"https:\/\/www.amper-aufsperrdienst.de\/wp-content\/uploads\/2021\/03\/schluesseldienst-muenchen-sendlinger-tor-festpreis-ab-52-siegel.jpg","datePublished":"2017-12-27T17:58:33+00:00","dateModified":"2026-01-29T07:25:13+00:00","description":"Locksmith Sendlinger Tor Square, Munich: Door locked? Our technician will be at your place in 30 minutes. We open doors without damage, at a fixed price.","breadcrumb":{"@id":"https:\/\/www.amper-aufsperrdienst.de\/en\/locksmith-munich-sendlinger-tor\/#breadcrumb"},"inLanguage":"en-US","potentialAction":[{"@type":"ReadAction","target":["https:\/\/www.amper-aufsperrdienst.de\/en\/locksmith-munich-sendlinger-tor\/"]}]},{"@type":"ImageObject","inLanguage":"en-US","@id":"https:\/\/www.amper-aufsperrdienst.de\/en\/locksmith-munich-sendlinger-tor\/#primaryimage","url":"https:\/\/www.amper-aufsperrdienst.de\/wp-content\/uploads\/2021\/03\/schluesseldienst-muenchen-sendlinger-tor-festpreis-ab-52-siegel.jpg","contentUrl":"https:\/\/www.amper-aufsperrdienst.de\/wp-content\/uploads\/2021\/03\/schluesseldienst-muenchen-sendlinger-tor-festpreis-ab-52-siegel.jpg"},{"@type":"BreadcrumbList","@id":"https:\/\/www.amper-aufsperrdienst.de\/en\/locksmith-munich-sendlinger-tor\/#breadcrumb","itemListElement":[{"@type":"ListItem","position":1,"name":"Home","item":"https:\/\/www.amper-aufsperrdienst.de\/en\/"},{"@type":"ListItem","position":2,"name":"Locksmith Munich Sendlinger Tor"}]},{"@type":"WebSite","@id":"https:\/\/www.amper-aufsperrdienst.de\/en\/#website","url":"https:\/\/www.amper-aufsperrdienst.de\/en\/","name":"Locksmith for Munich, Dachau and F\u00fcrstenfeldbruck","description":"Amper Aufsperrdienst","potentialAction":[{"@type":"SearchAction","target":{"@type":"EntryPoint","urlTemplate":"https:\/\/www.amper-aufsperrdienst.de\/en\/?s={search_term_string}"},"query-input":{"@type":"PropertyValueSpecification","valueRequired":true,"valueName":"search_term_string"}}],"inLanguage":"en-US"}]}},"_links":{"self":[{"href":"https:\/\/www.amper-aufsperrdienst.de\/en\/wp-json\/wp\/v2\/pages\/11282","targetHints":{"allow":["GET"]}}],"collection":[{"href":"https:\/\/www.amper-aufsperrdienst.de\/en\/wp-json\/wp\/v2\/pages"}],"about":[{"href":"https:\/\/www.amper-aufsperrdienst.de\/en\/wp-json\/wp\/v2\/types\/page"}],"author":[{"embeddable":true,"href":"https:\/\/www.amper-aufsperrdienst.de\/en\/wp-json\/wp\/v2\/users\/2"}],"replies":[{"embeddable":true,"href":"https:\/\/www.amper-aufsperrdienst.de\/en\/wp-json\/wp\/v2\/comments?post=11282"}],"version-history":[{"count":3,"href":"https:\/\/www.amper-aufsperrdienst.de\/en\/wp-json\/wp\/v2\/pages\/11282\/revisions"}],"predecessor-version":[{"id":14844,"href":"https:\/\/www.amper-aufsperrdienst.de\/en\/wp-json\/wp\/v2\/pages\/11282\/revisions\/14844"}],"wp:attachment":[{"href":"https:\/\/www.amper-aufsperrdienst.de\/en\/wp-json\/wp\/v2\/media?parent=11282"}],"curies":[{"name":"wp","href":"https:\/\/api.w.org\/{rel}","templated":true}]}}