{"id":11333,"date":"2018-03-01T05:38:01","date_gmt":"2018-03-01T03:38:01","guid":{"rendered":"https:\/\/www.amper-aufsperrdienst.de\/schlusseldienst-munchen-seydlitzplatz\/"},"modified":"2026-01-28T04:40:29","modified_gmt":"2026-01-28T02:40:29","slug":"locksmith-munich-seydlitzplatz","status":"publish","type":"page","link":"https:\/\/www.amper-aufsperrdienst.de\/en\/locksmith-munich-seydlitzplatz\/","title":{"rendered":"Locksmith Munich Seydlitzplatz"},"content":{"rendered":"<p><img loading=\"lazy\" decoding=\"async\" class=\"alignleft\" style=\"margin-bottom: 5px !important;\" src=\"https:\/\/www.amper-aufsperrdienst.de\/wp-content\/uploads\/2021\/03\/schluesseldienst-muenchen-seydlitzplatz-festpreis-ab-52-siegel.jpg\" alt=\"Amper Locksmith Opening Service muenchen-seydlitzplatz with fixed price from 52,- EUR\" width=\"250\" height=\"250\" \/>Stress, more stress, being locked out: Hardly any situation tests your nerves and time as much as standing at your front door but not being able to enter your apartment because the key is stuck inside or you forgot it in the apartment. We, the team around Mario Pichelmaier, understand this all too well. That is why we are reliable and available for you at a fair fixed price. In about 30 minutes, our professional and competent Munich Seydlitzplatz locksmith service will be with you, so we can help you out of a tight spot as quickly as possible.<\/p>\n          <!-- tarif -->\n<h2><b><span style=\"vertical-align: inherit;\"><span style=\"vertical-align: inherit;\">Our binding fixed prices start from \u20ac52.<\/span><\/span><\/b><\/h2>\n<p>Amper Locksmith Service is a fair locksmith service with transparent fixed prices:<\/p>\n<div class=\"table-title\">\n\tPRICE LIST  UNLOCK\n<\/div>\n<!-- Table part-->\n<table class=\"table\">\n  <thead class=\"header\">\n\t  <tr>\n     \t <th scope=\"col\">Time<\/th>\n     \t <th scope=\"col\">8 - 18<\/th>\n     \t <th scope=\"col\">18 - 22<\/th>\n     \t <th scope=\"col\">22 - 8<\/th>\n\t<\/tr>\n  <\/thead>\n  <tbody>\n     \t  <tr class=\"weekdays\">\n     \t  \t  <td class=\"tag\" data-label=\"Time\">Mo - Fr<\/td>\n     \t  \t  <td class=\"hrs tag\" data-label=\"8 - 18\">52,- \u20ac<\/td>\n     \t  \t  <td class=\"tag space\" data-label=\"18 - 22\">82,- \u20ac<\/td>\n     \t  \t  <td data-label=\"22 - 8\">95,- \u20ac<\/td>\n     \t  <\/tr>\n     <tr class=\"weekends\">\n     \t  \t  <td class=\"tag\" data-label=\"Time\">Sa<\/td>\n     \t  \t  <td class=\"tag\" data-label=\"8 - 18\">95,- \u20ac<\/td>\n     \t  \t  <td class=\"tag\" data-label=\"18 - 22\">95,- \u20ac<\/td>\n     \t  \t  <td data-label=\"22 - 8\">125,- \u20ac<\/td>\n     \t  <\/tr>\n     <tr class=\"holidays\">\n     \t  \t  <td class=\"tag\" data-label=\"Time\">So & holiday<\/td>\n     \t  \t  <td class=\"tag\" data-label=\"8 - 18\">125,- \u20ac<\/td>\n     \t  \t  <td class=\"tag\" data-label=\"18 - 22\">125,-\u20ac<\/td>\n     \t  \t  <td data-label=\"22 - 8\">125,-\u20ac<\/td>\n     \t  <\/tr>\n     <\/tbody>\n<\/table>\n<!-- Table Description-->\n<div class=\"table-description\">\n\t<em>Please call to inquire about travel costs.<\/em>\n<\/div>\n<!-- Wordings below -->\n<div class=\"wordings\">\n<p>The prices listed in this table are binding for unlocking a door that has slammed shut or been pulled shut (without self-locking mechanisms). Please feel free to contact us if you would like a price quote for other locksmith services. We will gladly provide you with a transparent, fixed-price offer.<\/p>\n<\/div>\n\n<!-- END Wordings -->\n\n\n\n<div class=\"ansprech\">Locksmith Munich Seydlitzplatz for damage-free door opening in about 30 minutes <br \/><h3 class=\"phone mobilesOnly\"><a href=\"tel:+498000131131\">0800 \/ 0 131 131<\/a><\/h3><h3 class=\"phone desktopOnly\"><a href=\"tel:+498000131131\">0800 \/ 0 131 131<\/a><\/h3>Fixed prices, friendly staff, and free number<\/div>\n<h2>Locksmith Munich Seydlitzplatz with fair fixed prices: Available 24 hours for you<\/h2>\n<p>Have you locked yourself out and need a quick, damage-free door unlocking? Then call our Munich Seydlitzplatz locksmith service immediately for free. Unlike other locksmiths, you can do this not only during regular business hours on weekdays but even on holidays and weekends. Whether in the middle of the night or early in the morning: there are no inconvenient times for the unlocking service from business owner Mario Pichelmaier.<\/p>\n<p>Many mailbox and shell companies, which unfortunately exist in the locksmith industry, literally rip off unsuspecting citizens in need. They sometimes demand exorbitant additional fees or surcharges for travel or for weekend service. In this way, many people end up paying several hundred or even thousands of euros for a standard door opening. Of course, it is questionable whether such amounts are legal. When you call our locksmith service Munich Seydlitzplatz, we can already give you our fairly calculated fixed prices over the phone, which of course also apply on-site.<\/p>\n<h2>Door unlocking without damage: No consequential damage after opening<\/h2>\n<p>If a door is not opened professionally, it is easy for consequential damage to occur to the lock or the door. Our unlocking service works exclusively with professional specialized tools, allowing us to achieve a success rate of over 99% for doors that are simply closed. This means we can almost always provide you with a non-damaging door opening. <br \/><br \/>Of course, we can also open complex locks without any problems. Mario Pichelmaier and his team will also take care of your personal security. By installing professional cylinder locks or conducting a comprehensive security analysis, you no longer have to worry about burglars. Our experienced and professional staff are happy to advise you.<\/p>\n<h2>Seydlitzplatz in the Munich district of Moosach<\/h2>\n<p>Seydlitzplatz, located in the Munich district of Moosach, is surrounded by Feldmochinger Stra\u00dfe, Hardenbergstra\u00dfe, G\u00e4rtnerstra\u00dfe, and Meggendorferstra\u00dfe. Nearby is Claudiusplatz. The square is connected to public transport, among others, through the Georg-Brauchle-Ring and Moosacher St.-Martins-Platz subway stations.<br \/><br \/>Although Seydlitzplatz is a very small square, its trees and seating areas make it an inviting place to relax and linger, especially in spring and summer, right in the heart of Moosach.<\/p>\n<div class=\"ansprech\">Locksmith Munich Seydlitzplatz for damage-free door opening in about 30 minutes <br \/><h3 class=\"phone mobilesOnly\"><a href=\"tel:+498000131131\">0800 \/ 0 131 131<\/a><\/h3><h3 class=\"phone desktopOnly\"><a href=\"tel:+498000131131\">0800 \/ 0 131 131<\/a><\/h3>Fixed prices, friendly staff, and free number<\/div>\n\n\n<p><\/p>\n","protected":false},"excerpt":{"rendered":"<p>Stress, more stress, being locked out: Hardly any situation tests your nerves and time as much as standing at your front door but not being able to enter your apartment because the key is stuck inside or you forgot it in the apartment. We, the team around Mario Pichelmaier, understand this all too well. That [&hellip;]<\/p>\n","protected":false},"author":2,"featured_media":0,"parent":0,"menu_order":0,"comment_status":"closed","ping_status":"closed","template":"","meta":{"footnotes":"","_links_to":"","_links_to_target":""},"class_list":["post-11333","page","type-page","status-publish","hentry"],"yoast_head":"<!-- This site is optimized with the Yoast SEO plugin v27.4 - https:\/\/yoast.com\/product\/yoast-seo-wordpress\/ -->\n<title>Locksmith Munich Seydlitzplatz: fixed price from \u20ac52<\/title>\n<meta name=\"description\" content=\"Experienced locksmith service in Munich Seydlitzplatz with plenty of know-how and expertise: already in the third generation, we offer damage-free door openings at a transparent fixed price. On-site in just about 30 minutes! Free emergency number and around-the-clock availability. Friendly locksmiths with specialized tools.\" \/>\n<meta name=\"robots\" content=\"index, follow, max-snippet:-1, max-image-preview:large, max-video-preview:-1\" \/>\n<link rel=\"canonical\" href=\"https:\/\/www.amper-aufsperrdienst.de\/en\/locksmith-munich-seydlitzplatz\/\" \/>\n<meta property=\"og:locale\" content=\"en_US\" \/>\n<meta property=\"og:type\" content=\"article\" \/>\n<meta property=\"og:title\" content=\"Locksmith Munich Seydlitzplatz: fixed price from \u20ac52\" \/>\n<meta property=\"og:description\" content=\"Experienced locksmith service in Munich Seydlitzplatz with plenty of know-how and expertise: already in the third generation, we offer damage-free door openings at a transparent fixed price. On-site in just about 30 minutes! Free emergency number and around-the-clock availability. Friendly locksmiths with specialized tools.\" \/>\n<meta property=\"og:url\" content=\"https:\/\/www.amper-aufsperrdienst.de\/en\/locksmith-munich-seydlitzplatz\/\" \/>\n<meta property=\"og:site_name\" content=\"Locksmith for Munich, Dachau and F\u00fcrstenfeldbruck\" \/>\n<meta property=\"article:modified_time\" content=\"2026-01-28T02:40:29+00:00\" \/>\n<meta property=\"og:image\" content=\"https:\/\/www.amper-aufsperrdienst.de\/wp-content\/uploads\/2021\/03\/schluesseldienst-muenchen-seydlitzplatz-festpreis-ab-52-siegel.jpg\" \/>\n<meta name=\"twitter:label1\" content=\"Est. reading time\" \/>\n\t<meta name=\"twitter:data1\" content=\"4 minutes\" \/>\n<script type=\"application\/ld+json\" class=\"yoast-schema-graph\">{\"@context\":\"https:\\\/\\\/schema.org\",\"@graph\":[{\"@type\":\"WebPage\",\"@id\":\"https:\\\/\\\/www.amper-aufsperrdienst.de\\\/en\\\/locksmith-munich-seydlitzplatz\\\/\",\"url\":\"https:\\\/\\\/www.amper-aufsperrdienst.de\\\/en\\\/locksmith-munich-seydlitzplatz\\\/\",\"name\":\"Locksmith Munich Seydlitzplatz: fixed price from \u20ac52\",\"isPartOf\":{\"@id\":\"https:\\\/\\\/www.amper-aufsperrdienst.de\\\/en\\\/#website\"},\"primaryImageOfPage\":{\"@id\":\"https:\\\/\\\/www.amper-aufsperrdienst.de\\\/en\\\/locksmith-munich-seydlitzplatz\\\/#primaryimage\"},\"image\":{\"@id\":\"https:\\\/\\\/www.amper-aufsperrdienst.de\\\/en\\\/locksmith-munich-seydlitzplatz\\\/#primaryimage\"},\"thumbnailUrl\":\"https:\\\/\\\/www.amper-aufsperrdienst.de\\\/wp-content\\\/uploads\\\/2021\\\/03\\\/schluesseldienst-muenchen-seydlitzplatz-festpreis-ab-52-siegel.jpg\",\"datePublished\":\"2018-03-01T03:38:01+00:00\",\"dateModified\":\"2026-01-28T02:40:29+00:00\",\"description\":\"Experienced locksmith service in Munich Seydlitzplatz with plenty of know-how and expertise: already in the third generation, we offer damage-free door openings at a transparent fixed price. On-site in just about 30 minutes! Free emergency number and around-the-clock availability. Friendly locksmiths with specialized tools.\",\"breadcrumb\":{\"@id\":\"https:\\\/\\\/www.amper-aufsperrdienst.de\\\/en\\\/locksmith-munich-seydlitzplatz\\\/#breadcrumb\"},\"inLanguage\":\"en-US\",\"potentialAction\":[{\"@type\":\"ReadAction\",\"target\":[\"https:\\\/\\\/www.amper-aufsperrdienst.de\\\/en\\\/locksmith-munich-seydlitzplatz\\\/\"]}]},{\"@type\":\"ImageObject\",\"inLanguage\":\"en-US\",\"@id\":\"https:\\\/\\\/www.amper-aufsperrdienst.de\\\/en\\\/locksmith-munich-seydlitzplatz\\\/#primaryimage\",\"url\":\"https:\\\/\\\/www.amper-aufsperrdienst.de\\\/wp-content\\\/uploads\\\/2021\\\/03\\\/schluesseldienst-muenchen-seydlitzplatz-festpreis-ab-52-siegel.jpg\",\"contentUrl\":\"https:\\\/\\\/www.amper-aufsperrdienst.de\\\/wp-content\\\/uploads\\\/2021\\\/03\\\/schluesseldienst-muenchen-seydlitzplatz-festpreis-ab-52-siegel.jpg\"},{\"@type\":\"BreadcrumbList\",\"@id\":\"https:\\\/\\\/www.amper-aufsperrdienst.de\\\/en\\\/locksmith-munich-seydlitzplatz\\\/#breadcrumb\",\"itemListElement\":[{\"@type\":\"ListItem\",\"position\":1,\"name\":\"Home\",\"item\":\"https:\\\/\\\/www.amper-aufsperrdienst.de\\\/en\\\/\"},{\"@type\":\"ListItem\",\"position\":2,\"name\":\"Locksmith Munich Seydlitzplatz\"}]},{\"@type\":\"WebSite\",\"@id\":\"https:\\\/\\\/www.amper-aufsperrdienst.de\\\/en\\\/#website\",\"url\":\"https:\\\/\\\/www.amper-aufsperrdienst.de\\\/en\\\/\",\"name\":\"Locksmith for Munich, Dachau and F\u00fcrstenfeldbruck\",\"description\":\"Amper Aufsperrdienst\",\"potentialAction\":[{\"@type\":\"SearchAction\",\"target\":{\"@type\":\"EntryPoint\",\"urlTemplate\":\"https:\\\/\\\/www.amper-aufsperrdienst.de\\\/en\\\/?s={search_term_string}\"},\"query-input\":{\"@type\":\"PropertyValueSpecification\",\"valueRequired\":true,\"valueName\":\"search_term_string\"}}],\"inLanguage\":\"en-US\"}]}<\/script>\n<!-- \/ Yoast SEO plugin. -->","yoast_head_json":{"title":"Locksmith Munich Seydlitzplatz: fixed price from \u20ac52","description":"Experienced locksmith service in Munich Seydlitzplatz with plenty of know-how and expertise: already in the third generation, we offer damage-free door openings at a transparent fixed price. On-site in just about 30 minutes! Free emergency number and around-the-clock availability. Friendly locksmiths with specialized tools.","robots":{"index":"index","follow":"follow","max-snippet":"max-snippet:-1","max-image-preview":"max-image-preview:large","max-video-preview":"max-video-preview:-1"},"canonical":"https:\/\/www.amper-aufsperrdienst.de\/en\/locksmith-munich-seydlitzplatz\/","og_locale":"en_US","og_type":"article","og_title":"Locksmith Munich Seydlitzplatz: fixed price from \u20ac52","og_description":"Experienced locksmith service in Munich Seydlitzplatz with plenty of know-how and expertise: already in the third generation, we offer damage-free door openings at a transparent fixed price. On-site in just about 30 minutes! Free emergency number and around-the-clock availability. Friendly locksmiths with specialized tools.","og_url":"https:\/\/www.amper-aufsperrdienst.de\/en\/locksmith-munich-seydlitzplatz\/","og_site_name":"Locksmith for Munich, Dachau and F\u00fcrstenfeldbruck","article_modified_time":"2026-01-28T02:40:29+00:00","og_image":[{"url":"https:\/\/www.amper-aufsperrdienst.de\/wp-content\/uploads\/2021\/03\/schluesseldienst-muenchen-seydlitzplatz-festpreis-ab-52-siegel.jpg","type":"","width":"","height":""}],"twitter_misc":{"Est. reading time":"4 minutes"},"schema":{"@context":"https:\/\/schema.org","@graph":[{"@type":"WebPage","@id":"https:\/\/www.amper-aufsperrdienst.de\/en\/locksmith-munich-seydlitzplatz\/","url":"https:\/\/www.amper-aufsperrdienst.de\/en\/locksmith-munich-seydlitzplatz\/","name":"Locksmith Munich Seydlitzplatz: fixed price from \u20ac52","isPartOf":{"@id":"https:\/\/www.amper-aufsperrdienst.de\/en\/#website"},"primaryImageOfPage":{"@id":"https:\/\/www.amper-aufsperrdienst.de\/en\/locksmith-munich-seydlitzplatz\/#primaryimage"},"image":{"@id":"https:\/\/www.amper-aufsperrdienst.de\/en\/locksmith-munich-seydlitzplatz\/#primaryimage"},"thumbnailUrl":"https:\/\/www.amper-aufsperrdienst.de\/wp-content\/uploads\/2021\/03\/schluesseldienst-muenchen-seydlitzplatz-festpreis-ab-52-siegel.jpg","datePublished":"2018-03-01T03:38:01+00:00","dateModified":"2026-01-28T02:40:29+00:00","description":"Experienced locksmith service in Munich Seydlitzplatz with plenty of know-how and expertise: already in the third generation, we offer damage-free door openings at a transparent fixed price. On-site in just about 30 minutes! Free emergency number and around-the-clock availability. Friendly locksmiths with specialized tools.","breadcrumb":{"@id":"https:\/\/www.amper-aufsperrdienst.de\/en\/locksmith-munich-seydlitzplatz\/#breadcrumb"},"inLanguage":"en-US","potentialAction":[{"@type":"ReadAction","target":["https:\/\/www.amper-aufsperrdienst.de\/en\/locksmith-munich-seydlitzplatz\/"]}]},{"@type":"ImageObject","inLanguage":"en-US","@id":"https:\/\/www.amper-aufsperrdienst.de\/en\/locksmith-munich-seydlitzplatz\/#primaryimage","url":"https:\/\/www.amper-aufsperrdienst.de\/wp-content\/uploads\/2021\/03\/schluesseldienst-muenchen-seydlitzplatz-festpreis-ab-52-siegel.jpg","contentUrl":"https:\/\/www.amper-aufsperrdienst.de\/wp-content\/uploads\/2021\/03\/schluesseldienst-muenchen-seydlitzplatz-festpreis-ab-52-siegel.jpg"},{"@type":"BreadcrumbList","@id":"https:\/\/www.amper-aufsperrdienst.de\/en\/locksmith-munich-seydlitzplatz\/#breadcrumb","itemListElement":[{"@type":"ListItem","position":1,"name":"Home","item":"https:\/\/www.amper-aufsperrdienst.de\/en\/"},{"@type":"ListItem","position":2,"name":"Locksmith Munich Seydlitzplatz"}]},{"@type":"WebSite","@id":"https:\/\/www.amper-aufsperrdienst.de\/en\/#website","url":"https:\/\/www.amper-aufsperrdienst.de\/en\/","name":"Locksmith for Munich, Dachau and F\u00fcrstenfeldbruck","description":"Amper Aufsperrdienst","potentialAction":[{"@type":"SearchAction","target":{"@type":"EntryPoint","urlTemplate":"https:\/\/www.amper-aufsperrdienst.de\/en\/?s={search_term_string}"},"query-input":{"@type":"PropertyValueSpecification","valueRequired":true,"valueName":"search_term_string"}}],"inLanguage":"en-US"}]}},"_links":{"self":[{"href":"https:\/\/www.amper-aufsperrdienst.de\/en\/wp-json\/wp\/v2\/pages\/11333","targetHints":{"allow":["GET"]}}],"collection":[{"href":"https:\/\/www.amper-aufsperrdienst.de\/en\/wp-json\/wp\/v2\/pages"}],"about":[{"href":"https:\/\/www.amper-aufsperrdienst.de\/en\/wp-json\/wp\/v2\/types\/page"}],"author":[{"embeddable":true,"href":"https:\/\/www.amper-aufsperrdienst.de\/en\/wp-json\/wp\/v2\/users\/2"}],"replies":[{"embeddable":true,"href":"https:\/\/www.amper-aufsperrdienst.de\/en\/wp-json\/wp\/v2\/comments?post=11333"}],"version-history":[{"count":1,"href":"https:\/\/www.amper-aufsperrdienst.de\/en\/wp-json\/wp\/v2\/pages\/11333\/revisions"}],"predecessor-version":[{"id":11344,"href":"https:\/\/www.amper-aufsperrdienst.de\/en\/wp-json\/wp\/v2\/pages\/11333\/revisions\/11344"}],"wp:attachment":[{"href":"https:\/\/www.amper-aufsperrdienst.de\/en\/wp-json\/wp\/v2\/media?parent=11333"}],"curies":[{"name":"wp","href":"https:\/\/api.w.org\/{rel}","templated":true}]}}