{"id":11350,"date":"2018-07-09T07:35:15","date_gmt":"2018-07-09T05:35:15","guid":{"rendered":"https:\/\/www.amper-aufsperrdienst.de\/schluesseldienst-muenchen-vinzenzviertel\/"},"modified":"2026-01-27T08:00:11","modified_gmt":"2026-01-27T06:00:11","slug":"locksmith-munich-vinzenz-quarter","status":"publish","type":"page","link":"https:\/\/www.amper-aufsperrdienst.de\/en\/locksmith-munich-vinzenz-quarter\/","title":{"rendered":"Locksmith Munich Vinzenzviertel"},"content":{"rendered":"<p><img loading=\"lazy\" decoding=\"async\" class=\"alignleft\" style=\"margin-bottom: 5px !important;\" src=\"https:\/\/www.amper-aufsperrdienst.de\/wp-content\/uploads\/2021\/03\/schluesseldienst-muenchen-vinzenzviertel-festpreis-ab-52-siegel.jpg\" alt=\"Locksmith in Munich with a fixed price starting from \u20ac52.\" width=\"250\" height=\"250\" \/>Do you live in the Vinzenzviertel district of Munich&#8217;s Neuhausen neighborhood, and are you currently in need of fast and professional locksmith assistance because your apartment door is locked, but your key is stuck inside? Our friendly and experienced locksmith experts are happy to help you out if you&#8217;re stuck staring at a locked or jammed door. Simply call us anytime, free of charge, and describe your situation. We&#8217;ll then gladly provide you with a fixed-price quote, which you can accept or decline. If you accept, we&#8217;ll set off immediately to help you as quickly as possible with a non-destructive door opening at the guaranteed fixed price. We offer our service not only on weekdays, but 24\/7, 365 days a year!<\/p>\n          <!-- tarif -->\n<h2><b><span style=\"vertical-align: inherit;\"><span style=\"vertical-align: inherit;\">Our binding fixed prices start from \u20ac52.<\/span><\/span><\/b><\/h2>\n<p>Amper Locksmith Service is a fair locksmith service with transparent fixed prices:<\/p>\n<div class=\"table-title\">\n\tPRICE LIST  UNLOCK\n<\/div>\n<!-- Table part-->\n<table class=\"table\">\n  <thead class=\"header\">\n\t  <tr>\n     \t <th scope=\"col\">Time<\/th>\n     \t <th scope=\"col\">8 - 18<\/th>\n     \t <th scope=\"col\">18 - 22<\/th>\n     \t <th scope=\"col\">22 - 8<\/th>\n\t<\/tr>\n  <\/thead>\n  <tbody>\n     \t  <tr class=\"weekdays\">\n     \t  \t  <td class=\"tag\" data-label=\"Time\">Mo - Fr<\/td>\n     \t  \t  <td class=\"hrs tag\" data-label=\"8 - 18\">52,- \u20ac<\/td>\n     \t  \t  <td class=\"tag space\" data-label=\"18 - 22\">82,- \u20ac<\/td>\n     \t  \t  <td data-label=\"22 - 8\">95,- \u20ac<\/td>\n     \t  <\/tr>\n     <tr class=\"weekends\">\n     \t  \t  <td class=\"tag\" data-label=\"Time\">Sa<\/td>\n     \t  \t  <td class=\"tag\" data-label=\"8 - 18\">95,- \u20ac<\/td>\n     \t  \t  <td class=\"tag\" data-label=\"18 - 22\">95,- \u20ac<\/td>\n     \t  \t  <td data-label=\"22 - 8\">125,- \u20ac<\/td>\n     \t  <\/tr>\n     <tr class=\"holidays\">\n     \t  \t  <td class=\"tag\" data-label=\"Time\">So & holiday<\/td>\n     \t  \t  <td class=\"tag\" data-label=\"8 - 18\">125,- \u20ac<\/td>\n     \t  \t  <td class=\"tag\" data-label=\"18 - 22\">125,-\u20ac<\/td>\n     \t  \t  <td data-label=\"22 - 8\">125,-\u20ac<\/td>\n     \t  <\/tr>\n     <\/tbody>\n<\/table>\n<!-- Table Description-->\n<div class=\"table-description\">\n\t<em>Please call to inquire about travel costs.<\/em>\n<\/div>\n<!-- Wordings below -->\n<div class=\"wordings\">\n<p>The prices listed in this table are binding for unlocking a door that has slammed shut or been pulled shut (without self-locking mechanisms). Please feel free to contact us if you would like a price quote for other locksmith services. We will gladly provide you with a transparent, fixed-price offer.<\/p>\n<\/div>\n\n<!-- END Wordings -->\n\n\n\n<div class=\"ansprech\">Locksmith in Munich&#8217;s Vinzenzviertel district for non-destructive door opening at a fixed price<br \/>\n<h3 class=\"phone mobilesOnly\"><a href=\"tel:+498000131131\">0800 \/ 0 131 131<\/a><\/h3><h3 class=\"phone desktopOnly\"><a href=\"tel:+498000131131\">0800 \/ 0 131 131<\/a><\/h3>24\/7 emergency service with toll-free number. Friendly locksmiths with specialized tools!<\/div>\n<h2>The Vinzenzviertel district in Munich&#8217;s Neuhausen district<\/h2>\n<p>The Vinzenzviertel is named after St. Vincent&#8217;s Church and is located in the beautiful Munich district of Neuhausen. The district&#8217;s boundaries are defined by Arnulfstra\u00dfe, Marsstra\u00dfe, Nymphenburger Stra\u00dfe, Landshuter Allee, and Maillingerstra\u00dfe.<\/p>\n<p>The construction of Landshuter Allee effectively cut the Vinzenzviertel off from the rest of Neuhausen. Today, it is generally considered an attractive neighborhood with desirable residential options.<\/p>\n<p>In the Vinzenzviertel district, you&#8217;ll find charming restaurants, shops, craftspeople, artists, and even a theater. St. Vincent&#8217;s Church is well worth a visit and can be reached via Klarastra\u00dfe and Birkerstra\u00dfe.<\/p>\n<h2>Locksmith Munich Vinzenzviertel: Available 24\/7!<\/h2>\n<p>Have you locked yourself out on a public holiday and now need an experienced locksmith in Munich&#8217;s Vinzenzviertel district who can unlock your door non-destructively and for a fixed price, even on holidays? You&#8217;re in luck! You&#8217;ve found the Amper Locksmith Service website! Our 24\/7 emergency service is available around the clock, free of charge, so you can dispatch our expert locksmiths for a professional door opening in just about 30 minutes. We deliberately operate as a genuine emergency service because we know very well that lockouts can happen at any time, especially on weekends and holidays.<\/p>\n<h2>Authorization to Open Doors<\/h2>\n<p>Before we can begin our professional work at your location, we need to ask for proof of authorization to open your door. Please show us a suitable ID or document proving that you are authorized to commission us to open the door. If, for whatever reason, you are unable to do so, we can only unlock your door in the presence of the Munich police. This security measure protects us from granting unauthorized access to other people&#8217;s homes. We appreciate your understanding.<\/p>\n<p>So please feel free to contact us if you are looking for a professional, trustworthy, and affordable locksmith in Munich&#8217;s Vinzenzviertel district for damage-free door opening at a fixed price! Amper Locksmith Service is happy to be your expert in times of need!<\/p>\n<div class=\"ansprech\">Locksmith in Munich&#8217;s Vinzenzviertel district for non-destructive door opening at a fixed price<br \/>\n<h3 class=\"phone mobilesOnly\"><a href=\"tel:+498000131131\">0800 \/ 0 131 131<\/a><\/h3><h3 class=\"phone desktopOnly\"><a href=\"tel:+498000131131\">0800 \/ 0 131 131<\/a><\/h3>24\/7 emergency service with freephone number. Friendly locksmiths with specialized tools!<\/div>\n","protected":false},"excerpt":{"rendered":"<p>Do you live in the Vinzenzviertel district of Munich&#8217;s Neuhausen neighborhood, and are you currently in need of fast and professional locksmith assistance because your apartment door is locked, but your key is stuck inside? Our friendly and experienced locksmith experts are happy to help you out if you&#8217;re stuck staring at a locked or [&hellip;]<\/p>\n","protected":false},"author":2,"featured_media":0,"parent":0,"menu_order":0,"comment_status":"closed","ping_status":"closed","template":"","meta":{"footnotes":"","_links_to":"","_links_to_target":""},"class_list":["post-11350","page","type-page","status-publish","hentry"],"yoast_head":"<!-- This site is optimized with the Yoast SEO plugin v27.4 - https:\/\/yoast.com\/product\/yoast-seo-wordpress\/ -->\n<title>Locksmith Munich Vinzenzviertel: from \u20ac52,- fixed price<\/title>\n<meta name=\"description\" content=\"A third-generation family-run locksmith service in Munich&#039;s Vinzenzviertel district, featuring experienced locksmiths, a 24-hour emergency service, a toll-free phone number, and a fixed-price guarantee: non-destructive door opening by friendly staff using specialized tools. Our 24\/7 emergency service is also available free of charge on Sundays and public holidays.\" \/>\n<meta name=\"robots\" content=\"index, follow, max-snippet:-1, max-image-preview:large, max-video-preview:-1\" \/>\n<link rel=\"canonical\" href=\"https:\/\/www.amper-aufsperrdienst.de\/en\/locksmith-munich-vinzenz-quarter\/\" \/>\n<meta property=\"og:locale\" content=\"en_US\" \/>\n<meta property=\"og:type\" content=\"article\" \/>\n<meta property=\"og:title\" content=\"Locksmith Munich Vinzenzviertel: from \u20ac52,- fixed price\" \/>\n<meta property=\"og:description\" content=\"A third-generation family-run locksmith service in Munich&#039;s Vinzenzviertel district, featuring experienced locksmiths, a 24-hour emergency service, a toll-free phone number, and a fixed-price guarantee: non-destructive door opening by friendly staff using specialized tools. Our 24\/7 emergency service is also available free of charge on Sundays and public holidays.\" \/>\n<meta property=\"og:url\" content=\"https:\/\/www.amper-aufsperrdienst.de\/en\/locksmith-munich-vinzenz-quarter\/\" \/>\n<meta property=\"og:site_name\" content=\"Locksmith for Munich, Dachau and F\u00fcrstenfeldbruck\" \/>\n<meta property=\"article:modified_time\" content=\"2026-01-27T06:00:11+00:00\" \/>\n<meta property=\"og:image\" content=\"https:\/\/www.amper-aufsperrdienst.de\/wp-content\/uploads\/2021\/03\/schluesseldienst-muenchen-vinzenzviertel-festpreis-ab-52-siegel.jpg\" \/>\n<meta name=\"twitter:label1\" content=\"Est. reading time\" \/>\n\t<meta name=\"twitter:data1\" content=\"3 minutes\" \/>\n<script type=\"application\/ld+json\" class=\"yoast-schema-graph\">{\"@context\":\"https:\\\/\\\/schema.org\",\"@graph\":[{\"@type\":\"WebPage\",\"@id\":\"https:\\\/\\\/www.amper-aufsperrdienst.de\\\/en\\\/locksmith-munich-vinzenz-quarter\\\/\",\"url\":\"https:\\\/\\\/www.amper-aufsperrdienst.de\\\/en\\\/locksmith-munich-vinzenz-quarter\\\/\",\"name\":\"Locksmith Munich Vinzenzviertel: from \u20ac52,- fixed price\",\"isPartOf\":{\"@id\":\"https:\\\/\\\/www.amper-aufsperrdienst.de\\\/en\\\/#website\"},\"primaryImageOfPage\":{\"@id\":\"https:\\\/\\\/www.amper-aufsperrdienst.de\\\/en\\\/locksmith-munich-vinzenz-quarter\\\/#primaryimage\"},\"image\":{\"@id\":\"https:\\\/\\\/www.amper-aufsperrdienst.de\\\/en\\\/locksmith-munich-vinzenz-quarter\\\/#primaryimage\"},\"thumbnailUrl\":\"https:\\\/\\\/www.amper-aufsperrdienst.de\\\/wp-content\\\/uploads\\\/2021\\\/03\\\/schluesseldienst-muenchen-vinzenzviertel-festpreis-ab-52-siegel.jpg\",\"datePublished\":\"2018-07-09T05:35:15+00:00\",\"dateModified\":\"2026-01-27T06:00:11+00:00\",\"description\":\"A third-generation family-run locksmith service in Munich's Vinzenzviertel district, featuring experienced locksmiths, a 24-hour emergency service, a toll-free phone number, and a fixed-price guarantee: non-destructive door opening by friendly staff using specialized tools. Our 24\\\/7 emergency service is also available free of charge on Sundays and public holidays.\",\"breadcrumb\":{\"@id\":\"https:\\\/\\\/www.amper-aufsperrdienst.de\\\/en\\\/locksmith-munich-vinzenz-quarter\\\/#breadcrumb\"},\"inLanguage\":\"en-US\",\"potentialAction\":[{\"@type\":\"ReadAction\",\"target\":[\"https:\\\/\\\/www.amper-aufsperrdienst.de\\\/en\\\/locksmith-munich-vinzenz-quarter\\\/\"]}]},{\"@type\":\"ImageObject\",\"inLanguage\":\"en-US\",\"@id\":\"https:\\\/\\\/www.amper-aufsperrdienst.de\\\/en\\\/locksmith-munich-vinzenz-quarter\\\/#primaryimage\",\"url\":\"https:\\\/\\\/www.amper-aufsperrdienst.de\\\/wp-content\\\/uploads\\\/2021\\\/03\\\/schluesseldienst-muenchen-vinzenzviertel-festpreis-ab-52-siegel.jpg\",\"contentUrl\":\"https:\\\/\\\/www.amper-aufsperrdienst.de\\\/wp-content\\\/uploads\\\/2021\\\/03\\\/schluesseldienst-muenchen-vinzenzviertel-festpreis-ab-52-siegel.jpg\"},{\"@type\":\"BreadcrumbList\",\"@id\":\"https:\\\/\\\/www.amper-aufsperrdienst.de\\\/en\\\/locksmith-munich-vinzenz-quarter\\\/#breadcrumb\",\"itemListElement\":[{\"@type\":\"ListItem\",\"position\":1,\"name\":\"Home\",\"item\":\"https:\\\/\\\/www.amper-aufsperrdienst.de\\\/en\\\/\"},{\"@type\":\"ListItem\",\"position\":2,\"name\":\"Locksmith Munich Vinzenzviertel\"}]},{\"@type\":\"WebSite\",\"@id\":\"https:\\\/\\\/www.amper-aufsperrdienst.de\\\/en\\\/#website\",\"url\":\"https:\\\/\\\/www.amper-aufsperrdienst.de\\\/en\\\/\",\"name\":\"Locksmith for Munich, Dachau and F\u00fcrstenfeldbruck\",\"description\":\"Amper Aufsperrdienst\",\"potentialAction\":[{\"@type\":\"SearchAction\",\"target\":{\"@type\":\"EntryPoint\",\"urlTemplate\":\"https:\\\/\\\/www.amper-aufsperrdienst.de\\\/en\\\/?s={search_term_string}\"},\"query-input\":{\"@type\":\"PropertyValueSpecification\",\"valueRequired\":true,\"valueName\":\"search_term_string\"}}],\"inLanguage\":\"en-US\"}]}<\/script>\n<!-- \/ Yoast SEO plugin. -->","yoast_head_json":{"title":"Locksmith Munich Vinzenzviertel: from \u20ac52,- fixed price","description":"A third-generation family-run locksmith service in Munich's Vinzenzviertel district, featuring experienced locksmiths, a 24-hour emergency service, a toll-free phone number, and a fixed-price guarantee: non-destructive door opening by friendly staff using specialized tools. Our 24\/7 emergency service is also available free of charge on Sundays and public holidays.","robots":{"index":"index","follow":"follow","max-snippet":"max-snippet:-1","max-image-preview":"max-image-preview:large","max-video-preview":"max-video-preview:-1"},"canonical":"https:\/\/www.amper-aufsperrdienst.de\/en\/locksmith-munich-vinzenz-quarter\/","og_locale":"en_US","og_type":"article","og_title":"Locksmith Munich Vinzenzviertel: from \u20ac52,- fixed price","og_description":"A third-generation family-run locksmith service in Munich's Vinzenzviertel district, featuring experienced locksmiths, a 24-hour emergency service, a toll-free phone number, and a fixed-price guarantee: non-destructive door opening by friendly staff using specialized tools. Our 24\/7 emergency service is also available free of charge on Sundays and public holidays.","og_url":"https:\/\/www.amper-aufsperrdienst.de\/en\/locksmith-munich-vinzenz-quarter\/","og_site_name":"Locksmith for Munich, Dachau and F\u00fcrstenfeldbruck","article_modified_time":"2026-01-27T06:00:11+00:00","og_image":[{"url":"https:\/\/www.amper-aufsperrdienst.de\/wp-content\/uploads\/2021\/03\/schluesseldienst-muenchen-vinzenzviertel-festpreis-ab-52-siegel.jpg","type":"","width":"","height":""}],"twitter_misc":{"Est. reading time":"3 minutes"},"schema":{"@context":"https:\/\/schema.org","@graph":[{"@type":"WebPage","@id":"https:\/\/www.amper-aufsperrdienst.de\/en\/locksmith-munich-vinzenz-quarter\/","url":"https:\/\/www.amper-aufsperrdienst.de\/en\/locksmith-munich-vinzenz-quarter\/","name":"Locksmith Munich Vinzenzviertel: from \u20ac52,- fixed price","isPartOf":{"@id":"https:\/\/www.amper-aufsperrdienst.de\/en\/#website"},"primaryImageOfPage":{"@id":"https:\/\/www.amper-aufsperrdienst.de\/en\/locksmith-munich-vinzenz-quarter\/#primaryimage"},"image":{"@id":"https:\/\/www.amper-aufsperrdienst.de\/en\/locksmith-munich-vinzenz-quarter\/#primaryimage"},"thumbnailUrl":"https:\/\/www.amper-aufsperrdienst.de\/wp-content\/uploads\/2021\/03\/schluesseldienst-muenchen-vinzenzviertel-festpreis-ab-52-siegel.jpg","datePublished":"2018-07-09T05:35:15+00:00","dateModified":"2026-01-27T06:00:11+00:00","description":"A third-generation family-run locksmith service in Munich's Vinzenzviertel district, featuring experienced locksmiths, a 24-hour emergency service, a toll-free phone number, and a fixed-price guarantee: non-destructive door opening by friendly staff using specialized tools. Our 24\/7 emergency service is also available free of charge on Sundays and public holidays.","breadcrumb":{"@id":"https:\/\/www.amper-aufsperrdienst.de\/en\/locksmith-munich-vinzenz-quarter\/#breadcrumb"},"inLanguage":"en-US","potentialAction":[{"@type":"ReadAction","target":["https:\/\/www.amper-aufsperrdienst.de\/en\/locksmith-munich-vinzenz-quarter\/"]}]},{"@type":"ImageObject","inLanguage":"en-US","@id":"https:\/\/www.amper-aufsperrdienst.de\/en\/locksmith-munich-vinzenz-quarter\/#primaryimage","url":"https:\/\/www.amper-aufsperrdienst.de\/wp-content\/uploads\/2021\/03\/schluesseldienst-muenchen-vinzenzviertel-festpreis-ab-52-siegel.jpg","contentUrl":"https:\/\/www.amper-aufsperrdienst.de\/wp-content\/uploads\/2021\/03\/schluesseldienst-muenchen-vinzenzviertel-festpreis-ab-52-siegel.jpg"},{"@type":"BreadcrumbList","@id":"https:\/\/www.amper-aufsperrdienst.de\/en\/locksmith-munich-vinzenz-quarter\/#breadcrumb","itemListElement":[{"@type":"ListItem","position":1,"name":"Home","item":"https:\/\/www.amper-aufsperrdienst.de\/en\/"},{"@type":"ListItem","position":2,"name":"Locksmith Munich Vinzenzviertel"}]},{"@type":"WebSite","@id":"https:\/\/www.amper-aufsperrdienst.de\/en\/#website","url":"https:\/\/www.amper-aufsperrdienst.de\/en\/","name":"Locksmith for Munich, Dachau and F\u00fcrstenfeldbruck","description":"Amper Aufsperrdienst","potentialAction":[{"@type":"SearchAction","target":{"@type":"EntryPoint","urlTemplate":"https:\/\/www.amper-aufsperrdienst.de\/en\/?s={search_term_string}"},"query-input":{"@type":"PropertyValueSpecification","valueRequired":true,"valueName":"search_term_string"}}],"inLanguage":"en-US"}]}},"_links":{"self":[{"href":"https:\/\/www.amper-aufsperrdienst.de\/en\/wp-json\/wp\/v2\/pages\/11350","targetHints":{"allow":["GET"]}}],"collection":[{"href":"https:\/\/www.amper-aufsperrdienst.de\/en\/wp-json\/wp\/v2\/pages"}],"about":[{"href":"https:\/\/www.amper-aufsperrdienst.de\/en\/wp-json\/wp\/v2\/types\/page"}],"author":[{"embeddable":true,"href":"https:\/\/www.amper-aufsperrdienst.de\/en\/wp-json\/wp\/v2\/users\/2"}],"replies":[{"embeddable":true,"href":"https:\/\/www.amper-aufsperrdienst.de\/en\/wp-json\/wp\/v2\/comments?post=11350"}],"version-history":[{"count":2,"href":"https:\/\/www.amper-aufsperrdienst.de\/en\/wp-json\/wp\/v2\/pages\/11350\/revisions"}],"predecessor-version":[{"id":11365,"href":"https:\/\/www.amper-aufsperrdienst.de\/en\/wp-json\/wp\/v2\/pages\/11350\/revisions\/11365"}],"wp:attachment":[{"href":"https:\/\/www.amper-aufsperrdienst.de\/en\/wp-json\/wp\/v2\/media?parent=11350"}],"curies":[{"name":"wp","href":"https:\/\/api.w.org\/{rel}","templated":true}]}}