{"id":11549,"date":"2017-12-05T02:46:23","date_gmt":"2017-12-05T00:46:23","guid":{"rendered":"https:\/\/www.amper-aufsperrdienst.de\/locksmith-langenbach\/"},"modified":"2026-01-21T04:54:46","modified_gmt":"2026-01-21T02:54:46","slug":"locksmith-langenbach","status":"publish","type":"page","link":"https:\/\/www.amper-aufsperrdienst.de\/en\/locksmith-langenbach\/","title":{"rendered":"Locksmith Langenbach"},"content":{"rendered":"<p><img loading=\"lazy\" decoding=\"async\" class=\"alignleft\" style=\"margin-bottom: 5px !important;\" src=\"https:\/\/www.amper-aufsperrdienst.de\/wp-content\/uploads\/2021\/03\/schluesseldienst-langenbach-festpreis-ab-52-siegel.jpg\" alt=\"Locksmith Amper - Locksmith Langenbach with fixed price starting from 52,- EUR\" width=\"250\" height=\"250\" \/><\/p>\n<p>It&#8217;s an unpleasant feeling to stand in front of your own door and not be able to open it because you&#8217;ve forgotten or lost your key! But please don&#8217;t let yourself get discouraged in such a situation. Professional help doesn&#8217;t have to wait long. Amper Locksmith Service, which has been opening house and apartment doors without damage for three generations, will gladly come to you as quickly as possible and will even provide you with a binding and fairly calculated fixed-price quote during your free call. We work exclusively with professional locksmith tools. Our arrival time is usually no longer than about 30 minutes.<\/p>\n          <!-- tarif -->\n<h2><b><span style=\"vertical-align: inherit;\"><span style=\"vertical-align: inherit;\">Our binding fixed prices start from \u20ac52.<\/span><\/span><\/b><\/h2>\n<p>Amper Locksmith Service is a fair locksmith service with transparent fixed prices:<\/p>\n<div class=\"table-title\">\n\tPRICE LIST  UNLOCK\n<\/div>\n<!-- Table part-->\n<table class=\"table\">\n  <thead class=\"header\">\n\t  <tr>\n     \t <th scope=\"col\">Time<\/th>\n     \t <th scope=\"col\">8 - 18<\/th>\n     \t <th scope=\"col\">18 - 22<\/th>\n     \t <th scope=\"col\">22 - 8<\/th>\n\t<\/tr>\n  <\/thead>\n  <tbody>\n     \t  <tr class=\"weekdays\">\n     \t  \t  <td class=\"tag\" data-label=\"Time\">Mo - Fr<\/td>\n     \t  \t  <td class=\"hrs tag\" data-label=\"8 - 18\">52,- \u20ac<\/td>\n     \t  \t  <td class=\"tag space\" data-label=\"18 - 22\">82,- \u20ac<\/td>\n     \t  \t  <td data-label=\"22 - 8\">95,- \u20ac<\/td>\n     \t  <\/tr>\n     <tr class=\"weekends\">\n     \t  \t  <td class=\"tag\" data-label=\"Time\">Sa<\/td>\n     \t  \t  <td class=\"tag\" data-label=\"8 - 18\">95,- \u20ac<\/td>\n     \t  \t  <td class=\"tag\" data-label=\"18 - 22\">95,- \u20ac<\/td>\n     \t  \t  <td data-label=\"22 - 8\">125,- \u20ac<\/td>\n     \t  <\/tr>\n     <tr class=\"holidays\">\n     \t  \t  <td class=\"tag\" data-label=\"Time\">So & holiday<\/td>\n     \t  \t  <td class=\"tag\" data-label=\"8 - 18\">125,- \u20ac<\/td>\n     \t  \t  <td class=\"tag\" data-label=\"18 - 22\">125,-\u20ac<\/td>\n     \t  \t  <td data-label=\"22 - 8\">125,-\u20ac<\/td>\n     \t  <\/tr>\n     <\/tbody>\n<\/table>\n<!-- Table Description-->\n<div class=\"table-description\">\n\t<em>Please call to inquire about travel costs.<\/em>\n<\/div>\n<!-- Wordings below -->\n<div class=\"wordings\">\n<p>The prices listed in this table are binding for unlocking a door that has slammed shut or been pulled shut (without self-locking mechanisms). Please feel free to contact us if you would like a price quote for other locksmith services. We will gladly provide you with a transparent, fixed-price offer.<\/p>\n<\/div>\n\n<!-- END Wordings -->\n\n\n\n<div class=\"ansprech\">Locksmith in Langenbach with 24-hour emergency hotline<br \/>\n<h3 class=\"phone mobilesOnly\"><a href=\"tel:+498000131131\">0800 \/ 0 131 131<\/a><\/h3><h3 class=\"phone desktopOnly\"><a href=\"tel:+498000131131\">0800 \/ 0 131 131<\/a><\/h3>Damage-free door opening at a low fixed price<\/div>\n<h2>The municipality of Langenbach in the district of Freising<\/h2>\n<p>The municipality of Langenbach is located in the Upper Bavarian district of Freising, on the left bank of the Isar River. Around 3,900 people call it home. Langenbach&#8217;s postal code is 85416, and its telephone area code is 08761.<\/p>\n<p>The municipality of Langenbach comprises the following districts: Amperhof, Asenkofen, Gro\u00dfenviecht, Kleinviecht, Langenbach, Niederhummel, Oberbach, Oberhummel, Oftlfing, Rast, Schmidhausen, and Windham. It lies between the district capital of Freising and the town of Moosburg an der Isar and has its own train station on the Munich-Regensburg line.<\/p>\n<p>The settlement of Langenbach was first mentioned in a document in the year 818.<\/p>\n<h2>Locksmith Langenbach: damage-free unlocking at a fixed price<\/h2>\n<p>Have you locked yourself out in the municipality of Langenbach or one of the aforementioned districts and are currently looking for a reliable locksmith service that offers damage-free door openings at a fixed price? The locksmiths from the experienced Amper Locksmith Service are happy to assist you if you have lost, forgotten, or misplaced your key! Simply describe your situation to us over the phone, and we will calculate a fair fixed price for your lockout. This price is truly fixed. We guarantee there are no call-out fees or special surcharges!<\/p>\n<h2>24\/7 operational readiness<\/h2>\n<p>What we do offer, however, is round-the-clock availability. As a genuine emergency locksmith service, we have a free 24-hour hotline, which is even available on Sundays and public holidays. Are you worried because you&#8217;ve accidentally locked yourself out over Christmas or Easter? Or are you standing in front of a locked door early on New Year&#8217;s Day? Don&#8217;t panic. Amper Locksmith Service is available 24\/7. Even the worst weather won&#8217;t stop us from getting to you as quickly as possible to unlock your door without causing any damage.<\/p>\n<h2>Friendliness and professionalism<\/h2>\n<p>As a reliable locksmith service in Langenbach, we prioritize friendliness and the highest level of professionalism in our work. Our employees always carry the best locksmith tools and are, of course, highly skilled in their use. We can usually open even locked front doors with professional-grade cylinder locks without causing any damage \u2013 and without drilling. In over 99% of our jobs, we cause no damage to the door, cylinder lock, or frame. This is a level of service that only true professionals can achieve and maintain.<\/p>\n<p>Do you urgently need an affordable, fast, and transparent locksmith in Langenbach who is available 24\/7 and offers lockouts at a fair fixed price? Call us free of charge! We&#8217;re happy to help you out of your predicament!<\/p>\n<div class=\"ansprech\">Locksmith in Langenbach with 24-hour emergency hotline<br \/>\n<h3 class=\"phone mobilesOnly\"><a href=\"tel:+498000131131\">0800 \/ 0 131 131<\/a><\/h3><h3 class=\"phone desktopOnly\"><a href=\"tel:+498000131131\">0800 \/ 0 131 131<\/a><\/h3> Damage-free door opening at a low fixed price<\/div>\n","protected":false},"excerpt":{"rendered":"<p>It&#8217;s an unpleasant feeling to stand in front of your own door and not be able to open it because you&#8217;ve forgotten or lost your key! But please don&#8217;t let yourself get discouraged in such a situation. Professional help doesn&#8217;t have to wait long. Amper Locksmith Service, which has been opening house and apartment doors [&hellip;]<\/p>\n","protected":false},"author":2,"featured_media":11004,"parent":0,"menu_order":0,"comment_status":"closed","ping_status":"closed","template":"","meta":{"footnotes":"","_links_to":"","_links_to_target":""},"class_list":["post-11549","page","type-page","status-publish","has-post-thumbnail","hentry"],"yoast_head":"<!-- This site is optimized with the Yoast SEO plugin v27.4 - https:\/\/yoast.com\/product\/yoast-seo-wordpress\/ -->\n<title>Locksmith Langenbach: from \u20ac52,- fixed price (binding)<\/title>\n<meta name=\"description\" content=\"Kompetenter Schl\u00fcsseldienst Langenbach mit g\u00fcnstigen Festpreisen, freundlichen Mitarbeitern &amp; 24-Stunden-Notdienst: T\u00fcr\u00f6ffnung ohne Sch\u00e4den &amp; gratis Notruf\" \/>\n<meta name=\"robots\" content=\"index, follow, max-snippet:-1, max-image-preview:large, max-video-preview:-1\" \/>\n<link rel=\"canonical\" href=\"https:\/\/www.amper-aufsperrdienst.de\/en\/locksmith-langenbach\/\" \/>\n<meta property=\"og:locale\" content=\"en_US\" \/>\n<meta property=\"og:type\" content=\"article\" \/>\n<meta property=\"og:title\" content=\"Locksmith Langenbach: from \u20ac52,- fixed price (binding)\" \/>\n<meta property=\"og:description\" content=\"Kompetenter Schl\u00fcsseldienst Langenbach mit g\u00fcnstigen Festpreisen, freundlichen Mitarbeitern &amp; 24-Stunden-Notdienst: T\u00fcr\u00f6ffnung ohne Sch\u00e4den &amp; gratis Notruf\" \/>\n<meta property=\"og:url\" content=\"https:\/\/www.amper-aufsperrdienst.de\/en\/locksmith-langenbach\/\" \/>\n<meta property=\"og:site_name\" content=\"Locksmith for Munich, Dachau and F\u00fcrstenfeldbruck\" \/>\n<meta property=\"article:modified_time\" content=\"2026-01-21T02:54:46+00:00\" \/>\n<meta property=\"og:image\" content=\"https:\/\/www.amper-aufsperrdienst.de\/wp-content\/uploads\/2014\/12\/header-freising.jpg\" \/>\n\t<meta property=\"og:image:width\" content=\"960\" \/>\n\t<meta property=\"og:image:height\" content=\"360\" \/>\n\t<meta property=\"og:image:type\" content=\"image\/jpeg\" \/>\n<meta name=\"twitter:label1\" content=\"Est. reading time\" \/>\n\t<meta name=\"twitter:data1\" content=\"4 minutes\" \/>\n<script type=\"application\/ld+json\" class=\"yoast-schema-graph\">{\"@context\":\"https:\\\/\\\/schema.org\",\"@graph\":[{\"@type\":\"WebPage\",\"@id\":\"https:\\\/\\\/www.amper-aufsperrdienst.de\\\/en\\\/locksmith-langenbach\\\/\",\"url\":\"https:\\\/\\\/www.amper-aufsperrdienst.de\\\/en\\\/locksmith-langenbach\\\/\",\"name\":\"Locksmith Langenbach: from \u20ac52,- fixed price (binding)\",\"isPartOf\":{\"@id\":\"https:\\\/\\\/www.amper-aufsperrdienst.de\\\/en\\\/#website\"},\"primaryImageOfPage\":{\"@id\":\"https:\\\/\\\/www.amper-aufsperrdienst.de\\\/en\\\/locksmith-langenbach\\\/#primaryimage\"},\"image\":{\"@id\":\"https:\\\/\\\/www.amper-aufsperrdienst.de\\\/en\\\/locksmith-langenbach\\\/#primaryimage\"},\"thumbnailUrl\":\"https:\\\/\\\/www.amper-aufsperrdienst.de\\\/wp-content\\\/uploads\\\/2014\\\/12\\\/header-freising.jpg\",\"datePublished\":\"2017-12-05T00:46:23+00:00\",\"dateModified\":\"2026-01-21T02:54:46+00:00\",\"description\":\"Kompetenter Schl\u00fcsseldienst Langenbach mit g\u00fcnstigen Festpreisen, freundlichen Mitarbeitern & 24-Stunden-Notdienst: T\u00fcr\u00f6ffnung ohne Sch\u00e4den & gratis Notruf\",\"breadcrumb\":{\"@id\":\"https:\\\/\\\/www.amper-aufsperrdienst.de\\\/en\\\/locksmith-langenbach\\\/#breadcrumb\"},\"inLanguage\":\"en-US\",\"potentialAction\":[{\"@type\":\"ReadAction\",\"target\":[\"https:\\\/\\\/www.amper-aufsperrdienst.de\\\/en\\\/locksmith-langenbach\\\/\"]}]},{\"@type\":\"ImageObject\",\"inLanguage\":\"en-US\",\"@id\":\"https:\\\/\\\/www.amper-aufsperrdienst.de\\\/en\\\/locksmith-langenbach\\\/#primaryimage\",\"url\":\"https:\\\/\\\/www.amper-aufsperrdienst.de\\\/wp-content\\\/uploads\\\/2014\\\/12\\\/header-freising.jpg\",\"contentUrl\":\"https:\\\/\\\/www.amper-aufsperrdienst.de\\\/wp-content\\\/uploads\\\/2014\\\/12\\\/header-freising.jpg\",\"width\":960,\"height\":360},{\"@type\":\"BreadcrumbList\",\"@id\":\"https:\\\/\\\/www.amper-aufsperrdienst.de\\\/en\\\/locksmith-langenbach\\\/#breadcrumb\",\"itemListElement\":[{\"@type\":\"ListItem\",\"position\":1,\"name\":\"Home\",\"item\":\"https:\\\/\\\/www.amper-aufsperrdienst.de\\\/en\\\/\"},{\"@type\":\"ListItem\",\"position\":2,\"name\":\"Locksmith Langenbach\"}]},{\"@type\":\"WebSite\",\"@id\":\"https:\\\/\\\/www.amper-aufsperrdienst.de\\\/en\\\/#website\",\"url\":\"https:\\\/\\\/www.amper-aufsperrdienst.de\\\/en\\\/\",\"name\":\"Locksmith for Munich, Dachau and F\u00fcrstenfeldbruck\",\"description\":\"Amper Aufsperrdienst\",\"potentialAction\":[{\"@type\":\"SearchAction\",\"target\":{\"@type\":\"EntryPoint\",\"urlTemplate\":\"https:\\\/\\\/www.amper-aufsperrdienst.de\\\/en\\\/?s={search_term_string}\"},\"query-input\":{\"@type\":\"PropertyValueSpecification\",\"valueRequired\":true,\"valueName\":\"search_term_string\"}}],\"inLanguage\":\"en-US\"}]}<\/script>\n<!-- \/ Yoast SEO plugin. -->","yoast_head_json":{"title":"Locksmith Langenbach: from \u20ac52,- fixed price (binding)","description":"Kompetenter Schl\u00fcsseldienst Langenbach mit g\u00fcnstigen Festpreisen, freundlichen Mitarbeitern & 24-Stunden-Notdienst: T\u00fcr\u00f6ffnung ohne Sch\u00e4den & gratis Notruf","robots":{"index":"index","follow":"follow","max-snippet":"max-snippet:-1","max-image-preview":"max-image-preview:large","max-video-preview":"max-video-preview:-1"},"canonical":"https:\/\/www.amper-aufsperrdienst.de\/en\/locksmith-langenbach\/","og_locale":"en_US","og_type":"article","og_title":"Locksmith Langenbach: from \u20ac52,- fixed price (binding)","og_description":"Kompetenter Schl\u00fcsseldienst Langenbach mit g\u00fcnstigen Festpreisen, freundlichen Mitarbeitern & 24-Stunden-Notdienst: T\u00fcr\u00f6ffnung ohne Sch\u00e4den & gratis Notruf","og_url":"https:\/\/www.amper-aufsperrdienst.de\/en\/locksmith-langenbach\/","og_site_name":"Locksmith for Munich, Dachau and F\u00fcrstenfeldbruck","article_modified_time":"2026-01-21T02:54:46+00:00","og_image":[{"width":960,"height":360,"url":"https:\/\/www.amper-aufsperrdienst.de\/wp-content\/uploads\/2014\/12\/header-freising.jpg","type":"image\/jpeg"}],"twitter_misc":{"Est. reading time":"4 minutes"},"schema":{"@context":"https:\/\/schema.org","@graph":[{"@type":"WebPage","@id":"https:\/\/www.amper-aufsperrdienst.de\/en\/locksmith-langenbach\/","url":"https:\/\/www.amper-aufsperrdienst.de\/en\/locksmith-langenbach\/","name":"Locksmith Langenbach: from \u20ac52,- fixed price (binding)","isPartOf":{"@id":"https:\/\/www.amper-aufsperrdienst.de\/en\/#website"},"primaryImageOfPage":{"@id":"https:\/\/www.amper-aufsperrdienst.de\/en\/locksmith-langenbach\/#primaryimage"},"image":{"@id":"https:\/\/www.amper-aufsperrdienst.de\/en\/locksmith-langenbach\/#primaryimage"},"thumbnailUrl":"https:\/\/www.amper-aufsperrdienst.de\/wp-content\/uploads\/2014\/12\/header-freising.jpg","datePublished":"2017-12-05T00:46:23+00:00","dateModified":"2026-01-21T02:54:46+00:00","description":"Kompetenter Schl\u00fcsseldienst Langenbach mit g\u00fcnstigen Festpreisen, freundlichen Mitarbeitern & 24-Stunden-Notdienst: T\u00fcr\u00f6ffnung ohne Sch\u00e4den & gratis Notruf","breadcrumb":{"@id":"https:\/\/www.amper-aufsperrdienst.de\/en\/locksmith-langenbach\/#breadcrumb"},"inLanguage":"en-US","potentialAction":[{"@type":"ReadAction","target":["https:\/\/www.amper-aufsperrdienst.de\/en\/locksmith-langenbach\/"]}]},{"@type":"ImageObject","inLanguage":"en-US","@id":"https:\/\/www.amper-aufsperrdienst.de\/en\/locksmith-langenbach\/#primaryimage","url":"https:\/\/www.amper-aufsperrdienst.de\/wp-content\/uploads\/2014\/12\/header-freising.jpg","contentUrl":"https:\/\/www.amper-aufsperrdienst.de\/wp-content\/uploads\/2014\/12\/header-freising.jpg","width":960,"height":360},{"@type":"BreadcrumbList","@id":"https:\/\/www.amper-aufsperrdienst.de\/en\/locksmith-langenbach\/#breadcrumb","itemListElement":[{"@type":"ListItem","position":1,"name":"Home","item":"https:\/\/www.amper-aufsperrdienst.de\/en\/"},{"@type":"ListItem","position":2,"name":"Locksmith Langenbach"}]},{"@type":"WebSite","@id":"https:\/\/www.amper-aufsperrdienst.de\/en\/#website","url":"https:\/\/www.amper-aufsperrdienst.de\/en\/","name":"Locksmith for Munich, Dachau and F\u00fcrstenfeldbruck","description":"Amper Aufsperrdienst","potentialAction":[{"@type":"SearchAction","target":{"@type":"EntryPoint","urlTemplate":"https:\/\/www.amper-aufsperrdienst.de\/en\/?s={search_term_string}"},"query-input":{"@type":"PropertyValueSpecification","valueRequired":true,"valueName":"search_term_string"}}],"inLanguage":"en-US"}]}},"_links":{"self":[{"href":"https:\/\/www.amper-aufsperrdienst.de\/en\/wp-json\/wp\/v2\/pages\/11549","targetHints":{"allow":["GET"]}}],"collection":[{"href":"https:\/\/www.amper-aufsperrdienst.de\/en\/wp-json\/wp\/v2\/pages"}],"about":[{"href":"https:\/\/www.amper-aufsperrdienst.de\/en\/wp-json\/wp\/v2\/types\/page"}],"author":[{"embeddable":true,"href":"https:\/\/www.amper-aufsperrdienst.de\/en\/wp-json\/wp\/v2\/users\/2"}],"replies":[{"embeddable":true,"href":"https:\/\/www.amper-aufsperrdienst.de\/en\/wp-json\/wp\/v2\/comments?post=11549"}],"version-history":[{"count":2,"href":"https:\/\/www.amper-aufsperrdienst.de\/en\/wp-json\/wp\/v2\/pages\/11549\/revisions"}],"predecessor-version":[{"id":11554,"href":"https:\/\/www.amper-aufsperrdienst.de\/en\/wp-json\/wp\/v2\/pages\/11549\/revisions\/11554"}],"wp:featuredmedia":[{"embeddable":true,"href":"https:\/\/www.amper-aufsperrdienst.de\/en\/wp-json\/wp\/v2\/media\/11004"}],"wp:attachment":[{"href":"https:\/\/www.amper-aufsperrdienst.de\/en\/wp-json\/wp\/v2\/media?parent=11549"}],"curies":[{"name":"wp","href":"https:\/\/api.w.org\/{rel}","templated":true}]}}