{"id":11566,"date":"2018-07-13T05:24:08","date_gmt":"2018-07-13T03:24:08","guid":{"rendered":"https:\/\/www.amper-aufsperrdienst.de\/locksmith-munich-obersendling\/"},"modified":"2026-02-11T07:23:58","modified_gmt":"2026-02-11T05:23:58","slug":"locksmith-munich-obersendling","status":"publish","type":"page","link":"https:\/\/www.amper-aufsperrdienst.de\/en\/locksmith-munich-obersendling\/","title":{"rendered":"Locksmith Munich Obersendling"},"content":{"rendered":"<p><img loading=\"lazy\" decoding=\"async\" class=\"alignleft\" style=\"margin-bottom: 5px !important;\" src=\"https:\/\/www.amper-aufsperrdienst.de\/wp-content\/uploads\/2021\/03\/schluesseldienst-muenchen-obersendling-festpreis-ab-52-siegel.jpg\" alt=\"Amper Locksmith Opening Service muenchen-obersendling with fixed price from 52,- EUR\" width=\"250\" height=\"250\" \/>Do you live in the Obersendling district of Munich and feel like burying your head in the sand because you accidentally closed the door behind you when you just wanted to quickly go down to the basement, without having your key with you? Or did you just want to quickly check the mailbox when the door slammed shut and you realized you&#8217;d locked yourself out? Did your key break off in the lock?<\/p>\n<p>In all these and similar situations, the experienced and skilled Amper locksmith service can help you out of a jam for a fixed price. For three generations, we&#8217;ve been unlocking doors quickly and without damage in Obersendling! We rely on extensive expertise, experienced staff, and top-of-the-line professional tools. Furthermore, as a genuine emergency service, we&#8217;re available 24\/7, so you can get fast assistance at a guaranteed fixed price, even at night, on weekends, and on holidays. So, if you need a professional and affordable locksmith in Munich&#8217;s Obersendling district, you&#8217;ve come to the right place! Simply call us free of charge and let us open your door quickly and without damage in just about 30 minutes!<\/p>\n<h2>The Munich district of Obersendling<\/h2>\n<div id=\"attachment_10133\" style=\"width: 600px\" class=\"wp-caption alignnone\"><img loading=\"lazy\" decoding=\"async\" aria-describedby=\"caption-attachment-10133\" class=\"size-full wp-image-10133\" src=\"https:\/\/www.amper-aufsperrdienst.de\/wp-content\/uploads\/2024\/02\/bahnunterfuehrung-boschetsrieder-strasse.webp\" alt=\"Boschetsrieder Stra\u00dfe railway underpass, Obersendling\" width=\"590\" height=\"750\" \/><p id=\"caption-attachment-10133\" class=\"wp-caption-text\">Railway underpass in Boschetsrieder Stra\u00dfe in Munich-Obersendling<\/p><\/div>\n<p>Obersendling lies in the south of the Bavarian capital, west of the beautiful Isar River. This Munich district stretches from Thalkirchen in the east (S-Bahn line) to the S\u00fcdpark in Forstenried in the west. To the south is the upscale district of Solln, and to the north, the Sendling-Westpark district.<\/p>\n<p>In earlier times, Obersendling belonged to the Thalkirchen district. It was incorporated into Munich on New Year&#8217;s Day 1900.<\/p>\n<p>From an urban planning perspective, Obersendling is nothing less than a mixed-use area. It has an industrial and commercial zone as well as numerous residential complexes. After the end of the Second World War, Obersendling experienced rapid growth. A key factor in this growth was Siemens&#8217; decision to establish a presence around Hofmannstrasse. The Siemens high-rise was built as a prestigious administrative building in the early 1960s.<\/p>\n<p>At the turn of the millennium, Siemens sold the land around Hofmannstrasse. The former Siemens site was redeveloped. The new urban quarter was completed in 2013, providing space for 2,000 residents and 1,000 jobs. A central park was also created.<\/p>\n<p>The Siemens housing estate on Boschetsrieder Stra\u00dfe is also located in the Obersendling district of Munich. The two Siemens high-rise buildings, constructed in a star shape, are particularly striking.<\/p>\n          <!-- tarif -->\n<h2><b><span style=\"vertical-align: inherit;\"><span style=\"vertical-align: inherit;\">Our binding fixed prices start from \u20ac52.<\/span><\/span><\/b><\/h2>\n<p>Amper Locksmith Service is a fair locksmith service with transparent fixed prices:<\/p>\n<div class=\"table-title\">\n\tPRICE LIST  UNLOCK\n<\/div>\n<!-- Table part-->\n<table class=\"table\">\n  <thead class=\"header\">\n\t  <tr>\n     \t <th scope=\"col\">Time<\/th>\n     \t <th scope=\"col\">8 - 18<\/th>\n     \t <th scope=\"col\">18 - 22<\/th>\n     \t <th scope=\"col\">22 - 8<\/th>\n\t<\/tr>\n  <\/thead>\n  <tbody>\n     \t  <tr class=\"weekdays\">\n     \t  \t  <td class=\"tag\" data-label=\"Time\">Mo - Fr<\/td>\n     \t  \t  <td class=\"hrs tag\" data-label=\"8 - 18\">52,- \u20ac<\/td>\n     \t  \t  <td class=\"tag space\" data-label=\"18 - 22\">82,- \u20ac<\/td>\n     \t  \t  <td data-label=\"22 - 8\">95,- \u20ac<\/td>\n     \t  <\/tr>\n     <tr class=\"weekends\">\n     \t  \t  <td class=\"tag\" data-label=\"Time\">Sa<\/td>\n     \t  \t  <td class=\"tag\" data-label=\"8 - 18\">95,- \u20ac<\/td>\n     \t  \t  <td class=\"tag\" data-label=\"18 - 22\">95,- \u20ac<\/td>\n     \t  \t  <td data-label=\"22 - 8\">125,- \u20ac<\/td>\n     \t  <\/tr>\n     <tr class=\"holidays\">\n     \t  \t  <td class=\"tag\" data-label=\"Time\">So & holiday<\/td>\n     \t  \t  <td class=\"tag\" data-label=\"8 - 18\">125,- \u20ac<\/td>\n     \t  \t  <td class=\"tag\" data-label=\"18 - 22\">125,-\u20ac<\/td>\n     \t  \t  <td data-label=\"22 - 8\">125,-\u20ac<\/td>\n     \t  <\/tr>\n     <\/tbody>\n<\/table>\n<!-- Table Description-->\n<div class=\"table-description\">\n\t<em>Please call to inquire about travel costs.<\/em>\n<\/div>\n<!-- Wordings below -->\n<div class=\"wordings\">\n<p>The prices listed in this table are binding for unlocking a door that has slammed shut or been pulled shut (without self-locking mechanisms). Please feel free to contact us if you would like a price quote for other locksmith services. We will gladly provide you with a transparent, fixed-price offer.<\/p>\n<\/div>\n\n<!-- END Wordings -->\n\n\n\n<div class=\"ansprech\">Skilled and traditional locksmith service in Munich Obersendling with fair prices and a free emergency call<br \/>\n<h3 class=\"phone mobilesOnly\"><a href=\"tel:+498000131131\">0800 \/ 0 131 131<\/a><\/h3><h3 class=\"phone desktopOnly\"><a href=\"tel:+498000131131\">0800 \/ 0 131 131<\/a><\/h3>Damage-free opening of all types of doors! Available 24\/7!<\/div>\n<h2>Locksmith Munich Obersendling: Fixed price guarantee for fast, damage-free door opening<\/h2>\n<p>Are you looking for a reliable, professional, and skilled locksmith in Munich Obersendling who specializes in fast, damage-free door openings and offers them at a competitive fixed price? Amper Locksmith Service is the perfect partner for you! We offer a fixed-price guarantee on our non-destructive door openings. Simply call us free of charge, describe exactly how you need our help, and we&#8217;ll gladly provide you with our guaranteed and fairly calculated fixed price! After you place your order over the phone, we&#8217;ll be there in just about 30 minutes! We&#8217;re available 24\/7, even on Sundays and public holidays!<\/p>\n<div class=\"ansprech\">Skilled and traditional locksmith service in Munich Obersendling with fair prices and free emergency call service<br \/>\n<h3 class=\"phone mobilesOnly\"><a href=\"tel:+498000131131\">0800 \/ 0 131 131<\/a><\/h3><h3 class=\"phone desktopOnly\"><a href=\"tel:+498000131131\">0800 \/ 0 131 131<\/a><\/h3>Damage-free opening of all types of doors! Always on call!<\/div>\n","protected":false},"excerpt":{"rendered":"<p>Do you live in the Obersendling district of Munich and feel like burying your head in the sand because you accidentally closed the door behind you when you just wanted to quickly go down to the basement, without having your key with you? Or did you just want to quickly check the mailbox when the [&hellip;]<\/p>\n","protected":false},"author":2,"featured_media":11563,"parent":0,"menu_order":0,"comment_status":"closed","ping_status":"closed","template":"","meta":{"footnotes":"","_links_to":"","_links_to_target":""},"class_list":["post-11566","page","type-page","status-publish","has-post-thumbnail","hentry"],"yoast_head":"<!-- This site is optimized with the Yoast SEO plugin v27.4 - https:\/\/yoast.com\/product\/yoast-seo-wordpress\/ -->\n<title>Locksmith Munich Obersendling: from \u20ac52,- fixed price<\/title>\n<meta name=\"description\" content=\"Professional locksmith service in Munich Obersendling with a fixed price guarantee, free emergency hotline, friendly staff, and 24\/7 emergency service: damage-free opening of locked or jammed apartment and house doors. Available anytime, including weekends and holidays! Call now, free of charge!\" \/>\n<meta name=\"robots\" content=\"index, follow, max-snippet:-1, max-image-preview:large, max-video-preview:-1\" \/>\n<link rel=\"canonical\" href=\"https:\/\/www.amper-aufsperrdienst.de\/en\/locksmith-munich-obersendling\/\" \/>\n<meta property=\"og:locale\" content=\"en_US\" \/>\n<meta property=\"og:type\" content=\"article\" \/>\n<meta property=\"og:title\" content=\"Locksmith Munich Obersendling: from \u20ac52,- fixed price\" \/>\n<meta property=\"og:description\" content=\"Professional locksmith service in Munich Obersendling with a fixed price guarantee, free emergency hotline, friendly staff, and 24\/7 emergency service: damage-free opening of locked or jammed apartment and house doors. Available anytime, including weekends and holidays! Call now, free of charge!\" \/>\n<meta property=\"og:url\" content=\"https:\/\/www.amper-aufsperrdienst.de\/en\/locksmith-munich-obersendling\/\" \/>\n<meta property=\"og:site_name\" content=\"Locksmith for Munich, Dachau and F\u00fcrstenfeldbruck\" \/>\n<meta property=\"article:modified_time\" content=\"2026-02-11T05:23:58+00:00\" \/>\n<meta property=\"og:image\" content=\"https:\/\/www.amper-aufsperrdienst.de\/wp-content\/uploads\/2024\/02\/schluesseldienst_muenchen_obersendling.webp\" \/>\n\t<meta property=\"og:image:width\" content=\"960\" \/>\n\t<meta property=\"og:image:height\" content=\"360\" \/>\n\t<meta property=\"og:image:type\" content=\"image\/webp\" \/>\n<meta name=\"twitter:label1\" content=\"Est. reading time\" \/>\n\t<meta name=\"twitter:data1\" content=\"4 minutes\" \/>\n<script type=\"application\/ld+json\" class=\"yoast-schema-graph\">{\"@context\":\"https:\\\/\\\/schema.org\",\"@graph\":[{\"@type\":\"WebPage\",\"@id\":\"https:\\\/\\\/www.amper-aufsperrdienst.de\\\/en\\\/locksmith-munich-obersendling\\\/\",\"url\":\"https:\\\/\\\/www.amper-aufsperrdienst.de\\\/en\\\/locksmith-munich-obersendling\\\/\",\"name\":\"Locksmith Munich Obersendling: from \u20ac52,- fixed price\",\"isPartOf\":{\"@id\":\"https:\\\/\\\/www.amper-aufsperrdienst.de\\\/en\\\/#website\"},\"primaryImageOfPage\":{\"@id\":\"https:\\\/\\\/www.amper-aufsperrdienst.de\\\/en\\\/locksmith-munich-obersendling\\\/#primaryimage\"},\"image\":{\"@id\":\"https:\\\/\\\/www.amper-aufsperrdienst.de\\\/en\\\/locksmith-munich-obersendling\\\/#primaryimage\"},\"thumbnailUrl\":\"https:\\\/\\\/www.amper-aufsperrdienst.de\\\/wp-content\\\/uploads\\\/2024\\\/02\\\/schluesseldienst_muenchen_obersendling.webp\",\"datePublished\":\"2018-07-13T03:24:08+00:00\",\"dateModified\":\"2026-02-11T05:23:58+00:00\",\"description\":\"Professional locksmith service in Munich Obersendling with a fixed price guarantee, free emergency hotline, friendly staff, and 24\\\/7 emergency service: damage-free opening of locked or jammed apartment and house doors. Available anytime, including weekends and holidays! Call now, free of charge!\",\"breadcrumb\":{\"@id\":\"https:\\\/\\\/www.amper-aufsperrdienst.de\\\/en\\\/locksmith-munich-obersendling\\\/#breadcrumb\"},\"inLanguage\":\"en-US\",\"potentialAction\":[{\"@type\":\"ReadAction\",\"target\":[\"https:\\\/\\\/www.amper-aufsperrdienst.de\\\/en\\\/locksmith-munich-obersendling\\\/\"]}]},{\"@type\":\"ImageObject\",\"inLanguage\":\"en-US\",\"@id\":\"https:\\\/\\\/www.amper-aufsperrdienst.de\\\/en\\\/locksmith-munich-obersendling\\\/#primaryimage\",\"url\":\"https:\\\/\\\/www.amper-aufsperrdienst.de\\\/wp-content\\\/uploads\\\/2024\\\/02\\\/schluesseldienst_muenchen_obersendling.webp\",\"contentUrl\":\"https:\\\/\\\/www.amper-aufsperrdienst.de\\\/wp-content\\\/uploads\\\/2024\\\/02\\\/schluesseldienst_muenchen_obersendling.webp\",\"width\":960,\"height\":360,\"caption\":\"Schl\u00fcsseldienst f\u00fcr M\u00fcnchen-Obersendling \u2013 fester Preis f\u00fcr T\u00fcr\u00f6ffnung \u2013 fachgerechter Einbruchschutz\"},{\"@type\":\"BreadcrumbList\",\"@id\":\"https:\\\/\\\/www.amper-aufsperrdienst.de\\\/en\\\/locksmith-munich-obersendling\\\/#breadcrumb\",\"itemListElement\":[{\"@type\":\"ListItem\",\"position\":1,\"name\":\"Home\",\"item\":\"https:\\\/\\\/www.amper-aufsperrdienst.de\\\/en\\\/\"},{\"@type\":\"ListItem\",\"position\":2,\"name\":\"Locksmith Munich Obersendling\"}]},{\"@type\":\"WebSite\",\"@id\":\"https:\\\/\\\/www.amper-aufsperrdienst.de\\\/en\\\/#website\",\"url\":\"https:\\\/\\\/www.amper-aufsperrdienst.de\\\/en\\\/\",\"name\":\"Locksmith for Munich, Dachau and F\u00fcrstenfeldbruck\",\"description\":\"Amper Aufsperrdienst\",\"potentialAction\":[{\"@type\":\"SearchAction\",\"target\":{\"@type\":\"EntryPoint\",\"urlTemplate\":\"https:\\\/\\\/www.amper-aufsperrdienst.de\\\/en\\\/?s={search_term_string}\"},\"query-input\":{\"@type\":\"PropertyValueSpecification\",\"valueRequired\":true,\"valueName\":\"search_term_string\"}}],\"inLanguage\":\"en-US\"}]}<\/script>\n<!-- \/ Yoast SEO plugin. -->","yoast_head_json":{"title":"Locksmith Munich Obersendling: from \u20ac52,- fixed price","description":"Professional locksmith service in Munich Obersendling with a fixed price guarantee, free emergency hotline, friendly staff, and 24\/7 emergency service: damage-free opening of locked or jammed apartment and house doors. Available anytime, including weekends and holidays! Call now, free of charge!","robots":{"index":"index","follow":"follow","max-snippet":"max-snippet:-1","max-image-preview":"max-image-preview:large","max-video-preview":"max-video-preview:-1"},"canonical":"https:\/\/www.amper-aufsperrdienst.de\/en\/locksmith-munich-obersendling\/","og_locale":"en_US","og_type":"article","og_title":"Locksmith Munich Obersendling: from \u20ac52,- fixed price","og_description":"Professional locksmith service in Munich Obersendling with a fixed price guarantee, free emergency hotline, friendly staff, and 24\/7 emergency service: damage-free opening of locked or jammed apartment and house doors. Available anytime, including weekends and holidays! Call now, free of charge!","og_url":"https:\/\/www.amper-aufsperrdienst.de\/en\/locksmith-munich-obersendling\/","og_site_name":"Locksmith for Munich, Dachau and F\u00fcrstenfeldbruck","article_modified_time":"2026-02-11T05:23:58+00:00","og_image":[{"width":960,"height":360,"url":"https:\/\/www.amper-aufsperrdienst.de\/wp-content\/uploads\/2024\/02\/schluesseldienst_muenchen_obersendling.webp","type":"image\/webp"}],"twitter_misc":{"Est. reading time":"4 minutes"},"schema":{"@context":"https:\/\/schema.org","@graph":[{"@type":"WebPage","@id":"https:\/\/www.amper-aufsperrdienst.de\/en\/locksmith-munich-obersendling\/","url":"https:\/\/www.amper-aufsperrdienst.de\/en\/locksmith-munich-obersendling\/","name":"Locksmith Munich Obersendling: from \u20ac52,- fixed price","isPartOf":{"@id":"https:\/\/www.amper-aufsperrdienst.de\/en\/#website"},"primaryImageOfPage":{"@id":"https:\/\/www.amper-aufsperrdienst.de\/en\/locksmith-munich-obersendling\/#primaryimage"},"image":{"@id":"https:\/\/www.amper-aufsperrdienst.de\/en\/locksmith-munich-obersendling\/#primaryimage"},"thumbnailUrl":"https:\/\/www.amper-aufsperrdienst.de\/wp-content\/uploads\/2024\/02\/schluesseldienst_muenchen_obersendling.webp","datePublished":"2018-07-13T03:24:08+00:00","dateModified":"2026-02-11T05:23:58+00:00","description":"Professional locksmith service in Munich Obersendling with a fixed price guarantee, free emergency hotline, friendly staff, and 24\/7 emergency service: damage-free opening of locked or jammed apartment and house doors. Available anytime, including weekends and holidays! Call now, free of charge!","breadcrumb":{"@id":"https:\/\/www.amper-aufsperrdienst.de\/en\/locksmith-munich-obersendling\/#breadcrumb"},"inLanguage":"en-US","potentialAction":[{"@type":"ReadAction","target":["https:\/\/www.amper-aufsperrdienst.de\/en\/locksmith-munich-obersendling\/"]}]},{"@type":"ImageObject","inLanguage":"en-US","@id":"https:\/\/www.amper-aufsperrdienst.de\/en\/locksmith-munich-obersendling\/#primaryimage","url":"https:\/\/www.amper-aufsperrdienst.de\/wp-content\/uploads\/2024\/02\/schluesseldienst_muenchen_obersendling.webp","contentUrl":"https:\/\/www.amper-aufsperrdienst.de\/wp-content\/uploads\/2024\/02\/schluesseldienst_muenchen_obersendling.webp","width":960,"height":360,"caption":"Schl\u00fcsseldienst f\u00fcr M\u00fcnchen-Obersendling \u2013 fester Preis f\u00fcr T\u00fcr\u00f6ffnung \u2013 fachgerechter Einbruchschutz"},{"@type":"BreadcrumbList","@id":"https:\/\/www.amper-aufsperrdienst.de\/en\/locksmith-munich-obersendling\/#breadcrumb","itemListElement":[{"@type":"ListItem","position":1,"name":"Home","item":"https:\/\/www.amper-aufsperrdienst.de\/en\/"},{"@type":"ListItem","position":2,"name":"Locksmith Munich Obersendling"}]},{"@type":"WebSite","@id":"https:\/\/www.amper-aufsperrdienst.de\/en\/#website","url":"https:\/\/www.amper-aufsperrdienst.de\/en\/","name":"Locksmith for Munich, Dachau and F\u00fcrstenfeldbruck","description":"Amper Aufsperrdienst","potentialAction":[{"@type":"SearchAction","target":{"@type":"EntryPoint","urlTemplate":"https:\/\/www.amper-aufsperrdienst.de\/en\/?s={search_term_string}"},"query-input":{"@type":"PropertyValueSpecification","valueRequired":true,"valueName":"search_term_string"}}],"inLanguage":"en-US"}]}},"_links":{"self":[{"href":"https:\/\/www.amper-aufsperrdienst.de\/en\/wp-json\/wp\/v2\/pages\/11566","targetHints":{"allow":["GET"]}}],"collection":[{"href":"https:\/\/www.amper-aufsperrdienst.de\/en\/wp-json\/wp\/v2\/pages"}],"about":[{"href":"https:\/\/www.amper-aufsperrdienst.de\/en\/wp-json\/wp\/v2\/types\/page"}],"author":[{"embeddable":true,"href":"https:\/\/www.amper-aufsperrdienst.de\/en\/wp-json\/wp\/v2\/users\/2"}],"replies":[{"embeddable":true,"href":"https:\/\/www.amper-aufsperrdienst.de\/en\/wp-json\/wp\/v2\/comments?post=11566"}],"version-history":[{"count":2,"href":"https:\/\/www.amper-aufsperrdienst.de\/en\/wp-json\/wp\/v2\/pages\/11566\/revisions"}],"predecessor-version":[{"id":15071,"href":"https:\/\/www.amper-aufsperrdienst.de\/en\/wp-json\/wp\/v2\/pages\/11566\/revisions\/15071"}],"wp:featuredmedia":[{"embeddable":true,"href":"https:\/\/www.amper-aufsperrdienst.de\/en\/wp-json\/wp\/v2\/media\/11563"}],"wp:attachment":[{"href":"https:\/\/www.amper-aufsperrdienst.de\/en\/wp-json\/wp\/v2\/media?parent=11566"}],"curies":[{"name":"wp","href":"https:\/\/api.w.org\/{rel}","templated":true}]}}