{"id":11584,"date":"2018-07-13T08:53:28","date_gmt":"2018-07-13T06:53:28","guid":{"rendered":"https:\/\/www.amper-aufsperrdienst.de\/locksmith-munich-rosenheimer-platz\/"},"modified":"2026-02-11T07:24:37","modified_gmt":"2026-02-11T05:24:37","slug":"locksmith-munich-rosenheimer-platz","status":"publish","type":"page","link":"https:\/\/www.amper-aufsperrdienst.de\/en\/locksmith-munich-rosenheimer-platz\/","title":{"rendered":"Locksmith Munich Rosenheimer Platz"},"content":{"rendered":"<p><img loading=\"lazy\" decoding=\"async\" class=\"alignleft\" style=\"margin-bottom: 5px !important;\" src=\"https:\/\/www.amper-aufsperrdienst.de\/wp-content\/uploads\/2021\/03\/schluesseldienst-muenchen-rosenheimer-platz-festpreis-ab-52-siegel.jpg\" alt=\"Amper Locksmith Opening Service muenchen-rosenheimer-platz with fixed price from 52,- EUR\" width=\"250\" height=\"250\" \/><\/p>\n<p>Do you live near Rosenheimer Platz in the beautiful Munich district of Haidhausen, but you can&#8217;t get into your own apartment because you&#8217;ve stupidly locked yourself out? If you&#8217;re looking for a reliable, fair, and honest locksmith in Munich&#8217;s Rosenheimer Platz area, Amper Locksmith Service is happy to be your specialist for non-destructive door opening at a guaranteed fixed price! You can reach us anytime on our free emergency hotline; we&#8217;re even on call for you on Sundays and holidays! We gladly offer a fixed-price guarantee. We&#8217;re not one of the black sheep, fraudsters, or rip-off artists in the locksmith industry.<\/p>\n<h2>Rosenheimer Platz in the Haidhausen district of Munich<\/h2>\n<div id=\"attachment_10138\" style=\"width: 610px\" class=\"wp-caption alignnone\"><img loading=\"lazy\" decoding=\"async\" aria-describedby=\"caption-attachment-10138\" class=\"size-full wp-image-10138\" src=\"https:\/\/www.amper-aufsperrdienst.de\/wp-content\/uploads\/2024\/02\/rosenheimer-platz_customize.webp\" alt=\"Rosenheimer Platz, Haidhausen with Gasteig\" width=\"600\" height=\"450\" srcset=\"https:\/\/www.amper-aufsperrdienst.de\/wp-content\/uploads\/2024\/02\/rosenheimer-platz_customize.webp 600w, https:\/\/www.amper-aufsperrdienst.de\/wp-content\/uploads\/2024\/02\/rosenheimer-platz_customize-300x225.webp 300w, https:\/\/www.amper-aufsperrdienst.de\/wp-content\/uploads\/2024\/02\/rosenheimer-platz_customize-480x360.webp 480w, https:\/\/www.amper-aufsperrdienst.de\/wp-content\/uploads\/2024\/02\/rosenheimer-platz_customize-146x110.webp 146w\" sizes=\"auto, (max-width: 600px) 100vw, 600px\" \/><p id=\"caption-attachment-10138\" class=\"wp-caption-text\">Rosenheimer Platz in Munich-Haidhausen with the Gasteig cultural center on the left in the background<\/p><\/div>\n<p>Rosenheimer Platz is located in Munich-Haidhausen and is primarily known for its S-Bahn (suburban train) station under Rosenheimer Stra\u00dfe.<\/p>\n<p>The S-Bahn station was opened in 1972 as an underground station, along with all other underground stations in Munich. The columns and decorative stripes are yellow, which are the identifying colors of the &#8220;Rosenheimer Platz&#8221; station.<\/p>\n<p>At Rosenheimer Platz 4, there is a large office building. There is an entrance to this office building from the underground station.<\/p>\n<p>The Gasteig cultural center, with its concert halls, the Munich Adult Education Center, and the Munich City Library, can be reached via the northwest exit.<\/p>\n          <!-- tarif -->\n<h2><b><span style=\"vertical-align: inherit;\"><span style=\"vertical-align: inherit;\">Our binding fixed prices start from \u20ac52.<\/span><\/span><\/b><\/h2>\n<p>Amper Locksmith Service is a fair locksmith service with transparent fixed prices:<\/p>\n<div class=\"table-title\">\n\tPRICE LIST  UNLOCK\n<\/div>\n<!-- Table part-->\n<table class=\"table\">\n  <thead class=\"header\">\n\t  <tr>\n     \t <th scope=\"col\">Time<\/th>\n     \t <th scope=\"col\">8 - 18<\/th>\n     \t <th scope=\"col\">18 - 22<\/th>\n     \t <th scope=\"col\">22 - 8<\/th>\n\t<\/tr>\n  <\/thead>\n  <tbody>\n     \t  <tr class=\"weekdays\">\n     \t  \t  <td class=\"tag\" data-label=\"Time\">Mo - Fr<\/td>\n     \t  \t  <td class=\"hrs tag\" data-label=\"8 - 18\">52,- \u20ac<\/td>\n     \t  \t  <td class=\"tag space\" data-label=\"18 - 22\">82,- \u20ac<\/td>\n     \t  \t  <td data-label=\"22 - 8\">95,- \u20ac<\/td>\n     \t  <\/tr>\n     <tr class=\"weekends\">\n     \t  \t  <td class=\"tag\" data-label=\"Time\">Sa<\/td>\n     \t  \t  <td class=\"tag\" data-label=\"8 - 18\">95,- \u20ac<\/td>\n     \t  \t  <td class=\"tag\" data-label=\"18 - 22\">95,- \u20ac<\/td>\n     \t  \t  <td data-label=\"22 - 8\">125,- \u20ac<\/td>\n     \t  <\/tr>\n     <tr class=\"holidays\">\n     \t  \t  <td class=\"tag\" data-label=\"Time\">So & holiday<\/td>\n     \t  \t  <td class=\"tag\" data-label=\"8 - 18\">125,- \u20ac<\/td>\n     \t  \t  <td class=\"tag\" data-label=\"18 - 22\">125,-\u20ac<\/td>\n     \t  \t  <td data-label=\"22 - 8\">125,-\u20ac<\/td>\n     \t  <\/tr>\n     <\/tbody>\n<\/table>\n<!-- Table Description-->\n<div class=\"table-description\">\n\t<em>Please call to inquire about travel costs.<\/em>\n<\/div>\n<!-- Wordings below -->\n<div class=\"wordings\">\n<p>The prices listed in this table are binding for unlocking a door that has slammed shut or been pulled shut (without self-locking mechanisms). Please feel free to contact us if you would like a price quote for other locksmith services. We will gladly provide you with a transparent, fixed-price offer.<\/p>\n<\/div>\n\n<!-- END Wordings -->\n\n\n\n<div class=\"ansprech\">Experienced locksmith service in Munich&#8217;s Rosenheimer Platz with friendly staff and affordable fixed prices<br \/>\n<h3 class=\"phone mobilesOnly\"><a href=\"tel:+498000131131\">0800 \/ 0 131 131<\/a><\/h3><h3 class=\"phone desktopOnly\"><a href=\"tel:+498000131131\">0800 \/ 0 131 131<\/a><\/h3>24\/7 emergency service, free emergency hotline and use of special tools for non-destructive door opening<\/div>\n<h2>Locksmith Munich Rosenheimer Platz: Affordable fixed price for fast unlocking<\/h2>\n<p>Are you currently looking for an honest, fair, and skilled locksmith in Munich Rosenheimer Platz who can help you get out of a jam at an affordable fixed price with a fast, damage-free door opening because you&#8217;re standing in front of a locked or jammed-shut apartment door? We are happy to help you if you need professional assistance from an experienced locksmith! Our fixed prices are truly fixed. We say this because we unfortunately know all too well that there are many unscrupulous operators in our industry who ruthlessly rip you off after luring you in with their &#8220;super low prices.&#8221;<\/p>\n<h2>Always available free of charge<\/h2>\n<p>We are not only fair and transparent, but also available free of charge at any time. Simply call our free emergency hotline and commission us for a professionally executed door unlocking service at a transparent fixed price! Whether it&#8217;s Wednesday, Sunday, or a public holiday: we are ready and waiting for you! The weather is no obstacle for our service. No matter how stormy, hailing, or snowing it may be! We won&#8217;t leave you out in the rain!<\/p>\n<p>Do you urgently need an affordable, honest, and professional locksmith in Munich&#8217;s Rosenheimer Platz area? Amper Locksmith Service is happy to assist you, and has been for three generations! Feel free to read our many positive reviews from our satisfied customers!<\/p>\n<div class=\"ansprech\">Experienced locksmith service in Munich&#8217;s Rosenheimer Platz with friendly staff and affordable fixed prices<br \/>\n<h3 class=\"phone mobilesOnly\"><a href=\"tel:+498000131131\">0800 \/ 0 131 131<\/a><\/h3><h3 class=\"phone desktopOnly\"><a href=\"tel:+498000131131\">0800 \/ 0 131 131<\/a><\/h3>24\/7 emergency service, free emergency hotline and use of special tools for non-destructive door opening<\/div>\n","protected":false},"excerpt":{"rendered":"<p>Do you live near Rosenheimer Platz in the beautiful Munich district of Haidhausen, but you can&#8217;t get into your own apartment because you&#8217;ve stupidly locked yourself out? If you&#8217;re looking for a reliable, fair, and honest locksmith in Munich&#8217;s Rosenheimer Platz area, Amper Locksmith Service is happy to be your specialist for non-destructive door opening [&hellip;]<\/p>\n","protected":false},"author":2,"featured_media":11582,"parent":0,"menu_order":0,"comment_status":"closed","ping_status":"closed","template":"","meta":{"footnotes":"","_links_to":"","_links_to_target":""},"class_list":["post-11584","page","type-page","status-publish","has-post-thumbnail","hentry"],"yoast_head":"<!-- This site is optimized with the Yoast SEO plugin v27.4 - https:\/\/yoast.com\/product\/yoast-seo-wordpress\/ -->\n<title>Locksmith Munich Rosenheimer Platz: from \u20ac52,- fixed price<\/title>\n<meta name=\"description\" content=\"Experienced and fast locksmith service in Munich&#039;s Rosenheimer Platz with reliable staff, a fixed price guarantee, high-quality specialist tools, and 24\/7 availability: damage-free door opening in just about half an hour. Also available on Sundays and public holidays!\" \/>\n<meta name=\"robots\" content=\"index, follow, max-snippet:-1, max-image-preview:large, max-video-preview:-1\" \/>\n<link rel=\"canonical\" href=\"https:\/\/www.amper-aufsperrdienst.de\/en\/locksmith-munich-rosenheimer-platz\/\" \/>\n<meta property=\"og:locale\" content=\"en_US\" \/>\n<meta property=\"og:type\" content=\"article\" \/>\n<meta property=\"og:title\" content=\"Locksmith Munich Rosenheimer Platz: from \u20ac52,- fixed price\" \/>\n<meta property=\"og:description\" content=\"Experienced and fast locksmith service in Munich&#039;s Rosenheimer Platz with reliable staff, a fixed price guarantee, high-quality specialist tools, and 24\/7 availability: damage-free door opening in just about half an hour. Also available on Sundays and public holidays!\" \/>\n<meta property=\"og:url\" content=\"https:\/\/www.amper-aufsperrdienst.de\/en\/locksmith-munich-rosenheimer-platz\/\" \/>\n<meta property=\"og:site_name\" content=\"Locksmith for Munich, Dachau and F\u00fcrstenfeldbruck\" \/>\n<meta property=\"article:modified_time\" content=\"2026-02-11T05:24:37+00:00\" \/>\n<meta property=\"og:image\" content=\"https:\/\/www.amper-aufsperrdienst.de\/wp-content\/uploads\/2024\/02\/schluesseldienst-muenchen-rosenheimer-platz.webp\" \/>\n\t<meta property=\"og:image:width\" content=\"960\" \/>\n\t<meta property=\"og:image:height\" content=\"360\" \/>\n\t<meta property=\"og:image:type\" content=\"image\/webp\" \/>\n<meta name=\"twitter:label1\" content=\"Est. reading time\" \/>\n\t<meta name=\"twitter:data1\" content=\"4 minutes\" \/>\n<script type=\"application\/ld+json\" class=\"yoast-schema-graph\">{\"@context\":\"https:\\\/\\\/schema.org\",\"@graph\":[{\"@type\":\"WebPage\",\"@id\":\"https:\\\/\\\/www.amper-aufsperrdienst.de\\\/en\\\/locksmith-munich-rosenheimer-platz\\\/\",\"url\":\"https:\\\/\\\/www.amper-aufsperrdienst.de\\\/en\\\/locksmith-munich-rosenheimer-platz\\\/\",\"name\":\"Locksmith Munich Rosenheimer Platz: from \u20ac52,- fixed price\",\"isPartOf\":{\"@id\":\"https:\\\/\\\/www.amper-aufsperrdienst.de\\\/en\\\/#website\"},\"primaryImageOfPage\":{\"@id\":\"https:\\\/\\\/www.amper-aufsperrdienst.de\\\/en\\\/locksmith-munich-rosenheimer-platz\\\/#primaryimage\"},\"image\":{\"@id\":\"https:\\\/\\\/www.amper-aufsperrdienst.de\\\/en\\\/locksmith-munich-rosenheimer-platz\\\/#primaryimage\"},\"thumbnailUrl\":\"https:\\\/\\\/www.amper-aufsperrdienst.de\\\/wp-content\\\/uploads\\\/2024\\\/02\\\/schluesseldienst-muenchen-rosenheimer-platz.webp\",\"datePublished\":\"2018-07-13T06:53:28+00:00\",\"dateModified\":\"2026-02-11T05:24:37+00:00\",\"description\":\"Experienced and fast locksmith service in Munich's Rosenheimer Platz with reliable staff, a fixed price guarantee, high-quality specialist tools, and 24\\\/7 availability: damage-free door opening in just about half an hour. Also available on Sundays and public holidays!\",\"breadcrumb\":{\"@id\":\"https:\\\/\\\/www.amper-aufsperrdienst.de\\\/en\\\/locksmith-munich-rosenheimer-platz\\\/#breadcrumb\"},\"inLanguage\":\"en-US\",\"potentialAction\":[{\"@type\":\"ReadAction\",\"target\":[\"https:\\\/\\\/www.amper-aufsperrdienst.de\\\/en\\\/locksmith-munich-rosenheimer-platz\\\/\"]}]},{\"@type\":\"ImageObject\",\"inLanguage\":\"en-US\",\"@id\":\"https:\\\/\\\/www.amper-aufsperrdienst.de\\\/en\\\/locksmith-munich-rosenheimer-platz\\\/#primaryimage\",\"url\":\"https:\\\/\\\/www.amper-aufsperrdienst.de\\\/wp-content\\\/uploads\\\/2024\\\/02\\\/schluesseldienst-muenchen-rosenheimer-platz.webp\",\"contentUrl\":\"https:\\\/\\\/www.amper-aufsperrdienst.de\\\/wp-content\\\/uploads\\\/2024\\\/02\\\/schluesseldienst-muenchen-rosenheimer-platz.webp\",\"width\":960,\"height\":360,\"caption\":\"Schl\u00fcsseldienst f\u00fcr Rosenheimer Platz in M\u00fcnchen \u2013 transparente Frestpreise f\u00fcr \u00d6ffnung von Haus- und Wohnungst\u00fcren \u2013 in 30 Minuten vor Ort in Haidhausen\"},{\"@type\":\"BreadcrumbList\",\"@id\":\"https:\\\/\\\/www.amper-aufsperrdienst.de\\\/en\\\/locksmith-munich-rosenheimer-platz\\\/#breadcrumb\",\"itemListElement\":[{\"@type\":\"ListItem\",\"position\":1,\"name\":\"Home\",\"item\":\"https:\\\/\\\/www.amper-aufsperrdienst.de\\\/en\\\/\"},{\"@type\":\"ListItem\",\"position\":2,\"name\":\"Locksmith Munich Rosenheimer Platz\"}]},{\"@type\":\"WebSite\",\"@id\":\"https:\\\/\\\/www.amper-aufsperrdienst.de\\\/en\\\/#website\",\"url\":\"https:\\\/\\\/www.amper-aufsperrdienst.de\\\/en\\\/\",\"name\":\"Locksmith for Munich, Dachau and F\u00fcrstenfeldbruck\",\"description\":\"Amper Aufsperrdienst\",\"potentialAction\":[{\"@type\":\"SearchAction\",\"target\":{\"@type\":\"EntryPoint\",\"urlTemplate\":\"https:\\\/\\\/www.amper-aufsperrdienst.de\\\/en\\\/?s={search_term_string}\"},\"query-input\":{\"@type\":\"PropertyValueSpecification\",\"valueRequired\":true,\"valueName\":\"search_term_string\"}}],\"inLanguage\":\"en-US\"}]}<\/script>\n<!-- \/ Yoast SEO plugin. -->","yoast_head_json":{"title":"Locksmith Munich Rosenheimer Platz: from \u20ac52,- fixed price","description":"Experienced and fast locksmith service in Munich's Rosenheimer Platz with reliable staff, a fixed price guarantee, high-quality specialist tools, and 24\/7 availability: damage-free door opening in just about half an hour. Also available on Sundays and public holidays!","robots":{"index":"index","follow":"follow","max-snippet":"max-snippet:-1","max-image-preview":"max-image-preview:large","max-video-preview":"max-video-preview:-1"},"canonical":"https:\/\/www.amper-aufsperrdienst.de\/en\/locksmith-munich-rosenheimer-platz\/","og_locale":"en_US","og_type":"article","og_title":"Locksmith Munich Rosenheimer Platz: from \u20ac52,- fixed price","og_description":"Experienced and fast locksmith service in Munich's Rosenheimer Platz with reliable staff, a fixed price guarantee, high-quality specialist tools, and 24\/7 availability: damage-free door opening in just about half an hour. Also available on Sundays and public holidays!","og_url":"https:\/\/www.amper-aufsperrdienst.de\/en\/locksmith-munich-rosenheimer-platz\/","og_site_name":"Locksmith for Munich, Dachau and F\u00fcrstenfeldbruck","article_modified_time":"2026-02-11T05:24:37+00:00","og_image":[{"width":960,"height":360,"url":"https:\/\/www.amper-aufsperrdienst.de\/wp-content\/uploads\/2024\/02\/schluesseldienst-muenchen-rosenheimer-platz.webp","type":"image\/webp"}],"twitter_misc":{"Est. reading time":"4 minutes"},"schema":{"@context":"https:\/\/schema.org","@graph":[{"@type":"WebPage","@id":"https:\/\/www.amper-aufsperrdienst.de\/en\/locksmith-munich-rosenheimer-platz\/","url":"https:\/\/www.amper-aufsperrdienst.de\/en\/locksmith-munich-rosenheimer-platz\/","name":"Locksmith Munich Rosenheimer Platz: from \u20ac52,- fixed price","isPartOf":{"@id":"https:\/\/www.amper-aufsperrdienst.de\/en\/#website"},"primaryImageOfPage":{"@id":"https:\/\/www.amper-aufsperrdienst.de\/en\/locksmith-munich-rosenheimer-platz\/#primaryimage"},"image":{"@id":"https:\/\/www.amper-aufsperrdienst.de\/en\/locksmith-munich-rosenheimer-platz\/#primaryimage"},"thumbnailUrl":"https:\/\/www.amper-aufsperrdienst.de\/wp-content\/uploads\/2024\/02\/schluesseldienst-muenchen-rosenheimer-platz.webp","datePublished":"2018-07-13T06:53:28+00:00","dateModified":"2026-02-11T05:24:37+00:00","description":"Experienced and fast locksmith service in Munich's Rosenheimer Platz with reliable staff, a fixed price guarantee, high-quality specialist tools, and 24\/7 availability: damage-free door opening in just about half an hour. Also available on Sundays and public holidays!","breadcrumb":{"@id":"https:\/\/www.amper-aufsperrdienst.de\/en\/locksmith-munich-rosenheimer-platz\/#breadcrumb"},"inLanguage":"en-US","potentialAction":[{"@type":"ReadAction","target":["https:\/\/www.amper-aufsperrdienst.de\/en\/locksmith-munich-rosenheimer-platz\/"]}]},{"@type":"ImageObject","inLanguage":"en-US","@id":"https:\/\/www.amper-aufsperrdienst.de\/en\/locksmith-munich-rosenheimer-platz\/#primaryimage","url":"https:\/\/www.amper-aufsperrdienst.de\/wp-content\/uploads\/2024\/02\/schluesseldienst-muenchen-rosenheimer-platz.webp","contentUrl":"https:\/\/www.amper-aufsperrdienst.de\/wp-content\/uploads\/2024\/02\/schluesseldienst-muenchen-rosenheimer-platz.webp","width":960,"height":360,"caption":"Schl\u00fcsseldienst f\u00fcr Rosenheimer Platz in M\u00fcnchen \u2013 transparente Frestpreise f\u00fcr \u00d6ffnung von Haus- und Wohnungst\u00fcren \u2013 in 30 Minuten vor Ort in Haidhausen"},{"@type":"BreadcrumbList","@id":"https:\/\/www.amper-aufsperrdienst.de\/en\/locksmith-munich-rosenheimer-platz\/#breadcrumb","itemListElement":[{"@type":"ListItem","position":1,"name":"Home","item":"https:\/\/www.amper-aufsperrdienst.de\/en\/"},{"@type":"ListItem","position":2,"name":"Locksmith Munich Rosenheimer Platz"}]},{"@type":"WebSite","@id":"https:\/\/www.amper-aufsperrdienst.de\/en\/#website","url":"https:\/\/www.amper-aufsperrdienst.de\/en\/","name":"Locksmith for Munich, Dachau and F\u00fcrstenfeldbruck","description":"Amper Aufsperrdienst","potentialAction":[{"@type":"SearchAction","target":{"@type":"EntryPoint","urlTemplate":"https:\/\/www.amper-aufsperrdienst.de\/en\/?s={search_term_string}"},"query-input":{"@type":"PropertyValueSpecification","valueRequired":true,"valueName":"search_term_string"}}],"inLanguage":"en-US"}]}},"_links":{"self":[{"href":"https:\/\/www.amper-aufsperrdienst.de\/en\/wp-json\/wp\/v2\/pages\/11584","targetHints":{"allow":["GET"]}}],"collection":[{"href":"https:\/\/www.amper-aufsperrdienst.de\/en\/wp-json\/wp\/v2\/pages"}],"about":[{"href":"https:\/\/www.amper-aufsperrdienst.de\/en\/wp-json\/wp\/v2\/types\/page"}],"author":[{"embeddable":true,"href":"https:\/\/www.amper-aufsperrdienst.de\/en\/wp-json\/wp\/v2\/users\/2"}],"replies":[{"embeddable":true,"href":"https:\/\/www.amper-aufsperrdienst.de\/en\/wp-json\/wp\/v2\/comments?post=11584"}],"version-history":[{"count":2,"href":"https:\/\/www.amper-aufsperrdienst.de\/en\/wp-json\/wp\/v2\/pages\/11584\/revisions"}],"predecessor-version":[{"id":15074,"href":"https:\/\/www.amper-aufsperrdienst.de\/en\/wp-json\/wp\/v2\/pages\/11584\/revisions\/15074"}],"wp:featuredmedia":[{"embeddable":true,"href":"https:\/\/www.amper-aufsperrdienst.de\/en\/wp-json\/wp\/v2\/media\/11582"}],"wp:attachment":[{"href":"https:\/\/www.amper-aufsperrdienst.de\/en\/wp-json\/wp\/v2\/media?parent=11584"}],"curies":[{"name":"wp","href":"https:\/\/api.w.org\/{rel}","templated":true}]}}