{"id":11617,"date":"2019-04-30T05:15:11","date_gmt":"2019-04-30T03:15:11","guid":{"rendered":"https:\/\/www.amper-aufsperrdienst.de\/key-service-kreuth\/"},"modified":"2026-02-04T08:45:19","modified_gmt":"2026-02-04T06:45:19","slug":"locksmith-kreuth","status":"publish","type":"page","link":"https:\/\/www.amper-aufsperrdienst.de\/en\/locksmith-kreuth\/","title":{"rendered":"LOCKSMITH KREUTH"},"content":{"rendered":"<p><img loading=\"lazy\" decoding=\"async\" class=\"alignleft\" style=\"margin-bottom: 5px !important;\" src=\"https:\/\/www.amper-aufsperrdienst.de\/wp-content\/uploads\/2021\/03\/schluesseldienst-kreuth-festpreis-ab-52-siegel.jpg\" alt=\"Amper locksmith service in Kreuth with a fixed price starting from \u20ac52.\" width=\"250\" height=\"250\" \/><\/p>\n<p>Have you locked yourself out and now need a professional locksmith? The locksmiths at Amper Locksmith Service are available 24\/7. You can reach us anytime via our free emergency hotline, even on holidays or in the middle of the night. Experience shows that you won&#8217;t have to wait long, as we are usually at your location in Kreuth within 30 minutes. Our experienced locksmiths use only high-quality, specialized tools and can therefore open almost 100% of all locked doors completely without damage. Of course, locked doors are no obstacle for us either.<\/p>\n          <!-- tarif -->\n<h2><b><span style=\"vertical-align: inherit;\"><span style=\"vertical-align: inherit;\">Our binding fixed prices start from \u20ac52.<\/span><\/span><\/b><\/h2>\n<p>Amper Locksmith Service is a fair locksmith service with transparent fixed prices:<\/p>\n<div class=\"table-title\">\n\tPRICE LIST  UNLOCK\n<\/div>\n<!-- Table part-->\n<table class=\"table\">\n  <thead class=\"header\">\n\t  <tr>\n     \t <th scope=\"col\">Time<\/th>\n     \t <th scope=\"col\">8 - 18<\/th>\n     \t <th scope=\"col\">18 - 22<\/th>\n     \t <th scope=\"col\">22 - 8<\/th>\n\t<\/tr>\n  <\/thead>\n  <tbody>\n     \t  <tr class=\"weekdays\">\n     \t  \t  <td class=\"tag\" data-label=\"Time\">Mo - Fr<\/td>\n     \t  \t  <td class=\"hrs tag\" data-label=\"8 - 18\">52,- \u20ac<\/td>\n     \t  \t  <td class=\"tag space\" data-label=\"18 - 22\">82,- \u20ac<\/td>\n     \t  \t  <td data-label=\"22 - 8\">95,- \u20ac<\/td>\n     \t  <\/tr>\n     <tr class=\"weekends\">\n     \t  \t  <td class=\"tag\" data-label=\"Time\">Sa<\/td>\n     \t  \t  <td class=\"tag\" data-label=\"8 - 18\">95,- \u20ac<\/td>\n     \t  \t  <td class=\"tag\" data-label=\"18 - 22\">95,- \u20ac<\/td>\n     \t  \t  <td data-label=\"22 - 8\">125,- \u20ac<\/td>\n     \t  <\/tr>\n     <tr class=\"holidays\">\n     \t  \t  <td class=\"tag\" data-label=\"Time\">So & holiday<\/td>\n     \t  \t  <td class=\"tag\" data-label=\"8 - 18\">125,- \u20ac<\/td>\n     \t  \t  <td class=\"tag\" data-label=\"18 - 22\">125,-\u20ac<\/td>\n     \t  \t  <td data-label=\"22 - 8\">125,-\u20ac<\/td>\n     \t  <\/tr>\n     <\/tbody>\n<\/table>\n<!-- Table Description-->\n<div class=\"table-description\">\n\t<em>Please call to inquire about travel costs.<\/em>\n<\/div>\n<!-- Wordings below -->\n<div class=\"wordings\">\n<p>The prices listed in this table are binding for unlocking a door that has slammed shut or been pulled shut (without self-locking mechanisms). Please feel free to contact us if you would like a price quote for other locksmith services. We will gladly provide you with a transparent, fixed-price offer.<\/p>\n<\/div>\n\n<!-- END Wordings -->\n\n\n\n<div class=\"ansprech\">Locksmith in Kreuth with 24\/7 service<br \/>\n<h3 class=\"phone mobilesOnly\"><a href=\"tel:+498000131131\">0800 \/ 0 131 131<\/a><\/h3><h3 class=\"phone desktopOnly\"><a href=\"tel:+498000131131\">0800 \/ 0 131 131<\/a><\/h3>Door opening at a guaranteed fixed price<\/div>\n<h2>A fixed price guarantee protects against fraud.<\/h2>\n<p>Emergency situations are often exploited by scammers. Customers are usually unable to compare prices, especially when dealing with progressive pricing models. They are lured in with cheap &#8220;door opening from \u20ac5&#8221; offers, which can later escalate into four figures. Amper Locksmith Service has been in business for three generations, and from day one, we have ensured our customers receive fair and transparent pricing. During your initial contact, you describe your situation, and we calculate a fixed price for you. All services included in the job are covered by this price, and we guarantee that the quoted amount will not change. This way, you know exactly how much the door opening will cost from the very first minute and can relax while awaiting the arrival of our locksmiths.<\/p>\n<h2>SECURE YOUR OWN FOUR WALLS: BURGLARY PROTECTION AT THE AMPER LOCKING SERVICE<\/h2>\n<p>In a burglary, the stolen items aren&#8217;t the only thing that&#8217;s taken. The feeling of being at home, in one&#8217;s own intimate privacy, is also robbed. Material possessions can usually be replaced, but the feeling of security, unfortunately, is not so easily replaced. To prevent yourself from ever finding yourself in this predicament, it&#8217;s advisable to secure your home against burglary. Our security experts will visit your property with you and assess it for vulnerabilities that burglars could exploit. Using this information, we&#8217;ll create a customized security concept for you and install high-quality locking systems on windows and doors to make it as difficult as possible for burglars.<\/p>\n<h2>The district of Kreuth in the city of F\u00fcrstenfeldbruck<\/h2>\n<p>Kreuth is one of the districts of the increasingly popular town of F\u00fcrstenfeldbruck. F\u00fcrstenfeldbruck is located near the Bavarian capital and is very well connected to Munich and surrounding towns and cities via the S-Bahn (suburban train).<\/p>\n<p>Amper Locksmith Service has a long track record of successfully opening locked doors. We work without damage and offer a fixed price guarantee. As an emergency locksmith service, we are always available and ready to respond. Of course, we are also happy to be your partner when it comes to replacing locks or making your property more burglar-proof.<\/p>\n","protected":false},"excerpt":{"rendered":"<p>Have you locked yourself out and now need a professional locksmith? The locksmiths at Amper Locksmith Service are available 24\/7. You can reach us anytime via our free emergency hotline, even on holidays or in the middle of the night. Experience shows that you won&#8217;t have to wait long, as we are usually at your [&hellip;]<\/p>\n","protected":false},"author":2,"featured_media":10880,"parent":0,"menu_order":0,"comment_status":"closed","ping_status":"closed","template":"","meta":{"footnotes":"","_links_to":"","_links_to_target":""},"class_list":["post-11617","page","type-page","status-publish","has-post-thumbnail","hentry"],"yoast_head":"<!-- This site is optimized with the Yoast SEO plugin v27.4 - https:\/\/yoast.com\/product\/yoast-seo-wordpress\/ -->\n<title>Locksmith Kreuth: from \u20ac52,- fixed price<\/title>\n<meta name=\"description\" content=\"Unser professioneller Schl\u00fcsseldienst Kreuth \u00f6ffnet zum garantierten Festpreis zerst\u00f6rungsfrei T\u00fcren mit 24-Std-Einsatzbereitschaft; wir sind ca. 30 Min da\" \/>\n<meta name=\"robots\" content=\"index, follow, max-snippet:-1, max-image-preview:large, max-video-preview:-1\" \/>\n<link rel=\"canonical\" href=\"https:\/\/www.amper-aufsperrdienst.de\/en\/locksmith-kreuth\/\" \/>\n<meta property=\"og:locale\" content=\"en_US\" \/>\n<meta property=\"og:type\" content=\"article\" \/>\n<meta property=\"og:title\" content=\"Locksmith Kreuth: from \u20ac52,- fixed price\" \/>\n<meta property=\"og:description\" content=\"Unser professioneller Schl\u00fcsseldienst Kreuth \u00f6ffnet zum garantierten Festpreis zerst\u00f6rungsfrei T\u00fcren mit 24-Std-Einsatzbereitschaft; wir sind ca. 30 Min da\" \/>\n<meta property=\"og:url\" content=\"https:\/\/www.amper-aufsperrdienst.de\/en\/locksmith-kreuth\/\" \/>\n<meta property=\"og:site_name\" content=\"Locksmith for Munich, Dachau and F\u00fcrstenfeldbruck\" \/>\n<meta property=\"article:modified_time\" content=\"2026-02-04T06:45:19+00:00\" \/>\n<meta property=\"og:image\" content=\"https:\/\/www.amper-aufsperrdienst.de\/wp-content\/uploads\/2014\/12\/header-ffb.jpg\" \/>\n\t<meta property=\"og:image:width\" content=\"960\" \/>\n\t<meta property=\"og:image:height\" content=\"360\" \/>\n\t<meta property=\"og:image:type\" content=\"image\/jpeg\" \/>\n<meta name=\"twitter:label1\" content=\"Est. reading time\" \/>\n\t<meta name=\"twitter:data1\" content=\"3 minutes\" \/>\n<script type=\"application\/ld+json\" class=\"yoast-schema-graph\">{\"@context\":\"https:\\\/\\\/schema.org\",\"@graph\":[{\"@type\":\"WebPage\",\"@id\":\"https:\\\/\\\/www.amper-aufsperrdienst.de\\\/en\\\/locksmith-kreuth\\\/\",\"url\":\"https:\\\/\\\/www.amper-aufsperrdienst.de\\\/en\\\/locksmith-kreuth\\\/\",\"name\":\"Locksmith Kreuth: from \u20ac52,- fixed price\",\"isPartOf\":{\"@id\":\"https:\\\/\\\/www.amper-aufsperrdienst.de\\\/en\\\/#website\"},\"primaryImageOfPage\":{\"@id\":\"https:\\\/\\\/www.amper-aufsperrdienst.de\\\/en\\\/locksmith-kreuth\\\/#primaryimage\"},\"image\":{\"@id\":\"https:\\\/\\\/www.amper-aufsperrdienst.de\\\/en\\\/locksmith-kreuth\\\/#primaryimage\"},\"thumbnailUrl\":\"https:\\\/\\\/www.amper-aufsperrdienst.de\\\/wp-content\\\/uploads\\\/2014\\\/12\\\/header-ffb.jpg\",\"datePublished\":\"2019-04-30T03:15:11+00:00\",\"dateModified\":\"2026-02-04T06:45:19+00:00\",\"description\":\"Unser professioneller Schl\u00fcsseldienst Kreuth \u00f6ffnet zum garantierten Festpreis zerst\u00f6rungsfrei T\u00fcren mit 24-Std-Einsatzbereitschaft; wir sind ca. 30 Min da\",\"breadcrumb\":{\"@id\":\"https:\\\/\\\/www.amper-aufsperrdienst.de\\\/en\\\/locksmith-kreuth\\\/#breadcrumb\"},\"inLanguage\":\"en-US\",\"potentialAction\":[{\"@type\":\"ReadAction\",\"target\":[\"https:\\\/\\\/www.amper-aufsperrdienst.de\\\/en\\\/locksmith-kreuth\\\/\"]}]},{\"@type\":\"ImageObject\",\"inLanguage\":\"en-US\",\"@id\":\"https:\\\/\\\/www.amper-aufsperrdienst.de\\\/en\\\/locksmith-kreuth\\\/#primaryimage\",\"url\":\"https:\\\/\\\/www.amper-aufsperrdienst.de\\\/wp-content\\\/uploads\\\/2014\\\/12\\\/header-ffb.jpg\",\"contentUrl\":\"https:\\\/\\\/www.amper-aufsperrdienst.de\\\/wp-content\\\/uploads\\\/2014\\\/12\\\/header-ffb.jpg\",\"width\":960,\"height\":360},{\"@type\":\"BreadcrumbList\",\"@id\":\"https:\\\/\\\/www.amper-aufsperrdienst.de\\\/en\\\/locksmith-kreuth\\\/#breadcrumb\",\"itemListElement\":[{\"@type\":\"ListItem\",\"position\":1,\"name\":\"Home\",\"item\":\"https:\\\/\\\/www.amper-aufsperrdienst.de\\\/en\\\/\"},{\"@type\":\"ListItem\",\"position\":2,\"name\":\"LOCKSMITH KREUTH\"}]},{\"@type\":\"WebSite\",\"@id\":\"https:\\\/\\\/www.amper-aufsperrdienst.de\\\/en\\\/#website\",\"url\":\"https:\\\/\\\/www.amper-aufsperrdienst.de\\\/en\\\/\",\"name\":\"Locksmith for Munich, Dachau and F\u00fcrstenfeldbruck\",\"description\":\"Amper Aufsperrdienst\",\"potentialAction\":[{\"@type\":\"SearchAction\",\"target\":{\"@type\":\"EntryPoint\",\"urlTemplate\":\"https:\\\/\\\/www.amper-aufsperrdienst.de\\\/en\\\/?s={search_term_string}\"},\"query-input\":{\"@type\":\"PropertyValueSpecification\",\"valueRequired\":true,\"valueName\":\"search_term_string\"}}],\"inLanguage\":\"en-US\"}]}<\/script>\n<!-- \/ Yoast SEO plugin. -->","yoast_head_json":{"title":"Locksmith Kreuth: from \u20ac52,- fixed price","description":"Unser professioneller Schl\u00fcsseldienst Kreuth \u00f6ffnet zum garantierten Festpreis zerst\u00f6rungsfrei T\u00fcren mit 24-Std-Einsatzbereitschaft; wir sind ca. 30 Min da","robots":{"index":"index","follow":"follow","max-snippet":"max-snippet:-1","max-image-preview":"max-image-preview:large","max-video-preview":"max-video-preview:-1"},"canonical":"https:\/\/www.amper-aufsperrdienst.de\/en\/locksmith-kreuth\/","og_locale":"en_US","og_type":"article","og_title":"Locksmith Kreuth: from \u20ac52,- fixed price","og_description":"Unser professioneller Schl\u00fcsseldienst Kreuth \u00f6ffnet zum garantierten Festpreis zerst\u00f6rungsfrei T\u00fcren mit 24-Std-Einsatzbereitschaft; wir sind ca. 30 Min da","og_url":"https:\/\/www.amper-aufsperrdienst.de\/en\/locksmith-kreuth\/","og_site_name":"Locksmith for Munich, Dachau and F\u00fcrstenfeldbruck","article_modified_time":"2026-02-04T06:45:19+00:00","og_image":[{"width":960,"height":360,"url":"https:\/\/www.amper-aufsperrdienst.de\/wp-content\/uploads\/2014\/12\/header-ffb.jpg","type":"image\/jpeg"}],"twitter_misc":{"Est. reading time":"3 minutes"},"schema":{"@context":"https:\/\/schema.org","@graph":[{"@type":"WebPage","@id":"https:\/\/www.amper-aufsperrdienst.de\/en\/locksmith-kreuth\/","url":"https:\/\/www.amper-aufsperrdienst.de\/en\/locksmith-kreuth\/","name":"Locksmith Kreuth: from \u20ac52,- fixed price","isPartOf":{"@id":"https:\/\/www.amper-aufsperrdienst.de\/en\/#website"},"primaryImageOfPage":{"@id":"https:\/\/www.amper-aufsperrdienst.de\/en\/locksmith-kreuth\/#primaryimage"},"image":{"@id":"https:\/\/www.amper-aufsperrdienst.de\/en\/locksmith-kreuth\/#primaryimage"},"thumbnailUrl":"https:\/\/www.amper-aufsperrdienst.de\/wp-content\/uploads\/2014\/12\/header-ffb.jpg","datePublished":"2019-04-30T03:15:11+00:00","dateModified":"2026-02-04T06:45:19+00:00","description":"Unser professioneller Schl\u00fcsseldienst Kreuth \u00f6ffnet zum garantierten Festpreis zerst\u00f6rungsfrei T\u00fcren mit 24-Std-Einsatzbereitschaft; wir sind ca. 30 Min da","breadcrumb":{"@id":"https:\/\/www.amper-aufsperrdienst.de\/en\/locksmith-kreuth\/#breadcrumb"},"inLanguage":"en-US","potentialAction":[{"@type":"ReadAction","target":["https:\/\/www.amper-aufsperrdienst.de\/en\/locksmith-kreuth\/"]}]},{"@type":"ImageObject","inLanguage":"en-US","@id":"https:\/\/www.amper-aufsperrdienst.de\/en\/locksmith-kreuth\/#primaryimage","url":"https:\/\/www.amper-aufsperrdienst.de\/wp-content\/uploads\/2014\/12\/header-ffb.jpg","contentUrl":"https:\/\/www.amper-aufsperrdienst.de\/wp-content\/uploads\/2014\/12\/header-ffb.jpg","width":960,"height":360},{"@type":"BreadcrumbList","@id":"https:\/\/www.amper-aufsperrdienst.de\/en\/locksmith-kreuth\/#breadcrumb","itemListElement":[{"@type":"ListItem","position":1,"name":"Home","item":"https:\/\/www.amper-aufsperrdienst.de\/en\/"},{"@type":"ListItem","position":2,"name":"LOCKSMITH KREUTH"}]},{"@type":"WebSite","@id":"https:\/\/www.amper-aufsperrdienst.de\/en\/#website","url":"https:\/\/www.amper-aufsperrdienst.de\/en\/","name":"Locksmith for Munich, Dachau and F\u00fcrstenfeldbruck","description":"Amper Aufsperrdienst","potentialAction":[{"@type":"SearchAction","target":{"@type":"EntryPoint","urlTemplate":"https:\/\/www.amper-aufsperrdienst.de\/en\/?s={search_term_string}"},"query-input":{"@type":"PropertyValueSpecification","valueRequired":true,"valueName":"search_term_string"}}],"inLanguage":"en-US"}]}},"_links":{"self":[{"href":"https:\/\/www.amper-aufsperrdienst.de\/en\/wp-json\/wp\/v2\/pages\/11617","targetHints":{"allow":["GET"]}}],"collection":[{"href":"https:\/\/www.amper-aufsperrdienst.de\/en\/wp-json\/wp\/v2\/pages"}],"about":[{"href":"https:\/\/www.amper-aufsperrdienst.de\/en\/wp-json\/wp\/v2\/types\/page"}],"author":[{"embeddable":true,"href":"https:\/\/www.amper-aufsperrdienst.de\/en\/wp-json\/wp\/v2\/users\/2"}],"replies":[{"embeddable":true,"href":"https:\/\/www.amper-aufsperrdienst.de\/en\/wp-json\/wp\/v2\/comments?post=11617"}],"version-history":[{"count":2,"href":"https:\/\/www.amper-aufsperrdienst.de\/en\/wp-json\/wp\/v2\/pages\/11617\/revisions"}],"predecessor-version":[{"id":14906,"href":"https:\/\/www.amper-aufsperrdienst.de\/en\/wp-json\/wp\/v2\/pages\/11617\/revisions\/14906"}],"wp:featuredmedia":[{"embeddable":true,"href":"https:\/\/www.amper-aufsperrdienst.de\/en\/wp-json\/wp\/v2\/media\/10880"}],"wp:attachment":[{"href":"https:\/\/www.amper-aufsperrdienst.de\/en\/wp-json\/wp\/v2\/media?parent=11617"}],"curies":[{"name":"wp","href":"https:\/\/api.w.org\/{rel}","templated":true}]}}