{"id":11642,"date":"2017-12-04T13:54:44","date_gmt":"2017-12-04T11:54:44","guid":{"rendered":"https:\/\/www.amper-aufsperrdienst.de\/locksmith-kranzberg\/"},"modified":"2026-01-21T05:23:52","modified_gmt":"2026-01-21T03:23:52","slug":"locksmith-kranzberg","status":"publish","type":"page","link":"https:\/\/www.amper-aufsperrdienst.de\/en\/locksmith-kranzberg\/","title":{"rendered":"Locksmith Kranzberg"},"content":{"rendered":"<p><img loading=\"lazy\" decoding=\"async\" class=\"alignleft\" style=\"margin-bottom: 5px !important;\" src=\"https:\/\/www.amper-aufsperrdienst.de\/wp-content\/uploads\/2021\/03\/schluesseldienst-kranzberg-festpreis-ab-52-siegel.jpg\" alt=\"Locksmith Amper-aufsperrdienst Kranzberg with fixed price from 52,- EUR\" width=\"250\" height=\"250\" \/><\/p>\n<p>People locking themselves out happens every day. So don&#8217;t panic if you find yourself standing in front of a locked or jammed front door. Instead, simply pick up your mobile phone and dial the 24\/7 toll-free number for Amper Locksmith Service. As a traditional locksmith in Kranzberg, we&#8217;ve been unlocking front doors non-destructively for three generations \u2013 and if you wish, we&#8217;re happy to offer a fair and fixed price. Our arrival time is usually no more than about half an hour.<\/p>\n          <!-- tarif -->\n<h2><b><span style=\"vertical-align: inherit;\"><span style=\"vertical-align: inherit;\">Our binding fixed prices start from \u20ac52.<\/span><\/span><\/b><\/h2>\n<p>Amper Locksmith Service is a fair locksmith service with transparent fixed prices:<\/p>\n<div class=\"table-title\">\n\tPRICE LIST  UNLOCK\n<\/div>\n<!-- Table part-->\n<table class=\"table\">\n  <thead class=\"header\">\n\t  <tr>\n     \t <th scope=\"col\">Time<\/th>\n     \t <th scope=\"col\">8 - 18<\/th>\n     \t <th scope=\"col\">18 - 22<\/th>\n     \t <th scope=\"col\">22 - 8<\/th>\n\t<\/tr>\n  <\/thead>\n  <tbody>\n     \t  <tr class=\"weekdays\">\n     \t  \t  <td class=\"tag\" data-label=\"Time\">Mo - Fr<\/td>\n     \t  \t  <td class=\"hrs tag\" data-label=\"8 - 18\">52,- \u20ac<\/td>\n     \t  \t  <td class=\"tag space\" data-label=\"18 - 22\">82,- \u20ac<\/td>\n     \t  \t  <td data-label=\"22 - 8\">95,- \u20ac<\/td>\n     \t  <\/tr>\n     <tr class=\"weekends\">\n     \t  \t  <td class=\"tag\" data-label=\"Time\">Sa<\/td>\n     \t  \t  <td class=\"tag\" data-label=\"8 - 18\">95,- \u20ac<\/td>\n     \t  \t  <td class=\"tag\" data-label=\"18 - 22\">95,- \u20ac<\/td>\n     \t  \t  <td data-label=\"22 - 8\">125,- \u20ac<\/td>\n     \t  <\/tr>\n     <tr class=\"holidays\">\n     \t  \t  <td class=\"tag\" data-label=\"Time\">So & holiday<\/td>\n     \t  \t  <td class=\"tag\" data-label=\"8 - 18\">125,- \u20ac<\/td>\n     \t  \t  <td class=\"tag\" data-label=\"18 - 22\">125,-\u20ac<\/td>\n     \t  \t  <td data-label=\"22 - 8\">125,-\u20ac<\/td>\n     \t  <\/tr>\n     <\/tbody>\n<\/table>\n<!-- Table Description-->\n<div class=\"table-description\">\n\t<em>Please call to inquire about travel costs.<\/em>\n<\/div>\n<!-- Wordings below -->\n<div class=\"wordings\">\n<p>The prices listed in this table are binding for unlocking a door that has slammed shut or been pulled shut (without self-locking mechanisms). Please feel free to contact us if you would like a price quote for other locksmith services. We will gladly provide you with a transparent, fixed-price offer.<\/p>\n<\/div>\n\n<!-- END Wordings -->\n\n\n\n<div class=\"ansprech\">Professional locksmith service in Kranzberg with a fixed price guarantee<br \/>\n<h3 class=\"phone mobilesOnly\"><a href=\"tel:+498000131131\">0800 \/ 0 131 131<\/a><\/h3><h3 class=\"phone desktopOnly\"><a href=\"tel:+498000131131\">0800 \/ 0 131 131<\/a><\/h3>Free emergency hotline &amp; 24\/7 service<\/div>\n<h2>The municipality of Kranzberg in the district of Freising<\/h2>\n<p>Kranzberg lies in the west of the Upper Bavarian district of Freising, in the Amper Valley. The district capital, Freising, is only about 10 kilometers away. The municipality of Kranzberg has approximately 4,100 inhabitants and covers an area of \u200b\u200b39.51 square kilometers. The postal code is 85402, and the telephone area code is 08166.<\/p>\n<p>The districts of the municipality of Kranzberg include Ampertshausen, Ast, Berg, Bernstorf, Dorfacker, Eberspoint, Giesenbach, Grandlmiltach, Gremertshausen, Griesbach, Hagenau, H\u00f6henberg, Hohenbercha, Kranzberg, K\u00fchnhausen, Neuhausen, Oberberghausen (Waldkirche), Sch\u00f6nbichl, Sickenhausen, Thalhausen, Thurnsberg, Viehhausen and Zinklmiltach.<\/p>\n<p>Kranzberg should not be confused with the Kranzberg in the municipality of Au in the Hallertau region.<\/p>\n<h2>Kranzberg should not be confused with the Kranzberg in the municipality of Au in the Hallertau region.<\/h2>\n<p>Do you urgently need a reliable locksmith in Kranzberg or one of the aforementioned districts who offers fair fixed prices and specializes in damage-free lockouts? Then you&#8217;ve come to the right place. Amper Locksmith Service will provide you with a binding fixed-price quote upon your initial free call. This quote remains valid and unchangeable after the door has been opened. Hidden costs? Not with Amper Locksmith Service!<\/p>\n<h2>Use of special tools for damage-free unlocking<\/h2>\n<p>When unlocking doors, we exclusively use professional locksmith tools designed specifically for damage-free opening. Our employees are, of course, highly skilled in using these tools. They are also meticulous, fast, precise, and exceptionally well-trained. Amper Locksmith Service has already opened thousands of front doors \u2013 at a fixed price and without causing any damage. Only in very rare cases do we actually need to use a drill to open the lock cylinder.<\/p>\n<h2>24\/7 emergency service with a 24-hour telephone number<\/h2>\n<p>Amper Locksmith Service is a true emergency locksmith service that doesn&#8217;t have regular business hours because it&#8217;s available around the clock on its 24-hour emergency hotline. Have you locked yourself out on a Sunday or a public holiday? No problem! Our experts are happy to help even when other locksmiths are closed. Even in complete darkness, you can reach us and request a non-destructive door opening service at night.<\/p>\n<p>Are you looking for a professional, affordable, and reliable locksmith in Kranzberg who offers competitive fixed prices and expertly performs damage-free door openings? Feel free to call us anytime, free of charge. You&#8217;ll be connected directly to one of our experienced locksmiths. We don&#8217;t use a call center or switchboard, as this would prevent us from providing you with the best possible advice. After all, who knows more about door openings and locks than locksmiths who have successfully and damage-free unlocked countless doors?<\/p>\n<div class=\"ansprech\">Professional locksmith service in Kranzberg with a fixed price guarantee<br \/>\n<h3 class=\"phone mobilesOnly\"><a href=\"tel:+498000131131\">0800 \/ 0 131 131<\/a><\/h3><h3 class=\"phone desktopOnly\"><a href=\"tel:+498000131131\">0800 \/ 0 131 131<\/a><\/h3>Free emergency hotline &amp; 24\/7 service<\/div>\n","protected":false},"excerpt":{"rendered":"<p>People locking themselves out happens every day. So don&#8217;t panic if you find yourself standing in front of a locked or jammed front door. Instead, simply pick up your mobile phone and dial the 24\/7 toll-free number for Amper Locksmith Service. As a traditional locksmith in Kranzberg, we&#8217;ve been unlocking front doors non-destructively for three [&hellip;]<\/p>\n","protected":false},"author":2,"featured_media":11004,"parent":0,"menu_order":0,"comment_status":"closed","ping_status":"closed","template":"","meta":{"footnotes":"","_links_to":"","_links_to_target":""},"class_list":["post-11642","page","type-page","status-publish","has-post-thumbnail","hentry"],"yoast_head":"<!-- This site is optimized with the Yoast SEO plugin v27.4 - https:\/\/yoast.com\/product\/yoast-seo-wordpress\/ -->\n<title>Professional locksmith service in Kranzberg with a fixed price guarantee<\/title>\n<meta name=\"description\" content=\"Reliable locksmith service in Kranzberg with fixed price guarantee, 24-hour on-call service &amp; free emergency call: Damage-free door unlocking with special tools\" \/>\n<meta name=\"robots\" content=\"index, follow, max-snippet:-1, max-image-preview:large, max-video-preview:-1\" \/>\n<link rel=\"canonical\" href=\"https:\/\/www.amper-aufsperrdienst.de\/en\/locksmith-kranzberg\/\" \/>\n<meta property=\"og:locale\" content=\"en_US\" \/>\n<meta property=\"og:type\" content=\"article\" \/>\n<meta property=\"og:title\" content=\"Professional locksmith service in Kranzberg with a fixed price guarantee\" \/>\n<meta property=\"og:description\" content=\"Reliable locksmith service in Kranzberg with fixed price guarantee, 24-hour on-call service &amp; free emergency call: Damage-free door unlocking with special tools\" \/>\n<meta property=\"og:url\" content=\"https:\/\/www.amper-aufsperrdienst.de\/en\/locksmith-kranzberg\/\" \/>\n<meta property=\"og:site_name\" content=\"Locksmith for Munich, Dachau and F\u00fcrstenfeldbruck\" \/>\n<meta property=\"article:modified_time\" content=\"2026-01-21T03:23:52+00:00\" \/>\n<meta property=\"og:image\" content=\"https:\/\/www.amper-aufsperrdienst.de\/wp-content\/uploads\/2014\/12\/header-freising.jpg\" \/>\n\t<meta property=\"og:image:width\" content=\"960\" \/>\n\t<meta property=\"og:image:height\" content=\"360\" \/>\n\t<meta property=\"og:image:type\" content=\"image\/jpeg\" \/>\n<meta name=\"twitter:label1\" content=\"Est. reading time\" \/>\n\t<meta name=\"twitter:data1\" content=\"4 minutes\" \/>\n<script type=\"application\/ld+json\" class=\"yoast-schema-graph\">{\"@context\":\"https:\\\/\\\/schema.org\",\"@graph\":[{\"@type\":\"WebPage\",\"@id\":\"https:\\\/\\\/www.amper-aufsperrdienst.de\\\/en\\\/locksmith-kranzberg\\\/\",\"url\":\"https:\\\/\\\/www.amper-aufsperrdienst.de\\\/en\\\/locksmith-kranzberg\\\/\",\"name\":\"Professional locksmith service in Kranzberg with a fixed price guarantee\",\"isPartOf\":{\"@id\":\"https:\\\/\\\/www.amper-aufsperrdienst.de\\\/en\\\/#website\"},\"primaryImageOfPage\":{\"@id\":\"https:\\\/\\\/www.amper-aufsperrdienst.de\\\/en\\\/locksmith-kranzberg\\\/#primaryimage\"},\"image\":{\"@id\":\"https:\\\/\\\/www.amper-aufsperrdienst.de\\\/en\\\/locksmith-kranzberg\\\/#primaryimage\"},\"thumbnailUrl\":\"https:\\\/\\\/www.amper-aufsperrdienst.de\\\/wp-content\\\/uploads\\\/2014\\\/12\\\/header-freising.jpg\",\"datePublished\":\"2017-12-04T11:54:44+00:00\",\"dateModified\":\"2026-01-21T03:23:52+00:00\",\"description\":\"Reliable locksmith service in Kranzberg with fixed price guarantee, 24-hour on-call service & free emergency call: Damage-free door unlocking with special tools\",\"breadcrumb\":{\"@id\":\"https:\\\/\\\/www.amper-aufsperrdienst.de\\\/en\\\/locksmith-kranzberg\\\/#breadcrumb\"},\"inLanguage\":\"en-US\",\"potentialAction\":[{\"@type\":\"ReadAction\",\"target\":[\"https:\\\/\\\/www.amper-aufsperrdienst.de\\\/en\\\/locksmith-kranzberg\\\/\"]}]},{\"@type\":\"ImageObject\",\"inLanguage\":\"en-US\",\"@id\":\"https:\\\/\\\/www.amper-aufsperrdienst.de\\\/en\\\/locksmith-kranzberg\\\/#primaryimage\",\"url\":\"https:\\\/\\\/www.amper-aufsperrdienst.de\\\/wp-content\\\/uploads\\\/2014\\\/12\\\/header-freising.jpg\",\"contentUrl\":\"https:\\\/\\\/www.amper-aufsperrdienst.de\\\/wp-content\\\/uploads\\\/2014\\\/12\\\/header-freising.jpg\",\"width\":960,\"height\":360},{\"@type\":\"BreadcrumbList\",\"@id\":\"https:\\\/\\\/www.amper-aufsperrdienst.de\\\/en\\\/locksmith-kranzberg\\\/#breadcrumb\",\"itemListElement\":[{\"@type\":\"ListItem\",\"position\":1,\"name\":\"Home\",\"item\":\"https:\\\/\\\/www.amper-aufsperrdienst.de\\\/en\\\/\"},{\"@type\":\"ListItem\",\"position\":2,\"name\":\"Locksmith Kranzberg\"}]},{\"@type\":\"WebSite\",\"@id\":\"https:\\\/\\\/www.amper-aufsperrdienst.de\\\/en\\\/#website\",\"url\":\"https:\\\/\\\/www.amper-aufsperrdienst.de\\\/en\\\/\",\"name\":\"Locksmith for Munich, Dachau and F\u00fcrstenfeldbruck\",\"description\":\"Amper Aufsperrdienst\",\"potentialAction\":[{\"@type\":\"SearchAction\",\"target\":{\"@type\":\"EntryPoint\",\"urlTemplate\":\"https:\\\/\\\/www.amper-aufsperrdienst.de\\\/en\\\/?s={search_term_string}\"},\"query-input\":{\"@type\":\"PropertyValueSpecification\",\"valueRequired\":true,\"valueName\":\"search_term_string\"}}],\"inLanguage\":\"en-US\"}]}<\/script>\n<!-- \/ Yoast SEO plugin. -->","yoast_head_json":{"title":"Professional locksmith service in Kranzberg with a fixed price guarantee","description":"Reliable locksmith service in Kranzberg with fixed price guarantee, 24-hour on-call service & free emergency call: Damage-free door unlocking with special tools","robots":{"index":"index","follow":"follow","max-snippet":"max-snippet:-1","max-image-preview":"max-image-preview:large","max-video-preview":"max-video-preview:-1"},"canonical":"https:\/\/www.amper-aufsperrdienst.de\/en\/locksmith-kranzberg\/","og_locale":"en_US","og_type":"article","og_title":"Professional locksmith service in Kranzberg with a fixed price guarantee","og_description":"Reliable locksmith service in Kranzberg with fixed price guarantee, 24-hour on-call service & free emergency call: Damage-free door unlocking with special tools","og_url":"https:\/\/www.amper-aufsperrdienst.de\/en\/locksmith-kranzberg\/","og_site_name":"Locksmith for Munich, Dachau and F\u00fcrstenfeldbruck","article_modified_time":"2026-01-21T03:23:52+00:00","og_image":[{"width":960,"height":360,"url":"https:\/\/www.amper-aufsperrdienst.de\/wp-content\/uploads\/2014\/12\/header-freising.jpg","type":"image\/jpeg"}],"twitter_misc":{"Est. reading time":"4 minutes"},"schema":{"@context":"https:\/\/schema.org","@graph":[{"@type":"WebPage","@id":"https:\/\/www.amper-aufsperrdienst.de\/en\/locksmith-kranzberg\/","url":"https:\/\/www.amper-aufsperrdienst.de\/en\/locksmith-kranzberg\/","name":"Professional locksmith service in Kranzberg with a fixed price guarantee","isPartOf":{"@id":"https:\/\/www.amper-aufsperrdienst.de\/en\/#website"},"primaryImageOfPage":{"@id":"https:\/\/www.amper-aufsperrdienst.de\/en\/locksmith-kranzberg\/#primaryimage"},"image":{"@id":"https:\/\/www.amper-aufsperrdienst.de\/en\/locksmith-kranzberg\/#primaryimage"},"thumbnailUrl":"https:\/\/www.amper-aufsperrdienst.de\/wp-content\/uploads\/2014\/12\/header-freising.jpg","datePublished":"2017-12-04T11:54:44+00:00","dateModified":"2026-01-21T03:23:52+00:00","description":"Reliable locksmith service in Kranzberg with fixed price guarantee, 24-hour on-call service & free emergency call: Damage-free door unlocking with special tools","breadcrumb":{"@id":"https:\/\/www.amper-aufsperrdienst.de\/en\/locksmith-kranzberg\/#breadcrumb"},"inLanguage":"en-US","potentialAction":[{"@type":"ReadAction","target":["https:\/\/www.amper-aufsperrdienst.de\/en\/locksmith-kranzberg\/"]}]},{"@type":"ImageObject","inLanguage":"en-US","@id":"https:\/\/www.amper-aufsperrdienst.de\/en\/locksmith-kranzberg\/#primaryimage","url":"https:\/\/www.amper-aufsperrdienst.de\/wp-content\/uploads\/2014\/12\/header-freising.jpg","contentUrl":"https:\/\/www.amper-aufsperrdienst.de\/wp-content\/uploads\/2014\/12\/header-freising.jpg","width":960,"height":360},{"@type":"BreadcrumbList","@id":"https:\/\/www.amper-aufsperrdienst.de\/en\/locksmith-kranzberg\/#breadcrumb","itemListElement":[{"@type":"ListItem","position":1,"name":"Home","item":"https:\/\/www.amper-aufsperrdienst.de\/en\/"},{"@type":"ListItem","position":2,"name":"Locksmith Kranzberg"}]},{"@type":"WebSite","@id":"https:\/\/www.amper-aufsperrdienst.de\/en\/#website","url":"https:\/\/www.amper-aufsperrdienst.de\/en\/","name":"Locksmith for Munich, Dachau and F\u00fcrstenfeldbruck","description":"Amper Aufsperrdienst","potentialAction":[{"@type":"SearchAction","target":{"@type":"EntryPoint","urlTemplate":"https:\/\/www.amper-aufsperrdienst.de\/en\/?s={search_term_string}"},"query-input":{"@type":"PropertyValueSpecification","valueRequired":true,"valueName":"search_term_string"}}],"inLanguage":"en-US"}]}},"_links":{"self":[{"href":"https:\/\/www.amper-aufsperrdienst.de\/en\/wp-json\/wp\/v2\/pages\/11642","targetHints":{"allow":["GET"]}}],"collection":[{"href":"https:\/\/www.amper-aufsperrdienst.de\/en\/wp-json\/wp\/v2\/pages"}],"about":[{"href":"https:\/\/www.amper-aufsperrdienst.de\/en\/wp-json\/wp\/v2\/types\/page"}],"author":[{"embeddable":true,"href":"https:\/\/www.amper-aufsperrdienst.de\/en\/wp-json\/wp\/v2\/users\/2"}],"replies":[{"embeddable":true,"href":"https:\/\/www.amper-aufsperrdienst.de\/en\/wp-json\/wp\/v2\/comments?post=11642"}],"version-history":[{"count":1,"href":"https:\/\/www.amper-aufsperrdienst.de\/en\/wp-json\/wp\/v2\/pages\/11642\/revisions"}],"predecessor-version":[{"id":11649,"href":"https:\/\/www.amper-aufsperrdienst.de\/en\/wp-json\/wp\/v2\/pages\/11642\/revisions\/11649"}],"wp:featuredmedia":[{"embeddable":true,"href":"https:\/\/www.amper-aufsperrdienst.de\/en\/wp-json\/wp\/v2\/media\/11004"}],"wp:attachment":[{"href":"https:\/\/www.amper-aufsperrdienst.de\/en\/wp-json\/wp\/v2\/media?parent=11642"}],"curies":[{"name":"wp","href":"https:\/\/api.w.org\/{rel}","templated":true}]}}