{"id":11644,"date":"2017-12-05T04:15:57","date_gmt":"2017-12-05T02:15:57","guid":{"rendered":"https:\/\/www.amper-aufsperrdienst.de\/schluesseldienst-nandlstadt\/"},"modified":"2026-01-27T08:10:12","modified_gmt":"2026-01-27T06:10:12","slug":"locksmith-nandlstadt","status":"publish","type":"page","link":"https:\/\/www.amper-aufsperrdienst.de\/en\/locksmith-nandlstadt\/","title":{"rendered":"Locksmith Nandlstadt"},"content":{"rendered":"<p><img loading=\"lazy\" decoding=\"async\" class=\"alignleft\" style=\"margin-bottom: 5px !important;\" src=\"https:\/\/www.amper-aufsperrdienst.de\/wp-content\/uploads\/2021\/03\/schluesseldienst-nandlstadt-festpreis-ab-52-siegel.jpg\" alt=\"Locksmith in Munich with a fixed price starting from \u20ac52.\" width=\"250\" height=\"250\" \/><\/p>\n<p>Have you locked yourself out of your house in Nandlstadt and don&#8217;t know what to do? Please don&#8217;t despair and please do not attempt to force your locked or latched front door open! Instead, take out your mobile phone, dial our free 24-hour emergency hotline, and describe the situation to us in detail. Based on your description, we will calculate a fair and binding fixed price and come to you immediately after you place your order. As a locksmith service in Nandlstadt, we don&#8217;t operate with set opening hours or waiting lists. Even if you contact us on a Sunday or public holiday for a damage-free door opening, we will set off immediately to provide you with expert assistance.<\/p>\n          <!-- tarif -->\n<h2><b><span style=\"vertical-align: inherit;\"><span style=\"vertical-align: inherit;\">Our binding fixed prices start from \u20ac52.<\/span><\/span><\/b><\/h2>\n<p>Amper Locksmith Service is a fair locksmith service with transparent fixed prices:<\/p>\n<div class=\"table-title\">\n\tPRICE LIST  UNLOCK\n<\/div>\n<!-- Table part-->\n<table class=\"table\">\n  <thead class=\"header\">\n\t  <tr>\n     \t <th scope=\"col\">Time<\/th>\n     \t <th scope=\"col\">8 - 18<\/th>\n     \t <th scope=\"col\">18 - 22<\/th>\n     \t <th scope=\"col\">22 - 8<\/th>\n\t<\/tr>\n  <\/thead>\n  <tbody>\n     \t  <tr class=\"weekdays\">\n     \t  \t  <td class=\"tag\" data-label=\"Time\">Mo - Fr<\/td>\n     \t  \t  <td class=\"hrs tag\" data-label=\"8 - 18\">52,- \u20ac<\/td>\n     \t  \t  <td class=\"tag space\" data-label=\"18 - 22\">82,- \u20ac<\/td>\n     \t  \t  <td data-label=\"22 - 8\">95,- \u20ac<\/td>\n     \t  <\/tr>\n     <tr class=\"weekends\">\n     \t  \t  <td class=\"tag\" data-label=\"Time\">Sa<\/td>\n     \t  \t  <td class=\"tag\" data-label=\"8 - 18\">95,- \u20ac<\/td>\n     \t  \t  <td class=\"tag\" data-label=\"18 - 22\">95,- \u20ac<\/td>\n     \t  \t  <td data-label=\"22 - 8\">125,- \u20ac<\/td>\n     \t  <\/tr>\n     <tr class=\"holidays\">\n     \t  \t  <td class=\"tag\" data-label=\"Time\">So & holiday<\/td>\n     \t  \t  <td class=\"tag\" data-label=\"8 - 18\">125,- \u20ac<\/td>\n     \t  \t  <td class=\"tag\" data-label=\"18 - 22\">125,-\u20ac<\/td>\n     \t  \t  <td data-label=\"22 - 8\">125,-\u20ac<\/td>\n     \t  <\/tr>\n     <\/tbody>\n<\/table>\n<!-- Table Description-->\n<div class=\"table-description\">\n\t<em>Please call to inquire about travel costs.<\/em>\n<\/div>\n<!-- Wordings below -->\n<div class=\"wordings\">\n<p>The prices listed in this table are binding for unlocking a door that has slammed shut or been pulled shut (without self-locking mechanisms). Please feel free to contact us if you would like a price quote for other locksmith services. We will gladly provide you with a transparent, fixed-price offer.<\/p>\n<\/div>\n\n<!-- END Wordings -->\n\n\n\n<div class=\"ansprech\">Experienced locksmith service in Nandlstadt, now in its third generation<br \/><h3 class=\"phone mobilesOnly\"><a href=\"tel:+498000131131\">0800 \/ 0 131 131<\/a><\/h3><h3 class=\"phone desktopOnly\"><a href=\"tel:+498000131131\">0800 \/ 0 131 131<\/a><\/h3>24-hour emergency service for damage-free lock opening at a low fixed price<\/div>\n<h2>The market town of Nandlstadt in the district of Freising<\/h2>\n<p>Nandlstadt is located in the north of the Upper Bavarian district of Freising and is considered the birthplace of hop cultivation. Around 5,100 people live here in an area of \u200b\u200b34.3 square kilometers. The two postal codes are 85405 and 85395, and the telephone area code is 08756.<\/p>\n\n<p>The market town of Nandlstadt comprises a total of 39 districts. In alphabetical order, they are called Aiglsdorf, Airischwand, Altfalterbach, Andorf, Bauernried, Baumgarten, Bockschwaig, Brudersdorf, Faistenberg, Figlsdorf, Gro\u00dfgr\u00fcndling, Gr\u00fcndl, Hadersdorf, Hausmehring, H\u00f6llbauer, Holzen, Kainrad, Kitzberg, Kleingr\u00fcndling, Kleinwolfersdorf, Kollersdorf, Kronwinkl, Meilendorf, Nandlstadt, Oberholzh\u00e4useln, Oberschwaig, Rehloh, Reith, Riedglas, Riedhof, Schatz, Spitz, Thalsepp, T\u00f6lzkirchen, Unterholzh\u00e4useln, Wadensdorf, Weihersdorf, Zeilhof, and Zulehen.<\/p>\n<p>Nandlstadt was first mentioned in a document in 815. At that time, the settlement was called Nandelstadt.<\/p>\n<h2>Locksmith Nandlstadt: Fixed Price Guarantee for Non-Destructive Door Opening<\/h2>\n<p>Do you need a professional locksmith in Nandlstadt or one of the aforementioned districts who guarantees fixed prices and specializes in unlocking doors without damage? Then you&#8217;ve come to the right place. We have extensive experience, having unlocked doors for three generations, and we focus on honesty, speed, friendliness, transparency, and the highest level of professionalism.<\/p>\n<h2>Professional Door Opening with Special Tools<\/h2>\n<p>When opening doors, our highly trained locksmiths proceed with the utmost precision, concentration, and care. Their toolboxes contain only the best instruments and tools, specifically designed for locksmiths to open doors without causing damage. With expertise, experience, and the right specialized tools, we are able to unlock all types of front and apartment doors without damaging them. In over 99% of our jobs, we succeed in doing so without causing any damage.<\/p>\n<h2>24\/7 Service and Free Emergency Hotline<\/h2>\n<p>We offer our non-destructive door opening service with specialized tools not only during specific business hours. Amper Locksmith Service is available around the clock and works every hour, even on Sundays and public holidays. So don&#8217;t panic if you find yourself locked out on Easter, Pentecost, All Saints&#8217; Day, Christmas, or New Year&#8217;s Day. Our experts work 365 days a year, without exception. Especially on Sundays and public holidays, lockouts are very common because, quite simply, many people are out and about on these days, and therefore the likelihood of keys being forgotten or lost is higher.<\/p>\n<p>Are you looking for a fast, transparent, and affordable locksmith in Nandlstadt who can professionally and non-destructively open locked or jammed doors for a fixed price? Contact us anytime, free of charge! We&#8217;re happy to help!<\/p>\n<div class=\"ansprech\">Experienced locksmith service in Nandlstadt, now in its 3rd generation<br \/><h3 class=\"phone mobilesOnly\"><a href=\"tel:+498000131131\">0800 \/ 0 131 131<\/a><\/h3><h3 class=\"phone desktopOnly\"><a href=\"tel:+498000131131\">0800 \/ 0 131 131<\/a><\/h3>24-hour emergency service for damage-free unlocking at a low fixed price<\/div>\n\n\n<p><\/p>\n","protected":false},"excerpt":{"rendered":"<p>Have you locked yourself out of your house in Nandlstadt and don&#8217;t know what to do? Please don&#8217;t despair and please do not attempt to force your locked or latched front door open! Instead, take out your mobile phone, dial our free 24-hour emergency hotline, and describe the situation to us in detail. Based on [&hellip;]<\/p>\n","protected":false},"author":2,"featured_media":11004,"parent":0,"menu_order":0,"comment_status":"closed","ping_status":"closed","template":"","meta":{"footnotes":"","_links_to":"","_links_to_target":""},"class_list":["post-11644","page","type-page","status-publish","has-post-thumbnail","hentry"],"yoast_head":"<!-- This site is optimized with the Yoast SEO plugin v27.4 - https:\/\/yoast.com\/product\/yoast-seo-wordpress\/ -->\n<title>Locksmith Nandlstadt: from \u20ac52,- fixed price<\/title>\n<meta name=\"description\" content=\"Fast and fair locksmith service in Nandlstadt for damage-free unlocking at a fixed price: free emergency hotline, 24-hour service &amp; friendly staff\" \/>\n<meta name=\"robots\" content=\"index, follow, max-snippet:-1, max-image-preview:large, max-video-preview:-1\" \/>\n<link rel=\"canonical\" href=\"https:\/\/www.amper-aufsperrdienst.de\/en\/locksmith-nandlstadt\/\" \/>\n<meta property=\"og:locale\" content=\"en_US\" \/>\n<meta property=\"og:type\" content=\"article\" \/>\n<meta property=\"og:title\" content=\"Locksmith Nandlstadt: from \u20ac52,- fixed price\" \/>\n<meta property=\"og:description\" content=\"Fast and fair locksmith service in Nandlstadt for damage-free unlocking at a fixed price: free emergency hotline, 24-hour service &amp; friendly staff\" \/>\n<meta property=\"og:url\" content=\"https:\/\/www.amper-aufsperrdienst.de\/en\/locksmith-nandlstadt\/\" \/>\n<meta property=\"og:site_name\" content=\"Locksmith for Munich, Dachau and F\u00fcrstenfeldbruck\" \/>\n<meta property=\"article:modified_time\" content=\"2026-01-27T06:10:12+00:00\" \/>\n<meta property=\"og:image\" content=\"https:\/\/www.amper-aufsperrdienst.de\/wp-content\/uploads\/2014\/12\/header-freising.jpg\" \/>\n\t<meta property=\"og:image:width\" content=\"960\" \/>\n\t<meta property=\"og:image:height\" content=\"360\" \/>\n\t<meta property=\"og:image:type\" content=\"image\/jpeg\" \/>\n<meta name=\"twitter:label1\" content=\"Est. reading time\" \/>\n\t<meta name=\"twitter:data1\" content=\"4 minutes\" \/>\n<script type=\"application\/ld+json\" class=\"yoast-schema-graph\">{\"@context\":\"https:\\\/\\\/schema.org\",\"@graph\":[{\"@type\":\"WebPage\",\"@id\":\"https:\\\/\\\/www.amper-aufsperrdienst.de\\\/en\\\/locksmith-nandlstadt\\\/\",\"url\":\"https:\\\/\\\/www.amper-aufsperrdienst.de\\\/en\\\/locksmith-nandlstadt\\\/\",\"name\":\"Locksmith Nandlstadt: from \u20ac52,- fixed price\",\"isPartOf\":{\"@id\":\"https:\\\/\\\/www.amper-aufsperrdienst.de\\\/en\\\/#website\"},\"primaryImageOfPage\":{\"@id\":\"https:\\\/\\\/www.amper-aufsperrdienst.de\\\/en\\\/locksmith-nandlstadt\\\/#primaryimage\"},\"image\":{\"@id\":\"https:\\\/\\\/www.amper-aufsperrdienst.de\\\/en\\\/locksmith-nandlstadt\\\/#primaryimage\"},\"thumbnailUrl\":\"https:\\\/\\\/www.amper-aufsperrdienst.de\\\/wp-content\\\/uploads\\\/2014\\\/12\\\/header-freising.jpg\",\"datePublished\":\"2017-12-05T02:15:57+00:00\",\"dateModified\":\"2026-01-27T06:10:12+00:00\",\"description\":\"Fast and fair locksmith service in Nandlstadt for damage-free unlocking at a fixed price: free emergency hotline, 24-hour service & friendly staff\",\"breadcrumb\":{\"@id\":\"https:\\\/\\\/www.amper-aufsperrdienst.de\\\/en\\\/locksmith-nandlstadt\\\/#breadcrumb\"},\"inLanguage\":\"en-US\",\"potentialAction\":[{\"@type\":\"ReadAction\",\"target\":[\"https:\\\/\\\/www.amper-aufsperrdienst.de\\\/en\\\/locksmith-nandlstadt\\\/\"]}]},{\"@type\":\"ImageObject\",\"inLanguage\":\"en-US\",\"@id\":\"https:\\\/\\\/www.amper-aufsperrdienst.de\\\/en\\\/locksmith-nandlstadt\\\/#primaryimage\",\"url\":\"https:\\\/\\\/www.amper-aufsperrdienst.de\\\/wp-content\\\/uploads\\\/2014\\\/12\\\/header-freising.jpg\",\"contentUrl\":\"https:\\\/\\\/www.amper-aufsperrdienst.de\\\/wp-content\\\/uploads\\\/2014\\\/12\\\/header-freising.jpg\",\"width\":960,\"height\":360},{\"@type\":\"BreadcrumbList\",\"@id\":\"https:\\\/\\\/www.amper-aufsperrdienst.de\\\/en\\\/locksmith-nandlstadt\\\/#breadcrumb\",\"itemListElement\":[{\"@type\":\"ListItem\",\"position\":1,\"name\":\"Home\",\"item\":\"https:\\\/\\\/www.amper-aufsperrdienst.de\\\/en\\\/\"},{\"@type\":\"ListItem\",\"position\":2,\"name\":\"Locksmith Nandlstadt\"}]},{\"@type\":\"WebSite\",\"@id\":\"https:\\\/\\\/www.amper-aufsperrdienst.de\\\/en\\\/#website\",\"url\":\"https:\\\/\\\/www.amper-aufsperrdienst.de\\\/en\\\/\",\"name\":\"Locksmith for Munich, Dachau and F\u00fcrstenfeldbruck\",\"description\":\"Amper Aufsperrdienst\",\"potentialAction\":[{\"@type\":\"SearchAction\",\"target\":{\"@type\":\"EntryPoint\",\"urlTemplate\":\"https:\\\/\\\/www.amper-aufsperrdienst.de\\\/en\\\/?s={search_term_string}\"},\"query-input\":{\"@type\":\"PropertyValueSpecification\",\"valueRequired\":true,\"valueName\":\"search_term_string\"}}],\"inLanguage\":\"en-US\"}]}<\/script>\n<!-- \/ Yoast SEO plugin. -->","yoast_head_json":{"title":"Locksmith Nandlstadt: from \u20ac52,- fixed price","description":"Fast and fair locksmith service in Nandlstadt for damage-free unlocking at a fixed price: free emergency hotline, 24-hour service & friendly staff","robots":{"index":"index","follow":"follow","max-snippet":"max-snippet:-1","max-image-preview":"max-image-preview:large","max-video-preview":"max-video-preview:-1"},"canonical":"https:\/\/www.amper-aufsperrdienst.de\/en\/locksmith-nandlstadt\/","og_locale":"en_US","og_type":"article","og_title":"Locksmith Nandlstadt: from \u20ac52,- fixed price","og_description":"Fast and fair locksmith service in Nandlstadt for damage-free unlocking at a fixed price: free emergency hotline, 24-hour service & friendly staff","og_url":"https:\/\/www.amper-aufsperrdienst.de\/en\/locksmith-nandlstadt\/","og_site_name":"Locksmith for Munich, Dachau and F\u00fcrstenfeldbruck","article_modified_time":"2026-01-27T06:10:12+00:00","og_image":[{"width":960,"height":360,"url":"https:\/\/www.amper-aufsperrdienst.de\/wp-content\/uploads\/2014\/12\/header-freising.jpg","type":"image\/jpeg"}],"twitter_misc":{"Est. reading time":"4 minutes"},"schema":{"@context":"https:\/\/schema.org","@graph":[{"@type":"WebPage","@id":"https:\/\/www.amper-aufsperrdienst.de\/en\/locksmith-nandlstadt\/","url":"https:\/\/www.amper-aufsperrdienst.de\/en\/locksmith-nandlstadt\/","name":"Locksmith Nandlstadt: from \u20ac52,- fixed price","isPartOf":{"@id":"https:\/\/www.amper-aufsperrdienst.de\/en\/#website"},"primaryImageOfPage":{"@id":"https:\/\/www.amper-aufsperrdienst.de\/en\/locksmith-nandlstadt\/#primaryimage"},"image":{"@id":"https:\/\/www.amper-aufsperrdienst.de\/en\/locksmith-nandlstadt\/#primaryimage"},"thumbnailUrl":"https:\/\/www.amper-aufsperrdienst.de\/wp-content\/uploads\/2014\/12\/header-freising.jpg","datePublished":"2017-12-05T02:15:57+00:00","dateModified":"2026-01-27T06:10:12+00:00","description":"Fast and fair locksmith service in Nandlstadt for damage-free unlocking at a fixed price: free emergency hotline, 24-hour service & friendly staff","breadcrumb":{"@id":"https:\/\/www.amper-aufsperrdienst.de\/en\/locksmith-nandlstadt\/#breadcrumb"},"inLanguage":"en-US","potentialAction":[{"@type":"ReadAction","target":["https:\/\/www.amper-aufsperrdienst.de\/en\/locksmith-nandlstadt\/"]}]},{"@type":"ImageObject","inLanguage":"en-US","@id":"https:\/\/www.amper-aufsperrdienst.de\/en\/locksmith-nandlstadt\/#primaryimage","url":"https:\/\/www.amper-aufsperrdienst.de\/wp-content\/uploads\/2014\/12\/header-freising.jpg","contentUrl":"https:\/\/www.amper-aufsperrdienst.de\/wp-content\/uploads\/2014\/12\/header-freising.jpg","width":960,"height":360},{"@type":"BreadcrumbList","@id":"https:\/\/www.amper-aufsperrdienst.de\/en\/locksmith-nandlstadt\/#breadcrumb","itemListElement":[{"@type":"ListItem","position":1,"name":"Home","item":"https:\/\/www.amper-aufsperrdienst.de\/en\/"},{"@type":"ListItem","position":2,"name":"Locksmith Nandlstadt"}]},{"@type":"WebSite","@id":"https:\/\/www.amper-aufsperrdienst.de\/en\/#website","url":"https:\/\/www.amper-aufsperrdienst.de\/en\/","name":"Locksmith for Munich, Dachau and F\u00fcrstenfeldbruck","description":"Amper Aufsperrdienst","potentialAction":[{"@type":"SearchAction","target":{"@type":"EntryPoint","urlTemplate":"https:\/\/www.amper-aufsperrdienst.de\/en\/?s={search_term_string}"},"query-input":{"@type":"PropertyValueSpecification","valueRequired":true,"valueName":"search_term_string"}}],"inLanguage":"en-US"}]}},"_links":{"self":[{"href":"https:\/\/www.amper-aufsperrdienst.de\/en\/wp-json\/wp\/v2\/pages\/11644","targetHints":{"allow":["GET"]}}],"collection":[{"href":"https:\/\/www.amper-aufsperrdienst.de\/en\/wp-json\/wp\/v2\/pages"}],"about":[{"href":"https:\/\/www.amper-aufsperrdienst.de\/en\/wp-json\/wp\/v2\/types\/page"}],"author":[{"embeddable":true,"href":"https:\/\/www.amper-aufsperrdienst.de\/en\/wp-json\/wp\/v2\/users\/2"}],"replies":[{"embeddable":true,"href":"https:\/\/www.amper-aufsperrdienst.de\/en\/wp-json\/wp\/v2\/comments?post=11644"}],"version-history":[{"count":2,"href":"https:\/\/www.amper-aufsperrdienst.de\/en\/wp-json\/wp\/v2\/pages\/11644\/revisions"}],"predecessor-version":[{"id":11667,"href":"https:\/\/www.amper-aufsperrdienst.de\/en\/wp-json\/wp\/v2\/pages\/11644\/revisions\/11667"}],"wp:featuredmedia":[{"embeddable":true,"href":"https:\/\/www.amper-aufsperrdienst.de\/en\/wp-json\/wp\/v2\/media\/11004"}],"wp:attachment":[{"href":"https:\/\/www.amper-aufsperrdienst.de\/en\/wp-json\/wp\/v2\/media?parent=11644"}],"curies":[{"name":"wp","href":"https:\/\/api.w.org\/{rel}","templated":true}]}}