{"id":11665,"date":"2018-03-01T05:04:25","date_gmt":"2018-03-01T03:04:25","guid":{"rendered":"https:\/\/www.amper-aufsperrdienst.de\/schluesseldienst-muenchen-st-anna-platz\/"},"modified":"2026-01-28T05:15:09","modified_gmt":"2026-01-28T03:15:09","slug":"locksmith-munich-st-anna-platz","status":"publish","type":"page","link":"https:\/\/www.amper-aufsperrdienst.de\/en\/locksmith-munich-st-anna-platz\/","title":{"rendered":"Locksmith Munich St.-Anna-Platz"},"content":{"rendered":"<p><img loading=\"lazy\" decoding=\"async\" class=\"alignleft\" style=\"margin-bottom: 5px !important;\" src=\"https:\/\/www.amper-aufsperrdienst.de\/wp-content\/uploads\/2021\/03\/schluesseldienst-muenchen-st-anna-platz-festpreis-ab-52-siegel.jpg\" alt=\"Amper Locksmith Opening Service muenchen-st-anna-platz with fixed price from 52,- EUR\" width=\"250\" height=\"250\" \/><\/p>\n<p>Your day was already stressful enough, and now you&#8217;ve locked yourself out? It couldn&#8217;t get any worse? Our fast, friendly, and honest locksmith service in Munich at St.-Anna-Platz takes a lot of trouble and worry off your hands, because the team from Mario Pichelmaier is your locksmith service that will be at your place in about 30 minutes. One call is enough, and our experienced staff will be on their way to you. We operate with fair fixed prices around the clock \u2013 every day of the year, including Sundays and holidays!<\/p>\n          <!-- tarif -->\n<h2><b><span style=\"vertical-align: inherit;\"><span style=\"vertical-align: inherit;\">Our binding fixed prices start from \u20ac52.<\/span><\/span><\/b><\/h2>\n<p>Amper Locksmith Service is a fair locksmith service with transparent fixed prices:<\/p>\n<div class=\"table-title\">\n\tPRICE LIST  UNLOCK\n<\/div>\n<!-- Table part-->\n<table class=\"table\">\n  <thead class=\"header\">\n\t  <tr>\n     \t <th scope=\"col\">Time<\/th>\n     \t <th scope=\"col\">8 - 18<\/th>\n     \t <th scope=\"col\">18 - 22<\/th>\n     \t <th scope=\"col\">22 - 8<\/th>\n\t<\/tr>\n  <\/thead>\n  <tbody>\n     \t  <tr class=\"weekdays\">\n     \t  \t  <td class=\"tag\" data-label=\"Time\">Mo - Fr<\/td>\n     \t  \t  <td class=\"hrs tag\" data-label=\"8 - 18\">52,- \u20ac<\/td>\n     \t  \t  <td class=\"tag space\" data-label=\"18 - 22\">82,- \u20ac<\/td>\n     \t  \t  <td data-label=\"22 - 8\">95,- \u20ac<\/td>\n     \t  <\/tr>\n     <tr class=\"weekends\">\n     \t  \t  <td class=\"tag\" data-label=\"Time\">Sa<\/td>\n     \t  \t  <td class=\"tag\" data-label=\"8 - 18\">95,- \u20ac<\/td>\n     \t  \t  <td class=\"tag\" data-label=\"18 - 22\">95,- \u20ac<\/td>\n     \t  \t  <td data-label=\"22 - 8\">125,- \u20ac<\/td>\n     \t  <\/tr>\n     <tr class=\"holidays\">\n     \t  \t  <td class=\"tag\" data-label=\"Time\">So & holiday<\/td>\n     \t  \t  <td class=\"tag\" data-label=\"8 - 18\">125,- \u20ac<\/td>\n     \t  \t  <td class=\"tag\" data-label=\"18 - 22\">125,-\u20ac<\/td>\n     \t  \t  <td data-label=\"22 - 8\">125,-\u20ac<\/td>\n     \t  <\/tr>\n     <\/tbody>\n<\/table>\n<!-- Table Description-->\n<div class=\"table-description\">\n\t<em>Please call to inquire about travel costs.<\/em>\n<\/div>\n<!-- Wordings below -->\n<div class=\"wordings\">\n<p>The prices listed in this table are binding for unlocking a door that has slammed shut or been pulled shut (without self-locking mechanisms). Please feel free to contact us if you would like a price quote for other locksmith services. We will gladly provide you with a transparent, fixed-price offer.<\/p>\n<\/div>\n\n<!-- END Wordings -->\n\n\n\n<div class=\"ansprech\">Locksmith Munich St.-Anna-Platz with 24-hour service <br \/><h3 class=\"phone mobilesOnly\"><a href=\"tel:+498000131131\">0800 \/ 0 131 131<\/a><\/h3><h3 class=\"phone desktopOnly\"><a href=\"tel:+498000131131\">0800 \/ 0 131 131<\/a><\/h3>Quick door opening without damage in about 30 minutes! Call us anytime for free!<\/div>\n<h2>St. Anna Square in the Munich district of Altstadt-Lehel<\/h2>\n<p>St. Anna Square, located in the Munich district of Altstadt-Lehel, is surrounded by Liebigstra\u00dfe, St.-Anna-Stra\u00dfe, Thierschstra\u00dfe, and Wagm\u00fcllerstra\u00dfe, and impresses with its striking backdrop. The square features St. Anna Church as well as the Baroque Franciscan Monastery, which dates back to the early 18th century. Both the old church walls and the bowl fountain, the surrounding terrace, the wide steps, and the tall chestnut trees shape the character of St. Anna Square.<\/p>\n<p>The area is overall very traffic-calmed, making it a perfect place to relax. In front of the residential buildings on the square, you can find the typical red-brown Munich paving stones. During the summer, some restaurants use the square for their outdoor dining. Overall, the square is therefore cozy and idyllic, which is also due to the small front gardens where roses bloom beautifully in spring and summer.<\/p>\n<h2>Locksmith Munich St.-Anna-Platz: fair fixed prices instead of outrageous costs<\/h2>\n<p>Are you also tired of fake companies charging far too much? With our locksmith service, you don\u2019t have to pay a high price for a damage-free door opening. We will let you know over the phone how much a damage-free door opening will cost. That price is what you pay, no more, no less.<\/p>\n<p>The team led by Mario Pichelmaier is also always on hand whenever you need help. While many locksmiths are only available on weekdays during regular business hours, the Locksmith Service Munich St.-Anna-Platz is available around the clock as an emergency locksmith. Whether it\u2019s a holiday or weekend, we always make sure your door can be opened without damage.<\/p>\n<h2>With expertise against burglars: Your versatile locksmith service<\/h2>\n<p>Have you already experienced a break-in? Do you live in constant fear of another burglary? You don&#8217;t have to, because the competent team of Mario Pichelmaier will increase your security. Thanks to our experience and specialized tools, we not only achieve a success rate of over 99% with closed doors, but we are also able to offer you a wide range of services in the field of security technology.<\/p>\n<p>To determine how secure your windows and doors really are, we are happy to carry out a security analysis. Afterwards, we will decide which security systems make sense and are suitable for you.<\/p>\n<div class=\"ansprech\">Locksmith Munich St. Anna Square with 24-hour service<br \/><h3 class=\"phone mobilesOnly\"><a href=\"tel:+498000131131\">0800 \/ 0 131 131<\/a><\/h3><h3 class=\"phone desktopOnly\"><a href=\"tel:+498000131131\">0800 \/ 0 131 131<\/a><\/h3>Fast door opening without damage in about 30 minutes! Call us anytime for free!<\/div>\n\n\n<p><\/p>\n","protected":false},"excerpt":{"rendered":"<p>Your day was already stressful enough, and now you&#8217;ve locked yourself out? It couldn&#8217;t get any worse? Our fast, friendly, and honest locksmith service in Munich at St.-Anna-Platz takes a lot of trouble and worry off your hands, because the team from Mario Pichelmaier is your locksmith service that will be at your place in [&hellip;]<\/p>\n","protected":false},"author":2,"featured_media":0,"parent":0,"menu_order":0,"comment_status":"closed","ping_status":"closed","template":"","meta":{"footnotes":"","_links_to":"","_links_to_target":""},"class_list":["post-11665","page","type-page","status-publish","hentry"],"yoast_head":"<!-- This site is optimized with the Yoast SEO plugin v27.4 - https:\/\/yoast.com\/product\/yoast-seo-wordpress\/ -->\n<title>Locksmith Munich St.-Anna-Platz: fixed price from 52 EUR<\/title>\n<meta name=\"description\" content=\"Reliable and competent locksmith service Munich St.-Anna-Platz in the third generation: damage-free door opening at a fair fixed price in just 30 minutes. Free emergency number and around-the-clock availability. We are also there for you on Sundays and public holidays! Just call us for free!\" \/>\n<meta name=\"robots\" content=\"index, follow, max-snippet:-1, max-image-preview:large, max-video-preview:-1\" \/>\n<link rel=\"canonical\" href=\"https:\/\/www.amper-aufsperrdienst.de\/en\/locksmith-munich-st-anna-platz\/\" \/>\n<meta property=\"og:locale\" content=\"en_US\" \/>\n<meta property=\"og:type\" content=\"article\" \/>\n<meta property=\"og:title\" content=\"Locksmith Munich St.-Anna-Platz: fixed price from 52 EUR\" \/>\n<meta property=\"og:description\" content=\"Reliable and competent locksmith service Munich St.-Anna-Platz in the third generation: damage-free door opening at a fair fixed price in just 30 minutes. Free emergency number and around-the-clock availability. We are also there for you on Sundays and public holidays! Just call us for free!\" \/>\n<meta property=\"og:url\" content=\"https:\/\/www.amper-aufsperrdienst.de\/en\/locksmith-munich-st-anna-platz\/\" \/>\n<meta property=\"og:site_name\" content=\"Locksmith for Munich, Dachau and F\u00fcrstenfeldbruck\" \/>\n<meta property=\"article:modified_time\" content=\"2026-01-28T03:15:09+00:00\" \/>\n<meta property=\"og:image\" content=\"https:\/\/www.amper-aufsperrdienst.de\/wp-content\/uploads\/2021\/03\/schluesseldienst-muenchen-st-anna-platz-festpreis-ab-52-siegel.jpg\" \/>\n<meta name=\"twitter:label1\" content=\"Est. reading time\" \/>\n\t<meta name=\"twitter:data1\" content=\"4 minutes\" \/>\n<script type=\"application\/ld+json\" class=\"yoast-schema-graph\">{\"@context\":\"https:\\\/\\\/schema.org\",\"@graph\":[{\"@type\":\"WebPage\",\"@id\":\"https:\\\/\\\/www.amper-aufsperrdienst.de\\\/en\\\/locksmith-munich-st-anna-platz\\\/\",\"url\":\"https:\\\/\\\/www.amper-aufsperrdienst.de\\\/en\\\/locksmith-munich-st-anna-platz\\\/\",\"name\":\"Locksmith Munich St.-Anna-Platz: fixed price from 52 EUR\",\"isPartOf\":{\"@id\":\"https:\\\/\\\/www.amper-aufsperrdienst.de\\\/en\\\/#website\"},\"primaryImageOfPage\":{\"@id\":\"https:\\\/\\\/www.amper-aufsperrdienst.de\\\/en\\\/locksmith-munich-st-anna-platz\\\/#primaryimage\"},\"image\":{\"@id\":\"https:\\\/\\\/www.amper-aufsperrdienst.de\\\/en\\\/locksmith-munich-st-anna-platz\\\/#primaryimage\"},\"thumbnailUrl\":\"https:\\\/\\\/www.amper-aufsperrdienst.de\\\/wp-content\\\/uploads\\\/2021\\\/03\\\/schluesseldienst-muenchen-st-anna-platz-festpreis-ab-52-siegel.jpg\",\"datePublished\":\"2018-03-01T03:04:25+00:00\",\"dateModified\":\"2026-01-28T03:15:09+00:00\",\"description\":\"Reliable and competent locksmith service Munich St.-Anna-Platz in the third generation: damage-free door opening at a fair fixed price in just 30 minutes. Free emergency number and around-the-clock availability. We are also there for you on Sundays and public holidays! Just call us for free!\",\"breadcrumb\":{\"@id\":\"https:\\\/\\\/www.amper-aufsperrdienst.de\\\/en\\\/locksmith-munich-st-anna-platz\\\/#breadcrumb\"},\"inLanguage\":\"en-US\",\"potentialAction\":[{\"@type\":\"ReadAction\",\"target\":[\"https:\\\/\\\/www.amper-aufsperrdienst.de\\\/en\\\/locksmith-munich-st-anna-platz\\\/\"]}]},{\"@type\":\"ImageObject\",\"inLanguage\":\"en-US\",\"@id\":\"https:\\\/\\\/www.amper-aufsperrdienst.de\\\/en\\\/locksmith-munich-st-anna-platz\\\/#primaryimage\",\"url\":\"https:\\\/\\\/www.amper-aufsperrdienst.de\\\/wp-content\\\/uploads\\\/2021\\\/03\\\/schluesseldienst-muenchen-st-anna-platz-festpreis-ab-52-siegel.jpg\",\"contentUrl\":\"https:\\\/\\\/www.amper-aufsperrdienst.de\\\/wp-content\\\/uploads\\\/2021\\\/03\\\/schluesseldienst-muenchen-st-anna-platz-festpreis-ab-52-siegel.jpg\"},{\"@type\":\"BreadcrumbList\",\"@id\":\"https:\\\/\\\/www.amper-aufsperrdienst.de\\\/en\\\/locksmith-munich-st-anna-platz\\\/#breadcrumb\",\"itemListElement\":[{\"@type\":\"ListItem\",\"position\":1,\"name\":\"Home\",\"item\":\"https:\\\/\\\/www.amper-aufsperrdienst.de\\\/en\\\/\"},{\"@type\":\"ListItem\",\"position\":2,\"name\":\"Locksmith Munich St.-Anna-Platz\"}]},{\"@type\":\"WebSite\",\"@id\":\"https:\\\/\\\/www.amper-aufsperrdienst.de\\\/en\\\/#website\",\"url\":\"https:\\\/\\\/www.amper-aufsperrdienst.de\\\/en\\\/\",\"name\":\"Locksmith for Munich, Dachau and F\u00fcrstenfeldbruck\",\"description\":\"Amper Aufsperrdienst\",\"potentialAction\":[{\"@type\":\"SearchAction\",\"target\":{\"@type\":\"EntryPoint\",\"urlTemplate\":\"https:\\\/\\\/www.amper-aufsperrdienst.de\\\/en\\\/?s={search_term_string}\"},\"query-input\":{\"@type\":\"PropertyValueSpecification\",\"valueRequired\":true,\"valueName\":\"search_term_string\"}}],\"inLanguage\":\"en-US\"}]}<\/script>\n<!-- \/ Yoast SEO plugin. -->","yoast_head_json":{"title":"Locksmith Munich St.-Anna-Platz: fixed price from 52 EUR","description":"Reliable and competent locksmith service Munich St.-Anna-Platz in the third generation: damage-free door opening at a fair fixed price in just 30 minutes. Free emergency number and around-the-clock availability. We are also there for you on Sundays and public holidays! Just call us for free!","robots":{"index":"index","follow":"follow","max-snippet":"max-snippet:-1","max-image-preview":"max-image-preview:large","max-video-preview":"max-video-preview:-1"},"canonical":"https:\/\/www.amper-aufsperrdienst.de\/en\/locksmith-munich-st-anna-platz\/","og_locale":"en_US","og_type":"article","og_title":"Locksmith Munich St.-Anna-Platz: fixed price from 52 EUR","og_description":"Reliable and competent locksmith service Munich St.-Anna-Platz in the third generation: damage-free door opening at a fair fixed price in just 30 minutes. Free emergency number and around-the-clock availability. We are also there for you on Sundays and public holidays! Just call us for free!","og_url":"https:\/\/www.amper-aufsperrdienst.de\/en\/locksmith-munich-st-anna-platz\/","og_site_name":"Locksmith for Munich, Dachau and F\u00fcrstenfeldbruck","article_modified_time":"2026-01-28T03:15:09+00:00","og_image":[{"url":"https:\/\/www.amper-aufsperrdienst.de\/wp-content\/uploads\/2021\/03\/schluesseldienst-muenchen-st-anna-platz-festpreis-ab-52-siegel.jpg","type":"","width":"","height":""}],"twitter_misc":{"Est. reading time":"4 minutes"},"schema":{"@context":"https:\/\/schema.org","@graph":[{"@type":"WebPage","@id":"https:\/\/www.amper-aufsperrdienst.de\/en\/locksmith-munich-st-anna-platz\/","url":"https:\/\/www.amper-aufsperrdienst.de\/en\/locksmith-munich-st-anna-platz\/","name":"Locksmith Munich St.-Anna-Platz: fixed price from 52 EUR","isPartOf":{"@id":"https:\/\/www.amper-aufsperrdienst.de\/en\/#website"},"primaryImageOfPage":{"@id":"https:\/\/www.amper-aufsperrdienst.de\/en\/locksmith-munich-st-anna-platz\/#primaryimage"},"image":{"@id":"https:\/\/www.amper-aufsperrdienst.de\/en\/locksmith-munich-st-anna-platz\/#primaryimage"},"thumbnailUrl":"https:\/\/www.amper-aufsperrdienst.de\/wp-content\/uploads\/2021\/03\/schluesseldienst-muenchen-st-anna-platz-festpreis-ab-52-siegel.jpg","datePublished":"2018-03-01T03:04:25+00:00","dateModified":"2026-01-28T03:15:09+00:00","description":"Reliable and competent locksmith service Munich St.-Anna-Platz in the third generation: damage-free door opening at a fair fixed price in just 30 minutes. Free emergency number and around-the-clock availability. We are also there for you on Sundays and public holidays! Just call us for free!","breadcrumb":{"@id":"https:\/\/www.amper-aufsperrdienst.de\/en\/locksmith-munich-st-anna-platz\/#breadcrumb"},"inLanguage":"en-US","potentialAction":[{"@type":"ReadAction","target":["https:\/\/www.amper-aufsperrdienst.de\/en\/locksmith-munich-st-anna-platz\/"]}]},{"@type":"ImageObject","inLanguage":"en-US","@id":"https:\/\/www.amper-aufsperrdienst.de\/en\/locksmith-munich-st-anna-platz\/#primaryimage","url":"https:\/\/www.amper-aufsperrdienst.de\/wp-content\/uploads\/2021\/03\/schluesseldienst-muenchen-st-anna-platz-festpreis-ab-52-siegel.jpg","contentUrl":"https:\/\/www.amper-aufsperrdienst.de\/wp-content\/uploads\/2021\/03\/schluesseldienst-muenchen-st-anna-platz-festpreis-ab-52-siegel.jpg"},{"@type":"BreadcrumbList","@id":"https:\/\/www.amper-aufsperrdienst.de\/en\/locksmith-munich-st-anna-platz\/#breadcrumb","itemListElement":[{"@type":"ListItem","position":1,"name":"Home","item":"https:\/\/www.amper-aufsperrdienst.de\/en\/"},{"@type":"ListItem","position":2,"name":"Locksmith Munich St.-Anna-Platz"}]},{"@type":"WebSite","@id":"https:\/\/www.amper-aufsperrdienst.de\/en\/#website","url":"https:\/\/www.amper-aufsperrdienst.de\/en\/","name":"Locksmith for Munich, Dachau and F\u00fcrstenfeldbruck","description":"Amper Aufsperrdienst","potentialAction":[{"@type":"SearchAction","target":{"@type":"EntryPoint","urlTemplate":"https:\/\/www.amper-aufsperrdienst.de\/en\/?s={search_term_string}"},"query-input":{"@type":"PropertyValueSpecification","valueRequired":true,"valueName":"search_term_string"}}],"inLanguage":"en-US"}]}},"_links":{"self":[{"href":"https:\/\/www.amper-aufsperrdienst.de\/en\/wp-json\/wp\/v2\/pages\/11665","targetHints":{"allow":["GET"]}}],"collection":[{"href":"https:\/\/www.amper-aufsperrdienst.de\/en\/wp-json\/wp\/v2\/pages"}],"about":[{"href":"https:\/\/www.amper-aufsperrdienst.de\/en\/wp-json\/wp\/v2\/types\/page"}],"author":[{"embeddable":true,"href":"https:\/\/www.amper-aufsperrdienst.de\/en\/wp-json\/wp\/v2\/users\/2"}],"replies":[{"embeddable":true,"href":"https:\/\/www.amper-aufsperrdienst.de\/en\/wp-json\/wp\/v2\/comments?post=11665"}],"version-history":[{"count":2,"href":"https:\/\/www.amper-aufsperrdienst.de\/en\/wp-json\/wp\/v2\/pages\/11665\/revisions"}],"predecessor-version":[{"id":14282,"href":"https:\/\/www.amper-aufsperrdienst.de\/en\/wp-json\/wp\/v2\/pages\/11665\/revisions\/14282"}],"wp:attachment":[{"href":"https:\/\/www.amper-aufsperrdienst.de\/en\/wp-json\/wp\/v2\/media?parent=11665"}],"curies":[{"name":"wp","href":"https:\/\/api.w.org\/{rel}","templated":true}]}}