{"id":11692,"date":"2018-07-09T05:58:28","date_gmt":"2018-07-09T03:58:28","guid":{"rendered":"https:\/\/www.amper-aufsperrdienst.de\/schluesseldienst-muenchen-st-benno-viertel\/"},"modified":"2026-01-28T05:16:30","modified_gmt":"2026-01-28T03:16:30","slug":"locksmith-munich-st-benno-district","status":"publish","type":"page","link":"https:\/\/www.amper-aufsperrdienst.de\/en\/locksmith-munich-st-benno-district\/","title":{"rendered":"Locksmith Munich St. Benno District"},"content":{"rendered":"<p><img loading=\"lazy\" decoding=\"async\" class=\"alignleft\" style=\"margin-bottom: 5px !important;\" src=\"https:\/\/www.amper-aufsperrdienst.de\/wp-content\/uploads\/2021\/03\/schluesseldienst-muenchen-st-benno-viertel-festpreis-ab-52-siegel.jpg\" alt=\"Amper Locksmith Opening Service muenchen-st-benno-viertel with fixed price from 52,- EUR\" width=\"250\" height=\"250\" \/><\/p>\n<p>Do you love your apartment in the St. Benno district, but just can&#8217;t get in because you left your key somewhere or even lost it? The Amper Locksmith Service is happy to help you if you happen to be standing in front of a closed or locked apartment door at this very moment! We are available at any time, even on weekends or holidays, as a reliable, fair, and fast locksmith service in Munich&#8217;s St. Benno district! Our emergency number is free, and our staff are super friendly, fast, and very well trained. They bring the best specialized tools to you to ensure a damage-free door opening.<\/p>\n          <!-- tarif -->\n<h2><b><span style=\"vertical-align: inherit;\"><span style=\"vertical-align: inherit;\">Our binding fixed prices start from \u20ac52.<\/span><\/span><\/b><\/h2>\n<p>Amper Locksmith Service is a fair locksmith service with transparent fixed prices:<\/p>\n<div class=\"table-title\">\n\tPRICE LIST  UNLOCK\n<\/div>\n<!-- Table part-->\n<table class=\"table\">\n  <thead class=\"header\">\n\t  <tr>\n     \t <th scope=\"col\">Time<\/th>\n     \t <th scope=\"col\">8 - 18<\/th>\n     \t <th scope=\"col\">18 - 22<\/th>\n     \t <th scope=\"col\">22 - 8<\/th>\n\t<\/tr>\n  <\/thead>\n  <tbody>\n     \t  <tr class=\"weekdays\">\n     \t  \t  <td class=\"tag\" data-label=\"Time\">Mo - Fr<\/td>\n     \t  \t  <td class=\"hrs tag\" data-label=\"8 - 18\">52,- \u20ac<\/td>\n     \t  \t  <td class=\"tag space\" data-label=\"18 - 22\">82,- \u20ac<\/td>\n     \t  \t  <td data-label=\"22 - 8\">95,- \u20ac<\/td>\n     \t  <\/tr>\n     <tr class=\"weekends\">\n     \t  \t  <td class=\"tag\" data-label=\"Time\">Sa<\/td>\n     \t  \t  <td class=\"tag\" data-label=\"8 - 18\">95,- \u20ac<\/td>\n     \t  \t  <td class=\"tag\" data-label=\"18 - 22\">95,- \u20ac<\/td>\n     \t  \t  <td data-label=\"22 - 8\">125,- \u20ac<\/td>\n     \t  <\/tr>\n     <tr class=\"holidays\">\n     \t  \t  <td class=\"tag\" data-label=\"Time\">So & holiday<\/td>\n     \t  \t  <td class=\"tag\" data-label=\"8 - 18\">125,- \u20ac<\/td>\n     \t  \t  <td class=\"tag\" data-label=\"18 - 22\">125,-\u20ac<\/td>\n     \t  \t  <td data-label=\"22 - 8\">125,-\u20ac<\/td>\n     \t  <\/tr>\n     <\/tbody>\n<\/table>\n<!-- Table Description-->\n<div class=\"table-description\">\n\t<em>Please call to inquire about travel costs.<\/em>\n<\/div>\n<!-- Wordings below -->\n<div class=\"wordings\">\n<p>The prices listed in this table are binding for unlocking a door that has slammed shut or been pulled shut (without self-locking mechanisms). Please feel free to contact us if you would like a price quote for other locksmith services. We will gladly provide you with a transparent, fixed-price offer.<\/p>\n<\/div>\n\n<!-- END Wordings -->\n\n\n\n<div class=\"ansprech\">Experienced and traditional locksmith service Munich St.-Benno district, already operated in the third generation<br \/>\n<h3 class=\"phone mobilesOnly\"><a href=\"tel:+498000131131\">0800 \/ 0 131 131<\/a><\/h3><h3 class=\"phone desktopOnly\"><a href=\"tel:+498000131131\">0800 \/ 0 131 131<\/a><\/h3>Available anytime at a fixed price, even on weekends and holidays! Call now for free!<\/div>\n<h2>The St. Benno district in Munich&#8217;s Maxvorstadt<\/h2>\n<p>The St. Benno district is located in the heart of Munich, more precisely in the Maxvorstadt area of the Old Town. It stretches from the well-known Stiglmaierplatz to Nymphenburger Stra\u00dfe, Dachauer Stra\u00dfe, and Lazarettstra\u00dfe. In the western part of the district, between Lothstra\u00dfe and Lazarettstra\u00dfe, is the German Heart Center Munich.<\/p>\n<p>To the west of Maxvorstadt is the Munich city district Neuhausen-Nymphenburg. The two areas are bordered by Lothstra\u00dfe and parts of Lazarettstra\u00dfe.<\/p>\n<p>The district is named after St. Benno Church. It is a parish church and, of course, is also located in the St. Benno district.<\/p>\n<h2>Locksmith Munich St.-Benno Quarter: non-destructive door opening by real experts<\/h2>\n<p>Are you currently looking for a true expert who knows exactly how to quickly and damage-free unlock closed or locked apartment doors? The Amper Locksmith Service is certainly such an expert, as they have been unlocking doors without causing damage for three generations. So feel free to call us for free if you need a capable, fair, and transparent locksmith in Munich&#8217;s St. Benno district! Our staff are extremely experienced and only use the best specialized tools.<\/p>\n<h2>Available around the clock at a fixed price<\/h2>\n<p>In addition to our ability to quickly and non-destructively unlock doors, we are also known for our fixed prices and our around-the-clock availability. We are a real emergency locksmith service that does not adhere to fixed business hours! Of course, we also won\u2019t put you on any waiting list when you call us for a non-destructive door opening at a fixed price. We always strive to be with you as quickly as possible. Usually, it takes us no longer than about 30 minutes to reach you!<\/p>\n<p>Are you currently looking for a professional, affordable, and fast locksmith in Munich&#8217;s St. Benno district? With Amper Unlocking Service, you have found exactly the right provider for a damage-free door opening at a fixed price! It doesn&#8217;t matter to us when you need us. We are available for you 24\/7, 365 days a year!<\/p>\n<div class=\"ansprech\">Experienced and traditional locksmith service in Munich&#8217;s St.-Benno district, already run for three generations<br \/>\n<h3 class=\"phone mobilesOnly\"><a href=\"tel:+498000131131\">0800 \/ 0 131 131<\/a><\/h3><h3 class=\"phone desktopOnly\"><a href=\"tel:+498000131131\">0800 \/ 0 131 131<\/a><\/h3>Available at a fixed price anytime, including weekends and holidays! Call now for free!<\/div>\n","protected":false},"excerpt":{"rendered":"<p>Do you love your apartment in the St. Benno district, but just can&#8217;t get in because you left your key somewhere or even lost it? The Amper Locksmith Service is happy to help you if you happen to be standing in front of a closed or locked apartment door at this very moment! We are [&hellip;]<\/p>\n","protected":false},"author":2,"featured_media":0,"parent":0,"menu_order":0,"comment_status":"closed","ping_status":"closed","template":"","meta":{"footnotes":"","_links_to":"","_links_to_target":""},"class_list":["post-11692","page","type-page","status-publish","hentry"],"yoast_head":"<!-- This site is optimized with the Yoast SEO plugin v27.4 - https:\/\/yoast.com\/product\/yoast-seo-wordpress\/ -->\n<title>Locksmith Munich St.-Benno District: from 52 EUR fixed price<\/title>\n<meta name=\"description\" content=\"Reliable and competent locksmith service in Munich&#039;s St.-Benno quarter with a fixed price guarantee, toll-free number, highly trained locksmiths, and the best specialized tools: non-destructive door opening available around the clock, even on Sundays and public holidays. Call us for free now! We will be with you in about 30 minutes.\" \/>\n<meta name=\"robots\" content=\"index, follow, max-snippet:-1, max-image-preview:large, max-video-preview:-1\" \/>\n<link rel=\"canonical\" href=\"https:\/\/www.amper-aufsperrdienst.de\/en\/locksmith-munich-st-benno-district\/\" \/>\n<meta property=\"og:locale\" content=\"en_US\" \/>\n<meta property=\"og:type\" content=\"article\" \/>\n<meta property=\"og:title\" content=\"Locksmith Munich St.-Benno District: from 52 EUR fixed price\" \/>\n<meta property=\"og:description\" content=\"Reliable and competent locksmith service in Munich&#039;s St.-Benno quarter with a fixed price guarantee, toll-free number, highly trained locksmiths, and the best specialized tools: non-destructive door opening available around the clock, even on Sundays and public holidays. Call us for free now! We will be with you in about 30 minutes.\" \/>\n<meta property=\"og:url\" content=\"https:\/\/www.amper-aufsperrdienst.de\/en\/locksmith-munich-st-benno-district\/\" \/>\n<meta property=\"og:site_name\" content=\"Locksmith for Munich, Dachau and F\u00fcrstenfeldbruck\" \/>\n<meta property=\"article:modified_time\" content=\"2026-01-28T03:16:30+00:00\" \/>\n<meta property=\"og:image\" content=\"https:\/\/www.amper-aufsperrdienst.de\/wp-content\/uploads\/2021\/03\/schluesseldienst-muenchen-st-benno-viertel-festpreis-ab-52-siegel.jpg\" \/>\n<meta name=\"twitter:label1\" content=\"Est. reading time\" \/>\n\t<meta name=\"twitter:data1\" content=\"4 minutes\" \/>\n<script type=\"application\/ld+json\" class=\"yoast-schema-graph\">{\"@context\":\"https:\\\/\\\/schema.org\",\"@graph\":[{\"@type\":\"WebPage\",\"@id\":\"https:\\\/\\\/www.amper-aufsperrdienst.de\\\/en\\\/locksmith-munich-st-benno-district\\\/\",\"url\":\"https:\\\/\\\/www.amper-aufsperrdienst.de\\\/en\\\/locksmith-munich-st-benno-district\\\/\",\"name\":\"Locksmith Munich St.-Benno District: from 52 EUR fixed price\",\"isPartOf\":{\"@id\":\"https:\\\/\\\/www.amper-aufsperrdienst.de\\\/en\\\/#website\"},\"primaryImageOfPage\":{\"@id\":\"https:\\\/\\\/www.amper-aufsperrdienst.de\\\/en\\\/locksmith-munich-st-benno-district\\\/#primaryimage\"},\"image\":{\"@id\":\"https:\\\/\\\/www.amper-aufsperrdienst.de\\\/en\\\/locksmith-munich-st-benno-district\\\/#primaryimage\"},\"thumbnailUrl\":\"https:\\\/\\\/www.amper-aufsperrdienst.de\\\/wp-content\\\/uploads\\\/2021\\\/03\\\/schluesseldienst-muenchen-st-benno-viertel-festpreis-ab-52-siegel.jpg\",\"datePublished\":\"2018-07-09T03:58:28+00:00\",\"dateModified\":\"2026-01-28T03:16:30+00:00\",\"description\":\"Reliable and competent locksmith service in Munich's St.-Benno quarter with a fixed price guarantee, toll-free number, highly trained locksmiths, and the best specialized tools: non-destructive door opening available around the clock, even on Sundays and public holidays. Call us for free now! We will be with you in about 30 minutes.\",\"breadcrumb\":{\"@id\":\"https:\\\/\\\/www.amper-aufsperrdienst.de\\\/en\\\/locksmith-munich-st-benno-district\\\/#breadcrumb\"},\"inLanguage\":\"en-US\",\"potentialAction\":[{\"@type\":\"ReadAction\",\"target\":[\"https:\\\/\\\/www.amper-aufsperrdienst.de\\\/en\\\/locksmith-munich-st-benno-district\\\/\"]}]},{\"@type\":\"ImageObject\",\"inLanguage\":\"en-US\",\"@id\":\"https:\\\/\\\/www.amper-aufsperrdienst.de\\\/en\\\/locksmith-munich-st-benno-district\\\/#primaryimage\",\"url\":\"https:\\\/\\\/www.amper-aufsperrdienst.de\\\/wp-content\\\/uploads\\\/2021\\\/03\\\/schluesseldienst-muenchen-st-benno-viertel-festpreis-ab-52-siegel.jpg\",\"contentUrl\":\"https:\\\/\\\/www.amper-aufsperrdienst.de\\\/wp-content\\\/uploads\\\/2021\\\/03\\\/schluesseldienst-muenchen-st-benno-viertel-festpreis-ab-52-siegel.jpg\"},{\"@type\":\"BreadcrumbList\",\"@id\":\"https:\\\/\\\/www.amper-aufsperrdienst.de\\\/en\\\/locksmith-munich-st-benno-district\\\/#breadcrumb\",\"itemListElement\":[{\"@type\":\"ListItem\",\"position\":1,\"name\":\"Home\",\"item\":\"https:\\\/\\\/www.amper-aufsperrdienst.de\\\/en\\\/\"},{\"@type\":\"ListItem\",\"position\":2,\"name\":\"Locksmith Munich St. Benno District\"}]},{\"@type\":\"WebSite\",\"@id\":\"https:\\\/\\\/www.amper-aufsperrdienst.de\\\/en\\\/#website\",\"url\":\"https:\\\/\\\/www.amper-aufsperrdienst.de\\\/en\\\/\",\"name\":\"Locksmith for Munich, Dachau and F\u00fcrstenfeldbruck\",\"description\":\"Amper Aufsperrdienst\",\"potentialAction\":[{\"@type\":\"SearchAction\",\"target\":{\"@type\":\"EntryPoint\",\"urlTemplate\":\"https:\\\/\\\/www.amper-aufsperrdienst.de\\\/en\\\/?s={search_term_string}\"},\"query-input\":{\"@type\":\"PropertyValueSpecification\",\"valueRequired\":true,\"valueName\":\"search_term_string\"}}],\"inLanguage\":\"en-US\"}]}<\/script>\n<!-- \/ Yoast SEO plugin. -->","yoast_head_json":{"title":"Locksmith Munich St.-Benno District: from 52 EUR fixed price","description":"Reliable and competent locksmith service in Munich's St.-Benno quarter with a fixed price guarantee, toll-free number, highly trained locksmiths, and the best specialized tools: non-destructive door opening available around the clock, even on Sundays and public holidays. Call us for free now! We will be with you in about 30 minutes.","robots":{"index":"index","follow":"follow","max-snippet":"max-snippet:-1","max-image-preview":"max-image-preview:large","max-video-preview":"max-video-preview:-1"},"canonical":"https:\/\/www.amper-aufsperrdienst.de\/en\/locksmith-munich-st-benno-district\/","og_locale":"en_US","og_type":"article","og_title":"Locksmith Munich St.-Benno District: from 52 EUR fixed price","og_description":"Reliable and competent locksmith service in Munich's St.-Benno quarter with a fixed price guarantee, toll-free number, highly trained locksmiths, and the best specialized tools: non-destructive door opening available around the clock, even on Sundays and public holidays. Call us for free now! We will be with you in about 30 minutes.","og_url":"https:\/\/www.amper-aufsperrdienst.de\/en\/locksmith-munich-st-benno-district\/","og_site_name":"Locksmith for Munich, Dachau and F\u00fcrstenfeldbruck","article_modified_time":"2026-01-28T03:16:30+00:00","og_image":[{"url":"https:\/\/www.amper-aufsperrdienst.de\/wp-content\/uploads\/2021\/03\/schluesseldienst-muenchen-st-benno-viertel-festpreis-ab-52-siegel.jpg","type":"","width":"","height":""}],"twitter_misc":{"Est. reading time":"4 minutes"},"schema":{"@context":"https:\/\/schema.org","@graph":[{"@type":"WebPage","@id":"https:\/\/www.amper-aufsperrdienst.de\/en\/locksmith-munich-st-benno-district\/","url":"https:\/\/www.amper-aufsperrdienst.de\/en\/locksmith-munich-st-benno-district\/","name":"Locksmith Munich St.-Benno District: from 52 EUR fixed price","isPartOf":{"@id":"https:\/\/www.amper-aufsperrdienst.de\/en\/#website"},"primaryImageOfPage":{"@id":"https:\/\/www.amper-aufsperrdienst.de\/en\/locksmith-munich-st-benno-district\/#primaryimage"},"image":{"@id":"https:\/\/www.amper-aufsperrdienst.de\/en\/locksmith-munich-st-benno-district\/#primaryimage"},"thumbnailUrl":"https:\/\/www.amper-aufsperrdienst.de\/wp-content\/uploads\/2021\/03\/schluesseldienst-muenchen-st-benno-viertel-festpreis-ab-52-siegel.jpg","datePublished":"2018-07-09T03:58:28+00:00","dateModified":"2026-01-28T03:16:30+00:00","description":"Reliable and competent locksmith service in Munich's St.-Benno quarter with a fixed price guarantee, toll-free number, highly trained locksmiths, and the best specialized tools: non-destructive door opening available around the clock, even on Sundays and public holidays. Call us for free now! We will be with you in about 30 minutes.","breadcrumb":{"@id":"https:\/\/www.amper-aufsperrdienst.de\/en\/locksmith-munich-st-benno-district\/#breadcrumb"},"inLanguage":"en-US","potentialAction":[{"@type":"ReadAction","target":["https:\/\/www.amper-aufsperrdienst.de\/en\/locksmith-munich-st-benno-district\/"]}]},{"@type":"ImageObject","inLanguage":"en-US","@id":"https:\/\/www.amper-aufsperrdienst.de\/en\/locksmith-munich-st-benno-district\/#primaryimage","url":"https:\/\/www.amper-aufsperrdienst.de\/wp-content\/uploads\/2021\/03\/schluesseldienst-muenchen-st-benno-viertel-festpreis-ab-52-siegel.jpg","contentUrl":"https:\/\/www.amper-aufsperrdienst.de\/wp-content\/uploads\/2021\/03\/schluesseldienst-muenchen-st-benno-viertel-festpreis-ab-52-siegel.jpg"},{"@type":"BreadcrumbList","@id":"https:\/\/www.amper-aufsperrdienst.de\/en\/locksmith-munich-st-benno-district\/#breadcrumb","itemListElement":[{"@type":"ListItem","position":1,"name":"Home","item":"https:\/\/www.amper-aufsperrdienst.de\/en\/"},{"@type":"ListItem","position":2,"name":"Locksmith Munich St. Benno District"}]},{"@type":"WebSite","@id":"https:\/\/www.amper-aufsperrdienst.de\/en\/#website","url":"https:\/\/www.amper-aufsperrdienst.de\/en\/","name":"Locksmith for Munich, Dachau and F\u00fcrstenfeldbruck","description":"Amper Aufsperrdienst","potentialAction":[{"@type":"SearchAction","target":{"@type":"EntryPoint","urlTemplate":"https:\/\/www.amper-aufsperrdienst.de\/en\/?s={search_term_string}"},"query-input":{"@type":"PropertyValueSpecification","valueRequired":true,"valueName":"search_term_string"}}],"inLanguage":"en-US"}]}},"_links":{"self":[{"href":"https:\/\/www.amper-aufsperrdienst.de\/en\/wp-json\/wp\/v2\/pages\/11692","targetHints":{"allow":["GET"]}}],"collection":[{"href":"https:\/\/www.amper-aufsperrdienst.de\/en\/wp-json\/wp\/v2\/pages"}],"about":[{"href":"https:\/\/www.amper-aufsperrdienst.de\/en\/wp-json\/wp\/v2\/types\/page"}],"author":[{"embeddable":true,"href":"https:\/\/www.amper-aufsperrdienst.de\/en\/wp-json\/wp\/v2\/users\/2"}],"replies":[{"embeddable":true,"href":"https:\/\/www.amper-aufsperrdienst.de\/en\/wp-json\/wp\/v2\/comments?post=11692"}],"version-history":[{"count":1,"href":"https:\/\/www.amper-aufsperrdienst.de\/en\/wp-json\/wp\/v2\/pages\/11692\/revisions"}],"predecessor-version":[{"id":11705,"href":"https:\/\/www.amper-aufsperrdienst.de\/en\/wp-json\/wp\/v2\/pages\/11692\/revisions\/11705"}],"wp:attachment":[{"href":"https:\/\/www.amper-aufsperrdienst.de\/en\/wp-json\/wp\/v2\/media?parent=11692"}],"curies":[{"name":"wp","href":"https:\/\/api.w.org\/{rel}","templated":true}]}}