{"id":11704,"date":"2018-02-28T07:12:26","date_gmt":"2018-02-28T05:12:26","guid":{"rendered":"https:\/\/www.amper-aufsperrdienst.de\/locksmith-munich-kaiserplatz\/"},"modified":"2026-02-11T07:39:37","modified_gmt":"2026-02-11T05:39:37","slug":"locksmith-munich-kaiserplatz","status":"publish","type":"page","link":"https:\/\/www.amper-aufsperrdienst.de\/en\/locksmith-munich-kaiserplatz\/","title":{"rendered":"Locksmith Munich Kaiserplatz"},"content":{"rendered":"<p><img loading=\"lazy\" decoding=\"async\" class=\"alignleft\" style=\"margin-bottom: 5px !important;\" src=\"https:\/\/www.amper-aufsperrdienst.de\/wp-content\/uploads\/2021\/03\/schluesseldienst-muenchen-kaiserplatz-festpreis-ab-52-siegel.jpg\" alt=\"Amper Locksmith Opening Service muenchen-kaiserplatz with fixed price from 52,- EUR\" width=\"250\" height=\"250\" \/><\/p>\n<p>You&#8217;ve locked out your smartphone, wallet, and documents? Suddenly realize your key is still inside? Has your key broken off in the lock? While these are certainly unpleasant situations, they&#8217;re not ones our Munich Kaiserplatz locksmith service can&#8217;t handle. Amper Locksmith Service will arrive within 30 minutes of your call and quickly open your door for a fair and reliable fixed price. Simply call us free of charge; we&#8217;re available 24\/7, even on Sundays and holidays!<\/p>\n<h2>Kaiserplatz, located between Maxvorstadt and Schwabing-West<\/h2>\n<div id=\"attachment_10173\" style=\"width: 610px\" class=\"wp-caption alignnone\"><img loading=\"lazy\" decoding=\"async\" aria-describedby=\"caption-attachment-10173\" class=\"size-full wp-image-10173\" src=\"https:\/\/www.amper-aufsperrdienst.de\/wp-content\/uploads\/2024\/03\/kaiserplatz-kaiserstrasse.webp\" alt=\"Munich-Schwabing Kaiserstra\u00dfe \/ Kaiserplatz\" width=\"600\" height=\"450\" srcset=\"https:\/\/www.amper-aufsperrdienst.de\/wp-content\/uploads\/2024\/03\/kaiserplatz-kaiserstrasse.webp 600w, https:\/\/www.amper-aufsperrdienst.de\/wp-content\/uploads\/2024\/03\/kaiserplatz-kaiserstrasse-300x225.webp 300w, https:\/\/www.amper-aufsperrdienst.de\/wp-content\/uploads\/2024\/03\/kaiserplatz-kaiserstrasse-480x360.webp 480w, https:\/\/www.amper-aufsperrdienst.de\/wp-content\/uploads\/2024\/03\/kaiserplatz-kaiserstrasse-146x110.webp 146w\" sizes=\"auto, (max-width: 600px) 100vw, 600px\" \/><p id=\"caption-attachment-10173\" class=\"wp-caption-text\">In the heart of Schwabing: corner of Kaiserstra\u00dfe \/ Kaiserplatz<\/p><\/div>\n<p>Munich&#8217;s Kaiserplatz is located between the Maxvorstadt and Schwabing-West districts. It is bordered by Kaiserstra\u00dfe, Herzogstra\u00dfe, Viktor-Scheffel-Stra\u00dfe, R\u00f6merstra\u00dfe, Bismarckstra\u00dfe, and Viktoriastra\u00dfe. The M\u00fcnchner Freiheit U-Bahn station is also nearby, providing excellent public transport connections.<\/p>\n<p>The parish church of St. Ursula, affectionately known as the &#8220;Cathedral of Schwabing,&#8221; is also located on Kaiserplatz. Its striking dome makes it a particularly eye-catching landmark. It&#8217;s no wonder, then, that it was certified as a historical monument in 2007. The church was consecrated in October 1897 after three years of construction.<\/p>\n          <!-- tarif -->\n<h2><b><span style=\"vertical-align: inherit;\"><span style=\"vertical-align: inherit;\">Our binding fixed prices start from \u20ac52.<\/span><\/span><\/b><\/h2>\n<p>Amper Locksmith Service is a fair locksmith service with transparent fixed prices:<\/p>\n<div class=\"table-title\">\n\tPRICE LIST  UNLOCK\n<\/div>\n<!-- Table part-->\n<table class=\"table\">\n  <thead class=\"header\">\n\t  <tr>\n     \t <th scope=\"col\">Time<\/th>\n     \t <th scope=\"col\">8 - 18<\/th>\n     \t <th scope=\"col\">18 - 22<\/th>\n     \t <th scope=\"col\">22 - 8<\/th>\n\t<\/tr>\n  <\/thead>\n  <tbody>\n     \t  <tr class=\"weekdays\">\n     \t  \t  <td class=\"tag\" data-label=\"Time\">Mo - Fr<\/td>\n     \t  \t  <td class=\"hrs tag\" data-label=\"8 - 18\">52,- \u20ac<\/td>\n     \t  \t  <td class=\"tag space\" data-label=\"18 - 22\">82,- \u20ac<\/td>\n     \t  \t  <td data-label=\"22 - 8\">95,- \u20ac<\/td>\n     \t  <\/tr>\n     <tr class=\"weekends\">\n     \t  \t  <td class=\"tag\" data-label=\"Time\">Sa<\/td>\n     \t  \t  <td class=\"tag\" data-label=\"8 - 18\">95,- \u20ac<\/td>\n     \t  \t  <td class=\"tag\" data-label=\"18 - 22\">95,- \u20ac<\/td>\n     \t  \t  <td data-label=\"22 - 8\">125,- \u20ac<\/td>\n     \t  <\/tr>\n     <tr class=\"holidays\">\n     \t  \t  <td class=\"tag\" data-label=\"Time\">So & holiday<\/td>\n     \t  \t  <td class=\"tag\" data-label=\"8 - 18\">125,- \u20ac<\/td>\n     \t  \t  <td class=\"tag\" data-label=\"18 - 22\">125,-\u20ac<\/td>\n     \t  \t  <td data-label=\"22 - 8\">125,-\u20ac<\/td>\n     \t  <\/tr>\n     <\/tbody>\n<\/table>\n<!-- Table Description-->\n<div class=\"table-description\">\n\t<em>Please call to inquire about travel costs.<\/em>\n<\/div>\n<!-- Wordings below -->\n<div class=\"wordings\">\n<p>The prices listed in this table are binding for unlocking a door that has slammed shut or been pulled shut (without self-locking mechanisms). Please feel free to contact us if you would like a price quote for other locksmith services. We will gladly provide you with a transparent, fixed-price offer.<\/p>\n<\/div>\n\n<!-- END Wordings -->\n\n\n\n<div class=\"ansprech\">Locksmith Munich Kaiserplatz with fixed prices<br \/>\n<h3 class=\"phone mobilesOnly\"><a href=\"tel:+498000131131\">0800 \/ 0 131 131<\/a><\/h3><h3 class=\"phone desktopOnly\"><a href=\"tel:+498000131131\">0800 \/ 0 131 131<\/a><\/h3>Free 24-hour hotline, non-destructive door opening with special tools<\/div>\n<h2>Your competent and reliable 24\/7 emergency locksmith service<\/h2>\n<p>Do you need a door opened immediately? This is only possible, of course, if you have reliable staff who can help you competently. With Amper Locksmith Service, that&#8217;s exactly what you&#8217;ll find. We are your 24\/7 emergency locksmith service, available around the clock. We don&#8217;t have fixed business hours; we only go when we&#8217;re actually needed. Whether it&#8217;s a holiday or a weekend, you can count on our Munich Kaiserplatz locksmith service to open your door without damage, any day of the week, at any time.<\/p>\n<p>Unfortunately, the locksmith industry is plagued by scam or shell companies that don&#8217;t impress with quality but attract attention with their exorbitant prices. With us, you get a fast door opening, but there are no hidden costs. As a 24\/7 emergency service, you can always reach us on our toll-free number and tell us about your situation. We&#8217;ll then tell you our fixed prices directly over the phone.<\/p>\n<h2>Locksmith Munich Kaiserplatz: Experienced and competent as a traditional company<\/h2>\n<p>Since our expertise as a third-generation family business is in our blood, we can open your door without damage in 99% of cases where it has simply slammed shut. Of course, more complex lockouts are also no problem for us. We employ only professional and experienced locksmiths who always use specialized tools.<\/p>\n<p>You can also contact Amper Locksmith Service if you require security technology services. Whether it&#8217;s a comprehensive security analysis or the installation of professional locks on your windows and doors: The locksmith service in Munich at Kaiserplatz will never let you down.<\/p>\n<div class=\"ansprech\">Locksmith Munich Kaiserplatz with binding fixed prices<br \/>\n<h3 class=\"phone mobilesOnly\"><a href=\"tel:+498000131131\">0800 \/ 0 131 131<\/a><\/h3><h3 class=\"phone desktopOnly\"><a href=\"tel:+498000131131\">0800 \/ 0 131 131<\/a><\/h3>Free 24-hour hotline, non-destructive door opening with special tools<\/div>\n","protected":false},"excerpt":{"rendered":"<p>You&#8217;ve locked out your smartphone, wallet, and documents? Suddenly realize your key is still inside? Has your key broken off in the lock? While these are certainly unpleasant situations, they&#8217;re not ones our Munich Kaiserplatz locksmith service can&#8217;t handle. Amper Locksmith Service will arrive within 30 minutes of your call and quickly open your door [&hellip;]<\/p>\n","protected":false},"author":2,"featured_media":11701,"parent":0,"menu_order":0,"comment_status":"closed","ping_status":"closed","template":"","meta":{"footnotes":"","_links_to":"","_links_to_target":""},"class_list":["post-11704","page","type-page","status-publish","has-post-thumbnail","hentry"],"yoast_head":"<!-- This site is optimized with the Yoast SEO plugin v27.4 - https:\/\/yoast.com\/product\/yoast-seo-wordpress\/ -->\n<title>Locksmith Munich Kaiserplatz: from \u20ac52,- fixed price<\/title>\n<meta name=\"description\" content=\"Transparent and fast locksmith service in Munich&#039;s Kaiserplatz district with friendly staff, specialized tools, a toll-free number, and a fixed-price guarantee: we are available 24\/7 and will unlock your door without damage, even on Sundays and public holidays! Call us anytime, free of charge!\" \/>\n<meta name=\"robots\" content=\"index, follow, max-snippet:-1, max-image-preview:large, max-video-preview:-1\" \/>\n<link rel=\"canonical\" href=\"https:\/\/www.amper-aufsperrdienst.de\/en\/locksmith-munich-kaiserplatz\/\" \/>\n<meta property=\"og:locale\" content=\"en_US\" \/>\n<meta property=\"og:type\" content=\"article\" \/>\n<meta property=\"og:title\" content=\"Locksmith Munich Kaiserplatz: from \u20ac52,- fixed price\" \/>\n<meta property=\"og:description\" content=\"Transparent and fast locksmith service in Munich&#039;s Kaiserplatz district with friendly staff, specialized tools, a toll-free number, and a fixed-price guarantee: we are available 24\/7 and will unlock your door without damage, even on Sundays and public holidays! Call us anytime, free of charge!\" \/>\n<meta property=\"og:url\" content=\"https:\/\/www.amper-aufsperrdienst.de\/en\/locksmith-munich-kaiserplatz\/\" \/>\n<meta property=\"og:site_name\" content=\"Locksmith for Munich, Dachau and F\u00fcrstenfeldbruck\" \/>\n<meta property=\"article:modified_time\" content=\"2026-02-11T05:39:37+00:00\" \/>\n<meta property=\"og:image\" content=\"https:\/\/www.amper-aufsperrdienst.de\/wp-content\/uploads\/2024\/03\/schluesseldienst-muenchen-kaiserplatz.webp\" \/>\n\t<meta property=\"og:image:width\" content=\"960\" \/>\n\t<meta property=\"og:image:height\" content=\"360\" \/>\n\t<meta property=\"og:image:type\" content=\"image\/webp\" \/>\n<meta name=\"twitter:label1\" content=\"Est. reading time\" \/>\n\t<meta name=\"twitter:data1\" content=\"4 minutes\" \/>\n<script type=\"application\/ld+json\" class=\"yoast-schema-graph\">{\"@context\":\"https:\\\/\\\/schema.org\",\"@graph\":[{\"@type\":\"WebPage\",\"@id\":\"https:\\\/\\\/www.amper-aufsperrdienst.de\\\/en\\\/locksmith-munich-kaiserplatz\\\/\",\"url\":\"https:\\\/\\\/www.amper-aufsperrdienst.de\\\/en\\\/locksmith-munich-kaiserplatz\\\/\",\"name\":\"Locksmith Munich Kaiserplatz: from \u20ac52,- fixed price\",\"isPartOf\":{\"@id\":\"https:\\\/\\\/www.amper-aufsperrdienst.de\\\/en\\\/#website\"},\"primaryImageOfPage\":{\"@id\":\"https:\\\/\\\/www.amper-aufsperrdienst.de\\\/en\\\/locksmith-munich-kaiserplatz\\\/#primaryimage\"},\"image\":{\"@id\":\"https:\\\/\\\/www.amper-aufsperrdienst.de\\\/en\\\/locksmith-munich-kaiserplatz\\\/#primaryimage\"},\"thumbnailUrl\":\"https:\\\/\\\/www.amper-aufsperrdienst.de\\\/wp-content\\\/uploads\\\/2024\\\/03\\\/schluesseldienst-muenchen-kaiserplatz.webp\",\"datePublished\":\"2018-02-28T05:12:26+00:00\",\"dateModified\":\"2026-02-11T05:39:37+00:00\",\"description\":\"Transparent and fast locksmith service in Munich's Kaiserplatz district with friendly staff, specialized tools, a toll-free number, and a fixed-price guarantee: we are available 24\\\/7 and will unlock your door without damage, even on Sundays and public holidays! Call us anytime, free of charge!\",\"breadcrumb\":{\"@id\":\"https:\\\/\\\/www.amper-aufsperrdienst.de\\\/en\\\/locksmith-munich-kaiserplatz\\\/#breadcrumb\"},\"inLanguage\":\"en-US\",\"potentialAction\":[{\"@type\":\"ReadAction\",\"target\":[\"https:\\\/\\\/www.amper-aufsperrdienst.de\\\/en\\\/locksmith-munich-kaiserplatz\\\/\"]}]},{\"@type\":\"ImageObject\",\"inLanguage\":\"en-US\",\"@id\":\"https:\\\/\\\/www.amper-aufsperrdienst.de\\\/en\\\/locksmith-munich-kaiserplatz\\\/#primaryimage\",\"url\":\"https:\\\/\\\/www.amper-aufsperrdienst.de\\\/wp-content\\\/uploads\\\/2024\\\/03\\\/schluesseldienst-muenchen-kaiserplatz.webp\",\"contentUrl\":\"https:\\\/\\\/www.amper-aufsperrdienst.de\\\/wp-content\\\/uploads\\\/2024\\\/03\\\/schluesseldienst-muenchen-kaiserplatz.webp\",\"width\":960,\"height\":360,\"caption\":\"Schl\u00fcsseldienst f\u00fcr M\u00fcnchen Kaiserplatz \u2013 Professionelle Schlosserarbeiten \u2013 feste Preise f\u00fcr T\u00fcr\u00f6ffnung\"},{\"@type\":\"BreadcrumbList\",\"@id\":\"https:\\\/\\\/www.amper-aufsperrdienst.de\\\/en\\\/locksmith-munich-kaiserplatz\\\/#breadcrumb\",\"itemListElement\":[{\"@type\":\"ListItem\",\"position\":1,\"name\":\"Home\",\"item\":\"https:\\\/\\\/www.amper-aufsperrdienst.de\\\/en\\\/\"},{\"@type\":\"ListItem\",\"position\":2,\"name\":\"Locksmith Munich Kaiserplatz\"}]},{\"@type\":\"WebSite\",\"@id\":\"https:\\\/\\\/www.amper-aufsperrdienst.de\\\/en\\\/#website\",\"url\":\"https:\\\/\\\/www.amper-aufsperrdienst.de\\\/en\\\/\",\"name\":\"Locksmith for Munich, Dachau and F\u00fcrstenfeldbruck\",\"description\":\"Amper Aufsperrdienst\",\"potentialAction\":[{\"@type\":\"SearchAction\",\"target\":{\"@type\":\"EntryPoint\",\"urlTemplate\":\"https:\\\/\\\/www.amper-aufsperrdienst.de\\\/en\\\/?s={search_term_string}\"},\"query-input\":{\"@type\":\"PropertyValueSpecification\",\"valueRequired\":true,\"valueName\":\"search_term_string\"}}],\"inLanguage\":\"en-US\"}]}<\/script>\n<!-- \/ Yoast SEO plugin. -->","yoast_head_json":{"title":"Locksmith Munich Kaiserplatz: from \u20ac52,- fixed price","description":"Transparent and fast locksmith service in Munich's Kaiserplatz district with friendly staff, specialized tools, a toll-free number, and a fixed-price guarantee: we are available 24\/7 and will unlock your door without damage, even on Sundays and public holidays! Call us anytime, free of charge!","robots":{"index":"index","follow":"follow","max-snippet":"max-snippet:-1","max-image-preview":"max-image-preview:large","max-video-preview":"max-video-preview:-1"},"canonical":"https:\/\/www.amper-aufsperrdienst.de\/en\/locksmith-munich-kaiserplatz\/","og_locale":"en_US","og_type":"article","og_title":"Locksmith Munich Kaiserplatz: from \u20ac52,- fixed price","og_description":"Transparent and fast locksmith service in Munich's Kaiserplatz district with friendly staff, specialized tools, a toll-free number, and a fixed-price guarantee: we are available 24\/7 and will unlock your door without damage, even on Sundays and public holidays! Call us anytime, free of charge!","og_url":"https:\/\/www.amper-aufsperrdienst.de\/en\/locksmith-munich-kaiserplatz\/","og_site_name":"Locksmith for Munich, Dachau and F\u00fcrstenfeldbruck","article_modified_time":"2026-02-11T05:39:37+00:00","og_image":[{"width":960,"height":360,"url":"https:\/\/www.amper-aufsperrdienst.de\/wp-content\/uploads\/2024\/03\/schluesseldienst-muenchen-kaiserplatz.webp","type":"image\/webp"}],"twitter_misc":{"Est. reading time":"4 minutes"},"schema":{"@context":"https:\/\/schema.org","@graph":[{"@type":"WebPage","@id":"https:\/\/www.amper-aufsperrdienst.de\/en\/locksmith-munich-kaiserplatz\/","url":"https:\/\/www.amper-aufsperrdienst.de\/en\/locksmith-munich-kaiserplatz\/","name":"Locksmith Munich Kaiserplatz: from \u20ac52,- fixed price","isPartOf":{"@id":"https:\/\/www.amper-aufsperrdienst.de\/en\/#website"},"primaryImageOfPage":{"@id":"https:\/\/www.amper-aufsperrdienst.de\/en\/locksmith-munich-kaiserplatz\/#primaryimage"},"image":{"@id":"https:\/\/www.amper-aufsperrdienst.de\/en\/locksmith-munich-kaiserplatz\/#primaryimage"},"thumbnailUrl":"https:\/\/www.amper-aufsperrdienst.de\/wp-content\/uploads\/2024\/03\/schluesseldienst-muenchen-kaiserplatz.webp","datePublished":"2018-02-28T05:12:26+00:00","dateModified":"2026-02-11T05:39:37+00:00","description":"Transparent and fast locksmith service in Munich's Kaiserplatz district with friendly staff, specialized tools, a toll-free number, and a fixed-price guarantee: we are available 24\/7 and will unlock your door without damage, even on Sundays and public holidays! Call us anytime, free of charge!","breadcrumb":{"@id":"https:\/\/www.amper-aufsperrdienst.de\/en\/locksmith-munich-kaiserplatz\/#breadcrumb"},"inLanguage":"en-US","potentialAction":[{"@type":"ReadAction","target":["https:\/\/www.amper-aufsperrdienst.de\/en\/locksmith-munich-kaiserplatz\/"]}]},{"@type":"ImageObject","inLanguage":"en-US","@id":"https:\/\/www.amper-aufsperrdienst.de\/en\/locksmith-munich-kaiserplatz\/#primaryimage","url":"https:\/\/www.amper-aufsperrdienst.de\/wp-content\/uploads\/2024\/03\/schluesseldienst-muenchen-kaiserplatz.webp","contentUrl":"https:\/\/www.amper-aufsperrdienst.de\/wp-content\/uploads\/2024\/03\/schluesseldienst-muenchen-kaiserplatz.webp","width":960,"height":360,"caption":"Schl\u00fcsseldienst f\u00fcr M\u00fcnchen Kaiserplatz \u2013 Professionelle Schlosserarbeiten \u2013 feste Preise f\u00fcr T\u00fcr\u00f6ffnung"},{"@type":"BreadcrumbList","@id":"https:\/\/www.amper-aufsperrdienst.de\/en\/locksmith-munich-kaiserplatz\/#breadcrumb","itemListElement":[{"@type":"ListItem","position":1,"name":"Home","item":"https:\/\/www.amper-aufsperrdienst.de\/en\/"},{"@type":"ListItem","position":2,"name":"Locksmith Munich Kaiserplatz"}]},{"@type":"WebSite","@id":"https:\/\/www.amper-aufsperrdienst.de\/en\/#website","url":"https:\/\/www.amper-aufsperrdienst.de\/en\/","name":"Locksmith for Munich, Dachau and F\u00fcrstenfeldbruck","description":"Amper Aufsperrdienst","potentialAction":[{"@type":"SearchAction","target":{"@type":"EntryPoint","urlTemplate":"https:\/\/www.amper-aufsperrdienst.de\/en\/?s={search_term_string}"},"query-input":{"@type":"PropertyValueSpecification","valueRequired":true,"valueName":"search_term_string"}}],"inLanguage":"en-US"}]}},"_links":{"self":[{"href":"https:\/\/www.amper-aufsperrdienst.de\/en\/wp-json\/wp\/v2\/pages\/11704","targetHints":{"allow":["GET"]}}],"collection":[{"href":"https:\/\/www.amper-aufsperrdienst.de\/en\/wp-json\/wp\/v2\/pages"}],"about":[{"href":"https:\/\/www.amper-aufsperrdienst.de\/en\/wp-json\/wp\/v2\/types\/page"}],"author":[{"embeddable":true,"href":"https:\/\/www.amper-aufsperrdienst.de\/en\/wp-json\/wp\/v2\/users\/2"}],"replies":[{"embeddable":true,"href":"https:\/\/www.amper-aufsperrdienst.de\/en\/wp-json\/wp\/v2\/comments?post=11704"}],"version-history":[{"count":2,"href":"https:\/\/www.amper-aufsperrdienst.de\/en\/wp-json\/wp\/v2\/pages\/11704\/revisions"}],"predecessor-version":[{"id":15094,"href":"https:\/\/www.amper-aufsperrdienst.de\/en\/wp-json\/wp\/v2\/pages\/11704\/revisions\/15094"}],"wp:featuredmedia":[{"embeddable":true,"href":"https:\/\/www.amper-aufsperrdienst.de\/en\/wp-json\/wp\/v2\/media\/11701"}],"wp:attachment":[{"href":"https:\/\/www.amper-aufsperrdienst.de\/en\/wp-json\/wp\/v2\/media?parent=11704"}],"curies":[{"name":"wp","href":"https:\/\/api.w.org\/{rel}","templated":true}]}}