{"id":11718,"date":"2017-08-29T15:31:15","date_gmt":"2017-08-29T13:31:15","guid":{"rendered":"https:\/\/www.amper-aufsperrdienst.de\/moorenweis-locksmith\/"},"modified":"2026-02-04T08:46:46","modified_gmt":"2026-02-04T06:46:46","slug":"locksmith-moorenweis","status":"publish","type":"page","link":"https:\/\/www.amper-aufsperrdienst.de\/en\/locksmith-moorenweis\/","title":{"rendered":"Locksmith Moorenweis"},"content":{"rendered":"<p><img loading=\"lazy\" decoding=\"async\" class=\"alignleft\" style=\"margin-bottom: 5px !important;\" src=\"https:\/\/www.amper-aufsperrdienst.de\/wp-content\/uploads\/2021\/03\/schluesseldienst-moorenweis-festpreis-ab-52-siegel.jpg\" alt=\"Locksmith Amper - locksmith service Moorenweis with a fixed price starting from 52 EUR\" width=\"250\" height=\"250\" \/><\/p>\n<p>There was a loud bang as the door slammed shut, and you realized you didn&#8217;t have your key with you! Despair? Why worry? Amper Locksmith Service will help you quickly and reliably if you need a professional locksmith in Moorenweis. Call us anytime, free of charge, describe your problem, and we&#8217;ll give you a fixed-price quote right away.<\/p>\n<p>Of course, we&#8217;ll also give you an estimate of how many minutes it will take us to get to you. Rest assured, though: we&#8217;ll arrive as quickly as possible and we&#8217;ll stick to our fixed prices exactly as we quoted them over the phone!<\/p>\n          <!-- tarif -->\n<h2><b><span style=\"vertical-align: inherit;\"><span style=\"vertical-align: inherit;\">Our binding fixed prices start from \u20ac52.<\/span><\/span><\/b><\/h2>\n<p>Amper Locksmith Service is a fair locksmith service with transparent fixed prices:<\/p>\n<div class=\"table-title\">\n\tPRICE LIST  UNLOCK\n<\/div>\n<!-- Table part-->\n<table class=\"table\">\n  <thead class=\"header\">\n\t  <tr>\n     \t <th scope=\"col\">Time<\/th>\n     \t <th scope=\"col\">8 - 18<\/th>\n     \t <th scope=\"col\">18 - 22<\/th>\n     \t <th scope=\"col\">22 - 8<\/th>\n\t<\/tr>\n  <\/thead>\n  <tbody>\n     \t  <tr class=\"weekdays\">\n     \t  \t  <td class=\"tag\" data-label=\"Time\">Mo - Fr<\/td>\n     \t  \t  <td class=\"hrs tag\" data-label=\"8 - 18\">52,- \u20ac<\/td>\n     \t  \t  <td class=\"tag space\" data-label=\"18 - 22\">82,- \u20ac<\/td>\n     \t  \t  <td data-label=\"22 - 8\">95,- \u20ac<\/td>\n     \t  <\/tr>\n     <tr class=\"weekends\">\n     \t  \t  <td class=\"tag\" data-label=\"Time\">Sa<\/td>\n     \t  \t  <td class=\"tag\" data-label=\"8 - 18\">95,- \u20ac<\/td>\n     \t  \t  <td class=\"tag\" data-label=\"18 - 22\">95,- \u20ac<\/td>\n     \t  \t  <td data-label=\"22 - 8\">125,- \u20ac<\/td>\n     \t  <\/tr>\n     <tr class=\"holidays\">\n     \t  \t  <td class=\"tag\" data-label=\"Time\">So & holiday<\/td>\n     \t  \t  <td class=\"tag\" data-label=\"8 - 18\">125,- \u20ac<\/td>\n     \t  \t  <td class=\"tag\" data-label=\"18 - 22\">125,-\u20ac<\/td>\n     \t  \t  <td data-label=\"22 - 8\">125,-\u20ac<\/td>\n     \t  <\/tr>\n     <\/tbody>\n<\/table>\n<!-- Table Description-->\n<div class=\"table-description\">\n\t<em>Please call to inquire about travel costs.<\/em>\n<\/div>\n<!-- Wordings below -->\n<div class=\"wordings\">\n<p>The prices listed in this table are binding for unlocking a door that has slammed shut or been pulled shut (without self-locking mechanisms). Please feel free to contact us if you would like a price quote for other locksmith services. We will gladly provide you with a transparent, fixed-price offer.<\/p>\n<\/div>\n\n<!-- END Wordings -->\n\n\n\n<div class=\"ansprech\">Our 24-hour emergency hotline for Moorenweis<br \/>\n<h3 class=\"phone mobilesOnly\"><a href=\"tel:+498000131131\">0800 \/ 0 131 131<\/a><\/h3><h3 class=\"phone desktopOnly\"><a href=\"tel:+498000131131\">0800 \/ 0 131 131<\/a><\/h3> Free of charge and available at any time!<\/div>\n<h2>The municipality of Moorenweis in the district of F\u00fcrstenfeldbruck<\/h2>\n<p>The municipality of Moorenweis belongs to the district of F\u00fcrstenfeldbruck and is located in its far west. The municipality covers an area of \u200b\u200b45.45 square kilometers. Just over 4,000 people live in Moorenweis. Its postal code is 82272.<\/p>\n<p>The municipality consists of a total of 14 districts. These are named \u2013 in alphabetical order: Albertshofen, Brandenberg, D\u00fcnzelbach, Eismerszell, Grunertshofen, Hohenzell, Langwied, Luidenhofen, Moorenweis, Purk, R\u00f6mertshofen, Steinbach, Windach and Zell. The Maisach River originates in Moorenweis.<\/p>\n<p>Moorenweis was first mentioned around 753 in a document from the Wessobrunn Monastery.<\/p>\n<h2>Moorenweis locksmith service: Door unlocking at a fixed price<\/h2>\n<p>Are you desperate because you can no longer get into your house and urgently need someone who can help you quickly, reliably, and ideally for a fixed price? Feel free to contact us. Amper Locksmith Service will arrive at your location in no time after you call. We&#8217;ll give you a fixed price quote right over the phone after you describe your situation in detail \u2013 a price that is affordable, binding, and fair. And our fixed prices are guaranteed! We can confidently say we offer a fixed-price guarantee!<\/p>\n<h2>Available at any time<\/h2>\n<p>We are available for you at any time of day because we are not an ordinary locksmith service that only works during normal business hours, but a genuine emergency locksmith service with 24-hour on-call availability. You can call us and contact us at any time: this naturally includes late at night, early in the morning, or holidays like Easter or Christmas! We provide reliable assistance around the clock! And we have been doing so for three generations!<\/p>\n<h2>Non-destructive door opening<\/h2>\n<p>We place the utmost importance not only on speed, reliability, and 24\/7 availability, but also, and especially, on professionally executed door openings that cause no damage. That&#8217;s why the locksmiths at Amper Locksmith Service are highly trained and use only tools specifically designed for non-destructive door opening. As a locksmith service, we are also very successful. With doors that have simply slammed shut, damage is virtually unheard of. Even with locked doors, we often find the right approach to ensure non-destructive opening.<\/p>\n<p>Do you urgently need a locksmith in Moorenweis who can help you out of a jam and offer non-destructive door opening at a low fixed price? Contact us anytime free of charge for a transparent and non-binding consultation. After we tell you our fixed price, you can then decide whether or not you want to hire us. If you do hire us, we&#8217;ll &#8220;fly&#8221; to you to help you as quickly as possible!<\/p>\n<div class=\"ansprech\">Our 24-hour emergency hotline for Moorenweis<br \/>\n<h3 class=\"phone mobilesOnly\"><a href=\"tel:+498000131131\">0800 \/ 0 131 131<\/a><\/h3><h3 class=\"phone desktopOnly\"><a href=\"tel:+498000131131\">0800 \/ 0 131 131<\/a><\/h3> Free of charge and available at any time!<\/div>\n","protected":false},"excerpt":{"rendered":"<p>There was a loud bang as the door slammed shut, and you realized you didn&#8217;t have your key with you! Despair? Why worry? Amper Locksmith Service will help you quickly and reliably if you need a professional locksmith in Moorenweis. Call us anytime, free of charge, describe your problem, and we&#8217;ll give you a fixed-price [&hellip;]<\/p>\n","protected":false},"author":2,"featured_media":0,"parent":0,"menu_order":0,"comment_status":"closed","ping_status":"closed","template":"","meta":{"footnotes":"","_links_to":"","_links_to_target":""},"class_list":["post-11718","page","type-page","status-publish","hentry"],"yoast_head":"<!-- This site is optimized with the Yoast SEO plugin v27.4 - https:\/\/yoast.com\/product\/yoast-seo-wordpress\/ -->\n<title>Locksmith in Moorenweis: fixed price starting from \u20ac52.<\/title>\n<meta name=\"description\" content=\"Professioneller Schl\u00fcsseldienst Moorenweis mit g\u00fcnstigen Festpreis, gratis Hotline und 24-Stunden-Notdienst: zuverl\u00e4ssige T\u00fcraufsperrung in k\u00fcrzester Zeit.\" \/>\n<meta name=\"robots\" content=\"index, follow, max-snippet:-1, max-image-preview:large, max-video-preview:-1\" \/>\n<link rel=\"canonical\" href=\"https:\/\/www.amper-aufsperrdienst.de\/en\/locksmith-moorenweis\/\" \/>\n<meta property=\"og:locale\" content=\"en_US\" \/>\n<meta property=\"og:type\" content=\"article\" \/>\n<meta property=\"og:title\" content=\"Locksmith in Moorenweis: fixed price starting from \u20ac52.\" \/>\n<meta property=\"og:description\" content=\"Professioneller Schl\u00fcsseldienst Moorenweis mit g\u00fcnstigen Festpreis, gratis Hotline und 24-Stunden-Notdienst: zuverl\u00e4ssige T\u00fcraufsperrung in k\u00fcrzester Zeit.\" \/>\n<meta property=\"og:url\" content=\"https:\/\/www.amper-aufsperrdienst.de\/en\/locksmith-moorenweis\/\" \/>\n<meta property=\"og:site_name\" content=\"Locksmith for Munich, Dachau and F\u00fcrstenfeldbruck\" \/>\n<meta property=\"article:modified_time\" content=\"2026-02-04T06:46:46+00:00\" \/>\n<meta property=\"og:image\" content=\"https:\/\/www.amper-aufsperrdienst.de\/wp-content\/uploads\/2021\/03\/schluesseldienst-moorenweis-festpreis-ab-52-siegel.jpg\" \/>\n<meta name=\"twitter:label1\" content=\"Est. reading time\" \/>\n\t<meta name=\"twitter:data1\" content=\"4 minutes\" \/>\n<script type=\"application\/ld+json\" class=\"yoast-schema-graph\">{\"@context\":\"https:\\\/\\\/schema.org\",\"@graph\":[{\"@type\":\"WebPage\",\"@id\":\"https:\\\/\\\/www.amper-aufsperrdienst.de\\\/en\\\/locksmith-moorenweis\\\/\",\"url\":\"https:\\\/\\\/www.amper-aufsperrdienst.de\\\/en\\\/locksmith-moorenweis\\\/\",\"name\":\"Locksmith in Moorenweis: fixed price starting from \u20ac52.\",\"isPartOf\":{\"@id\":\"https:\\\/\\\/www.amper-aufsperrdienst.de\\\/en\\\/#website\"},\"primaryImageOfPage\":{\"@id\":\"https:\\\/\\\/www.amper-aufsperrdienst.de\\\/en\\\/locksmith-moorenweis\\\/#primaryimage\"},\"image\":{\"@id\":\"https:\\\/\\\/www.amper-aufsperrdienst.de\\\/en\\\/locksmith-moorenweis\\\/#primaryimage\"},\"thumbnailUrl\":\"https:\\\/\\\/www.amper-aufsperrdienst.de\\\/wp-content\\\/uploads\\\/2021\\\/03\\\/schluesseldienst-moorenweis-festpreis-ab-52-siegel.jpg\",\"datePublished\":\"2017-08-29T13:31:15+00:00\",\"dateModified\":\"2026-02-04T06:46:46+00:00\",\"description\":\"Professioneller Schl\u00fcsseldienst Moorenweis mit g\u00fcnstigen Festpreis, gratis Hotline und 24-Stunden-Notdienst: zuverl\u00e4ssige T\u00fcraufsperrung in k\u00fcrzester Zeit.\",\"breadcrumb\":{\"@id\":\"https:\\\/\\\/www.amper-aufsperrdienst.de\\\/en\\\/locksmith-moorenweis\\\/#breadcrumb\"},\"inLanguage\":\"en-US\",\"potentialAction\":[{\"@type\":\"ReadAction\",\"target\":[\"https:\\\/\\\/www.amper-aufsperrdienst.de\\\/en\\\/locksmith-moorenweis\\\/\"]}]},{\"@type\":\"ImageObject\",\"inLanguage\":\"en-US\",\"@id\":\"https:\\\/\\\/www.amper-aufsperrdienst.de\\\/en\\\/locksmith-moorenweis\\\/#primaryimage\",\"url\":\"https:\\\/\\\/www.amper-aufsperrdienst.de\\\/wp-content\\\/uploads\\\/2021\\\/03\\\/schluesseldienst-moorenweis-festpreis-ab-52-siegel.jpg\",\"contentUrl\":\"https:\\\/\\\/www.amper-aufsperrdienst.de\\\/wp-content\\\/uploads\\\/2021\\\/03\\\/schluesseldienst-moorenweis-festpreis-ab-52-siegel.jpg\"},{\"@type\":\"BreadcrumbList\",\"@id\":\"https:\\\/\\\/www.amper-aufsperrdienst.de\\\/en\\\/locksmith-moorenweis\\\/#breadcrumb\",\"itemListElement\":[{\"@type\":\"ListItem\",\"position\":1,\"name\":\"Home\",\"item\":\"https:\\\/\\\/www.amper-aufsperrdienst.de\\\/en\\\/\"},{\"@type\":\"ListItem\",\"position\":2,\"name\":\"Locksmith Moorenweis\"}]},{\"@type\":\"WebSite\",\"@id\":\"https:\\\/\\\/www.amper-aufsperrdienst.de\\\/en\\\/#website\",\"url\":\"https:\\\/\\\/www.amper-aufsperrdienst.de\\\/en\\\/\",\"name\":\"Locksmith for Munich, Dachau and F\u00fcrstenfeldbruck\",\"description\":\"Amper Aufsperrdienst\",\"potentialAction\":[{\"@type\":\"SearchAction\",\"target\":{\"@type\":\"EntryPoint\",\"urlTemplate\":\"https:\\\/\\\/www.amper-aufsperrdienst.de\\\/en\\\/?s={search_term_string}\"},\"query-input\":{\"@type\":\"PropertyValueSpecification\",\"valueRequired\":true,\"valueName\":\"search_term_string\"}}],\"inLanguage\":\"en-US\"}]}<\/script>\n<!-- \/ Yoast SEO plugin. -->","yoast_head_json":{"title":"Locksmith in Moorenweis: fixed price starting from \u20ac52.","description":"Professioneller Schl\u00fcsseldienst Moorenweis mit g\u00fcnstigen Festpreis, gratis Hotline und 24-Stunden-Notdienst: zuverl\u00e4ssige T\u00fcraufsperrung in k\u00fcrzester Zeit.","robots":{"index":"index","follow":"follow","max-snippet":"max-snippet:-1","max-image-preview":"max-image-preview:large","max-video-preview":"max-video-preview:-1"},"canonical":"https:\/\/www.amper-aufsperrdienst.de\/en\/locksmith-moorenweis\/","og_locale":"en_US","og_type":"article","og_title":"Locksmith in Moorenweis: fixed price starting from \u20ac52.","og_description":"Professioneller Schl\u00fcsseldienst Moorenweis mit g\u00fcnstigen Festpreis, gratis Hotline und 24-Stunden-Notdienst: zuverl\u00e4ssige T\u00fcraufsperrung in k\u00fcrzester Zeit.","og_url":"https:\/\/www.amper-aufsperrdienst.de\/en\/locksmith-moorenweis\/","og_site_name":"Locksmith for Munich, Dachau and F\u00fcrstenfeldbruck","article_modified_time":"2026-02-04T06:46:46+00:00","og_image":[{"url":"https:\/\/www.amper-aufsperrdienst.de\/wp-content\/uploads\/2021\/03\/schluesseldienst-moorenweis-festpreis-ab-52-siegel.jpg","type":"","width":"","height":""}],"twitter_misc":{"Est. reading time":"4 minutes"},"schema":{"@context":"https:\/\/schema.org","@graph":[{"@type":"WebPage","@id":"https:\/\/www.amper-aufsperrdienst.de\/en\/locksmith-moorenweis\/","url":"https:\/\/www.amper-aufsperrdienst.de\/en\/locksmith-moorenweis\/","name":"Locksmith in Moorenweis: fixed price starting from \u20ac52.","isPartOf":{"@id":"https:\/\/www.amper-aufsperrdienst.de\/en\/#website"},"primaryImageOfPage":{"@id":"https:\/\/www.amper-aufsperrdienst.de\/en\/locksmith-moorenweis\/#primaryimage"},"image":{"@id":"https:\/\/www.amper-aufsperrdienst.de\/en\/locksmith-moorenweis\/#primaryimage"},"thumbnailUrl":"https:\/\/www.amper-aufsperrdienst.de\/wp-content\/uploads\/2021\/03\/schluesseldienst-moorenweis-festpreis-ab-52-siegel.jpg","datePublished":"2017-08-29T13:31:15+00:00","dateModified":"2026-02-04T06:46:46+00:00","description":"Professioneller Schl\u00fcsseldienst Moorenweis mit g\u00fcnstigen Festpreis, gratis Hotline und 24-Stunden-Notdienst: zuverl\u00e4ssige T\u00fcraufsperrung in k\u00fcrzester Zeit.","breadcrumb":{"@id":"https:\/\/www.amper-aufsperrdienst.de\/en\/locksmith-moorenweis\/#breadcrumb"},"inLanguage":"en-US","potentialAction":[{"@type":"ReadAction","target":["https:\/\/www.amper-aufsperrdienst.de\/en\/locksmith-moorenweis\/"]}]},{"@type":"ImageObject","inLanguage":"en-US","@id":"https:\/\/www.amper-aufsperrdienst.de\/en\/locksmith-moorenweis\/#primaryimage","url":"https:\/\/www.amper-aufsperrdienst.de\/wp-content\/uploads\/2021\/03\/schluesseldienst-moorenweis-festpreis-ab-52-siegel.jpg","contentUrl":"https:\/\/www.amper-aufsperrdienst.de\/wp-content\/uploads\/2021\/03\/schluesseldienst-moorenweis-festpreis-ab-52-siegel.jpg"},{"@type":"BreadcrumbList","@id":"https:\/\/www.amper-aufsperrdienst.de\/en\/locksmith-moorenweis\/#breadcrumb","itemListElement":[{"@type":"ListItem","position":1,"name":"Home","item":"https:\/\/www.amper-aufsperrdienst.de\/en\/"},{"@type":"ListItem","position":2,"name":"Locksmith Moorenweis"}]},{"@type":"WebSite","@id":"https:\/\/www.amper-aufsperrdienst.de\/en\/#website","url":"https:\/\/www.amper-aufsperrdienst.de\/en\/","name":"Locksmith for Munich, Dachau and F\u00fcrstenfeldbruck","description":"Amper Aufsperrdienst","potentialAction":[{"@type":"SearchAction","target":{"@type":"EntryPoint","urlTemplate":"https:\/\/www.amper-aufsperrdienst.de\/en\/?s={search_term_string}"},"query-input":{"@type":"PropertyValueSpecification","valueRequired":true,"valueName":"search_term_string"}}],"inLanguage":"en-US"}]}},"_links":{"self":[{"href":"https:\/\/www.amper-aufsperrdienst.de\/en\/wp-json\/wp\/v2\/pages\/11718","targetHints":{"allow":["GET"]}}],"collection":[{"href":"https:\/\/www.amper-aufsperrdienst.de\/en\/wp-json\/wp\/v2\/pages"}],"about":[{"href":"https:\/\/www.amper-aufsperrdienst.de\/en\/wp-json\/wp\/v2\/types\/page"}],"author":[{"embeddable":true,"href":"https:\/\/www.amper-aufsperrdienst.de\/en\/wp-json\/wp\/v2\/users\/2"}],"replies":[{"embeddable":true,"href":"https:\/\/www.amper-aufsperrdienst.de\/en\/wp-json\/wp\/v2\/comments?post=11718"}],"version-history":[{"count":2,"href":"https:\/\/www.amper-aufsperrdienst.de\/en\/wp-json\/wp\/v2\/pages\/11718\/revisions"}],"predecessor-version":[{"id":14908,"href":"https:\/\/www.amper-aufsperrdienst.de\/en\/wp-json\/wp\/v2\/pages\/11718\/revisions\/14908"}],"wp:attachment":[{"href":"https:\/\/www.amper-aufsperrdienst.de\/en\/wp-json\/wp\/v2\/media?parent=11718"}],"curies":[{"name":"wp","href":"https:\/\/api.w.org\/{rel}","templated":true}]}}