{"id":11758,"date":"2018-07-13T06:19:34","date_gmt":"2018-07-13T04:19:34","guid":{"rendered":"https:\/\/www.amper-aufsperrdienst.de\/locksmith-munich-untersendling\/"},"modified":"2026-02-11T07:40:50","modified_gmt":"2026-02-11T05:40:50","slug":"locksmith-munich-untersendling","status":"publish","type":"page","link":"https:\/\/www.amper-aufsperrdienst.de\/en\/locksmith-munich-untersendling\/","title":{"rendered":"Locksmith Munich Untersendling"},"content":{"rendered":"<p><img loading=\"lazy\" decoding=\"async\" class=\"alignleft\" style=\"margin-bottom: 5px !important;\" src=\"https:\/\/www.amper-aufsperrdienst.de\/wp-content\/uploads\/2021\/03\/schluesseldienst-muenchen-untersendling-festpreis-ab-52-siegel.jpg\" alt=\"Schl\u00fcsseldienst M\u00fcnchen with fixed price from 52,- EUR\" width=\"250\" height=\"250\" \/><span style=\"font-size: inherit;\">Do you urgently need a fair, honest, and skilled locksmith in the Untersendling district of Munich? We offer a fixed price and know exactly how to open a locked or jammed apartment door without causing any damage? If so, contact Amper Locksmith Service immediately. We offer a fixed price guarantee, 24-hour emergency service, and a free phone number. Our locksmiths are true experts in their field and use the best tools to quickly and safely restore access to your apartment or house in Untersendling. We are happy to assist you on Sundays and holidays \u2013 day or night!<\/span><\/p>\n<h2>Untersendling in the Munich district of Sendling<\/h2>\n<div id=\"attachment_10201\" style=\"width: 610px\" class=\"wp-caption alignnone\"><img loading=\"lazy\" decoding=\"async\" aria-describedby=\"caption-attachment-10201\" class=\"size-full wp-image-10201\" src=\"https:\/\/www.amper-aufsperrdienst.de\/wp-content\/uploads\/2024\/03\/alte-sendlinger-kirche.webp\" alt=\"Old Sendling Church\" width=\"600\" height=\"450\" srcset=\"https:\/\/www.amper-aufsperrdienst.de\/wp-content\/uploads\/2024\/03\/alte-sendlinger-kirche.webp 600w, https:\/\/www.amper-aufsperrdienst.de\/wp-content\/uploads\/2024\/03\/alte-sendlinger-kirche-300x225.webp 300w, https:\/\/www.amper-aufsperrdienst.de\/wp-content\/uploads\/2024\/03\/alte-sendlinger-kirche-480x360.webp 480w, https:\/\/www.amper-aufsperrdienst.de\/wp-content\/uploads\/2024\/03\/alte-sendlinger-kirche-146x110.webp 146w\" sizes=\"auto, (max-width: 600px) 100vw, 600px\" \/><p id=\"caption-attachment-10201\" class=\"wp-caption-text\">Old parish church, Plinganserstra\u00dfe 1, corner of Lindwurmstra\u00dfe in Munich-Untersendling<\/p><\/div>\n<p>Sendling was originally made up of three parts: Obersendling, Untersendling, and Mittersendling. Sendling was incorporated into Munich in 1887. Since then, the three sub-districts have been continually reassigned to new city districts.<\/p>\n<p>Today, Obersendling belongs to the city district of Thalkirchen-Obersendling-Forstenried-F\u00fcrstenried-Soll, and Mittersendling to Sendling-Westpark.<\/p>\n<p>Untersendling is part of the Munich city district of Sendling. (It&#8217;s easy to get confused here&#8230;)<\/p>\n          <!-- tarif -->\n<h2><b><span style=\"vertical-align: inherit;\"><span style=\"vertical-align: inherit;\">Our binding fixed prices start from \u20ac52.<\/span><\/span><\/b><\/h2>\n<p>Amper Locksmith Service is a fair locksmith service with transparent fixed prices:<\/p>\n<div class=\"table-title\">\n\tPRICE LIST  UNLOCK\n<\/div>\n<!-- Table part-->\n<table class=\"table\">\n  <thead class=\"header\">\n\t  <tr>\n     \t <th scope=\"col\">Time<\/th>\n     \t <th scope=\"col\">8 - 18<\/th>\n     \t <th scope=\"col\">18 - 22<\/th>\n     \t <th scope=\"col\">22 - 8<\/th>\n\t<\/tr>\n  <\/thead>\n  <tbody>\n     \t  <tr class=\"weekdays\">\n     \t  \t  <td class=\"tag\" data-label=\"Time\">Mo - Fr<\/td>\n     \t  \t  <td class=\"hrs tag\" data-label=\"8 - 18\">52,- \u20ac<\/td>\n     \t  \t  <td class=\"tag space\" data-label=\"18 - 22\">82,- \u20ac<\/td>\n     \t  \t  <td data-label=\"22 - 8\">95,- \u20ac<\/td>\n     \t  <\/tr>\n     <tr class=\"weekends\">\n     \t  \t  <td class=\"tag\" data-label=\"Time\">Sa<\/td>\n     \t  \t  <td class=\"tag\" data-label=\"8 - 18\">95,- \u20ac<\/td>\n     \t  \t  <td class=\"tag\" data-label=\"18 - 22\">95,- \u20ac<\/td>\n     \t  \t  <td data-label=\"22 - 8\">125,- \u20ac<\/td>\n     \t  <\/tr>\n     <tr class=\"holidays\">\n     \t  \t  <td class=\"tag\" data-label=\"Time\">So & holiday<\/td>\n     \t  \t  <td class=\"tag\" data-label=\"8 - 18\">125,- \u20ac<\/td>\n     \t  \t  <td class=\"tag\" data-label=\"18 - 22\">125,-\u20ac<\/td>\n     \t  \t  <td data-label=\"22 - 8\">125,-\u20ac<\/td>\n     \t  <\/tr>\n     <\/tbody>\n<\/table>\n<!-- Table Description-->\n<div class=\"table-description\">\n\t<em>Please call to inquire about travel costs.<\/em>\n<\/div>\n<!-- Wordings below -->\n<div class=\"wordings\">\n<p>The prices listed in this table are binding for unlocking a door that has slammed shut or been pulled shut (without self-locking mechanisms). Please feel free to contact us if you would like a price quote for other locksmith services. We will gladly provide you with a transparent, fixed-price offer.<\/p>\n<\/div>\n\n<!-- END Wordings -->\n\n\n\n<div class=\"ansprech\">Skilled locksmith service in Munich Untersendling with free emergency call and 24-hour emergency hotline<br \/>\n<h3 class=\"phone mobilesOnly\"><a href=\"tel:+498000131131\">0800 \/ 0 131 131<\/a><\/h3><h3 class=\"phone desktopOnly\"><a href=\"tel:+498000131131\">0800 \/ 0 131 131<\/a><\/h3>Friendly locksmith professionals, specialist tools and fixed price guarantee<\/div>\n<h2>Locksmith Munich Untersendling: Fast door opening at a fixed price<\/h2>\n<p>Has the door already closed and you&#8217;ve had to admit that you&#8217;re locked out? As a professional, trustworthy, and fast locksmith service in Munich Untersendling, we&#8217;re happy to be there for you as quickly as possible if you need a true expert for damage-free door opening at a guaranteed fixed price! We&#8217;re usually at your location in just about 30 minutes and we always honor the prices we quote you over the phone. We haven&#8217;t used hidden costs or fraudulent tricks for three generations. We&#8217;re a genuine, traditional company, not a gang of scammers trying to rip you off!<\/p>\n<h2>Always there for you!<\/h2>\n<p>As a genuine emergency locksmith service, we strive to offer the best service! That&#8217;s why our locksmiths are friendly, customer-oriented, and available for you at any time! Have you locked yourself out on Mother&#8217;s Day? Or are you standing in front of a locked door early on New Year&#8217;s Day? Amper Locksmith Service can help you at a low fixed price! Simply contact us anytime, free of charge, and describe your emergency situation. We will then gladly provide you with our guaranteed price, which is absolutely fixed. After accepting this offer, we will come to you. We usually need no more than about 30 minutes to reach you in Untersendling!<\/p>\n<p>Are you currently looking for a professional, skilled, and honest locksmith in Munich Untersendling because you need fast assistance in the form of damage-free door opening? We are ready to help at any time! Our staff are friendly, fast, and highly experienced. In over 99% of our call-outs, we can ensure completely damage-free door opening!<\/p>\n<div class=\"ansprech\">Skilled locksmith service in Munich Untersendling with free emergency call and 24-hour emergency hotline<br \/>\n<h3 class=\"phone mobilesOnly\"><a href=\"tel:+498000131131\">0800 \/ 0 131 131<\/a><\/h3><h3 class=\"phone desktopOnly\"><a href=\"tel:+498000131131\">0800 \/ 0 131 131<\/a><\/h3>Friendly locksmith professionals, specialist tools and fixed price guarantee<\/div>\n","protected":false},"excerpt":{"rendered":"<p>Do you urgently need a fair, honest, and skilled locksmith in the Untersendling district of Munich? We offer a fixed price and know exactly how to open a locked or jammed apartment door without causing any damage? If so, contact Amper Locksmith Service immediately. We offer a fixed price guarantee, 24-hour emergency service, and a [&hellip;]<\/p>\n","protected":false},"author":2,"featured_media":11755,"parent":0,"menu_order":0,"comment_status":"closed","ping_status":"closed","template":"","meta":{"footnotes":"","_links_to":"","_links_to_target":""},"class_list":["post-11758","page","type-page","status-publish","has-post-thumbnail","hentry"],"yoast_head":"<!-- This site is optimized with the Yoast SEO plugin v27.4 - https:\/\/yoast.com\/product\/yoast-seo-wordpress\/ -->\n<title>Locksmith Munich Untersendling: from \u20ac52,- fixed price<\/title>\n<meta name=\"description\" content=\"Locksmith in Munich Untersendling with 24\/7 service and a free phone number. Fixed price guarantee for non-destructive door opening using professional tools. Available anytime, including Sundays and public holidays! Friendly locksmiths with extensive experience and expertise! Call now, free of charge!\" \/>\n<meta name=\"robots\" content=\"index, follow, max-snippet:-1, max-image-preview:large, max-video-preview:-1\" \/>\n<link rel=\"canonical\" href=\"https:\/\/www.amper-aufsperrdienst.de\/en\/locksmith-munich-untersendling\/\" \/>\n<meta property=\"og:locale\" content=\"en_US\" \/>\n<meta property=\"og:type\" content=\"article\" \/>\n<meta property=\"og:title\" content=\"Locksmith Munich Untersendling: from \u20ac52,- fixed price\" \/>\n<meta property=\"og:description\" content=\"Locksmith in Munich Untersendling with 24\/7 service and a free phone number. Fixed price guarantee for non-destructive door opening using professional tools. Available anytime, including Sundays and public holidays! Friendly locksmiths with extensive experience and expertise! Call now, free of charge!\" \/>\n<meta property=\"og:url\" content=\"https:\/\/www.amper-aufsperrdienst.de\/en\/locksmith-munich-untersendling\/\" \/>\n<meta property=\"og:site_name\" content=\"Locksmith for Munich, Dachau and F\u00fcrstenfeldbruck\" \/>\n<meta property=\"article:modified_time\" content=\"2026-02-11T05:40:50+00:00\" \/>\n<meta property=\"og:image\" content=\"https:\/\/www.amper-aufsperrdienst.de\/wp-content\/uploads\/2024\/03\/schluesseldienst-muenchen-untersendling_header_img.webp\" \/>\n\t<meta property=\"og:image:width\" content=\"960\" \/>\n\t<meta property=\"og:image:height\" content=\"360\" \/>\n\t<meta property=\"og:image:type\" content=\"image\/webp\" \/>\n<meta name=\"twitter:label1\" content=\"Est. reading time\" \/>\n\t<meta name=\"twitter:data1\" content=\"4 minutes\" \/>\n<script type=\"application\/ld+json\" class=\"yoast-schema-graph\">{\"@context\":\"https:\\\/\\\/schema.org\",\"@graph\":[{\"@type\":\"WebPage\",\"@id\":\"https:\\\/\\\/www.amper-aufsperrdienst.de\\\/en\\\/locksmith-munich-untersendling\\\/\",\"url\":\"https:\\\/\\\/www.amper-aufsperrdienst.de\\\/en\\\/locksmith-munich-untersendling\\\/\",\"name\":\"Locksmith Munich Untersendling: from \u20ac52,- fixed price\",\"isPartOf\":{\"@id\":\"https:\\\/\\\/www.amper-aufsperrdienst.de\\\/en\\\/#website\"},\"primaryImageOfPage\":{\"@id\":\"https:\\\/\\\/www.amper-aufsperrdienst.de\\\/en\\\/locksmith-munich-untersendling\\\/#primaryimage\"},\"image\":{\"@id\":\"https:\\\/\\\/www.amper-aufsperrdienst.de\\\/en\\\/locksmith-munich-untersendling\\\/#primaryimage\"},\"thumbnailUrl\":\"https:\\\/\\\/www.amper-aufsperrdienst.de\\\/wp-content\\\/uploads\\\/2024\\\/03\\\/schluesseldienst-muenchen-untersendling_header_img.webp\",\"datePublished\":\"2018-07-13T04:19:34+00:00\",\"dateModified\":\"2026-02-11T05:40:50+00:00\",\"description\":\"Locksmith in Munich Untersendling with 24\\\/7 service and a free phone number. Fixed price guarantee for non-destructive door opening using professional tools. Available anytime, including Sundays and public holidays! Friendly locksmiths with extensive experience and expertise! Call now, free of charge!\",\"breadcrumb\":{\"@id\":\"https:\\\/\\\/www.amper-aufsperrdienst.de\\\/en\\\/locksmith-munich-untersendling\\\/#breadcrumb\"},\"inLanguage\":\"en-US\",\"potentialAction\":[{\"@type\":\"ReadAction\",\"target\":[\"https:\\\/\\\/www.amper-aufsperrdienst.de\\\/en\\\/locksmith-munich-untersendling\\\/\"]}]},{\"@type\":\"ImageObject\",\"inLanguage\":\"en-US\",\"@id\":\"https:\\\/\\\/www.amper-aufsperrdienst.de\\\/en\\\/locksmith-munich-untersendling\\\/#primaryimage\",\"url\":\"https:\\\/\\\/www.amper-aufsperrdienst.de\\\/wp-content\\\/uploads\\\/2024\\\/03\\\/schluesseldienst-muenchen-untersendling_header_img.webp\",\"contentUrl\":\"https:\\\/\\\/www.amper-aufsperrdienst.de\\\/wp-content\\\/uploads\\\/2024\\\/03\\\/schluesseldienst-muenchen-untersendling_header_img.webp\",\"width\":960,\"height\":360,\"caption\":\"Schl\u00fcsseldienst f\u00fcr M\u00fcnchen-Untersendling \u2013 24-Stunden-Notdienst f\u00fcr T\u00fcr\u00f6ffnungen \u2013 Traditionsunternehmen f\u00fcr Einbruchschutz\"},{\"@type\":\"BreadcrumbList\",\"@id\":\"https:\\\/\\\/www.amper-aufsperrdienst.de\\\/en\\\/locksmith-munich-untersendling\\\/#breadcrumb\",\"itemListElement\":[{\"@type\":\"ListItem\",\"position\":1,\"name\":\"Home\",\"item\":\"https:\\\/\\\/www.amper-aufsperrdienst.de\\\/en\\\/\"},{\"@type\":\"ListItem\",\"position\":2,\"name\":\"Locksmith Munich Untersendling\"}]},{\"@type\":\"WebSite\",\"@id\":\"https:\\\/\\\/www.amper-aufsperrdienst.de\\\/en\\\/#website\",\"url\":\"https:\\\/\\\/www.amper-aufsperrdienst.de\\\/en\\\/\",\"name\":\"Locksmith for Munich, Dachau and F\u00fcrstenfeldbruck\",\"description\":\"Amper Aufsperrdienst\",\"potentialAction\":[{\"@type\":\"SearchAction\",\"target\":{\"@type\":\"EntryPoint\",\"urlTemplate\":\"https:\\\/\\\/www.amper-aufsperrdienst.de\\\/en\\\/?s={search_term_string}\"},\"query-input\":{\"@type\":\"PropertyValueSpecification\",\"valueRequired\":true,\"valueName\":\"search_term_string\"}}],\"inLanguage\":\"en-US\"}]}<\/script>\n<!-- \/ Yoast SEO plugin. -->","yoast_head_json":{"title":"Locksmith Munich Untersendling: from \u20ac52,- fixed price","description":"Locksmith in Munich Untersendling with 24\/7 service and a free phone number. Fixed price guarantee for non-destructive door opening using professional tools. Available anytime, including Sundays and public holidays! Friendly locksmiths with extensive experience and expertise! Call now, free of charge!","robots":{"index":"index","follow":"follow","max-snippet":"max-snippet:-1","max-image-preview":"max-image-preview:large","max-video-preview":"max-video-preview:-1"},"canonical":"https:\/\/www.amper-aufsperrdienst.de\/en\/locksmith-munich-untersendling\/","og_locale":"en_US","og_type":"article","og_title":"Locksmith Munich Untersendling: from \u20ac52,- fixed price","og_description":"Locksmith in Munich Untersendling with 24\/7 service and a free phone number. Fixed price guarantee for non-destructive door opening using professional tools. Available anytime, including Sundays and public holidays! Friendly locksmiths with extensive experience and expertise! Call now, free of charge!","og_url":"https:\/\/www.amper-aufsperrdienst.de\/en\/locksmith-munich-untersendling\/","og_site_name":"Locksmith for Munich, Dachau and F\u00fcrstenfeldbruck","article_modified_time":"2026-02-11T05:40:50+00:00","og_image":[{"width":960,"height":360,"url":"https:\/\/www.amper-aufsperrdienst.de\/wp-content\/uploads\/2024\/03\/schluesseldienst-muenchen-untersendling_header_img.webp","type":"image\/webp"}],"twitter_misc":{"Est. reading time":"4 minutes"},"schema":{"@context":"https:\/\/schema.org","@graph":[{"@type":"WebPage","@id":"https:\/\/www.amper-aufsperrdienst.de\/en\/locksmith-munich-untersendling\/","url":"https:\/\/www.amper-aufsperrdienst.de\/en\/locksmith-munich-untersendling\/","name":"Locksmith Munich Untersendling: from \u20ac52,- fixed price","isPartOf":{"@id":"https:\/\/www.amper-aufsperrdienst.de\/en\/#website"},"primaryImageOfPage":{"@id":"https:\/\/www.amper-aufsperrdienst.de\/en\/locksmith-munich-untersendling\/#primaryimage"},"image":{"@id":"https:\/\/www.amper-aufsperrdienst.de\/en\/locksmith-munich-untersendling\/#primaryimage"},"thumbnailUrl":"https:\/\/www.amper-aufsperrdienst.de\/wp-content\/uploads\/2024\/03\/schluesseldienst-muenchen-untersendling_header_img.webp","datePublished":"2018-07-13T04:19:34+00:00","dateModified":"2026-02-11T05:40:50+00:00","description":"Locksmith in Munich Untersendling with 24\/7 service and a free phone number. Fixed price guarantee for non-destructive door opening using professional tools. Available anytime, including Sundays and public holidays! Friendly locksmiths with extensive experience and expertise! Call now, free of charge!","breadcrumb":{"@id":"https:\/\/www.amper-aufsperrdienst.de\/en\/locksmith-munich-untersendling\/#breadcrumb"},"inLanguage":"en-US","potentialAction":[{"@type":"ReadAction","target":["https:\/\/www.amper-aufsperrdienst.de\/en\/locksmith-munich-untersendling\/"]}]},{"@type":"ImageObject","inLanguage":"en-US","@id":"https:\/\/www.amper-aufsperrdienst.de\/en\/locksmith-munich-untersendling\/#primaryimage","url":"https:\/\/www.amper-aufsperrdienst.de\/wp-content\/uploads\/2024\/03\/schluesseldienst-muenchen-untersendling_header_img.webp","contentUrl":"https:\/\/www.amper-aufsperrdienst.de\/wp-content\/uploads\/2024\/03\/schluesseldienst-muenchen-untersendling_header_img.webp","width":960,"height":360,"caption":"Schl\u00fcsseldienst f\u00fcr M\u00fcnchen-Untersendling \u2013 24-Stunden-Notdienst f\u00fcr T\u00fcr\u00f6ffnungen \u2013 Traditionsunternehmen f\u00fcr Einbruchschutz"},{"@type":"BreadcrumbList","@id":"https:\/\/www.amper-aufsperrdienst.de\/en\/locksmith-munich-untersendling\/#breadcrumb","itemListElement":[{"@type":"ListItem","position":1,"name":"Home","item":"https:\/\/www.amper-aufsperrdienst.de\/en\/"},{"@type":"ListItem","position":2,"name":"Locksmith Munich Untersendling"}]},{"@type":"WebSite","@id":"https:\/\/www.amper-aufsperrdienst.de\/en\/#website","url":"https:\/\/www.amper-aufsperrdienst.de\/en\/","name":"Locksmith for Munich, Dachau and F\u00fcrstenfeldbruck","description":"Amper Aufsperrdienst","potentialAction":[{"@type":"SearchAction","target":{"@type":"EntryPoint","urlTemplate":"https:\/\/www.amper-aufsperrdienst.de\/en\/?s={search_term_string}"},"query-input":{"@type":"PropertyValueSpecification","valueRequired":true,"valueName":"search_term_string"}}],"inLanguage":"en-US"}]}},"_links":{"self":[{"href":"https:\/\/www.amper-aufsperrdienst.de\/en\/wp-json\/wp\/v2\/pages\/11758","targetHints":{"allow":["GET"]}}],"collection":[{"href":"https:\/\/www.amper-aufsperrdienst.de\/en\/wp-json\/wp\/v2\/pages"}],"about":[{"href":"https:\/\/www.amper-aufsperrdienst.de\/en\/wp-json\/wp\/v2\/types\/page"}],"author":[{"embeddable":true,"href":"https:\/\/www.amper-aufsperrdienst.de\/en\/wp-json\/wp\/v2\/users\/2"}],"replies":[{"embeddable":true,"href":"https:\/\/www.amper-aufsperrdienst.de\/en\/wp-json\/wp\/v2\/comments?post=11758"}],"version-history":[{"count":2,"href":"https:\/\/www.amper-aufsperrdienst.de\/en\/wp-json\/wp\/v2\/pages\/11758\/revisions"}],"predecessor-version":[{"id":15103,"href":"https:\/\/www.amper-aufsperrdienst.de\/en\/wp-json\/wp\/v2\/pages\/11758\/revisions\/15103"}],"wp:featuredmedia":[{"embeddable":true,"href":"https:\/\/www.amper-aufsperrdienst.de\/en\/wp-json\/wp\/v2\/media\/11755"}],"wp:attachment":[{"href":"https:\/\/www.amper-aufsperrdienst.de\/en\/wp-json\/wp\/v2\/media?parent=11758"}],"curies":[{"name":"wp","href":"https:\/\/api.w.org\/{rel}","templated":true}]}}