{"id":11814,"date":"2018-07-19T03:31:42","date_gmt":"2018-07-19T01:31:42","guid":{"rendered":"https:\/\/www.amper-aufsperrdienst.de\/locksmith-munich-hansapark\/"},"modified":"2026-02-11T07:42:04","modified_gmt":"2026-02-11T05:42:04","slug":"locksmith-munich-hansapark","status":"publish","type":"page","link":"https:\/\/www.amper-aufsperrdienst.de\/en\/locksmith-munich-hansapark\/","title":{"rendered":"Locksmith Munich Hansapark"},"content":{"rendered":"<p><img loading=\"lazy\" decoding=\"async\" class=\"alignleft\" style=\"margin-bottom: 5px !important;\" src=\"https:\/\/www.amper-aufsperrdienst.de\/wp-content\/uploads\/2021\/03\/schluesseldienst-muenchen-hansapark-festpreis-ab-52-siegel.jpg\" alt=\"Amper Locksmith Opening Service muenchen-hansapark with fixed price from 52,- EUR\" width=\"250\" height=\"250\" \/>Were you just out for a walk in Westpark, but are now on the verge of despair because you realized on your way home that you&#8217;ve lost your key? Did your door perhaps slam shut and your key is stuck inside? Are you currently unable to access your apartment in Hansapark because you left your key at the office?<\/p>\n<p>Amper Locksmith Service is happy to help you quickly and damage-free as a professional and fair locksmith service in Munich&#8217;s Hansapark district. We use the best locksmith tools in our daily work and manage to open doors without damage in over 99% of our call-outs. We are available 24\/7 and offer our services at a transparent fixed price! Feel free to call us free of charge, whether it&#8217;s night, weekend, or holiday! We are happy to help!<\/p>\n<h2>Hansapark in Munich-Sendling<\/h2>\n<div id=\"attachment_10248\" style=\"width: 610px\" class=\"wp-caption alignleft\"><img loading=\"lazy\" decoding=\"async\" aria-describedby=\"caption-attachment-10248\" class=\"size-full wp-image-10248\" src=\"https:\/\/www.amper-aufsperrdienst.de\/wp-content\/uploads\/2024\/03\/bushaltestelle-hansapark.webp\" alt=\"Hansapark bus stop\" width=\"600\" height=\"450\" srcset=\"https:\/\/www.amper-aufsperrdienst.de\/wp-content\/uploads\/2024\/03\/bushaltestelle-hansapark.webp 600w, https:\/\/www.amper-aufsperrdienst.de\/wp-content\/uploads\/2024\/03\/bushaltestelle-hansapark-300x225.webp 300w, https:\/\/www.amper-aufsperrdienst.de\/wp-content\/uploads\/2024\/03\/bushaltestelle-hansapark-480x360.webp 480w, https:\/\/www.amper-aufsperrdienst.de\/wp-content\/uploads\/2024\/03\/bushaltestelle-hansapark-146x110.webp 146w\" sizes=\"auto, (max-width: 600px) 100vw, 600px\" \/><p id=\"caption-attachment-10248\" class=\"wp-caption-text\">Hansapark is well connected to Munich&#8217;s public transport network.<\/p><\/div>\n<p>The &#8220;Hansapark&#8221; housing estate is located in the Sendling-Westpark district of Munich. Geographically, it lies in the northeast of the beautiful and expansive Westpark. It is situated directly on Hansastra\u00dfe, hence the name &#8220;Hansapark.&#8221;<\/p>\n<p>The estate comprises several apartment complexes. There is also a daycare center for local families with young children. The daycare center is called &#8220;St\u00e4dtische Kinderkrippe im Hansapark&#8221; (Municipal Daycare Center in Hansapark).<\/p>\n<p>Hansapark is well connected to Munich&#8217;s public transportation network, with a bus stop nearby. Two subway stations are also located in the vicinity. The Munich S-Bahn (suburban train) is also easily accessible from Hansapark.<\/p>\n          <!-- tarif -->\n<h2><b><span style=\"vertical-align: inherit;\"><span style=\"vertical-align: inherit;\">Our binding fixed prices start from \u20ac52.<\/span><\/span><\/b><\/h2>\n<p>Amper Locksmith Service is a fair locksmith service with transparent fixed prices:<\/p>\n<div class=\"table-title\">\n\tPRICE LIST  UNLOCK\n<\/div>\n<!-- Table part-->\n<table class=\"table\">\n  <thead class=\"header\">\n\t  <tr>\n     \t <th scope=\"col\">Time<\/th>\n     \t <th scope=\"col\">8 - 18<\/th>\n     \t <th scope=\"col\">18 - 22<\/th>\n     \t <th scope=\"col\">22 - 8<\/th>\n\t<\/tr>\n  <\/thead>\n  <tbody>\n     \t  <tr class=\"weekdays\">\n     \t  \t  <td class=\"tag\" data-label=\"Time\">Mo - Fr<\/td>\n     \t  \t  <td class=\"hrs tag\" data-label=\"8 - 18\">52,- \u20ac<\/td>\n     \t  \t  <td class=\"tag space\" data-label=\"18 - 22\">82,- \u20ac<\/td>\n     \t  \t  <td data-label=\"22 - 8\">95,- \u20ac<\/td>\n     \t  <\/tr>\n     <tr class=\"weekends\">\n     \t  \t  <td class=\"tag\" data-label=\"Time\">Sa<\/td>\n     \t  \t  <td class=\"tag\" data-label=\"8 - 18\">95,- \u20ac<\/td>\n     \t  \t  <td class=\"tag\" data-label=\"18 - 22\">95,- \u20ac<\/td>\n     \t  \t  <td data-label=\"22 - 8\">125,- \u20ac<\/td>\n     \t  <\/tr>\n     <tr class=\"holidays\">\n     \t  \t  <td class=\"tag\" data-label=\"Time\">So & holiday<\/td>\n     \t  \t  <td class=\"tag\" data-label=\"8 - 18\">125,- \u20ac<\/td>\n     \t  \t  <td class=\"tag\" data-label=\"18 - 22\">125,-\u20ac<\/td>\n     \t  \t  <td data-label=\"22 - 8\">125,-\u20ac<\/td>\n     \t  <\/tr>\n     <\/tbody>\n<\/table>\n<!-- Table Description-->\n<div class=\"table-description\">\n\t<em>Please call to inquire about travel costs.<\/em>\n<\/div>\n<!-- Wordings below -->\n<div class=\"wordings\">\n<p>The prices listed in this table are binding for unlocking a door that has slammed shut or been pulled shut (without self-locking mechanisms). Please feel free to contact us if you would like a price quote for other locksmith services. We will gladly provide you with a transparent, fixed-price offer.<\/p>\n<\/div>\n\n<!-- END Wordings -->\n\n\n\n<div class=\"ansprech\">Locksmith Munich Hansapark with fixed price guarantee and friendly staff<br \/>\n<h3 class=\"phone mobilesOnly\"><a href=\"tel:+498000131131\">0800 \/ 0 131 131<\/a><\/h3><h3 class=\"phone desktopOnly\"><a href=\"tel:+498000131131\">0800 \/ 0 131 131<\/a><\/h3>Available anytime, free of charge, even at night, on Sundays and public holidays!<\/div>\n<h2>Locksmith Munich Hansapark: affordable fixed price for professional door opening without damage<\/h2>\n<p>Have you locked yourself out and are looking for a true expert to professionally unlock your locked or jammed door for a reasonable fixed price? Feel free to call us free of charge and describe your location and how we can help. We will then provide you with a transparent consultation and, if desired, a fair and fixed-price quote! This quote will, of course, be honored exactly as stated. There are no cases of fraud at Amper Locksmith Service \u2013 as a genuine Bavarian family business, we have been operating fairly, transparently, and professionally for three generations!<\/p>\n<h2>Do you need our help on the weekend?<\/h2>\n<p>If you find yourself locked out of your apartment on a weekend or public holiday, we, as a 24-hour locksmith service responsible for the Hansapark area, are happy to help. We&#8217;re not just available during specific business hours, but every day of the year \u2013 around the clock! So don&#8217;t despair if you find yourself locked out late at night, on a weekend, or on a public holiday. We&#8217;ll gladly help you with a professional door opening service at a fair, fixed price!<\/p>\n<p>Are you looking for an experienced, trustworthy, and affordable locksmith in Munich Hansapark? We&#8217;re happy to help anytime! Simply call us free of charge and arrange for us to open your door without damage in just about 30 minutes.<\/p>\n<div class=\"ansprech\">Locksmith Munich Hansapark with fixed price guarantee and friendly staff<br \/>\n<h3 class=\"phone mobilesOnly\"><a href=\"tel:+498000131131\">0800 \/ 0 131 131<\/a><\/h3><h3 class=\"phone desktopOnly\"><a href=\"tel:+498000131131\">0800 \/ 0 131 131<\/a><\/h3>Always available free of charge, even at night, on Sundays and public holidays!<\/div>\n","protected":false},"excerpt":{"rendered":"<p>Were you just out for a walk in Westpark, but are now on the verge of despair because you realized on your way home that you&#8217;ve lost your key? Did your door perhaps slam shut and your key is stuck inside? Are you currently unable to access your apartment in Hansapark because you left your [&hellip;]<\/p>\n","protected":false},"author":2,"featured_media":11812,"parent":0,"menu_order":0,"comment_status":"closed","ping_status":"closed","template":"","meta":{"footnotes":"","_links_to":"","_links_to_target":""},"class_list":["post-11814","page","type-page","status-publish","has-post-thumbnail","hentry"],"yoast_head":"<!-- This site is optimized with the Yoast SEO plugin v27.4 - https:\/\/yoast.com\/product\/yoast-seo-wordpress\/ -->\n<title>Locksmith Munich Hansapark: from \u20ac52,- fixed price<\/title>\n<meta name=\"description\" content=\"Experienced and professional locksmith service in Munich Hansapark with friendly locksmith experts, 24\/7 availability, freephone number and fixed price guarantee: damage-free door opening in no time. We&#039;ll be there in about 30 minutes, even on Sundays and public holidays! Call us anytime, free of charge!\" \/>\n<meta name=\"robots\" content=\"index, follow, max-snippet:-1, max-image-preview:large, max-video-preview:-1\" \/>\n<link rel=\"canonical\" href=\"https:\/\/www.amper-aufsperrdienst.de\/en\/locksmith-munich-hansapark\/\" \/>\n<meta property=\"og:locale\" content=\"en_US\" \/>\n<meta property=\"og:type\" content=\"article\" \/>\n<meta property=\"og:title\" content=\"Locksmith Munich Hansapark: from \u20ac52,- fixed price\" \/>\n<meta property=\"og:description\" content=\"Experienced and professional locksmith service in Munich Hansapark with friendly locksmith experts, 24\/7 availability, freephone number and fixed price guarantee: damage-free door opening in no time. We&#039;ll be there in about 30 minutes, even on Sundays and public holidays! Call us anytime, free of charge!\" \/>\n<meta property=\"og:url\" content=\"https:\/\/www.amper-aufsperrdienst.de\/en\/locksmith-munich-hansapark\/\" \/>\n<meta property=\"og:site_name\" content=\"Locksmith for Munich, Dachau and F\u00fcrstenfeldbruck\" \/>\n<meta property=\"article:modified_time\" content=\"2026-02-11T05:42:04+00:00\" \/>\n<meta property=\"og:image\" content=\"https:\/\/www.amper-aufsperrdienst.de\/wp-content\/uploads\/2024\/03\/schluesseldienst-muenchen-hansapark_header_img.webp\" \/>\n\t<meta property=\"og:image:width\" content=\"960\" \/>\n\t<meta property=\"og:image:height\" content=\"360\" \/>\n\t<meta property=\"og:image:type\" content=\"image\/webp\" \/>\n<meta name=\"twitter:label1\" content=\"Est. reading time\" \/>\n\t<meta name=\"twitter:data1\" content=\"4 minutes\" \/>\n<script type=\"application\/ld+json\" class=\"yoast-schema-graph\">{\"@context\":\"https:\\\/\\\/schema.org\",\"@graph\":[{\"@type\":\"WebPage\",\"@id\":\"https:\\\/\\\/www.amper-aufsperrdienst.de\\\/en\\\/locksmith-munich-hansapark\\\/\",\"url\":\"https:\\\/\\\/www.amper-aufsperrdienst.de\\\/en\\\/locksmith-munich-hansapark\\\/\",\"name\":\"Locksmith Munich Hansapark: from \u20ac52,- fixed price\",\"isPartOf\":{\"@id\":\"https:\\\/\\\/www.amper-aufsperrdienst.de\\\/en\\\/#website\"},\"primaryImageOfPage\":{\"@id\":\"https:\\\/\\\/www.amper-aufsperrdienst.de\\\/en\\\/locksmith-munich-hansapark\\\/#primaryimage\"},\"image\":{\"@id\":\"https:\\\/\\\/www.amper-aufsperrdienst.de\\\/en\\\/locksmith-munich-hansapark\\\/#primaryimage\"},\"thumbnailUrl\":\"https:\\\/\\\/www.amper-aufsperrdienst.de\\\/wp-content\\\/uploads\\\/2024\\\/03\\\/schluesseldienst-muenchen-hansapark_header_img.webp\",\"datePublished\":\"2018-07-19T01:31:42+00:00\",\"dateModified\":\"2026-02-11T05:42:04+00:00\",\"description\":\"Experienced and professional locksmith service in Munich Hansapark with friendly locksmith experts, 24\\\/7 availability, freephone number and fixed price guarantee: damage-free door opening in no time. We'll be there in about 30 minutes, even on Sundays and public holidays! Call us anytime, free of charge!\",\"breadcrumb\":{\"@id\":\"https:\\\/\\\/www.amper-aufsperrdienst.de\\\/en\\\/locksmith-munich-hansapark\\\/#breadcrumb\"},\"inLanguage\":\"en-US\",\"potentialAction\":[{\"@type\":\"ReadAction\",\"target\":[\"https:\\\/\\\/www.amper-aufsperrdienst.de\\\/en\\\/locksmith-munich-hansapark\\\/\"]}]},{\"@type\":\"ImageObject\",\"inLanguage\":\"en-US\",\"@id\":\"https:\\\/\\\/www.amper-aufsperrdienst.de\\\/en\\\/locksmith-munich-hansapark\\\/#primaryimage\",\"url\":\"https:\\\/\\\/www.amper-aufsperrdienst.de\\\/wp-content\\\/uploads\\\/2024\\\/03\\\/schluesseldienst-muenchen-hansapark_header_img.webp\",\"contentUrl\":\"https:\\\/\\\/www.amper-aufsperrdienst.de\\\/wp-content\\\/uploads\\\/2024\\\/03\\\/schluesseldienst-muenchen-hansapark_header_img.webp\",\"width\":960,\"height\":360,\"caption\":\"Schl\u00fcsseldienst f\u00fcr M\u00fcnchen Hansapark \u2013 T\u00fcr\u00f6ffnung im M\u00fcnchner Westen \u2013 kompetente Beratung gegen Einbruchsversuche\"},{\"@type\":\"BreadcrumbList\",\"@id\":\"https:\\\/\\\/www.amper-aufsperrdienst.de\\\/en\\\/locksmith-munich-hansapark\\\/#breadcrumb\",\"itemListElement\":[{\"@type\":\"ListItem\",\"position\":1,\"name\":\"Home\",\"item\":\"https:\\\/\\\/www.amper-aufsperrdienst.de\\\/en\\\/\"},{\"@type\":\"ListItem\",\"position\":2,\"name\":\"Locksmith Munich Hansapark\"}]},{\"@type\":\"WebSite\",\"@id\":\"https:\\\/\\\/www.amper-aufsperrdienst.de\\\/en\\\/#website\",\"url\":\"https:\\\/\\\/www.amper-aufsperrdienst.de\\\/en\\\/\",\"name\":\"Locksmith for Munich, Dachau and F\u00fcrstenfeldbruck\",\"description\":\"Amper Aufsperrdienst\",\"potentialAction\":[{\"@type\":\"SearchAction\",\"target\":{\"@type\":\"EntryPoint\",\"urlTemplate\":\"https:\\\/\\\/www.amper-aufsperrdienst.de\\\/en\\\/?s={search_term_string}\"},\"query-input\":{\"@type\":\"PropertyValueSpecification\",\"valueRequired\":true,\"valueName\":\"search_term_string\"}}],\"inLanguage\":\"en-US\"}]}<\/script>\n<!-- \/ Yoast SEO plugin. -->","yoast_head_json":{"title":"Locksmith Munich Hansapark: from \u20ac52,- fixed price","description":"Experienced and professional locksmith service in Munich Hansapark with friendly locksmith experts, 24\/7 availability, freephone number and fixed price guarantee: damage-free door opening in no time. We'll be there in about 30 minutes, even on Sundays and public holidays! Call us anytime, free of charge!","robots":{"index":"index","follow":"follow","max-snippet":"max-snippet:-1","max-image-preview":"max-image-preview:large","max-video-preview":"max-video-preview:-1"},"canonical":"https:\/\/www.amper-aufsperrdienst.de\/en\/locksmith-munich-hansapark\/","og_locale":"en_US","og_type":"article","og_title":"Locksmith Munich Hansapark: from \u20ac52,- fixed price","og_description":"Experienced and professional locksmith service in Munich Hansapark with friendly locksmith experts, 24\/7 availability, freephone number and fixed price guarantee: damage-free door opening in no time. We'll be there in about 30 minutes, even on Sundays and public holidays! Call us anytime, free of charge!","og_url":"https:\/\/www.amper-aufsperrdienst.de\/en\/locksmith-munich-hansapark\/","og_site_name":"Locksmith for Munich, Dachau and F\u00fcrstenfeldbruck","article_modified_time":"2026-02-11T05:42:04+00:00","og_image":[{"width":960,"height":360,"url":"https:\/\/www.amper-aufsperrdienst.de\/wp-content\/uploads\/2024\/03\/schluesseldienst-muenchen-hansapark_header_img.webp","type":"image\/webp"}],"twitter_misc":{"Est. reading time":"4 minutes"},"schema":{"@context":"https:\/\/schema.org","@graph":[{"@type":"WebPage","@id":"https:\/\/www.amper-aufsperrdienst.de\/en\/locksmith-munich-hansapark\/","url":"https:\/\/www.amper-aufsperrdienst.de\/en\/locksmith-munich-hansapark\/","name":"Locksmith Munich Hansapark: from \u20ac52,- fixed price","isPartOf":{"@id":"https:\/\/www.amper-aufsperrdienst.de\/en\/#website"},"primaryImageOfPage":{"@id":"https:\/\/www.amper-aufsperrdienst.de\/en\/locksmith-munich-hansapark\/#primaryimage"},"image":{"@id":"https:\/\/www.amper-aufsperrdienst.de\/en\/locksmith-munich-hansapark\/#primaryimage"},"thumbnailUrl":"https:\/\/www.amper-aufsperrdienst.de\/wp-content\/uploads\/2024\/03\/schluesseldienst-muenchen-hansapark_header_img.webp","datePublished":"2018-07-19T01:31:42+00:00","dateModified":"2026-02-11T05:42:04+00:00","description":"Experienced and professional locksmith service in Munich Hansapark with friendly locksmith experts, 24\/7 availability, freephone number and fixed price guarantee: damage-free door opening in no time. We'll be there in about 30 minutes, even on Sundays and public holidays! Call us anytime, free of charge!","breadcrumb":{"@id":"https:\/\/www.amper-aufsperrdienst.de\/en\/locksmith-munich-hansapark\/#breadcrumb"},"inLanguage":"en-US","potentialAction":[{"@type":"ReadAction","target":["https:\/\/www.amper-aufsperrdienst.de\/en\/locksmith-munich-hansapark\/"]}]},{"@type":"ImageObject","inLanguage":"en-US","@id":"https:\/\/www.amper-aufsperrdienst.de\/en\/locksmith-munich-hansapark\/#primaryimage","url":"https:\/\/www.amper-aufsperrdienst.de\/wp-content\/uploads\/2024\/03\/schluesseldienst-muenchen-hansapark_header_img.webp","contentUrl":"https:\/\/www.amper-aufsperrdienst.de\/wp-content\/uploads\/2024\/03\/schluesseldienst-muenchen-hansapark_header_img.webp","width":960,"height":360,"caption":"Schl\u00fcsseldienst f\u00fcr M\u00fcnchen Hansapark \u2013 T\u00fcr\u00f6ffnung im M\u00fcnchner Westen \u2013 kompetente Beratung gegen Einbruchsversuche"},{"@type":"BreadcrumbList","@id":"https:\/\/www.amper-aufsperrdienst.de\/en\/locksmith-munich-hansapark\/#breadcrumb","itemListElement":[{"@type":"ListItem","position":1,"name":"Home","item":"https:\/\/www.amper-aufsperrdienst.de\/en\/"},{"@type":"ListItem","position":2,"name":"Locksmith Munich Hansapark"}]},{"@type":"WebSite","@id":"https:\/\/www.amper-aufsperrdienst.de\/en\/#website","url":"https:\/\/www.amper-aufsperrdienst.de\/en\/","name":"Locksmith for Munich, Dachau and F\u00fcrstenfeldbruck","description":"Amper Aufsperrdienst","potentialAction":[{"@type":"SearchAction","target":{"@type":"EntryPoint","urlTemplate":"https:\/\/www.amper-aufsperrdienst.de\/en\/?s={search_term_string}"},"query-input":{"@type":"PropertyValueSpecification","valueRequired":true,"valueName":"search_term_string"}}],"inLanguage":"en-US"}]}},"_links":{"self":[{"href":"https:\/\/www.amper-aufsperrdienst.de\/en\/wp-json\/wp\/v2\/pages\/11814","targetHints":{"allow":["GET"]}}],"collection":[{"href":"https:\/\/www.amper-aufsperrdienst.de\/en\/wp-json\/wp\/v2\/pages"}],"about":[{"href":"https:\/\/www.amper-aufsperrdienst.de\/en\/wp-json\/wp\/v2\/types\/page"}],"author":[{"embeddable":true,"href":"https:\/\/www.amper-aufsperrdienst.de\/en\/wp-json\/wp\/v2\/users\/2"}],"replies":[{"embeddable":true,"href":"https:\/\/www.amper-aufsperrdienst.de\/en\/wp-json\/wp\/v2\/comments?post=11814"}],"version-history":[{"count":3,"href":"https:\/\/www.amper-aufsperrdienst.de\/en\/wp-json\/wp\/v2\/pages\/11814\/revisions"}],"predecessor-version":[{"id":15110,"href":"https:\/\/www.amper-aufsperrdienst.de\/en\/wp-json\/wp\/v2\/pages\/11814\/revisions\/15110"}],"wp:featuredmedia":[{"embeddable":true,"href":"https:\/\/www.amper-aufsperrdienst.de\/en\/wp-json\/wp\/v2\/media\/11812"}],"wp:attachment":[{"href":"https:\/\/www.amper-aufsperrdienst.de\/en\/wp-json\/wp\/v2\/media?parent=11814"}],"curies":[{"name":"wp","href":"https:\/\/api.w.org\/{rel}","templated":true}]}}