{"id":11820,"date":"2017-08-29T19:32:58","date_gmt":"2017-08-29T17:32:58","guid":{"rendered":"https:\/\/www.amper-aufsperrdienst.de\/schluesseldienst-altomuenster\/"},"modified":"2026-01-27T08:18:27","modified_gmt":"2026-01-27T06:18:27","slug":"locksmith-altomuenster","status":"publish","type":"page","link":"https:\/\/www.amper-aufsperrdienst.de\/en\/locksmith-altomuenster\/","title":{"rendered":"Locksmith Altom\u00fcnster"},"content":{"rendered":"<p><img loading=\"lazy\" decoding=\"async\" class=\"alignleft\" style=\"margin-bottom: 5px !important;\" src=\"https:\/\/www.amper-aufsperrdienst.de\/wp-content\/uploads\/2021\/03\/schluesseldienst-altomuenster-festpreis-ab-52-siegel.jpg\" alt=\"Amper locksmith service - Altom\u00fcnster - fixed price starting from \u20ac52\" width=\"250\" height=\"250\" \/><\/p>\n<p>Are you about to unlock your front door in Altom\u00fcnster when you realize you don&#8217;t have your key? Stay calm and contact Amper Locksmith Service in this or a similar situation. We&#8217;re happy to help as your local locksmith in Altom\u00fcnster. We&#8217;re always available and offer door openings at a low fixed price. Simply describe your problem to us, and we&#8217;ll give you a fixed-price quote over the phone, which we will, of course, honor after we&#8217;ve unlocked your door.<\/p>\n          <!-- tarif -->\n<h2><b><span style=\"vertical-align: inherit;\"><span style=\"vertical-align: inherit;\">Our binding fixed prices start from \u20ac52.<\/span><\/span><\/b><\/h2>\n<p>Amper Locksmith Service is a fair locksmith service with transparent fixed prices:<\/p>\n<div class=\"table-title\">\n\tPRICE LIST  UNLOCK\n<\/div>\n<!-- Table part-->\n<table class=\"table\">\n  <thead class=\"header\">\n\t  <tr>\n     \t <th scope=\"col\">Time<\/th>\n     \t <th scope=\"col\">8 - 18<\/th>\n     \t <th scope=\"col\">18 - 22<\/th>\n     \t <th scope=\"col\">22 - 8<\/th>\n\t<\/tr>\n  <\/thead>\n  <tbody>\n     \t  <tr class=\"weekdays\">\n     \t  \t  <td class=\"tag\" data-label=\"Time\">Mo - Fr<\/td>\n     \t  \t  <td class=\"hrs tag\" data-label=\"8 - 18\">52,- \u20ac<\/td>\n     \t  \t  <td class=\"tag space\" data-label=\"18 - 22\">82,- \u20ac<\/td>\n     \t  \t  <td data-label=\"22 - 8\">95,- \u20ac<\/td>\n     \t  <\/tr>\n     <tr class=\"weekends\">\n     \t  \t  <td class=\"tag\" data-label=\"Time\">Sa<\/td>\n     \t  \t  <td class=\"tag\" data-label=\"8 - 18\">95,- \u20ac<\/td>\n     \t  \t  <td class=\"tag\" data-label=\"18 - 22\">95,- \u20ac<\/td>\n     \t  \t  <td data-label=\"22 - 8\">125,- \u20ac<\/td>\n     \t  <\/tr>\n     <tr class=\"holidays\">\n     \t  \t  <td class=\"tag\" data-label=\"Time\">So & holiday<\/td>\n     \t  \t  <td class=\"tag\" data-label=\"8 - 18\">125,- \u20ac<\/td>\n     \t  \t  <td class=\"tag\" data-label=\"18 - 22\">125,-\u20ac<\/td>\n     \t  \t  <td data-label=\"22 - 8\">125,-\u20ac<\/td>\n     \t  <\/tr>\n     <\/tbody>\n<\/table>\n<!-- Table Description-->\n<div class=\"table-description\">\n\t<em>Please call to inquire about travel costs.<\/em>\n<\/div>\n<!-- Wordings below -->\n<div class=\"wordings\">\n<p>The prices listed in this table are binding for unlocking a door that has slammed shut or been pulled shut (without self-locking mechanisms). Please feel free to contact us if you would like a price quote for other locksmith services. We will gladly provide you with a transparent, fixed-price offer.<\/p>\n<\/div>\n\n<!-- END Wordings -->\n\n\n\n<div class=\"ansprech\">Our 24-hour emergency hotline for Altom\u00fcnster<br \/>\n<h3 class=\"phone mobilesOnly\"><a href=\"tel:+498000131131\">0800 \/ 0 131 131<\/a><\/h3><h3 class=\"phone desktopOnly\"><a href=\"tel:+498000131131\">0800 \/ 0 131 131<\/a><\/h3> Free and available anytime!<\/div>\n<h2>The municipality of Altom\u00fcnster in the district of Dachau<\/h2>\n<p>Altom\u00fcnster is a market town located in the district of Dachau. The name of this market town is derived from Saint Alto and the Latin word &#8220;monasterium,&#8221; which means &#8220;monastery&#8221; in German. Altom\u00fcnster has a population of over 7,800 and covers an area of \u200b\u200bexactly 75.66 square kilometers. The region is therefore very rural. The postal code for Altom\u00fcnster is 85250.<\/p>\n<p>Altom\u00fcnster is located almost exactly in the center of the triangle formed by the cities of Munich, Augsburg, and Ingolstadt. The market town of Altom\u00fcnster is divided into a total of 48 districts. These are \u2013 in alphabetical order: Altom\u00fcnster, Arnberg, Asbach, Breitenau, Deutenhofen, Erlach, Erlau, Freistetten, Haag, Halmsried, Hohenried, Hohenzell, Humersberg, Hutgraben, Irchenbrunn, Kiemertshofen, Lauterbach, Lichtenberg, Maisbrunn, Obererlach, Oberndorf, Oberschr\u00f6ttenloh, Oberzeitlbach, Ottelsburg, Ottmarshausen, Pfaffenhofen, Pipinsried, Plixenried, Radenzhofen, Rametsried, Randelsried, Reichertshausen, R\u00f6ckersberg, Rudersberg, Ruppertskirchen, Schauerschorn, Schielach, Schlo\u00dfberg, Schmarnzell, Schmelchen, Sengenried, Stumpfenbach, Teufelsberg, Thalhausen, \u00dcbelmanna, Unterzeitlbach, Wollomoos, and Xyger.<\/p>\n<h2>Altom\u00fcnster Locksmith: Locksmith at a fixed price<\/h2>\n<p>Are you locked out of your front door because you don&#8217;t have your key handy? Feel free to call us anytime, free of charge. Amper Locksmith Service is here to help you open a locked or jammed front door for a fair, fixed price. The prices we quote over the phone are, of course, the final price. We don&#8217;t use tricks or add any extra charges at the end. A fixed price is a fixed price for us \u2013 no exceptions!<\/p>\n<h2>Transparent and Fair Service<\/h2>\n<p>It&#8217;s important to us that our service is as transparent and fair as possible. Naturally, we want to distance ourselves from the rip-off artists and fraudsters who, unfortunately, exist in our industry. As a third-generation locksmith service, we stand for reliability, tradition, and experience. We don&#8217;t want to lose our good reputation by engaging in shady practices!<\/p>\n<h2>Non-Damage Locksmith Services in Altom\u00fcnster<\/h2>\n<p>We also focus on non-damage locksmith services. Our employees are therefore equipped with the best tools, specially designed for professional door opening. It goes without saying that all our locksmiths are highly trained and experts in their field. Otherwise, we couldn&#8217;t achieve such a high rate of non-damage lockouts: over 99% of our lockouts are completed without any visible damage! Only professionals can achieve such a high rate.<\/p>\n<h2>Always Available<\/h2>\n<p>As a reputable locksmith service, it&#8217;s important to us to be available and ready to respond at any time. Our toll-free emergency hotline is therefore always available if you have an emergency. We work not only during regular business hours, but also at night, on weekends, and on public holidays. Our experience shows that many door unlocking services are requested after people have been out. This is especially true on weekends and holidays.<\/p>\n<p>So, if you&#8217;re currently looking for a reliable, experienced, and competent locksmith in Altom\u00fcnster, you&#8217;ve come to the right place! We&#8217;ve been performing damage-free door unlocking for years \u2013 and all at a reasonable fixed price!<\/p>\n<div class=\"ansprech\">Our 24-hour emergency hotline for Altom\u00fcnster<br \/>\n<h3 class=\"phone mobilesOnly\"><a href=\"tel:+498000131131\">0800 \/ 0 131 131<\/a><\/h3><h3 class=\"phone desktopOnly\"><a href=\"tel:+498000131131\">0800 \/ 0 131 131<\/a><\/h3> Free of charge and available at any time!<\/div>\n","protected":false},"excerpt":{"rendered":"<p>Are you about to unlock your front door in Altom\u00fcnster when you realize you don&#8217;t have your key? Stay calm and contact Amper Locksmith Service in this or a similar situation. We&#8217;re happy to help as your local locksmith in Altom\u00fcnster. We&#8217;re always available and offer door openings at a low fixed price. Simply describe [&hellip;]<\/p>\n","protected":false},"author":2,"featured_media":11630,"parent":0,"menu_order":0,"comment_status":"closed","ping_status":"closed","template":"","meta":{"footnotes":"","_links_to":"","_links_to_target":""},"class_list":["post-11820","page","type-page","status-publish","has-post-thumbnail","hentry"],"yoast_head":"<!-- This site is optimized with the Yoast SEO plugin v27.4 - https:\/\/yoast.com\/product\/yoast-seo-wordpress\/ -->\n<title>Locksmith Altom\u00fcnster: from \u20ac52,- fixed price (binding)<\/title>\n<meta name=\"description\" content=\"Experienced locksmith service in Altom\u00fcnster with a freephone number, 24-hour emergency service &amp; affordable fixed price: friendly, competent, fast. Opening without damage!\" \/>\n<meta name=\"robots\" content=\"index, follow, max-snippet:-1, max-image-preview:large, max-video-preview:-1\" \/>\n<link rel=\"canonical\" href=\"https:\/\/www.amper-aufsperrdienst.de\/en\/locksmith-altomuenster\/\" \/>\n<meta property=\"og:locale\" content=\"en_US\" \/>\n<meta property=\"og:type\" content=\"article\" \/>\n<meta property=\"og:title\" content=\"Locksmith Altom\u00fcnster: from \u20ac52,- fixed price (binding)\" \/>\n<meta property=\"og:description\" content=\"Experienced locksmith service in Altom\u00fcnster with a freephone number, 24-hour emergency service &amp; affordable fixed price: friendly, competent, fast. Opening without damage!\" \/>\n<meta property=\"og:url\" content=\"https:\/\/www.amper-aufsperrdienst.de\/en\/locksmith-altomuenster\/\" \/>\n<meta property=\"og:site_name\" content=\"Locksmith for Munich, Dachau and F\u00fcrstenfeldbruck\" \/>\n<meta property=\"article:modified_time\" content=\"2026-01-27T06:18:27+00:00\" \/>\n<meta property=\"og:image\" content=\"https:\/\/www.amper-aufsperrdienst.de\/wp-content\/uploads\/2014\/12\/header-dachau.jpg\" \/>\n\t<meta property=\"og:image:width\" content=\"960\" \/>\n\t<meta property=\"og:image:height\" content=\"360\" \/>\n\t<meta property=\"og:image:type\" content=\"image\/jpeg\" \/>\n<meta name=\"twitter:label1\" content=\"Est. reading time\" \/>\n\t<meta name=\"twitter:data1\" content=\"4 minutes\" \/>\n<script type=\"application\/ld+json\" class=\"yoast-schema-graph\">{\"@context\":\"https:\\\/\\\/schema.org\",\"@graph\":[{\"@type\":\"WebPage\",\"@id\":\"https:\\\/\\\/www.amper-aufsperrdienst.de\\\/en\\\/locksmith-altomuenster\\\/\",\"url\":\"https:\\\/\\\/www.amper-aufsperrdienst.de\\\/en\\\/locksmith-altomuenster\\\/\",\"name\":\"Locksmith Altom\u00fcnster: from \u20ac52,- fixed price (binding)\",\"isPartOf\":{\"@id\":\"https:\\\/\\\/www.amper-aufsperrdienst.de\\\/en\\\/#website\"},\"primaryImageOfPage\":{\"@id\":\"https:\\\/\\\/www.amper-aufsperrdienst.de\\\/en\\\/locksmith-altomuenster\\\/#primaryimage\"},\"image\":{\"@id\":\"https:\\\/\\\/www.amper-aufsperrdienst.de\\\/en\\\/locksmith-altomuenster\\\/#primaryimage\"},\"thumbnailUrl\":\"https:\\\/\\\/www.amper-aufsperrdienst.de\\\/wp-content\\\/uploads\\\/2014\\\/12\\\/header-dachau.jpg\",\"datePublished\":\"2017-08-29T17:32:58+00:00\",\"dateModified\":\"2026-01-27T06:18:27+00:00\",\"description\":\"Experienced locksmith service in Altom\u00fcnster with a freephone number, 24-hour emergency service & affordable fixed price: friendly, competent, fast. Opening without damage!\",\"breadcrumb\":{\"@id\":\"https:\\\/\\\/www.amper-aufsperrdienst.de\\\/en\\\/locksmith-altomuenster\\\/#breadcrumb\"},\"inLanguage\":\"en-US\",\"potentialAction\":[{\"@type\":\"ReadAction\",\"target\":[\"https:\\\/\\\/www.amper-aufsperrdienst.de\\\/en\\\/locksmith-altomuenster\\\/\"]}]},{\"@type\":\"ImageObject\",\"inLanguage\":\"en-US\",\"@id\":\"https:\\\/\\\/www.amper-aufsperrdienst.de\\\/en\\\/locksmith-altomuenster\\\/#primaryimage\",\"url\":\"https:\\\/\\\/www.amper-aufsperrdienst.de\\\/wp-content\\\/uploads\\\/2014\\\/12\\\/header-dachau.jpg\",\"contentUrl\":\"https:\\\/\\\/www.amper-aufsperrdienst.de\\\/wp-content\\\/uploads\\\/2014\\\/12\\\/header-dachau.jpg\",\"width\":960,\"height\":360},{\"@type\":\"BreadcrumbList\",\"@id\":\"https:\\\/\\\/www.amper-aufsperrdienst.de\\\/en\\\/locksmith-altomuenster\\\/#breadcrumb\",\"itemListElement\":[{\"@type\":\"ListItem\",\"position\":1,\"name\":\"Home\",\"item\":\"https:\\\/\\\/www.amper-aufsperrdienst.de\\\/en\\\/\"},{\"@type\":\"ListItem\",\"position\":2,\"name\":\"Locksmith Altom\u00fcnster\"}]},{\"@type\":\"WebSite\",\"@id\":\"https:\\\/\\\/www.amper-aufsperrdienst.de\\\/en\\\/#website\",\"url\":\"https:\\\/\\\/www.amper-aufsperrdienst.de\\\/en\\\/\",\"name\":\"Locksmith for Munich, Dachau and F\u00fcrstenfeldbruck\",\"description\":\"Amper Aufsperrdienst\",\"potentialAction\":[{\"@type\":\"SearchAction\",\"target\":{\"@type\":\"EntryPoint\",\"urlTemplate\":\"https:\\\/\\\/www.amper-aufsperrdienst.de\\\/en\\\/?s={search_term_string}\"},\"query-input\":{\"@type\":\"PropertyValueSpecification\",\"valueRequired\":true,\"valueName\":\"search_term_string\"}}],\"inLanguage\":\"en-US\"}]}<\/script>\n<!-- \/ Yoast SEO plugin. -->","yoast_head_json":{"title":"Locksmith Altom\u00fcnster: from \u20ac52,- fixed price (binding)","description":"Experienced locksmith service in Altom\u00fcnster with a freephone number, 24-hour emergency service & affordable fixed price: friendly, competent, fast. Opening without damage!","robots":{"index":"index","follow":"follow","max-snippet":"max-snippet:-1","max-image-preview":"max-image-preview:large","max-video-preview":"max-video-preview:-1"},"canonical":"https:\/\/www.amper-aufsperrdienst.de\/en\/locksmith-altomuenster\/","og_locale":"en_US","og_type":"article","og_title":"Locksmith Altom\u00fcnster: from \u20ac52,- fixed price (binding)","og_description":"Experienced locksmith service in Altom\u00fcnster with a freephone number, 24-hour emergency service & affordable fixed price: friendly, competent, fast. Opening without damage!","og_url":"https:\/\/www.amper-aufsperrdienst.de\/en\/locksmith-altomuenster\/","og_site_name":"Locksmith for Munich, Dachau and F\u00fcrstenfeldbruck","article_modified_time":"2026-01-27T06:18:27+00:00","og_image":[{"width":960,"height":360,"url":"https:\/\/www.amper-aufsperrdienst.de\/wp-content\/uploads\/2014\/12\/header-dachau.jpg","type":"image\/jpeg"}],"twitter_misc":{"Est. reading time":"4 minutes"},"schema":{"@context":"https:\/\/schema.org","@graph":[{"@type":"WebPage","@id":"https:\/\/www.amper-aufsperrdienst.de\/en\/locksmith-altomuenster\/","url":"https:\/\/www.amper-aufsperrdienst.de\/en\/locksmith-altomuenster\/","name":"Locksmith Altom\u00fcnster: from \u20ac52,- fixed price (binding)","isPartOf":{"@id":"https:\/\/www.amper-aufsperrdienst.de\/en\/#website"},"primaryImageOfPage":{"@id":"https:\/\/www.amper-aufsperrdienst.de\/en\/locksmith-altomuenster\/#primaryimage"},"image":{"@id":"https:\/\/www.amper-aufsperrdienst.de\/en\/locksmith-altomuenster\/#primaryimage"},"thumbnailUrl":"https:\/\/www.amper-aufsperrdienst.de\/wp-content\/uploads\/2014\/12\/header-dachau.jpg","datePublished":"2017-08-29T17:32:58+00:00","dateModified":"2026-01-27T06:18:27+00:00","description":"Experienced locksmith service in Altom\u00fcnster with a freephone number, 24-hour emergency service & affordable fixed price: friendly, competent, fast. Opening without damage!","breadcrumb":{"@id":"https:\/\/www.amper-aufsperrdienst.de\/en\/locksmith-altomuenster\/#breadcrumb"},"inLanguage":"en-US","potentialAction":[{"@type":"ReadAction","target":["https:\/\/www.amper-aufsperrdienst.de\/en\/locksmith-altomuenster\/"]}]},{"@type":"ImageObject","inLanguage":"en-US","@id":"https:\/\/www.amper-aufsperrdienst.de\/en\/locksmith-altomuenster\/#primaryimage","url":"https:\/\/www.amper-aufsperrdienst.de\/wp-content\/uploads\/2014\/12\/header-dachau.jpg","contentUrl":"https:\/\/www.amper-aufsperrdienst.de\/wp-content\/uploads\/2014\/12\/header-dachau.jpg","width":960,"height":360},{"@type":"BreadcrumbList","@id":"https:\/\/www.amper-aufsperrdienst.de\/en\/locksmith-altomuenster\/#breadcrumb","itemListElement":[{"@type":"ListItem","position":1,"name":"Home","item":"https:\/\/www.amper-aufsperrdienst.de\/en\/"},{"@type":"ListItem","position":2,"name":"Locksmith Altom\u00fcnster"}]},{"@type":"WebSite","@id":"https:\/\/www.amper-aufsperrdienst.de\/en\/#website","url":"https:\/\/www.amper-aufsperrdienst.de\/en\/","name":"Locksmith for Munich, Dachau and F\u00fcrstenfeldbruck","description":"Amper Aufsperrdienst","potentialAction":[{"@type":"SearchAction","target":{"@type":"EntryPoint","urlTemplate":"https:\/\/www.amper-aufsperrdienst.de\/en\/?s={search_term_string}"},"query-input":{"@type":"PropertyValueSpecification","valueRequired":true,"valueName":"search_term_string"}}],"inLanguage":"en-US"}]}},"_links":{"self":[{"href":"https:\/\/www.amper-aufsperrdienst.de\/en\/wp-json\/wp\/v2\/pages\/11820","targetHints":{"allow":["GET"]}}],"collection":[{"href":"https:\/\/www.amper-aufsperrdienst.de\/en\/wp-json\/wp\/v2\/pages"}],"about":[{"href":"https:\/\/www.amper-aufsperrdienst.de\/en\/wp-json\/wp\/v2\/types\/page"}],"author":[{"embeddable":true,"href":"https:\/\/www.amper-aufsperrdienst.de\/en\/wp-json\/wp\/v2\/users\/2"}],"replies":[{"embeddable":true,"href":"https:\/\/www.amper-aufsperrdienst.de\/en\/wp-json\/wp\/v2\/comments?post=11820"}],"version-history":[{"count":2,"href":"https:\/\/www.amper-aufsperrdienst.de\/en\/wp-json\/wp\/v2\/pages\/11820\/revisions"}],"predecessor-version":[{"id":11836,"href":"https:\/\/www.amper-aufsperrdienst.de\/en\/wp-json\/wp\/v2\/pages\/11820\/revisions\/11836"}],"wp:featuredmedia":[{"embeddable":true,"href":"https:\/\/www.amper-aufsperrdienst.de\/en\/wp-json\/wp\/v2\/media\/11630"}],"wp:attachment":[{"href":"https:\/\/www.amper-aufsperrdienst.de\/en\/wp-json\/wp\/v2\/media?parent=11820"}],"curies":[{"name":"wp","href":"https:\/\/api.w.org\/{rel}","templated":true}]}}