{"id":11834,"date":"2018-02-28T07:46:47","date_gmt":"2018-02-28T05:46:47","guid":{"rendered":"https:\/\/www.amper-aufsperrdienst.de\/locksmith-munich-karl-stuetzel-platz\/"},"modified":"2026-02-11T07:51:37","modified_gmt":"2026-02-11T05:51:37","slug":"locksmith-munich-karl-stuetzel-platz","status":"publish","type":"page","link":"https:\/\/www.amper-aufsperrdienst.de\/en\/locksmith-munich-karl-stuetzel-platz\/","title":{"rendered":"Locksmith Munich Karl-St\u00fctzel-Platz"},"content":{"rendered":"<p><img loading=\"lazy\" decoding=\"async\" class=\"alignleft\" style=\"margin-bottom: 5px !important;\" src=\"https:\/\/www.amper-aufsperrdienst.de\/wp-content\/uploads\/2021\/03\/schluesseldienst-muenchen-karl-stuetzel-platz-festpreis-ab-52-siegel.jpg\" alt=\"Amper Locksmith Opening Service muenchen-karl-stuetzel-platz with fixed price from 52,- EUR\" width=\"250\" height=\"250\" \/><\/p>\n<p>Were you at work, shopping, or had other appointments and now you just want to get home as quickly as possible to finally relax? Have you realized you&#8217;ve left your key inside? This happens to many people across Germany every day. In such a situation, you absolutely need a professional and reliable locksmith service that can open your door quickly for a fair fixed price. With our locksmith service in Munich&#8217;s Karl-St\u00fctzel-Platz district, you&#8217;ve come to the right place, because we&#8217;ll unlock your door without causing any damage \u2013 24\/7, 365 days a year!<\/p>\n<h2>Karl-St\u00fctzel-Platz in Munich&#8217;s Maxvorstadt district<\/h2>\n<div id=\"attachment_10255\" style=\"width: 610px\" class=\"wp-caption alignleft\"><img loading=\"lazy\" decoding=\"async\" aria-describedby=\"caption-attachment-10255\" class=\"size-full wp-image-10255\" src=\"https:\/\/www.amper-aufsperrdienst.de\/wp-content\/uploads\/2024\/03\/ring-karl-stuetzel-platz-muenchen.webp\" alt=\"The Ring \u2013 Karl-St\u00fctzel-Platz, Munich-Maxvorstadt\" width=\"600\" height=\"450\" srcset=\"https:\/\/www.amper-aufsperrdienst.de\/wp-content\/uploads\/2024\/03\/ring-karl-stuetzel-platz-muenchen.webp 600w, https:\/\/www.amper-aufsperrdienst.de\/wp-content\/uploads\/2024\/03\/ring-karl-stuetzel-platz-muenchen-300x225.webp 300w, https:\/\/www.amper-aufsperrdienst.de\/wp-content\/uploads\/2024\/03\/ring-karl-stuetzel-platz-muenchen-480x360.webp 480w, https:\/\/www.amper-aufsperrdienst.de\/wp-content\/uploads\/2024\/03\/ring-karl-stuetzel-platz-muenchen-146x110.webp 146w\" sizes=\"auto, (max-width: 600px) 100vw, 600px\" \/><p id=\"caption-attachment-10255\" class=\"wp-caption-text\">Steel cement artwork \u201cThe Ring\u201d at Karl-St\u00fctzel-Platz in Munich<\/p><\/div>\n<p>Karl-St\u00fctzel-Platz is located in Munich&#8217;s 3rd district, Maxvorstadt, and is bordered by Elisenstra\u00dfe, Sophienstra\u00dfe, Luisenstra\u00dfe, and Arcostra\u00dfe. The square, situated near Munich&#8217;s main train station, is named after Karl St\u00fctzel. St\u00fctzel lived from 1872 to 1944 and was a politician in the Bavarian People&#8217;s Party.<\/p>\n<p>St\u00fctzel reformed the police force, initiated several changes and plans for the expansion of the state road network, and enacted the Bavarian Medical Practitioners Act.<\/p>\n<p>The sculpture &#8220;The Ring&#8221; by the Italian sculptor Mauro Staccioli is located in Karl-St\u00fctzel-Platz.<\/p>\n          <!-- tarif -->\n<h2><b><span style=\"vertical-align: inherit;\"><span style=\"vertical-align: inherit;\">Our binding fixed prices start from \u20ac52.<\/span><\/span><\/b><\/h2>\n<p>Amper Locksmith Service is a fair locksmith service with transparent fixed prices:<\/p>\n<div class=\"table-title\">\n\tPRICE LIST  UNLOCK\n<\/div>\n<!-- Table part-->\n<table class=\"table\">\n  <thead class=\"header\">\n\t  <tr>\n     \t <th scope=\"col\">Time<\/th>\n     \t <th scope=\"col\">8 - 18<\/th>\n     \t <th scope=\"col\">18 - 22<\/th>\n     \t <th scope=\"col\">22 - 8<\/th>\n\t<\/tr>\n  <\/thead>\n  <tbody>\n     \t  <tr class=\"weekdays\">\n     \t  \t  <td class=\"tag\" data-label=\"Time\">Mo - Fr<\/td>\n     \t  \t  <td class=\"hrs tag\" data-label=\"8 - 18\">52,- \u20ac<\/td>\n     \t  \t  <td class=\"tag space\" data-label=\"18 - 22\">82,- \u20ac<\/td>\n     \t  \t  <td data-label=\"22 - 8\">95,- \u20ac<\/td>\n     \t  <\/tr>\n     <tr class=\"weekends\">\n     \t  \t  <td class=\"tag\" data-label=\"Time\">Sa<\/td>\n     \t  \t  <td class=\"tag\" data-label=\"8 - 18\">95,- \u20ac<\/td>\n     \t  \t  <td class=\"tag\" data-label=\"18 - 22\">95,- \u20ac<\/td>\n     \t  \t  <td data-label=\"22 - 8\">125,- \u20ac<\/td>\n     \t  <\/tr>\n     <tr class=\"holidays\">\n     \t  \t  <td class=\"tag\" data-label=\"Time\">So & holiday<\/td>\n     \t  \t  <td class=\"tag\" data-label=\"8 - 18\">125,- \u20ac<\/td>\n     \t  \t  <td class=\"tag\" data-label=\"18 - 22\">125,-\u20ac<\/td>\n     \t  \t  <td data-label=\"22 - 8\">125,-\u20ac<\/td>\n     \t  <\/tr>\n     <\/tbody>\n<\/table>\n<!-- Table Description-->\n<div class=\"table-description\">\n\t<em>Please call to inquire about travel costs.<\/em>\n<\/div>\n<!-- Wordings below -->\n<div class=\"wordings\">\n<p>The prices listed in this table are binding for unlocking a door that has slammed shut or been pulled shut (without self-locking mechanisms). Please feel free to contact us if you would like a price quote for other locksmith services. We will gladly provide you with a transparent, fixed-price offer.<\/p>\n<\/div>\n\n<!-- END Wordings -->\n\n\n\n<div class=\"ansprech\">Locksmith Munich Karl-St\u00fctzel-Platz with fairly calculated fixed prices<br \/>\n<h3 class=\"phone mobilesOnly\"><a href=\"tel:+498000131131\">0800 \/ 0 131 131<\/a><\/h3><h3 class=\"phone desktopOnly\"><a href=\"tel:+498000131131\">0800 \/ 0 131 131<\/a><\/h3>Free 24-hour hotline, damage-free door opening in approx. 30 minutes<\/div>\n<h2>Locksmith Munich Karl-St\u00fctzel-Platz: Fast door opening 365 days a year<\/h2>\n<p>Amper Locksmith Service understands that lockouts don&#8217;t adhere to business hours. So what if you lock yourself out on the weekend or a public holiday? Wait until the next business day to have your door unlocked without causing damage? We believe that&#8217;s simply not an option. That&#8217;s why we&#8217;ve set up a free hotline for you. You can reach our professional and experienced staff around the clock via this number. Whether it&#8217;s New Year&#8217;s Day, Pentecost, or Easter: As your reliable emergency locksmith service, we&#8217;re always there when you urgently need us.<\/p>\n<p>You can find out our prices for a fast door opening right over the phone. Call our locksmith service in Munich at Karl-St\u00fctzel-Platz using our toll-free number. If you can describe your situation to us as precisely as possible, we will gladly give you our fair fixed prices, which also apply on-site. This way, you don&#8217;t have to worry about excessively high and unfairly calculated costs.<\/p>\n<h2>Active in the third generation<\/h2>\n<p>Amper Locksmith Service is already in its third generation. As a traditional company, we have many years of experience and can unlock your door without causing any damage. Furthermore, Johann Pichelmaier invented an important specialized tool that, among other things, still allows us to work perfectly today. This also applies to the field of security technology. You can always reach our professional colleagues via our toll-free number. We are happy to advise you in detail and comprehensively on the subject of professional locks or security analyses.<\/p>\n<div class=\"ansprech\">Locksmith Munich Karl-St\u00fctzel-Platz with fairly calculated fixed prices<br \/>\n<h3 class=\"phone mobilesOnly\"><a href=\"tel:+498000131131\">0800 \/ 0 131 131<\/a><\/h3><h3 class=\"phone desktopOnly\"><a href=\"tel:+498000131131\">0800 \/ 0 131 131<\/a><\/h3>Free 24-hour hotline, damage-free door opening in approx. 30 minutes<\/div>\n","protected":false},"excerpt":{"rendered":"<p>Were you at work, shopping, or had other appointments and now you just want to get home as quickly as possible to finally relax? Have you realized you&#8217;ve left your key inside? This happens to many people across Germany every day. In such a situation, you absolutely need a professional and reliable locksmith service that [&hellip;]<\/p>\n","protected":false},"author":2,"featured_media":11833,"parent":0,"menu_order":0,"comment_status":"closed","ping_status":"closed","template":"","meta":{"footnotes":"","_links_to":"","_links_to_target":""},"class_list":["post-11834","page","type-page","status-publish","has-post-thumbnail","hentry"],"yoast_head":"<!-- This site is optimized with the Yoast SEO plugin v27.4 - https:\/\/yoast.com\/product\/yoast-seo-wordpress\/ -->\n<title>Locksmith Munich Karl-St\u00fctzel-Platz: from \u20ac52,- fixed price<\/title>\n<meta name=\"description\" content=\"Reliable and experienced locksmith service in Munich at Karl-St\u00fctzel-Platz with a free emergency hotline, 24\/7 emergency service, and fair fixed prices: experienced locksmiths with the best specialized tools will unlock your locked or jammed door in approximately 30 minutes without causing any damage! Available even on weekends and holidays!\" \/>\n<meta name=\"robots\" content=\"index, follow, max-snippet:-1, max-image-preview:large, max-video-preview:-1\" \/>\n<link rel=\"canonical\" href=\"https:\/\/www.amper-aufsperrdienst.de\/en\/locksmith-munich-karl-stuetzel-platz\/\" \/>\n<meta property=\"og:locale\" content=\"en_US\" \/>\n<meta property=\"og:type\" content=\"article\" \/>\n<meta property=\"og:title\" content=\"Locksmith Munich Karl-St\u00fctzel-Platz: from \u20ac52,- fixed price\" \/>\n<meta property=\"og:description\" content=\"Reliable and experienced locksmith service in Munich at Karl-St\u00fctzel-Platz with a free emergency hotline, 24\/7 emergency service, and fair fixed prices: experienced locksmiths with the best specialized tools will unlock your locked or jammed door in approximately 30 minutes without causing any damage! Available even on weekends and holidays!\" \/>\n<meta property=\"og:url\" content=\"https:\/\/www.amper-aufsperrdienst.de\/en\/locksmith-munich-karl-stuetzel-platz\/\" \/>\n<meta property=\"og:site_name\" content=\"Locksmith for Munich, Dachau and F\u00fcrstenfeldbruck\" \/>\n<meta property=\"article:modified_time\" content=\"2026-02-11T05:51:37+00:00\" \/>\n<meta property=\"og:image\" content=\"https:\/\/www.amper-aufsperrdienst.de\/wp-content\/uploads\/2024\/03\/schlueseldienst-karl-stuetzel-platz_img.webp\" \/>\n\t<meta property=\"og:image:width\" content=\"960\" \/>\n\t<meta property=\"og:image:height\" content=\"360\" \/>\n\t<meta property=\"og:image:type\" content=\"image\/webp\" \/>\n<meta name=\"twitter:label1\" content=\"Est. reading time\" \/>\n\t<meta name=\"twitter:data1\" content=\"4 minutes\" \/>\n<script type=\"application\/ld+json\" class=\"yoast-schema-graph\">{\"@context\":\"https:\\\/\\\/schema.org\",\"@graph\":[{\"@type\":\"WebPage\",\"@id\":\"https:\\\/\\\/www.amper-aufsperrdienst.de\\\/en\\\/locksmith-munich-karl-stuetzel-platz\\\/\",\"url\":\"https:\\\/\\\/www.amper-aufsperrdienst.de\\\/en\\\/locksmith-munich-karl-stuetzel-platz\\\/\",\"name\":\"Locksmith Munich Karl-St\u00fctzel-Platz: from \u20ac52,- fixed price\",\"isPartOf\":{\"@id\":\"https:\\\/\\\/www.amper-aufsperrdienst.de\\\/en\\\/#website\"},\"primaryImageOfPage\":{\"@id\":\"https:\\\/\\\/www.amper-aufsperrdienst.de\\\/en\\\/locksmith-munich-karl-stuetzel-platz\\\/#primaryimage\"},\"image\":{\"@id\":\"https:\\\/\\\/www.amper-aufsperrdienst.de\\\/en\\\/locksmith-munich-karl-stuetzel-platz\\\/#primaryimage\"},\"thumbnailUrl\":\"https:\\\/\\\/www.amper-aufsperrdienst.de\\\/wp-content\\\/uploads\\\/2024\\\/03\\\/schlueseldienst-karl-stuetzel-platz_img.webp\",\"datePublished\":\"2018-02-28T05:46:47+00:00\",\"dateModified\":\"2026-02-11T05:51:37+00:00\",\"description\":\"Reliable and experienced locksmith service in Munich at Karl-St\u00fctzel-Platz with a free emergency hotline, 24\\\/7 emergency service, and fair fixed prices: experienced locksmiths with the best specialized tools will unlock your locked or jammed door in approximately 30 minutes without causing any damage! Available even on weekends and holidays!\",\"breadcrumb\":{\"@id\":\"https:\\\/\\\/www.amper-aufsperrdienst.de\\\/en\\\/locksmith-munich-karl-stuetzel-platz\\\/#breadcrumb\"},\"inLanguage\":\"en-US\",\"potentialAction\":[{\"@type\":\"ReadAction\",\"target\":[\"https:\\\/\\\/www.amper-aufsperrdienst.de\\\/en\\\/locksmith-munich-karl-stuetzel-platz\\\/\"]}]},{\"@type\":\"ImageObject\",\"inLanguage\":\"en-US\",\"@id\":\"https:\\\/\\\/www.amper-aufsperrdienst.de\\\/en\\\/locksmith-munich-karl-stuetzel-platz\\\/#primaryimage\",\"url\":\"https:\\\/\\\/www.amper-aufsperrdienst.de\\\/wp-content\\\/uploads\\\/2024\\\/03\\\/schlueseldienst-karl-stuetzel-platz_img.webp\",\"contentUrl\":\"https:\\\/\\\/www.amper-aufsperrdienst.de\\\/wp-content\\\/uploads\\\/2024\\\/03\\\/schlueseldienst-karl-stuetzel-platz_img.webp\",\"width\":960,\"height\":360,\"caption\":\"Schl\u00fcsseldienst Karl-St\u00fctzelplatz \u2013 Einbruchschutz f\u00fcr die M\u00fcnchener Maxvorstadt \u2013 transparentes Festpreisangebot f\u00fcr T\u00fcr\u00f6ffnungen\"},{\"@type\":\"BreadcrumbList\",\"@id\":\"https:\\\/\\\/www.amper-aufsperrdienst.de\\\/en\\\/locksmith-munich-karl-stuetzel-platz\\\/#breadcrumb\",\"itemListElement\":[{\"@type\":\"ListItem\",\"position\":1,\"name\":\"Home\",\"item\":\"https:\\\/\\\/www.amper-aufsperrdienst.de\\\/en\\\/\"},{\"@type\":\"ListItem\",\"position\":2,\"name\":\"Locksmith Munich Karl-St\u00fctzel-Platz\"}]},{\"@type\":\"WebSite\",\"@id\":\"https:\\\/\\\/www.amper-aufsperrdienst.de\\\/en\\\/#website\",\"url\":\"https:\\\/\\\/www.amper-aufsperrdienst.de\\\/en\\\/\",\"name\":\"Locksmith for Munich, Dachau and F\u00fcrstenfeldbruck\",\"description\":\"Amper Aufsperrdienst\",\"potentialAction\":[{\"@type\":\"SearchAction\",\"target\":{\"@type\":\"EntryPoint\",\"urlTemplate\":\"https:\\\/\\\/www.amper-aufsperrdienst.de\\\/en\\\/?s={search_term_string}\"},\"query-input\":{\"@type\":\"PropertyValueSpecification\",\"valueRequired\":true,\"valueName\":\"search_term_string\"}}],\"inLanguage\":\"en-US\"}]}<\/script>\n<!-- \/ Yoast SEO plugin. -->","yoast_head_json":{"title":"Locksmith Munich Karl-St\u00fctzel-Platz: from \u20ac52,- fixed price","description":"Reliable and experienced locksmith service in Munich at Karl-St\u00fctzel-Platz with a free emergency hotline, 24\/7 emergency service, and fair fixed prices: experienced locksmiths with the best specialized tools will unlock your locked or jammed door in approximately 30 minutes without causing any damage! Available even on weekends and holidays!","robots":{"index":"index","follow":"follow","max-snippet":"max-snippet:-1","max-image-preview":"max-image-preview:large","max-video-preview":"max-video-preview:-1"},"canonical":"https:\/\/www.amper-aufsperrdienst.de\/en\/locksmith-munich-karl-stuetzel-platz\/","og_locale":"en_US","og_type":"article","og_title":"Locksmith Munich Karl-St\u00fctzel-Platz: from \u20ac52,- fixed price","og_description":"Reliable and experienced locksmith service in Munich at Karl-St\u00fctzel-Platz with a free emergency hotline, 24\/7 emergency service, and fair fixed prices: experienced locksmiths with the best specialized tools will unlock your locked or jammed door in approximately 30 minutes without causing any damage! Available even on weekends and holidays!","og_url":"https:\/\/www.amper-aufsperrdienst.de\/en\/locksmith-munich-karl-stuetzel-platz\/","og_site_name":"Locksmith for Munich, Dachau and F\u00fcrstenfeldbruck","article_modified_time":"2026-02-11T05:51:37+00:00","og_image":[{"width":960,"height":360,"url":"https:\/\/www.amper-aufsperrdienst.de\/wp-content\/uploads\/2024\/03\/schlueseldienst-karl-stuetzel-platz_img.webp","type":"image\/webp"}],"twitter_misc":{"Est. reading time":"4 minutes"},"schema":{"@context":"https:\/\/schema.org","@graph":[{"@type":"WebPage","@id":"https:\/\/www.amper-aufsperrdienst.de\/en\/locksmith-munich-karl-stuetzel-platz\/","url":"https:\/\/www.amper-aufsperrdienst.de\/en\/locksmith-munich-karl-stuetzel-platz\/","name":"Locksmith Munich Karl-St\u00fctzel-Platz: from \u20ac52,- fixed price","isPartOf":{"@id":"https:\/\/www.amper-aufsperrdienst.de\/en\/#website"},"primaryImageOfPage":{"@id":"https:\/\/www.amper-aufsperrdienst.de\/en\/locksmith-munich-karl-stuetzel-platz\/#primaryimage"},"image":{"@id":"https:\/\/www.amper-aufsperrdienst.de\/en\/locksmith-munich-karl-stuetzel-platz\/#primaryimage"},"thumbnailUrl":"https:\/\/www.amper-aufsperrdienst.de\/wp-content\/uploads\/2024\/03\/schlueseldienst-karl-stuetzel-platz_img.webp","datePublished":"2018-02-28T05:46:47+00:00","dateModified":"2026-02-11T05:51:37+00:00","description":"Reliable and experienced locksmith service in Munich at Karl-St\u00fctzel-Platz with a free emergency hotline, 24\/7 emergency service, and fair fixed prices: experienced locksmiths with the best specialized tools will unlock your locked or jammed door in approximately 30 minutes without causing any damage! Available even on weekends and holidays!","breadcrumb":{"@id":"https:\/\/www.amper-aufsperrdienst.de\/en\/locksmith-munich-karl-stuetzel-platz\/#breadcrumb"},"inLanguage":"en-US","potentialAction":[{"@type":"ReadAction","target":["https:\/\/www.amper-aufsperrdienst.de\/en\/locksmith-munich-karl-stuetzel-platz\/"]}]},{"@type":"ImageObject","inLanguage":"en-US","@id":"https:\/\/www.amper-aufsperrdienst.de\/en\/locksmith-munich-karl-stuetzel-platz\/#primaryimage","url":"https:\/\/www.amper-aufsperrdienst.de\/wp-content\/uploads\/2024\/03\/schlueseldienst-karl-stuetzel-platz_img.webp","contentUrl":"https:\/\/www.amper-aufsperrdienst.de\/wp-content\/uploads\/2024\/03\/schlueseldienst-karl-stuetzel-platz_img.webp","width":960,"height":360,"caption":"Schl\u00fcsseldienst Karl-St\u00fctzelplatz \u2013 Einbruchschutz f\u00fcr die M\u00fcnchener Maxvorstadt \u2013 transparentes Festpreisangebot f\u00fcr T\u00fcr\u00f6ffnungen"},{"@type":"BreadcrumbList","@id":"https:\/\/www.amper-aufsperrdienst.de\/en\/locksmith-munich-karl-stuetzel-platz\/#breadcrumb","itemListElement":[{"@type":"ListItem","position":1,"name":"Home","item":"https:\/\/www.amper-aufsperrdienst.de\/en\/"},{"@type":"ListItem","position":2,"name":"Locksmith Munich Karl-St\u00fctzel-Platz"}]},{"@type":"WebSite","@id":"https:\/\/www.amper-aufsperrdienst.de\/en\/#website","url":"https:\/\/www.amper-aufsperrdienst.de\/en\/","name":"Locksmith for Munich, Dachau and F\u00fcrstenfeldbruck","description":"Amper Aufsperrdienst","potentialAction":[{"@type":"SearchAction","target":{"@type":"EntryPoint","urlTemplate":"https:\/\/www.amper-aufsperrdienst.de\/en\/?s={search_term_string}"},"query-input":{"@type":"PropertyValueSpecification","valueRequired":true,"valueName":"search_term_string"}}],"inLanguage":"en-US"}]}},"_links":{"self":[{"href":"https:\/\/www.amper-aufsperrdienst.de\/en\/wp-json\/wp\/v2\/pages\/11834","targetHints":{"allow":["GET"]}}],"collection":[{"href":"https:\/\/www.amper-aufsperrdienst.de\/en\/wp-json\/wp\/v2\/pages"}],"about":[{"href":"https:\/\/www.amper-aufsperrdienst.de\/en\/wp-json\/wp\/v2\/types\/page"}],"author":[{"embeddable":true,"href":"https:\/\/www.amper-aufsperrdienst.de\/en\/wp-json\/wp\/v2\/users\/2"}],"replies":[{"embeddable":true,"href":"https:\/\/www.amper-aufsperrdienst.de\/en\/wp-json\/wp\/v2\/comments?post=11834"}],"version-history":[{"count":2,"href":"https:\/\/www.amper-aufsperrdienst.de\/en\/wp-json\/wp\/v2\/pages\/11834\/revisions"}],"predecessor-version":[{"id":15170,"href":"https:\/\/www.amper-aufsperrdienst.de\/en\/wp-json\/wp\/v2\/pages\/11834\/revisions\/15170"}],"wp:featuredmedia":[{"embeddable":true,"href":"https:\/\/www.amper-aufsperrdienst.de\/en\/wp-json\/wp\/v2\/media\/11833"}],"wp:attachment":[{"href":"https:\/\/www.amper-aufsperrdienst.de\/en\/wp-json\/wp\/v2\/media?parent=11834"}],"curies":[{"name":"wp","href":"https:\/\/api.w.org\/{rel}","templated":true}]}}