{"id":11857,"date":"2017-09-25T08:11:43","date_gmt":"2017-09-25T06:11:43","guid":{"rendered":"https:\/\/www.amper-aufsperrdienst.de\/schluesseldienst-poettmes\/"},"modified":"2026-01-28T05:24:32","modified_gmt":"2026-01-28T03:24:32","slug":"locksmith-pottmes","status":"publish","type":"page","link":"https:\/\/www.amper-aufsperrdienst.de\/en\/locksmith-pottmes\/","title":{"rendered":"Locksmith P\u00f6ttmes"},"content":{"rendered":"<p><img loading=\"lazy\" decoding=\"async\" class=\"alignleft\" style=\"margin-bottom: 5px !important;\" src=\"https:\/\/www.amper-aufsperrdienst.de\/wp-content\/uploads\/2021\/03\/schluesseldienst-poettmes-festpreis-ab-52-siegel.jpg\" alt=\"Amper Locksmith Opening Service poettmes with fixed price from 52,- EUR\" width=\"250\" height=\"250\" \/><\/p>\n<p>You can no longer get into your house or apartment in P\u00f6ttmes because, unfortunately, you didn&#8217;t take your key with you, or it simply no longer works due to frequent use? Has your door key possibly just broken off in the lock? In these and similar emergencies, the Amper Lockout Service is happy to assist quickly and reliably. As a locksmith service in P\u00f6ttmes, we specialize in non-destructive door openings. When you call us for free, we will be happy to give you a fair fixed price after you describe your situation, which we will of course adhere to exactly once the work is done!<\/p>\n          <!-- tarif -->\n<h2><b><span style=\"vertical-align: inherit;\"><span style=\"vertical-align: inherit;\">Our binding fixed prices start from \u20ac52.<\/span><\/span><\/b><\/h2>\n<p>Amper Locksmith Service is a fair locksmith service with transparent fixed prices:<\/p>\n<div class=\"table-title\">\n\tPRICE LIST  UNLOCK\n<\/div>\n<!-- Table part-->\n<table class=\"table\">\n  <thead class=\"header\">\n\t  <tr>\n     \t <th scope=\"col\">Time<\/th>\n     \t <th scope=\"col\">8 - 18<\/th>\n     \t <th scope=\"col\">18 - 22<\/th>\n     \t <th scope=\"col\">22 - 8<\/th>\n\t<\/tr>\n  <\/thead>\n  <tbody>\n     \t  <tr class=\"weekdays\">\n     \t  \t  <td class=\"tag\" data-label=\"Time\">Mo - Fr<\/td>\n     \t  \t  <td class=\"hrs tag\" data-label=\"8 - 18\">52,- \u20ac<\/td>\n     \t  \t  <td class=\"tag space\" data-label=\"18 - 22\">82,- \u20ac<\/td>\n     \t  \t  <td data-label=\"22 - 8\">95,- \u20ac<\/td>\n     \t  <\/tr>\n     <tr class=\"weekends\">\n     \t  \t  <td class=\"tag\" data-label=\"Time\">Sa<\/td>\n     \t  \t  <td class=\"tag\" data-label=\"8 - 18\">95,- \u20ac<\/td>\n     \t  \t  <td class=\"tag\" data-label=\"18 - 22\">95,- \u20ac<\/td>\n     \t  \t  <td data-label=\"22 - 8\">125,- \u20ac<\/td>\n     \t  <\/tr>\n     <tr class=\"holidays\">\n     \t  \t  <td class=\"tag\" data-label=\"Time\">So & holiday<\/td>\n     \t  \t  <td class=\"tag\" data-label=\"8 - 18\">125,- \u20ac<\/td>\n     \t  \t  <td class=\"tag\" data-label=\"18 - 22\">125,-\u20ac<\/td>\n     \t  \t  <td data-label=\"22 - 8\">125,-\u20ac<\/td>\n     \t  <\/tr>\n     <\/tbody>\n<\/table>\n<!-- Table Description-->\n<div class=\"table-description\">\n\t<em>Please call to inquire about travel costs.<\/em>\n<\/div>\n<!-- Wordings below -->\n<div class=\"wordings\">\n<p>The prices listed in this table are binding for unlocking a door that has slammed shut or been pulled shut (without self-locking mechanisms). Please feel free to contact us if you would like a price quote for other locksmith services. We will gladly provide you with a transparent, fixed-price offer.<\/p>\n<\/div>\n\n<!-- END Wordings -->\n\n\n\n<div class=\"ansprech\">Our 24-hour emergency number for P\u00f6ttmes<br \/>\n<h3 class=\"phone mobilesOnly\"><a href=\"tel:+498000131131\">0800 \/ 0 131 131<\/a><\/h3><h3 class=\"phone desktopOnly\"><a href=\"tel:+498000131131\">0800 \/ 0 131 131<\/a><\/h3> Free of charge and available at any time!<\/div>\n<h2>The municipality of P\u00f6ttmes in the district of Aichach-Friedberg<\/h2>\n<p>The municipality of P\u00f6ttmes is located in the Bavarian-Swabian district of Aichach-Friedberg and has over 6,500 inhabitants on an area of exactly 82.55 square kilometers. P\u00f6ttmes is the seat of the administrative community of P\u00f6ttmes, which was founded in 1994. The postal code is 86554.<\/p>\n<p>P\u00f6ttmes is situated in the far north of the district of Aichach-Friedberg and consists of a total of 33 districts. In alphabetical order, these are: Abenberg, Au, Aum\u00fchle, Batzm\u00fchle, Bleitzhof, Die\u00df, Die\u00dfm\u00fchle, Ebenried, Echsheim, Eiselsried, Grimolzhausen, Gumppenberg, Gundelsdorf, Handzell, Immendorf, Koppenzell, K\u00fchnhausen, Maierm\u00fchle, Mandlach, Neum\u00fchle, Oberm\u00fchle, Osterzhausen, Pertenau, P\u00f6ttmes, Reicherstein, Sankt Othmar, Schnellmannskreuth, Schorn, Sedlbrunn, Siegersberg, Stuben, Wagesenberg, and Wiesenbach.<\/p>\n<h2>P\u00f6ttmes Locksmith: Door Opening at a Low Fixed Price<\/h2>\n<p>Do you urgently need a locksmith for P\u00f6ttmes or one of the above-mentioned districts? Feel free to call the experienced and fast Amper Locksmith Service, which will gladly unlock your closed or locked house or apartment door without damage at an affordable fixed price. After you have explained your emergency situation to us in detail, we will provide you with a fair fixed-price quote. You can then decide whether to hire us as your locksmith in P\u00f6ttmes or not.<\/p>\n<h2>In operation around the clock<\/h2>\n<p>As a genuine emergency locksmith service, we are always reachable and on call around the clock. This, of course, also means that even on Sundays, public holidays, or at night, we can unlock doors without causing any damage. Have you locked yourself out on Christmas Eve at night? Or are you standing in front of a closed door early on a Sunday morning? Call us for free at any time! We are happy to advise you!<\/p>\n<h2>Non-destructive door opening in P\u00f6ttmes<\/h2>\n<p>Our main focus is not only on speed, reliability, and professionalism, but particularly on non-destructive door unlocking. That is why all our employees are thoroughly trained and also possess the necessary expertise. We also use only professional locksmith tools in our daily work. This is the only way we manage to leave no damage in over 99% of our door unlocking operations.<\/p>\n<p>Do you urgently need an affordable, fast, and transparent locksmith in P\u00f6ttmes, who works at a fair fixed price and specializes in non-destructive door unlocking? We are happy to be there for you &#8211; anytime, regardless of the weather!<\/p>\n<div class=\"ansprech\">Our 24-hour emergency number for P\u00f6ttmes<br \/>\n<h3 class=\"phone mobilesOnly\"><a href=\"tel:+498000131131\">0800 \/ 0 131 131<\/a><\/h3><h3 class=\"phone desktopOnly\"><a href=\"tel:+498000131131\">0800 \/ 0 131 131<\/a><\/h3> Free of charge and available at any time!<\/div>\n","protected":false},"excerpt":{"rendered":"<p>You can no longer get into your house or apartment in P\u00f6ttmes because, unfortunately, you didn&#8217;t take your key with you, or it simply no longer works due to frequent use? Has your door key possibly just broken off in the lock? In these and similar emergencies, the Amper Lockout Service is happy to assist [&hellip;]<\/p>\n","protected":false},"author":2,"featured_media":10837,"parent":0,"menu_order":0,"comment_status":"closed","ping_status":"closed","template":"","meta":{"footnotes":"","_links_to":"","_links_to_target":""},"class_list":["post-11857","page","type-page","status-publish","has-post-thumbnail","hentry"],"yoast_head":"<!-- This site is optimized with the Yoast SEO plugin v27.4 - https:\/\/yoast.com\/product\/yoast-seo-wordpress\/ -->\n<title>P\u00f6ttmes Locksmith: fixed price from 52 EUR<\/title>\n<meta name=\"description\" content=\"Fair locksmith service in P\u00f6ttmes with affordable fixed prices, free emergency hotline &amp; 24-hour emergency service: non-destructive door opening with special tools. Fast!\" \/>\n<meta name=\"robots\" content=\"index, follow, max-snippet:-1, max-image-preview:large, max-video-preview:-1\" \/>\n<link rel=\"canonical\" href=\"https:\/\/www.amper-aufsperrdienst.de\/en\/locksmith-pottmes\/\" \/>\n<meta property=\"og:locale\" content=\"en_US\" \/>\n<meta property=\"og:type\" content=\"article\" \/>\n<meta property=\"og:title\" content=\"P\u00f6ttmes Locksmith: fixed price from 52 EUR\" \/>\n<meta property=\"og:description\" content=\"Fair locksmith service in P\u00f6ttmes with affordable fixed prices, free emergency hotline &amp; 24-hour emergency service: non-destructive door opening with special tools. Fast!\" \/>\n<meta property=\"og:url\" content=\"https:\/\/www.amper-aufsperrdienst.de\/en\/locksmith-pottmes\/\" \/>\n<meta property=\"og:site_name\" content=\"Locksmith for Munich, Dachau and F\u00fcrstenfeldbruck\" \/>\n<meta property=\"article:modified_time\" content=\"2026-01-28T03:24:32+00:00\" \/>\n<meta property=\"og:image\" content=\"https:\/\/www.amper-aufsperrdienst.de\/wp-content\/uploads\/2014\/12\/header-aichach.jpg\" \/>\n\t<meta property=\"og:image:width\" content=\"960\" \/>\n\t<meta property=\"og:image:height\" content=\"360\" \/>\n\t<meta property=\"og:image:type\" content=\"image\/jpeg\" \/>\n<meta name=\"twitter:label1\" content=\"Est. reading time\" \/>\n\t<meta name=\"twitter:data1\" content=\"4 minutes\" \/>\n<script type=\"application\/ld+json\" class=\"yoast-schema-graph\">{\"@context\":\"https:\\\/\\\/schema.org\",\"@graph\":[{\"@type\":\"WebPage\",\"@id\":\"https:\\\/\\\/www.amper-aufsperrdienst.de\\\/en\\\/locksmith-pottmes\\\/\",\"url\":\"https:\\\/\\\/www.amper-aufsperrdienst.de\\\/en\\\/locksmith-pottmes\\\/\",\"name\":\"P\u00f6ttmes Locksmith: fixed price from 52 EUR\",\"isPartOf\":{\"@id\":\"https:\\\/\\\/www.amper-aufsperrdienst.de\\\/en\\\/#website\"},\"primaryImageOfPage\":{\"@id\":\"https:\\\/\\\/www.amper-aufsperrdienst.de\\\/en\\\/locksmith-pottmes\\\/#primaryimage\"},\"image\":{\"@id\":\"https:\\\/\\\/www.amper-aufsperrdienst.de\\\/en\\\/locksmith-pottmes\\\/#primaryimage\"},\"thumbnailUrl\":\"https:\\\/\\\/www.amper-aufsperrdienst.de\\\/wp-content\\\/uploads\\\/2014\\\/12\\\/header-aichach.jpg\",\"datePublished\":\"2017-09-25T06:11:43+00:00\",\"dateModified\":\"2026-01-28T03:24:32+00:00\",\"description\":\"Fair locksmith service in P\u00f6ttmes with affordable fixed prices, free emergency hotline & 24-hour emergency service: non-destructive door opening with special tools. Fast!\",\"breadcrumb\":{\"@id\":\"https:\\\/\\\/www.amper-aufsperrdienst.de\\\/en\\\/locksmith-pottmes\\\/#breadcrumb\"},\"inLanguage\":\"en-US\",\"potentialAction\":[{\"@type\":\"ReadAction\",\"target\":[\"https:\\\/\\\/www.amper-aufsperrdienst.de\\\/en\\\/locksmith-pottmes\\\/\"]}]},{\"@type\":\"ImageObject\",\"inLanguage\":\"en-US\",\"@id\":\"https:\\\/\\\/www.amper-aufsperrdienst.de\\\/en\\\/locksmith-pottmes\\\/#primaryimage\",\"url\":\"https:\\\/\\\/www.amper-aufsperrdienst.de\\\/wp-content\\\/uploads\\\/2014\\\/12\\\/header-aichach.jpg\",\"contentUrl\":\"https:\\\/\\\/www.amper-aufsperrdienst.de\\\/wp-content\\\/uploads\\\/2014\\\/12\\\/header-aichach.jpg\",\"width\":960,\"height\":360},{\"@type\":\"BreadcrumbList\",\"@id\":\"https:\\\/\\\/www.amper-aufsperrdienst.de\\\/en\\\/locksmith-pottmes\\\/#breadcrumb\",\"itemListElement\":[{\"@type\":\"ListItem\",\"position\":1,\"name\":\"Home\",\"item\":\"https:\\\/\\\/www.amper-aufsperrdienst.de\\\/en\\\/\"},{\"@type\":\"ListItem\",\"position\":2,\"name\":\"Locksmith P\u00f6ttmes\"}]},{\"@type\":\"WebSite\",\"@id\":\"https:\\\/\\\/www.amper-aufsperrdienst.de\\\/en\\\/#website\",\"url\":\"https:\\\/\\\/www.amper-aufsperrdienst.de\\\/en\\\/\",\"name\":\"Locksmith for Munich, Dachau and F\u00fcrstenfeldbruck\",\"description\":\"Amper Aufsperrdienst\",\"potentialAction\":[{\"@type\":\"SearchAction\",\"target\":{\"@type\":\"EntryPoint\",\"urlTemplate\":\"https:\\\/\\\/www.amper-aufsperrdienst.de\\\/en\\\/?s={search_term_string}\"},\"query-input\":{\"@type\":\"PropertyValueSpecification\",\"valueRequired\":true,\"valueName\":\"search_term_string\"}}],\"inLanguage\":\"en-US\"}]}<\/script>\n<!-- \/ Yoast SEO plugin. -->","yoast_head_json":{"title":"P\u00f6ttmes Locksmith: fixed price from 52 EUR","description":"Fair locksmith service in P\u00f6ttmes with affordable fixed prices, free emergency hotline & 24-hour emergency service: non-destructive door opening with special tools. Fast!","robots":{"index":"index","follow":"follow","max-snippet":"max-snippet:-1","max-image-preview":"max-image-preview:large","max-video-preview":"max-video-preview:-1"},"canonical":"https:\/\/www.amper-aufsperrdienst.de\/en\/locksmith-pottmes\/","og_locale":"en_US","og_type":"article","og_title":"P\u00f6ttmes Locksmith: fixed price from 52 EUR","og_description":"Fair locksmith service in P\u00f6ttmes with affordable fixed prices, free emergency hotline & 24-hour emergency service: non-destructive door opening with special tools. Fast!","og_url":"https:\/\/www.amper-aufsperrdienst.de\/en\/locksmith-pottmes\/","og_site_name":"Locksmith for Munich, Dachau and F\u00fcrstenfeldbruck","article_modified_time":"2026-01-28T03:24:32+00:00","og_image":[{"width":960,"height":360,"url":"https:\/\/www.amper-aufsperrdienst.de\/wp-content\/uploads\/2014\/12\/header-aichach.jpg","type":"image\/jpeg"}],"twitter_misc":{"Est. reading time":"4 minutes"},"schema":{"@context":"https:\/\/schema.org","@graph":[{"@type":"WebPage","@id":"https:\/\/www.amper-aufsperrdienst.de\/en\/locksmith-pottmes\/","url":"https:\/\/www.amper-aufsperrdienst.de\/en\/locksmith-pottmes\/","name":"P\u00f6ttmes Locksmith: fixed price from 52 EUR","isPartOf":{"@id":"https:\/\/www.amper-aufsperrdienst.de\/en\/#website"},"primaryImageOfPage":{"@id":"https:\/\/www.amper-aufsperrdienst.de\/en\/locksmith-pottmes\/#primaryimage"},"image":{"@id":"https:\/\/www.amper-aufsperrdienst.de\/en\/locksmith-pottmes\/#primaryimage"},"thumbnailUrl":"https:\/\/www.amper-aufsperrdienst.de\/wp-content\/uploads\/2014\/12\/header-aichach.jpg","datePublished":"2017-09-25T06:11:43+00:00","dateModified":"2026-01-28T03:24:32+00:00","description":"Fair locksmith service in P\u00f6ttmes with affordable fixed prices, free emergency hotline & 24-hour emergency service: non-destructive door opening with special tools. Fast!","breadcrumb":{"@id":"https:\/\/www.amper-aufsperrdienst.de\/en\/locksmith-pottmes\/#breadcrumb"},"inLanguage":"en-US","potentialAction":[{"@type":"ReadAction","target":["https:\/\/www.amper-aufsperrdienst.de\/en\/locksmith-pottmes\/"]}]},{"@type":"ImageObject","inLanguage":"en-US","@id":"https:\/\/www.amper-aufsperrdienst.de\/en\/locksmith-pottmes\/#primaryimage","url":"https:\/\/www.amper-aufsperrdienst.de\/wp-content\/uploads\/2014\/12\/header-aichach.jpg","contentUrl":"https:\/\/www.amper-aufsperrdienst.de\/wp-content\/uploads\/2014\/12\/header-aichach.jpg","width":960,"height":360},{"@type":"BreadcrumbList","@id":"https:\/\/www.amper-aufsperrdienst.de\/en\/locksmith-pottmes\/#breadcrumb","itemListElement":[{"@type":"ListItem","position":1,"name":"Home","item":"https:\/\/www.amper-aufsperrdienst.de\/en\/"},{"@type":"ListItem","position":2,"name":"Locksmith P\u00f6ttmes"}]},{"@type":"WebSite","@id":"https:\/\/www.amper-aufsperrdienst.de\/en\/#website","url":"https:\/\/www.amper-aufsperrdienst.de\/en\/","name":"Locksmith for Munich, Dachau and F\u00fcrstenfeldbruck","description":"Amper Aufsperrdienst","potentialAction":[{"@type":"SearchAction","target":{"@type":"EntryPoint","urlTemplate":"https:\/\/www.amper-aufsperrdienst.de\/en\/?s={search_term_string}"},"query-input":{"@type":"PropertyValueSpecification","valueRequired":true,"valueName":"search_term_string"}}],"inLanguage":"en-US"}]}},"_links":{"self":[{"href":"https:\/\/www.amper-aufsperrdienst.de\/en\/wp-json\/wp\/v2\/pages\/11857","targetHints":{"allow":["GET"]}}],"collection":[{"href":"https:\/\/www.amper-aufsperrdienst.de\/en\/wp-json\/wp\/v2\/pages"}],"about":[{"href":"https:\/\/www.amper-aufsperrdienst.de\/en\/wp-json\/wp\/v2\/types\/page"}],"author":[{"embeddable":true,"href":"https:\/\/www.amper-aufsperrdienst.de\/en\/wp-json\/wp\/v2\/users\/2"}],"replies":[{"embeddable":true,"href":"https:\/\/www.amper-aufsperrdienst.de\/en\/wp-json\/wp\/v2\/comments?post=11857"}],"version-history":[{"count":1,"href":"https:\/\/www.amper-aufsperrdienst.de\/en\/wp-json\/wp\/v2\/pages\/11857\/revisions"}],"predecessor-version":[{"id":11872,"href":"https:\/\/www.amper-aufsperrdienst.de\/en\/wp-json\/wp\/v2\/pages\/11857\/revisions\/11872"}],"wp:featuredmedia":[{"embeddable":true,"href":"https:\/\/www.amper-aufsperrdienst.de\/en\/wp-json\/wp\/v2\/media\/10837"}],"wp:attachment":[{"href":"https:\/\/www.amper-aufsperrdienst.de\/en\/wp-json\/wp\/v2\/media?parent=11857"}],"curies":[{"name":"wp","href":"https:\/\/api.w.org\/{rel}","templated":true}]}}