{"id":11871,"date":"2018-02-28T09:54:17","date_gmt":"2018-02-28T07:54:17","guid":{"rendered":"https:\/\/www.amper-aufsperrdienst.de\/locksmith-munich-geschwister-scholl-platz\/"},"modified":"2026-02-11T07:51:07","modified_gmt":"2026-02-11T05:51:07","slug":"locksmith-munich-geschwister-scholl-platz","status":"publish","type":"page","link":"https:\/\/www.amper-aufsperrdienst.de\/en\/locksmith-munich-geschwister-scholl-platz\/","title":{"rendered":"Locksmith Munich Geschwister-Scholl-Platz"},"content":{"rendered":"<p><img loading=\"lazy\" decoding=\"async\" class=\"alignleft\" style=\"margin-bottom: 5px !important;\" src=\"https:\/\/www.amper-aufsperrdienst.de\/wp-content\/uploads\/2021\/03\/schluesseldienst-muenchen-geschwister-scholl-platz-festpreis-ab-52-siegel.jpg\" alt=\"Amper Locksmith Opening Service geschwister-scholl-platz with fixed price from 52,- EUR\" width=\"250\" height=\"250\" \/><\/p>\n<p>Do you live near Geschwister-Scholl-Platz, have you locked yourself out, and now need your door opened without damage? Ideally at a fair and binding fixed price? Then don&#8217;t hesitate and contact our locksmith service in Munich&#8217;s Geschwister-Scholl-Platz immediately! We ensure damage-free door opening and, most importantly, that you can re-enter your apartment as quickly as possible. We&#8217;ll be there in about 30 minutes and start work right away. We work not only on weekdays, but also on weekends and holidays \u2013 around the clock!<\/p>\n<h2>Geschwister-Scholl-Platz at LMU<\/h2>\n<div id=\"attachment_10280\" style=\"width: 600px\" class=\"wp-caption alignleft\"><img loading=\"lazy\" decoding=\"async\" aria-describedby=\"caption-attachment-10280\" class=\"size-full wp-image-10280\" src=\"https:\/\/www.amper-aufsperrdienst.de\/wp-content\/uploads\/2024\/03\/schriftblaetter-weisse-rose.webp\" alt=\"Memorial at Geschwister-Scholl-Platz in Munich-Maxvorstadt\" width=\"590\" height=\"450\" \/><p id=\"caption-attachment-10280\" class=\"wp-caption-text\">Memorial with the leaflets of the White Rose resistance group at Geschwister-Scholl-Platz<\/p><\/div>\n<p>Geschwister-Scholl-Platz is the square in front of Ludwig Maximilian University. It is located west of Ludwigstrasse and opposite Professor-Huber-Platz. Adalbertstrasse and Schellingstrasse are also nearby. Geschwister-Scholl-Platz is named after Hans and Sophie Scholl, members of the &#8220;White Rose&#8221; resistance group. Fittingly, a memorial depicting a replica of the leaflets stands in front of the university entrance.<\/p>\n<p>The square also features a fountain designed by Friedrich von G\u00e4rtner between 1842 and 1844. Its model is the one in St. Peter&#8217;s Square in Rome, hence the fountain&#8217;s name in Munich: the Roman Fountain. Its base is octagonal, it has a diameter of almost 10 meters, and its column is 8.20 meters high.<\/p>\n          <!-- tarif -->\n<h2><b><span style=\"vertical-align: inherit;\"><span style=\"vertical-align: inherit;\">Our binding fixed prices start from \u20ac52.<\/span><\/span><\/b><\/h2>\n<p>Amper Locksmith Service is a fair locksmith service with transparent fixed prices:<\/p>\n<div class=\"table-title\">\n\tPRICE LIST  UNLOCK\n<\/div>\n<!-- Table part-->\n<table class=\"table\">\n  <thead class=\"header\">\n\t  <tr>\n     \t <th scope=\"col\">Time<\/th>\n     \t <th scope=\"col\">8 - 18<\/th>\n     \t <th scope=\"col\">18 - 22<\/th>\n     \t <th scope=\"col\">22 - 8<\/th>\n\t<\/tr>\n  <\/thead>\n  <tbody>\n     \t  <tr class=\"weekdays\">\n     \t  \t  <td class=\"tag\" data-label=\"Time\">Mo - Fr<\/td>\n     \t  \t  <td class=\"hrs tag\" data-label=\"8 - 18\">52,- \u20ac<\/td>\n     \t  \t  <td class=\"tag space\" data-label=\"18 - 22\">82,- \u20ac<\/td>\n     \t  \t  <td data-label=\"22 - 8\">95,- \u20ac<\/td>\n     \t  <\/tr>\n     <tr class=\"weekends\">\n     \t  \t  <td class=\"tag\" data-label=\"Time\">Sa<\/td>\n     \t  \t  <td class=\"tag\" data-label=\"8 - 18\">95,- \u20ac<\/td>\n     \t  \t  <td class=\"tag\" data-label=\"18 - 22\">95,- \u20ac<\/td>\n     \t  \t  <td data-label=\"22 - 8\">125,- \u20ac<\/td>\n     \t  <\/tr>\n     <tr class=\"holidays\">\n     \t  \t  <td class=\"tag\" data-label=\"Time\">So & holiday<\/td>\n     \t  \t  <td class=\"tag\" data-label=\"8 - 18\">125,- \u20ac<\/td>\n     \t  \t  <td class=\"tag\" data-label=\"18 - 22\">125,-\u20ac<\/td>\n     \t  \t  <td data-label=\"22 - 8\">125,-\u20ac<\/td>\n     \t  <\/tr>\n     <\/tbody>\n<\/table>\n<!-- Table Description-->\n<div class=\"table-description\">\n\t<em>Please call to inquire about travel costs.<\/em>\n<\/div>\n<!-- Wordings below -->\n<div class=\"wordings\">\n<p>The prices listed in this table are binding for unlocking a door that has slammed shut or been pulled shut (without self-locking mechanisms). Please feel free to contact us if you would like a price quote for other locksmith services. We will gladly provide you with a transparent, fixed-price offer.<\/p>\n<\/div>\n\n<!-- END Wordings -->\n\n\n\n<div class=\"ansprech\">Locksmith Munich Geschwister-Scholl-Platz with 24-hour service<br \/>\n<h3 class=\"phone mobilesOnly\"><a href=\"tel:+498000131131\">0800 \/ 0 131 131<\/a><\/h3><h3 class=\"phone desktopOnly\"><a href=\"tel:+498000131131\">0800 \/ 0 131 131<\/a><\/h3>Free emergency hotline, also available at night, on Sundays or public holidays; with fixed price guarantee<\/div>\n<h2>We arrive quickly and at fair prices<\/h2>\n<p>If you&#8217;ve locked yourself out, the last thing you need is a locksmith who takes forever to arrive. We unlock doors without damage \u2013 and in the shortest possible time. Since we&#8217;re an emergency locksmith service and don&#8217;t have fixed business hours, but rather work around your schedule, we&#8217;re available 24\/7. Whether it&#8217;s a weekday, weekend, or holiday: we&#8217;re always there for you, even at night.<\/p>\n<p>You can reach our experienced and professional staff on our toll-free number. Tell us about your situation right away, and we&#8217;ll give you our fair, fixed prices. Forget about scam companies that take advantage of you and charge exorbitant fees \u2013 we guarantee our prices. The Munich locksmith service at Geschwister-Scholl-Platz won&#8217;t surprise you with inflated costs; instead, we offer secure door opening with professionalism and transparency.<\/p>\n<h2>Locksmith Munich Geschwister-Scholl-Platz: Finally, better protection against burglars<\/h2>\n<p>Are you fed up with burglars and no longer feel safe in your home? We are not only your expert for damage-free door opening at a fair fixed price, but we are also there for you with other security technology services. We will gladly check whether your windows, locks, and doors are secure enough. If not, we can, for example, install professional locks so that burglars no longer have a chance. Whether it&#8217;s unlocking doors without damage or security analyses: You can always rely on Amper Locksmith Service.<\/p>\n<div class=\"ansprech\">Locksmith Munich Geschwister-Scholl-Platz with 24-hour service<br \/>\n<h3 class=\"phone mobilesOnly\"><a href=\"tel:+498000131131\">0800 \/ 0 131 131<\/a><\/h3><h3 class=\"phone desktopOnly\"><a href=\"tel:+498000131131\">0800 \/ 0 131 131<\/a><\/h3>Free emergency hotline, also available at night, on Sundays or public holidays; with fixed price guarantee<\/div>\n","protected":false},"excerpt":{"rendered":"<p>Do you live near Geschwister-Scholl-Platz, have you locked yourself out, and now need your door opened without damage? Ideally at a fair and binding fixed price? Then don&#8217;t hesitate and contact our locksmith service in Munich&#8217;s Geschwister-Scholl-Platz immediately! We ensure damage-free door opening and, most importantly, that you can re-enter your apartment as quickly as [&hellip;]<\/p>\n","protected":false},"author":2,"featured_media":11868,"parent":0,"menu_order":0,"comment_status":"closed","ping_status":"closed","template":"","meta":{"footnotes":"","_links_to":"","_links_to_target":""},"class_list":["post-11871","page","type-page","status-publish","has-post-thumbnail","hentry"],"yoast_head":"<!-- This site is optimized with the Yoast SEO plugin v27.4 - https:\/\/yoast.com\/product\/yoast-seo-wordpress\/ -->\n<title>Locksmith Munich Geschwister-Scholl-Platz: from \u20ac52,- fixed price<\/title>\n<meta name=\"description\" content=\"Locksmith in Munich at Geschwister-Scholl-Platz with great fixed prices, reliable locksmith experts, 24-hour emergency service and free phone number: non-destructive door opening using special tools in approximately 30 minutes! Contact us anytime free of charge for professional lock opening!\" \/>\n<meta name=\"robots\" content=\"index, follow, max-snippet:-1, max-image-preview:large, max-video-preview:-1\" \/>\n<link rel=\"canonical\" href=\"https:\/\/www.amper-aufsperrdienst.de\/en\/locksmith-munich-geschwister-scholl-platz\/\" \/>\n<meta property=\"og:locale\" content=\"en_US\" \/>\n<meta property=\"og:type\" content=\"article\" \/>\n<meta property=\"og:title\" content=\"Locksmith Munich Geschwister-Scholl-Platz: from \u20ac52,- fixed price\" \/>\n<meta property=\"og:description\" content=\"Locksmith in Munich at Geschwister-Scholl-Platz with great fixed prices, reliable locksmith experts, 24-hour emergency service and free phone number: non-destructive door opening using special tools in approximately 30 minutes! Contact us anytime free of charge for professional lock opening!\" \/>\n<meta property=\"og:url\" content=\"https:\/\/www.amper-aufsperrdienst.de\/en\/locksmith-munich-geschwister-scholl-platz\/\" \/>\n<meta property=\"og:site_name\" content=\"Locksmith for Munich, Dachau and F\u00fcrstenfeldbruck\" \/>\n<meta property=\"article:modified_time\" content=\"2026-02-11T05:51:07+00:00\" \/>\n<meta property=\"og:image\" content=\"https:\/\/www.amper-aufsperrdienst.de\/wp-content\/uploads\/2024\/03\/schluesseldienst-geschwister-scholl-platz.webp\" \/>\n\t<meta property=\"og:image:width\" content=\"960\" \/>\n\t<meta property=\"og:image:height\" content=\"360\" \/>\n\t<meta property=\"og:image:type\" content=\"image\/webp\" \/>\n<meta name=\"twitter:label1\" content=\"Est. reading time\" \/>\n\t<meta name=\"twitter:data1\" content=\"4 minutes\" \/>\n<script type=\"application\/ld+json\" class=\"yoast-schema-graph\">{\"@context\":\"https:\\\/\\\/schema.org\",\"@graph\":[{\"@type\":\"WebPage\",\"@id\":\"https:\\\/\\\/www.amper-aufsperrdienst.de\\\/en\\\/locksmith-munich-geschwister-scholl-platz\\\/\",\"url\":\"https:\\\/\\\/www.amper-aufsperrdienst.de\\\/en\\\/locksmith-munich-geschwister-scholl-platz\\\/\",\"name\":\"Locksmith Munich Geschwister-Scholl-Platz: from \u20ac52,- fixed price\",\"isPartOf\":{\"@id\":\"https:\\\/\\\/www.amper-aufsperrdienst.de\\\/en\\\/#website\"},\"primaryImageOfPage\":{\"@id\":\"https:\\\/\\\/www.amper-aufsperrdienst.de\\\/en\\\/locksmith-munich-geschwister-scholl-platz\\\/#primaryimage\"},\"image\":{\"@id\":\"https:\\\/\\\/www.amper-aufsperrdienst.de\\\/en\\\/locksmith-munich-geschwister-scholl-platz\\\/#primaryimage\"},\"thumbnailUrl\":\"https:\\\/\\\/www.amper-aufsperrdienst.de\\\/wp-content\\\/uploads\\\/2024\\\/03\\\/schluesseldienst-geschwister-scholl-platz.webp\",\"datePublished\":\"2018-02-28T07:54:17+00:00\",\"dateModified\":\"2026-02-11T05:51:07+00:00\",\"description\":\"Locksmith in Munich at Geschwister-Scholl-Platz with great fixed prices, reliable locksmith experts, 24-hour emergency service and free phone number: non-destructive door opening using special tools in approximately 30 minutes! Contact us anytime free of charge for professional lock opening!\",\"breadcrumb\":{\"@id\":\"https:\\\/\\\/www.amper-aufsperrdienst.de\\\/en\\\/locksmith-munich-geschwister-scholl-platz\\\/#breadcrumb\"},\"inLanguage\":\"en-US\",\"potentialAction\":[{\"@type\":\"ReadAction\",\"target\":[\"https:\\\/\\\/www.amper-aufsperrdienst.de\\\/en\\\/locksmith-munich-geschwister-scholl-platz\\\/\"]}]},{\"@type\":\"ImageObject\",\"inLanguage\":\"en-US\",\"@id\":\"https:\\\/\\\/www.amper-aufsperrdienst.de\\\/en\\\/locksmith-munich-geschwister-scholl-platz\\\/#primaryimage\",\"url\":\"https:\\\/\\\/www.amper-aufsperrdienst.de\\\/wp-content\\\/uploads\\\/2024\\\/03\\\/schluesseldienst-geschwister-scholl-platz.webp\",\"contentUrl\":\"https:\\\/\\\/www.amper-aufsperrdienst.de\\\/wp-content\\\/uploads\\\/2024\\\/03\\\/schluesseldienst-geschwister-scholl-platz.webp\",\"width\":960,\"height\":360,\"caption\":\"Schl\u00fcsseldienst f\u00fcr Geschwister-Scholl-Platz in M\u00fcnchen \u2013 Top-Qualit\u00e4t von kompetenten Handwerkern \u2013 Einbruchschutz von Profis\"},{\"@type\":\"BreadcrumbList\",\"@id\":\"https:\\\/\\\/www.amper-aufsperrdienst.de\\\/en\\\/locksmith-munich-geschwister-scholl-platz\\\/#breadcrumb\",\"itemListElement\":[{\"@type\":\"ListItem\",\"position\":1,\"name\":\"Home\",\"item\":\"https:\\\/\\\/www.amper-aufsperrdienst.de\\\/en\\\/\"},{\"@type\":\"ListItem\",\"position\":2,\"name\":\"Locksmith Munich Geschwister-Scholl-Platz\"}]},{\"@type\":\"WebSite\",\"@id\":\"https:\\\/\\\/www.amper-aufsperrdienst.de\\\/en\\\/#website\",\"url\":\"https:\\\/\\\/www.amper-aufsperrdienst.de\\\/en\\\/\",\"name\":\"Locksmith for Munich, Dachau and F\u00fcrstenfeldbruck\",\"description\":\"Amper Aufsperrdienst\",\"potentialAction\":[{\"@type\":\"SearchAction\",\"target\":{\"@type\":\"EntryPoint\",\"urlTemplate\":\"https:\\\/\\\/www.amper-aufsperrdienst.de\\\/en\\\/?s={search_term_string}\"},\"query-input\":{\"@type\":\"PropertyValueSpecification\",\"valueRequired\":true,\"valueName\":\"search_term_string\"}}],\"inLanguage\":\"en-US\"}]}<\/script>\n<!-- \/ Yoast SEO plugin. -->","yoast_head_json":{"title":"Locksmith Munich Geschwister-Scholl-Platz: from \u20ac52,- fixed price","description":"Locksmith in Munich at Geschwister-Scholl-Platz with great fixed prices, reliable locksmith experts, 24-hour emergency service and free phone number: non-destructive door opening using special tools in approximately 30 minutes! Contact us anytime free of charge for professional lock opening!","robots":{"index":"index","follow":"follow","max-snippet":"max-snippet:-1","max-image-preview":"max-image-preview:large","max-video-preview":"max-video-preview:-1"},"canonical":"https:\/\/www.amper-aufsperrdienst.de\/en\/locksmith-munich-geschwister-scholl-platz\/","og_locale":"en_US","og_type":"article","og_title":"Locksmith Munich Geschwister-Scholl-Platz: from \u20ac52,- fixed price","og_description":"Locksmith in Munich at Geschwister-Scholl-Platz with great fixed prices, reliable locksmith experts, 24-hour emergency service and free phone number: non-destructive door opening using special tools in approximately 30 minutes! Contact us anytime free of charge for professional lock opening!","og_url":"https:\/\/www.amper-aufsperrdienst.de\/en\/locksmith-munich-geschwister-scholl-platz\/","og_site_name":"Locksmith for Munich, Dachau and F\u00fcrstenfeldbruck","article_modified_time":"2026-02-11T05:51:07+00:00","og_image":[{"width":960,"height":360,"url":"https:\/\/www.amper-aufsperrdienst.de\/wp-content\/uploads\/2024\/03\/schluesseldienst-geschwister-scholl-platz.webp","type":"image\/webp"}],"twitter_misc":{"Est. reading time":"4 minutes"},"schema":{"@context":"https:\/\/schema.org","@graph":[{"@type":"WebPage","@id":"https:\/\/www.amper-aufsperrdienst.de\/en\/locksmith-munich-geschwister-scholl-platz\/","url":"https:\/\/www.amper-aufsperrdienst.de\/en\/locksmith-munich-geschwister-scholl-platz\/","name":"Locksmith Munich Geschwister-Scholl-Platz: from \u20ac52,- fixed price","isPartOf":{"@id":"https:\/\/www.amper-aufsperrdienst.de\/en\/#website"},"primaryImageOfPage":{"@id":"https:\/\/www.amper-aufsperrdienst.de\/en\/locksmith-munich-geschwister-scholl-platz\/#primaryimage"},"image":{"@id":"https:\/\/www.amper-aufsperrdienst.de\/en\/locksmith-munich-geschwister-scholl-platz\/#primaryimage"},"thumbnailUrl":"https:\/\/www.amper-aufsperrdienst.de\/wp-content\/uploads\/2024\/03\/schluesseldienst-geschwister-scholl-platz.webp","datePublished":"2018-02-28T07:54:17+00:00","dateModified":"2026-02-11T05:51:07+00:00","description":"Locksmith in Munich at Geschwister-Scholl-Platz with great fixed prices, reliable locksmith experts, 24-hour emergency service and free phone number: non-destructive door opening using special tools in approximately 30 minutes! Contact us anytime free of charge for professional lock opening!","breadcrumb":{"@id":"https:\/\/www.amper-aufsperrdienst.de\/en\/locksmith-munich-geschwister-scholl-platz\/#breadcrumb"},"inLanguage":"en-US","potentialAction":[{"@type":"ReadAction","target":["https:\/\/www.amper-aufsperrdienst.de\/en\/locksmith-munich-geschwister-scholl-platz\/"]}]},{"@type":"ImageObject","inLanguage":"en-US","@id":"https:\/\/www.amper-aufsperrdienst.de\/en\/locksmith-munich-geschwister-scholl-platz\/#primaryimage","url":"https:\/\/www.amper-aufsperrdienst.de\/wp-content\/uploads\/2024\/03\/schluesseldienst-geschwister-scholl-platz.webp","contentUrl":"https:\/\/www.amper-aufsperrdienst.de\/wp-content\/uploads\/2024\/03\/schluesseldienst-geschwister-scholl-platz.webp","width":960,"height":360,"caption":"Schl\u00fcsseldienst f\u00fcr Geschwister-Scholl-Platz in M\u00fcnchen \u2013 Top-Qualit\u00e4t von kompetenten Handwerkern \u2013 Einbruchschutz von Profis"},{"@type":"BreadcrumbList","@id":"https:\/\/www.amper-aufsperrdienst.de\/en\/locksmith-munich-geschwister-scholl-platz\/#breadcrumb","itemListElement":[{"@type":"ListItem","position":1,"name":"Home","item":"https:\/\/www.amper-aufsperrdienst.de\/en\/"},{"@type":"ListItem","position":2,"name":"Locksmith Munich Geschwister-Scholl-Platz"}]},{"@type":"WebSite","@id":"https:\/\/www.amper-aufsperrdienst.de\/en\/#website","url":"https:\/\/www.amper-aufsperrdienst.de\/en\/","name":"Locksmith for Munich, Dachau and F\u00fcrstenfeldbruck","description":"Amper Aufsperrdienst","potentialAction":[{"@type":"SearchAction","target":{"@type":"EntryPoint","urlTemplate":"https:\/\/www.amper-aufsperrdienst.de\/en\/?s={search_term_string}"},"query-input":{"@type":"PropertyValueSpecification","valueRequired":true,"valueName":"search_term_string"}}],"inLanguage":"en-US"}]}},"_links":{"self":[{"href":"https:\/\/www.amper-aufsperrdienst.de\/en\/wp-json\/wp\/v2\/pages\/11871","targetHints":{"allow":["GET"]}}],"collection":[{"href":"https:\/\/www.amper-aufsperrdienst.de\/en\/wp-json\/wp\/v2\/pages"}],"about":[{"href":"https:\/\/www.amper-aufsperrdienst.de\/en\/wp-json\/wp\/v2\/types\/page"}],"author":[{"embeddable":true,"href":"https:\/\/www.amper-aufsperrdienst.de\/en\/wp-json\/wp\/v2\/users\/2"}],"replies":[{"embeddable":true,"href":"https:\/\/www.amper-aufsperrdienst.de\/en\/wp-json\/wp\/v2\/comments?post=11871"}],"version-history":[{"count":2,"href":"https:\/\/www.amper-aufsperrdienst.de\/en\/wp-json\/wp\/v2\/pages\/11871\/revisions"}],"predecessor-version":[{"id":15114,"href":"https:\/\/www.amper-aufsperrdienst.de\/en\/wp-json\/wp\/v2\/pages\/11871\/revisions\/15114"}],"wp:featuredmedia":[{"embeddable":true,"href":"https:\/\/www.amper-aufsperrdienst.de\/en\/wp-json\/wp\/v2\/media\/11868"}],"wp:attachment":[{"href":"https:\/\/www.amper-aufsperrdienst.de\/en\/wp-json\/wp\/v2\/media?parent=11871"}],"curies":[{"name":"wp","href":"https:\/\/api.w.org\/{rel}","templated":true}]}}