{"id":11873,"date":"2017-11-02T10:58:30","date_gmt":"2017-11-02T08:58:30","guid":{"rendered":"https:\/\/www.amper-aufsperrdienst.de\/schluesseldienst-diessen-am-ammersee\/"},"modified":"2026-01-28T07:25:05","modified_gmt":"2026-01-28T05:25:05","slug":"locksmith-diesen-am-ammersee","status":"publish","type":"page","link":"https:\/\/www.amper-aufsperrdienst.de\/en\/locksmith-diesen-am-ammersee\/","title":{"rendered":"Locksmith Die\u00dfen am Ammersee"},"content":{"rendered":"<p><img loading=\"lazy\" decoding=\"async\" class=\"alignleft\" style=\"margin-bottom: 5px !important;\" src=\"https:\/\/www.amper-aufsperrdienst.de\/wp-content\/uploads\/2021\/03\/schluesseldienst-diessen-am-ammersee-festpreis-ab-52-siegel.jpg\" alt=\"Amper Locksmith Opening Service diessen-am-ammersee with fixed price from 52,- EUR\" width=\"250\" height=\"250\" \/><\/p>\n<p>Is your key stuck in the lock on the inside and you&#8217;ve accidentally locked yourself out? Was your bag stolen along with your keys? Or did you simply leave your key somewhere or lose it? Standing in front of a locked or jammed front door is not uncommon. That&#8217;s why Amper Locksmith Service has been opening doors without damage for three generations. Are you looking for a professional and fast locksmith in Die\u00dfen am Ammersee? Call us anytime, free of charge and without obligation! After you describe your situation, we will gladly provide you with a fixed-price quote that is both binding and fair!<\/p>\n          <!-- tarif -->\n<h2><b><span style=\"vertical-align: inherit;\"><span style=\"vertical-align: inherit;\">Our binding fixed prices start from \u20ac52.<\/span><\/span><\/b><\/h2>\n<p>Amper Locksmith Service is a fair locksmith service with transparent fixed prices:<\/p>\n<div class=\"table-title\">\n\tPRICE LIST  UNLOCK\n<\/div>\n<!-- Table part-->\n<table class=\"table\">\n  <thead class=\"header\">\n\t  <tr>\n     \t <th scope=\"col\">Time<\/th>\n     \t <th scope=\"col\">8 - 18<\/th>\n     \t <th scope=\"col\">18 - 22<\/th>\n     \t <th scope=\"col\">22 - 8<\/th>\n\t<\/tr>\n  <\/thead>\n  <tbody>\n     \t  <tr class=\"weekdays\">\n     \t  \t  <td class=\"tag\" data-label=\"Time\">Mo - Fr<\/td>\n     \t  \t  <td class=\"hrs tag\" data-label=\"8 - 18\">52,- \u20ac<\/td>\n     \t  \t  <td class=\"tag space\" data-label=\"18 - 22\">82,- \u20ac<\/td>\n     \t  \t  <td data-label=\"22 - 8\">95,- \u20ac<\/td>\n     \t  <\/tr>\n     <tr class=\"weekends\">\n     \t  \t  <td class=\"tag\" data-label=\"Time\">Sa<\/td>\n     \t  \t  <td class=\"tag\" data-label=\"8 - 18\">95,- \u20ac<\/td>\n     \t  \t  <td class=\"tag\" data-label=\"18 - 22\">95,- \u20ac<\/td>\n     \t  \t  <td data-label=\"22 - 8\">125,- \u20ac<\/td>\n     \t  <\/tr>\n     <tr class=\"holidays\">\n     \t  \t  <td class=\"tag\" data-label=\"Time\">So & holiday<\/td>\n     \t  \t  <td class=\"tag\" data-label=\"8 - 18\">125,- \u20ac<\/td>\n     \t  \t  <td class=\"tag\" data-label=\"18 - 22\">125,-\u20ac<\/td>\n     \t  \t  <td data-label=\"22 - 8\">125,-\u20ac<\/td>\n     \t  <\/tr>\n     <\/tbody>\n<\/table>\n<!-- Table Description-->\n<div class=\"table-description\">\n\t<em>Please call to inquire about travel costs.<\/em>\n<\/div>\n<!-- Wordings below -->\n<div class=\"wordings\">\n<p>The prices listed in this table are binding for unlocking a door that has slammed shut or been pulled shut (without self-locking mechanisms). Please feel free to contact us if you would like a price quote for other locksmith services. We will gladly provide you with a transparent, fixed-price offer.<\/p>\n<\/div>\n\n<!-- END Wordings -->\n\n\n\n<div class=\"ansprech\">Locksmith in Die\u00dfen am Ammersee with 24-hour service<br \/>\n<h3 class=\"phone mobilesOnly\"><a href=\"tel:+498000131131\">0800 \/ 0 131 131<\/a><\/h3><h3 class=\"phone desktopOnly\"><a href=\"tel:+498000131131\">0800 \/ 0 131 131<\/a><\/h3>Affordable fixed prices, free emergency hotline<\/div>\n<h2>The market town of Die\u00dfen am Ammersee in the district of Landsberg am Lech<\/h2>\n<p>Die\u00dfen am Ammersee is a market town in the district of Landsberg am Lech with over 10,000 inhabitants. As the name suggests, the town lies directly on the Ammersee lake, approximately 40 km southwest of Munich, the Bavarian capital. The Bavarian town of Die\u00dfen is also known as Bayerdie\u00dfen. This name is often used to clearly indicate that it refers to Die\u00dfen in Bavaria, and not some other town. The town&#8217;s postal code is 86911.<\/p>\n<p>The market town comprises the following districts: Abtsried, Bierdorf, Bischofsried, Dettenhofen, Dettenschwang, Engenried, Gut Romenthal, H\u00fcbschenried, Lachen, Oberbeuern, Oberhausen, Oberm\u00fchlhausen, Pitzeshofen, Rieden, Riederau, Schl\u00f6glhof, Seehof, St. Alban, St. Georgen, Triebhof, Ummenhausen, Unterbeuern, Unterhausen, Wengen, Wolfgrub and Ziegelstadl.<\/p>\n<h2>Locksmith in Die\u00dfen am Ammersee: affordable fixed price for fast door opening<\/h2>\n<p>If you need a reliable and competent locksmith service in Die\u00dfen am Ammersee or any of the aforementioned districts, Amper Locksmith Service is happy to help! Call us free of charge, 24\/7, and describe your problem. We will then gladly provide you with a binding fixed-price quote. This quote is guaranteed to be valid after the service has been completed. You certainly don&#8217;t have to worry about hidden costs or unpleasant surprises with us!<\/p>\n<h2>Non-destructive door opening by real professionals<\/h2>\n<p>What you can expect from us, however, is precision, competence, and professionalism when it comes to unlocking your door. Our team consists exclusively of friendly, reliable, and highly trained employees, all equipped with specialized tools. Naturally, they have learned how to use these tools from the ground up. Amper Locksmith Service is able to open doors without damage in 99% of cases. So, if you want to hire true professionals for your door opening in Die\u00dfen am Ammersee, you should contact us!<\/p>\n<h2>Available for you 24 hours a day<\/h2>\n<p>What sets us apart, besides our expertise, is our status as a genuine emergency locksmith service. We are available around the clock for people who have accidentally locked themselves out. Even on Easter, Pentecost, Christmas, or New Year&#8217;s Day, we will come to you if you are in an emergency. We are there for you 24\/7, 365 days a year!<\/p>\n<p>Have you locked yourself out and need a professional locksmith in Die\u00dfen am Ammersee who can open your locked or jammed front door competently, quickly, and without damage, ideally at a fair fixed price? Call us free of charge! We&#8217;ll help you out of this predicament!<\/p>\n<div class=\"ansprech\">Locksmith in Die\u00dfen am Ammersee with 24-hour service<br \/>\n<h3 class=\"phone mobilesOnly\"><a href=\"tel:+498000131131\">0800 \/ 0 131 131<\/a><\/h3><h3 class=\"phone desktopOnly\"><a href=\"tel:+498000131131\">0800 \/ 0 131 131<\/a><\/h3>Affordable fixed prices, free emergency hotline<\/div>\n<h2>Our locksmith service in Diessen am Ammersee is your emergency service with rapid arrival.<\/h2>\n<p>Of course, it&#8217;s never pleasant, and always an intolerable situation, to be locked out of your own house without your keys. We take this into account by setting off immediately after your call. You can expect us, as the locksmith service in Die\u00dfen am Ammersee, to be at your location within about 30 minutes \u2013 barring unforeseen circumstances. But then there are those moments when speed is of the essence, for example, if a cake is baking in the oven, a very young child is home alone, or you need to take your medication on time.<\/p>\n<p>Please tell us clearly if you experience such a situation, or one similar to this, because then we will take extra care not to waste any time. However, if the situation is truly life-threatening and extremely urgent, you must call the fire department!<\/p>\n<h2>Friendliness, commitment, and craftsmanship characterize our locksmith service in Diessen am Ammersee.<\/h2>\n<p>The locksmiths employed by Amper Locksmith Service share a passion for their craft. They approach every job with dedication and care, relying heavily on their specialized tools and skilled craftsmanship. But we also place great importance on providing a friendly and approachable service.<\/p>\n<p>Our locksmiths are always friendly and personable. They can handle difficult situations and calm frightened, angry, annoyed, or even panicked customers with their composed demeanor.<\/p>\n<h2>SECURE YOUR HOME WITH ONE OF OUR BURGLARY PROTECTION SYSTEMS<\/h2>\n<p>Do you feel unsafe in your own home because you&#8217;re afraid of a break-in? This is an unpleasant situation that you can easily change by having your windows and doors fitted with professional security devices. In addition to door opening, we are also experts in this field.<\/p>\n<p>We would be happy to visit your house or apartment to determine which systems are best suited to your individual situation. The result will be that it will be so difficult to break into your home that virtually every burglar won&#8217;t even attempt it, but will instead look for an easier target.<\/p>\n<h2>Need a lock change? Contact our locksmith service in Diessen am Ammersee!<\/h2>\n<p>Locks that are very old and starting to jam should be replaced in good time to prevent an emergency \u2013 otherwise, you might find yourself locked out one day because the door won&#8217;t open, the key has broken off inside, or you simply can&#8217;t lock it. Sometimes, however, even perfectly functioning locks need to be replaced, for example, if your ex-partner doesn&#8217;t return the key and is harassing you with unwanted visits.<\/p>\n<p>Let&#8217;s schedule an appointment to change the locks so that this issue is resolved soon and you don&#8217;t have to worry about it anymore.<\/p>\n<p>Do you need a lock changed? Would you like reliable burglary protection for your windows and doors? Have you locked yourself out or lost your key while out? Amper Locksmith Service, your trusted and fair locksmith in Die\u00dfen am Ammersee, available 24\/7, can handle all of these issues and problems!<\/p>\n","protected":false},"excerpt":{"rendered":"<p>Is your key stuck in the lock on the inside and you&#8217;ve accidentally locked yourself out? Was your bag stolen along with your keys? Or did you simply leave your key somewhere or lose it? Standing in front of a locked or jammed front door is not uncommon. That&#8217;s why Amper Locksmith Service has been [&hellip;]<\/p>\n","protected":false},"author":2,"featured_media":11709,"parent":0,"menu_order":0,"comment_status":"closed","ping_status":"closed","template":"","meta":{"footnotes":"","_links_to":"","_links_to_target":""},"class_list":["post-11873","page","type-page","status-publish","has-post-thumbnail","hentry"],"yoast_head":"<!-- This site is optimized with the Yoast SEO plugin v27.4 - https:\/\/yoast.com\/product\/yoast-seo-wordpress\/ -->\n<title>Locksmith in Die\u00dfen am Ammersee: from \u20ac52, fixed price (binding)<\/title>\n<meta name=\"description\" content=\"Locksmith in Die\u00dfen am Ammersee with fixed price guarantee, free phone number &amp; 24-hour emergency service: non-destructive door opening by competent professional locksmiths.\" \/>\n<meta name=\"robots\" content=\"index, follow, max-snippet:-1, max-image-preview:large, max-video-preview:-1\" \/>\n<link rel=\"canonical\" href=\"https:\/\/www.amper-aufsperrdienst.de\/en\/locksmith-diesen-am-ammersee\/\" \/>\n<meta property=\"og:locale\" content=\"en_US\" \/>\n<meta property=\"og:type\" content=\"article\" \/>\n<meta property=\"og:title\" content=\"Locksmith in Die\u00dfen am Ammersee: from \u20ac52, fixed price (binding)\" \/>\n<meta property=\"og:description\" content=\"Locksmith in Die\u00dfen am Ammersee with fixed price guarantee, free phone number &amp; 24-hour emergency service: non-destructive door opening by competent professional locksmiths.\" \/>\n<meta property=\"og:url\" content=\"https:\/\/www.amper-aufsperrdienst.de\/en\/locksmith-diesen-am-ammersee\/\" \/>\n<meta property=\"og:site_name\" content=\"Locksmith for Munich, Dachau and F\u00fcrstenfeldbruck\" \/>\n<meta property=\"article:modified_time\" content=\"2026-01-28T05:25:05+00:00\" \/>\n<meta property=\"og:image\" content=\"https:\/\/www.amper-aufsperrdienst.de\/wp-content\/uploads\/2014\/12\/header-landsberg.jpg\" \/>\n\t<meta property=\"og:image:width\" content=\"960\" \/>\n\t<meta property=\"og:image:height\" content=\"360\" \/>\n\t<meta property=\"og:image:type\" content=\"image\/jpeg\" \/>\n<meta name=\"twitter:label1\" content=\"Est. reading time\" \/>\n\t<meta name=\"twitter:data1\" content=\"7 minutes\" \/>\n<script type=\"application\/ld+json\" class=\"yoast-schema-graph\">{\"@context\":\"https:\\\/\\\/schema.org\",\"@graph\":[{\"@type\":\"WebPage\",\"@id\":\"https:\\\/\\\/www.amper-aufsperrdienst.de\\\/en\\\/locksmith-diesen-am-ammersee\\\/\",\"url\":\"https:\\\/\\\/www.amper-aufsperrdienst.de\\\/en\\\/locksmith-diesen-am-ammersee\\\/\",\"name\":\"Locksmith in Die\u00dfen am Ammersee: from \u20ac52, fixed price (binding)\",\"isPartOf\":{\"@id\":\"https:\\\/\\\/www.amper-aufsperrdienst.de\\\/en\\\/#website\"},\"primaryImageOfPage\":{\"@id\":\"https:\\\/\\\/www.amper-aufsperrdienst.de\\\/en\\\/locksmith-diesen-am-ammersee\\\/#primaryimage\"},\"image\":{\"@id\":\"https:\\\/\\\/www.amper-aufsperrdienst.de\\\/en\\\/locksmith-diesen-am-ammersee\\\/#primaryimage\"},\"thumbnailUrl\":\"https:\\\/\\\/www.amper-aufsperrdienst.de\\\/wp-content\\\/uploads\\\/2014\\\/12\\\/header-landsberg.jpg\",\"datePublished\":\"2017-11-02T08:58:30+00:00\",\"dateModified\":\"2026-01-28T05:25:05+00:00\",\"description\":\"Locksmith in Die\u00dfen am Ammersee with fixed price guarantee, free phone number & 24-hour emergency service: non-destructive door opening by competent professional locksmiths.\",\"breadcrumb\":{\"@id\":\"https:\\\/\\\/www.amper-aufsperrdienst.de\\\/en\\\/locksmith-diesen-am-ammersee\\\/#breadcrumb\"},\"inLanguage\":\"en-US\",\"potentialAction\":[{\"@type\":\"ReadAction\",\"target\":[\"https:\\\/\\\/www.amper-aufsperrdienst.de\\\/en\\\/locksmith-diesen-am-ammersee\\\/\"]}]},{\"@type\":\"ImageObject\",\"inLanguage\":\"en-US\",\"@id\":\"https:\\\/\\\/www.amper-aufsperrdienst.de\\\/en\\\/locksmith-diesen-am-ammersee\\\/#primaryimage\",\"url\":\"https:\\\/\\\/www.amper-aufsperrdienst.de\\\/wp-content\\\/uploads\\\/2014\\\/12\\\/header-landsberg.jpg\",\"contentUrl\":\"https:\\\/\\\/www.amper-aufsperrdienst.de\\\/wp-content\\\/uploads\\\/2014\\\/12\\\/header-landsberg.jpg\",\"width\":960,\"height\":360},{\"@type\":\"BreadcrumbList\",\"@id\":\"https:\\\/\\\/www.amper-aufsperrdienst.de\\\/en\\\/locksmith-diesen-am-ammersee\\\/#breadcrumb\",\"itemListElement\":[{\"@type\":\"ListItem\",\"position\":1,\"name\":\"Home\",\"item\":\"https:\\\/\\\/www.amper-aufsperrdienst.de\\\/en\\\/\"},{\"@type\":\"ListItem\",\"position\":2,\"name\":\"Locksmith Die\u00dfen am Ammersee\"}]},{\"@type\":\"WebSite\",\"@id\":\"https:\\\/\\\/www.amper-aufsperrdienst.de\\\/en\\\/#website\",\"url\":\"https:\\\/\\\/www.amper-aufsperrdienst.de\\\/en\\\/\",\"name\":\"Locksmith for Munich, Dachau and F\u00fcrstenfeldbruck\",\"description\":\"Amper Aufsperrdienst\",\"potentialAction\":[{\"@type\":\"SearchAction\",\"target\":{\"@type\":\"EntryPoint\",\"urlTemplate\":\"https:\\\/\\\/www.amper-aufsperrdienst.de\\\/en\\\/?s={search_term_string}\"},\"query-input\":{\"@type\":\"PropertyValueSpecification\",\"valueRequired\":true,\"valueName\":\"search_term_string\"}}],\"inLanguage\":\"en-US\"}]}<\/script>\n<!-- \/ Yoast SEO plugin. -->","yoast_head_json":{"title":"Locksmith in Die\u00dfen am Ammersee: from \u20ac52, fixed price (binding)","description":"Locksmith in Die\u00dfen am Ammersee with fixed price guarantee, free phone number & 24-hour emergency service: non-destructive door opening by competent professional locksmiths.","robots":{"index":"index","follow":"follow","max-snippet":"max-snippet:-1","max-image-preview":"max-image-preview:large","max-video-preview":"max-video-preview:-1"},"canonical":"https:\/\/www.amper-aufsperrdienst.de\/en\/locksmith-diesen-am-ammersee\/","og_locale":"en_US","og_type":"article","og_title":"Locksmith in Die\u00dfen am Ammersee: from \u20ac52, fixed price (binding)","og_description":"Locksmith in Die\u00dfen am Ammersee with fixed price guarantee, free phone number & 24-hour emergency service: non-destructive door opening by competent professional locksmiths.","og_url":"https:\/\/www.amper-aufsperrdienst.de\/en\/locksmith-diesen-am-ammersee\/","og_site_name":"Locksmith for Munich, Dachau and F\u00fcrstenfeldbruck","article_modified_time":"2026-01-28T05:25:05+00:00","og_image":[{"width":960,"height":360,"url":"https:\/\/www.amper-aufsperrdienst.de\/wp-content\/uploads\/2014\/12\/header-landsberg.jpg","type":"image\/jpeg"}],"twitter_misc":{"Est. reading time":"7 minutes"},"schema":{"@context":"https:\/\/schema.org","@graph":[{"@type":"WebPage","@id":"https:\/\/www.amper-aufsperrdienst.de\/en\/locksmith-diesen-am-ammersee\/","url":"https:\/\/www.amper-aufsperrdienst.de\/en\/locksmith-diesen-am-ammersee\/","name":"Locksmith in Die\u00dfen am Ammersee: from \u20ac52, fixed price (binding)","isPartOf":{"@id":"https:\/\/www.amper-aufsperrdienst.de\/en\/#website"},"primaryImageOfPage":{"@id":"https:\/\/www.amper-aufsperrdienst.de\/en\/locksmith-diesen-am-ammersee\/#primaryimage"},"image":{"@id":"https:\/\/www.amper-aufsperrdienst.de\/en\/locksmith-diesen-am-ammersee\/#primaryimage"},"thumbnailUrl":"https:\/\/www.amper-aufsperrdienst.de\/wp-content\/uploads\/2014\/12\/header-landsberg.jpg","datePublished":"2017-11-02T08:58:30+00:00","dateModified":"2026-01-28T05:25:05+00:00","description":"Locksmith in Die\u00dfen am Ammersee with fixed price guarantee, free phone number & 24-hour emergency service: non-destructive door opening by competent professional locksmiths.","breadcrumb":{"@id":"https:\/\/www.amper-aufsperrdienst.de\/en\/locksmith-diesen-am-ammersee\/#breadcrumb"},"inLanguage":"en-US","potentialAction":[{"@type":"ReadAction","target":["https:\/\/www.amper-aufsperrdienst.de\/en\/locksmith-diesen-am-ammersee\/"]}]},{"@type":"ImageObject","inLanguage":"en-US","@id":"https:\/\/www.amper-aufsperrdienst.de\/en\/locksmith-diesen-am-ammersee\/#primaryimage","url":"https:\/\/www.amper-aufsperrdienst.de\/wp-content\/uploads\/2014\/12\/header-landsberg.jpg","contentUrl":"https:\/\/www.amper-aufsperrdienst.de\/wp-content\/uploads\/2014\/12\/header-landsberg.jpg","width":960,"height":360},{"@type":"BreadcrumbList","@id":"https:\/\/www.amper-aufsperrdienst.de\/en\/locksmith-diesen-am-ammersee\/#breadcrumb","itemListElement":[{"@type":"ListItem","position":1,"name":"Home","item":"https:\/\/www.amper-aufsperrdienst.de\/en\/"},{"@type":"ListItem","position":2,"name":"Locksmith Die\u00dfen am Ammersee"}]},{"@type":"WebSite","@id":"https:\/\/www.amper-aufsperrdienst.de\/en\/#website","url":"https:\/\/www.amper-aufsperrdienst.de\/en\/","name":"Locksmith for Munich, Dachau and F\u00fcrstenfeldbruck","description":"Amper Aufsperrdienst","potentialAction":[{"@type":"SearchAction","target":{"@type":"EntryPoint","urlTemplate":"https:\/\/www.amper-aufsperrdienst.de\/en\/?s={search_term_string}"},"query-input":{"@type":"PropertyValueSpecification","valueRequired":true,"valueName":"search_term_string"}}],"inLanguage":"en-US"}]}},"_links":{"self":[{"href":"https:\/\/www.amper-aufsperrdienst.de\/en\/wp-json\/wp\/v2\/pages\/11873","targetHints":{"allow":["GET"]}}],"collection":[{"href":"https:\/\/www.amper-aufsperrdienst.de\/en\/wp-json\/wp\/v2\/pages"}],"about":[{"href":"https:\/\/www.amper-aufsperrdienst.de\/en\/wp-json\/wp\/v2\/types\/page"}],"author":[{"embeddable":true,"href":"https:\/\/www.amper-aufsperrdienst.de\/en\/wp-json\/wp\/v2\/users\/2"}],"replies":[{"embeddable":true,"href":"https:\/\/www.amper-aufsperrdienst.de\/en\/wp-json\/wp\/v2\/comments?post=11873"}],"version-history":[{"count":2,"href":"https:\/\/www.amper-aufsperrdienst.de\/en\/wp-json\/wp\/v2\/pages\/11873\/revisions"}],"predecessor-version":[{"id":12317,"href":"https:\/\/www.amper-aufsperrdienst.de\/en\/wp-json\/wp\/v2\/pages\/11873\/revisions\/12317"}],"wp:featuredmedia":[{"embeddable":true,"href":"https:\/\/www.amper-aufsperrdienst.de\/en\/wp-json\/wp\/v2\/media\/11709"}],"wp:attachment":[{"href":"https:\/\/www.amper-aufsperrdienst.de\/en\/wp-json\/wp\/v2\/media?parent=11873"}],"curies":[{"name":"wp","href":"https:\/\/api.w.org\/{rel}","templated":true}]}}