{"id":11878,"date":"2017-12-02T06:10:40","date_gmt":"2017-12-02T04:10:40","guid":{"rendered":"https:\/\/www.amper-aufsperrdienst.de\/schlusseldienst-pocking\/"},"modified":"2026-01-28T05:25:27","modified_gmt":"2026-01-28T03:25:27","slug":"locksmith-pocking","status":"publish","type":"page","link":"https:\/\/www.amper-aufsperrdienst.de\/en\/locksmith-pocking\/","title":{"rendered":"Locksmith P\u00f6cking"},"content":{"rendered":"<p><img loading=\"lazy\" decoding=\"async\" class=\"alignleft\" style=\"margin-bottom: 5px !important;\" src=\"https:\/\/www.amper-aufsperrdienst.de\/wp-content\/uploads\/2021\/03\/schluesseldienst-poecking-festpreis-ab-52-siegel.jpg\" alt=\"Amper Locksmith Opening Service poecking with fixed price from 52,- EUR\" width=\"250\" height=\"250\" \/><\/p>\n<p>Your keys are in your house or villa, but you are standing outside your front door? Locking yourself out can happen quickly. However, professional help can also arrive very quickly. The Amper Unlocking Service has been unlocking front doors without damage for three generations and is happy to work for a fixed, affordable price. Call us and tell us about your emergency! We will then let you know which fixed price we would charge. As a locksmith in P\u00f6cking, we are available at all times and will come to you immediately after your request. Our average travel time is no longer than about half an hour.<\/p>\n          <!-- tarif -->\n<h2><b><span style=\"vertical-align: inherit;\"><span style=\"vertical-align: inherit;\">Our binding fixed prices start from \u20ac52.<\/span><\/span><\/b><\/h2>\n<p>Amper Locksmith Service is a fair locksmith service with transparent fixed prices:<\/p>\n<div class=\"table-title\">\n\tPRICE LIST  UNLOCK\n<\/div>\n<!-- Table part-->\n<table class=\"table\">\n  <thead class=\"header\">\n\t  <tr>\n     \t <th scope=\"col\">Time<\/th>\n     \t <th scope=\"col\">8 - 18<\/th>\n     \t <th scope=\"col\">18 - 22<\/th>\n     \t <th scope=\"col\">22 - 8<\/th>\n\t<\/tr>\n  <\/thead>\n  <tbody>\n     \t  <tr class=\"weekdays\">\n     \t  \t  <td class=\"tag\" data-label=\"Time\">Mo - Fr<\/td>\n     \t  \t  <td class=\"hrs tag\" data-label=\"8 - 18\">52,- \u20ac<\/td>\n     \t  \t  <td class=\"tag space\" data-label=\"18 - 22\">82,- \u20ac<\/td>\n     \t  \t  <td data-label=\"22 - 8\">95,- \u20ac<\/td>\n     \t  <\/tr>\n     <tr class=\"weekends\">\n     \t  \t  <td class=\"tag\" data-label=\"Time\">Sa<\/td>\n     \t  \t  <td class=\"tag\" data-label=\"8 - 18\">95,- \u20ac<\/td>\n     \t  \t  <td class=\"tag\" data-label=\"18 - 22\">95,- \u20ac<\/td>\n     \t  \t  <td data-label=\"22 - 8\">125,- \u20ac<\/td>\n     \t  <\/tr>\n     <tr class=\"holidays\">\n     \t  \t  <td class=\"tag\" data-label=\"Time\">So & holiday<\/td>\n     \t  \t  <td class=\"tag\" data-label=\"8 - 18\">125,- \u20ac<\/td>\n     \t  \t  <td class=\"tag\" data-label=\"18 - 22\">125,-\u20ac<\/td>\n     \t  \t  <td data-label=\"22 - 8\">125,-\u20ac<\/td>\n     \t  <\/tr>\n     <\/tbody>\n<\/table>\n<!-- Table Description-->\n<div class=\"table-description\">\n\t<em>Please call to inquire about travel costs.<\/em>\n<\/div>\n<!-- Wordings below -->\n<div class=\"wordings\">\n<p>The prices listed in this table are binding for unlocking a door that has slammed shut or been pulled shut (without self-locking mechanisms). Please feel free to contact us if you would like a price quote for other locksmith services. We will gladly provide you with a transparent, fixed-price offer.<\/p>\n<\/div>\n\n<!-- END Wordings -->\n\n\n\n<div class=\"ansprech\">Experienced locksmith service P\u00f6cking with friendly staff and fixed price guarantee<br \/>\n<h3 class=\"phone mobilesOnly\"><a href=\"tel:+498000131131\">0800 \/ 0 131 131<\/a><\/h3><h3 class=\"phone desktopOnly\"><a href=\"tel:+498000131131\">0800 \/ 0 131 131<\/a><\/h3>Fast, fair, and available anytime!<\/div>\n<h2>The municipality of P\u00f6cking in the district of Starnberg<\/h2>\n<p><span style=\"color: revert; font-size: revert; font-weight: revert;\">The municipality of P\u00f6cking belongs to the district of Starnberg and is located directly on Lake Starnberg. It is home to around 5,800 residents and covers an area of just under 21 square kilometers. The two postal codes of the municipality are 82343 and 82319, and the two area codes are 08157 and 08151.<\/p>\n<p>P\u00f6cking is made up of six districts in total. These are called Aschering, Maising, Niederp\u00f6cking, Seewiesen, P\u00f6cking, and Possenhofen. The Bavarian state capital, Munich, is about 25 kilometers away. Starnberg is only four kilometers from the municipality.Schl\u00fcsseldienst P\u00f6cking: Festpreis-Garantie f\u00fcr T\u00fcr\u00f6ffnung ohne Sch\u00e4den<\/span><\/p>\n<p>Do you urgently need a reliable unlocking service in P\u00f6cking or one of the above-mentioned districts, one that specializes in damage-free door openings and also provides a guarantee for its fixed prices? In this case, you are exactly in the right place with us. For already three generations, the Amper Unlocking Service has been professionally unlocking all types of front doors and is happy to give you a firm fixed-price offer right when you call our free emergency number. We clearly distance ourselves from all the bad apples in the locksmith industry. We certainly do not work with hidden fees, but always adhere to our fixed price\u2014no ifs or buts!<\/p>\n<h2>Proof of authorization for door unlocking in P\u00f6cking<\/h2>\n<p>A fair and transparent approach as a traditional locksmith service in P\u00f6cking, now in its 3rd generation, is very important to us. However, it is also important to us to be professional in all areas of our work. We only unlock closed or locked doors without damage if a clear proof of authorization for opening the door can be provided. If you cannot provide this in a convincing manner, we must ask the police to be present during the unlocking. Please understand this procedure! However, we want to avoid assisting thieves in any way in gaining access to someone else&#8217;s property through our service!<\/p>\n<h2>At your service every day of the year!<\/h2>\n<p>The Amper Locksmith Service is a genuine emergency locksmith and is therefore not bound by regular opening hours, but works around the clock, every day of the year. Have you locked yourself out on Good Friday or even on Christmas? Please don&#8217;t bury your head in the sand! Also, don&#8217;t try to force your door open yourself! The Amper Locksmith Service is happy to help you out of a jam &#8211; without damage and at a fair fixed price!<\/p>\n<p>Are you currently looking for a professional, competent, and affordable locksmith in P\u00f6cking? We&#8217;re happy to help! Just give us a free call &#8211; no matter what day or what time!<\/p>\n<div class=\"ansprech\">Experienced locksmith service in P\u00f6cking with friendly staff and fixed-price guarantee<br \/>\n<h3 class=\"phone mobilesOnly\"><a href=\"tel:+498000131131\">0800 \/ 0 131 131<\/a><\/h3><h3 class=\"phone desktopOnly\"><a href=\"tel:+498000131131\">0800 \/ 0 131 131<\/a><\/h3>Fast, fair, and available at any time!<\/div>\n","protected":false},"excerpt":{"rendered":"<p>Your keys are in your house or villa, but you are standing outside your front door? Locking yourself out can happen quickly. However, professional help can also arrive very quickly. The Amper Unlocking Service has been unlocking front doors without damage for three generations and is happy to work for a fixed, affordable price. Call [&hellip;]<\/p>\n","protected":false},"author":2,"featured_media":11802,"parent":0,"menu_order":0,"comment_status":"closed","ping_status":"closed","template":"","meta":{"footnotes":"","_links_to":"","_links_to_target":""},"class_list":["post-11878","page","type-page","status-publish","has-post-thumbnail","hentry"],"yoast_head":"<!-- This site is optimized with the Yoast SEO plugin v27.4 - https:\/\/yoast.com\/product\/yoast-seo-wordpress\/ -->\n<title>Locksmith P\u00f6cking: fixed price from 52 EUR<\/title>\n<meta name=\"description\" content=\"Fast locksmith service in P\u00f6cking with friendly staff: damage-free door opening at a fixed price, free phone number &amp; 24-hour availability!\" \/>\n<meta name=\"robots\" content=\"index, follow, max-snippet:-1, max-image-preview:large, max-video-preview:-1\" \/>\n<link rel=\"canonical\" href=\"https:\/\/www.amper-aufsperrdienst.de\/en\/locksmith-pocking\/\" \/>\n<meta property=\"og:locale\" content=\"en_US\" \/>\n<meta property=\"og:type\" content=\"article\" \/>\n<meta property=\"og:title\" content=\"Locksmith P\u00f6cking: fixed price from 52 EUR\" \/>\n<meta property=\"og:description\" content=\"Fast locksmith service in P\u00f6cking with friendly staff: damage-free door opening at a fixed price, free phone number &amp; 24-hour availability!\" \/>\n<meta property=\"og:url\" content=\"https:\/\/www.amper-aufsperrdienst.de\/en\/locksmith-pocking\/\" \/>\n<meta property=\"og:site_name\" content=\"Locksmith for Munich, Dachau and F\u00fcrstenfeldbruck\" \/>\n<meta property=\"article:modified_time\" content=\"2026-01-28T03:25:27+00:00\" \/>\n<meta property=\"og:image\" content=\"https:\/\/www.amper-aufsperrdienst.de\/wp-content\/uploads\/2014\/12\/header-starnberg.jpg\" \/>\n\t<meta property=\"og:image:width\" content=\"960\" \/>\n\t<meta property=\"og:image:height\" content=\"360\" \/>\n\t<meta property=\"og:image:type\" content=\"image\/jpeg\" \/>\n<meta name=\"twitter:label1\" content=\"Est. reading time\" \/>\n\t<meta name=\"twitter:data1\" content=\"4 minutes\" \/>\n<script type=\"application\/ld+json\" class=\"yoast-schema-graph\">{\"@context\":\"https:\\\/\\\/schema.org\",\"@graph\":[{\"@type\":\"WebPage\",\"@id\":\"https:\\\/\\\/www.amper-aufsperrdienst.de\\\/en\\\/locksmith-pocking\\\/\",\"url\":\"https:\\\/\\\/www.amper-aufsperrdienst.de\\\/en\\\/locksmith-pocking\\\/\",\"name\":\"Locksmith P\u00f6cking: fixed price from 52 EUR\",\"isPartOf\":{\"@id\":\"https:\\\/\\\/www.amper-aufsperrdienst.de\\\/en\\\/#website\"},\"primaryImageOfPage\":{\"@id\":\"https:\\\/\\\/www.amper-aufsperrdienst.de\\\/en\\\/locksmith-pocking\\\/#primaryimage\"},\"image\":{\"@id\":\"https:\\\/\\\/www.amper-aufsperrdienst.de\\\/en\\\/locksmith-pocking\\\/#primaryimage\"},\"thumbnailUrl\":\"https:\\\/\\\/www.amper-aufsperrdienst.de\\\/wp-content\\\/uploads\\\/2014\\\/12\\\/header-starnberg.jpg\",\"datePublished\":\"2017-12-02T04:10:40+00:00\",\"dateModified\":\"2026-01-28T03:25:27+00:00\",\"description\":\"Fast locksmith service in P\u00f6cking with friendly staff: damage-free door opening at a fixed price, free phone number & 24-hour availability!\",\"breadcrumb\":{\"@id\":\"https:\\\/\\\/www.amper-aufsperrdienst.de\\\/en\\\/locksmith-pocking\\\/#breadcrumb\"},\"inLanguage\":\"en-US\",\"potentialAction\":[{\"@type\":\"ReadAction\",\"target\":[\"https:\\\/\\\/www.amper-aufsperrdienst.de\\\/en\\\/locksmith-pocking\\\/\"]}]},{\"@type\":\"ImageObject\",\"inLanguage\":\"en-US\",\"@id\":\"https:\\\/\\\/www.amper-aufsperrdienst.de\\\/en\\\/locksmith-pocking\\\/#primaryimage\",\"url\":\"https:\\\/\\\/www.amper-aufsperrdienst.de\\\/wp-content\\\/uploads\\\/2014\\\/12\\\/header-starnberg.jpg\",\"contentUrl\":\"https:\\\/\\\/www.amper-aufsperrdienst.de\\\/wp-content\\\/uploads\\\/2014\\\/12\\\/header-starnberg.jpg\",\"width\":960,\"height\":360,\"caption\":\"Schl\u00fcsseldienst f\u00fcr Krailling \u2013 Schnelle T\u00fcr\u00f6ffnung im W\u00fcrmtal \u2013 Einbruchschutz-Experten vom Amper Aufsperrdienst\"},{\"@type\":\"BreadcrumbList\",\"@id\":\"https:\\\/\\\/www.amper-aufsperrdienst.de\\\/en\\\/locksmith-pocking\\\/#breadcrumb\",\"itemListElement\":[{\"@type\":\"ListItem\",\"position\":1,\"name\":\"Home\",\"item\":\"https:\\\/\\\/www.amper-aufsperrdienst.de\\\/en\\\/\"},{\"@type\":\"ListItem\",\"position\":2,\"name\":\"Locksmith P\u00f6cking\"}]},{\"@type\":\"WebSite\",\"@id\":\"https:\\\/\\\/www.amper-aufsperrdienst.de\\\/en\\\/#website\",\"url\":\"https:\\\/\\\/www.amper-aufsperrdienst.de\\\/en\\\/\",\"name\":\"Locksmith for Munich, Dachau and F\u00fcrstenfeldbruck\",\"description\":\"Amper Aufsperrdienst\",\"potentialAction\":[{\"@type\":\"SearchAction\",\"target\":{\"@type\":\"EntryPoint\",\"urlTemplate\":\"https:\\\/\\\/www.amper-aufsperrdienst.de\\\/en\\\/?s={search_term_string}\"},\"query-input\":{\"@type\":\"PropertyValueSpecification\",\"valueRequired\":true,\"valueName\":\"search_term_string\"}}],\"inLanguage\":\"en-US\"}]}<\/script>\n<!-- \/ Yoast SEO plugin. -->","yoast_head_json":{"title":"Locksmith P\u00f6cking: fixed price from 52 EUR","description":"Fast locksmith service in P\u00f6cking with friendly staff: damage-free door opening at a fixed price, free phone number & 24-hour availability!","robots":{"index":"index","follow":"follow","max-snippet":"max-snippet:-1","max-image-preview":"max-image-preview:large","max-video-preview":"max-video-preview:-1"},"canonical":"https:\/\/www.amper-aufsperrdienst.de\/en\/locksmith-pocking\/","og_locale":"en_US","og_type":"article","og_title":"Locksmith P\u00f6cking: fixed price from 52 EUR","og_description":"Fast locksmith service in P\u00f6cking with friendly staff: damage-free door opening at a fixed price, free phone number & 24-hour availability!","og_url":"https:\/\/www.amper-aufsperrdienst.de\/en\/locksmith-pocking\/","og_site_name":"Locksmith for Munich, Dachau and F\u00fcrstenfeldbruck","article_modified_time":"2026-01-28T03:25:27+00:00","og_image":[{"width":960,"height":360,"url":"https:\/\/www.amper-aufsperrdienst.de\/wp-content\/uploads\/2014\/12\/header-starnberg.jpg","type":"image\/jpeg"}],"twitter_misc":{"Est. reading time":"4 minutes"},"schema":{"@context":"https:\/\/schema.org","@graph":[{"@type":"WebPage","@id":"https:\/\/www.amper-aufsperrdienst.de\/en\/locksmith-pocking\/","url":"https:\/\/www.amper-aufsperrdienst.de\/en\/locksmith-pocking\/","name":"Locksmith P\u00f6cking: fixed price from 52 EUR","isPartOf":{"@id":"https:\/\/www.amper-aufsperrdienst.de\/en\/#website"},"primaryImageOfPage":{"@id":"https:\/\/www.amper-aufsperrdienst.de\/en\/locksmith-pocking\/#primaryimage"},"image":{"@id":"https:\/\/www.amper-aufsperrdienst.de\/en\/locksmith-pocking\/#primaryimage"},"thumbnailUrl":"https:\/\/www.amper-aufsperrdienst.de\/wp-content\/uploads\/2014\/12\/header-starnberg.jpg","datePublished":"2017-12-02T04:10:40+00:00","dateModified":"2026-01-28T03:25:27+00:00","description":"Fast locksmith service in P\u00f6cking with friendly staff: damage-free door opening at a fixed price, free phone number & 24-hour availability!","breadcrumb":{"@id":"https:\/\/www.amper-aufsperrdienst.de\/en\/locksmith-pocking\/#breadcrumb"},"inLanguage":"en-US","potentialAction":[{"@type":"ReadAction","target":["https:\/\/www.amper-aufsperrdienst.de\/en\/locksmith-pocking\/"]}]},{"@type":"ImageObject","inLanguage":"en-US","@id":"https:\/\/www.amper-aufsperrdienst.de\/en\/locksmith-pocking\/#primaryimage","url":"https:\/\/www.amper-aufsperrdienst.de\/wp-content\/uploads\/2014\/12\/header-starnberg.jpg","contentUrl":"https:\/\/www.amper-aufsperrdienst.de\/wp-content\/uploads\/2014\/12\/header-starnberg.jpg","width":960,"height":360,"caption":"Schl\u00fcsseldienst f\u00fcr Krailling \u2013 Schnelle T\u00fcr\u00f6ffnung im W\u00fcrmtal \u2013 Einbruchschutz-Experten vom Amper Aufsperrdienst"},{"@type":"BreadcrumbList","@id":"https:\/\/www.amper-aufsperrdienst.de\/en\/locksmith-pocking\/#breadcrumb","itemListElement":[{"@type":"ListItem","position":1,"name":"Home","item":"https:\/\/www.amper-aufsperrdienst.de\/en\/"},{"@type":"ListItem","position":2,"name":"Locksmith P\u00f6cking"}]},{"@type":"WebSite","@id":"https:\/\/www.amper-aufsperrdienst.de\/en\/#website","url":"https:\/\/www.amper-aufsperrdienst.de\/en\/","name":"Locksmith for Munich, Dachau and F\u00fcrstenfeldbruck","description":"Amper Aufsperrdienst","potentialAction":[{"@type":"SearchAction","target":{"@type":"EntryPoint","urlTemplate":"https:\/\/www.amper-aufsperrdienst.de\/en\/?s={search_term_string}"},"query-input":{"@type":"PropertyValueSpecification","valueRequired":true,"valueName":"search_term_string"}}],"inLanguage":"en-US"}]}},"_links":{"self":[{"href":"https:\/\/www.amper-aufsperrdienst.de\/en\/wp-json\/wp\/v2\/pages\/11878","targetHints":{"allow":["GET"]}}],"collection":[{"href":"https:\/\/www.amper-aufsperrdienst.de\/en\/wp-json\/wp\/v2\/pages"}],"about":[{"href":"https:\/\/www.amper-aufsperrdienst.de\/en\/wp-json\/wp\/v2\/types\/page"}],"author":[{"embeddable":true,"href":"https:\/\/www.amper-aufsperrdienst.de\/en\/wp-json\/wp\/v2\/users\/2"}],"replies":[{"embeddable":true,"href":"https:\/\/www.amper-aufsperrdienst.de\/en\/wp-json\/wp\/v2\/comments?post=11878"}],"version-history":[{"count":1,"href":"https:\/\/www.amper-aufsperrdienst.de\/en\/wp-json\/wp\/v2\/pages\/11878\/revisions"}],"predecessor-version":[{"id":11892,"href":"https:\/\/www.amper-aufsperrdienst.de\/en\/wp-json\/wp\/v2\/pages\/11878\/revisions\/11892"}],"wp:featuredmedia":[{"embeddable":true,"href":"https:\/\/www.amper-aufsperrdienst.de\/en\/wp-json\/wp\/v2\/media\/11802"}],"wp:attachment":[{"href":"https:\/\/www.amper-aufsperrdienst.de\/en\/wp-json\/wp\/v2\/media?parent=11878"}],"curies":[{"name":"wp","href":"https:\/\/api.w.org\/{rel}","templated":true}]}}