{"id":11884,"date":"2018-02-28T05:39:58","date_gmt":"2018-02-28T03:39:58","guid":{"rendered":"https:\/\/www.amper-aufsperrdienst.de\/locksmith-munich-habsburgerplatz\/"},"modified":"2026-02-11T07:43:25","modified_gmt":"2026-02-11T05:43:25","slug":"locksmith-munich-habsburgerplatz","status":"publish","type":"page","link":"https:\/\/www.amper-aufsperrdienst.de\/en\/locksmith-munich-habsburgerplatz\/","title":{"rendered":"Locksmith Munich Habsburgerplatz"},"content":{"rendered":"<p><img loading=\"lazy\" decoding=\"async\" class=\"alignleft\" style=\"margin-bottom: 5px !important;\" src=\"https:\/\/www.amper-aufsperrdienst.de\/wp-content\/uploads\/2021\/03\/schluesseldienst-muenchen-habsburgerplatz-festpreis-ab-52-siegel.jpg\" alt=\"Amper Locksmith Opening Service muenchen-habsburgerplatz with fixed price from 52,- EUR\" width=\"250\" height=\"250\" \/>Do you live right on or near Habsburgerplatz in Munich and just want to relax in your apartment after a long, tiring day? Have you discovered you&#8217;ve lost your key? Don&#8217;t panic! Mario Pichelmaier and his team are available 24\/7 and will open your door as quickly and damage-free as possible. Our fixed prices are fair and can be quoted over the phone upon request. Call us anytime, free of charge, and let us provide you with a professional, damage-free door opening service! It doesn&#8217;t matter if it&#8217;s a weekday, weekend, or holiday!<\/p>\n<h2>Habsburg Square in the Munich district of Schwabing<\/h2>\n<div id=\"attachment_10300\" style=\"width: 610px\" class=\"wp-caption alignleft\"><img loading=\"lazy\" decoding=\"async\" aria-describedby=\"caption-attachment-10300\" class=\"size-full wp-image-10300\" src=\"https:\/\/www.amper-aufsperrdienst.de\/wp-content\/uploads\/2024\/03\/kindlbrunnen-habsburgerplatz.webp\" alt=\"Kindlbrunnen fountain at Habsburgerplatz in Munich-Schwabing\" width=\"600\" height=\"450\" srcset=\"https:\/\/www.amper-aufsperrdienst.de\/wp-content\/uploads\/2024\/03\/kindlbrunnen-habsburgerplatz.webp 600w, https:\/\/www.amper-aufsperrdienst.de\/wp-content\/uploads\/2024\/03\/kindlbrunnen-habsburgerplatz-300x225.webp 300w, https:\/\/www.amper-aufsperrdienst.de\/wp-content\/uploads\/2024\/03\/kindlbrunnen-habsburgerplatz-480x360.webp 480w, https:\/\/www.amper-aufsperrdienst.de\/wp-content\/uploads\/2024\/03\/kindlbrunnen-habsburgerplatz-146x110.webp 146w\" sizes=\"auto, (max-width: 600px) 100vw, 600px\" \/><p id=\"caption-attachment-10300\" class=\"wp-caption-text\">&#8220;Children&#8217;s Fountain with Dog&#8221; by the sculptor Martin Hiller at Habsburg Square<\/p><\/div>\n<p>Habsburgerplatz is located in the Schwabing district of Munich and its origins lie in the open space regulations of the 19th century. At that time, five percent of any building site had to be made available to the public. Today, Habsburgerplatz is bordered by Ainmillerstra\u00dfe, Franz-Joseph-Stra\u00dfe, and Friedrichstra\u00dfe. Its elongated shape gives it a distinctive geometric form. The square is also characterized by its many chestnut trees and the grassy area between them.<\/p>\n<p>In spring, the flowerbed transforms into a carpet of blossoms thanks to numerous flower bulbs, inviting visitors to relax and enjoy the view. The chestnut trees provide welcome shade, especially in summer. Nearby are the Kindlbrunnen fountain by Anton Hiller and the monument to Muhammad Iqbal, a Pakistani poet.<\/p>\n          <!-- tarif -->\n<h2><b><span style=\"vertical-align: inherit;\"><span style=\"vertical-align: inherit;\">Our binding fixed prices start from \u20ac52.<\/span><\/span><\/b><\/h2>\n<p>Amper Locksmith Service is a fair locksmith service with transparent fixed prices:<\/p>\n<div class=\"table-title\">\n\tPRICE LIST  UNLOCK\n<\/div>\n<!-- Table part-->\n<table class=\"table\">\n  <thead class=\"header\">\n\t  <tr>\n     \t <th scope=\"col\">Time<\/th>\n     \t <th scope=\"col\">8 - 18<\/th>\n     \t <th scope=\"col\">18 - 22<\/th>\n     \t <th scope=\"col\">22 - 8<\/th>\n\t<\/tr>\n  <\/thead>\n  <tbody>\n     \t  <tr class=\"weekdays\">\n     \t  \t  <td class=\"tag\" data-label=\"Time\">Mo - Fr<\/td>\n     \t  \t  <td class=\"hrs tag\" data-label=\"8 - 18\">52,- \u20ac<\/td>\n     \t  \t  <td class=\"tag space\" data-label=\"18 - 22\">82,- \u20ac<\/td>\n     \t  \t  <td data-label=\"22 - 8\">95,- \u20ac<\/td>\n     \t  <\/tr>\n     <tr class=\"weekends\">\n     \t  \t  <td class=\"tag\" data-label=\"Time\">Sa<\/td>\n     \t  \t  <td class=\"tag\" data-label=\"8 - 18\">95,- \u20ac<\/td>\n     \t  \t  <td class=\"tag\" data-label=\"18 - 22\">95,- \u20ac<\/td>\n     \t  \t  <td data-label=\"22 - 8\">125,- \u20ac<\/td>\n     \t  <\/tr>\n     <tr class=\"holidays\">\n     \t  \t  <td class=\"tag\" data-label=\"Time\">So & holiday<\/td>\n     \t  \t  <td class=\"tag\" data-label=\"8 - 18\">125,- \u20ac<\/td>\n     \t  \t  <td class=\"tag\" data-label=\"18 - 22\">125,-\u20ac<\/td>\n     \t  \t  <td data-label=\"22 - 8\">125,-\u20ac<\/td>\n     \t  <\/tr>\n     <\/tbody>\n<\/table>\n<!-- Table Description-->\n<div class=\"table-description\">\n\t<em>Please call to inquire about travel costs.<\/em>\n<\/div>\n<!-- Wordings below -->\n<div class=\"wordings\">\n<p>The prices listed in this table are binding for unlocking a door that has slammed shut or been pulled shut (without self-locking mechanisms). Please feel free to contact us if you would like a price quote for other locksmith services. We will gladly provide you with a transparent, fixed-price offer.<\/p>\n<\/div>\n\n<!-- END Wordings -->\n\n\n\n<div class=\"ansprech\">Locksmith Munich Habsburgerplatz with free 24-hour emergency hotline<br \/>\n<h3 class=\"phone mobilesOnly\"><a href=\"tel:+498000131131\">0800 \/ 0 131 131<\/a><\/h3><h3 class=\"phone desktopOnly\"><a href=\"tel:+498000131131\">0800 \/ 0 131 131<\/a><\/h3>Fair fixed prices, friendly staff and fast 24-hour service<\/div>\n<h2>Locksmith Munich Habsburgerplatz: There for you whenever you need us<\/h2>\n<p>Many shell companies and letterbox firms in the locksmith industry generate negative headlines. These disreputable companies exploit the distress of others and sometimes demand unimaginably high sums for a standard door opening. Not so with our locksmith service in Munich Habsburgerplatz. We arrive at your location in no time and perform a fast door opening at a fair, fixed price.<\/p>\n<p>As a 24\/7 locksmith service, it goes without saying that you can reach us around the clock, not only during the week, but also on weekends and holidays. Our professional and friendly staff can tell you our fixed prices over the phone if you describe your situation. This ensures you receive not only an affordable, but also a fast door opening service. There are no hidden costs or surcharges with us, as you can rely on our fixed-price guarantee. And of course, our phone number is free for you.<\/p>\n<h2>Damage-Free Door Opening: Your Experienced and Established Locksmith Service<\/h2>\n<p>The Amper Locksmith Service team, led by Mario Pichelmaier, has been operating as a professional locksmith for many years. Therefore, we can almost always open your door without causing any damage. For doors that are simply locked shut, we achieve a success rate of over 99%. For your quick door opening at Habsburgerplatz in Munich, we naturally use only specialized tools. Our locksmith service in Munich&#8217;s Habsburgerplatz district is also happy to advise you on security technology.<\/p>\n<div class=\"ansprech\">Locksmith Munich Habsburgerplatz with free 24-hour emergency hotline<br \/>\n<h3 class=\"phone mobilesOnly\"><a href=\"tel:+498000131131\">0800 \/ 0 131 131<\/a><\/h3><h3 class=\"phone desktopOnly\"><a href=\"tel:+498000131131\">0800 \/ 0 131 131<\/a><\/h3>Fair fixed prices, friendly staff and fast 24-hour service<\/div>\n","protected":false},"excerpt":{"rendered":"<p>Do you live right on or near Habsburgerplatz in Munich and just want to relax in your apartment after a long, tiring day? Have you discovered you&#8217;ve lost your key? Don&#8217;t panic! Mario Pichelmaier and his team are available 24\/7 and will open your door as quickly and damage-free as possible. Our fixed prices are [&hellip;]<\/p>\n","protected":false},"author":2,"featured_media":11881,"parent":0,"menu_order":0,"comment_status":"closed","ping_status":"closed","template":"","meta":{"footnotes":"","_links_to":"","_links_to_target":""},"class_list":["post-11884","page","type-page","status-publish","has-post-thumbnail","hentry"],"yoast_head":"<!-- This site is optimized with the Yoast SEO plugin v27.4 - https:\/\/yoast.com\/product\/yoast-seo-wordpress\/ -->\n<title>Locksmith Munich Habsburgerplatz: from \u20ac52,- fixed price<\/title>\n<meta name=\"description\" content=\"Professional locksmith service in Munich&#039;s Habsburgerplatz district with friendly locksmiths, fast 24-hour emergency service &amp; free phone number: Do you need a reliable door opening without damage? We are happy to help and will unlock your locked or jammed door for a fair fixed price! Also available on Sundays and public holidays!\" \/>\n<meta name=\"robots\" content=\"index, follow, max-snippet:-1, max-image-preview:large, max-video-preview:-1\" \/>\n<link rel=\"canonical\" href=\"https:\/\/www.amper-aufsperrdienst.de\/en\/locksmith-munich-habsburgerplatz\/\" \/>\n<meta property=\"og:locale\" content=\"en_US\" \/>\n<meta property=\"og:type\" content=\"article\" \/>\n<meta property=\"og:title\" content=\"Locksmith Munich Habsburgerplatz: from \u20ac52,- fixed price\" \/>\n<meta property=\"og:description\" content=\"Professional locksmith service in Munich&#039;s Habsburgerplatz district with friendly locksmiths, fast 24-hour emergency service &amp; free phone number: Do you need a reliable door opening without damage? We are happy to help and will unlock your locked or jammed door for a fair fixed price! Also available on Sundays and public holidays!\" \/>\n<meta property=\"og:url\" content=\"https:\/\/www.amper-aufsperrdienst.de\/en\/locksmith-munich-habsburgerplatz\/\" \/>\n<meta property=\"og:site_name\" content=\"Locksmith for Munich, Dachau and F\u00fcrstenfeldbruck\" \/>\n<meta property=\"article:modified_time\" content=\"2026-02-11T05:43:25+00:00\" \/>\n<meta property=\"og:image\" content=\"https:\/\/www.amper-aufsperrdienst.de\/wp-content\/uploads\/2024\/03\/habsburgerplatz-muenchen_header_img.webp\" \/>\n\t<meta property=\"og:image:width\" content=\"960\" \/>\n\t<meta property=\"og:image:height\" content=\"360\" \/>\n\t<meta property=\"og:image:type\" content=\"image\/webp\" \/>\n<meta name=\"twitter:label1\" content=\"Est. reading time\" \/>\n\t<meta name=\"twitter:data1\" content=\"4 minutes\" \/>\n<script type=\"application\/ld+json\" class=\"yoast-schema-graph\">{\"@context\":\"https:\\\/\\\/schema.org\",\"@graph\":[{\"@type\":\"WebPage\",\"@id\":\"https:\\\/\\\/www.amper-aufsperrdienst.de\\\/en\\\/locksmith-munich-habsburgerplatz\\\/\",\"url\":\"https:\\\/\\\/www.amper-aufsperrdienst.de\\\/en\\\/locksmith-munich-habsburgerplatz\\\/\",\"name\":\"Locksmith Munich Habsburgerplatz: from \u20ac52,- fixed price\",\"isPartOf\":{\"@id\":\"https:\\\/\\\/www.amper-aufsperrdienst.de\\\/en\\\/#website\"},\"primaryImageOfPage\":{\"@id\":\"https:\\\/\\\/www.amper-aufsperrdienst.de\\\/en\\\/locksmith-munich-habsburgerplatz\\\/#primaryimage\"},\"image\":{\"@id\":\"https:\\\/\\\/www.amper-aufsperrdienst.de\\\/en\\\/locksmith-munich-habsburgerplatz\\\/#primaryimage\"},\"thumbnailUrl\":\"https:\\\/\\\/www.amper-aufsperrdienst.de\\\/wp-content\\\/uploads\\\/2024\\\/03\\\/habsburgerplatz-muenchen_header_img.webp\",\"datePublished\":\"2018-02-28T03:39:58+00:00\",\"dateModified\":\"2026-02-11T05:43:25+00:00\",\"description\":\"Professional locksmith service in Munich's Habsburgerplatz district with friendly locksmiths, fast 24-hour emergency service & free phone number: Do you need a reliable door opening without damage? We are happy to help and will unlock your locked or jammed door for a fair fixed price! Also available on Sundays and public holidays!\",\"breadcrumb\":{\"@id\":\"https:\\\/\\\/www.amper-aufsperrdienst.de\\\/en\\\/locksmith-munich-habsburgerplatz\\\/#breadcrumb\"},\"inLanguage\":\"en-US\",\"potentialAction\":[{\"@type\":\"ReadAction\",\"target\":[\"https:\\\/\\\/www.amper-aufsperrdienst.de\\\/en\\\/locksmith-munich-habsburgerplatz\\\/\"]}]},{\"@type\":\"ImageObject\",\"inLanguage\":\"en-US\",\"@id\":\"https:\\\/\\\/www.amper-aufsperrdienst.de\\\/en\\\/locksmith-munich-habsburgerplatz\\\/#primaryimage\",\"url\":\"https:\\\/\\\/www.amper-aufsperrdienst.de\\\/wp-content\\\/uploads\\\/2024\\\/03\\\/habsburgerplatz-muenchen_header_img.webp\",\"contentUrl\":\"https:\\\/\\\/www.amper-aufsperrdienst.de\\\/wp-content\\\/uploads\\\/2024\\\/03\\\/habsburgerplatz-muenchen_header_img.webp\",\"width\":960,\"height\":360,\"caption\":\"Schl\u00fcsseldienst f\u00fcr Habsburgerplatz in M\u00fcnchen-Schwabing \u2013 T\u00fcr\u00f6ffnung als Dienstleistung in dritter Generation \u2013 traditionsreicher Handwerksbetrieb\"},{\"@type\":\"BreadcrumbList\",\"@id\":\"https:\\\/\\\/www.amper-aufsperrdienst.de\\\/en\\\/locksmith-munich-habsburgerplatz\\\/#breadcrumb\",\"itemListElement\":[{\"@type\":\"ListItem\",\"position\":1,\"name\":\"Home\",\"item\":\"https:\\\/\\\/www.amper-aufsperrdienst.de\\\/en\\\/\"},{\"@type\":\"ListItem\",\"position\":2,\"name\":\"Locksmith Munich Habsburgerplatz\"}]},{\"@type\":\"WebSite\",\"@id\":\"https:\\\/\\\/www.amper-aufsperrdienst.de\\\/en\\\/#website\",\"url\":\"https:\\\/\\\/www.amper-aufsperrdienst.de\\\/en\\\/\",\"name\":\"Locksmith for Munich, Dachau and F\u00fcrstenfeldbruck\",\"description\":\"Amper Aufsperrdienst\",\"potentialAction\":[{\"@type\":\"SearchAction\",\"target\":{\"@type\":\"EntryPoint\",\"urlTemplate\":\"https:\\\/\\\/www.amper-aufsperrdienst.de\\\/en\\\/?s={search_term_string}\"},\"query-input\":{\"@type\":\"PropertyValueSpecification\",\"valueRequired\":true,\"valueName\":\"search_term_string\"}}],\"inLanguage\":\"en-US\"}]}<\/script>\n<!-- \/ Yoast SEO plugin. -->","yoast_head_json":{"title":"Locksmith Munich Habsburgerplatz: from \u20ac52,- fixed price","description":"Professional locksmith service in Munich's Habsburgerplatz district with friendly locksmiths, fast 24-hour emergency service & free phone number: Do you need a reliable door opening without damage? We are happy to help and will unlock your locked or jammed door for a fair fixed price! Also available on Sundays and public holidays!","robots":{"index":"index","follow":"follow","max-snippet":"max-snippet:-1","max-image-preview":"max-image-preview:large","max-video-preview":"max-video-preview:-1"},"canonical":"https:\/\/www.amper-aufsperrdienst.de\/en\/locksmith-munich-habsburgerplatz\/","og_locale":"en_US","og_type":"article","og_title":"Locksmith Munich Habsburgerplatz: from \u20ac52,- fixed price","og_description":"Professional locksmith service in Munich's Habsburgerplatz district with friendly locksmiths, fast 24-hour emergency service & free phone number: Do you need a reliable door opening without damage? We are happy to help and will unlock your locked or jammed door for a fair fixed price! Also available on Sundays and public holidays!","og_url":"https:\/\/www.amper-aufsperrdienst.de\/en\/locksmith-munich-habsburgerplatz\/","og_site_name":"Locksmith for Munich, Dachau and F\u00fcrstenfeldbruck","article_modified_time":"2026-02-11T05:43:25+00:00","og_image":[{"width":960,"height":360,"url":"https:\/\/www.amper-aufsperrdienst.de\/wp-content\/uploads\/2024\/03\/habsburgerplatz-muenchen_header_img.webp","type":"image\/webp"}],"twitter_misc":{"Est. reading time":"4 minutes"},"schema":{"@context":"https:\/\/schema.org","@graph":[{"@type":"WebPage","@id":"https:\/\/www.amper-aufsperrdienst.de\/en\/locksmith-munich-habsburgerplatz\/","url":"https:\/\/www.amper-aufsperrdienst.de\/en\/locksmith-munich-habsburgerplatz\/","name":"Locksmith Munich Habsburgerplatz: from \u20ac52,- fixed price","isPartOf":{"@id":"https:\/\/www.amper-aufsperrdienst.de\/en\/#website"},"primaryImageOfPage":{"@id":"https:\/\/www.amper-aufsperrdienst.de\/en\/locksmith-munich-habsburgerplatz\/#primaryimage"},"image":{"@id":"https:\/\/www.amper-aufsperrdienst.de\/en\/locksmith-munich-habsburgerplatz\/#primaryimage"},"thumbnailUrl":"https:\/\/www.amper-aufsperrdienst.de\/wp-content\/uploads\/2024\/03\/habsburgerplatz-muenchen_header_img.webp","datePublished":"2018-02-28T03:39:58+00:00","dateModified":"2026-02-11T05:43:25+00:00","description":"Professional locksmith service in Munich's Habsburgerplatz district with friendly locksmiths, fast 24-hour emergency service & free phone number: Do you need a reliable door opening without damage? We are happy to help and will unlock your locked or jammed door for a fair fixed price! Also available on Sundays and public holidays!","breadcrumb":{"@id":"https:\/\/www.amper-aufsperrdienst.de\/en\/locksmith-munich-habsburgerplatz\/#breadcrumb"},"inLanguage":"en-US","potentialAction":[{"@type":"ReadAction","target":["https:\/\/www.amper-aufsperrdienst.de\/en\/locksmith-munich-habsburgerplatz\/"]}]},{"@type":"ImageObject","inLanguage":"en-US","@id":"https:\/\/www.amper-aufsperrdienst.de\/en\/locksmith-munich-habsburgerplatz\/#primaryimage","url":"https:\/\/www.amper-aufsperrdienst.de\/wp-content\/uploads\/2024\/03\/habsburgerplatz-muenchen_header_img.webp","contentUrl":"https:\/\/www.amper-aufsperrdienst.de\/wp-content\/uploads\/2024\/03\/habsburgerplatz-muenchen_header_img.webp","width":960,"height":360,"caption":"Schl\u00fcsseldienst f\u00fcr Habsburgerplatz in M\u00fcnchen-Schwabing \u2013 T\u00fcr\u00f6ffnung als Dienstleistung in dritter Generation \u2013 traditionsreicher Handwerksbetrieb"},{"@type":"BreadcrumbList","@id":"https:\/\/www.amper-aufsperrdienst.de\/en\/locksmith-munich-habsburgerplatz\/#breadcrumb","itemListElement":[{"@type":"ListItem","position":1,"name":"Home","item":"https:\/\/www.amper-aufsperrdienst.de\/en\/"},{"@type":"ListItem","position":2,"name":"Locksmith Munich Habsburgerplatz"}]},{"@type":"WebSite","@id":"https:\/\/www.amper-aufsperrdienst.de\/en\/#website","url":"https:\/\/www.amper-aufsperrdienst.de\/en\/","name":"Locksmith for Munich, Dachau and F\u00fcrstenfeldbruck","description":"Amper Aufsperrdienst","potentialAction":[{"@type":"SearchAction","target":{"@type":"EntryPoint","urlTemplate":"https:\/\/www.amper-aufsperrdienst.de\/en\/?s={search_term_string}"},"query-input":{"@type":"PropertyValueSpecification","valueRequired":true,"valueName":"search_term_string"}}],"inLanguage":"en-US"}]}},"_links":{"self":[{"href":"https:\/\/www.amper-aufsperrdienst.de\/en\/wp-json\/wp\/v2\/pages\/11884","targetHints":{"allow":["GET"]}}],"collection":[{"href":"https:\/\/www.amper-aufsperrdienst.de\/en\/wp-json\/wp\/v2\/pages"}],"about":[{"href":"https:\/\/www.amper-aufsperrdienst.de\/en\/wp-json\/wp\/v2\/types\/page"}],"author":[{"embeddable":true,"href":"https:\/\/www.amper-aufsperrdienst.de\/en\/wp-json\/wp\/v2\/users\/2"}],"replies":[{"embeddable":true,"href":"https:\/\/www.amper-aufsperrdienst.de\/en\/wp-json\/wp\/v2\/comments?post=11884"}],"version-history":[{"count":3,"href":"https:\/\/www.amper-aufsperrdienst.de\/en\/wp-json\/wp\/v2\/pages\/11884\/revisions"}],"predecessor-version":[{"id":15119,"href":"https:\/\/www.amper-aufsperrdienst.de\/en\/wp-json\/wp\/v2\/pages\/11884\/revisions\/15119"}],"wp:featuredmedia":[{"embeddable":true,"href":"https:\/\/www.amper-aufsperrdienst.de\/en\/wp-json\/wp\/v2\/media\/11881"}],"wp:attachment":[{"href":"https:\/\/www.amper-aufsperrdienst.de\/en\/wp-json\/wp\/v2\/media?parent=11884"}],"curies":[{"name":"wp","href":"https:\/\/api.w.org\/{rel}","templated":true}]}}