{"id":11885,"date":"2017-12-03T11:05:46","date_gmt":"2017-12-03T09:05:46","guid":{"rendered":"https:\/\/www.amper-aufsperrdienst.de\/schluesseldienst-allershausen\/"},"modified":"2026-01-27T08:20:54","modified_gmt":"2026-01-27T06:20:54","slug":"locksmith-allershausen","status":"publish","type":"page","link":"https:\/\/www.amper-aufsperrdienst.de\/en\/locksmith-allershausen\/","title":{"rendered":"Locksmith Allershausen"},"content":{"rendered":"<p><img loading=\"lazy\" decoding=\"async\" class=\"alignleft\" style=\"margin-bottom: 5px !important;\" src=\"https:\/\/www.amper-aufsperrdienst.de\/wp-content\/uploads\/2021\/03\/schluesseldienst-allershausen-festpreis-ab-52-siegel.jpg\" alt=\"Locksmith Amper - locksmith service Allershausen with a fixed price starting from \u20ac52.\" width=\"250\" height=\"250\"><\/p>\n<p>Did you think you&#8217;d be spared this misfortune? You only stepped out of the front door for a moment, pulled the door shut, and then, after it had already closed, realized you&#8217;d forgotten your key? Yes, locking yourself out can happen very quickly. Sooner or later, almost everyone experiences it. Fortunately, there are services like Amper Locksmith Service for such situations, offering fast, non-destructive door unlocking at a fixed price. Call us anytime, free of charge, on our 0800 emergency hotline and describe exactly what happened. We&#8217;ll then explain what we&#8217;ll do and how much our service will cost. Once you&#8217;ve contacted us, we&#8217;ll drive to you in no time to quickly assist you and unlock your door without causing any damage.<\/p>\n          <!-- tarif -->\n<h2><b><span style=\"vertical-align: inherit;\"><span style=\"vertical-align: inherit;\">Our binding fixed prices start from \u20ac52.<\/span><\/span><\/b><\/h2>\n<p>Amper Locksmith Service is a fair locksmith service with transparent fixed prices:<\/p>\n<div class=\"table-title\">\n\tPRICE LIST  UNLOCK\n<\/div>\n<!-- Table part-->\n<table class=\"table\">\n  <thead class=\"header\">\n\t  <tr>\n     \t <th scope=\"col\">Time<\/th>\n     \t <th scope=\"col\">8 - 18<\/th>\n     \t <th scope=\"col\">18 - 22<\/th>\n     \t <th scope=\"col\">22 - 8<\/th>\n\t<\/tr>\n  <\/thead>\n  <tbody>\n     \t  <tr class=\"weekdays\">\n     \t  \t  <td class=\"tag\" data-label=\"Time\">Mo - Fr<\/td>\n     \t  \t  <td class=\"hrs tag\" data-label=\"8 - 18\">52,- \u20ac<\/td>\n     \t  \t  <td class=\"tag space\" data-label=\"18 - 22\">82,- \u20ac<\/td>\n     \t  \t  <td data-label=\"22 - 8\">95,- \u20ac<\/td>\n     \t  <\/tr>\n     <tr class=\"weekends\">\n     \t  \t  <td class=\"tag\" data-label=\"Time\">Sa<\/td>\n     \t  \t  <td class=\"tag\" data-label=\"8 - 18\">95,- \u20ac<\/td>\n     \t  \t  <td class=\"tag\" data-label=\"18 - 22\">95,- \u20ac<\/td>\n     \t  \t  <td data-label=\"22 - 8\">125,- \u20ac<\/td>\n     \t  <\/tr>\n     <tr class=\"holidays\">\n     \t  \t  <td class=\"tag\" data-label=\"Time\">So & holiday<\/td>\n     \t  \t  <td class=\"tag\" data-label=\"8 - 18\">125,- \u20ac<\/td>\n     \t  \t  <td class=\"tag\" data-label=\"18 - 22\">125,-\u20ac<\/td>\n     \t  \t  <td data-label=\"22 - 8\">125,-\u20ac<\/td>\n     \t  <\/tr>\n     <\/tbody>\n<\/table>\n<!-- Table Description-->\n<div class=\"table-description\">\n\t<em>Please call to inquire about travel costs.<\/em>\n<\/div>\n<!-- Wordings below -->\n<div class=\"wordings\">\n<p>The prices listed in this table are binding for unlocking a door that has slammed shut or been pulled shut (without self-locking mechanisms). Please feel free to contact us if you would like a price quote for other locksmith services. We will gladly provide you with a transparent, fixed-price offer.<\/p>\n<\/div>\n\n<!-- END Wordings -->\n\n\n\n<div class=\"ansprech\">Fast locksmith service in Allershausen with 24-hour emergency service<br \/>\n<h3 class=\"phone mobilesOnly\"><a href=\"tel:+498000131131\">0800 \/ 0 131 131<\/a><\/h3><h3 class=\"phone desktopOnly\"><a href=\"tel:+498000131131\">0800 \/ 0 131 131<\/a><\/h3>Non-damage door opening at a fixed price<\/div>\n<h2>The municipality of Allershausen in the district of Freising<\/h2>\n<p>Allershausen is a rather rural, village-like municipality in the Upper Bavarian district of Freising. It is the seat of the Allershausen administrative community and has approximately 5,600 inhabitants spread across an area of \u200b\u200b26.55 square kilometers. The postal code for Allershausen is 85391, and the telephone area code is 08166.<\/p>\n<p>Allershausen is located in the Munich gravel plain, directly at the confluence of the Glonn and Amper rivers. The municipality comprises a total of twelve districts: Allershausen, Eggenberg, G\u00f6ttschlag, H\u00f6ckhof, Kreuth, Laimbach, Leonhardsbuch, Oberallershausen, Oberkienberg, Reckm\u00fchle, Schro\u00dflach, and Unterkienberg.<\/p>\n<p>Allershausen&#8217;s neighboring municipalities are Kirchdorf an der Amper to the east, Kranzberg to the southeast and south, Hohenkammer to the west, and Paunzhausen to the north. It also borders the municipality of Schweitenkirchen to the north, which belongs to the district of Pfaffenhofen an der Ilm.<\/p>\n<h2>Locksmith Allershausen: Fast unlocking at a low fixed price<\/h2>\n<p>Do you need a locksmith in Allershausen, in the district of Freising, as quickly as possible\u2014one who is not only fast but also offers low fixed prices for their services? Amper Locksmith Service has been operating in Allershausen for three generations and not only quotes fixed prices but also adheres to them exactly as stated. Wondering why we say that? Unfortunately, our industry has many scammers and black sheep who use every trick in the book to lure customers but ultimately charge exorbitant prices. Amper Locksmith Service distances itself from any kind of opaque practice. Read our numerous 5-star reviews here!<\/p>\n<h2>Also available on holidays!<\/h2>\n<p>Are you worried because you&#8217;ve locked yourself out on a Sunday or a public holiday, and late at night no less? Don&#8217;t be! Amper Locksmith Service is a genuine emergency locksmith service, available every day of the year, offering damage-free door openings with specialized tools at a low fixed price! Please call us right away, even if you&#8217;re locked out on Christmas or Easter!<\/p>\n<p>We are happy to assist you if you need a friendly, competent, fast, and reliable locksmith service in Allershausen. When you call us free of charge, you will be connected directly to one of our experts, not to some inexperienced employee in a call center. Customer satisfaction is very important to us. It&#8217;s no wonder we consistently receive excellent reviews from our customers!<\/p>\n<div class=\"ansprech\">Fast locksmith service in Allershausen with 24-hour emergency service<br \/>\n<h3 class=\"phone mobilesOnly\"><a href=\"tel:+498000131131\">0800 \/ 0 131 131<\/a><\/h3><h3 class=\"phone desktopOnly\"><a href=\"tel:+498000131131\">0800 \/ 0 131 131<\/a><\/h3>Non-damage door opening at a fixed price<\/div>\n","protected":false},"excerpt":{"rendered":"<p>Did you think you&#8217;d be spared this misfortune? You only stepped out of the front door for a moment, pulled the door shut, and then, after it had already closed, realized you&#8217;d forgotten your key? Yes, locking yourself out can happen very quickly. Sooner or later, almost everyone experiences it. Fortunately, there are services like [&hellip;]<\/p>\n","protected":false},"author":2,"featured_media":11004,"parent":0,"menu_order":0,"comment_status":"closed","ping_status":"closed","template":"","meta":{"footnotes":"","_links_to":"","_links_to_target":""},"class_list":["post-11885","page","type-page","status-publish","has-post-thumbnail","hentry"],"yoast_head":"<!-- This site is optimized with the Yoast SEO plugin v27.4 - https:\/\/yoast.com\/product\/yoast-seo-wordpress\/ -->\n<title>Locksmith in Allershausen: fixed price starting from \u20ac52.<\/title>\n<meta name=\"description\" content=\"Competent locksmith service in Allershausen with a fixed price guarantee, friendly locksmiths &amp; free phone number: non-destructive door opening, even on holidays!\" \/>\n<meta name=\"robots\" content=\"index, follow, max-snippet:-1, max-image-preview:large, max-video-preview:-1\" \/>\n<link rel=\"canonical\" href=\"https:\/\/www.amper-aufsperrdienst.de\/en\/locksmith-allershausen\/\" \/>\n<meta property=\"og:locale\" content=\"en_US\" \/>\n<meta property=\"og:type\" content=\"article\" \/>\n<meta property=\"og:title\" content=\"Locksmith in Allershausen: fixed price starting from \u20ac52.\" \/>\n<meta property=\"og:description\" content=\"Competent locksmith service in Allershausen with a fixed price guarantee, friendly locksmiths &amp; free phone number: non-destructive door opening, even on holidays!\" \/>\n<meta property=\"og:url\" content=\"https:\/\/www.amper-aufsperrdienst.de\/en\/locksmith-allershausen\/\" \/>\n<meta property=\"og:site_name\" content=\"Locksmith for Munich, Dachau and F\u00fcrstenfeldbruck\" \/>\n<meta property=\"article:modified_time\" content=\"2026-01-27T06:20:54+00:00\" \/>\n<meta property=\"og:image\" content=\"https:\/\/www.amper-aufsperrdienst.de\/wp-content\/uploads\/2014\/12\/header-freising.jpg\" \/>\n\t<meta property=\"og:image:width\" content=\"960\" \/>\n\t<meta property=\"og:image:height\" content=\"360\" \/>\n\t<meta property=\"og:image:type\" content=\"image\/jpeg\" \/>\n<meta name=\"twitter:label1\" content=\"Est. reading time\" \/>\n\t<meta name=\"twitter:data1\" content=\"4 minutes\" \/>\n<script type=\"application\/ld+json\" class=\"yoast-schema-graph\">{\"@context\":\"https:\\\/\\\/schema.org\",\"@graph\":[{\"@type\":\"WebPage\",\"@id\":\"https:\\\/\\\/www.amper-aufsperrdienst.de\\\/en\\\/locksmith-allershausen\\\/\",\"url\":\"https:\\\/\\\/www.amper-aufsperrdienst.de\\\/en\\\/locksmith-allershausen\\\/\",\"name\":\"Locksmith in Allershausen: fixed price starting from \u20ac52.\",\"isPartOf\":{\"@id\":\"https:\\\/\\\/www.amper-aufsperrdienst.de\\\/en\\\/#website\"},\"primaryImageOfPage\":{\"@id\":\"https:\\\/\\\/www.amper-aufsperrdienst.de\\\/en\\\/locksmith-allershausen\\\/#primaryimage\"},\"image\":{\"@id\":\"https:\\\/\\\/www.amper-aufsperrdienst.de\\\/en\\\/locksmith-allershausen\\\/#primaryimage\"},\"thumbnailUrl\":\"https:\\\/\\\/www.amper-aufsperrdienst.de\\\/wp-content\\\/uploads\\\/2014\\\/12\\\/header-freising.jpg\",\"datePublished\":\"2017-12-03T09:05:46+00:00\",\"dateModified\":\"2026-01-27T06:20:54+00:00\",\"description\":\"Competent locksmith service in Allershausen with a fixed price guarantee, friendly locksmiths & free phone number: non-destructive door opening, even on holidays!\",\"breadcrumb\":{\"@id\":\"https:\\\/\\\/www.amper-aufsperrdienst.de\\\/en\\\/locksmith-allershausen\\\/#breadcrumb\"},\"inLanguage\":\"en-US\",\"potentialAction\":[{\"@type\":\"ReadAction\",\"target\":[\"https:\\\/\\\/www.amper-aufsperrdienst.de\\\/en\\\/locksmith-allershausen\\\/\"]}]},{\"@type\":\"ImageObject\",\"inLanguage\":\"en-US\",\"@id\":\"https:\\\/\\\/www.amper-aufsperrdienst.de\\\/en\\\/locksmith-allershausen\\\/#primaryimage\",\"url\":\"https:\\\/\\\/www.amper-aufsperrdienst.de\\\/wp-content\\\/uploads\\\/2014\\\/12\\\/header-freising.jpg\",\"contentUrl\":\"https:\\\/\\\/www.amper-aufsperrdienst.de\\\/wp-content\\\/uploads\\\/2014\\\/12\\\/header-freising.jpg\",\"width\":960,\"height\":360},{\"@type\":\"BreadcrumbList\",\"@id\":\"https:\\\/\\\/www.amper-aufsperrdienst.de\\\/en\\\/locksmith-allershausen\\\/#breadcrumb\",\"itemListElement\":[{\"@type\":\"ListItem\",\"position\":1,\"name\":\"Home\",\"item\":\"https:\\\/\\\/www.amper-aufsperrdienst.de\\\/en\\\/\"},{\"@type\":\"ListItem\",\"position\":2,\"name\":\"Locksmith Allershausen\"}]},{\"@type\":\"WebSite\",\"@id\":\"https:\\\/\\\/www.amper-aufsperrdienst.de\\\/en\\\/#website\",\"url\":\"https:\\\/\\\/www.amper-aufsperrdienst.de\\\/en\\\/\",\"name\":\"Locksmith for Munich, Dachau and F\u00fcrstenfeldbruck\",\"description\":\"Amper Aufsperrdienst\",\"potentialAction\":[{\"@type\":\"SearchAction\",\"target\":{\"@type\":\"EntryPoint\",\"urlTemplate\":\"https:\\\/\\\/www.amper-aufsperrdienst.de\\\/en\\\/?s={search_term_string}\"},\"query-input\":{\"@type\":\"PropertyValueSpecification\",\"valueRequired\":true,\"valueName\":\"search_term_string\"}}],\"inLanguage\":\"en-US\"}]}<\/script>\n<!-- \/ Yoast SEO plugin. -->","yoast_head_json":{"title":"Locksmith in Allershausen: fixed price starting from \u20ac52.","description":"Competent locksmith service in Allershausen with a fixed price guarantee, friendly locksmiths & free phone number: non-destructive door opening, even on holidays!","robots":{"index":"index","follow":"follow","max-snippet":"max-snippet:-1","max-image-preview":"max-image-preview:large","max-video-preview":"max-video-preview:-1"},"canonical":"https:\/\/www.amper-aufsperrdienst.de\/en\/locksmith-allershausen\/","og_locale":"en_US","og_type":"article","og_title":"Locksmith in Allershausen: fixed price starting from \u20ac52.","og_description":"Competent locksmith service in Allershausen with a fixed price guarantee, friendly locksmiths & free phone number: non-destructive door opening, even on holidays!","og_url":"https:\/\/www.amper-aufsperrdienst.de\/en\/locksmith-allershausen\/","og_site_name":"Locksmith for Munich, Dachau and F\u00fcrstenfeldbruck","article_modified_time":"2026-01-27T06:20:54+00:00","og_image":[{"width":960,"height":360,"url":"https:\/\/www.amper-aufsperrdienst.de\/wp-content\/uploads\/2014\/12\/header-freising.jpg","type":"image\/jpeg"}],"twitter_misc":{"Est. reading time":"4 minutes"},"schema":{"@context":"https:\/\/schema.org","@graph":[{"@type":"WebPage","@id":"https:\/\/www.amper-aufsperrdienst.de\/en\/locksmith-allershausen\/","url":"https:\/\/www.amper-aufsperrdienst.de\/en\/locksmith-allershausen\/","name":"Locksmith in Allershausen: fixed price starting from \u20ac52.","isPartOf":{"@id":"https:\/\/www.amper-aufsperrdienst.de\/en\/#website"},"primaryImageOfPage":{"@id":"https:\/\/www.amper-aufsperrdienst.de\/en\/locksmith-allershausen\/#primaryimage"},"image":{"@id":"https:\/\/www.amper-aufsperrdienst.de\/en\/locksmith-allershausen\/#primaryimage"},"thumbnailUrl":"https:\/\/www.amper-aufsperrdienst.de\/wp-content\/uploads\/2014\/12\/header-freising.jpg","datePublished":"2017-12-03T09:05:46+00:00","dateModified":"2026-01-27T06:20:54+00:00","description":"Competent locksmith service in Allershausen with a fixed price guarantee, friendly locksmiths & free phone number: non-destructive door opening, even on holidays!","breadcrumb":{"@id":"https:\/\/www.amper-aufsperrdienst.de\/en\/locksmith-allershausen\/#breadcrumb"},"inLanguage":"en-US","potentialAction":[{"@type":"ReadAction","target":["https:\/\/www.amper-aufsperrdienst.de\/en\/locksmith-allershausen\/"]}]},{"@type":"ImageObject","inLanguage":"en-US","@id":"https:\/\/www.amper-aufsperrdienst.de\/en\/locksmith-allershausen\/#primaryimage","url":"https:\/\/www.amper-aufsperrdienst.de\/wp-content\/uploads\/2014\/12\/header-freising.jpg","contentUrl":"https:\/\/www.amper-aufsperrdienst.de\/wp-content\/uploads\/2014\/12\/header-freising.jpg","width":960,"height":360},{"@type":"BreadcrumbList","@id":"https:\/\/www.amper-aufsperrdienst.de\/en\/locksmith-allershausen\/#breadcrumb","itemListElement":[{"@type":"ListItem","position":1,"name":"Home","item":"https:\/\/www.amper-aufsperrdienst.de\/en\/"},{"@type":"ListItem","position":2,"name":"Locksmith Allershausen"}]},{"@type":"WebSite","@id":"https:\/\/www.amper-aufsperrdienst.de\/en\/#website","url":"https:\/\/www.amper-aufsperrdienst.de\/en\/","name":"Locksmith for Munich, Dachau and F\u00fcrstenfeldbruck","description":"Amper Aufsperrdienst","potentialAction":[{"@type":"SearchAction","target":{"@type":"EntryPoint","urlTemplate":"https:\/\/www.amper-aufsperrdienst.de\/en\/?s={search_term_string}"},"query-input":{"@type":"PropertyValueSpecification","valueRequired":true,"valueName":"search_term_string"}}],"inLanguage":"en-US"}]}},"_links":{"self":[{"href":"https:\/\/www.amper-aufsperrdienst.de\/en\/wp-json\/wp\/v2\/pages\/11885","targetHints":{"allow":["GET"]}}],"collection":[{"href":"https:\/\/www.amper-aufsperrdienst.de\/en\/wp-json\/wp\/v2\/pages"}],"about":[{"href":"https:\/\/www.amper-aufsperrdienst.de\/en\/wp-json\/wp\/v2\/types\/page"}],"author":[{"embeddable":true,"href":"https:\/\/www.amper-aufsperrdienst.de\/en\/wp-json\/wp\/v2\/users\/2"}],"replies":[{"embeddable":true,"href":"https:\/\/www.amper-aufsperrdienst.de\/en\/wp-json\/wp\/v2\/comments?post=11885"}],"version-history":[{"count":2,"href":"https:\/\/www.amper-aufsperrdienst.de\/en\/wp-json\/wp\/v2\/pages\/11885\/revisions"}],"predecessor-version":[{"id":11908,"href":"https:\/\/www.amper-aufsperrdienst.de\/en\/wp-json\/wp\/v2\/pages\/11885\/revisions\/11908"}],"wp:featuredmedia":[{"embeddable":true,"href":"https:\/\/www.amper-aufsperrdienst.de\/en\/wp-json\/wp\/v2\/media\/11004"}],"wp:attachment":[{"href":"https:\/\/www.amper-aufsperrdienst.de\/en\/wp-json\/wp\/v2\/media?parent=11885"}],"curies":[{"name":"wp","href":"https:\/\/api.w.org\/{rel}","templated":true}]}}