{"id":11906,"date":"2018-07-12T09:38:05","date_gmt":"2018-07-12T07:38:05","guid":{"rendered":"https:\/\/www.amper-aufsperrdienst.de\/locksmith-munich-kleinhesselohe\/"},"modified":"2026-02-11T07:44:00","modified_gmt":"2026-02-11T05:44:00","slug":"locksmith-munich-kleinhesselohe","status":"publish","type":"page","link":"https:\/\/www.amper-aufsperrdienst.de\/en\/locksmith-munich-kleinhesselohe\/","title":{"rendered":"Locksmith Munich Kleinhesselohe"},"content":{"rendered":"<p><img loading=\"lazy\" decoding=\"async\" class=\"alignleft\" style=\"margin-bottom: 5px !important;\" src=\"https:\/\/www.amper-aufsperrdienst.de\/wp-content\/uploads\/2021\/03\/schluesseldienst-muenchen-kleinhesselohe-festpreis-ab-52-siegel.jpg\" alt=\"Amper Locksmith Opening Service muenchen-kleinhesselohe with fixed price from 52,- EUR\" width=\"250\" height=\"250\" \/>Are you standing in front of your locked apartment door and can&#8217;t unlock it because your key has broken off in the lock? Bad luck! Don&#8217;t bury your head in the sand in such a situation! Instead, pick up your phone and call the free emergency number of the experienced and reliable Amper locksmith service. Now in its third generation, we are a professional locksmith service in Munich Kleinhesselohe, offering our customers the fastest possible non-destructive door opening at a fair fixed price! Our employees are all highly trained and equipped with the best specialized tools. This allows us to achieve a damage-free door opening rate in over 99% of our call-outs.<\/p>\n<h2>Kleinhesselohe in the Munich district of Schwabing<\/h2>\n<div id=\"attachment_10306\" style=\"width: 610px\" class=\"wp-caption alignleft\"><img loading=\"lazy\" decoding=\"async\" aria-describedby=\"caption-attachment-10306\" class=\"size-full wp-image-10306\" src=\"https:\/\/www.amper-aufsperrdienst.de\/wp-content\/uploads\/2024\/04\/eisbach-tivoli-kraftwerk-kleinhessselohe.webp\" alt=\"Tivoli power plant in Munich-Kleinhesselohe\" width=\"600\" height=\"450\" srcset=\"https:\/\/www.amper-aufsperrdienst.de\/wp-content\/uploads\/2024\/04\/eisbach-tivoli-kraftwerk-kleinhessselohe.webp 600w, https:\/\/www.amper-aufsperrdienst.de\/wp-content\/uploads\/2024\/04\/eisbach-tivoli-kraftwerk-kleinhessselohe-300x225.webp 300w, https:\/\/www.amper-aufsperrdienst.de\/wp-content\/uploads\/2024\/04\/eisbach-tivoli-kraftwerk-kleinhessselohe-480x360.webp 480w, https:\/\/www.amper-aufsperrdienst.de\/wp-content\/uploads\/2024\/04\/eisbach-tivoli-kraftwerk-kleinhessselohe-146x110.webp 146w\" sizes=\"auto, (max-width: 600px) 100vw, 600px\" \/><p id=\"caption-attachment-10306\" class=\"wp-caption-text\">Peak output 900 kW: The Tivoli hydroelectric power plant on the Eisbach feeds electricity into the public grid.<\/p><\/div>\n<p>The Kleinhesselohe neighborhood belongs to the beautiful Munich district of Schwabing and was created during the reorganization of Munich&#8217;s city districts in 1991.<\/p>\n<p>The development is named after the Kleinhesselohe beer garden. There is also a street with the same name, which leads to the Isarring.<\/p>\n          <!-- tarif -->\n<h2><b><span style=\"vertical-align: inherit;\"><span style=\"vertical-align: inherit;\">Our binding fixed prices start from \u20ac52.<\/span><\/span><\/b><\/h2>\n<p>Amper Locksmith Service is a fair locksmith service with transparent fixed prices:<\/p>\n<div class=\"table-title\">\n\tPRICE LIST  UNLOCK\n<\/div>\n<!-- Table part-->\n<table class=\"table\">\n  <thead class=\"header\">\n\t  <tr>\n     \t <th scope=\"col\">Time<\/th>\n     \t <th scope=\"col\">8 - 18<\/th>\n     \t <th scope=\"col\">18 - 22<\/th>\n     \t <th scope=\"col\">22 - 8<\/th>\n\t<\/tr>\n  <\/thead>\n  <tbody>\n     \t  <tr class=\"weekdays\">\n     \t  \t  <td class=\"tag\" data-label=\"Time\">Mo - Fr<\/td>\n     \t  \t  <td class=\"hrs tag\" data-label=\"8 - 18\">52,- \u20ac<\/td>\n     \t  \t  <td class=\"tag space\" data-label=\"18 - 22\">82,- \u20ac<\/td>\n     \t  \t  <td data-label=\"22 - 8\">95,- \u20ac<\/td>\n     \t  <\/tr>\n     <tr class=\"weekends\">\n     \t  \t  <td class=\"tag\" data-label=\"Time\">Sa<\/td>\n     \t  \t  <td class=\"tag\" data-label=\"8 - 18\">95,- \u20ac<\/td>\n     \t  \t  <td class=\"tag\" data-label=\"18 - 22\">95,- \u20ac<\/td>\n     \t  \t  <td data-label=\"22 - 8\">125,- \u20ac<\/td>\n     \t  <\/tr>\n     <tr class=\"holidays\">\n     \t  \t  <td class=\"tag\" data-label=\"Time\">So & holiday<\/td>\n     \t  \t  <td class=\"tag\" data-label=\"8 - 18\">125,- \u20ac<\/td>\n     \t  \t  <td class=\"tag\" data-label=\"18 - 22\">125,-\u20ac<\/td>\n     \t  \t  <td data-label=\"22 - 8\">125,-\u20ac<\/td>\n     \t  <\/tr>\n     <\/tbody>\n<\/table>\n<!-- Table Description-->\n<div class=\"table-description\">\n\t<em>Please call to inquire about travel costs.<\/em>\n<\/div>\n<!-- Wordings below -->\n<div class=\"wordings\">\n<p>The prices listed in this table are binding for unlocking a door that has slammed shut or been pulled shut (without self-locking mechanisms). Please feel free to contact us if you would like a price quote for other locksmith services. We will gladly provide you with a transparent, fixed-price offer.<\/p>\n<\/div>\n\n<!-- END Wordings -->\n\n\n\n<div class=\"ansprech\">Locksmith in Munich Kleinhesselohe for non-destructive door opening at a guaranteed fixed price<br \/>\n<h3 class=\"phone mobilesOnly\"><a href=\"tel:+498000131131\">0800 \/ 0 131 131<\/a><\/h3><h3 class=\"phone desktopOnly\"><a href=\"tel:+498000131131\">0800 \/ 0 131 131<\/a><\/h3>We are available free of charge at any time, even on Sundays and public holidays!<\/div>\n<h2>Locksmith Munich Kleinhesselohe: Fast door opening at a guaranteed fixed price<\/h2>\n<p>Have you locked yourself out, but the key is still in the lock on the inside? Do you need a competent locksmith who can unlock locked or jammed doors in the Kleinhesselohe district of Munich for a guaranteed fixed price? We are a fast and fair provider for all types of door openings and we certainly don&#8217;t rip off our customers! We know that there are unfortunately some unscrupulous operators in our industry who outright cheat their customers. We are definitely not one of them, as we, a genuine, long-established company, prioritize maximum transparency and the most professional approach possible!<\/p>\n<h2>On call for you 24\/7!<\/h2>\n<p>As a fair and honest locksmith service in Munich Kleinhesselohe, we not only offer affordable fixed prices, but are also available to our customers around the clock, 365 days a year! Whether it&#8217;s a weekday, weekend, or holiday: the experts at Amper Locksmith Service are available free of charge and will set off immediately after you contact us to open your door as quickly and without causing any damage! Call us, describe your situation, and we&#8217;ll gladly tell you exactly what we&#8217;ll do and the price!<\/p>\n<p>Do you need a locksmith service in the Kleinhesselohe area who specializes in damage-free door openings? You&#8217;ve come to the right place! Simply call us free of charge and let one of our friendly locksmith professionals advise you!<\/p>\n<div class=\"ansprech\">Locksmith in Munich Kleinhesselohe for non-destructive door opening at a guaranteed fixed price<br \/>\n<h3 class=\"phone mobilesOnly\"><a href=\"tel:+498000131131\">0800 \/ 0 131 131<\/a><\/h3><h3 class=\"phone desktopOnly\"><a href=\"tel:+498000131131\">0800 \/ 0 131 131<\/a><\/h3>We are available free of charge at any time, even on Sundays and public holidays!<\/div>\n","protected":false},"excerpt":{"rendered":"<p>Are you standing in front of your locked apartment door and can&#8217;t unlock it because your key has broken off in the lock? Bad luck! Don&#8217;t bury your head in the sand in such a situation! Instead, pick up your phone and call the free emergency number of the experienced and reliable Amper locksmith service. [&hellip;]<\/p>\n","protected":false},"author":2,"featured_media":11903,"parent":0,"menu_order":0,"comment_status":"closed","ping_status":"closed","template":"","meta":{"footnotes":"","_links_to":"","_links_to_target":""},"class_list":["post-11906","page","type-page","status-publish","has-post-thumbnail","hentry"],"yoast_head":"<!-- This site is optimized with the Yoast SEO plugin v27.4 - https:\/\/yoast.com\/product\/yoast-seo-wordpress\/ -->\n<title>Locksmith Munich Kleinhesselohe: from \u20ac52,- fixed price<\/title>\n<meta name=\"description\" content=\"Reliable locksmith service in Munich Kleinhesselohe with skilled locksmiths, fixed price guarantee, 24-hour emergency service and freephone number: damage-free door opening using high-quality professional tools. Call anytime, even on weekends and holidays!\" \/>\n<meta name=\"robots\" content=\"index, follow, max-snippet:-1, max-image-preview:large, max-video-preview:-1\" \/>\n<link rel=\"canonical\" href=\"https:\/\/www.amper-aufsperrdienst.de\/en\/locksmith-munich-kleinhesselohe\/\" \/>\n<meta property=\"og:locale\" content=\"en_US\" \/>\n<meta property=\"og:type\" content=\"article\" \/>\n<meta property=\"og:title\" content=\"Locksmith Munich Kleinhesselohe: from \u20ac52,- fixed price\" \/>\n<meta property=\"og:description\" content=\"Reliable locksmith service in Munich Kleinhesselohe with skilled locksmiths, fixed price guarantee, 24-hour emergency service and freephone number: damage-free door opening using high-quality professional tools. Call anytime, even on weekends and holidays!\" \/>\n<meta property=\"og:url\" content=\"https:\/\/www.amper-aufsperrdienst.de\/en\/locksmith-munich-kleinhesselohe\/\" \/>\n<meta property=\"og:site_name\" content=\"Locksmith for Munich, Dachau and F\u00fcrstenfeldbruck\" \/>\n<meta property=\"article:modified_time\" content=\"2026-02-11T05:44:00+00:00\" \/>\n<meta property=\"og:image\" content=\"https:\/\/www.amper-aufsperrdienst.de\/wp-content\/uploads\/2024\/04\/schluesseldienst-muenchen-kleinhesselohe_header_img.webp\" \/>\n\t<meta property=\"og:image:width\" content=\"960\" \/>\n\t<meta property=\"og:image:height\" content=\"360\" \/>\n\t<meta property=\"og:image:type\" content=\"image\/webp\" \/>\n<meta name=\"twitter:label1\" content=\"Est. reading time\" \/>\n\t<meta name=\"twitter:data1\" content=\"4 minutes\" \/>\n<script type=\"application\/ld+json\" class=\"yoast-schema-graph\">{\"@context\":\"https:\\\/\\\/schema.org\",\"@graph\":[{\"@type\":\"WebPage\",\"@id\":\"https:\\\/\\\/www.amper-aufsperrdienst.de\\\/en\\\/locksmith-munich-kleinhesselohe\\\/\",\"url\":\"https:\\\/\\\/www.amper-aufsperrdienst.de\\\/en\\\/locksmith-munich-kleinhesselohe\\\/\",\"name\":\"Locksmith Munich Kleinhesselohe: from \u20ac52,- fixed price\",\"isPartOf\":{\"@id\":\"https:\\\/\\\/www.amper-aufsperrdienst.de\\\/en\\\/#website\"},\"primaryImageOfPage\":{\"@id\":\"https:\\\/\\\/www.amper-aufsperrdienst.de\\\/en\\\/locksmith-munich-kleinhesselohe\\\/#primaryimage\"},\"image\":{\"@id\":\"https:\\\/\\\/www.amper-aufsperrdienst.de\\\/en\\\/locksmith-munich-kleinhesselohe\\\/#primaryimage\"},\"thumbnailUrl\":\"https:\\\/\\\/www.amper-aufsperrdienst.de\\\/wp-content\\\/uploads\\\/2024\\\/04\\\/schluesseldienst-muenchen-kleinhesselohe_header_img.webp\",\"datePublished\":\"2018-07-12T07:38:05+00:00\",\"dateModified\":\"2026-02-11T05:44:00+00:00\",\"description\":\"Reliable locksmith service in Munich Kleinhesselohe with skilled locksmiths, fixed price guarantee, 24-hour emergency service and freephone number: damage-free door opening using high-quality professional tools. Call anytime, even on weekends and holidays!\",\"breadcrumb\":{\"@id\":\"https:\\\/\\\/www.amper-aufsperrdienst.de\\\/en\\\/locksmith-munich-kleinhesselohe\\\/#breadcrumb\"},\"inLanguage\":\"en-US\",\"potentialAction\":[{\"@type\":\"ReadAction\",\"target\":[\"https:\\\/\\\/www.amper-aufsperrdienst.de\\\/en\\\/locksmith-munich-kleinhesselohe\\\/\"]}]},{\"@type\":\"ImageObject\",\"inLanguage\":\"en-US\",\"@id\":\"https:\\\/\\\/www.amper-aufsperrdienst.de\\\/en\\\/locksmith-munich-kleinhesselohe\\\/#primaryimage\",\"url\":\"https:\\\/\\\/www.amper-aufsperrdienst.de\\\/wp-content\\\/uploads\\\/2024\\\/04\\\/schluesseldienst-muenchen-kleinhesselohe_header_img.webp\",\"contentUrl\":\"https:\\\/\\\/www.amper-aufsperrdienst.de\\\/wp-content\\\/uploads\\\/2024\\\/04\\\/schluesseldienst-muenchen-kleinhesselohe_header_img.webp\",\"width\":960,\"height\":360,\"caption\":\"Schl\u00fcsseldienst f\u00fcr M\u00fcnchen-Kleinhesselohe \u2013 Top-Handwerksqualit\u00e4t von erfahrenen Schlossern \u2013 T\u00fcr\u00f6ffnung mit professionellem Werkzeug\"},{\"@type\":\"BreadcrumbList\",\"@id\":\"https:\\\/\\\/www.amper-aufsperrdienst.de\\\/en\\\/locksmith-munich-kleinhesselohe\\\/#breadcrumb\",\"itemListElement\":[{\"@type\":\"ListItem\",\"position\":1,\"name\":\"Home\",\"item\":\"https:\\\/\\\/www.amper-aufsperrdienst.de\\\/en\\\/\"},{\"@type\":\"ListItem\",\"position\":2,\"name\":\"Locksmith Munich Kleinhesselohe\"}]},{\"@type\":\"WebSite\",\"@id\":\"https:\\\/\\\/www.amper-aufsperrdienst.de\\\/en\\\/#website\",\"url\":\"https:\\\/\\\/www.amper-aufsperrdienst.de\\\/en\\\/\",\"name\":\"Locksmith for Munich, Dachau and F\u00fcrstenfeldbruck\",\"description\":\"Amper Aufsperrdienst\",\"potentialAction\":[{\"@type\":\"SearchAction\",\"target\":{\"@type\":\"EntryPoint\",\"urlTemplate\":\"https:\\\/\\\/www.amper-aufsperrdienst.de\\\/en\\\/?s={search_term_string}\"},\"query-input\":{\"@type\":\"PropertyValueSpecification\",\"valueRequired\":true,\"valueName\":\"search_term_string\"}}],\"inLanguage\":\"en-US\"}]}<\/script>\n<!-- \/ Yoast SEO plugin. -->","yoast_head_json":{"title":"Locksmith Munich Kleinhesselohe: from \u20ac52,- fixed price","description":"Reliable locksmith service in Munich Kleinhesselohe with skilled locksmiths, fixed price guarantee, 24-hour emergency service and freephone number: damage-free door opening using high-quality professional tools. Call anytime, even on weekends and holidays!","robots":{"index":"index","follow":"follow","max-snippet":"max-snippet:-1","max-image-preview":"max-image-preview:large","max-video-preview":"max-video-preview:-1"},"canonical":"https:\/\/www.amper-aufsperrdienst.de\/en\/locksmith-munich-kleinhesselohe\/","og_locale":"en_US","og_type":"article","og_title":"Locksmith Munich Kleinhesselohe: from \u20ac52,- fixed price","og_description":"Reliable locksmith service in Munich Kleinhesselohe with skilled locksmiths, fixed price guarantee, 24-hour emergency service and freephone number: damage-free door opening using high-quality professional tools. Call anytime, even on weekends and holidays!","og_url":"https:\/\/www.amper-aufsperrdienst.de\/en\/locksmith-munich-kleinhesselohe\/","og_site_name":"Locksmith for Munich, Dachau and F\u00fcrstenfeldbruck","article_modified_time":"2026-02-11T05:44:00+00:00","og_image":[{"width":960,"height":360,"url":"https:\/\/www.amper-aufsperrdienst.de\/wp-content\/uploads\/2024\/04\/schluesseldienst-muenchen-kleinhesselohe_header_img.webp","type":"image\/webp"}],"twitter_misc":{"Est. reading time":"4 minutes"},"schema":{"@context":"https:\/\/schema.org","@graph":[{"@type":"WebPage","@id":"https:\/\/www.amper-aufsperrdienst.de\/en\/locksmith-munich-kleinhesselohe\/","url":"https:\/\/www.amper-aufsperrdienst.de\/en\/locksmith-munich-kleinhesselohe\/","name":"Locksmith Munich Kleinhesselohe: from \u20ac52,- fixed price","isPartOf":{"@id":"https:\/\/www.amper-aufsperrdienst.de\/en\/#website"},"primaryImageOfPage":{"@id":"https:\/\/www.amper-aufsperrdienst.de\/en\/locksmith-munich-kleinhesselohe\/#primaryimage"},"image":{"@id":"https:\/\/www.amper-aufsperrdienst.de\/en\/locksmith-munich-kleinhesselohe\/#primaryimage"},"thumbnailUrl":"https:\/\/www.amper-aufsperrdienst.de\/wp-content\/uploads\/2024\/04\/schluesseldienst-muenchen-kleinhesselohe_header_img.webp","datePublished":"2018-07-12T07:38:05+00:00","dateModified":"2026-02-11T05:44:00+00:00","description":"Reliable locksmith service in Munich Kleinhesselohe with skilled locksmiths, fixed price guarantee, 24-hour emergency service and freephone number: damage-free door opening using high-quality professional tools. Call anytime, even on weekends and holidays!","breadcrumb":{"@id":"https:\/\/www.amper-aufsperrdienst.de\/en\/locksmith-munich-kleinhesselohe\/#breadcrumb"},"inLanguage":"en-US","potentialAction":[{"@type":"ReadAction","target":["https:\/\/www.amper-aufsperrdienst.de\/en\/locksmith-munich-kleinhesselohe\/"]}]},{"@type":"ImageObject","inLanguage":"en-US","@id":"https:\/\/www.amper-aufsperrdienst.de\/en\/locksmith-munich-kleinhesselohe\/#primaryimage","url":"https:\/\/www.amper-aufsperrdienst.de\/wp-content\/uploads\/2024\/04\/schluesseldienst-muenchen-kleinhesselohe_header_img.webp","contentUrl":"https:\/\/www.amper-aufsperrdienst.de\/wp-content\/uploads\/2024\/04\/schluesseldienst-muenchen-kleinhesselohe_header_img.webp","width":960,"height":360,"caption":"Schl\u00fcsseldienst f\u00fcr M\u00fcnchen-Kleinhesselohe \u2013 Top-Handwerksqualit\u00e4t von erfahrenen Schlossern \u2013 T\u00fcr\u00f6ffnung mit professionellem Werkzeug"},{"@type":"BreadcrumbList","@id":"https:\/\/www.amper-aufsperrdienst.de\/en\/locksmith-munich-kleinhesselohe\/#breadcrumb","itemListElement":[{"@type":"ListItem","position":1,"name":"Home","item":"https:\/\/www.amper-aufsperrdienst.de\/en\/"},{"@type":"ListItem","position":2,"name":"Locksmith Munich Kleinhesselohe"}]},{"@type":"WebSite","@id":"https:\/\/www.amper-aufsperrdienst.de\/en\/#website","url":"https:\/\/www.amper-aufsperrdienst.de\/en\/","name":"Locksmith for Munich, Dachau and F\u00fcrstenfeldbruck","description":"Amper Aufsperrdienst","potentialAction":[{"@type":"SearchAction","target":{"@type":"EntryPoint","urlTemplate":"https:\/\/www.amper-aufsperrdienst.de\/en\/?s={search_term_string}"},"query-input":{"@type":"PropertyValueSpecification","valueRequired":true,"valueName":"search_term_string"}}],"inLanguage":"en-US"}]}},"_links":{"self":[{"href":"https:\/\/www.amper-aufsperrdienst.de\/en\/wp-json\/wp\/v2\/pages\/11906","targetHints":{"allow":["GET"]}}],"collection":[{"href":"https:\/\/www.amper-aufsperrdienst.de\/en\/wp-json\/wp\/v2\/pages"}],"about":[{"href":"https:\/\/www.amper-aufsperrdienst.de\/en\/wp-json\/wp\/v2\/types\/page"}],"author":[{"embeddable":true,"href":"https:\/\/www.amper-aufsperrdienst.de\/en\/wp-json\/wp\/v2\/users\/2"}],"replies":[{"embeddable":true,"href":"https:\/\/www.amper-aufsperrdienst.de\/en\/wp-json\/wp\/v2\/comments?post=11906"}],"version-history":[{"count":2,"href":"https:\/\/www.amper-aufsperrdienst.de\/en\/wp-json\/wp\/v2\/pages\/11906\/revisions"}],"predecessor-version":[{"id":15122,"href":"https:\/\/www.amper-aufsperrdienst.de\/en\/wp-json\/wp\/v2\/pages\/11906\/revisions\/15122"}],"wp:featuredmedia":[{"embeddable":true,"href":"https:\/\/www.amper-aufsperrdienst.de\/en\/wp-json\/wp\/v2\/media\/11903"}],"wp:attachment":[{"href":"https:\/\/www.amper-aufsperrdienst.de\/en\/wp-json\/wp\/v2\/media?parent=11906"}],"curies":[{"name":"wp","href":"https:\/\/api.w.org\/{rel}","templated":true}]}}