{"id":11921,"date":"2018-06-28T06:52:05","date_gmt":"2018-06-28T04:52:05","guid":{"rendered":"https:\/\/www.amper-aufsperrdienst.de\/locksmith-munich-harthof\/"},"modified":"2026-02-11T07:44:35","modified_gmt":"2026-02-11T05:44:35","slug":"locksmith-munich-harthof","status":"publish","type":"page","link":"https:\/\/www.amper-aufsperrdienst.de\/en\/locksmith-munich-harthof\/","title":{"rendered":"Locksmith Munich Harthof"},"content":{"rendered":"<p><img loading=\"lazy\" decoding=\"async\" class=\"alignleft\" style=\"margin-bottom: 5px !important;\" src=\"https:\/\/www.amper-aufsperrdienst.de\/wp-content\/uploads\/2021\/03\/schluesseldienst-muenchen-harthof-festpreis-ab-52-siegel.jpg\" alt=\"Amper Locksmith Opening Service muenchen-harthof with fixed price from 52,- EUR\" width=\"250\" height=\"250\" \/>Are you currently looking for a professional, honest, and reliable locksmith in Munich Harthof who can quickly unlock your locked or jammed apartment door because you&#8217;ve accidentally locked yourself out? We&#8217;re happy to help and will provide a professional unlocking service at a fixed price! We&#8217;re available 24\/7, 365 days a year. So, if you find yourself locked out at night or on a Sunday, we&#8217;re also happy to be your locksmith of choice. We&#8217;re fast and completely fair. We&#8217;ll gladly give you our fixed-price quote right over the phone!<\/p>\n<h2>The Harthof in the Munich district of Am Hart<\/h2>\n<div id=\"attachment_10327\" style=\"width: 610px\" class=\"wp-caption alignleft\"><img loading=\"lazy\" decoding=\"async\" aria-describedby=\"caption-attachment-10327\" class=\"size-full wp-image-10327\" src=\"https:\/\/www.amper-aufsperrdienst.de\/wp-content\/uploads\/2024\/04\/sankt-getrud-muenchen-harthof.webp\" alt=\"St. Gertrude in Munich Harthof\" width=\"600\" height=\"450\" srcset=\"https:\/\/www.amper-aufsperrdienst.de\/wp-content\/uploads\/2024\/04\/sankt-getrud-muenchen-harthof.webp 600w, https:\/\/www.amper-aufsperrdienst.de\/wp-content\/uploads\/2024\/04\/sankt-getrud-muenchen-harthof-300x225.webp 300w, https:\/\/www.amper-aufsperrdienst.de\/wp-content\/uploads\/2024\/04\/sankt-getrud-muenchen-harthof-480x360.webp 480w, https:\/\/www.amper-aufsperrdienst.de\/wp-content\/uploads\/2024\/04\/sankt-getrud-muenchen-harthof-146x110.webp 146w\" sizes=\"auto, (max-width: 600px) 100vw, 600px\" \/><p id=\"caption-attachment-10327\" class=\"wp-caption-text\">Roman Catholic Church of St. Gertrude in Weyprechtstrasse in the Harthof district<\/p><\/div>\n<p>Harthof is located in the north of Munich, the capital of Bavaria, in the Am Hart district. It consists primarily of middle-class residential areas, mainly situated east of Goldmarkstra\u00dfe and west of Schlei\u00dfheimer Stra\u00dfe. A large complex of social housing, though showing its age, is also located here. The Harthofanger green space is another well-known feature.<\/p>\n<p>The area of \u200b\u200bthe district, as it exists today, belonged to Feldmoching and was once primarily used as pastureland. In the 19th century, colonists settled along Schlei\u00dfheimer Stra\u00dfe. Near the new settlement, the Bavarian Army&#8217;s ammunition depot, known as the Powder Tower, had been located since 1838.<\/p>\n<p>The Harthof district takes its name from the Harthof estate, which was built in 1890 by Wolf, the director of the Munich L\u00f6wenbr\u00e4u brewery. This estate was demolished in 1957.<\/p>\n<p>Harthof is very well connected to Munich&#8217;s public transport network, as it has its own subway station of the same name.<\/p>\n          <!-- tarif -->\n<h2><b><span style=\"vertical-align: inherit;\"><span style=\"vertical-align: inherit;\">Our binding fixed prices start from \u20ac52.<\/span><\/span><\/b><\/h2>\n<p>Amper Locksmith Service is a fair locksmith service with transparent fixed prices:<\/p>\n<div class=\"table-title\">\n\tPRICE LIST  UNLOCK\n<\/div>\n<!-- Table part-->\n<table class=\"table\">\n  <thead class=\"header\">\n\t  <tr>\n     \t <th scope=\"col\">Time<\/th>\n     \t <th scope=\"col\">8 - 18<\/th>\n     \t <th scope=\"col\">18 - 22<\/th>\n     \t <th scope=\"col\">22 - 8<\/th>\n\t<\/tr>\n  <\/thead>\n  <tbody>\n     \t  <tr class=\"weekdays\">\n     \t  \t  <td class=\"tag\" data-label=\"Time\">Mo - Fr<\/td>\n     \t  \t  <td class=\"hrs tag\" data-label=\"8 - 18\">52,- \u20ac<\/td>\n     \t  \t  <td class=\"tag space\" data-label=\"18 - 22\">82,- \u20ac<\/td>\n     \t  \t  <td data-label=\"22 - 8\">95,- \u20ac<\/td>\n     \t  <\/tr>\n     <tr class=\"weekends\">\n     \t  \t  <td class=\"tag\" data-label=\"Time\">Sa<\/td>\n     \t  \t  <td class=\"tag\" data-label=\"8 - 18\">95,- \u20ac<\/td>\n     \t  \t  <td class=\"tag\" data-label=\"18 - 22\">95,- \u20ac<\/td>\n     \t  \t  <td data-label=\"22 - 8\">125,- \u20ac<\/td>\n     \t  <\/tr>\n     <tr class=\"holidays\">\n     \t  \t  <td class=\"tag\" data-label=\"Time\">So & holiday<\/td>\n     \t  \t  <td class=\"tag\" data-label=\"8 - 18\">125,- \u20ac<\/td>\n     \t  \t  <td class=\"tag\" data-label=\"18 - 22\">125,-\u20ac<\/td>\n     \t  \t  <td data-label=\"22 - 8\">125,-\u20ac<\/td>\n     \t  <\/tr>\n     <\/tbody>\n<\/table>\n<!-- Table Description-->\n<div class=\"table-description\">\n\t<em>Please call to inquire about travel costs.<\/em>\n<\/div>\n<!-- Wordings below -->\n<div class=\"wordings\">\n<p>The prices listed in this table are binding for unlocking a door that has slammed shut or been pulled shut (without self-locking mechanisms). Please feel free to contact us if you would like a price quote for other locksmith services. We will gladly provide you with a transparent, fixed-price offer.<\/p>\n<\/div>\n\n<!-- END Wordings -->\n\n\n\n<div class=\"ansprech\">Reliable locksmith service in Munich Harthof with fair fixed prices and a free emergency hotline<br \/>\n<h3 class=\"phone mobilesOnly\"><a href=\"tel:+498000131131\">0800 \/ 0 131 131<\/a><\/h3><h3 class=\"phone desktopOnly\"><a href=\"tel:+498000131131\">0800 \/ 0 131 131<\/a><\/h3>Damage-free door opening, even on Sundays and public holidays, 24\/7<\/div>\n<h2>Locksmith Munich Harthof: Fast, Honest, and Affordable<\/h2>\n<p>Do you live in Harthof but can&#8217;t get into your house or apartment because your key has broken off in the lock, or you&#8217;ve forgotten or left it somewhere? We are a fast, honest, and affordable locksmith service in Munich Harthof, and we&#8217;ll gladly give you a guaranteed fixed price for non-destructive door opening right over the phone. As a third-generation family business, we have extensive expertise and experience. Of course, we have always prioritized complete transparency, as our customers&#8217; satisfaction is of utmost importance to us.<\/p>\n<h2>Credentials<\/h2>\n<p>It is important that you can show us that you are authorized to open the door before we begin any work. Otherwise, anyone could simply claim that a particular door needs to be unlocked. If you cannot provide proof of authorization with an ID or other suitable document, we can only open your locked or jammed apartment door in the presence of the Munich police. This security measure is important to us because we are a professional and reputable locksmith service in Munich Harthof!<\/p>\n<p>So please feel free to contact us if you need a true professional for your door opening in Harthof! We are of course also available on Sundays and public holidays, as we have a genuine 24\/7 emergency service!<\/p>\n<div class=\"ansprech\">Reliable locksmith service in Munich Harthof with fair fixed prices and a free emergency hotline<br \/>\n<h3 class=\"phone mobilesOnly\"><a href=\"tel:+498000131131\">0800 \/ 0 131 131<\/a><\/h3><h3 class=\"phone desktopOnly\"><a href=\"tel:+498000131131\">0800 \/ 0 131 131<\/a><\/h3>Damage-free door opening, even on Sundays and public holidays, 24\/7<\/div>\n","protected":false},"excerpt":{"rendered":"<p>Are you currently looking for a professional, honest, and reliable locksmith in Munich Harthof who can quickly unlock your locked or jammed apartment door because you&#8217;ve accidentally locked yourself out? We&#8217;re happy to help and will provide a professional unlocking service at a fixed price! We&#8217;re available 24\/7, 365 days a year. So, if you [&hellip;]<\/p>\n","protected":false},"author":2,"featured_media":11920,"parent":0,"menu_order":0,"comment_status":"closed","ping_status":"closed","template":"","meta":{"footnotes":"","_links_to":"","_links_to_target":""},"class_list":["post-11921","page","type-page","status-publish","has-post-thumbnail","hentry"],"yoast_head":"<!-- This site is optimized with the Yoast SEO plugin v27.4 - https:\/\/yoast.com\/product\/yoast-seo-wordpress\/ -->\n<title>Locksmith Munich Harthof: from \u20ac52,- fixed price<\/title>\n<meta name=\"description\" content=\"Reliable and honest locksmith service in Munich Harthof with friendly professional locksmiths, free emergency hotline, fast 24\/7 service and fixed price guarantee: non-destructive unlocking using the best locksmith tools. Available free of charge at any time, even on Sundays and public holidays!\" \/>\n<meta name=\"robots\" content=\"index, follow, max-snippet:-1, max-image-preview:large, max-video-preview:-1\" \/>\n<link rel=\"canonical\" href=\"https:\/\/www.amper-aufsperrdienst.de\/en\/locksmith-munich-harthof\/\" \/>\n<meta property=\"og:locale\" content=\"en_US\" \/>\n<meta property=\"og:type\" content=\"article\" \/>\n<meta property=\"og:title\" content=\"Locksmith Munich Harthof: from \u20ac52,- fixed price\" \/>\n<meta property=\"og:description\" content=\"Reliable and honest locksmith service in Munich Harthof with friendly professional locksmiths, free emergency hotline, fast 24\/7 service and fixed price guarantee: non-destructive unlocking using the best locksmith tools. Available free of charge at any time, even on Sundays and public holidays!\" \/>\n<meta property=\"og:url\" content=\"https:\/\/www.amper-aufsperrdienst.de\/en\/locksmith-munich-harthof\/\" \/>\n<meta property=\"og:site_name\" content=\"Locksmith for Munich, Dachau and F\u00fcrstenfeldbruck\" \/>\n<meta property=\"article:modified_time\" content=\"2026-02-11T05:44:35+00:00\" \/>\n<meta property=\"og:image\" content=\"https:\/\/www.amper-aufsperrdienst.de\/wp-content\/uploads\/2024\/04\/schluesseldienst-muenchen-harthof.webp\" \/>\n\t<meta property=\"og:image:width\" content=\"960\" \/>\n\t<meta property=\"og:image:height\" content=\"360\" \/>\n\t<meta property=\"og:image:type\" content=\"image\/webp\" \/>\n<meta name=\"twitter:label1\" content=\"Est. reading time\" \/>\n\t<meta name=\"twitter:data1\" content=\"4 minutes\" \/>\n<script type=\"application\/ld+json\" class=\"yoast-schema-graph\">{\"@context\":\"https:\\\/\\\/schema.org\",\"@graph\":[{\"@type\":\"WebPage\",\"@id\":\"https:\\\/\\\/www.amper-aufsperrdienst.de\\\/en\\\/locksmith-munich-harthof\\\/\",\"url\":\"https:\\\/\\\/www.amper-aufsperrdienst.de\\\/en\\\/locksmith-munich-harthof\\\/\",\"name\":\"Locksmith Munich Harthof: from \u20ac52,- fixed price\",\"isPartOf\":{\"@id\":\"https:\\\/\\\/www.amper-aufsperrdienst.de\\\/en\\\/#website\"},\"primaryImageOfPage\":{\"@id\":\"https:\\\/\\\/www.amper-aufsperrdienst.de\\\/en\\\/locksmith-munich-harthof\\\/#primaryimage\"},\"image\":{\"@id\":\"https:\\\/\\\/www.amper-aufsperrdienst.de\\\/en\\\/locksmith-munich-harthof\\\/#primaryimage\"},\"thumbnailUrl\":\"https:\\\/\\\/www.amper-aufsperrdienst.de\\\/wp-content\\\/uploads\\\/2024\\\/04\\\/schluesseldienst-muenchen-harthof.webp\",\"datePublished\":\"2018-06-28T04:52:05+00:00\",\"dateModified\":\"2026-02-11T05:44:35+00:00\",\"description\":\"Reliable and honest locksmith service in Munich Harthof with friendly professional locksmiths, free emergency hotline, fast 24\\\/7 service and fixed price guarantee: non-destructive unlocking using the best locksmith tools. Available free of charge at any time, even on Sundays and public holidays!\",\"breadcrumb\":{\"@id\":\"https:\\\/\\\/www.amper-aufsperrdienst.de\\\/en\\\/locksmith-munich-harthof\\\/#breadcrumb\"},\"inLanguage\":\"en-US\",\"potentialAction\":[{\"@type\":\"ReadAction\",\"target\":[\"https:\\\/\\\/www.amper-aufsperrdienst.de\\\/en\\\/locksmith-munich-harthof\\\/\"]}]},{\"@type\":\"ImageObject\",\"inLanguage\":\"en-US\",\"@id\":\"https:\\\/\\\/www.amper-aufsperrdienst.de\\\/en\\\/locksmith-munich-harthof\\\/#primaryimage\",\"url\":\"https:\\\/\\\/www.amper-aufsperrdienst.de\\\/wp-content\\\/uploads\\\/2024\\\/04\\\/schluesseldienst-muenchen-harthof.webp\",\"contentUrl\":\"https:\\\/\\\/www.amper-aufsperrdienst.de\\\/wp-content\\\/uploads\\\/2024\\\/04\\\/schluesseldienst-muenchen-harthof.webp\",\"width\":960,\"height\":360,\"caption\":\"Schl\u00fcsseldienst M\u00fcnchen-Harthof \u2013 T\u00fcr\u00f6ffnung vom Amper Aufsperrdienst \u2013 professionelle Beratung zum Einbruchschutz\"},{\"@type\":\"BreadcrumbList\",\"@id\":\"https:\\\/\\\/www.amper-aufsperrdienst.de\\\/en\\\/locksmith-munich-harthof\\\/#breadcrumb\",\"itemListElement\":[{\"@type\":\"ListItem\",\"position\":1,\"name\":\"Home\",\"item\":\"https:\\\/\\\/www.amper-aufsperrdienst.de\\\/en\\\/\"},{\"@type\":\"ListItem\",\"position\":2,\"name\":\"Locksmith Munich Harthof\"}]},{\"@type\":\"WebSite\",\"@id\":\"https:\\\/\\\/www.amper-aufsperrdienst.de\\\/en\\\/#website\",\"url\":\"https:\\\/\\\/www.amper-aufsperrdienst.de\\\/en\\\/\",\"name\":\"Locksmith for Munich, Dachau and F\u00fcrstenfeldbruck\",\"description\":\"Amper Aufsperrdienst\",\"potentialAction\":[{\"@type\":\"SearchAction\",\"target\":{\"@type\":\"EntryPoint\",\"urlTemplate\":\"https:\\\/\\\/www.amper-aufsperrdienst.de\\\/en\\\/?s={search_term_string}\"},\"query-input\":{\"@type\":\"PropertyValueSpecification\",\"valueRequired\":true,\"valueName\":\"search_term_string\"}}],\"inLanguage\":\"en-US\"}]}<\/script>\n<!-- \/ Yoast SEO plugin. -->","yoast_head_json":{"title":"Locksmith Munich Harthof: from \u20ac52,- fixed price","description":"Reliable and honest locksmith service in Munich Harthof with friendly professional locksmiths, free emergency hotline, fast 24\/7 service and fixed price guarantee: non-destructive unlocking using the best locksmith tools. Available free of charge at any time, even on Sundays and public holidays!","robots":{"index":"index","follow":"follow","max-snippet":"max-snippet:-1","max-image-preview":"max-image-preview:large","max-video-preview":"max-video-preview:-1"},"canonical":"https:\/\/www.amper-aufsperrdienst.de\/en\/locksmith-munich-harthof\/","og_locale":"en_US","og_type":"article","og_title":"Locksmith Munich Harthof: from \u20ac52,- fixed price","og_description":"Reliable and honest locksmith service in Munich Harthof with friendly professional locksmiths, free emergency hotline, fast 24\/7 service and fixed price guarantee: non-destructive unlocking using the best locksmith tools. Available free of charge at any time, even on Sundays and public holidays!","og_url":"https:\/\/www.amper-aufsperrdienst.de\/en\/locksmith-munich-harthof\/","og_site_name":"Locksmith for Munich, Dachau and F\u00fcrstenfeldbruck","article_modified_time":"2026-02-11T05:44:35+00:00","og_image":[{"width":960,"height":360,"url":"https:\/\/www.amper-aufsperrdienst.de\/wp-content\/uploads\/2024\/04\/schluesseldienst-muenchen-harthof.webp","type":"image\/webp"}],"twitter_misc":{"Est. reading time":"4 minutes"},"schema":{"@context":"https:\/\/schema.org","@graph":[{"@type":"WebPage","@id":"https:\/\/www.amper-aufsperrdienst.de\/en\/locksmith-munich-harthof\/","url":"https:\/\/www.amper-aufsperrdienst.de\/en\/locksmith-munich-harthof\/","name":"Locksmith Munich Harthof: from \u20ac52,- fixed price","isPartOf":{"@id":"https:\/\/www.amper-aufsperrdienst.de\/en\/#website"},"primaryImageOfPage":{"@id":"https:\/\/www.amper-aufsperrdienst.de\/en\/locksmith-munich-harthof\/#primaryimage"},"image":{"@id":"https:\/\/www.amper-aufsperrdienst.de\/en\/locksmith-munich-harthof\/#primaryimage"},"thumbnailUrl":"https:\/\/www.amper-aufsperrdienst.de\/wp-content\/uploads\/2024\/04\/schluesseldienst-muenchen-harthof.webp","datePublished":"2018-06-28T04:52:05+00:00","dateModified":"2026-02-11T05:44:35+00:00","description":"Reliable and honest locksmith service in Munich Harthof with friendly professional locksmiths, free emergency hotline, fast 24\/7 service and fixed price guarantee: non-destructive unlocking using the best locksmith tools. Available free of charge at any time, even on Sundays and public holidays!","breadcrumb":{"@id":"https:\/\/www.amper-aufsperrdienst.de\/en\/locksmith-munich-harthof\/#breadcrumb"},"inLanguage":"en-US","potentialAction":[{"@type":"ReadAction","target":["https:\/\/www.amper-aufsperrdienst.de\/en\/locksmith-munich-harthof\/"]}]},{"@type":"ImageObject","inLanguage":"en-US","@id":"https:\/\/www.amper-aufsperrdienst.de\/en\/locksmith-munich-harthof\/#primaryimage","url":"https:\/\/www.amper-aufsperrdienst.de\/wp-content\/uploads\/2024\/04\/schluesseldienst-muenchen-harthof.webp","contentUrl":"https:\/\/www.amper-aufsperrdienst.de\/wp-content\/uploads\/2024\/04\/schluesseldienst-muenchen-harthof.webp","width":960,"height":360,"caption":"Schl\u00fcsseldienst M\u00fcnchen-Harthof \u2013 T\u00fcr\u00f6ffnung vom Amper Aufsperrdienst \u2013 professionelle Beratung zum Einbruchschutz"},{"@type":"BreadcrumbList","@id":"https:\/\/www.amper-aufsperrdienst.de\/en\/locksmith-munich-harthof\/#breadcrumb","itemListElement":[{"@type":"ListItem","position":1,"name":"Home","item":"https:\/\/www.amper-aufsperrdienst.de\/en\/"},{"@type":"ListItem","position":2,"name":"Locksmith Munich Harthof"}]},{"@type":"WebSite","@id":"https:\/\/www.amper-aufsperrdienst.de\/en\/#website","url":"https:\/\/www.amper-aufsperrdienst.de\/en\/","name":"Locksmith for Munich, Dachau and F\u00fcrstenfeldbruck","description":"Amper Aufsperrdienst","potentialAction":[{"@type":"SearchAction","target":{"@type":"EntryPoint","urlTemplate":"https:\/\/www.amper-aufsperrdienst.de\/en\/?s={search_term_string}"},"query-input":{"@type":"PropertyValueSpecification","valueRequired":true,"valueName":"search_term_string"}}],"inLanguage":"en-US"}]}},"_links":{"self":[{"href":"https:\/\/www.amper-aufsperrdienst.de\/en\/wp-json\/wp\/v2\/pages\/11921","targetHints":{"allow":["GET"]}}],"collection":[{"href":"https:\/\/www.amper-aufsperrdienst.de\/en\/wp-json\/wp\/v2\/pages"}],"about":[{"href":"https:\/\/www.amper-aufsperrdienst.de\/en\/wp-json\/wp\/v2\/types\/page"}],"author":[{"embeddable":true,"href":"https:\/\/www.amper-aufsperrdienst.de\/en\/wp-json\/wp\/v2\/users\/2"}],"replies":[{"embeddable":true,"href":"https:\/\/www.amper-aufsperrdienst.de\/en\/wp-json\/wp\/v2\/comments?post=11921"}],"version-history":[{"count":3,"href":"https:\/\/www.amper-aufsperrdienst.de\/en\/wp-json\/wp\/v2\/pages\/11921\/revisions"}],"predecessor-version":[{"id":15127,"href":"https:\/\/www.amper-aufsperrdienst.de\/en\/wp-json\/wp\/v2\/pages\/11921\/revisions\/15127"}],"wp:featuredmedia":[{"embeddable":true,"href":"https:\/\/www.amper-aufsperrdienst.de\/en\/wp-json\/wp\/v2\/media\/11920"}],"wp:attachment":[{"href":"https:\/\/www.amper-aufsperrdienst.de\/en\/wp-json\/wp\/v2\/media?parent=11921"}],"curies":[{"name":"wp","href":"https:\/\/api.w.org\/{rel}","templated":true}]}}