{"id":11964,"date":"2018-02-28T07:04:13","date_gmt":"2018-02-28T05:04:13","guid":{"rendered":"https:\/\/www.amper-aufsperrdienst.de\/locksmith-munich-juergen-von-hollander-platz\/"},"modified":"2026-02-11T07:45:19","modified_gmt":"2026-02-11T05:45:19","slug":"locksmith-munich-juergen-von-hollander-platz","status":"publish","type":"page","link":"https:\/\/www.amper-aufsperrdienst.de\/en\/locksmith-munich-juergen-von-hollander-platz\/","title":{"rendered":"Locksmith Munich J\u00fcrgen-von-Hollander-Platz"},"content":{"rendered":"<p><img loading=\"lazy\" decoding=\"async\" class=\"alignleft\" style=\"margin-bottom: 5px !important;\" src=\"https:\/\/www.amper-aufsperrdienst.de\/wp-content\/uploads\/2021\/03\/schluesseldienst-muenchen-juergen-von-hollander-platz-festpreis-ab-52-siegel.jpg\" alt=\"Amper Locksmith Opening Service muenchen-juergen-von-hollander-platz with fixed price from 52,- EUR\" width=\"250\" height=\"250\" \/><\/p>\n<p>You&#8217;ve thought of everything, but not your key? Don&#8217;t worry, this happens to many people every day. From now on, you can always stay calm in such a situation, because our experienced and reliable locksmith service in Munich&#8217;s J\u00fcrgen-von-Hollander-Platz district will be on their way immediately when you need them. Mario Pichelmaier and his team are your dependable emergency locksmith service and will help you whenever you&#8217;re locked out: for a fixed price and with the best locksmith tools. Call us anytime, free of charge!<\/p>\n<h2>J\u00fcrgen-von-Hollander-Platz in the Milbertshofen district of Munich<\/h2>\n<div id=\"attachment_10334\" style=\"width: 610px\" class=\"wp-caption alignleft\"><img loading=\"lazy\" decoding=\"async\" aria-describedby=\"caption-attachment-10334\" class=\"size-full wp-image-10334\" src=\"https:\/\/www.amper-aufsperrdienst.de\/wp-content\/uploads\/2024\/04\/juergen-von-hollander-platz.webp\" alt=\"J\u00fcrgen-von-Hollander-Platz, Milbertshofen-Am Hart district\" width=\"600\" height=\"450\" srcset=\"https:\/\/www.amper-aufsperrdienst.de\/wp-content\/uploads\/2024\/04\/juergen-von-hollander-platz.webp 600w, https:\/\/www.amper-aufsperrdienst.de\/wp-content\/uploads\/2024\/04\/juergen-von-hollander-platz-300x225.webp 300w, https:\/\/www.amper-aufsperrdienst.de\/wp-content\/uploads\/2024\/04\/juergen-von-hollander-platz-480x360.webp 480w, https:\/\/www.amper-aufsperrdienst.de\/wp-content\/uploads\/2024\/04\/juergen-von-hollander-platz-146x110.webp 146w\" sizes=\"auto, (max-width: 600px) 100vw, 600px\" \/><p id=\"caption-attachment-10334\" class=\"wp-caption-text\">J\u00fcrgen-von-Hollander-Platz is named after the Munich writer and journalist of the same name.<\/p><\/div>\n<p>In the Munich district of Milbertshofen lies J\u00fcrgen-von-Hollander-Platz, bordered by Nietzschestrasse and Georgenschwaigstrasse. It is primarily characterized by its exceptionally pleasant atmosphere, making it particularly popular with children and families.<\/p>\n<p>With its numerous benches and the bronze vase that spouts water, J\u00fcrgen-von-Hollander-Platz is very popular with locals and tourists alike. The fountain is circular and has a diameter of five meters. It is also bordered by porphyry stones. The fountain plaza is enclosed by a surrounding lawn, forming an almost complete ring. The tree-lined avenue and the decorative sidewalks of the street lead directly to the green space.<\/p>\n          <!-- tarif -->\n<h2><b><span style=\"vertical-align: inherit;\"><span style=\"vertical-align: inherit;\">Our binding fixed prices start from \u20ac52.<\/span><\/span><\/b><\/h2>\n<p>Amper Locksmith Service is a fair locksmith service with transparent fixed prices:<\/p>\n<div class=\"table-title\">\n\tPRICE LIST  UNLOCK\n<\/div>\n<!-- Table part-->\n<table class=\"table\">\n  <thead class=\"header\">\n\t  <tr>\n     \t <th scope=\"col\">Time<\/th>\n     \t <th scope=\"col\">8 - 18<\/th>\n     \t <th scope=\"col\">18 - 22<\/th>\n     \t <th scope=\"col\">22 - 8<\/th>\n\t<\/tr>\n  <\/thead>\n  <tbody>\n     \t  <tr class=\"weekdays\">\n     \t  \t  <td class=\"tag\" data-label=\"Time\">Mo - Fr<\/td>\n     \t  \t  <td class=\"hrs tag\" data-label=\"8 - 18\">52,- \u20ac<\/td>\n     \t  \t  <td class=\"tag space\" data-label=\"18 - 22\">82,- \u20ac<\/td>\n     \t  \t  <td data-label=\"22 - 8\">95,- \u20ac<\/td>\n     \t  <\/tr>\n     <tr class=\"weekends\">\n     \t  \t  <td class=\"tag\" data-label=\"Time\">Sa<\/td>\n     \t  \t  <td class=\"tag\" data-label=\"8 - 18\">95,- \u20ac<\/td>\n     \t  \t  <td class=\"tag\" data-label=\"18 - 22\">95,- \u20ac<\/td>\n     \t  \t  <td data-label=\"22 - 8\">125,- \u20ac<\/td>\n     \t  <\/tr>\n     <tr class=\"holidays\">\n     \t  \t  <td class=\"tag\" data-label=\"Time\">So & holiday<\/td>\n     \t  \t  <td class=\"tag\" data-label=\"8 - 18\">125,- \u20ac<\/td>\n     \t  \t  <td class=\"tag\" data-label=\"18 - 22\">125,-\u20ac<\/td>\n     \t  \t  <td data-label=\"22 - 8\">125,-\u20ac<\/td>\n     \t  <\/tr>\n     <\/tbody>\n<\/table>\n<!-- Table Description-->\n<div class=\"table-description\">\n\t<em>Please call to inquire about travel costs.<\/em>\n<\/div>\n<!-- Wordings below -->\n<div class=\"wordings\">\n<p>The prices listed in this table are binding for unlocking a door that has slammed shut or been pulled shut (without self-locking mechanisms). Please feel free to contact us if you would like a price quote for other locksmith services. We will gladly provide you with a transparent, fixed-price offer.<\/p>\n<\/div>\n\n<!-- END Wordings -->\n\n\n\n<div class=\"ansprech\">Locksmith Munich J\u00fcrgen-von-Hollander-Platz with friendly locksmiths<br \/>\n<h3 class=\"phone mobilesOnly\"><a href=\"tel:+498000131131\">0800 \/ 0 131 131<\/a><\/h3><h3 class=\"phone desktopOnly\"><a href=\"tel:+498000131131\">0800 \/ 0 131 131<\/a><\/h3>Fairly calculated fixed price for damage-free door opening in approx. 30 minutes, also available on Sundays and public holidays!<\/div>\n<h2>Fast door opening whenever you need it: available 24 hours a day<\/h2>\n<p>Need a quick door opening? We believe that a locksmith should always be there when you really need help. That&#8217;s why Amper Locksmith Service, led by Mario Pichelmaier and his team, is an emergency locksmith service available around the clock. Whether it&#8217;s the weekend, Christmas, Easter, or a weekday: We open doors without damage, 24\/7, 365 days a year.<\/p>\n<h2>Locksmith Munich J\u00fcrgen-von-Hollander-Platz with fixed price guarantee<\/h2>\n<p>Unlike other providers, we don&#8217;t charge exorbitant surcharges or exorbitant additional fees, because we only work with fixed prices that we guarantee. You can always reach us as an emergency locksmith service on our toll-free number. The locksmith service in Munich at J\u00fcrgen-von-Hollander-Platz will gladly tell you the fixed price you will incur in advance.<\/p>\n<h2>Damage-free door opening: We are your long-established company!<\/h2>\n<p>Under company owner Mario Pichelmaier, Amper Locksmith Service is now in its third generation and performs damage-free door opening in 99% of cases. No matter how complicated the situation may seem, we offer fast door opening using only specialized tools. We also use these tools when offering additional security technology services. Whether it&#8217;s a security analysis or professional locks, with our help, burglars won&#8217;t stand a chance.<\/p>\n<div class=\"ansprech\">Locksmith Munich J\u00fcrgen-von-Hollander-Platz with friendly locksmiths<br \/>\n<h3 class=\"phone mobilesOnly\"><a href=\"tel:+498000131131\">0800 \/ 0 131 131<\/a><\/h3><h3 class=\"phone desktopOnly\"><a href=\"tel:+498000131131\">0800 \/ 0 131 131<\/a><\/h3>Fairly calculated fixed price for damage-free door opening in approx. 30 minutes, also available on Sundays and public holidays!<\/div>\n","protected":false},"excerpt":{"rendered":"<p>You&#8217;ve thought of everything, but not your key? Don&#8217;t worry, this happens to many people every day. From now on, you can always stay calm in such a situation, because our experienced and reliable locksmith service in Munich&#8217;s J\u00fcrgen-von-Hollander-Platz district will be on their way immediately when you need them. Mario Pichelmaier and his team [&hellip;]<\/p>\n","protected":false},"author":2,"featured_media":11960,"parent":0,"menu_order":0,"comment_status":"closed","ping_status":"closed","template":"","meta":{"footnotes":"","_links_to":"","_links_to_target":""},"class_list":["post-11964","page","type-page","status-publish","has-post-thumbnail","hentry"],"yoast_head":"<!-- This site is optimized with the Yoast SEO plugin v27.4 - https:\/\/yoast.com\/product\/yoast-seo-wordpress\/ -->\n<title>Locksmith Munich J\u00fcrgen-von-Hollander-Platz: from \u20ac52,- fixed price<\/title>\n<meta name=\"description\" content=\"Friendly and reliable locksmith service in Munich&#039;s J\u00fcrgen-von-Hollander-Platz with 24-hour emergency service, freephone number, and transparent fixed prices: non-destructive door opening in approximately 30 minutes. Call us anytime, free of charge! We are available around the clock, even on Sundays and public holidays!\" \/>\n<meta name=\"robots\" content=\"index, follow, max-snippet:-1, max-image-preview:large, max-video-preview:-1\" \/>\n<link rel=\"canonical\" href=\"https:\/\/www.amper-aufsperrdienst.de\/en\/locksmith-munich-juergen-von-hollander-platz\/\" \/>\n<meta property=\"og:locale\" content=\"en_US\" \/>\n<meta property=\"og:type\" content=\"article\" \/>\n<meta property=\"og:title\" content=\"Locksmith Munich J\u00fcrgen-von-Hollander-Platz: from \u20ac52,- fixed price\" \/>\n<meta property=\"og:description\" content=\"Friendly and reliable locksmith service in Munich&#039;s J\u00fcrgen-von-Hollander-Platz with 24-hour emergency service, freephone number, and transparent fixed prices: non-destructive door opening in approximately 30 minutes. Call us anytime, free of charge! We are available around the clock, even on Sundays and public holidays!\" \/>\n<meta property=\"og:url\" content=\"https:\/\/www.amper-aufsperrdienst.de\/en\/locksmith-munich-juergen-von-hollander-platz\/\" \/>\n<meta property=\"og:site_name\" content=\"Locksmith for Munich, Dachau and F\u00fcrstenfeldbruck\" \/>\n<meta property=\"article:modified_time\" content=\"2026-02-11T05:45:19+00:00\" \/>\n<meta property=\"og:image\" content=\"https:\/\/www.amper-aufsperrdienst.de\/wp-content\/uploads\/2024\/04\/schluesseldienst-juergen-von-hollander-platz.webp\" \/>\n\t<meta property=\"og:image:width\" content=\"960\" \/>\n\t<meta property=\"og:image:height\" content=\"360\" \/>\n\t<meta property=\"og:image:type\" content=\"image\/webp\" \/>\n<meta name=\"twitter:label1\" content=\"Est. reading time\" \/>\n\t<meta name=\"twitter:data1\" content=\"4 minutes\" \/>\n<script type=\"application\/ld+json\" class=\"yoast-schema-graph\">{\"@context\":\"https:\\\/\\\/schema.org\",\"@graph\":[{\"@type\":\"WebPage\",\"@id\":\"https:\\\/\\\/www.amper-aufsperrdienst.de\\\/en\\\/locksmith-munich-juergen-von-hollander-platz\\\/\",\"url\":\"https:\\\/\\\/www.amper-aufsperrdienst.de\\\/en\\\/locksmith-munich-juergen-von-hollander-platz\\\/\",\"name\":\"Locksmith Munich J\u00fcrgen-von-Hollander-Platz: from \u20ac52,- fixed price\",\"isPartOf\":{\"@id\":\"https:\\\/\\\/www.amper-aufsperrdienst.de\\\/en\\\/#website\"},\"primaryImageOfPage\":{\"@id\":\"https:\\\/\\\/www.amper-aufsperrdienst.de\\\/en\\\/locksmith-munich-juergen-von-hollander-platz\\\/#primaryimage\"},\"image\":{\"@id\":\"https:\\\/\\\/www.amper-aufsperrdienst.de\\\/en\\\/locksmith-munich-juergen-von-hollander-platz\\\/#primaryimage\"},\"thumbnailUrl\":\"https:\\\/\\\/www.amper-aufsperrdienst.de\\\/wp-content\\\/uploads\\\/2024\\\/04\\\/schluesseldienst-juergen-von-hollander-platz.webp\",\"datePublished\":\"2018-02-28T05:04:13+00:00\",\"dateModified\":\"2026-02-11T05:45:19+00:00\",\"description\":\"Friendly and reliable locksmith service in Munich's J\u00fcrgen-von-Hollander-Platz with 24-hour emergency service, freephone number, and transparent fixed prices: non-destructive door opening in approximately 30 minutes. Call us anytime, free of charge! We are available around the clock, even on Sundays and public holidays!\",\"breadcrumb\":{\"@id\":\"https:\\\/\\\/www.amper-aufsperrdienst.de\\\/en\\\/locksmith-munich-juergen-von-hollander-platz\\\/#breadcrumb\"},\"inLanguage\":\"en-US\",\"potentialAction\":[{\"@type\":\"ReadAction\",\"target\":[\"https:\\\/\\\/www.amper-aufsperrdienst.de\\\/en\\\/locksmith-munich-juergen-von-hollander-platz\\\/\"]}]},{\"@type\":\"ImageObject\",\"inLanguage\":\"en-US\",\"@id\":\"https:\\\/\\\/www.amper-aufsperrdienst.de\\\/en\\\/locksmith-munich-juergen-von-hollander-platz\\\/#primaryimage\",\"url\":\"https:\\\/\\\/www.amper-aufsperrdienst.de\\\/wp-content\\\/uploads\\\/2024\\\/04\\\/schluesseldienst-juergen-von-hollander-platz.webp\",\"contentUrl\":\"https:\\\/\\\/www.amper-aufsperrdienst.de\\\/wp-content\\\/uploads\\\/2024\\\/04\\\/schluesseldienst-juergen-von-hollander-platz.webp\",\"width\":960,\"height\":360,\"caption\":\"Schl\u00fcsseldienst f\u00fcr J\u00fcrgen-von-Hollander-Platz \u2013 Dienstleistungen im Bereich der Sicherheitstechnik \u2013 Traditionsunternehmen in dritter Generation\"},{\"@type\":\"BreadcrumbList\",\"@id\":\"https:\\\/\\\/www.amper-aufsperrdienst.de\\\/en\\\/locksmith-munich-juergen-von-hollander-platz\\\/#breadcrumb\",\"itemListElement\":[{\"@type\":\"ListItem\",\"position\":1,\"name\":\"Home\",\"item\":\"https:\\\/\\\/www.amper-aufsperrdienst.de\\\/en\\\/\"},{\"@type\":\"ListItem\",\"position\":2,\"name\":\"Locksmith Munich J\u00fcrgen-von-Hollander-Platz\"}]},{\"@type\":\"WebSite\",\"@id\":\"https:\\\/\\\/www.amper-aufsperrdienst.de\\\/en\\\/#website\",\"url\":\"https:\\\/\\\/www.amper-aufsperrdienst.de\\\/en\\\/\",\"name\":\"Locksmith for Munich, Dachau and F\u00fcrstenfeldbruck\",\"description\":\"Amper Aufsperrdienst\",\"potentialAction\":[{\"@type\":\"SearchAction\",\"target\":{\"@type\":\"EntryPoint\",\"urlTemplate\":\"https:\\\/\\\/www.amper-aufsperrdienst.de\\\/en\\\/?s={search_term_string}\"},\"query-input\":{\"@type\":\"PropertyValueSpecification\",\"valueRequired\":true,\"valueName\":\"search_term_string\"}}],\"inLanguage\":\"en-US\"}]}<\/script>\n<!-- \/ Yoast SEO plugin. -->","yoast_head_json":{"title":"Locksmith Munich J\u00fcrgen-von-Hollander-Platz: from \u20ac52,- fixed price","description":"Friendly and reliable locksmith service in Munich's J\u00fcrgen-von-Hollander-Platz with 24-hour emergency service, freephone number, and transparent fixed prices: non-destructive door opening in approximately 30 minutes. Call us anytime, free of charge! We are available around the clock, even on Sundays and public holidays!","robots":{"index":"index","follow":"follow","max-snippet":"max-snippet:-1","max-image-preview":"max-image-preview:large","max-video-preview":"max-video-preview:-1"},"canonical":"https:\/\/www.amper-aufsperrdienst.de\/en\/locksmith-munich-juergen-von-hollander-platz\/","og_locale":"en_US","og_type":"article","og_title":"Locksmith Munich J\u00fcrgen-von-Hollander-Platz: from \u20ac52,- fixed price","og_description":"Friendly and reliable locksmith service in Munich's J\u00fcrgen-von-Hollander-Platz with 24-hour emergency service, freephone number, and transparent fixed prices: non-destructive door opening in approximately 30 minutes. Call us anytime, free of charge! We are available around the clock, even on Sundays and public holidays!","og_url":"https:\/\/www.amper-aufsperrdienst.de\/en\/locksmith-munich-juergen-von-hollander-platz\/","og_site_name":"Locksmith for Munich, Dachau and F\u00fcrstenfeldbruck","article_modified_time":"2026-02-11T05:45:19+00:00","og_image":[{"width":960,"height":360,"url":"https:\/\/www.amper-aufsperrdienst.de\/wp-content\/uploads\/2024\/04\/schluesseldienst-juergen-von-hollander-platz.webp","type":"image\/webp"}],"twitter_misc":{"Est. reading time":"4 minutes"},"schema":{"@context":"https:\/\/schema.org","@graph":[{"@type":"WebPage","@id":"https:\/\/www.amper-aufsperrdienst.de\/en\/locksmith-munich-juergen-von-hollander-platz\/","url":"https:\/\/www.amper-aufsperrdienst.de\/en\/locksmith-munich-juergen-von-hollander-platz\/","name":"Locksmith Munich J\u00fcrgen-von-Hollander-Platz: from \u20ac52,- fixed price","isPartOf":{"@id":"https:\/\/www.amper-aufsperrdienst.de\/en\/#website"},"primaryImageOfPage":{"@id":"https:\/\/www.amper-aufsperrdienst.de\/en\/locksmith-munich-juergen-von-hollander-platz\/#primaryimage"},"image":{"@id":"https:\/\/www.amper-aufsperrdienst.de\/en\/locksmith-munich-juergen-von-hollander-platz\/#primaryimage"},"thumbnailUrl":"https:\/\/www.amper-aufsperrdienst.de\/wp-content\/uploads\/2024\/04\/schluesseldienst-juergen-von-hollander-platz.webp","datePublished":"2018-02-28T05:04:13+00:00","dateModified":"2026-02-11T05:45:19+00:00","description":"Friendly and reliable locksmith service in Munich's J\u00fcrgen-von-Hollander-Platz with 24-hour emergency service, freephone number, and transparent fixed prices: non-destructive door opening in approximately 30 minutes. Call us anytime, free of charge! We are available around the clock, even on Sundays and public holidays!","breadcrumb":{"@id":"https:\/\/www.amper-aufsperrdienst.de\/en\/locksmith-munich-juergen-von-hollander-platz\/#breadcrumb"},"inLanguage":"en-US","potentialAction":[{"@type":"ReadAction","target":["https:\/\/www.amper-aufsperrdienst.de\/en\/locksmith-munich-juergen-von-hollander-platz\/"]}]},{"@type":"ImageObject","inLanguage":"en-US","@id":"https:\/\/www.amper-aufsperrdienst.de\/en\/locksmith-munich-juergen-von-hollander-platz\/#primaryimage","url":"https:\/\/www.amper-aufsperrdienst.de\/wp-content\/uploads\/2024\/04\/schluesseldienst-juergen-von-hollander-platz.webp","contentUrl":"https:\/\/www.amper-aufsperrdienst.de\/wp-content\/uploads\/2024\/04\/schluesseldienst-juergen-von-hollander-platz.webp","width":960,"height":360,"caption":"Schl\u00fcsseldienst f\u00fcr J\u00fcrgen-von-Hollander-Platz \u2013 Dienstleistungen im Bereich der Sicherheitstechnik \u2013 Traditionsunternehmen in dritter Generation"},{"@type":"BreadcrumbList","@id":"https:\/\/www.amper-aufsperrdienst.de\/en\/locksmith-munich-juergen-von-hollander-platz\/#breadcrumb","itemListElement":[{"@type":"ListItem","position":1,"name":"Home","item":"https:\/\/www.amper-aufsperrdienst.de\/en\/"},{"@type":"ListItem","position":2,"name":"Locksmith Munich J\u00fcrgen-von-Hollander-Platz"}]},{"@type":"WebSite","@id":"https:\/\/www.amper-aufsperrdienst.de\/en\/#website","url":"https:\/\/www.amper-aufsperrdienst.de\/en\/","name":"Locksmith for Munich, Dachau and F\u00fcrstenfeldbruck","description":"Amper Aufsperrdienst","potentialAction":[{"@type":"SearchAction","target":{"@type":"EntryPoint","urlTemplate":"https:\/\/www.amper-aufsperrdienst.de\/en\/?s={search_term_string}"},"query-input":{"@type":"PropertyValueSpecification","valueRequired":true,"valueName":"search_term_string"}}],"inLanguage":"en-US"}]}},"_links":{"self":[{"href":"https:\/\/www.amper-aufsperrdienst.de\/en\/wp-json\/wp\/v2\/pages\/11964","targetHints":{"allow":["GET"]}}],"collection":[{"href":"https:\/\/www.amper-aufsperrdienst.de\/en\/wp-json\/wp\/v2\/pages"}],"about":[{"href":"https:\/\/www.amper-aufsperrdienst.de\/en\/wp-json\/wp\/v2\/types\/page"}],"author":[{"embeddable":true,"href":"https:\/\/www.amper-aufsperrdienst.de\/en\/wp-json\/wp\/v2\/users\/2"}],"replies":[{"embeddable":true,"href":"https:\/\/www.amper-aufsperrdienst.de\/en\/wp-json\/wp\/v2\/comments?post=11964"}],"version-history":[{"count":2,"href":"https:\/\/www.amper-aufsperrdienst.de\/en\/wp-json\/wp\/v2\/pages\/11964\/revisions"}],"predecessor-version":[{"id":15131,"href":"https:\/\/www.amper-aufsperrdienst.de\/en\/wp-json\/wp\/v2\/pages\/11964\/revisions\/15131"}],"wp:featuredmedia":[{"embeddable":true,"href":"https:\/\/www.amper-aufsperrdienst.de\/en\/wp-json\/wp\/v2\/media\/11960"}],"wp:attachment":[{"href":"https:\/\/www.amper-aufsperrdienst.de\/en\/wp-json\/wp\/v2\/media?parent=11964"}],"curies":[{"name":"wp","href":"https:\/\/api.w.org\/{rel}","templated":true}]}}