{"id":11965,"date":"2017-08-30T09:55:50","date_gmt":"2017-08-30T07:55:50","guid":{"rendered":"https:\/\/www.amper-aufsperrdienst.de\/schluesseldienst-petershausen\/"},"modified":"2026-01-28T05:46:53","modified_gmt":"2026-01-28T03:46:53","slug":"locksmith-petershausen","status":"publish","type":"page","link":"https:\/\/www.amper-aufsperrdienst.de\/en\/locksmith-petershausen\/","title":{"rendered":"Locksmith Petershausen"},"content":{"rendered":"<p><img loading=\"lazy\" decoding=\"async\" class=\"alignleft\" style=\"margin-bottom: 5px !important;\" src=\"https:\/\/www.amper-aufsperrdienst.de\/wp-content\/uploads\/2021\/03\/schluesseldienst-petershausen-festpreis-ab-52-siegel.jpg\" alt=\"Amper Locksmith Opening Service petershausen with fixed price from 52,- EUR\" width=\"250\" height=\"250\" \/><\/p>\n<p>&#8220;How could this happen?&#8221; &#8211; you ask yourself, standing in front of your locked front door. Getting locked out happens more often than you think. As a long-established locksmith service in Petershausen, we are familiar with the most unusual cases. Please don\u2019t worry if you\u2019ve accidentally locked yourself out! We are happy to help you quickly and reliably, and if you wish, we can even agree on a fixed, affordable price for your door opening right over the phone. Just give us a call anytime for free! You only give us the order after you have received our fixed-price offer! (or not)<\/p>\n          <!-- tarif -->\n<h2><b><span style=\"vertical-align: inherit;\"><span style=\"vertical-align: inherit;\">Our binding fixed prices start from \u20ac52.<\/span><\/span><\/b><\/h2>\n<p>Amper Locksmith Service is a fair locksmith service with transparent fixed prices:<\/p>\n<div class=\"table-title\">\n\tPRICE LIST  UNLOCK\n<\/div>\n<!-- Table part-->\n<table class=\"table\">\n  <thead class=\"header\">\n\t  <tr>\n     \t <th scope=\"col\">Time<\/th>\n     \t <th scope=\"col\">8 - 18<\/th>\n     \t <th scope=\"col\">18 - 22<\/th>\n     \t <th scope=\"col\">22 - 8<\/th>\n\t<\/tr>\n  <\/thead>\n  <tbody>\n     \t  <tr class=\"weekdays\">\n     \t  \t  <td class=\"tag\" data-label=\"Time\">Mo - Fr<\/td>\n     \t  \t  <td class=\"hrs tag\" data-label=\"8 - 18\">52,- \u20ac<\/td>\n     \t  \t  <td class=\"tag space\" data-label=\"18 - 22\">82,- \u20ac<\/td>\n     \t  \t  <td data-label=\"22 - 8\">95,- \u20ac<\/td>\n     \t  <\/tr>\n     <tr class=\"weekends\">\n     \t  \t  <td class=\"tag\" data-label=\"Time\">Sa<\/td>\n     \t  \t  <td class=\"tag\" data-label=\"8 - 18\">95,- \u20ac<\/td>\n     \t  \t  <td class=\"tag\" data-label=\"18 - 22\">95,- \u20ac<\/td>\n     \t  \t  <td data-label=\"22 - 8\">125,- \u20ac<\/td>\n     \t  <\/tr>\n     <tr class=\"holidays\">\n     \t  \t  <td class=\"tag\" data-label=\"Time\">So & holiday<\/td>\n     \t  \t  <td class=\"tag\" data-label=\"8 - 18\">125,- \u20ac<\/td>\n     \t  \t  <td class=\"tag\" data-label=\"18 - 22\">125,-\u20ac<\/td>\n     \t  \t  <td data-label=\"22 - 8\">125,-\u20ac<\/td>\n     \t  <\/tr>\n     <\/tbody>\n<\/table>\n<!-- Table Description-->\n<div class=\"table-description\">\n\t<em>Please call to inquire about travel costs.<\/em>\n<\/div>\n<!-- Wordings below -->\n<div class=\"wordings\">\n<p>The prices listed in this table are binding for unlocking a door that has slammed shut or been pulled shut (without self-locking mechanisms). Please feel free to contact us if you would like a price quote for other locksmith services. We will gladly provide you with a transparent, fixed-price offer.<\/p>\n<\/div>\n\n<!-- END Wordings -->\n\n\n\n<div class=\"ansprech\">Our 24-hour emergency number for Petershausen<br \/>\n<h3 class=\"phone mobilesOnly\"><a href=\"tel:+498000131131\">0800 \/ 0 131 131<\/a><\/h3><h3 class=\"phone desktopOnly\"><a href=\"tel:+498000131131\">0800 \/ 0 131 131<\/a><\/h3> Free of charge and available at any time!<\/div>\n<h2>The municipality of Petershausen in the Dachau district<\/h2>\n<p>The municipality of Petershausen is located on the Glonn and belongs to the Dachau district. Just under 6,400 people live here on an area of exactly 32.79 square kilometers. The postal code of Petershausen is 85238. Petershausen is situated in the northeast of the Dachau district.<\/p>\n<p>Petershausen is divided into the following districts: Asbach, Freymann, Glonnbercha, G\u00f6ppertshausen, H\u00f6ckhof, Kollbach, Lindach, Mittermarbach, M\u00fchldorf, Oberhausen, Obermarbach, Petershausen, Piflitz, Sollern, Speckhof, Wasenhof, Wei\u00dfling, and Ziegelberg.<\/p>\n<h2>Petershausen Locksmith: Unlocking at a Fixed Price<\/h2>\n<p>Are you in Petershausen or one of its districts and urgently need a locksmith who is both experienced and fast, and can open entrance doors without damage at a reasonable fixed price? In that case, you are welcome to call us. Our 24-hour emergency number is free of charge and always available. Simply explain your situation to us. Based on your description, we will tell you what we can do for you and the fixed price we charge for it. This price is, of course, binding and cannot be changed even after the door has been unlocked.<\/p>\n<h2>In operation around the clock<\/h2>\n<p>One distinguishing feature compared to other locksmith services is that we are available around the clock. We are therefore not just a locksmith service, but an emergency locksmith service. Many people may not really know the difference. But as an emergency locksmith service, we don\u2019t just work during certain business hours; we are on call at any time, 24 hours a day, 365 days a year. So it doesn\u2019t matter whether you\u2019ve locked yourself out on a Monday morning or on Christmas Eve. We are always on the move so that you don\u2019t have to stand in front of a locked or closed door for even a minute longer!<\/p>\n<h2>Non-destructive unlocking in Petershausen<\/h2>\n<p>Of course, our focus is not only on our 24-hour availability as a genuine emergency service, but also on door openings that leave no damage. That\u2019s why we use only professional locksmith tools. In addition, the employees of Amper Locksmith Service are extremely well trained and highly skilled in their craft. See for yourself our expertise and experience. A locksmith service doesn\u2019t just survive for three generations by chance!<\/p>\n<p>So, if you are looking for a competent, reliable, and affordable locksmith in Petershausen who offers non-destructive door openings at a fair fixed price, you are welcome to contact us. Our 24-hour emergency number is free and always available. We are happy to advise you and will come to your home as quickly as possible after being commissioned to provide professional assistance!<\/p>\n<div class=\"ansprech\">Our 24-hour emergency number for Petershausen<br \/>\n<h3 class=\"phone mobilesOnly\"><a href=\"tel:+498000131131\">0800 \/ 0 131 131<\/a><\/h3><h3 class=\"phone desktopOnly\"><a href=\"tel:+498000131131\">0800 \/ 0 131 131<\/a><\/h3> Free of charge and available at any time!<\/div>\n","protected":false},"excerpt":{"rendered":"<p>&#8220;How could this happen?&#8221; &#8211; you ask yourself, standing in front of your locked front door. Getting locked out happens more often than you think. As a long-established locksmith service in Petershausen, we are familiar with the most unusual cases. Please don\u2019t worry if you\u2019ve accidentally locked yourself out! We are happy to help you [&hellip;]<\/p>\n","protected":false},"author":2,"featured_media":11630,"parent":0,"menu_order":0,"comment_status":"closed","ping_status":"closed","template":"","meta":{"footnotes":"","_links_to":"","_links_to_target":""},"class_list":["post-11965","page","type-page","status-publish","has-post-thumbnail","hentry"],"yoast_head":"<!-- This site is optimized with the Yoast SEO plugin v27.4 - https:\/\/yoast.com\/product\/yoast-seo-wordpress\/ -->\n<title>Petershausen Locksmith: fixed price from \u20ac52<\/title>\n<meta name=\"description\" content=\"Reliable locksmith service in Petershausen with affordable fixed prices, fast 24-hour service, and a free emergency number: professional door opening without damage!\" \/>\n<meta name=\"robots\" content=\"index, follow, max-snippet:-1, max-image-preview:large, max-video-preview:-1\" \/>\n<link rel=\"canonical\" href=\"https:\/\/www.amper-aufsperrdienst.de\/en\/locksmith-petershausen\/\" \/>\n<meta property=\"og:locale\" content=\"en_US\" \/>\n<meta property=\"og:type\" content=\"article\" \/>\n<meta property=\"og:title\" content=\"Petershausen Locksmith: fixed price from \u20ac52\" \/>\n<meta property=\"og:description\" content=\"Reliable locksmith service in Petershausen with affordable fixed prices, fast 24-hour service, and a free emergency number: professional door opening without damage!\" \/>\n<meta property=\"og:url\" content=\"https:\/\/www.amper-aufsperrdienst.de\/en\/locksmith-petershausen\/\" \/>\n<meta property=\"og:site_name\" content=\"Locksmith for Munich, Dachau and F\u00fcrstenfeldbruck\" \/>\n<meta property=\"article:modified_time\" content=\"2026-01-28T03:46:53+00:00\" \/>\n<meta property=\"og:image\" content=\"https:\/\/www.amper-aufsperrdienst.de\/wp-content\/uploads\/2014\/12\/header-dachau.jpg\" \/>\n\t<meta property=\"og:image:width\" content=\"960\" \/>\n\t<meta property=\"og:image:height\" content=\"360\" \/>\n\t<meta property=\"og:image:type\" content=\"image\/jpeg\" \/>\n<meta name=\"twitter:label1\" content=\"Est. reading time\" \/>\n\t<meta name=\"twitter:data1\" content=\"4 minutes\" \/>\n<script type=\"application\/ld+json\" class=\"yoast-schema-graph\">{\"@context\":\"https:\\\/\\\/schema.org\",\"@graph\":[{\"@type\":\"WebPage\",\"@id\":\"https:\\\/\\\/www.amper-aufsperrdienst.de\\\/en\\\/locksmith-petershausen\\\/\",\"url\":\"https:\\\/\\\/www.amper-aufsperrdienst.de\\\/en\\\/locksmith-petershausen\\\/\",\"name\":\"Petershausen Locksmith: fixed price from \u20ac52\",\"isPartOf\":{\"@id\":\"https:\\\/\\\/www.amper-aufsperrdienst.de\\\/en\\\/#website\"},\"primaryImageOfPage\":{\"@id\":\"https:\\\/\\\/www.amper-aufsperrdienst.de\\\/en\\\/locksmith-petershausen\\\/#primaryimage\"},\"image\":{\"@id\":\"https:\\\/\\\/www.amper-aufsperrdienst.de\\\/en\\\/locksmith-petershausen\\\/#primaryimage\"},\"thumbnailUrl\":\"https:\\\/\\\/www.amper-aufsperrdienst.de\\\/wp-content\\\/uploads\\\/2014\\\/12\\\/header-dachau.jpg\",\"datePublished\":\"2017-08-30T07:55:50+00:00\",\"dateModified\":\"2026-01-28T03:46:53+00:00\",\"description\":\"Reliable locksmith service in Petershausen with affordable fixed prices, fast 24-hour service, and a free emergency number: professional door opening without damage!\",\"breadcrumb\":{\"@id\":\"https:\\\/\\\/www.amper-aufsperrdienst.de\\\/en\\\/locksmith-petershausen\\\/#breadcrumb\"},\"inLanguage\":\"en-US\",\"potentialAction\":[{\"@type\":\"ReadAction\",\"target\":[\"https:\\\/\\\/www.amper-aufsperrdienst.de\\\/en\\\/locksmith-petershausen\\\/\"]}]},{\"@type\":\"ImageObject\",\"inLanguage\":\"en-US\",\"@id\":\"https:\\\/\\\/www.amper-aufsperrdienst.de\\\/en\\\/locksmith-petershausen\\\/#primaryimage\",\"url\":\"https:\\\/\\\/www.amper-aufsperrdienst.de\\\/wp-content\\\/uploads\\\/2014\\\/12\\\/header-dachau.jpg\",\"contentUrl\":\"https:\\\/\\\/www.amper-aufsperrdienst.de\\\/wp-content\\\/uploads\\\/2014\\\/12\\\/header-dachau.jpg\",\"width\":960,\"height\":360},{\"@type\":\"BreadcrumbList\",\"@id\":\"https:\\\/\\\/www.amper-aufsperrdienst.de\\\/en\\\/locksmith-petershausen\\\/#breadcrumb\",\"itemListElement\":[{\"@type\":\"ListItem\",\"position\":1,\"name\":\"Home\",\"item\":\"https:\\\/\\\/www.amper-aufsperrdienst.de\\\/en\\\/\"},{\"@type\":\"ListItem\",\"position\":2,\"name\":\"Locksmith Petershausen\"}]},{\"@type\":\"WebSite\",\"@id\":\"https:\\\/\\\/www.amper-aufsperrdienst.de\\\/en\\\/#website\",\"url\":\"https:\\\/\\\/www.amper-aufsperrdienst.de\\\/en\\\/\",\"name\":\"Locksmith for Munich, Dachau and F\u00fcrstenfeldbruck\",\"description\":\"Amper Aufsperrdienst\",\"potentialAction\":[{\"@type\":\"SearchAction\",\"target\":{\"@type\":\"EntryPoint\",\"urlTemplate\":\"https:\\\/\\\/www.amper-aufsperrdienst.de\\\/en\\\/?s={search_term_string}\"},\"query-input\":{\"@type\":\"PropertyValueSpecification\",\"valueRequired\":true,\"valueName\":\"search_term_string\"}}],\"inLanguage\":\"en-US\"}]}<\/script>\n<!-- \/ Yoast SEO plugin. -->","yoast_head_json":{"title":"Petershausen Locksmith: fixed price from \u20ac52","description":"Reliable locksmith service in Petershausen with affordable fixed prices, fast 24-hour service, and a free emergency number: professional door opening without damage!","robots":{"index":"index","follow":"follow","max-snippet":"max-snippet:-1","max-image-preview":"max-image-preview:large","max-video-preview":"max-video-preview:-1"},"canonical":"https:\/\/www.amper-aufsperrdienst.de\/en\/locksmith-petershausen\/","og_locale":"en_US","og_type":"article","og_title":"Petershausen Locksmith: fixed price from \u20ac52","og_description":"Reliable locksmith service in Petershausen with affordable fixed prices, fast 24-hour service, and a free emergency number: professional door opening without damage!","og_url":"https:\/\/www.amper-aufsperrdienst.de\/en\/locksmith-petershausen\/","og_site_name":"Locksmith for Munich, Dachau and F\u00fcrstenfeldbruck","article_modified_time":"2026-01-28T03:46:53+00:00","og_image":[{"width":960,"height":360,"url":"https:\/\/www.amper-aufsperrdienst.de\/wp-content\/uploads\/2014\/12\/header-dachau.jpg","type":"image\/jpeg"}],"twitter_misc":{"Est. reading time":"4 minutes"},"schema":{"@context":"https:\/\/schema.org","@graph":[{"@type":"WebPage","@id":"https:\/\/www.amper-aufsperrdienst.de\/en\/locksmith-petershausen\/","url":"https:\/\/www.amper-aufsperrdienst.de\/en\/locksmith-petershausen\/","name":"Petershausen Locksmith: fixed price from \u20ac52","isPartOf":{"@id":"https:\/\/www.amper-aufsperrdienst.de\/en\/#website"},"primaryImageOfPage":{"@id":"https:\/\/www.amper-aufsperrdienst.de\/en\/locksmith-petershausen\/#primaryimage"},"image":{"@id":"https:\/\/www.amper-aufsperrdienst.de\/en\/locksmith-petershausen\/#primaryimage"},"thumbnailUrl":"https:\/\/www.amper-aufsperrdienst.de\/wp-content\/uploads\/2014\/12\/header-dachau.jpg","datePublished":"2017-08-30T07:55:50+00:00","dateModified":"2026-01-28T03:46:53+00:00","description":"Reliable locksmith service in Petershausen with affordable fixed prices, fast 24-hour service, and a free emergency number: professional door opening without damage!","breadcrumb":{"@id":"https:\/\/www.amper-aufsperrdienst.de\/en\/locksmith-petershausen\/#breadcrumb"},"inLanguage":"en-US","potentialAction":[{"@type":"ReadAction","target":["https:\/\/www.amper-aufsperrdienst.de\/en\/locksmith-petershausen\/"]}]},{"@type":"ImageObject","inLanguage":"en-US","@id":"https:\/\/www.amper-aufsperrdienst.de\/en\/locksmith-petershausen\/#primaryimage","url":"https:\/\/www.amper-aufsperrdienst.de\/wp-content\/uploads\/2014\/12\/header-dachau.jpg","contentUrl":"https:\/\/www.amper-aufsperrdienst.de\/wp-content\/uploads\/2014\/12\/header-dachau.jpg","width":960,"height":360},{"@type":"BreadcrumbList","@id":"https:\/\/www.amper-aufsperrdienst.de\/en\/locksmith-petershausen\/#breadcrumb","itemListElement":[{"@type":"ListItem","position":1,"name":"Home","item":"https:\/\/www.amper-aufsperrdienst.de\/en\/"},{"@type":"ListItem","position":2,"name":"Locksmith Petershausen"}]},{"@type":"WebSite","@id":"https:\/\/www.amper-aufsperrdienst.de\/en\/#website","url":"https:\/\/www.amper-aufsperrdienst.de\/en\/","name":"Locksmith for Munich, Dachau and F\u00fcrstenfeldbruck","description":"Amper Aufsperrdienst","potentialAction":[{"@type":"SearchAction","target":{"@type":"EntryPoint","urlTemplate":"https:\/\/www.amper-aufsperrdienst.de\/en\/?s={search_term_string}"},"query-input":{"@type":"PropertyValueSpecification","valueRequired":true,"valueName":"search_term_string"}}],"inLanguage":"en-US"}]}},"_links":{"self":[{"href":"https:\/\/www.amper-aufsperrdienst.de\/en\/wp-json\/wp\/v2\/pages\/11965","targetHints":{"allow":["GET"]}}],"collection":[{"href":"https:\/\/www.amper-aufsperrdienst.de\/en\/wp-json\/wp\/v2\/pages"}],"about":[{"href":"https:\/\/www.amper-aufsperrdienst.de\/en\/wp-json\/wp\/v2\/types\/page"}],"author":[{"embeddable":true,"href":"https:\/\/www.amper-aufsperrdienst.de\/en\/wp-json\/wp\/v2\/users\/2"}],"replies":[{"embeddable":true,"href":"https:\/\/www.amper-aufsperrdienst.de\/en\/wp-json\/wp\/v2\/comments?post=11965"}],"version-history":[{"count":2,"href":"https:\/\/www.amper-aufsperrdienst.de\/en\/wp-json\/wp\/v2\/pages\/11965\/revisions"}],"predecessor-version":[{"id":14615,"href":"https:\/\/www.amper-aufsperrdienst.de\/en\/wp-json\/wp\/v2\/pages\/11965\/revisions\/14615"}],"wp:featuredmedia":[{"embeddable":true,"href":"https:\/\/www.amper-aufsperrdienst.de\/en\/wp-json\/wp\/v2\/media\/11630"}],"wp:attachment":[{"href":"https:\/\/www.amper-aufsperrdienst.de\/en\/wp-json\/wp\/v2\/media?parent=11965"}],"curies":[{"name":"wp","href":"https:\/\/api.w.org\/{rel}","templated":true}]}}