{"id":11992,"date":"2018-02-28T07:57:14","date_gmt":"2018-02-28T05:57:14","guid":{"rendered":"https:\/\/www.amper-aufsperrdienst.de\/locksmith-munich-cologne-square\/"},"modified":"2026-02-11T07:46:22","modified_gmt":"2026-02-11T05:46:22","slug":"locksmith-munich-cologne-square","status":"publish","type":"page","link":"https:\/\/www.amper-aufsperrdienst.de\/en\/locksmith-munich-cologne-square\/","title":{"rendered":"Locksmith Munich Cologne Square"},"content":{"rendered":"<p><img loading=\"lazy\" decoding=\"async\" class=\"alignleft\" style=\"margin-bottom: 5px !important;\" src=\"https:\/\/www.amper-aufsperrdienst.de\/wp-content\/uploads\/2021\/03\/schluesseldienst-muenchen-koelner-platz-festpreis-ab-52-siegel.jpg\" alt=\"Amper Locksmith Opening Service muenchen-koelner-platz with fixed price from 52,- EUR\" width=\"250\" height=\"250\" \/><\/p>\n<p>Do you live on or near the beautiful K\u00f6lner Platz in Munich and want to get into your apartment, but can&#8217;t because you&#8217;re locked out? With our locksmith service in Munich&#8217;s K\u00f6lner Platz district, there&#8217;s no need to worry. We&#8217;ll unlock your door quickly and without damage \u2013 all for a transparent fixed price. Our toll-free number means you can easily reach us 24\/7, even on weekends and holidays.<\/p>\n<h2>K\u00f6lner Platz in the Schwabing district of Munich<\/h2>\n<div id=\"attachment_10346\" style=\"width: 610px\" class=\"wp-caption alignleft\"><img loading=\"lazy\" decoding=\"async\" aria-describedby=\"caption-attachment-10346\" class=\"size-full wp-image-10346\" src=\"https:\/\/www.amper-aufsperrdienst.de\/wp-content\/uploads\/2024\/04\/katholische-evangelische-kirche-klinik-schwabing.webp\" alt=\"Catholic and Protestant churches in the Schwabing Hospital\" width=\"600\" height=\"450\" srcset=\"https:\/\/www.amper-aufsperrdienst.de\/wp-content\/uploads\/2024\/04\/katholische-evangelische-kirche-klinik-schwabing.webp 600w, https:\/\/www.amper-aufsperrdienst.de\/wp-content\/uploads\/2024\/04\/katholische-evangelische-kirche-klinik-schwabing-300x225.webp 300w, https:\/\/www.amper-aufsperrdienst.de\/wp-content\/uploads\/2024\/04\/katholische-evangelische-kirche-klinik-schwabing-480x360.webp 480w, https:\/\/www.amper-aufsperrdienst.de\/wp-content\/uploads\/2024\/04\/katholische-evangelische-kirche-klinik-schwabing-146x110.webp 146w\" sizes=\"auto, (max-width: 600px) 100vw, 600px\" \/><p id=\"caption-attachment-10346\" class=\"wp-caption-text\">To the right of the main entrance at Cologne Square are the Catholic and Protestant churches of the hospital.<\/p><\/div>\n<p>Cologne Square, named after the city of Cologne, is located in the Munich district of Schwabing, specifically in the Schwabing-West borough. It is bordered by Bonner Stra\u00dfe, Parzivalstra\u00dfe, D\u00fcsseldorfer Stra\u00dfe, and H\u00f6rwarthstra\u00dfe. Cologne Square is also known for being home to the Schwabing Clinic, which houses both a Catholic and a Protestant church, as well as a drinking water grotto designed by Maximilian Schachner. The square is also popular with children, as it features a large playground.<\/p>\n<p>The square also offers ample space for nature and impresses with its linden, maple, and cherry trees. It was first laid out around 1900 and is now excellently connected to the city&#8217;s public transport network via the tram. Several bus lines also run around the square.<\/p>\n          <!-- tarif -->\n<h2><b><span style=\"vertical-align: inherit;\"><span style=\"vertical-align: inherit;\">Our binding fixed prices start from \u20ac52.<\/span><\/span><\/b><\/h2>\n<p>Amper Locksmith Service is a fair locksmith service with transparent fixed prices:<\/p>\n<div class=\"table-title\">\n\tPRICE LIST  UNLOCK\n<\/div>\n<!-- Table part-->\n<table class=\"table\">\n  <thead class=\"header\">\n\t  <tr>\n     \t <th scope=\"col\">Time<\/th>\n     \t <th scope=\"col\">8 - 18<\/th>\n     \t <th scope=\"col\">18 - 22<\/th>\n     \t <th scope=\"col\">22 - 8<\/th>\n\t<\/tr>\n  <\/thead>\n  <tbody>\n     \t  <tr class=\"weekdays\">\n     \t  \t  <td class=\"tag\" data-label=\"Time\">Mo - Fr<\/td>\n     \t  \t  <td class=\"hrs tag\" data-label=\"8 - 18\">52,- \u20ac<\/td>\n     \t  \t  <td class=\"tag space\" data-label=\"18 - 22\">82,- \u20ac<\/td>\n     \t  \t  <td data-label=\"22 - 8\">95,- \u20ac<\/td>\n     \t  <\/tr>\n     <tr class=\"weekends\">\n     \t  \t  <td class=\"tag\" data-label=\"Time\">Sa<\/td>\n     \t  \t  <td class=\"tag\" data-label=\"8 - 18\">95,- \u20ac<\/td>\n     \t  \t  <td class=\"tag\" data-label=\"18 - 22\">95,- \u20ac<\/td>\n     \t  \t  <td data-label=\"22 - 8\">125,- \u20ac<\/td>\n     \t  <\/tr>\n     <tr class=\"holidays\">\n     \t  \t  <td class=\"tag\" data-label=\"Time\">So & holiday<\/td>\n     \t  \t  <td class=\"tag\" data-label=\"8 - 18\">125,- \u20ac<\/td>\n     \t  \t  <td class=\"tag\" data-label=\"18 - 22\">125,-\u20ac<\/td>\n     \t  \t  <td data-label=\"22 - 8\">125,-\u20ac<\/td>\n     \t  <\/tr>\n     <\/tbody>\n<\/table>\n<!-- Table Description-->\n<div class=\"table-description\">\n\t<em>Please call to inquire about travel costs.<\/em>\n<\/div>\n<!-- Wordings below -->\n<div class=\"wordings\">\n<p>The prices listed in this table are binding for unlocking a door that has slammed shut or been pulled shut (without self-locking mechanisms). Please feel free to contact us if you would like a price quote for other locksmith services. We will gladly provide you with a transparent, fixed-price offer.<\/p>\n<\/div>\n\n<!-- END Wordings -->\n\n\n\n<div class=\"ansprech\">Locksmith Munich K\u00f6lner Platz with 24-hour service<br \/>\n<h3 class=\"phone mobilesOnly\"><a href=\"tel:+498000131131\">0800 \/ 0 131 131<\/a><\/h3><h3 class=\"phone desktopOnly\"><a href=\"tel:+498000131131\">0800 \/ 0 131 131<\/a><\/h3>Non-destructive door opening at a fair fixed price; at your location in approximately 30 minutes, even at night or on public holidays!<\/div>\n<h2>Locksmith Munich Cologne Square: Fast Door Opening Around the Clock<\/h2>\n<p>Since you naturally don&#8217;t only leave your apartment during normal business hours on weekdays, it&#8217;s only logical that you might also need a quick door opening on weekends or holidays. We understand this, which is why we are available around the clock as an emergency locksmith service. Our constant availability via our toll-free number is a definite advantage. Of course, we offer damage-free door opening every day and at any time.<\/p>\n<p>Many locksmiths make headlines for exploiting people in distress and demanding exorbitant additional costs or surcharges. We certainly don&#8217;t want to follow this &#8220;trend,&#8221; as fair fixed prices are a matter of course for us. Can you describe your situation to us over the phone? Excellent, because then we&#8217;ll immediately tell you our fixed prices for unlocking your door without damage.<\/p>\n<h2>With specialized tools for success: Our damage-free door opening service.<\/h2>\n<p>Johann Pichelmaier, the founder of our locksmith service, already emphasized quality and professionalism, passing these values \u200b\u200bdown from generation to generation. Today, Mario Pichelmaier, Johann Pichelmaier&#8217;s grandson, is the company owner. Johann Pichelmaier&#8217;s work on his specialized tools contributed to the fact that locksmiths could work without causing damage even back then.<\/p>\n<p>Our Munich locksmith service at K\u00f6lner Platz also offers security technology services. You can contact us around the clock via our toll-free number for advice on how we can enhance your security.<\/p>\n<div class=\"ansprech\">Locksmith Munich K\u00f6lner Platz with 24-hour service<br \/>\n<h3 class=\"phone mobilesOnly\"><a href=\"tel:+498000131131\">0800 \/ 0 131 131<\/a><\/h3><h3 class=\"phone desktopOnly\"><a href=\"tel:+498000131131\">0800 \/ 0 131 131<\/a><\/h3>Non-destructive door opening at a fair fixed price; at your location in approximately 30 minutes, even at night or on public holidays!<\/div>\n","protected":false},"excerpt":{"rendered":"<p>Do you live on or near the beautiful K\u00f6lner Platz in Munich and want to get into your apartment, but can&#8217;t because you&#8217;re locked out? With our locksmith service in Munich&#8217;s K\u00f6lner Platz district, there&#8217;s no need to worry. We&#8217;ll unlock your door quickly and without damage \u2013 all for a transparent fixed price. Our [&hellip;]<\/p>\n","protected":false},"author":2,"featured_media":11990,"parent":0,"menu_order":0,"comment_status":"closed","ping_status":"closed","template":"","meta":{"footnotes":"","_links_to":"","_links_to_target":""},"class_list":["post-11992","page","type-page","status-publish","has-post-thumbnail","hentry"],"yoast_head":"<!-- This site is optimized with the Yoast SEO plugin v27.4 - https:\/\/yoast.com\/product\/yoast-seo-wordpress\/ -->\n<title>Locksmith Munich Cologne Square: from \u20ac52,- fixed price<\/title>\n<meta name=\"description\" content=\"Fast &amp; honest locksmith service in Munich&#039;s K\u00f6lner Platz with a fixed price guarantee, competent locksmiths &amp; reliable 24-hour service: Call us anytime on our free emergency hotline and commission us for non-destructive door opening at a fixed price in approximately 30 minutes! We are here for you!\" \/>\n<meta name=\"robots\" content=\"index, follow, max-snippet:-1, max-image-preview:large, max-video-preview:-1\" \/>\n<link rel=\"canonical\" href=\"https:\/\/www.amper-aufsperrdienst.de\/en\/locksmith-munich-cologne-square\/\" \/>\n<meta property=\"og:locale\" content=\"en_US\" \/>\n<meta property=\"og:type\" content=\"article\" \/>\n<meta property=\"og:title\" content=\"Locksmith Munich Cologne Square: from \u20ac52,- fixed price\" \/>\n<meta property=\"og:description\" content=\"Fast &amp; honest locksmith service in Munich&#039;s K\u00f6lner Platz with a fixed price guarantee, competent locksmiths &amp; reliable 24-hour service: Call us anytime on our free emergency hotline and commission us for non-destructive door opening at a fixed price in approximately 30 minutes! We are here for you!\" \/>\n<meta property=\"og:url\" content=\"https:\/\/www.amper-aufsperrdienst.de\/en\/locksmith-munich-cologne-square\/\" \/>\n<meta property=\"og:site_name\" content=\"Locksmith for Munich, Dachau and F\u00fcrstenfeldbruck\" \/>\n<meta property=\"article:modified_time\" content=\"2026-02-11T05:46:22+00:00\" \/>\n<meta property=\"og:image\" content=\"https:\/\/www.amper-aufsperrdienst.de\/wp-content\/uploads\/2024\/04\/schluesseldienst-koelner-platz_header_img.webp\" \/>\n\t<meta property=\"og:image:width\" content=\"960\" \/>\n\t<meta property=\"og:image:height\" content=\"360\" \/>\n\t<meta property=\"og:image:type\" content=\"image\/webp\" \/>\n<meta name=\"twitter:label1\" content=\"Est. reading time\" \/>\n\t<meta name=\"twitter:data1\" content=\"4 minutes\" \/>\n<script type=\"application\/ld+json\" class=\"yoast-schema-graph\">{\"@context\":\"https:\\\/\\\/schema.org\",\"@graph\":[{\"@type\":\"WebPage\",\"@id\":\"https:\\\/\\\/www.amper-aufsperrdienst.de\\\/en\\\/locksmith-munich-cologne-square\\\/\",\"url\":\"https:\\\/\\\/www.amper-aufsperrdienst.de\\\/en\\\/locksmith-munich-cologne-square\\\/\",\"name\":\"Locksmith Munich Cologne Square: from \u20ac52,- fixed price\",\"isPartOf\":{\"@id\":\"https:\\\/\\\/www.amper-aufsperrdienst.de\\\/en\\\/#website\"},\"primaryImageOfPage\":{\"@id\":\"https:\\\/\\\/www.amper-aufsperrdienst.de\\\/en\\\/locksmith-munich-cologne-square\\\/#primaryimage\"},\"image\":{\"@id\":\"https:\\\/\\\/www.amper-aufsperrdienst.de\\\/en\\\/locksmith-munich-cologne-square\\\/#primaryimage\"},\"thumbnailUrl\":\"https:\\\/\\\/www.amper-aufsperrdienst.de\\\/wp-content\\\/uploads\\\/2024\\\/04\\\/schluesseldienst-koelner-platz_header_img.webp\",\"datePublished\":\"2018-02-28T05:57:14+00:00\",\"dateModified\":\"2026-02-11T05:46:22+00:00\",\"description\":\"Fast & honest locksmith service in Munich's K\u00f6lner Platz with a fixed price guarantee, competent locksmiths & reliable 24-hour service: Call us anytime on our free emergency hotline and commission us for non-destructive door opening at a fixed price in approximately 30 minutes! We are here for you!\",\"breadcrumb\":{\"@id\":\"https:\\\/\\\/www.amper-aufsperrdienst.de\\\/en\\\/locksmith-munich-cologne-square\\\/#breadcrumb\"},\"inLanguage\":\"en-US\",\"potentialAction\":[{\"@type\":\"ReadAction\",\"target\":[\"https:\\\/\\\/www.amper-aufsperrdienst.de\\\/en\\\/locksmith-munich-cologne-square\\\/\"]}]},{\"@type\":\"ImageObject\",\"inLanguage\":\"en-US\",\"@id\":\"https:\\\/\\\/www.amper-aufsperrdienst.de\\\/en\\\/locksmith-munich-cologne-square\\\/#primaryimage\",\"url\":\"https:\\\/\\\/www.amper-aufsperrdienst.de\\\/wp-content\\\/uploads\\\/2024\\\/04\\\/schluesseldienst-koelner-platz_header_img.webp\",\"contentUrl\":\"https:\\\/\\\/www.amper-aufsperrdienst.de\\\/wp-content\\\/uploads\\\/2024\\\/04\\\/schluesseldienst-koelner-platz_header_img.webp\",\"width\":960,\"height\":360,\"caption\":\"Schl\u00fcsseldienst K\u00f6lner Platz \u2013 Hilfe bei Schl\u00fcsselverlust \u2013 T\u00fcr\u00f6ffnung mit Profi-Werkzeug\"},{\"@type\":\"BreadcrumbList\",\"@id\":\"https:\\\/\\\/www.amper-aufsperrdienst.de\\\/en\\\/locksmith-munich-cologne-square\\\/#breadcrumb\",\"itemListElement\":[{\"@type\":\"ListItem\",\"position\":1,\"name\":\"Home\",\"item\":\"https:\\\/\\\/www.amper-aufsperrdienst.de\\\/en\\\/\"},{\"@type\":\"ListItem\",\"position\":2,\"name\":\"Locksmith Munich Cologne Square\"}]},{\"@type\":\"WebSite\",\"@id\":\"https:\\\/\\\/www.amper-aufsperrdienst.de\\\/en\\\/#website\",\"url\":\"https:\\\/\\\/www.amper-aufsperrdienst.de\\\/en\\\/\",\"name\":\"Locksmith for Munich, Dachau and F\u00fcrstenfeldbruck\",\"description\":\"Amper Aufsperrdienst\",\"potentialAction\":[{\"@type\":\"SearchAction\",\"target\":{\"@type\":\"EntryPoint\",\"urlTemplate\":\"https:\\\/\\\/www.amper-aufsperrdienst.de\\\/en\\\/?s={search_term_string}\"},\"query-input\":{\"@type\":\"PropertyValueSpecification\",\"valueRequired\":true,\"valueName\":\"search_term_string\"}}],\"inLanguage\":\"en-US\"}]}<\/script>\n<!-- \/ Yoast SEO plugin. -->","yoast_head_json":{"title":"Locksmith Munich Cologne Square: from \u20ac52,- fixed price","description":"Fast & honest locksmith service in Munich's K\u00f6lner Platz with a fixed price guarantee, competent locksmiths & reliable 24-hour service: Call us anytime on our free emergency hotline and commission us for non-destructive door opening at a fixed price in approximately 30 minutes! We are here for you!","robots":{"index":"index","follow":"follow","max-snippet":"max-snippet:-1","max-image-preview":"max-image-preview:large","max-video-preview":"max-video-preview:-1"},"canonical":"https:\/\/www.amper-aufsperrdienst.de\/en\/locksmith-munich-cologne-square\/","og_locale":"en_US","og_type":"article","og_title":"Locksmith Munich Cologne Square: from \u20ac52,- fixed price","og_description":"Fast & honest locksmith service in Munich's K\u00f6lner Platz with a fixed price guarantee, competent locksmiths & reliable 24-hour service: Call us anytime on our free emergency hotline and commission us for non-destructive door opening at a fixed price in approximately 30 minutes! We are here for you!","og_url":"https:\/\/www.amper-aufsperrdienst.de\/en\/locksmith-munich-cologne-square\/","og_site_name":"Locksmith for Munich, Dachau and F\u00fcrstenfeldbruck","article_modified_time":"2026-02-11T05:46:22+00:00","og_image":[{"width":960,"height":360,"url":"https:\/\/www.amper-aufsperrdienst.de\/wp-content\/uploads\/2024\/04\/schluesseldienst-koelner-platz_header_img.webp","type":"image\/webp"}],"twitter_misc":{"Est. reading time":"4 minutes"},"schema":{"@context":"https:\/\/schema.org","@graph":[{"@type":"WebPage","@id":"https:\/\/www.amper-aufsperrdienst.de\/en\/locksmith-munich-cologne-square\/","url":"https:\/\/www.amper-aufsperrdienst.de\/en\/locksmith-munich-cologne-square\/","name":"Locksmith Munich Cologne Square: from \u20ac52,- fixed price","isPartOf":{"@id":"https:\/\/www.amper-aufsperrdienst.de\/en\/#website"},"primaryImageOfPage":{"@id":"https:\/\/www.amper-aufsperrdienst.de\/en\/locksmith-munich-cologne-square\/#primaryimage"},"image":{"@id":"https:\/\/www.amper-aufsperrdienst.de\/en\/locksmith-munich-cologne-square\/#primaryimage"},"thumbnailUrl":"https:\/\/www.amper-aufsperrdienst.de\/wp-content\/uploads\/2024\/04\/schluesseldienst-koelner-platz_header_img.webp","datePublished":"2018-02-28T05:57:14+00:00","dateModified":"2026-02-11T05:46:22+00:00","description":"Fast & honest locksmith service in Munich's K\u00f6lner Platz with a fixed price guarantee, competent locksmiths & reliable 24-hour service: Call us anytime on our free emergency hotline and commission us for non-destructive door opening at a fixed price in approximately 30 minutes! We are here for you!","breadcrumb":{"@id":"https:\/\/www.amper-aufsperrdienst.de\/en\/locksmith-munich-cologne-square\/#breadcrumb"},"inLanguage":"en-US","potentialAction":[{"@type":"ReadAction","target":["https:\/\/www.amper-aufsperrdienst.de\/en\/locksmith-munich-cologne-square\/"]}]},{"@type":"ImageObject","inLanguage":"en-US","@id":"https:\/\/www.amper-aufsperrdienst.de\/en\/locksmith-munich-cologne-square\/#primaryimage","url":"https:\/\/www.amper-aufsperrdienst.de\/wp-content\/uploads\/2024\/04\/schluesseldienst-koelner-platz_header_img.webp","contentUrl":"https:\/\/www.amper-aufsperrdienst.de\/wp-content\/uploads\/2024\/04\/schluesseldienst-koelner-platz_header_img.webp","width":960,"height":360,"caption":"Schl\u00fcsseldienst K\u00f6lner Platz \u2013 Hilfe bei Schl\u00fcsselverlust \u2013 T\u00fcr\u00f6ffnung mit Profi-Werkzeug"},{"@type":"BreadcrumbList","@id":"https:\/\/www.amper-aufsperrdienst.de\/en\/locksmith-munich-cologne-square\/#breadcrumb","itemListElement":[{"@type":"ListItem","position":1,"name":"Home","item":"https:\/\/www.amper-aufsperrdienst.de\/en\/"},{"@type":"ListItem","position":2,"name":"Locksmith Munich Cologne Square"}]},{"@type":"WebSite","@id":"https:\/\/www.amper-aufsperrdienst.de\/en\/#website","url":"https:\/\/www.amper-aufsperrdienst.de\/en\/","name":"Locksmith for Munich, Dachau and F\u00fcrstenfeldbruck","description":"Amper Aufsperrdienst","potentialAction":[{"@type":"SearchAction","target":{"@type":"EntryPoint","urlTemplate":"https:\/\/www.amper-aufsperrdienst.de\/en\/?s={search_term_string}"},"query-input":{"@type":"PropertyValueSpecification","valueRequired":true,"valueName":"search_term_string"}}],"inLanguage":"en-US"}]}},"_links":{"self":[{"href":"https:\/\/www.amper-aufsperrdienst.de\/en\/wp-json\/wp\/v2\/pages\/11992","targetHints":{"allow":["GET"]}}],"collection":[{"href":"https:\/\/www.amper-aufsperrdienst.de\/en\/wp-json\/wp\/v2\/pages"}],"about":[{"href":"https:\/\/www.amper-aufsperrdienst.de\/en\/wp-json\/wp\/v2\/types\/page"}],"author":[{"embeddable":true,"href":"https:\/\/www.amper-aufsperrdienst.de\/en\/wp-json\/wp\/v2\/users\/2"}],"replies":[{"embeddable":true,"href":"https:\/\/www.amper-aufsperrdienst.de\/en\/wp-json\/wp\/v2\/comments?post=11992"}],"version-history":[{"count":2,"href":"https:\/\/www.amper-aufsperrdienst.de\/en\/wp-json\/wp\/v2\/pages\/11992\/revisions"}],"predecessor-version":[{"id":15138,"href":"https:\/\/www.amper-aufsperrdienst.de\/en\/wp-json\/wp\/v2\/pages\/11992\/revisions\/15138"}],"wp:featuredmedia":[{"embeddable":true,"href":"https:\/\/www.amper-aufsperrdienst.de\/en\/wp-json\/wp\/v2\/media\/11990"}],"wp:attachment":[{"href":"https:\/\/www.amper-aufsperrdienst.de\/en\/wp-json\/wp\/v2\/media?parent=11992"}],"curies":[{"name":"wp","href":"https:\/\/api.w.org\/{rel}","templated":true}]}}