{"id":12007,"date":"2018-07-03T04:05:01","date_gmt":"2018-07-03T02:05:01","guid":{"rendered":"https:\/\/www.amper-aufsperrdienst.de\/locksmith-munich-villa-colony-am-priel-hof\/"},"modified":"2026-02-11T07:46:50","modified_gmt":"2026-02-11T05:46:50","slug":"locksmith-munich-villa-colony-am-priel-hof","status":"publish","type":"page","link":"https:\/\/www.amper-aufsperrdienst.de\/en\/locksmith-munich-villa-colony-am-priel-hof\/","title":{"rendered":"Locksmith Munich villa colony Am Priel-Hof"},"content":{"rendered":"<p><img loading=\"lazy\" decoding=\"async\" class=\"alignleft\" style=\"margin-bottom: 5px !important;\" src=\"https:\/\/www.amper-aufsperrdienst.de\/wp-content\/uploads\/2021\/03\/schluesseldienst-muenchen-villenkolonie-am-priel-hof-festpreis-ab-52-siegel.jpg\" alt=\"Schl\u00fcsseldienst M\u00fcnchen with fixed price from 52,- EUR\" width=\"250\" height=\"250\" \/>You&#8217;ve just left your villa and closed the door when you&#8217;re suddenly struck by lightning? You&#8217;ve realized that although you&#8217;ve left your home, your key is still on the living room table? You&#8217;ve just returned home from work, only to discover with annoyance that you&#8217;ve left your keys on your desk? Perhaps your key has broken off in the lock?<\/p>\n<p>If you find yourself locked out of your home, we are your reliable, honest, and above all, fast locksmith service in the Am Priel-Hof villa district of Munich. Our prices are fair and fixed. You certainly won&#8217;t have to worry about exorbitant additional charges. If you need our help on a Sunday or public holiday, we are happy to assist you. As a genuine emergency locksmith service, we are available 24\/7, 365 days a year.<\/p>\n<h2>The Am Priel-Hof villa district in the Bogenhausen district of Munich<\/h2>\n<div id=\"attachment_10352\" style=\"width: 610px\" class=\"wp-caption alignleft\"><img loading=\"lazy\" decoding=\"async\" aria-describedby=\"caption-attachment-10352\" class=\"size-full wp-image-10352\" src=\"https:\/\/www.amper-aufsperrdienst.de\/wp-content\/uploads\/2024\/04\/spielplatz-wahnfriedallee.webp\" alt=\"Playground Wahnfriedallee in Munich Priel\" width=\"600\" height=\"450\" srcset=\"https:\/\/www.amper-aufsperrdienst.de\/wp-content\/uploads\/2024\/04\/spielplatz-wahnfriedallee.webp 600w, https:\/\/www.amper-aufsperrdienst.de\/wp-content\/uploads\/2024\/04\/spielplatz-wahnfriedallee-300x225.webp 300w, https:\/\/www.amper-aufsperrdienst.de\/wp-content\/uploads\/2024\/04\/spielplatz-wahnfriedallee-480x360.webp 480w, https:\/\/www.amper-aufsperrdienst.de\/wp-content\/uploads\/2024\/04\/spielplatz-wahnfriedallee-146x110.webp 146w\" sizes=\"auto, (max-width: 600px) 100vw, 600px\" \/><p id=\"caption-attachment-10352\" class=\"wp-caption-text\">The playground is located on Wahnfriedallee, between Brunnbach and Effnerstra\u00dfe.<\/p><\/div>\n<p>The upscale villa colony Am Priel-Hof is located in the Munich district of Bogenhausen, or more precisely, in the Priel neighborhood. The garden city of Bogenhausen-Priel is also nearby. Some people often confuse the two developments.<\/p>\n<p>Effnerstra\u00dfe runs through the villa colony. It is bordered by Oberf\u00f6hringer Stra\u00dfe and Englschalkinger Stra\u00dfe. Incidentally, Oberf\u00f6hringer Stra\u00dfe was formerly called Ismaninger Hauptstra\u00dfe.<\/p>\n<p>The villa colony Am Priel-Hof is also known as the &#8220;Norman Settlement.&#8221; This is due to street names such as Normannenstra\u00dfe, Asgardstra\u00dfe, and Odinstra\u00dfe. The name &#8220;Norman Settlement&#8221; was also proposed as a name for the colony at the time. Ultimately, however, the name Villa Colony Am Priel-Hof prevailed.<\/p>\n          <!-- tarif -->\n<h2><b><span style=\"vertical-align: inherit;\"><span style=\"vertical-align: inherit;\">Our binding fixed prices start from \u20ac52.<\/span><\/span><\/b><\/h2>\n<p>Amper Locksmith Service is a fair locksmith service with transparent fixed prices:<\/p>\n<div class=\"table-title\">\n\tPRICE LIST  UNLOCK\n<\/div>\n<!-- Table part-->\n<table class=\"table\">\n  <thead class=\"header\">\n\t  <tr>\n     \t <th scope=\"col\">Time<\/th>\n     \t <th scope=\"col\">8 - 18<\/th>\n     \t <th scope=\"col\">18 - 22<\/th>\n     \t <th scope=\"col\">22 - 8<\/th>\n\t<\/tr>\n  <\/thead>\n  <tbody>\n     \t  <tr class=\"weekdays\">\n     \t  \t  <td class=\"tag\" data-label=\"Time\">Mo - Fr<\/td>\n     \t  \t  <td class=\"hrs tag\" data-label=\"8 - 18\">52,- \u20ac<\/td>\n     \t  \t  <td class=\"tag space\" data-label=\"18 - 22\">82,- \u20ac<\/td>\n     \t  \t  <td data-label=\"22 - 8\">95,- \u20ac<\/td>\n     \t  <\/tr>\n     <tr class=\"weekends\">\n     \t  \t  <td class=\"tag\" data-label=\"Time\">Sa<\/td>\n     \t  \t  <td class=\"tag\" data-label=\"8 - 18\">95,- \u20ac<\/td>\n     \t  \t  <td class=\"tag\" data-label=\"18 - 22\">95,- \u20ac<\/td>\n     \t  \t  <td data-label=\"22 - 8\">125,- \u20ac<\/td>\n     \t  <\/tr>\n     <tr class=\"holidays\">\n     \t  \t  <td class=\"tag\" data-label=\"Time\">So & holiday<\/td>\n     \t  \t  <td class=\"tag\" data-label=\"8 - 18\">125,- \u20ac<\/td>\n     \t  \t  <td class=\"tag\" data-label=\"18 - 22\">125,-\u20ac<\/td>\n     \t  \t  <td data-label=\"22 - 8\">125,-\u20ac<\/td>\n     \t  <\/tr>\n     <\/tbody>\n<\/table>\n<!-- Table Description-->\n<div class=\"table-description\">\n\t<em>Please call to inquire about travel costs.<\/em>\n<\/div>\n<!-- Wordings below -->\n<div class=\"wordings\">\n<p>The prices listed in this table are binding for unlocking a door that has slammed shut or been pulled shut (without self-locking mechanisms). Please feel free to contact us if you would like a price quote for other locksmith services. We will gladly provide you with a transparent, fixed-price offer.<\/p>\n<\/div>\n\n<!-- END Wordings -->\n\n\n\n<div class=\"ansprech\">Locksmith in Munich&#8217;s Am Priel-Hof villa district with a long tradition, expertise, and experience. <h3 class=\"phone mobilesOnly\"><a href=\"tel:+498000131131\">0800 \/ 0 131 131<\/a><\/h3><h3 class=\"phone desktopOnly\"><a href=\"tel:+498000131131\">0800 \/ 0 131 131<\/a><\/h3> Non-destructive door opening with specialized tools in approximately 30 minutes. Fixed price guaranteed!<\/div>\n<h2>Locksmith Munich Villa Colony Am Priel-Hof: Extremely Fast and with a Guaranteed Fixed Price<\/h2>\n<p>Are you currently looking for an extremely fast and fair locksmith in Munich&#8217;s Am Priel-Hof villa colony who can help you out of a jam for a guaranteed fixed price? Amper Locksmith Service is happy to help, and has been for three generations. We focus on professionalism, the fastest response time, and fair fixed prices. Feel free to read how previous customers have rated our service. Many of our customers have reviewed us on independent platforms such as Google Plus or Facebook!<\/p>\n<h2>Using the Best Specialized Tools<\/h2>\n<p>In addition to speed and fairness, we place particular importance on using the best specialized tools and employing highly trained staff. Combined with years of experience and skilled craftsmanship, we are able to achieve completely damage-free lock openings in over 99% of our callouts. See for yourself what we can do and call us now, free of charge! When you call us, you will be immediately advised by one of our specialists, as we do not work with a switchboard or call center.<\/p>\n<p>We&#8217;re happy to help if you want to make your property or villa more secure against burglars! We also specialize in comprehensive security analyses and can, of course, install high-quality locking systems on your windows and doors!<\/p>\n<div class=\"ansprech\">Locksmith in Munich&#8217;s Am Priel-Hof villa district with a long tradition, expertise, and experience. <h3 class=\"phone mobilesOnly\"><a href=\"tel:+498000131131\">0800 \/ 0 131 131<\/a><\/h3><h3 class=\"phone desktopOnly\"><a href=\"tel:+498000131131\">0800 \/ 0 131 131<\/a><\/h3> Non-destructive door opening with specialized tools in approximately 30 minutes. Fixed price guaranteed!<\/div>\n","protected":false},"excerpt":{"rendered":"<p>You&#8217;ve just left your villa and closed the door when you&#8217;re suddenly struck by lightning? You&#8217;ve realized that although you&#8217;ve left your home, your key is still on the living room table? You&#8217;ve just returned home from work, only to discover with annoyance that you&#8217;ve left your keys on your desk? Perhaps your key has [&hellip;]<\/p>\n","protected":false},"author":2,"featured_media":12005,"parent":0,"menu_order":0,"comment_status":"closed","ping_status":"closed","template":"","meta":{"footnotes":"","_links_to":"","_links_to_target":""},"class_list":["post-12007","page","type-page","status-publish","has-post-thumbnail","hentry"],"yoast_head":"<!-- This site is optimized with the Yoast SEO plugin v27.4 - https:\/\/yoast.com\/product\/yoast-seo-wordpress\/ -->\n<title>Locksmith Munich villa colony Am Priel-Hof: from \u20ac52,- fixed price<\/title>\n<meta name=\"description\" content=\"Reliable locksmith service in Munich&#039;s Am Priel-Hof villa district with a fixed-price guarantee, fast 24-hour emergency service, friendly locksmiths, and top-of-the-line specialized tools: damage-free door opening in just about 30 minutes. Available around the clock, even on Sundays and public holidays!\" \/>\n<meta name=\"robots\" content=\"index, follow, max-snippet:-1, max-image-preview:large, max-video-preview:-1\" \/>\n<link rel=\"canonical\" href=\"https:\/\/www.amper-aufsperrdienst.de\/en\/locksmith-munich-villa-colony-am-priel-hof\/\" \/>\n<meta property=\"og:locale\" content=\"en_US\" \/>\n<meta property=\"og:type\" content=\"article\" \/>\n<meta property=\"og:title\" content=\"Locksmith Munich villa colony Am Priel-Hof: from \u20ac52,- fixed price\" \/>\n<meta property=\"og:description\" content=\"Reliable locksmith service in Munich&#039;s Am Priel-Hof villa district with a fixed-price guarantee, fast 24-hour emergency service, friendly locksmiths, and top-of-the-line specialized tools: damage-free door opening in just about 30 minutes. Available around the clock, even on Sundays and public holidays!\" \/>\n<meta property=\"og:url\" content=\"https:\/\/www.amper-aufsperrdienst.de\/en\/locksmith-munich-villa-colony-am-priel-hof\/\" \/>\n<meta property=\"og:site_name\" content=\"Locksmith for Munich, Dachau and F\u00fcrstenfeldbruck\" \/>\n<meta property=\"article:modified_time\" content=\"2026-02-11T05:46:50+00:00\" \/>\n<meta property=\"og:image\" content=\"https:\/\/www.amper-aufsperrdienst.de\/wp-content\/uploads\/2024\/04\/schluesseldienst-muenchen-villenkolonie-am-priel-hof_header_img.webp\" \/>\n\t<meta property=\"og:image:width\" content=\"960\" \/>\n\t<meta property=\"og:image:height\" content=\"360\" \/>\n\t<meta property=\"og:image:type\" content=\"image\/webp\" \/>\n<meta name=\"twitter:label1\" content=\"Est. reading time\" \/>\n\t<meta name=\"twitter:data1\" content=\"4 minutes\" \/>\n<script type=\"application\/ld+json\" class=\"yoast-schema-graph\">{\"@context\":\"https:\\\/\\\/schema.org\",\"@graph\":[{\"@type\":\"WebPage\",\"@id\":\"https:\\\/\\\/www.amper-aufsperrdienst.de\\\/en\\\/locksmith-munich-villa-colony-am-priel-hof\\\/\",\"url\":\"https:\\\/\\\/www.amper-aufsperrdienst.de\\\/en\\\/locksmith-munich-villa-colony-am-priel-hof\\\/\",\"name\":\"Locksmith Munich villa colony Am Priel-Hof: from \u20ac52,- fixed price\",\"isPartOf\":{\"@id\":\"https:\\\/\\\/www.amper-aufsperrdienst.de\\\/en\\\/#website\"},\"primaryImageOfPage\":{\"@id\":\"https:\\\/\\\/www.amper-aufsperrdienst.de\\\/en\\\/locksmith-munich-villa-colony-am-priel-hof\\\/#primaryimage\"},\"image\":{\"@id\":\"https:\\\/\\\/www.amper-aufsperrdienst.de\\\/en\\\/locksmith-munich-villa-colony-am-priel-hof\\\/#primaryimage\"},\"thumbnailUrl\":\"https:\\\/\\\/www.amper-aufsperrdienst.de\\\/wp-content\\\/uploads\\\/2024\\\/04\\\/schluesseldienst-muenchen-villenkolonie-am-priel-hof_header_img.webp\",\"datePublished\":\"2018-07-03T02:05:01+00:00\",\"dateModified\":\"2026-02-11T05:46:50+00:00\",\"description\":\"Reliable locksmith service in Munich's Am Priel-Hof villa district with a fixed-price guarantee, fast 24-hour emergency service, friendly locksmiths, and top-of-the-line specialized tools: damage-free door opening in just about 30 minutes. Available around the clock, even on Sundays and public holidays!\",\"breadcrumb\":{\"@id\":\"https:\\\/\\\/www.amper-aufsperrdienst.de\\\/en\\\/locksmith-munich-villa-colony-am-priel-hof\\\/#breadcrumb\"},\"inLanguage\":\"en-US\",\"potentialAction\":[{\"@type\":\"ReadAction\",\"target\":[\"https:\\\/\\\/www.amper-aufsperrdienst.de\\\/en\\\/locksmith-munich-villa-colony-am-priel-hof\\\/\"]}]},{\"@type\":\"ImageObject\",\"inLanguage\":\"en-US\",\"@id\":\"https:\\\/\\\/www.amper-aufsperrdienst.de\\\/en\\\/locksmith-munich-villa-colony-am-priel-hof\\\/#primaryimage\",\"url\":\"https:\\\/\\\/www.amper-aufsperrdienst.de\\\/wp-content\\\/uploads\\\/2024\\\/04\\\/schluesseldienst-muenchen-villenkolonie-am-priel-hof_header_img.webp\",\"contentUrl\":\"https:\\\/\\\/www.amper-aufsperrdienst.de\\\/wp-content\\\/uploads\\\/2024\\\/04\\\/schluesseldienst-muenchen-villenkolonie-am-priel-hof_header_img.webp\",\"width\":960,\"height\":360,\"caption\":\"Schl\u00fcsseldienst f\u00fcr Villenkolonie Priel-Hof \u2013 T\u00fcr\u00f6ffnung im Normannenviertel \u2013 Professioneller Einbruchschutz f\u00fcr die Villenkolonie\"},{\"@type\":\"BreadcrumbList\",\"@id\":\"https:\\\/\\\/www.amper-aufsperrdienst.de\\\/en\\\/locksmith-munich-villa-colony-am-priel-hof\\\/#breadcrumb\",\"itemListElement\":[{\"@type\":\"ListItem\",\"position\":1,\"name\":\"Home\",\"item\":\"https:\\\/\\\/www.amper-aufsperrdienst.de\\\/en\\\/\"},{\"@type\":\"ListItem\",\"position\":2,\"name\":\"Locksmith Munich villa colony Am Priel-Hof\"}]},{\"@type\":\"WebSite\",\"@id\":\"https:\\\/\\\/www.amper-aufsperrdienst.de\\\/en\\\/#website\",\"url\":\"https:\\\/\\\/www.amper-aufsperrdienst.de\\\/en\\\/\",\"name\":\"Locksmith for Munich, Dachau and F\u00fcrstenfeldbruck\",\"description\":\"Amper Aufsperrdienst\",\"potentialAction\":[{\"@type\":\"SearchAction\",\"target\":{\"@type\":\"EntryPoint\",\"urlTemplate\":\"https:\\\/\\\/www.amper-aufsperrdienst.de\\\/en\\\/?s={search_term_string}\"},\"query-input\":{\"@type\":\"PropertyValueSpecification\",\"valueRequired\":true,\"valueName\":\"search_term_string\"}}],\"inLanguage\":\"en-US\"}]}<\/script>\n<!-- \/ Yoast SEO plugin. -->","yoast_head_json":{"title":"Locksmith Munich villa colony Am Priel-Hof: from \u20ac52,- fixed price","description":"Reliable locksmith service in Munich's Am Priel-Hof villa district with a fixed-price guarantee, fast 24-hour emergency service, friendly locksmiths, and top-of-the-line specialized tools: damage-free door opening in just about 30 minutes. Available around the clock, even on Sundays and public holidays!","robots":{"index":"index","follow":"follow","max-snippet":"max-snippet:-1","max-image-preview":"max-image-preview:large","max-video-preview":"max-video-preview:-1"},"canonical":"https:\/\/www.amper-aufsperrdienst.de\/en\/locksmith-munich-villa-colony-am-priel-hof\/","og_locale":"en_US","og_type":"article","og_title":"Locksmith Munich villa colony Am Priel-Hof: from \u20ac52,- fixed price","og_description":"Reliable locksmith service in Munich's Am Priel-Hof villa district with a fixed-price guarantee, fast 24-hour emergency service, friendly locksmiths, and top-of-the-line specialized tools: damage-free door opening in just about 30 minutes. Available around the clock, even on Sundays and public holidays!","og_url":"https:\/\/www.amper-aufsperrdienst.de\/en\/locksmith-munich-villa-colony-am-priel-hof\/","og_site_name":"Locksmith for Munich, Dachau and F\u00fcrstenfeldbruck","article_modified_time":"2026-02-11T05:46:50+00:00","og_image":[{"width":960,"height":360,"url":"https:\/\/www.amper-aufsperrdienst.de\/wp-content\/uploads\/2024\/04\/schluesseldienst-muenchen-villenkolonie-am-priel-hof_header_img.webp","type":"image\/webp"}],"twitter_misc":{"Est. reading time":"4 minutes"},"schema":{"@context":"https:\/\/schema.org","@graph":[{"@type":"WebPage","@id":"https:\/\/www.amper-aufsperrdienst.de\/en\/locksmith-munich-villa-colony-am-priel-hof\/","url":"https:\/\/www.amper-aufsperrdienst.de\/en\/locksmith-munich-villa-colony-am-priel-hof\/","name":"Locksmith Munich villa colony Am Priel-Hof: from \u20ac52,- fixed price","isPartOf":{"@id":"https:\/\/www.amper-aufsperrdienst.de\/en\/#website"},"primaryImageOfPage":{"@id":"https:\/\/www.amper-aufsperrdienst.de\/en\/locksmith-munich-villa-colony-am-priel-hof\/#primaryimage"},"image":{"@id":"https:\/\/www.amper-aufsperrdienst.de\/en\/locksmith-munich-villa-colony-am-priel-hof\/#primaryimage"},"thumbnailUrl":"https:\/\/www.amper-aufsperrdienst.de\/wp-content\/uploads\/2024\/04\/schluesseldienst-muenchen-villenkolonie-am-priel-hof_header_img.webp","datePublished":"2018-07-03T02:05:01+00:00","dateModified":"2026-02-11T05:46:50+00:00","description":"Reliable locksmith service in Munich's Am Priel-Hof villa district with a fixed-price guarantee, fast 24-hour emergency service, friendly locksmiths, and top-of-the-line specialized tools: damage-free door opening in just about 30 minutes. Available around the clock, even on Sundays and public holidays!","breadcrumb":{"@id":"https:\/\/www.amper-aufsperrdienst.de\/en\/locksmith-munich-villa-colony-am-priel-hof\/#breadcrumb"},"inLanguage":"en-US","potentialAction":[{"@type":"ReadAction","target":["https:\/\/www.amper-aufsperrdienst.de\/en\/locksmith-munich-villa-colony-am-priel-hof\/"]}]},{"@type":"ImageObject","inLanguage":"en-US","@id":"https:\/\/www.amper-aufsperrdienst.de\/en\/locksmith-munich-villa-colony-am-priel-hof\/#primaryimage","url":"https:\/\/www.amper-aufsperrdienst.de\/wp-content\/uploads\/2024\/04\/schluesseldienst-muenchen-villenkolonie-am-priel-hof_header_img.webp","contentUrl":"https:\/\/www.amper-aufsperrdienst.de\/wp-content\/uploads\/2024\/04\/schluesseldienst-muenchen-villenkolonie-am-priel-hof_header_img.webp","width":960,"height":360,"caption":"Schl\u00fcsseldienst f\u00fcr Villenkolonie Priel-Hof \u2013 T\u00fcr\u00f6ffnung im Normannenviertel \u2013 Professioneller Einbruchschutz f\u00fcr die Villenkolonie"},{"@type":"BreadcrumbList","@id":"https:\/\/www.amper-aufsperrdienst.de\/en\/locksmith-munich-villa-colony-am-priel-hof\/#breadcrumb","itemListElement":[{"@type":"ListItem","position":1,"name":"Home","item":"https:\/\/www.amper-aufsperrdienst.de\/en\/"},{"@type":"ListItem","position":2,"name":"Locksmith Munich villa colony Am Priel-Hof"}]},{"@type":"WebSite","@id":"https:\/\/www.amper-aufsperrdienst.de\/en\/#website","url":"https:\/\/www.amper-aufsperrdienst.de\/en\/","name":"Locksmith for Munich, Dachau and F\u00fcrstenfeldbruck","description":"Amper Aufsperrdienst","potentialAction":[{"@type":"SearchAction","target":{"@type":"EntryPoint","urlTemplate":"https:\/\/www.amper-aufsperrdienst.de\/en\/?s={search_term_string}"},"query-input":{"@type":"PropertyValueSpecification","valueRequired":true,"valueName":"search_term_string"}}],"inLanguage":"en-US"}]}},"_links":{"self":[{"href":"https:\/\/www.amper-aufsperrdienst.de\/en\/wp-json\/wp\/v2\/pages\/12007","targetHints":{"allow":["GET"]}}],"collection":[{"href":"https:\/\/www.amper-aufsperrdienst.de\/en\/wp-json\/wp\/v2\/pages"}],"about":[{"href":"https:\/\/www.amper-aufsperrdienst.de\/en\/wp-json\/wp\/v2\/types\/page"}],"author":[{"embeddable":true,"href":"https:\/\/www.amper-aufsperrdienst.de\/en\/wp-json\/wp\/v2\/users\/2"}],"replies":[{"embeddable":true,"href":"https:\/\/www.amper-aufsperrdienst.de\/en\/wp-json\/wp\/v2\/comments?post=12007"}],"version-history":[{"count":2,"href":"https:\/\/www.amper-aufsperrdienst.de\/en\/wp-json\/wp\/v2\/pages\/12007\/revisions"}],"predecessor-version":[{"id":15142,"href":"https:\/\/www.amper-aufsperrdienst.de\/en\/wp-json\/wp\/v2\/pages\/12007\/revisions\/15142"}],"wp:featuredmedia":[{"embeddable":true,"href":"https:\/\/www.amper-aufsperrdienst.de\/en\/wp-json\/wp\/v2\/media\/12005"}],"wp:attachment":[{"href":"https:\/\/www.amper-aufsperrdienst.de\/en\/wp-json\/wp\/v2\/media?parent=12007"}],"curies":[{"name":"wp","href":"https:\/\/api.w.org\/{rel}","templated":true}]}}