{"id":12025,"date":"2018-06-28T08:10:21","date_gmt":"2018-06-28T06:10:21","guid":{"rendered":"https:\/\/www.amper-aufsperrdienst.de\/locksmith-munich-nordhaide\/"},"modified":"2026-02-11T07:47:20","modified_gmt":"2026-02-11T05:47:20","slug":"locksmith-munich-nordhaide","status":"publish","type":"page","link":"https:\/\/www.amper-aufsperrdienst.de\/en\/locksmith-munich-nordhaide\/","title":{"rendered":"Locksmith Munich Nordhaide"},"content":{"rendered":"<p><img loading=\"lazy\" decoding=\"async\" class=\"alignleft\" style=\"margin-bottom: 5px !important;\" src=\"https:\/\/www.amper-aufsperrdienst.de\/wp-content\/uploads\/2021\/03\/schluesseldienst-muenchen-nordhaide-festpreis-ab-52-siegel.jpg\" alt=\"Amper Locksmith Opening Service muenchen-nordhaide with fixed price from 52,- EUR\" width=\"250\" height=\"250\" \/>Are you standing in front of your apartment or house in Nordhaide, but you&#8217;re about to despair because you can&#8217;t open it since you&#8217;ve lost your key? Amper Locksmith Service is happy to help you with non-destructive door opening at a fixed price! For three generations, we&#8217;ve been expertly unlocking all types of apartment and house doors. So, if you need a locksmith in Munich Nordhaide who knows their craft and is available 24\/7, you&#8217;ve come to the right place. Our emergency hotline is free, and our locksmiths are friendly and competent.<\/p>\n<h2>The Nordhaide in the Munich district of Am-Hart<\/h2>\n<div id=\"attachment_10359\" style=\"width: 610px\" class=\"wp-caption alignleft\"><img loading=\"lazy\" decoding=\"async\" aria-describedby=\"caption-attachment-10359\" class=\"size-full wp-image-10359\" src=\"https:\/\/www.amper-aufsperrdienst.de\/wp-content\/uploads\/2024\/04\/einkaufszentrum-mira-nordhaide.webp\" alt=\"Mira shopping center in Munich-Nordhaide\" width=\"600\" height=\"450\" srcset=\"https:\/\/www.amper-aufsperrdienst.de\/wp-content\/uploads\/2024\/04\/einkaufszentrum-mira-nordhaide.webp 600w, https:\/\/www.amper-aufsperrdienst.de\/wp-content\/uploads\/2024\/04\/einkaufszentrum-mira-nordhaide-300x225.webp 300w, https:\/\/www.amper-aufsperrdienst.de\/wp-content\/uploads\/2024\/04\/einkaufszentrum-mira-nordhaide-480x360.webp 480w, https:\/\/www.amper-aufsperrdienst.de\/wp-content\/uploads\/2024\/04\/einkaufszentrum-mira-nordhaide-146x110.webp 146w\" sizes=\"auto, (max-width: 600px) 100vw, 600px\" \/><p id=\"caption-attachment-10359\" class=\"wp-caption-text\">Mira shopping center in the Nordhaide district on Schlei\u00dfheimer Stra\u00dfe<\/p><\/div>\n<p>Nordhaide is located in the northern part of Munich, in the Am-Hart district. It is a residential area situated between Harthof and Panzerwiese. Many Munich residents use the term &#8220;Panzerwiese&#8221; as a synonym for Nordhaide.<\/p>\n<p>The entire area is largely used for residential purposes. It covers approximately 30 hectares and was used as a military training ground before 1990. Between 1990 and 2003, around 2,500 new apartments were built in Nordhaide. Today, they provide housing for approximately 6,500 Munich residents. Nordhaide also offers student accommodation: 545 places in total, located in the student residence at Felsennelkenanger.<\/p>\n<p>The apartments are partly privately financed and partly publicly subsidized. There is a school complex and several daycare centers in Nordhaide. The Dominikus church center is also located in this neighborhood.<\/p>\n<p>Near Nordhaide, there is also a subway station called D\u00fclferstra\u00dfe. This was built as part of the construction of the new Mira shopping center.<\/p>\n          <!-- tarif -->\n<h2><b><span style=\"vertical-align: inherit;\"><span style=\"vertical-align: inherit;\">Our binding fixed prices start from \u20ac52.<\/span><\/span><\/b><\/h2>\n<p>Amper Locksmith Service is a fair locksmith service with transparent fixed prices:<\/p>\n<div class=\"table-title\">\n\tPRICE LIST  UNLOCK\n<\/div>\n<!-- Table part-->\n<table class=\"table\">\n  <thead class=\"header\">\n\t  <tr>\n     \t <th scope=\"col\">Time<\/th>\n     \t <th scope=\"col\">8 - 18<\/th>\n     \t <th scope=\"col\">18 - 22<\/th>\n     \t <th scope=\"col\">22 - 8<\/th>\n\t<\/tr>\n  <\/thead>\n  <tbody>\n     \t  <tr class=\"weekdays\">\n     \t  \t  <td class=\"tag\" data-label=\"Time\">Mo - Fr<\/td>\n     \t  \t  <td class=\"hrs tag\" data-label=\"8 - 18\">52,- \u20ac<\/td>\n     \t  \t  <td class=\"tag space\" data-label=\"18 - 22\">82,- \u20ac<\/td>\n     \t  \t  <td data-label=\"22 - 8\">95,- \u20ac<\/td>\n     \t  <\/tr>\n     <tr class=\"weekends\">\n     \t  \t  <td class=\"tag\" data-label=\"Time\">Sa<\/td>\n     \t  \t  <td class=\"tag\" data-label=\"8 - 18\">95,- \u20ac<\/td>\n     \t  \t  <td class=\"tag\" data-label=\"18 - 22\">95,- \u20ac<\/td>\n     \t  \t  <td data-label=\"22 - 8\">125,- \u20ac<\/td>\n     \t  <\/tr>\n     <tr class=\"holidays\">\n     \t  \t  <td class=\"tag\" data-label=\"Time\">So & holiday<\/td>\n     \t  \t  <td class=\"tag\" data-label=\"8 - 18\">125,- \u20ac<\/td>\n     \t  \t  <td class=\"tag\" data-label=\"18 - 22\">125,-\u20ac<\/td>\n     \t  \t  <td data-label=\"22 - 8\">125,-\u20ac<\/td>\n     \t  <\/tr>\n     <\/tbody>\n<\/table>\n<!-- Table Description-->\n<div class=\"table-description\">\n\t<em>Please call to inquire about travel costs.<\/em>\n<\/div>\n<!-- Wordings below -->\n<div class=\"wordings\">\n<p>The prices listed in this table are binding for unlocking a door that has slammed shut or been pulled shut (without self-locking mechanisms). Please feel free to contact us if you would like a price quote for other locksmith services. We will gladly provide you with a transparent, fixed-price offer.<\/p>\n<\/div>\n\n<!-- END Wordings -->\n\n\n\n<div class=\"ansprech\">Honest locksmith service in Munich Nordhaide with affordable fixed prices and free emergency hotline<br \/>\n<h3 class=\"phone mobilesOnly\"><a href=\"tel:+498000131131\">0800 \/ 0 131 131<\/a><\/h3><h3 class=\"phone desktopOnly\"><a href=\"tel:+498000131131\">0800 \/ 0 131 131<\/a><\/h3>Damage-free lock opening 24\/7, 365 days a year<\/div>\n<h2>Locksmith Munich Nordhaide: Fair service in just about 30 minutes<\/h2>\n<p>Are you currently looking for a fair and fast locksmith in Munich Nordhaide who can be at your door in about 30 minutes to open it without damage for a fixed price? We are happy to assist you at any time if you find yourself locked out! We will head to you immediately after you call us! As a genuine emergency locksmith service, we not only offer 24\/7 service, but also an extremely fast response time.<\/p>\n<h2>With Fixed Price Guarantee<\/h2>\n<p>Our fixed price guarantee is what truly sets us apart. For three generations, we have operated with absolute fairness and transparency because our customers&#8217; satisfaction is of paramount importance to us. We know that, unfortunately, there are many unscrupulous providers in our industry who can trap customers in unexpected costs. We are not one of those &#8220;companies.&#8221; When we give you a fixed price, it is absolutely fixed.<\/p>\n<p>Don&#8217;t want to fall into a cost trap when you need your door opened in Nordhaide? Call us anytime, free of charge! We offer our damage-free lockout service around the clock, even on Sundays and public holidays, at a fair fixed price!<\/p>\n<div class=\"ansprech\">Honest locksmith service in Munich Nordhaide with affordable fixed prices and free emergency hotline<br \/>\n<h3 class=\"phone mobilesOnly\"><a href=\"tel:+498000131131\">0800 \/ 0 131 131<\/a><\/h3><h3 class=\"phone desktopOnly\"><a href=\"tel:+498000131131\">0800 \/ 0 131 131<\/a><\/h3>Damage-free lock opening 24\/7, 365 days a year<\/div>\n","protected":false},"excerpt":{"rendered":"<p>Are you standing in front of your apartment or house in Nordhaide, but you&#8217;re about to despair because you can&#8217;t open it since you&#8217;ve lost your key? Amper Locksmith Service is happy to help you with non-destructive door opening at a fixed price! For three generations, we&#8217;ve been expertly unlocking all types of apartment and [&hellip;]<\/p>\n","protected":false},"author":2,"featured_media":12023,"parent":0,"menu_order":0,"comment_status":"closed","ping_status":"closed","template":"","meta":{"footnotes":"","_links_to":"","_links_to_target":""},"class_list":["post-12025","page","type-page","status-publish","has-post-thumbnail","hentry"],"yoast_head":"<!-- This site is optimized with the Yoast SEO plugin v27.4 - https:\/\/yoast.com\/product\/yoast-seo-wordpress\/ -->\n<title>Locksmith Munich Nordhaide: from \u20ac52,- fixed price<\/title>\n<meta name=\"description\" content=\"Friendly and fast locksmith service in Munich Nordhaide with extensive expertise, know-how, and experience: now in its third generation, available free of charge at any time, and with a fixed-price guarantee. Our skilled locksmiths will unlock your door using the best specialized tools! We are happy to come even on holidays or at night!\" \/>\n<meta name=\"robots\" content=\"index, follow, max-snippet:-1, max-image-preview:large, max-video-preview:-1\" \/>\n<link rel=\"canonical\" href=\"https:\/\/www.amper-aufsperrdienst.de\/en\/locksmith-munich-nordhaide\/\" \/>\n<meta property=\"og:locale\" content=\"en_US\" \/>\n<meta property=\"og:type\" content=\"article\" \/>\n<meta property=\"og:title\" content=\"Locksmith Munich Nordhaide: from \u20ac52,- fixed price\" \/>\n<meta property=\"og:description\" content=\"Friendly and fast locksmith service in Munich Nordhaide with extensive expertise, know-how, and experience: now in its third generation, available free of charge at any time, and with a fixed-price guarantee. Our skilled locksmiths will unlock your door using the best specialized tools! We are happy to come even on holidays or at night!\" \/>\n<meta property=\"og:url\" content=\"https:\/\/www.amper-aufsperrdienst.de\/en\/locksmith-munich-nordhaide\/\" \/>\n<meta property=\"og:site_name\" content=\"Locksmith for Munich, Dachau and F\u00fcrstenfeldbruck\" \/>\n<meta property=\"article:modified_time\" content=\"2026-02-11T05:47:20+00:00\" \/>\n<meta property=\"og:image\" content=\"https:\/\/www.amper-aufsperrdienst.de\/wp-content\/uploads\/2024\/04\/schluesseldienst-muenchen-nordhaide_header_img.webp\" \/>\n\t<meta property=\"og:image:width\" content=\"960\" \/>\n\t<meta property=\"og:image:height\" content=\"360\" \/>\n\t<meta property=\"og:image:type\" content=\"image\/webp\" \/>\n<meta name=\"twitter:label1\" content=\"Est. reading time\" \/>\n\t<meta name=\"twitter:data1\" content=\"4 minutes\" \/>\n<script type=\"application\/ld+json\" class=\"yoast-schema-graph\">{\"@context\":\"https:\\\/\\\/schema.org\",\"@graph\":[{\"@type\":\"WebPage\",\"@id\":\"https:\\\/\\\/www.amper-aufsperrdienst.de\\\/en\\\/locksmith-munich-nordhaide\\\/\",\"url\":\"https:\\\/\\\/www.amper-aufsperrdienst.de\\\/en\\\/locksmith-munich-nordhaide\\\/\",\"name\":\"Locksmith Munich Nordhaide: from \u20ac52,- fixed price\",\"isPartOf\":{\"@id\":\"https:\\\/\\\/www.amper-aufsperrdienst.de\\\/en\\\/#website\"},\"primaryImageOfPage\":{\"@id\":\"https:\\\/\\\/www.amper-aufsperrdienst.de\\\/en\\\/locksmith-munich-nordhaide\\\/#primaryimage\"},\"image\":{\"@id\":\"https:\\\/\\\/www.amper-aufsperrdienst.de\\\/en\\\/locksmith-munich-nordhaide\\\/#primaryimage\"},\"thumbnailUrl\":\"https:\\\/\\\/www.amper-aufsperrdienst.de\\\/wp-content\\\/uploads\\\/2024\\\/04\\\/schluesseldienst-muenchen-nordhaide_header_img.webp\",\"datePublished\":\"2018-06-28T06:10:21+00:00\",\"dateModified\":\"2026-02-11T05:47:20+00:00\",\"description\":\"Friendly and fast locksmith service in Munich Nordhaide with extensive expertise, know-how, and experience: now in its third generation, available free of charge at any time, and with a fixed-price guarantee. Our skilled locksmiths will unlock your door using the best specialized tools! We are happy to come even on holidays or at night!\",\"breadcrumb\":{\"@id\":\"https:\\\/\\\/www.amper-aufsperrdienst.de\\\/en\\\/locksmith-munich-nordhaide\\\/#breadcrumb\"},\"inLanguage\":\"en-US\",\"potentialAction\":[{\"@type\":\"ReadAction\",\"target\":[\"https:\\\/\\\/www.amper-aufsperrdienst.de\\\/en\\\/locksmith-munich-nordhaide\\\/\"]}]},{\"@type\":\"ImageObject\",\"inLanguage\":\"en-US\",\"@id\":\"https:\\\/\\\/www.amper-aufsperrdienst.de\\\/en\\\/locksmith-munich-nordhaide\\\/#primaryimage\",\"url\":\"https:\\\/\\\/www.amper-aufsperrdienst.de\\\/wp-content\\\/uploads\\\/2024\\\/04\\\/schluesseldienst-muenchen-nordhaide_header_img.webp\",\"contentUrl\":\"https:\\\/\\\/www.amper-aufsperrdienst.de\\\/wp-content\\\/uploads\\\/2024\\\/04\\\/schluesseldienst-muenchen-nordhaide_header_img.webp\",\"width\":960,\"height\":360,\"caption\":\"Schl\u00fcsseldienst f\u00fcr M\u00fcnchen Nordhaide \u2013 Aufsperrung rund um die Uhr zum Festpreis \u2013 Aufsperrdienst in dritter Generation\"},{\"@type\":\"BreadcrumbList\",\"@id\":\"https:\\\/\\\/www.amper-aufsperrdienst.de\\\/en\\\/locksmith-munich-nordhaide\\\/#breadcrumb\",\"itemListElement\":[{\"@type\":\"ListItem\",\"position\":1,\"name\":\"Home\",\"item\":\"https:\\\/\\\/www.amper-aufsperrdienst.de\\\/en\\\/\"},{\"@type\":\"ListItem\",\"position\":2,\"name\":\"Locksmith Munich Nordhaide\"}]},{\"@type\":\"WebSite\",\"@id\":\"https:\\\/\\\/www.amper-aufsperrdienst.de\\\/en\\\/#website\",\"url\":\"https:\\\/\\\/www.amper-aufsperrdienst.de\\\/en\\\/\",\"name\":\"Locksmith for Munich, Dachau and F\u00fcrstenfeldbruck\",\"description\":\"Amper Aufsperrdienst\",\"potentialAction\":[{\"@type\":\"SearchAction\",\"target\":{\"@type\":\"EntryPoint\",\"urlTemplate\":\"https:\\\/\\\/www.amper-aufsperrdienst.de\\\/en\\\/?s={search_term_string}\"},\"query-input\":{\"@type\":\"PropertyValueSpecification\",\"valueRequired\":true,\"valueName\":\"search_term_string\"}}],\"inLanguage\":\"en-US\"}]}<\/script>\n<!-- \/ Yoast SEO plugin. -->","yoast_head_json":{"title":"Locksmith Munich Nordhaide: from \u20ac52,- fixed price","description":"Friendly and fast locksmith service in Munich Nordhaide with extensive expertise, know-how, and experience: now in its third generation, available free of charge at any time, and with a fixed-price guarantee. Our skilled locksmiths will unlock your door using the best specialized tools! We are happy to come even on holidays or at night!","robots":{"index":"index","follow":"follow","max-snippet":"max-snippet:-1","max-image-preview":"max-image-preview:large","max-video-preview":"max-video-preview:-1"},"canonical":"https:\/\/www.amper-aufsperrdienst.de\/en\/locksmith-munich-nordhaide\/","og_locale":"en_US","og_type":"article","og_title":"Locksmith Munich Nordhaide: from \u20ac52,- fixed price","og_description":"Friendly and fast locksmith service in Munich Nordhaide with extensive expertise, know-how, and experience: now in its third generation, available free of charge at any time, and with a fixed-price guarantee. Our skilled locksmiths will unlock your door using the best specialized tools! We are happy to come even on holidays or at night!","og_url":"https:\/\/www.amper-aufsperrdienst.de\/en\/locksmith-munich-nordhaide\/","og_site_name":"Locksmith for Munich, Dachau and F\u00fcrstenfeldbruck","article_modified_time":"2026-02-11T05:47:20+00:00","og_image":[{"width":960,"height":360,"url":"https:\/\/www.amper-aufsperrdienst.de\/wp-content\/uploads\/2024\/04\/schluesseldienst-muenchen-nordhaide_header_img.webp","type":"image\/webp"}],"twitter_misc":{"Est. reading time":"4 minutes"},"schema":{"@context":"https:\/\/schema.org","@graph":[{"@type":"WebPage","@id":"https:\/\/www.amper-aufsperrdienst.de\/en\/locksmith-munich-nordhaide\/","url":"https:\/\/www.amper-aufsperrdienst.de\/en\/locksmith-munich-nordhaide\/","name":"Locksmith Munich Nordhaide: from \u20ac52,- fixed price","isPartOf":{"@id":"https:\/\/www.amper-aufsperrdienst.de\/en\/#website"},"primaryImageOfPage":{"@id":"https:\/\/www.amper-aufsperrdienst.de\/en\/locksmith-munich-nordhaide\/#primaryimage"},"image":{"@id":"https:\/\/www.amper-aufsperrdienst.de\/en\/locksmith-munich-nordhaide\/#primaryimage"},"thumbnailUrl":"https:\/\/www.amper-aufsperrdienst.de\/wp-content\/uploads\/2024\/04\/schluesseldienst-muenchen-nordhaide_header_img.webp","datePublished":"2018-06-28T06:10:21+00:00","dateModified":"2026-02-11T05:47:20+00:00","description":"Friendly and fast locksmith service in Munich Nordhaide with extensive expertise, know-how, and experience: now in its third generation, available free of charge at any time, and with a fixed-price guarantee. Our skilled locksmiths will unlock your door using the best specialized tools! We are happy to come even on holidays or at night!","breadcrumb":{"@id":"https:\/\/www.amper-aufsperrdienst.de\/en\/locksmith-munich-nordhaide\/#breadcrumb"},"inLanguage":"en-US","potentialAction":[{"@type":"ReadAction","target":["https:\/\/www.amper-aufsperrdienst.de\/en\/locksmith-munich-nordhaide\/"]}]},{"@type":"ImageObject","inLanguage":"en-US","@id":"https:\/\/www.amper-aufsperrdienst.de\/en\/locksmith-munich-nordhaide\/#primaryimage","url":"https:\/\/www.amper-aufsperrdienst.de\/wp-content\/uploads\/2024\/04\/schluesseldienst-muenchen-nordhaide_header_img.webp","contentUrl":"https:\/\/www.amper-aufsperrdienst.de\/wp-content\/uploads\/2024\/04\/schluesseldienst-muenchen-nordhaide_header_img.webp","width":960,"height":360,"caption":"Schl\u00fcsseldienst f\u00fcr M\u00fcnchen Nordhaide \u2013 Aufsperrung rund um die Uhr zum Festpreis \u2013 Aufsperrdienst in dritter Generation"},{"@type":"BreadcrumbList","@id":"https:\/\/www.amper-aufsperrdienst.de\/en\/locksmith-munich-nordhaide\/#breadcrumb","itemListElement":[{"@type":"ListItem","position":1,"name":"Home","item":"https:\/\/www.amper-aufsperrdienst.de\/en\/"},{"@type":"ListItem","position":2,"name":"Locksmith Munich Nordhaide"}]},{"@type":"WebSite","@id":"https:\/\/www.amper-aufsperrdienst.de\/en\/#website","url":"https:\/\/www.amper-aufsperrdienst.de\/en\/","name":"Locksmith for Munich, Dachau and F\u00fcrstenfeldbruck","description":"Amper Aufsperrdienst","potentialAction":[{"@type":"SearchAction","target":{"@type":"EntryPoint","urlTemplate":"https:\/\/www.amper-aufsperrdienst.de\/en\/?s={search_term_string}"},"query-input":{"@type":"PropertyValueSpecification","valueRequired":true,"valueName":"search_term_string"}}],"inLanguage":"en-US"}]}},"_links":{"self":[{"href":"https:\/\/www.amper-aufsperrdienst.de\/en\/wp-json\/wp\/v2\/pages\/12025","targetHints":{"allow":["GET"]}}],"collection":[{"href":"https:\/\/www.amper-aufsperrdienst.de\/en\/wp-json\/wp\/v2\/pages"}],"about":[{"href":"https:\/\/www.amper-aufsperrdienst.de\/en\/wp-json\/wp\/v2\/types\/page"}],"author":[{"embeddable":true,"href":"https:\/\/www.amper-aufsperrdienst.de\/en\/wp-json\/wp\/v2\/users\/2"}],"replies":[{"embeddable":true,"href":"https:\/\/www.amper-aufsperrdienst.de\/en\/wp-json\/wp\/v2\/comments?post=12025"}],"version-history":[{"count":2,"href":"https:\/\/www.amper-aufsperrdienst.de\/en\/wp-json\/wp\/v2\/pages\/12025\/revisions"}],"predecessor-version":[{"id":15146,"href":"https:\/\/www.amper-aufsperrdienst.de\/en\/wp-json\/wp\/v2\/pages\/12025\/revisions\/15146"}],"wp:featuredmedia":[{"embeddable":true,"href":"https:\/\/www.amper-aufsperrdienst.de\/en\/wp-json\/wp\/v2\/media\/12023"}],"wp:attachment":[{"href":"https:\/\/www.amper-aufsperrdienst.de\/en\/wp-json\/wp\/v2\/media?parent=12025"}],"curies":[{"name":"wp","href":"https:\/\/api.w.org\/{rel}","templated":true}]}}