{"id":12054,"date":"2019-04-26T06:25:46","date_gmt":"2019-04-26T04:25:46","guid":{"rendered":"https:\/\/www.amper-aufsperrdienst.de\/schluesseldienst-gelbenholzen\/"},"modified":"2026-01-28T07:43:49","modified_gmt":"2026-01-28T05:43:49","slug":"locksmith-gelbenholzen","status":"publish","type":"page","link":"https:\/\/www.amper-aufsperrdienst.de\/en\/locksmith-gelbenholzen\/","title":{"rendered":"Locksmith GELBENHOLZEN"},"content":{"rendered":"<p><img loading=\"lazy\" decoding=\"async\" class=\"alignleft\" style=\"margin-bottom: 5px !important;\" src=\"https:\/\/www.amper-aufsperrdienst.de\/wp-content\/uploads\/2021\/03\/schluesseldienst-gelbenholzen-festpreis-ab-52-siegel.jpg\" alt=\"Amper Locksmith Opening Service gelbenholzen with fixed price from 52,- EUR\" width=\"250\" height=\"250\" \/><\/p>\n<p>The house key has a knack for hiding in the deepest fold of your handbag, forcing you to rummage nervously until you finally find it. Imagine the relief when you finally hold it in your hand! But unfortunately, this wonderful feeling doesn&#8217;t always come \u2013 sometimes it just happens: the key remains nowhere to be found. Perhaps it&#8217;s at home, perhaps you lost it on the go \u2013 but one thing is certain: it&#8217;s not there, and you can&#8217;t get home.<\/p>\n          <!-- tarif -->\n<h2><b><span style=\"vertical-align: inherit;\"><span style=\"vertical-align: inherit;\">Our binding fixed prices start from \u20ac52.<\/span><\/span><\/b><\/h2>\n<p>Amper Locksmith Service is a fair locksmith service with transparent fixed prices:<\/p>\n<div class=\"table-title\">\n\tPRICE LIST  UNLOCK\n<\/div>\n<!-- Table part-->\n<table class=\"table\">\n  <thead class=\"header\">\n\t  <tr>\n     \t <th scope=\"col\">Time<\/th>\n     \t <th scope=\"col\">8 - 18<\/th>\n     \t <th scope=\"col\">18 - 22<\/th>\n     \t <th scope=\"col\">22 - 8<\/th>\n\t<\/tr>\n  <\/thead>\n  <tbody>\n     \t  <tr class=\"weekdays\">\n     \t  \t  <td class=\"tag\" data-label=\"Time\">Mo - Fr<\/td>\n     \t  \t  <td class=\"hrs tag\" data-label=\"8 - 18\">52,- \u20ac<\/td>\n     \t  \t  <td class=\"tag space\" data-label=\"18 - 22\">82,- \u20ac<\/td>\n     \t  \t  <td data-label=\"22 - 8\">95,- \u20ac<\/td>\n     \t  <\/tr>\n     <tr class=\"weekends\">\n     \t  \t  <td class=\"tag\" data-label=\"Time\">Sa<\/td>\n     \t  \t  <td class=\"tag\" data-label=\"8 - 18\">95,- \u20ac<\/td>\n     \t  \t  <td class=\"tag\" data-label=\"18 - 22\">95,- \u20ac<\/td>\n     \t  \t  <td data-label=\"22 - 8\">125,- \u20ac<\/td>\n     \t  <\/tr>\n     <tr class=\"holidays\">\n     \t  \t  <td class=\"tag\" data-label=\"Time\">So & holiday<\/td>\n     \t  \t  <td class=\"tag\" data-label=\"8 - 18\">125,- \u20ac<\/td>\n     \t  \t  <td class=\"tag\" data-label=\"18 - 22\">125,-\u20ac<\/td>\n     \t  \t  <td data-label=\"22 - 8\">125,-\u20ac<\/td>\n     \t  <\/tr>\n     <\/tbody>\n<\/table>\n<!-- Table Description-->\n<div class=\"table-description\">\n\t<em>Please call to inquire about travel costs.<\/em>\n<\/div>\n<!-- Wordings below -->\n<div class=\"wordings\">\n<p>The prices listed in this table are binding for unlocking a door that has slammed shut or been pulled shut (without self-locking mechanisms). Please feel free to contact us if you would like a price quote for other locksmith services. We will gladly provide you with a transparent, fixed-price offer.<\/p>\n<\/div>\n\n<!-- END Wordings -->\n\n\n\n<div class=\"ansprech\">Experienced locksmith service Gelbenholzen with a long tradition<br \/>\n<h3 class=\"phone mobilesOnly\"><a href=\"tel:+498000131131\">0800 \/ 0 131 131<\/a><\/h3><h3 class=\"phone desktopOnly\"><a href=\"tel:+498000131131\">0800 \/ 0 131 131<\/a><\/h3> Reliable locksmith service at a guaranteed fixed price!<\/div>\n<p>In these and similar frustrating situations, we, as experienced and reliable locksmiths in Gelbenholzen, are here for you. We&#8217;ll open your door without causing any damage and for a previously agreed, guaranteed fixed price. Call us, even on Sundays, holidays, or in the middle of the night. Our emergency number is available 24\/7.<\/p>\n<h2>THE DISTRICT OF GELBENHOLZEN IN F\u00dcRSTENFELDBRUCK<\/h2>\n<p>Gelbenholzen is a small district of the town of F\u00fcrstenfeldbruck, located southeast of the town center. Gelbenholzener Stra\u00dfe, with its side streets, is the only road running through the district. The F\u00fcrstenfeldbruck District Youth Council is located in Gelbenholzen.<\/p>\n<h2>KEY SERVICE GELBENHOLZEN: ON THE GO 24\/7 FOR YOU<\/h2>\n<p>We at Amper Locksmith Service consider ourselves a genuine emergency locksmith service and are therefore available around the clock, every single day of the year, including all holidays. Even if you&#8217;ve locked yourself out in the middle of the night or on Good Friday, you can count on our prompt assistance. We&#8217;ll set off immediately and are usually at your location in Gelbenholzen within about 30 minutes.<\/p>\n<h2>NO HIDDEN COST TRAPS \u2013 THE AMPER LOCKING SERVICE&#8217;S FIXED PRICE GUARANTEE<\/h2>\n<p>As an experienced locksmith service in Gelbenholzen, now in its third generation, solving all kinds of problems related to keys, doors, and locks, we offer you a very special service: We calculate a price for our service remotely, based on your description of the situation, and tell you the price right over the phone. This amount is a guaranteed fixed price that will appear exactly as stated on the final invoice. There are no hidden costs or unexpected surcharges with us. After we&#8217;ve given you the fixed price, you can decide whether or not you want to accept the job. Our customers generally find our prices very fair and realistic.<\/p>\n<h2>CAREFUL DOOR UNLOCKING WITHOUT CONSEQUENTIAL DAMAGE<\/h2>\n<p>Each of our employees has received high-quality training, is thoroughly familiar with their work, and knows how to use their professional tools expertly. If your door has simply slammed shut, we can almost guarantee a completely damage-free result. Locked doors present a slightly greater challenge, but our locksmiths are highly skilled at handling them. Here, too, the result is usually an intact, open door \u2013 especially with locks featuring modern cylinders.<\/p>\n<p>Do you need a professional locksmith in F\u00fcrstenfeldbruck-Gelbenholzen who can rush to your location and help you quickly? Then you&#8217;ve come to the right place! Amper Locksmith Service is available 24\/7 for a guaranteed fixed price. As a genuine emergency service, we also work nights, holidays, and weekends! Call us now and experience our service for yourself!<\/p>\n","protected":false},"excerpt":{"rendered":"<p>The house key has a knack for hiding in the deepest fold of your handbag, forcing you to rummage nervously until you finally find it. Imagine the relief when you finally hold it in your hand! But unfortunately, this wonderful feeling doesn&#8217;t always come \u2013 sometimes it just happens: the key remains nowhere to be [&hellip;]<\/p>\n","protected":false},"author":2,"featured_media":10880,"parent":0,"menu_order":0,"comment_status":"closed","ping_status":"closed","template":"","meta":{"footnotes":"","_links_to":"","_links_to_target":""},"class_list":["post-12054","page","type-page","status-publish","has-post-thumbnail","hentry"],"yoast_head":"<!-- This site is optimized with the Yoast SEO plugin v27.4 - https:\/\/yoast.com\/product\/yoast-seo-wordpress\/ -->\n<title>Locksmith Gelbenholzen: from \u20ac52,- fixed price (binding)<\/title>\n<meta name=\"description\" content=\"Experienced locksmith service Gelbenholzen: The Amper locksmith service is available 24\/7 and works precisely, non-destructively and with a fixed price guarantee.\" \/>\n<meta name=\"robots\" content=\"index, follow, max-snippet:-1, max-image-preview:large, max-video-preview:-1\" \/>\n<link rel=\"canonical\" href=\"https:\/\/www.amper-aufsperrdienst.de\/en\/locksmith-gelbenholzen\/\" \/>\n<meta property=\"og:locale\" content=\"en_US\" \/>\n<meta property=\"og:type\" content=\"article\" \/>\n<meta property=\"og:title\" content=\"Locksmith Gelbenholzen: from \u20ac52,- fixed price (binding)\" \/>\n<meta property=\"og:description\" content=\"Experienced locksmith service Gelbenholzen: The Amper locksmith service is available 24\/7 and works precisely, non-destructively and with a fixed price guarantee.\" \/>\n<meta property=\"og:url\" content=\"https:\/\/www.amper-aufsperrdienst.de\/en\/locksmith-gelbenholzen\/\" \/>\n<meta property=\"og:site_name\" content=\"Locksmith for Munich, Dachau and F\u00fcrstenfeldbruck\" \/>\n<meta property=\"article:modified_time\" content=\"2026-01-28T05:43:49+00:00\" \/>\n<meta property=\"og:image\" content=\"https:\/\/www.amper-aufsperrdienst.de\/wp-content\/uploads\/2014\/12\/header-ffb.jpg\" \/>\n\t<meta property=\"og:image:width\" content=\"960\" \/>\n\t<meta property=\"og:image:height\" content=\"360\" \/>\n\t<meta property=\"og:image:type\" content=\"image\/jpeg\" \/>\n<meta name=\"twitter:label1\" content=\"Est. reading time\" \/>\n\t<meta name=\"twitter:data1\" content=\"4 minutes\" \/>\n<script type=\"application\/ld+json\" class=\"yoast-schema-graph\">{\"@context\":\"https:\\\/\\\/schema.org\",\"@graph\":[{\"@type\":\"WebPage\",\"@id\":\"https:\\\/\\\/www.amper-aufsperrdienst.de\\\/en\\\/locksmith-gelbenholzen\\\/\",\"url\":\"https:\\\/\\\/www.amper-aufsperrdienst.de\\\/en\\\/locksmith-gelbenholzen\\\/\",\"name\":\"Locksmith Gelbenholzen: from \u20ac52,- fixed price (binding)\",\"isPartOf\":{\"@id\":\"https:\\\/\\\/www.amper-aufsperrdienst.de\\\/en\\\/#website\"},\"primaryImageOfPage\":{\"@id\":\"https:\\\/\\\/www.amper-aufsperrdienst.de\\\/en\\\/locksmith-gelbenholzen\\\/#primaryimage\"},\"image\":{\"@id\":\"https:\\\/\\\/www.amper-aufsperrdienst.de\\\/en\\\/locksmith-gelbenholzen\\\/#primaryimage\"},\"thumbnailUrl\":\"https:\\\/\\\/www.amper-aufsperrdienst.de\\\/wp-content\\\/uploads\\\/2014\\\/12\\\/header-ffb.jpg\",\"datePublished\":\"2019-04-26T04:25:46+00:00\",\"dateModified\":\"2026-01-28T05:43:49+00:00\",\"description\":\"Experienced locksmith service Gelbenholzen: The Amper locksmith service is available 24\\\/7 and works precisely, non-destructively and with a fixed price guarantee.\",\"breadcrumb\":{\"@id\":\"https:\\\/\\\/www.amper-aufsperrdienst.de\\\/en\\\/locksmith-gelbenholzen\\\/#breadcrumb\"},\"inLanguage\":\"en-US\",\"potentialAction\":[{\"@type\":\"ReadAction\",\"target\":[\"https:\\\/\\\/www.amper-aufsperrdienst.de\\\/en\\\/locksmith-gelbenholzen\\\/\"]}]},{\"@type\":\"ImageObject\",\"inLanguage\":\"en-US\",\"@id\":\"https:\\\/\\\/www.amper-aufsperrdienst.de\\\/en\\\/locksmith-gelbenholzen\\\/#primaryimage\",\"url\":\"https:\\\/\\\/www.amper-aufsperrdienst.de\\\/wp-content\\\/uploads\\\/2014\\\/12\\\/header-ffb.jpg\",\"contentUrl\":\"https:\\\/\\\/www.amper-aufsperrdienst.de\\\/wp-content\\\/uploads\\\/2014\\\/12\\\/header-ffb.jpg\",\"width\":960,\"height\":360},{\"@type\":\"BreadcrumbList\",\"@id\":\"https:\\\/\\\/www.amper-aufsperrdienst.de\\\/en\\\/locksmith-gelbenholzen\\\/#breadcrumb\",\"itemListElement\":[{\"@type\":\"ListItem\",\"position\":1,\"name\":\"Home\",\"item\":\"https:\\\/\\\/www.amper-aufsperrdienst.de\\\/en\\\/\"},{\"@type\":\"ListItem\",\"position\":2,\"name\":\"Locksmith GELBENHOLZEN\"}]},{\"@type\":\"WebSite\",\"@id\":\"https:\\\/\\\/www.amper-aufsperrdienst.de\\\/en\\\/#website\",\"url\":\"https:\\\/\\\/www.amper-aufsperrdienst.de\\\/en\\\/\",\"name\":\"Locksmith for Munich, Dachau and F\u00fcrstenfeldbruck\",\"description\":\"Amper Aufsperrdienst\",\"potentialAction\":[{\"@type\":\"SearchAction\",\"target\":{\"@type\":\"EntryPoint\",\"urlTemplate\":\"https:\\\/\\\/www.amper-aufsperrdienst.de\\\/en\\\/?s={search_term_string}\"},\"query-input\":{\"@type\":\"PropertyValueSpecification\",\"valueRequired\":true,\"valueName\":\"search_term_string\"}}],\"inLanguage\":\"en-US\"}]}<\/script>\n<!-- \/ Yoast SEO plugin. -->","yoast_head_json":{"title":"Locksmith Gelbenholzen: from \u20ac52,- fixed price (binding)","description":"Experienced locksmith service Gelbenholzen: The Amper locksmith service is available 24\/7 and works precisely, non-destructively and with a fixed price guarantee.","robots":{"index":"index","follow":"follow","max-snippet":"max-snippet:-1","max-image-preview":"max-image-preview:large","max-video-preview":"max-video-preview:-1"},"canonical":"https:\/\/www.amper-aufsperrdienst.de\/en\/locksmith-gelbenholzen\/","og_locale":"en_US","og_type":"article","og_title":"Locksmith Gelbenholzen: from \u20ac52,- fixed price (binding)","og_description":"Experienced locksmith service Gelbenholzen: The Amper locksmith service is available 24\/7 and works precisely, non-destructively and with a fixed price guarantee.","og_url":"https:\/\/www.amper-aufsperrdienst.de\/en\/locksmith-gelbenholzen\/","og_site_name":"Locksmith for Munich, Dachau and F\u00fcrstenfeldbruck","article_modified_time":"2026-01-28T05:43:49+00:00","og_image":[{"width":960,"height":360,"url":"https:\/\/www.amper-aufsperrdienst.de\/wp-content\/uploads\/2014\/12\/header-ffb.jpg","type":"image\/jpeg"}],"twitter_misc":{"Est. reading time":"4 minutes"},"schema":{"@context":"https:\/\/schema.org","@graph":[{"@type":"WebPage","@id":"https:\/\/www.amper-aufsperrdienst.de\/en\/locksmith-gelbenholzen\/","url":"https:\/\/www.amper-aufsperrdienst.de\/en\/locksmith-gelbenholzen\/","name":"Locksmith Gelbenholzen: from \u20ac52,- fixed price (binding)","isPartOf":{"@id":"https:\/\/www.amper-aufsperrdienst.de\/en\/#website"},"primaryImageOfPage":{"@id":"https:\/\/www.amper-aufsperrdienst.de\/en\/locksmith-gelbenholzen\/#primaryimage"},"image":{"@id":"https:\/\/www.amper-aufsperrdienst.de\/en\/locksmith-gelbenholzen\/#primaryimage"},"thumbnailUrl":"https:\/\/www.amper-aufsperrdienst.de\/wp-content\/uploads\/2014\/12\/header-ffb.jpg","datePublished":"2019-04-26T04:25:46+00:00","dateModified":"2026-01-28T05:43:49+00:00","description":"Experienced locksmith service Gelbenholzen: The Amper locksmith service is available 24\/7 and works precisely, non-destructively and with a fixed price guarantee.","breadcrumb":{"@id":"https:\/\/www.amper-aufsperrdienst.de\/en\/locksmith-gelbenholzen\/#breadcrumb"},"inLanguage":"en-US","potentialAction":[{"@type":"ReadAction","target":["https:\/\/www.amper-aufsperrdienst.de\/en\/locksmith-gelbenholzen\/"]}]},{"@type":"ImageObject","inLanguage":"en-US","@id":"https:\/\/www.amper-aufsperrdienst.de\/en\/locksmith-gelbenholzen\/#primaryimage","url":"https:\/\/www.amper-aufsperrdienst.de\/wp-content\/uploads\/2014\/12\/header-ffb.jpg","contentUrl":"https:\/\/www.amper-aufsperrdienst.de\/wp-content\/uploads\/2014\/12\/header-ffb.jpg","width":960,"height":360},{"@type":"BreadcrumbList","@id":"https:\/\/www.amper-aufsperrdienst.de\/en\/locksmith-gelbenholzen\/#breadcrumb","itemListElement":[{"@type":"ListItem","position":1,"name":"Home","item":"https:\/\/www.amper-aufsperrdienst.de\/en\/"},{"@type":"ListItem","position":2,"name":"Locksmith GELBENHOLZEN"}]},{"@type":"WebSite","@id":"https:\/\/www.amper-aufsperrdienst.de\/en\/#website","url":"https:\/\/www.amper-aufsperrdienst.de\/en\/","name":"Locksmith for Munich, Dachau and F\u00fcrstenfeldbruck","description":"Amper Aufsperrdienst","potentialAction":[{"@type":"SearchAction","target":{"@type":"EntryPoint","urlTemplate":"https:\/\/www.amper-aufsperrdienst.de\/en\/?s={search_term_string}"},"query-input":{"@type":"PropertyValueSpecification","valueRequired":true,"valueName":"search_term_string"}}],"inLanguage":"en-US"}]}},"_links":{"self":[{"href":"https:\/\/www.amper-aufsperrdienst.de\/en\/wp-json\/wp\/v2\/pages\/12054","targetHints":{"allow":["GET"]}}],"collection":[{"href":"https:\/\/www.amper-aufsperrdienst.de\/en\/wp-json\/wp\/v2\/pages"}],"about":[{"href":"https:\/\/www.amper-aufsperrdienst.de\/en\/wp-json\/wp\/v2\/types\/page"}],"author":[{"embeddable":true,"href":"https:\/\/www.amper-aufsperrdienst.de\/en\/wp-json\/wp\/v2\/users\/2"}],"replies":[{"embeddable":true,"href":"https:\/\/www.amper-aufsperrdienst.de\/en\/wp-json\/wp\/v2\/comments?post=12054"}],"version-history":[{"count":3,"href":"https:\/\/www.amper-aufsperrdienst.de\/en\/wp-json\/wp\/v2\/pages\/12054\/revisions"}],"predecessor-version":[{"id":14399,"href":"https:\/\/www.amper-aufsperrdienst.de\/en\/wp-json\/wp\/v2\/pages\/12054\/revisions\/14399"}],"wp:featuredmedia":[{"embeddable":true,"href":"https:\/\/www.amper-aufsperrdienst.de\/en\/wp-json\/wp\/v2\/media\/10880"}],"wp:attachment":[{"href":"https:\/\/www.amper-aufsperrdienst.de\/en\/wp-json\/wp\/v2\/media?parent=12054"}],"curies":[{"name":"wp","href":"https:\/\/api.w.org\/{rel}","templated":true}]}}