{"id":12086,"date":"2018-07-11T11:26:51","date_gmt":"2018-07-11T09:26:51","guid":{"rendered":"https:\/\/www.amper-aufsperrdienst.de\/locksmith-munich-barbarasiedlung\/"},"modified":"2026-01-21T08:50:39","modified_gmt":"2026-01-21T06:50:39","slug":"locksmith-munich-barbarasiedlung","status":"publish","type":"page","link":"https:\/\/www.amper-aufsperrdienst.de\/en\/locksmith-munich-barbarasiedlung\/","title":{"rendered":"Locksmith Munich Barbarasiedlung"},"content":{"rendered":"<p><img loading=\"lazy\" decoding=\"async\" class=\"alignleft\" style=\"margin-bottom: 5px !important;\" src=\"https:\/\/www.amper-aufsperrdienst.de\/wp-content\/uploads\/2021\/03\/schluesseldienst-muenchen-barbarasiedlung-festpreis-ab-52-siegel.jpg\" alt=\"Locksmith Amper - locksmith service Munich-Barbarasiedlung with a fixed price starting from 52,- EUR\" width=\"250\" height=\"250\" \/><\/p>\n<p>Are you currently looking for a trustworthy, fair, and reliable locksmith in Munich&#8217;s Barbarasiedlung district because you&#8217;ve forgotten or lost your key? As a genuine 24\/7 locksmith service, we are happy to assist you at any time if you require damage-free door opening at a guaranteed fixed price! Our expert locksmiths are knowledgeable, friendly, and highly trained. Furthermore, they are equipped only with the best professional tools to ensure damage-free unlocking. If you need our assistance on a weekend or public holiday, we are also happy to help! Simply call us free of charge!<\/p>\n          <!-- tarif -->\n<h2><b><span style=\"vertical-align: inherit;\"><span style=\"vertical-align: inherit;\">Our binding fixed prices start from \u20ac52.<\/span><\/span><\/b><\/h2>\n<p>Amper Locksmith Service is a fair locksmith service with transparent fixed prices:<\/p>\n<div class=\"table-title\">\n\tPRICE LIST  UNLOCK\n<\/div>\n<!-- Table part-->\n<table class=\"table\">\n  <thead class=\"header\">\n\t  <tr>\n     \t <th scope=\"col\">Time<\/th>\n     \t <th scope=\"col\">8 - 18<\/th>\n     \t <th scope=\"col\">18 - 22<\/th>\n     \t <th scope=\"col\">22 - 8<\/th>\n\t<\/tr>\n  <\/thead>\n  <tbody>\n     \t  <tr class=\"weekdays\">\n     \t  \t  <td class=\"tag\" data-label=\"Time\">Mo - Fr<\/td>\n     \t  \t  <td class=\"hrs tag\" data-label=\"8 - 18\">52,- \u20ac<\/td>\n     \t  \t  <td class=\"tag space\" data-label=\"18 - 22\">82,- \u20ac<\/td>\n     \t  \t  <td data-label=\"22 - 8\">95,- \u20ac<\/td>\n     \t  <\/tr>\n     <tr class=\"weekends\">\n     \t  \t  <td class=\"tag\" data-label=\"Time\">Sa<\/td>\n     \t  \t  <td class=\"tag\" data-label=\"8 - 18\">95,- \u20ac<\/td>\n     \t  \t  <td class=\"tag\" data-label=\"18 - 22\">95,- \u20ac<\/td>\n     \t  \t  <td data-label=\"22 - 8\">125,- \u20ac<\/td>\n     \t  <\/tr>\n     <tr class=\"holidays\">\n     \t  \t  <td class=\"tag\" data-label=\"Time\">So & holiday<\/td>\n     \t  \t  <td class=\"tag\" data-label=\"8 - 18\">125,- \u20ac<\/td>\n     \t  \t  <td class=\"tag\" data-label=\"18 - 22\">125,-\u20ac<\/td>\n     \t  \t  <td data-label=\"22 - 8\">125,-\u20ac<\/td>\n     \t  <\/tr>\n     <\/tbody>\n<\/table>\n<!-- Table Description-->\n<div class=\"table-description\">\n\t<em>Please call to inquire about travel costs.<\/em>\n<\/div>\n<!-- Wordings below -->\n<div class=\"wordings\">\n<p>The prices listed in this table are binding for unlocking a door that has slammed shut or been pulled shut (without self-locking mechanisms). Please feel free to contact us if you would like a price quote for other locksmith services. We will gladly provide you with a transparent, fixed-price offer.<\/p>\n<\/div>\n\n<!-- END Wordings -->\n\n\n\n<div class=\"ansprech\">Locksmith Munich Barbarasiedlung with free telephone number and fixed price guarantee<br \/><h3 class=\"phone mobilesOnly\"><a href=\"tel:+498000131131\">0800 \/ 0 131 131<\/a><\/h3><h3 class=\"phone desktopOnly\"><a href=\"tel:+498000131131\">0800 \/ 0 131 131<\/a><\/h3>Fast, damage-free door opening by friendly locksmith experts<\/div>\n<h2>The Barbara housing estate in the Munich district of Schwabing-West<\/h2>\n<p>The Barbara housing estate is located in the beautiful Munich district of Schwabing-West and was built at the beginning of the 20th century. It was intended for employees of the military clothing office. It was formerly also known as the Barbarastra\u00dfe military housing complex.<\/p>\n<p>The Barbarasiedlung housing estate lies within the triangle formed by Barbarastra\u00dfe, Schwere-Reiter-Stra\u00dfe, and Infanteriestra\u00dfe. The estate takes its name from Barbarastra\u00dfe. A small private road runs through the estate itself. It consists primarily of single-family and four-family houses, each with a front garden.<\/p>\n<p>The Barbarasiedlung housing estate is a listed historical ensemble and follows the garden city concept. The architectural style is quite varied, as there are houses of different sizes. Some houses are clad in wood, others are built using half-timbered construction.<\/p>\n<h2>Locksmith Munich Barbarasiedlung: fast door opening by real experts<\/h2>\n<p>As an experienced, competent, and fast locksmith service in Munich&#8217;s Barbarasiedlung district, we are happy to assist you if you are looking for a true expert specializing in damage-free lockouts. Our locksmith service has been operating for three generations, so we can rightfully claim to possess extensive experience and know-how. Our employees are all highly trained and extremely skilled. Together, they have successfully opened thousands of doors without causing any damage.<\/p>\n<h2>With fixed price guarantee<\/h2>\n<p>Another unique feature of our locksmith service is that we work with guaranteed fixed prices. So, if we quote you a price during your free call, that&#8217;s the price you pay, no strings attached! There are no hidden costs! We operate fairly and transparently. Feel free to read our many customer reviews to see for yourself.<\/p>\n<h2>Also available for you on weekends<\/h2>\n<p>Have you locked yourself out on a weekend of all days? Or are you even standing in front of a locked door on Easter Sunday? Amper Locksmith Service can help even when other locksmiths are closed. We are a true emergency locksmith service that doesn&#8217;t operate with fixed opening hours or waiting lists. If you call us and hire us for a guaranteed fixed price for damage-free door opening, we&#8217;ll usually be there in just about 30 minutes!<\/p>\n<p>So please feel free to contact us anytime if you need a professional, skilled, and affordable locksmith service in Munich&#8217;s Barbarasiedlung district! Our locksmith experts will be happy to assist you as quickly as possible!<\/p>\n<div class=\"ansprech\">Locksmith Munich Barbarasiedlung with free telephone number and fixed price guarantee<br \/><h3 class=\"phone mobilesOnly\"><a href=\"tel:+498000131131\">0800 \/ 0 131 131<\/a><\/h3><h3 class=\"phone desktopOnly\"><a href=\"tel:+498000131131\">0800 \/ 0 131 131<\/a><\/h3>Fast, damage-free door opening by friendly locksmith experts<\/div>\n\n","protected":false},"excerpt":{"rendered":"<p>Are you currently looking for a trustworthy, fair, and reliable locksmith in Munich&#8217;s Barbarasiedlung district because you&#8217;ve forgotten or lost your key? As a genuine 24\/7 locksmith service, we are happy to assist you at any time if you require damage-free door opening at a guaranteed fixed price! Our expert locksmiths are knowledgeable, friendly, and [&hellip;]<\/p>\n","protected":false},"author":2,"featured_media":0,"parent":0,"menu_order":0,"comment_status":"closed","ping_status":"closed","template":"","meta":{"footnotes":"","_links_to":"","_links_to_target":""},"class_list":["post-12086","page","type-page","status-publish","hentry"],"yoast_head":"<!-- This site is optimized with the Yoast SEO plugin v27.4 - https:\/\/yoast.com\/product\/yoast-seo-wordpress\/ -->\n<title>Locksmith Munich Barbarasiedlung: from \u20ac52,- fixed price<\/title>\n<meta name=\"description\" content=\"Trustworthy, fast, and honest locksmith service in Munich&#039;s Barbarasiedlung district for expert, damage-free door opening: use of professional tools, freephone number, fixed price guarantee, and 24\/7 emergency service. Available free of charge even on weekends and holidays!\" \/>\n<meta name=\"robots\" content=\"index, follow, max-snippet:-1, max-image-preview:large, max-video-preview:-1\" \/>\n<link rel=\"canonical\" href=\"https:\/\/www.amper-aufsperrdienst.de\/en\/locksmith-munich-barbarasiedlung\/\" \/>\n<meta property=\"og:locale\" content=\"en_US\" \/>\n<meta property=\"og:type\" content=\"article\" \/>\n<meta property=\"og:title\" content=\"Locksmith Munich Barbarasiedlung: from \u20ac52,- fixed price\" \/>\n<meta property=\"og:description\" content=\"Trustworthy, fast, and honest locksmith service in Munich&#039;s Barbarasiedlung district for expert, damage-free door opening: use of professional tools, freephone number, fixed price guarantee, and 24\/7 emergency service. Available free of charge even on weekends and holidays!\" \/>\n<meta property=\"og:url\" content=\"https:\/\/www.amper-aufsperrdienst.de\/en\/locksmith-munich-barbarasiedlung\/\" \/>\n<meta property=\"og:site_name\" content=\"Locksmith for Munich, Dachau and F\u00fcrstenfeldbruck\" \/>\n<meta property=\"article:modified_time\" content=\"2026-01-21T06:50:39+00:00\" \/>\n<meta property=\"og:image\" content=\"https:\/\/www.amper-aufsperrdienst.de\/wp-content\/uploads\/2021\/03\/schluesseldienst-muenchen-barbarasiedlung-festpreis-ab-52-siegel.jpg\" \/>\n<meta name=\"twitter:label1\" content=\"Est. reading time\" \/>\n\t<meta name=\"twitter:data1\" content=\"4 minutes\" \/>\n<script type=\"application\/ld+json\" class=\"yoast-schema-graph\">{\"@context\":\"https:\\\/\\\/schema.org\",\"@graph\":[{\"@type\":\"WebPage\",\"@id\":\"https:\\\/\\\/www.amper-aufsperrdienst.de\\\/en\\\/locksmith-munich-barbarasiedlung\\\/\",\"url\":\"https:\\\/\\\/www.amper-aufsperrdienst.de\\\/en\\\/locksmith-munich-barbarasiedlung\\\/\",\"name\":\"Locksmith Munich Barbarasiedlung: from \u20ac52,- fixed price\",\"isPartOf\":{\"@id\":\"https:\\\/\\\/www.amper-aufsperrdienst.de\\\/en\\\/#website\"},\"primaryImageOfPage\":{\"@id\":\"https:\\\/\\\/www.amper-aufsperrdienst.de\\\/en\\\/locksmith-munich-barbarasiedlung\\\/#primaryimage\"},\"image\":{\"@id\":\"https:\\\/\\\/www.amper-aufsperrdienst.de\\\/en\\\/locksmith-munich-barbarasiedlung\\\/#primaryimage\"},\"thumbnailUrl\":\"https:\\\/\\\/www.amper-aufsperrdienst.de\\\/wp-content\\\/uploads\\\/2021\\\/03\\\/schluesseldienst-muenchen-barbarasiedlung-festpreis-ab-52-siegel.jpg\",\"datePublished\":\"2018-07-11T09:26:51+00:00\",\"dateModified\":\"2026-01-21T06:50:39+00:00\",\"description\":\"Trustworthy, fast, and honest locksmith service in Munich's Barbarasiedlung district for expert, damage-free door opening: use of professional tools, freephone number, fixed price guarantee, and 24\\\/7 emergency service. Available free of charge even on weekends and holidays!\",\"breadcrumb\":{\"@id\":\"https:\\\/\\\/www.amper-aufsperrdienst.de\\\/en\\\/locksmith-munich-barbarasiedlung\\\/#breadcrumb\"},\"inLanguage\":\"en-US\",\"potentialAction\":[{\"@type\":\"ReadAction\",\"target\":[\"https:\\\/\\\/www.amper-aufsperrdienst.de\\\/en\\\/locksmith-munich-barbarasiedlung\\\/\"]}]},{\"@type\":\"ImageObject\",\"inLanguage\":\"en-US\",\"@id\":\"https:\\\/\\\/www.amper-aufsperrdienst.de\\\/en\\\/locksmith-munich-barbarasiedlung\\\/#primaryimage\",\"url\":\"https:\\\/\\\/www.amper-aufsperrdienst.de\\\/wp-content\\\/uploads\\\/2021\\\/03\\\/schluesseldienst-muenchen-barbarasiedlung-festpreis-ab-52-siegel.jpg\",\"contentUrl\":\"https:\\\/\\\/www.amper-aufsperrdienst.de\\\/wp-content\\\/uploads\\\/2021\\\/03\\\/schluesseldienst-muenchen-barbarasiedlung-festpreis-ab-52-siegel.jpg\"},{\"@type\":\"BreadcrumbList\",\"@id\":\"https:\\\/\\\/www.amper-aufsperrdienst.de\\\/en\\\/locksmith-munich-barbarasiedlung\\\/#breadcrumb\",\"itemListElement\":[{\"@type\":\"ListItem\",\"position\":1,\"name\":\"Home\",\"item\":\"https:\\\/\\\/www.amper-aufsperrdienst.de\\\/en\\\/\"},{\"@type\":\"ListItem\",\"position\":2,\"name\":\"Locksmith Munich Barbarasiedlung\"}]},{\"@type\":\"WebSite\",\"@id\":\"https:\\\/\\\/www.amper-aufsperrdienst.de\\\/en\\\/#website\",\"url\":\"https:\\\/\\\/www.amper-aufsperrdienst.de\\\/en\\\/\",\"name\":\"Locksmith for Munich, Dachau and F\u00fcrstenfeldbruck\",\"description\":\"Amper Aufsperrdienst\",\"potentialAction\":[{\"@type\":\"SearchAction\",\"target\":{\"@type\":\"EntryPoint\",\"urlTemplate\":\"https:\\\/\\\/www.amper-aufsperrdienst.de\\\/en\\\/?s={search_term_string}\"},\"query-input\":{\"@type\":\"PropertyValueSpecification\",\"valueRequired\":true,\"valueName\":\"search_term_string\"}}],\"inLanguage\":\"en-US\"}]}<\/script>\n<!-- \/ Yoast SEO plugin. -->","yoast_head_json":{"title":"Locksmith Munich Barbarasiedlung: from \u20ac52,- fixed price","description":"Trustworthy, fast, and honest locksmith service in Munich's Barbarasiedlung district for expert, damage-free door opening: use of professional tools, freephone number, fixed price guarantee, and 24\/7 emergency service. Available free of charge even on weekends and holidays!","robots":{"index":"index","follow":"follow","max-snippet":"max-snippet:-1","max-image-preview":"max-image-preview:large","max-video-preview":"max-video-preview:-1"},"canonical":"https:\/\/www.amper-aufsperrdienst.de\/en\/locksmith-munich-barbarasiedlung\/","og_locale":"en_US","og_type":"article","og_title":"Locksmith Munich Barbarasiedlung: from \u20ac52,- fixed price","og_description":"Trustworthy, fast, and honest locksmith service in Munich's Barbarasiedlung district for expert, damage-free door opening: use of professional tools, freephone number, fixed price guarantee, and 24\/7 emergency service. Available free of charge even on weekends and holidays!","og_url":"https:\/\/www.amper-aufsperrdienst.de\/en\/locksmith-munich-barbarasiedlung\/","og_site_name":"Locksmith for Munich, Dachau and F\u00fcrstenfeldbruck","article_modified_time":"2026-01-21T06:50:39+00:00","og_image":[{"url":"https:\/\/www.amper-aufsperrdienst.de\/wp-content\/uploads\/2021\/03\/schluesseldienst-muenchen-barbarasiedlung-festpreis-ab-52-siegel.jpg","type":"","width":"","height":""}],"twitter_misc":{"Est. reading time":"4 minutes"},"schema":{"@context":"https:\/\/schema.org","@graph":[{"@type":"WebPage","@id":"https:\/\/www.amper-aufsperrdienst.de\/en\/locksmith-munich-barbarasiedlung\/","url":"https:\/\/www.amper-aufsperrdienst.de\/en\/locksmith-munich-barbarasiedlung\/","name":"Locksmith Munich Barbarasiedlung: from \u20ac52,- fixed price","isPartOf":{"@id":"https:\/\/www.amper-aufsperrdienst.de\/en\/#website"},"primaryImageOfPage":{"@id":"https:\/\/www.amper-aufsperrdienst.de\/en\/locksmith-munich-barbarasiedlung\/#primaryimage"},"image":{"@id":"https:\/\/www.amper-aufsperrdienst.de\/en\/locksmith-munich-barbarasiedlung\/#primaryimage"},"thumbnailUrl":"https:\/\/www.amper-aufsperrdienst.de\/wp-content\/uploads\/2021\/03\/schluesseldienst-muenchen-barbarasiedlung-festpreis-ab-52-siegel.jpg","datePublished":"2018-07-11T09:26:51+00:00","dateModified":"2026-01-21T06:50:39+00:00","description":"Trustworthy, fast, and honest locksmith service in Munich's Barbarasiedlung district for expert, damage-free door opening: use of professional tools, freephone number, fixed price guarantee, and 24\/7 emergency service. Available free of charge even on weekends and holidays!","breadcrumb":{"@id":"https:\/\/www.amper-aufsperrdienst.de\/en\/locksmith-munich-barbarasiedlung\/#breadcrumb"},"inLanguage":"en-US","potentialAction":[{"@type":"ReadAction","target":["https:\/\/www.amper-aufsperrdienst.de\/en\/locksmith-munich-barbarasiedlung\/"]}]},{"@type":"ImageObject","inLanguage":"en-US","@id":"https:\/\/www.amper-aufsperrdienst.de\/en\/locksmith-munich-barbarasiedlung\/#primaryimage","url":"https:\/\/www.amper-aufsperrdienst.de\/wp-content\/uploads\/2021\/03\/schluesseldienst-muenchen-barbarasiedlung-festpreis-ab-52-siegel.jpg","contentUrl":"https:\/\/www.amper-aufsperrdienst.de\/wp-content\/uploads\/2021\/03\/schluesseldienst-muenchen-barbarasiedlung-festpreis-ab-52-siegel.jpg"},{"@type":"BreadcrumbList","@id":"https:\/\/www.amper-aufsperrdienst.de\/en\/locksmith-munich-barbarasiedlung\/#breadcrumb","itemListElement":[{"@type":"ListItem","position":1,"name":"Home","item":"https:\/\/www.amper-aufsperrdienst.de\/en\/"},{"@type":"ListItem","position":2,"name":"Locksmith Munich Barbarasiedlung"}]},{"@type":"WebSite","@id":"https:\/\/www.amper-aufsperrdienst.de\/en\/#website","url":"https:\/\/www.amper-aufsperrdienst.de\/en\/","name":"Locksmith for Munich, Dachau and F\u00fcrstenfeldbruck","description":"Amper Aufsperrdienst","potentialAction":[{"@type":"SearchAction","target":{"@type":"EntryPoint","urlTemplate":"https:\/\/www.amper-aufsperrdienst.de\/en\/?s={search_term_string}"},"query-input":{"@type":"PropertyValueSpecification","valueRequired":true,"valueName":"search_term_string"}}],"inLanguage":"en-US"}]}},"_links":{"self":[{"href":"https:\/\/www.amper-aufsperrdienst.de\/en\/wp-json\/wp\/v2\/pages\/12086","targetHints":{"allow":["GET"]}}],"collection":[{"href":"https:\/\/www.amper-aufsperrdienst.de\/en\/wp-json\/wp\/v2\/pages"}],"about":[{"href":"https:\/\/www.amper-aufsperrdienst.de\/en\/wp-json\/wp\/v2\/types\/page"}],"author":[{"embeddable":true,"href":"https:\/\/www.amper-aufsperrdienst.de\/en\/wp-json\/wp\/v2\/users\/2"}],"replies":[{"embeddable":true,"href":"https:\/\/www.amper-aufsperrdienst.de\/en\/wp-json\/wp\/v2\/comments?post=12086"}],"version-history":[{"count":2,"href":"https:\/\/www.amper-aufsperrdienst.de\/en\/wp-json\/wp\/v2\/pages\/12086\/revisions"}],"predecessor-version":[{"id":12095,"href":"https:\/\/www.amper-aufsperrdienst.de\/en\/wp-json\/wp\/v2\/pages\/12086\/revisions\/12095"}],"wp:attachment":[{"href":"https:\/\/www.amper-aufsperrdienst.de\/en\/wp-json\/wp\/v2\/media?parent=12086"}],"curies":[{"name":"wp","href":"https:\/\/api.w.org\/{rel}","templated":true}]}}