{"id":12131,"date":"2017-08-30T21:40:27","date_gmt":"2017-08-30T19:40:27","guid":{"rendered":"https:\/\/www.amper-aufsperrdienst.de\/locksmith-kuehbach\/"},"modified":"2026-01-28T10:11:15","modified_gmt":"2026-01-28T08:11:15","slug":"locksmith-kuehbach","status":"publish","type":"page","link":"https:\/\/www.amper-aufsperrdienst.de\/en\/locksmith-kuehbach\/","title":{"rendered":"Locksmith K\u00fchbach"},"content":{"rendered":"<p><img loading=\"lazy\" decoding=\"async\" class=\"alignleft\" style=\"margin-bottom: 5px !important;\" src=\"https:\/\/www.amper-aufsperrdienst.de\/wp-content\/uploads\/2021\/03\/schluesseldienst-kuehbach-festpreis-ab-52-siegel.jpg\" alt=\"Amper Locksmith Opening Service kuehbach with fixed price from 52,- EUR\" width=\"250\" height=\"250\" \/><\/p>\n<p>Of course, it&#8217;s an annoying situation: you just stepped out of the house to run an errand, and the door slammed shut. A key? Unfortunately, you didn&#8217;t take it with you! In these and similar emergencies, it&#8217;s crucial to stay calm and contact a professional and reliable locksmith service! Amper Locksmith Service is a fast locksmith in the K\u00fchbach area and offers damage-free door openings at a fair fixed price. Call us 24\/7, free of charge! We&#8217;re happy to advise you and provide a binding and affordable fixed-price quote right over the phone!<\/p>\n          <!-- tarif -->\n<h2><b><span style=\"vertical-align: inherit;\"><span style=\"vertical-align: inherit;\">Our binding fixed prices start from \u20ac52.<\/span><\/span><\/b><\/h2>\n<p>Amper Locksmith Service is a fair locksmith service with transparent fixed prices:<\/p>\n<div class=\"table-title\">\n\tPRICE LIST  UNLOCK\n<\/div>\n<!-- Table part-->\n<table class=\"table\">\n  <thead class=\"header\">\n\t  <tr>\n     \t <th scope=\"col\">Time<\/th>\n     \t <th scope=\"col\">8 - 18<\/th>\n     \t <th scope=\"col\">18 - 22<\/th>\n     \t <th scope=\"col\">22 - 8<\/th>\n\t<\/tr>\n  <\/thead>\n  <tbody>\n     \t  <tr class=\"weekdays\">\n     \t  \t  <td class=\"tag\" data-label=\"Time\">Mo - Fr<\/td>\n     \t  \t  <td class=\"hrs tag\" data-label=\"8 - 18\">52,- \u20ac<\/td>\n     \t  \t  <td class=\"tag space\" data-label=\"18 - 22\">82,- \u20ac<\/td>\n     \t  \t  <td data-label=\"22 - 8\">95,- \u20ac<\/td>\n     \t  <\/tr>\n     <tr class=\"weekends\">\n     \t  \t  <td class=\"tag\" data-label=\"Time\">Sa<\/td>\n     \t  \t  <td class=\"tag\" data-label=\"8 - 18\">95,- \u20ac<\/td>\n     \t  \t  <td class=\"tag\" data-label=\"18 - 22\">95,- \u20ac<\/td>\n     \t  \t  <td data-label=\"22 - 8\">125,- \u20ac<\/td>\n     \t  <\/tr>\n     <tr class=\"holidays\">\n     \t  \t  <td class=\"tag\" data-label=\"Time\">So & holiday<\/td>\n     \t  \t  <td class=\"tag\" data-label=\"8 - 18\">125,- \u20ac<\/td>\n     \t  \t  <td class=\"tag\" data-label=\"18 - 22\">125,-\u20ac<\/td>\n     \t  \t  <td data-label=\"22 - 8\">125,-\u20ac<\/td>\n     \t  <\/tr>\n     <\/tbody>\n<\/table>\n<!-- Table Description-->\n<div class=\"table-description\">\n\t<em>Please call to inquire about travel costs.<\/em>\n<\/div>\n<!-- Wordings below -->\n<div class=\"wordings\">\n<p>The prices listed in this table are binding for unlocking a door that has slammed shut or been pulled shut (without self-locking mechanisms). Please feel free to contact us if you would like a price quote for other locksmith services. We will gladly provide you with a transparent, fixed-price offer.<\/p>\n<\/div>\n\n<!-- END Wordings -->\n\n\n\n<div class=\"ansprech\">Our 24-hour emergency hotline for K\u00fchbach<br \/>\n<h3 class=\"phone mobilesOnly\"><a href=\"tel:+498000131131\">0800 \/ 0 131 131<\/a><\/h3><h3 class=\"phone desktopOnly\"><a href=\"tel:+498000131131\">0800 \/ 0 131 131<\/a><\/h3> Free of charge and available at any time!<\/div>\n<h2>The market town of K\u00fchbach in the district of Aichach-Friedberg<\/h2>\n<p>The market town of K\u00fchbach is the seat of the K\u00fchbach administrative community and belongs to the district of Aichach-Friedberg. It has a population of over 4,200 and covers an area of \u200b\u200b37.5 square kilometers.<\/p>\n<p>The market town of K\u00fchbach is subdivided into the following districts: Abtism\u00fchle, Gro\u00dfhausen, Haslangkreit, K\u00fchbach, Mangelsdorf, Mittelham, Obersch\u00f6nbach, Oedm\u00fchle, Paar, Radersdorf, Radersdorf Bahnhof, Rettenbach, Sedlhof, Stockensau, Unterbernbach, Untersch\u00f6nbach, and Winden.<\/p>\n<p>K\u00fchbach&#8217;s neighboring municipalities are Schiltberg to the south, Aichach to the southwest, Inchenhofen to the east, and P\u00f6ttmes to the north. The district of Neuburg-Schrobenhausen lies to the east and northeast of K\u00fchbach.<\/p>\n<h2>K\u00fchbach Locksmith: Door Opening at a Fixed Price<\/h2>\n<p>Have you locked yourself out in K\u00fchbach or one of its districts and urgently need a reliable locksmith service that will open your door professionally and without damage at a fixed price? Feel free to call us anytime, free of charge! We are available 24\/7 and will gladly provide you with a competitive fixed price quote when you call. Our fixed prices are fixed! They are irrevocable and will not be increased after the work is completed.<\/p>\n<h2>Available even on holidays<\/h2>\n<p>As a genuine emergency locksmith service, we offer 24-hour emergency service and a free 24-hour emergency hotline. So don&#8217;t worry if you find yourself locked out late at night on a holiday! We&#8217;ll help you even when other locksmiths, who only operate at certain times, are already asleep! We&#8217;re available around the clock, 365 days a year! Even the worst weather can&#8217;t stop us from helping you as quickly as possible!<\/p>\n<h2>Credentials<\/h2>\n<p>As professional locksmiths in K\u00fchbach, we would like to point out that our locksmiths will only perform non-destructive door openings if you can clearly prove your authorization to open the door. If this proof cannot be provided, we are required to unlock your door in the presence of the police. We see no other option! We make no exceptions! We do not want to be involved in any fraudulent activity. Professional locksmiths always verify authorization. Those who fail to do so are anything but professional.<\/p>\n<p>Are you looking for a competent, experienced, and affordable locksmith in K\u00fchbach? Call us now, free of charge! Amper Locksmith Service will help you as quickly as possible and adheres to the fixed prices we quote. We use only professional locksmith tools for our door openings. Our employees are friendly, reliable, and highly trained. Experience our service for yourself!<\/p>\n<div class=\"ansprech\">Our 24-hour emergency hotline for K\u00fchbach<br \/>\n<h3 class=\"phone mobilesOnly\"><a href=\"tel:+498000131131\">0800 \/ 0 131 131<\/a><\/h3><h3 class=\"phone desktopOnly\"><a href=\"tel:+498000131131\">0800 \/ 0 131 131<\/a><\/h3> Free of charge and available at any time!<\/div>\n","protected":false},"excerpt":{"rendered":"<p>Of course, it&#8217;s an annoying situation: you just stepped out of the house to run an errand, and the door slammed shut. A key? Unfortunately, you didn&#8217;t take it with you! In these and similar emergencies, it&#8217;s crucial to stay calm and contact a professional and reliable locksmith service! Amper Locksmith Service is a fast [&hellip;]<\/p>\n","protected":false},"author":2,"featured_media":10837,"parent":0,"menu_order":0,"comment_status":"closed","ping_status":"closed","template":"","meta":{"footnotes":"","_links_to":"","_links_to_target":""},"class_list":["post-12131","page","type-page","status-publish","has-post-thumbnail","hentry"],"yoast_head":"<!-- This site is optimized with the Yoast SEO plugin v27.4 - https:\/\/yoast.com\/product\/yoast-seo-wordpress\/ -->\n<title>Locksmith K\u00fchbach: from \u20ac52,- fixed price (binding)<\/title>\n<meta name=\"description\" content=\"Professional locksmith service in K\u00fchbach for non-destructive door opening at a low fixed price: free telephone number, 24-hour service &amp; friendly staff\" \/>\n<meta name=\"robots\" content=\"index, follow, max-snippet:-1, max-image-preview:large, max-video-preview:-1\" \/>\n<link rel=\"canonical\" href=\"https:\/\/www.amper-aufsperrdienst.de\/en\/locksmith-kuehbach\/\" \/>\n<meta property=\"og:locale\" content=\"en_US\" \/>\n<meta property=\"og:type\" content=\"article\" \/>\n<meta property=\"og:title\" content=\"Locksmith K\u00fchbach: from \u20ac52,- fixed price (binding)\" \/>\n<meta property=\"og:description\" content=\"Professional locksmith service in K\u00fchbach for non-destructive door opening at a low fixed price: free telephone number, 24-hour service &amp; friendly staff\" \/>\n<meta property=\"og:url\" content=\"https:\/\/www.amper-aufsperrdienst.de\/en\/locksmith-kuehbach\/\" \/>\n<meta property=\"og:site_name\" content=\"Locksmith for Munich, Dachau and F\u00fcrstenfeldbruck\" \/>\n<meta property=\"article:modified_time\" content=\"2026-01-28T08:11:15+00:00\" \/>\n<meta property=\"og:image\" content=\"https:\/\/www.amper-aufsperrdienst.de\/wp-content\/uploads\/2014\/12\/header-aichach.jpg\" \/>\n\t<meta property=\"og:image:width\" content=\"960\" \/>\n\t<meta property=\"og:image:height\" content=\"360\" \/>\n\t<meta property=\"og:image:type\" content=\"image\/jpeg\" \/>\n<meta name=\"twitter:label1\" content=\"Est. reading time\" \/>\n\t<meta name=\"twitter:data1\" content=\"4 minutes\" \/>\n<script type=\"application\/ld+json\" class=\"yoast-schema-graph\">{\"@context\":\"https:\\\/\\\/schema.org\",\"@graph\":[{\"@type\":\"WebPage\",\"@id\":\"https:\\\/\\\/www.amper-aufsperrdienst.de\\\/en\\\/locksmith-kuehbach\\\/\",\"url\":\"https:\\\/\\\/www.amper-aufsperrdienst.de\\\/en\\\/locksmith-kuehbach\\\/\",\"name\":\"Locksmith K\u00fchbach: from \u20ac52,- fixed price (binding)\",\"isPartOf\":{\"@id\":\"https:\\\/\\\/www.amper-aufsperrdienst.de\\\/en\\\/#website\"},\"primaryImageOfPage\":{\"@id\":\"https:\\\/\\\/www.amper-aufsperrdienst.de\\\/en\\\/locksmith-kuehbach\\\/#primaryimage\"},\"image\":{\"@id\":\"https:\\\/\\\/www.amper-aufsperrdienst.de\\\/en\\\/locksmith-kuehbach\\\/#primaryimage\"},\"thumbnailUrl\":\"https:\\\/\\\/www.amper-aufsperrdienst.de\\\/wp-content\\\/uploads\\\/2014\\\/12\\\/header-aichach.jpg\",\"datePublished\":\"2017-08-30T19:40:27+00:00\",\"dateModified\":\"2026-01-28T08:11:15+00:00\",\"description\":\"Professional locksmith service in K\u00fchbach for non-destructive door opening at a low fixed price: free telephone number, 24-hour service & friendly staff\",\"breadcrumb\":{\"@id\":\"https:\\\/\\\/www.amper-aufsperrdienst.de\\\/en\\\/locksmith-kuehbach\\\/#breadcrumb\"},\"inLanguage\":\"en-US\",\"potentialAction\":[{\"@type\":\"ReadAction\",\"target\":[\"https:\\\/\\\/www.amper-aufsperrdienst.de\\\/en\\\/locksmith-kuehbach\\\/\"]}]},{\"@type\":\"ImageObject\",\"inLanguage\":\"en-US\",\"@id\":\"https:\\\/\\\/www.amper-aufsperrdienst.de\\\/en\\\/locksmith-kuehbach\\\/#primaryimage\",\"url\":\"https:\\\/\\\/www.amper-aufsperrdienst.de\\\/wp-content\\\/uploads\\\/2014\\\/12\\\/header-aichach.jpg\",\"contentUrl\":\"https:\\\/\\\/www.amper-aufsperrdienst.de\\\/wp-content\\\/uploads\\\/2014\\\/12\\\/header-aichach.jpg\",\"width\":960,\"height\":360},{\"@type\":\"BreadcrumbList\",\"@id\":\"https:\\\/\\\/www.amper-aufsperrdienst.de\\\/en\\\/locksmith-kuehbach\\\/#breadcrumb\",\"itemListElement\":[{\"@type\":\"ListItem\",\"position\":1,\"name\":\"Home\",\"item\":\"https:\\\/\\\/www.amper-aufsperrdienst.de\\\/en\\\/\"},{\"@type\":\"ListItem\",\"position\":2,\"name\":\"Locksmith K\u00fchbach\"}]},{\"@type\":\"WebSite\",\"@id\":\"https:\\\/\\\/www.amper-aufsperrdienst.de\\\/en\\\/#website\",\"url\":\"https:\\\/\\\/www.amper-aufsperrdienst.de\\\/en\\\/\",\"name\":\"Locksmith for Munich, Dachau and F\u00fcrstenfeldbruck\",\"description\":\"Amper Aufsperrdienst\",\"potentialAction\":[{\"@type\":\"SearchAction\",\"target\":{\"@type\":\"EntryPoint\",\"urlTemplate\":\"https:\\\/\\\/www.amper-aufsperrdienst.de\\\/en\\\/?s={search_term_string}\"},\"query-input\":{\"@type\":\"PropertyValueSpecification\",\"valueRequired\":true,\"valueName\":\"search_term_string\"}}],\"inLanguage\":\"en-US\"}]}<\/script>\n<!-- \/ Yoast SEO plugin. -->","yoast_head_json":{"title":"Locksmith K\u00fchbach: from \u20ac52,- fixed price (binding)","description":"Professional locksmith service in K\u00fchbach for non-destructive door opening at a low fixed price: free telephone number, 24-hour service & friendly staff","robots":{"index":"index","follow":"follow","max-snippet":"max-snippet:-1","max-image-preview":"max-image-preview:large","max-video-preview":"max-video-preview:-1"},"canonical":"https:\/\/www.amper-aufsperrdienst.de\/en\/locksmith-kuehbach\/","og_locale":"en_US","og_type":"article","og_title":"Locksmith K\u00fchbach: from \u20ac52,- fixed price (binding)","og_description":"Professional locksmith service in K\u00fchbach for non-destructive door opening at a low fixed price: free telephone number, 24-hour service & friendly staff","og_url":"https:\/\/www.amper-aufsperrdienst.de\/en\/locksmith-kuehbach\/","og_site_name":"Locksmith for Munich, Dachau and F\u00fcrstenfeldbruck","article_modified_time":"2026-01-28T08:11:15+00:00","og_image":[{"width":960,"height":360,"url":"https:\/\/www.amper-aufsperrdienst.de\/wp-content\/uploads\/2014\/12\/header-aichach.jpg","type":"image\/jpeg"}],"twitter_misc":{"Est. reading time":"4 minutes"},"schema":{"@context":"https:\/\/schema.org","@graph":[{"@type":"WebPage","@id":"https:\/\/www.amper-aufsperrdienst.de\/en\/locksmith-kuehbach\/","url":"https:\/\/www.amper-aufsperrdienst.de\/en\/locksmith-kuehbach\/","name":"Locksmith K\u00fchbach: from \u20ac52,- fixed price (binding)","isPartOf":{"@id":"https:\/\/www.amper-aufsperrdienst.de\/en\/#website"},"primaryImageOfPage":{"@id":"https:\/\/www.amper-aufsperrdienst.de\/en\/locksmith-kuehbach\/#primaryimage"},"image":{"@id":"https:\/\/www.amper-aufsperrdienst.de\/en\/locksmith-kuehbach\/#primaryimage"},"thumbnailUrl":"https:\/\/www.amper-aufsperrdienst.de\/wp-content\/uploads\/2014\/12\/header-aichach.jpg","datePublished":"2017-08-30T19:40:27+00:00","dateModified":"2026-01-28T08:11:15+00:00","description":"Professional locksmith service in K\u00fchbach for non-destructive door opening at a low fixed price: free telephone number, 24-hour service & friendly staff","breadcrumb":{"@id":"https:\/\/www.amper-aufsperrdienst.de\/en\/locksmith-kuehbach\/#breadcrumb"},"inLanguage":"en-US","potentialAction":[{"@type":"ReadAction","target":["https:\/\/www.amper-aufsperrdienst.de\/en\/locksmith-kuehbach\/"]}]},{"@type":"ImageObject","inLanguage":"en-US","@id":"https:\/\/www.amper-aufsperrdienst.de\/en\/locksmith-kuehbach\/#primaryimage","url":"https:\/\/www.amper-aufsperrdienst.de\/wp-content\/uploads\/2014\/12\/header-aichach.jpg","contentUrl":"https:\/\/www.amper-aufsperrdienst.de\/wp-content\/uploads\/2014\/12\/header-aichach.jpg","width":960,"height":360},{"@type":"BreadcrumbList","@id":"https:\/\/www.amper-aufsperrdienst.de\/en\/locksmith-kuehbach\/#breadcrumb","itemListElement":[{"@type":"ListItem","position":1,"name":"Home","item":"https:\/\/www.amper-aufsperrdienst.de\/en\/"},{"@type":"ListItem","position":2,"name":"Locksmith K\u00fchbach"}]},{"@type":"WebSite","@id":"https:\/\/www.amper-aufsperrdienst.de\/en\/#website","url":"https:\/\/www.amper-aufsperrdienst.de\/en\/","name":"Locksmith for Munich, Dachau and F\u00fcrstenfeldbruck","description":"Amper Aufsperrdienst","potentialAction":[{"@type":"SearchAction","target":{"@type":"EntryPoint","urlTemplate":"https:\/\/www.amper-aufsperrdienst.de\/en\/?s={search_term_string}"},"query-input":{"@type":"PropertyValueSpecification","valueRequired":true,"valueName":"search_term_string"}}],"inLanguage":"en-US"}]}},"_links":{"self":[{"href":"https:\/\/www.amper-aufsperrdienst.de\/en\/wp-json\/wp\/v2\/pages\/12131","targetHints":{"allow":["GET"]}}],"collection":[{"href":"https:\/\/www.amper-aufsperrdienst.de\/en\/wp-json\/wp\/v2\/pages"}],"about":[{"href":"https:\/\/www.amper-aufsperrdienst.de\/en\/wp-json\/wp\/v2\/types\/page"}],"author":[{"embeddable":true,"href":"https:\/\/www.amper-aufsperrdienst.de\/en\/wp-json\/wp\/v2\/users\/2"}],"replies":[{"embeddable":true,"href":"https:\/\/www.amper-aufsperrdienst.de\/en\/wp-json\/wp\/v2\/comments?post=12131"}],"version-history":[{"count":1,"href":"https:\/\/www.amper-aufsperrdienst.de\/en\/wp-json\/wp\/v2\/pages\/12131\/revisions"}],"predecessor-version":[{"id":12140,"href":"https:\/\/www.amper-aufsperrdienst.de\/en\/wp-json\/wp\/v2\/pages\/12131\/revisions\/12140"}],"wp:featuredmedia":[{"embeddable":true,"href":"https:\/\/www.amper-aufsperrdienst.de\/en\/wp-json\/wp\/v2\/media\/10837"}],"wp:attachment":[{"href":"https:\/\/www.amper-aufsperrdienst.de\/en\/wp-json\/wp\/v2\/media?parent=12131"}],"curies":[{"name":"wp","href":"https:\/\/api.w.org\/{rel}","templated":true}]}}