{"id":12136,"date":"2017-12-03T11:44:22","date_gmt":"2017-12-03T09:44:22","guid":{"rendered":"https:\/\/www.amper-aufsperrdienst.de\/schluesseldienst-au-in-der-hallertau\/"},"modified":"2026-01-27T08:31:09","modified_gmt":"2026-01-27T06:31:09","slug":"locksmith-au-in-der-hallertau","status":"publish","type":"page","link":"https:\/\/www.amper-aufsperrdienst.de\/en\/locksmith-au-in-der-hallertau\/","title":{"rendered":"Locksmith in Au in der Hallertau"},"content":{"rendered":"<p><img loading=\"lazy\" decoding=\"async\" class=\"alignleft\" style=\"margin-bottom: 5px !important;\" src=\"https:\/\/www.amper-aufsperrdienst.de\/wp-content\/uploads\/2021\/03\/schluesseldienst-au-in-der-hallertau-festpreis-ab-52-siegel.jpg\" alt=\"Locksmith Amper - locksmith service in Au-in-der-Hallertau with a fixed price starting from \u20ac52.\" width=\"250\" height=\"250\" \/><\/p>\n<p>Are you a resident of Au in der Hallertau and currently locked out? Do you urgently need an experienced, fair, and fast locksmith who can offer damage-free door openings at a fixed price? If so, Amper Locksmith Service is the right choice. As a third-generation locksmith service in Au in der Hallertau, we offer our customers a fixed-price guarantee on our lockout services. After you contact us, we&#8217;ll set off immediately to get you out of your predicament as quickly as possible. We typically need no more than about 30 minutes.<\/p>\n          <!-- tarif -->\n<h2><b><span style=\"vertical-align: inherit;\"><span style=\"vertical-align: inherit;\">Our binding fixed prices start from \u20ac52.<\/span><\/span><\/b><\/h2>\n<p>Amper Locksmith Service is a fair locksmith service with transparent fixed prices:<\/p>\n<div class=\"table-title\">\n\tPRICE LIST  UNLOCK\n<\/div>\n<!-- Table part-->\n<table class=\"table\">\n  <thead class=\"header\">\n\t  <tr>\n     \t <th scope=\"col\">Time<\/th>\n     \t <th scope=\"col\">8 - 18<\/th>\n     \t <th scope=\"col\">18 - 22<\/th>\n     \t <th scope=\"col\">22 - 8<\/th>\n\t<\/tr>\n  <\/thead>\n  <tbody>\n     \t  <tr class=\"weekdays\">\n     \t  \t  <td class=\"tag\" data-label=\"Time\">Mo - Fr<\/td>\n     \t  \t  <td class=\"hrs tag\" data-label=\"8 - 18\">52,- \u20ac<\/td>\n     \t  \t  <td class=\"tag space\" data-label=\"18 - 22\">82,- \u20ac<\/td>\n     \t  \t  <td data-label=\"22 - 8\">95,- \u20ac<\/td>\n     \t  <\/tr>\n     <tr class=\"weekends\">\n     \t  \t  <td class=\"tag\" data-label=\"Time\">Sa<\/td>\n     \t  \t  <td class=\"tag\" data-label=\"8 - 18\">95,- \u20ac<\/td>\n     \t  \t  <td class=\"tag\" data-label=\"18 - 22\">95,- \u20ac<\/td>\n     \t  \t  <td data-label=\"22 - 8\">125,- \u20ac<\/td>\n     \t  <\/tr>\n     <tr class=\"holidays\">\n     \t  \t  <td class=\"tag\" data-label=\"Time\">So & holiday<\/td>\n     \t  \t  <td class=\"tag\" data-label=\"8 - 18\">125,- \u20ac<\/td>\n     \t  \t  <td class=\"tag\" data-label=\"18 - 22\">125,-\u20ac<\/td>\n     \t  \t  <td data-label=\"22 - 8\">125,-\u20ac<\/td>\n     \t  <\/tr>\n     <\/tbody>\n<\/table>\n<!-- Table Description-->\n<div class=\"table-description\">\n\t<em>Please call to inquire about travel costs.<\/em>\n<\/div>\n<!-- Wordings below -->\n<div class=\"wordings\">\n<p>The prices listed in this table are binding for unlocking a door that has slammed shut or been pulled shut (without self-locking mechanisms). Please feel free to contact us if you would like a price quote for other locksmith services. We will gladly provide you with a transparent, fixed-price offer.<\/p>\n<\/div>\n\n<!-- END Wordings -->\n\n\n\n<div class=\"ansprech\">Professional locksmith service in Au in der Hallertau with freephone number<br \/>\n<h3 class=\"phone mobilesOnly\"><a href=\"tel:+498000131131\">0800 \/ 0 131 131<\/a><\/h3><h3 class=\"phone desktopOnly\"><a href=\"tel:+498000131131\">0800 \/ 0 131 131<\/a><\/h3>Available 24\/7, fixed price guarantee for damage-free door opening<\/div>\n<h2>The market town of Au in der Hallertau in the district of Freising<\/h2>\n<p>The market town of Au in der Hallertau is located, as the name suggests, in the Hallertau, the largest hop-growing region in Germany. It belongs to the Upper Bavarian district of Freising and is home to approximately 5,900 people. The postal code for the town is 84072, and the area code is 08752.<\/p>\n<p>The following districts belong to Au in der Hallertau: Abens, Dellnhausen, Dobl, Grubanger, G\u00fcnzenhausen, Haarbach, Halsberg, Harham, Haslach, Held, Hemhausen, Herbersdorf, Hirnkirchen, Hofen, Holzhof, Holzmair (near Haslach), Holzmair (near Reichertshausen), Holzschmud, Kleintonhof, K\u00f6nigsg\u00fctler, Kranzberg, Kreiden, K\u00fcrzling, Leitersdorf, M\u00f6sbuch, Mooshof, Neuhub, Neuhuber, Osseltshausen, Osterwaal, Piedendorf, Reichertshausen, Rohregg, Rudertshausen, Schausgrub, Scheckenhausen, Seysdorf, Sillertshausen, Sindorf, Trillhof, Willertshausen, Wolfersdorf, and Zimmerhans.<\/p>\n<h2>Locksmith Au in der Hallertau: Professional Locksmith Services at a Fair Fixed Price<\/h2>\n<p>Do you need a locksmith in Au in der Hallertau or one of the districts mentioned above who works professionally and at a fair fixed price? Call us free of charge, any day of the week, any time of day. We are available around the clock and will give you a binding fixed price quote right from your initial free emergency call. And with us, fixed prices really are fixed prices. There are no hidden costs; otherwise, we wouldn&#8217;t have so many 5-star reviews from our customers!<\/p>\n<h2>Friendly Locksmiths with Skilled Craftsmanship<\/h2>\n<p>The Amper Locksmith Service team consists exclusively of skilled, highly trained, friendly, reliable, and fast employees. They know their trade inside and out and always carry the best locksmith tools. And of course, they know how to use them. Otherwise, we would not be able to achieve a 99% success rate of unlocking locks without causing damage to the lock, frame, or door.<\/p>\n<p>Have you locked yourself out and need a professional locksmith on-site as quickly as possible who can offer you non-destructive door unlocking at a fixed price? Amper Locksmith Service is a highly professional, fast, and experienced locksmith in Au in der Hallertau. We have already unlocked thousands of front doors without causing any damage and have a long tradition: we are now in our third generation as an emergency locksmith service, available even at night and on public holidays!<\/p>\n<div class=\"ansprech\">Professional locksmith service in Au in der Hallertau with freephone number<br \/>\n<h3 class=\"phone mobilesOnly\"><a href=\"tel:+498000131131\">0800 \/ 0 131 131<\/a><\/h3><h3 class=\"phone desktopOnly\"><a href=\"tel:+498000131131\">0800 \/ 0 131 131<\/a><\/h3>Available 24\/7, fixed price guarantee for damage-free door opening<\/div>\n","protected":false},"excerpt":{"rendered":"<p>Are you a resident of Au in der Hallertau and currently locked out? Do you urgently need an experienced, fair, and fast locksmith who can offer damage-free door openings at a fixed price? If so, Amper Locksmith Service is the right choice. As a third-generation locksmith service in Au in der Hallertau, we offer our [&hellip;]<\/p>\n","protected":false},"author":2,"featured_media":11004,"parent":0,"menu_order":0,"comment_status":"closed","ping_status":"closed","template":"","meta":{"footnotes":"","_links_to":"","_links_to_target":""},"class_list":["post-12136","page","type-page","status-publish","has-post-thumbnail","hentry"],"yoast_head":"<!-- This site is optimized with the Yoast SEO plugin v27.4 - https:\/\/yoast.com\/product\/yoast-seo-wordpress\/ -->\n<title>Locksmith in Au in der Hallertau: fixed price starting from \u20ac52.<\/title>\n<meta name=\"description\" content=\"Fast locksmith service in Au in der Hallertau for non-destructive door opening at a fixed price: free emergency hotline &amp; 24\/7 service. Even at night &amp; on public holidays!\" \/>\n<meta name=\"robots\" content=\"index, follow, max-snippet:-1, max-image-preview:large, max-video-preview:-1\" \/>\n<link rel=\"canonical\" href=\"https:\/\/www.amper-aufsperrdienst.de\/en\/locksmith-au-in-der-hallertau\/\" \/>\n<meta property=\"og:locale\" content=\"en_US\" \/>\n<meta property=\"og:type\" content=\"article\" \/>\n<meta property=\"og:title\" content=\"Locksmith in Au in der Hallertau: fixed price starting from \u20ac52.\" \/>\n<meta property=\"og:description\" content=\"Fast locksmith service in Au in der Hallertau for non-destructive door opening at a fixed price: free emergency hotline &amp; 24\/7 service. Even at night &amp; on public holidays!\" \/>\n<meta property=\"og:url\" content=\"https:\/\/www.amper-aufsperrdienst.de\/en\/locksmith-au-in-der-hallertau\/\" \/>\n<meta property=\"og:site_name\" content=\"Locksmith for Munich, Dachau and F\u00fcrstenfeldbruck\" \/>\n<meta property=\"article:modified_time\" content=\"2026-01-27T06:31:09+00:00\" \/>\n<meta property=\"og:image\" content=\"https:\/\/www.amper-aufsperrdienst.de\/wp-content\/uploads\/2014\/12\/header-freising.jpg\" \/>\n\t<meta property=\"og:image:width\" content=\"960\" \/>\n\t<meta property=\"og:image:height\" content=\"360\" \/>\n\t<meta property=\"og:image:type\" content=\"image\/jpeg\" \/>\n<meta name=\"twitter:label1\" content=\"Est. reading time\" \/>\n\t<meta name=\"twitter:data1\" content=\"4 minutes\" \/>\n<script type=\"application\/ld+json\" class=\"yoast-schema-graph\">{\"@context\":\"https:\\\/\\\/schema.org\",\"@graph\":[{\"@type\":\"WebPage\",\"@id\":\"https:\\\/\\\/www.amper-aufsperrdienst.de\\\/en\\\/locksmith-au-in-der-hallertau\\\/\",\"url\":\"https:\\\/\\\/www.amper-aufsperrdienst.de\\\/en\\\/locksmith-au-in-der-hallertau\\\/\",\"name\":\"Locksmith in Au in der Hallertau: fixed price starting from \u20ac52.\",\"isPartOf\":{\"@id\":\"https:\\\/\\\/www.amper-aufsperrdienst.de\\\/en\\\/#website\"},\"primaryImageOfPage\":{\"@id\":\"https:\\\/\\\/www.amper-aufsperrdienst.de\\\/en\\\/locksmith-au-in-der-hallertau\\\/#primaryimage\"},\"image\":{\"@id\":\"https:\\\/\\\/www.amper-aufsperrdienst.de\\\/en\\\/locksmith-au-in-der-hallertau\\\/#primaryimage\"},\"thumbnailUrl\":\"https:\\\/\\\/www.amper-aufsperrdienst.de\\\/wp-content\\\/uploads\\\/2014\\\/12\\\/header-freising.jpg\",\"datePublished\":\"2017-12-03T09:44:22+00:00\",\"dateModified\":\"2026-01-27T06:31:09+00:00\",\"description\":\"Fast locksmith service in Au in der Hallertau for non-destructive door opening at a fixed price: free emergency hotline & 24\\\/7 service. Even at night & on public holidays!\",\"breadcrumb\":{\"@id\":\"https:\\\/\\\/www.amper-aufsperrdienst.de\\\/en\\\/locksmith-au-in-der-hallertau\\\/#breadcrumb\"},\"inLanguage\":\"en-US\",\"potentialAction\":[{\"@type\":\"ReadAction\",\"target\":[\"https:\\\/\\\/www.amper-aufsperrdienst.de\\\/en\\\/locksmith-au-in-der-hallertau\\\/\"]}]},{\"@type\":\"ImageObject\",\"inLanguage\":\"en-US\",\"@id\":\"https:\\\/\\\/www.amper-aufsperrdienst.de\\\/en\\\/locksmith-au-in-der-hallertau\\\/#primaryimage\",\"url\":\"https:\\\/\\\/www.amper-aufsperrdienst.de\\\/wp-content\\\/uploads\\\/2014\\\/12\\\/header-freising.jpg\",\"contentUrl\":\"https:\\\/\\\/www.amper-aufsperrdienst.de\\\/wp-content\\\/uploads\\\/2014\\\/12\\\/header-freising.jpg\",\"width\":960,\"height\":360},{\"@type\":\"BreadcrumbList\",\"@id\":\"https:\\\/\\\/www.amper-aufsperrdienst.de\\\/en\\\/locksmith-au-in-der-hallertau\\\/#breadcrumb\",\"itemListElement\":[{\"@type\":\"ListItem\",\"position\":1,\"name\":\"Home\",\"item\":\"https:\\\/\\\/www.amper-aufsperrdienst.de\\\/en\\\/\"},{\"@type\":\"ListItem\",\"position\":2,\"name\":\"Locksmith in Au in der Hallertau\"}]},{\"@type\":\"WebSite\",\"@id\":\"https:\\\/\\\/www.amper-aufsperrdienst.de\\\/en\\\/#website\",\"url\":\"https:\\\/\\\/www.amper-aufsperrdienst.de\\\/en\\\/\",\"name\":\"Locksmith for Munich, Dachau and F\u00fcrstenfeldbruck\",\"description\":\"Amper Aufsperrdienst\",\"potentialAction\":[{\"@type\":\"SearchAction\",\"target\":{\"@type\":\"EntryPoint\",\"urlTemplate\":\"https:\\\/\\\/www.amper-aufsperrdienst.de\\\/en\\\/?s={search_term_string}\"},\"query-input\":{\"@type\":\"PropertyValueSpecification\",\"valueRequired\":true,\"valueName\":\"search_term_string\"}}],\"inLanguage\":\"en-US\"}]}<\/script>\n<!-- \/ Yoast SEO plugin. -->","yoast_head_json":{"title":"Locksmith in Au in der Hallertau: fixed price starting from \u20ac52.","description":"Fast locksmith service in Au in der Hallertau for non-destructive door opening at a fixed price: free emergency hotline & 24\/7 service. Even at night & on public holidays!","robots":{"index":"index","follow":"follow","max-snippet":"max-snippet:-1","max-image-preview":"max-image-preview:large","max-video-preview":"max-video-preview:-1"},"canonical":"https:\/\/www.amper-aufsperrdienst.de\/en\/locksmith-au-in-der-hallertau\/","og_locale":"en_US","og_type":"article","og_title":"Locksmith in Au in der Hallertau: fixed price starting from \u20ac52.","og_description":"Fast locksmith service in Au in der Hallertau for non-destructive door opening at a fixed price: free emergency hotline & 24\/7 service. Even at night & on public holidays!","og_url":"https:\/\/www.amper-aufsperrdienst.de\/en\/locksmith-au-in-der-hallertau\/","og_site_name":"Locksmith for Munich, Dachau and F\u00fcrstenfeldbruck","article_modified_time":"2026-01-27T06:31:09+00:00","og_image":[{"width":960,"height":360,"url":"https:\/\/www.amper-aufsperrdienst.de\/wp-content\/uploads\/2014\/12\/header-freising.jpg","type":"image\/jpeg"}],"twitter_misc":{"Est. reading time":"4 minutes"},"schema":{"@context":"https:\/\/schema.org","@graph":[{"@type":"WebPage","@id":"https:\/\/www.amper-aufsperrdienst.de\/en\/locksmith-au-in-der-hallertau\/","url":"https:\/\/www.amper-aufsperrdienst.de\/en\/locksmith-au-in-der-hallertau\/","name":"Locksmith in Au in der Hallertau: fixed price starting from \u20ac52.","isPartOf":{"@id":"https:\/\/www.amper-aufsperrdienst.de\/en\/#website"},"primaryImageOfPage":{"@id":"https:\/\/www.amper-aufsperrdienst.de\/en\/locksmith-au-in-der-hallertau\/#primaryimage"},"image":{"@id":"https:\/\/www.amper-aufsperrdienst.de\/en\/locksmith-au-in-der-hallertau\/#primaryimage"},"thumbnailUrl":"https:\/\/www.amper-aufsperrdienst.de\/wp-content\/uploads\/2014\/12\/header-freising.jpg","datePublished":"2017-12-03T09:44:22+00:00","dateModified":"2026-01-27T06:31:09+00:00","description":"Fast locksmith service in Au in der Hallertau for non-destructive door opening at a fixed price: free emergency hotline & 24\/7 service. Even at night & on public holidays!","breadcrumb":{"@id":"https:\/\/www.amper-aufsperrdienst.de\/en\/locksmith-au-in-der-hallertau\/#breadcrumb"},"inLanguage":"en-US","potentialAction":[{"@type":"ReadAction","target":["https:\/\/www.amper-aufsperrdienst.de\/en\/locksmith-au-in-der-hallertau\/"]}]},{"@type":"ImageObject","inLanguage":"en-US","@id":"https:\/\/www.amper-aufsperrdienst.de\/en\/locksmith-au-in-der-hallertau\/#primaryimage","url":"https:\/\/www.amper-aufsperrdienst.de\/wp-content\/uploads\/2014\/12\/header-freising.jpg","contentUrl":"https:\/\/www.amper-aufsperrdienst.de\/wp-content\/uploads\/2014\/12\/header-freising.jpg","width":960,"height":360},{"@type":"BreadcrumbList","@id":"https:\/\/www.amper-aufsperrdienst.de\/en\/locksmith-au-in-der-hallertau\/#breadcrumb","itemListElement":[{"@type":"ListItem","position":1,"name":"Home","item":"https:\/\/www.amper-aufsperrdienst.de\/en\/"},{"@type":"ListItem","position":2,"name":"Locksmith in Au in der Hallertau"}]},{"@type":"WebSite","@id":"https:\/\/www.amper-aufsperrdienst.de\/en\/#website","url":"https:\/\/www.amper-aufsperrdienst.de\/en\/","name":"Locksmith for Munich, Dachau and F\u00fcrstenfeldbruck","description":"Amper Aufsperrdienst","potentialAction":[{"@type":"SearchAction","target":{"@type":"EntryPoint","urlTemplate":"https:\/\/www.amper-aufsperrdienst.de\/en\/?s={search_term_string}"},"query-input":{"@type":"PropertyValueSpecification","valueRequired":true,"valueName":"search_term_string"}}],"inLanguage":"en-US"}]}},"_links":{"self":[{"href":"https:\/\/www.amper-aufsperrdienst.de\/en\/wp-json\/wp\/v2\/pages\/12136","targetHints":{"allow":["GET"]}}],"collection":[{"href":"https:\/\/www.amper-aufsperrdienst.de\/en\/wp-json\/wp\/v2\/pages"}],"about":[{"href":"https:\/\/www.amper-aufsperrdienst.de\/en\/wp-json\/wp\/v2\/types\/page"}],"author":[{"embeddable":true,"href":"https:\/\/www.amper-aufsperrdienst.de\/en\/wp-json\/wp\/v2\/users\/2"}],"replies":[{"embeddable":true,"href":"https:\/\/www.amper-aufsperrdienst.de\/en\/wp-json\/wp\/v2\/comments?post=12136"}],"version-history":[{"count":2,"href":"https:\/\/www.amper-aufsperrdienst.de\/en\/wp-json\/wp\/v2\/pages\/12136\/revisions"}],"predecessor-version":[{"id":12149,"href":"https:\/\/www.amper-aufsperrdienst.de\/en\/wp-json\/wp\/v2\/pages\/12136\/revisions\/12149"}],"wp:featuredmedia":[{"embeddable":true,"href":"https:\/\/www.amper-aufsperrdienst.de\/en\/wp-json\/wp\/v2\/media\/11004"}],"wp:attachment":[{"href":"https:\/\/www.amper-aufsperrdienst.de\/en\/wp-json\/wp\/v2\/media?parent=12136"}],"curies":[{"name":"wp","href":"https:\/\/api.w.org\/{rel}","templated":true}]}}